{"id":1477486,"date":"2025-11-11T12:32:58","date_gmt":"2025-11-11T12:32:58","guid":{"rendered":"https:\/\/talkpal.ai\/ezercizzji-tal-grammatika-albaniza\/"},"modified":"2025-12-30T15:39:17","modified_gmt":"2025-12-30T15:39:17","slug":"ezercizzji-tal-grammatika-albaniza","status":"publish","type":"page","link":"https:\/\/talkpal.ai\/mt\/ezercizzji-tal-grammatika-albaniza\/","title":{"rendered":"E\u017cer\u010bizzji tal-Grammatika Albani\u017ca"},"content":{"rendered":"\r\n\r\n\r\n<section class=\"languageChallengeSection\">\r\n    <div class=\"languageInfoWrapper\">\r\n        \r\n        <h1>E\u017cer\u010bizzji tal-Grammatika Albani\u017ca<\/h1>\r\n        <p>Lest biex tg\u0127addas fil-<a href=\"https:\/\/talkpal.ai\/albanian-grammar\/\">grammatika Albani\u017ca<\/a>? Il-prattika ta &#039;ftit affarijiet ba\u017ci\u010bi tg\u0127inek tikseb komdu b&#039;din il-lingwa unika u sabi\u0127a. Ipprova dawn l-e\u017cer\u010bizzji biex tibni l-kunfidenza tieg\u0127ek u tie\u0127u pja\u010bir matul it-triq!<\/p>\r\n\r\n                            <a class=\"getStartedHidden\" href=\"https:\/\/app.talkpal.ai\/signup?lng=\">Ibda<\/a>\r\n        \r\n    <\/div>\r\n\r\n    <figure>\r\n    <img decoding=\"async\" width=\"768\" height=\"768\" src=\"https:\/\/talkpal.ai\/wp-content\/uploads\/2023\/06\/welsh-768x768.png\" class=\"languageImage no-lazy\" alt=\"Language learning for better cognitive abilities\" fetchpriority=\"high\" sizes=\"(max-width: 768px) 150px, 768px\" srcset=\"https:\/\/talkpal.ai\/wp-content\/uploads\/2023\/06\/welsh-768x768.png 768w, https:\/\/talkpal.ai\/wp-content\/uploads\/2023\/06\/welsh-300x300.png 300w\" \/>\r\n    \r\n\r\n    <\/figure>\r\n\r\n            <a class=\"getStartedVisible\" href=\"https:\/\/app.talkpal.ai\/signup?lng=\">Ibda<\/a>\r\n    \r\n<\/section><section class=\"promotionalBanner\">\r\n    <p class=\"promotionalText\">L-aktar mod effi\u010bjenti biex titg\u0127allem lingwa<\/p>\r\n    <a class=\"promotionalLink\" href=\"https:\/\/app.talkpal.ai\/signup?lng=\">Ipprova Talkpal b&#8217;xejn<\/a>\r\n<\/section>\n<div class=\"wp-block-group pageContainerStyle\"><div class=\"wp-block-group__inner-container is-layout-constrained wp-block-group-is-layout-constrained\">\n<h2 class=\"wp-block-heading\" id=\"h-albanian-grammar-topics\">Su\u0121\u0121etti tal-Grammatika Albani\u017ca<\/h2>\n\n\n\n<p><a href=\"https:\/\/talkpal.ai\/mt\/l-akbar-zbalji-li-ghandek-tevita-meta-titghallem-lingwa-gdida\/\">It-tag\u0127lim ta &#8216;lingwa \u0121dida<\/a> jista&#8217; jkun sforz ta &#8216;sfida i\u017cda ta&#8217; sodisfazzjon. L-<a href=\"https:\/\/talkpal.ai\/learn-albanian\/\">Albani\u017c<\/a>, lingwa Indo-Ewropea mitkellma prin\u010bipalment fl-Albanija, mhix e\u010b\u010bezzjoni. Bil-karatteristi\u010bi u l-istrutturi uni\u010bi tieg\u0127u, <a href=\"https:\/\/talkpal.ai\/mt\/talkpal-ghall-edukazzjoni\/\">it-tag\u0127lim<\/a> tal-Albani\u017c je\u0127tie\u0121 appro\u010b\u010b sistematiku biex wie\u0127ed jifhem il-grammatika rikka tieg\u0127u. Din il-gwida tiddeskrivi l-oqsma ewlenin <a href=\"https:\/\/talkpal.ai\/mt\/grammatika-albaniza\/\">tal-grammatika Albani\u017ca<\/a> f&#8217;sekwenza lo\u0121ika <a href=\"https:\/\/talkpal.ai\/mt\/ai-chatbot-ghat-taghlim-tal-lingwa\/\">g\u0127at-tag\u0127lim tal-lingwi<\/a>, li tibda mill-affarijiet ba\u017ci\u010bi b\u0127al nomi u artikoli, u tavvanza g\u0127al oqsma aktar kumplessi b\u0127at-temp u l-kostruzzjoni tas-sentenzi.<\/p>\n\n\n\n<h3 class=\"wp-block-heading\" id=\"h-1-nouns\">1. Nomi:<\/h3>\n\n\n\n<p>Ibda l-vja\u0121\u0121 tieg\u0127ek bil-lingwa Albani\u017ca billi titg\u0127allem in-nomi. Dan jinkludi l-fehim tal-\u0121eneru u n-numru, nomi komuni u proprji, u l-forom plurali tag\u0127hom. Nomi Albani\u017ci wkoll inflect g\u0127al ka\u017c u g\u0127andhom kemm forom indefiniti kif ukoll definiti, b&#8217;definittivit\u00e0 spiss immarkata b&#8217;suffiss mehmu\u017c man-nom.<\/p>\n\n\n\n<h3 class=\"wp-block-heading\" id=\"h-2-articles\">2. Artikoli:<\/h3>\n\n\n\n<p>L-artikli bl-Albani\u017c ja\u0127dmu b&#8217;mod differenti <a href=\"https:\/\/talkpal.ai\/ai-english-speaking-practice\/\">mill-Ingli\u017c<\/a>. L-artiklu definit huwa tipikament suffiss mi\u017cjud man-nom, filwaqt li l-artiklu indefinit huwa l-kelma separata nj\u00eb fis-singular. L-Albani\u017c ju\u017ca wkoll artiklu li jg\u0127aqqad qabel l-a\u0121\u0121ettivi u f&#8217;\u010berti kostruzzjonijiet \u0121enittivi, li jaqbel fis-sess u n-numru.<\/p>\n\n\n\n<h3 class=\"wp-block-heading\" id=\"h-3-adjectives\">3. A\u0121\u0121ettivi:<\/h3>\n\n\n\n<p>L-a\u0121\u0121ettivi bl-Albani\u017c normalment isegwu n-nomi tag\u0127hom. Il-ftehim jintwera permezz tal-artiklu li jg\u0127aqqad qabel l-a\u0121\u0121ettiv, li jirrifletti s-sess, in-numru, u l-ka\u017c tan-nom. Tg\u0127allem kif tifforma komparattivi u superlattivi, komunement ma &#8216;m\u00eb g\u0127all-komparattiv u l-forma definita g\u0127as-superlattiv.<\/p>\n\n\n\n<h3 class=\"wp-block-heading\" id=\"h-4-pronouns-determiners\">4. Pronomi \/ Determinaturi:<\/h3>\n\n\n\n<p>Il-pronomi u d-determinanti huma essenzjali fl-Albani\u017c; Huma jissostitwixxu nomi u jipprovdu informazzjoni dwar persuna, pussess, kwantit\u00e0, u aktar. Oqg\u0127od attent \u0127afna g\u0127all-pronomi tal-o\u0121\u0121ett klitiku, li \u0127afna drabi jidhru qabel il-verb, u g\u0127ad-determinanti possessivi li jaqblu man-nom li jimmodifikaw.<\/p>\n\n\n\n<h3 class=\"wp-block-heading\" id=\"h-5-verbs\">5. Verbi:<\/h3>\n\n\n\n<p>Il-verbi Albani\u017ci jbiddlu l-forma g\u0127all-persuna u n-numru u jintu\u017caw f&#8217;diversi burdati b\u0127al indikattiv, subjunctive, imperattiv, kondizzjonali, u ammirattiv. Ibda bit-temp pre\u017centi u l-forom komuni tal-passat, imbag\u0127ad espandi g\u0127al burdati u vu\u010bijiet o\u0127ra, inklu\u017ci formazzjonijiet passivi.<\/p>\n\n\n\n<h3 class=\"wp-block-heading\" id=\"h-6-tenses\">6. Tempi:<\/h3>\n\n\n\n<p>Wara li tikkontrolla l-forom tal-verb, tid\u0127ol aktar fil-fond fit-tempi Albani\u017ci. It-tempijiet ewlenin jinkludu l-forom pre\u017centi, imperfetti, aoristi, perfetti pre\u017centi, pluperfetti, u futuri. Tg\u0127allem kif kull temp jintu\u017ca fil-kuntest biex jesprimi azzjonijiet kompluti, azzjonijiet tal-passat kontinwi, u avvenimenti futuri.<\/p>\n\n\n\n<h3 class=\"wp-block-heading\" id=\"h-7-tense-comparison\">7. Paragun tat-Tensjoni:<\/h3>\n\n\n\n<p>It-tqabbil tat-tempi fl-Albani\u017c jg\u0127in biex wie\u0127ed jifhem is-sekwenza u l-aspett tal-avvenimenti. Ikkuntrasta l-aorist mal-pre\u017cent perfett, u l-imperfett mal-aorist, biex tara kif l-Albani\u017c jiddistingwi azzjonijiet singoli kompluti, azzjonijiet passati kontinwi, u rilevanza pre\u017centi.<\/p>\n\n\n\n<h3 class=\"wp-block-heading\" id=\"h-8-progressive\">8. Progressiv:<\/h3>\n\n\n\n<p>L-aspett progressiv fl-Albani\u017c huwa komunement espress bil-parti\u010bella po qabel il-verb finit jew bl-istruttura jam duke segwit min-nom verbali jew parti\u010bipju. U\u017cahom biex tesprimi azzjonijiet li g\u0127addejjin fil-pre\u017cent jew fil-passat.<\/p>\n\n\n\n<h3 class=\"wp-block-heading\" id=\"h-9-perfect-progressive\">9. Progressiv Perfett:<\/h3>\n\n\n\n<p>Dan l-aspett jintu\u017ca biex jesprimi azzjonijiet li kienu g\u0127addejjin sa punt partikolari. Fl-Albani\u017c, huwa ffurmat b&#8217;kam qen\u00eb duke segwit mill-parti\u010bipju g\u0127all-pre\u017cent perfett progressiv, u kisha qen\u00eb duke g\u0127all-passat perfett progressiv.<\/p>\n\n\n\n<h3 class=\"wp-block-heading\" id=\"h-10-conditionals\">10. Kondizzjonali:<\/h3>\n\n\n\n<p>Il-kondizzjonali jesprimu sitwazzjonijiet ipoteti\u010bi u r-ri\u017cultati possibbli tag\u0127hom. L-Albani\u017c ju\u017ca forom b&#8217;do t\u00eb flimkien mal-forma tal-verb xierqa g\u0127al sitwazzjonijiet potenzjali jew irreali, u klaw\u017coli if-introdotti minn n\u00ebse jew po t\u00eb. Il-\u0127akma ta&#8217; dawn i\u017c\u017cid sfumaturi mal-\u0127iliet lingwisti\u010bi tieg\u0127ek.<\/p>\n\n\n\n<h3 class=\"wp-block-heading\" id=\"h-11-adverbs\">11. Avverbji:<\/h3>\n\n\n\n<p>L-avverbji fl-Albani\u017c jimmodifikaw verbi, a\u0121\u0121ettivi, jew avverbji o\u0127ra. Huma jipprovdu informazzjoni dwar il-mod, il-post, il-\u0127in, il-grad, u aktar, \u0127afna drabi ju\u017caw forom identi\u010bi g\u0127al a\u0121\u0121ettivi jew kliem avverbjali fissi b\u0127al tani, dje, k\u00ebtu, u atje.<\/p>\n\n\n\n<h3 class=\"wp-block-heading\" id=\"h-12-prepositions\">12. Prepo\u017cizzjonijiet:<\/h3>\n\n\n\n<p>Il-prepo\u017cizzjonijiet jorbtu kliem u fra\u017cijiet flimkien. Huma jesprimu relazzjonijiet ta &#8216;\u0127in, post, direzzjoni, u aktar, billi ju\u017caw o\u0121\u0121etti komuni b\u0127al n\u00eb, te, tek, me, pa, p\u00ebr, nga, mbi, n\u00ebn, para, u pas. Tg\u0127allem kif jing\u0127aqdu mal-ka\u017cijiet u l-artiklu li jg\u0127aqqad fi fra\u017cijiet nomali.<\/p>\n\n\n\n<h3 class=\"wp-block-heading\" id=\"h-13-sentences\">13. Sentenzi:<\/h3>\n\n\n\n<p>Fl-a\u0127\u0127arnett, ipprattika l-kostruzzjoni ta &#8216;sentenzi. L-Albani\u017c tipikament g\u0127andu ordni tal-kliem flessibbli b&#8217;mudell SVO komuni, ju\u017ca pronomi kliti\u010bi qabel il-verb, ji\u010b\u0127ad b&#8217;nuk, u jifforma mistoqsijiet bl-intonazzjoni jew b&#8217;a. L-u\u017cu tal-punti grammatikali kollha li tg\u0127allmu qabel fil-kuntest se ji\u017cgura fehim komprensiv tal-lingwa Albani\u017ca.<\/p>\n<\/div><\/div>\n\r\n<section class=\"learnNavigationSection\">\r\n            \r\n        <a href=\"https:\/\/talkpal.ai\/mt\/tghallem-l-albaniz\/\">\r\n            <div class=\"learnNavigationWrapper\">\r\n                <div class=\"learnNavigationContent\">\r\n                    <img decoding=\"async\" src=\"https:\/\/talkpal.ai\/wp-content\/uploads\/2025\/11\/Albanian.png\" alt=\"Albanian Flag\">\r\n                    <div>\r\n                        <h4>Dwar it-Tag\u0127lim tal-Albani\u017c<\/h4>\r\n                        <p>Sir af kollox dwar il-Grammatika Albani\u017ca.<\/p>\r\n                    <\/div>\r\n                <\/div>\r\n            <\/div>\r\n        <\/a>\r\n\r\n        \r\n        <a href=\"https:\/\/talkpal.ai\/mt\/grammatika-albaniza\/\">\r\n            <div class=\"learnNavigationWrapper\">\r\n                <div class=\"learnNavigationContent\">\r\n                    <img decoding=\"async\" src=\"https:\/\/talkpal.ai\/wp-content\/uploads\/2025\/11\/Albanian.png\" alt=\"Albanian Flag\">\r\n                    <div>\r\n                        <h4>Lezzjonijiet tal-Grammatika Albani\u017ca<\/h4>\r\n                        <p>Prattika l-grammatika Albani\u017ca.<\/p>\r\n                    <\/div>\r\n                <\/div>\r\n            <\/div>\r\n        <\/a>\r\n\r\n            <\/section>","protected":false},"excerpt":{"rendered":"<p>Su\u0121\u0121etti tal-Grammatika Albani\u017ca It-tag\u0127lim ta &#8216;lingwa \u0121dida jista&#8217; jkun sforz ta &#8216;sfida i\u017cda ta&#8217; sodisfazzjon. L-Albani\u017c, lingwa Indo-Ewropea mitkellma prin\u010bipalment fl-Albanija, mhix e\u010b\u010bezzjoni. Bil-karatteristi\u010bi u l-istrutturi uni\u010bi tieg\u0127u, it-tag\u0127lim tal-Albani\u017c je\u0127tie\u0121 appro\u010b\u010b sistematiku biex wie\u0127ed jifhem il-grammatika rikka tieg\u0127u. Din il-gwida tiddeskrivi l-oqsma ewlenin tal-grammatika Albani\u017ca f&#8217;sekwenza lo\u0121ika g\u0127at-tag\u0127lim tal-lingwi, li tibda mill-affarijiet ba\u017ci\u010bi b\u0127al [&hellip;]<\/p>\n","protected":false},"author":20,"featured_media":0,"parent":0,"menu_order":0,"comment_status":"closed","ping_status":"closed","template":"LearningContentPage.php","meta":{"_acf_changed":false,"footnotes":""},"class_list":["post-1477486","page","type-page","status-publish","hentry"],"acf":[],"yoast_head":"<!-- This site is optimized with the Yoast SEO Premium plugin v27.2 (Yoast SEO v27.2) - https:\/\/yoast.com\/product\/yoast-seo-premium-wordpress\/ -->\n<title>E\u017cer\u010bizzji tal-Grammatika Albani\u017ca - Talkpal<\/title>\n<meta name=\"description\" content=\"Ittejjeb l-Albani\u017c tieg\u0127ek bl-e\u017cer\u010bizzji grammatikali interattivi ta&#039; Talkpal li jkopru nomi, verbi, tempi, u strutturi tas-sentenzi.\" \/>\n<meta name=\"robots\" content=\"index, follow, max-snippet:-1, max-image-preview:large, max-video-preview:-1\" \/>\n<link rel=\"canonical\" href=\"https:\/\/talkpal.ai\/mt\/ezercizzji-tal-grammatika-albaniza\/\" \/>\n<meta property=\"og:locale\" content=\"mt_MT\" \/>\n<meta property=\"og:type\" content=\"article\" \/>\n<meta property=\"og:title\" content=\"E\u017cer\u010bizzji tal-Grammatika Albani\u017ca\" \/>\n<meta property=\"og:description\" content=\"Su\u0121\u0121etti tal-Grammatika Albani\u017ca It-tag\u0127lim ta &#039;lingwa \u0121dida jista&#039; jkun sforz ta &#039;sfida i\u017cda ta&#039; sodisfazzjon. L-Albani\u017c, lingwa Indo-Ewropea mitkellma\" \/>\n<meta property=\"og:url\" content=\"https:\/\/talkpal.ai\/mt\/ezercizzji-tal-grammatika-albaniza\/\" \/>\n<meta property=\"og:site_name\" content=\"Talkpal\" \/>\n<meta property=\"article:publisher\" content=\"https:\/\/www.facebook.com\/profile.php?id=100090733639311\" \/>\n<meta property=\"article:modified_time\" content=\"2025-12-30T15:39:17+00:00\" \/>\n<meta property=\"og:image\" content=\"https:\/\/talkpal.ai\/wp-content\/uploads\/2025\/02\/Progress-tab-16_9.png\" \/>\n\t<meta property=\"og:image:width\" content=\"2880\" \/>\n\t<meta property=\"og:image:height\" content=\"1620\" \/>\n\t<meta property=\"og:image:type\" content=\"image\/png\" \/>\n<meta name=\"twitter:card\" content=\"summary_large_image\" \/>\n<meta name=\"twitter:site\" content=\"@talkpalai\" \/>\n<meta name=\"twitter:label1\" content=\"Est. reading time\" \/>\n\t<meta name=\"twitter:data1\" content=\"3 minutes\" \/>\n<script type=\"application\/ld+json\" class=\"yoast-schema-graph\">{\"@context\":\"https:\/\/schema.org\",\"@graph\":[{\"@type\":\"WebPage\",\"@id\":\"https:\/\/talkpal.ai\/mt\/ezercizzji-tal-grammatika-albaniza\/\",\"url\":\"https:\/\/talkpal.ai\/mt\/ezercizzji-tal-grammatika-albaniza\/\",\"name\":\"E\u017cer\u010bizzji tal-Grammatika Albani\u017ca - Talkpal\",\"isPartOf\":{\"@id\":\"https:\/\/talkpal.ai\/mt\/#website\"},\"datePublished\":\"2025-11-11T12:32:58+00:00\",\"dateModified\":\"2025-12-30T15:39:17+00:00\",\"description\":\"Ittejjeb l-Albani\u017c tieg\u0127ek bl-e\u017cer\u010bizzji grammatikali interattivi ta' Talkpal li jkopru nomi, verbi, tempi, u strutturi tas-sentenzi.\",\"breadcrumb\":{\"@id\":\"https:\/\/talkpal.ai\/mt\/ezercizzji-tal-grammatika-albaniza\/#breadcrumb\"},\"inLanguage\":\"mt-MT\",\"potentialAction\":[{\"@type\":\"ReadAction\",\"target\":[\"https:\/\/talkpal.ai\/mt\/ezercizzji-tal-grammatika-albaniza\/\"]}]},{\"@type\":\"BreadcrumbList\",\"@id\":\"https:\/\/talkpal.ai\/mt\/ezercizzji-tal-grammatika-albaniza\/#breadcrumb\",\"itemListElement\":[{\"@type\":\"ListItem\",\"position\":1,\"name\":\"Homepage\",\"item\":\"https:\/\/talkpal.ai\/mt\/\"},{\"@type\":\"ListItem\",\"position\":2,\"name\":\"E\u017cer\u010bizzji tal-Grammatika Albani\u017ca\"}]},{\"@type\":\"WebSite\",\"@id\":\"https:\/\/talkpal.ai\/mt\/#website\",\"url\":\"https:\/\/talkpal.ai\/mt\/\",\"name\":\"Talkpal\",\"description\":\"AI Language Learning\",\"publisher\":{\"@id\":\"https:\/\/talkpal.ai\/mt\/#organization\"},\"alternateName\":\"Talkpal AI\",\"potentialAction\":[{\"@type\":\"SearchAction\",\"target\":{\"@type\":\"EntryPoint\",\"urlTemplate\":\"https:\/\/talkpal.ai\/mt\/?s={search_term_string}\"},\"query-input\":{\"@type\":\"PropertyValueSpecification\",\"valueRequired\":true,\"valueName\":\"search_term_string\"}}],\"inLanguage\":\"mt-MT\"},{\"@type\":\"Organization\",\"@id\":\"https:\/\/talkpal.ai\/mt\/#organization\",\"name\":\"Talkpal, Inc.\",\"alternateName\":\"Talkpal AI\",\"url\":\"https:\/\/talkpal.ai\/mt\/\",\"logo\":{\"@type\":\"ImageObject\",\"inLanguage\":\"mt-MT\",\"@id\":\"https:\/\/talkpal.ai\/mt\/#\/schema\/logo\/image\/\",\"url\":\"https:\/\/talkpal.ai\/wp-content\/uploads\/2024\/03\/Talkpal-Logo-Icon.png\",\"contentUrl\":\"https:\/\/talkpal.ai\/wp-content\/uploads\/2024\/03\/Talkpal-Logo-Icon.png\",\"width\":2880,\"height\":2880,\"caption\":\"Talkpal, Inc.\"},\"image\":{\"@id\":\"https:\/\/talkpal.ai\/mt\/#\/schema\/logo\/image\/\"},\"sameAs\":[\"https:\/\/www.facebook.com\/profile.php?id=100090733639311\",\"https:\/\/x.com\/talkpalai\",\"https:\/\/www.linkedin.com\/company\/talkpal\/\",\"https:\/\/www.youtube.com\/@TalkPal\/\",\"https:\/\/www.tiktok.com\/@talkpal\",\"https:\/\/www.instagram.com\/talkpal_ai\/\",\"https:\/\/www.crunchbase.com\/organization\/talkpal-9cde\",\"https:\/\/www.g2.com\/products\/talkpal-for-business\/\",\"https:\/\/www.trustpilot.com\/review\/talkpal.ai\",\"https:\/\/www.capterra.com\/p\/10006800\/TalkPal\/\"],\"description\":\"Talkpal is a language learning web and mobile education app, powered by the latest AI technologies, that provides engaging experiences to its customers in many different languages to help them improve their language skills. Users can chat about unlimited amount of topics with the app and use other modes to practice their language learning.\",\"email\":\"support@talkpal.ai\",\"legalName\":\"Talkpal, Inc.\",\"foundingDate\":\"2023-04-03\",\"duns\":\"118989042\",\"numberOfEmployees\":{\"@type\":\"QuantitativeValue\",\"minValue\":\"11\",\"maxValue\":\"50\"},\"publishingPrinciples\":\"https:\/\/talkpal.ai\/publishing-principles\/\",\"actionableFeedbackPolicy\":\"https:\/\/talkpal.ai\/actionable-feedback-policy\/\",\"correctionsPolicy\":\"https:\/\/talkpal.ai\/corrections-policy\/\",\"ethicsPolicy\":\"https:\/\/talkpal.ai\/ethics-policy\/\",\"diversityPolicy\":\"https:\/\/talkpal.ai\/diversity-policy\/\",\"diversityStaffingReport\":\"https:\/\/talkpal.ai\/diversity-policy\/\"}]}<\/script>\n<!-- \/ Yoast SEO Premium plugin. -->","yoast_head_json":{"title":"E\u017cer\u010bizzji tal-Grammatika Albani\u017ca - Talkpal","description":"Ittejjeb l-Albani\u017c tieg\u0127ek bl-e\u017cer\u010bizzji grammatikali interattivi ta' Talkpal li jkopru nomi, verbi, tempi, u strutturi tas-sentenzi.","robots":{"index":"index","follow":"follow","max-snippet":"max-snippet:-1","max-image-preview":"max-image-preview:large","max-video-preview":"max-video-preview:-1"},"canonical":"https:\/\/talkpal.ai\/mt\/ezercizzji-tal-grammatika-albaniza\/","og_locale":"mt_MT","og_type":"article","og_title":"E\u017cer\u010bizzji tal-Grammatika Albani\u017ca","og_description":"Su\u0121\u0121etti tal-Grammatika Albani\u017ca It-tag\u0127lim ta 'lingwa \u0121dida jista' jkun sforz ta 'sfida i\u017cda ta' sodisfazzjon. L-Albani\u017c, lingwa Indo-Ewropea mitkellma","og_url":"https:\/\/talkpal.ai\/mt\/ezercizzji-tal-grammatika-albaniza\/","og_site_name":"Talkpal","article_publisher":"https:\/\/www.facebook.com\/profile.php?id=100090733639311","article_modified_time":"2025-12-30T15:39:17+00:00","og_image":[{"width":2880,"height":1620,"url":"https:\/\/talkpal.ai\/wp-content\/uploads\/2025\/02\/Progress-tab-16_9.png","type":"image\/png"}],"twitter_card":"summary_large_image","twitter_site":"@talkpalai","twitter_misc":{"Est. reading time":"3 minutes"},"schema":{"@context":"https:\/\/schema.org","@graph":[{"@type":"WebPage","@id":"https:\/\/talkpal.ai\/mt\/ezercizzji-tal-grammatika-albaniza\/","url":"https:\/\/talkpal.ai\/mt\/ezercizzji-tal-grammatika-albaniza\/","name":"E\u017cer\u010bizzji tal-Grammatika Albani\u017ca - Talkpal","isPartOf":{"@id":"https:\/\/talkpal.ai\/mt\/#website"},"datePublished":"2025-11-11T12:32:58+00:00","dateModified":"2025-12-30T15:39:17+00:00","description":"Ittejjeb l-Albani\u017c tieg\u0127ek bl-e\u017cer\u010bizzji grammatikali interattivi ta' Talkpal li jkopru nomi, verbi, tempi, u strutturi tas-sentenzi.","breadcrumb":{"@id":"https:\/\/talkpal.ai\/mt\/ezercizzji-tal-grammatika-albaniza\/#breadcrumb"},"inLanguage":"mt-MT","potentialAction":[{"@type":"ReadAction","target":["https:\/\/talkpal.ai\/mt\/ezercizzji-tal-grammatika-albaniza\/"]}]},{"@type":"BreadcrumbList","@id":"https:\/\/talkpal.ai\/mt\/ezercizzji-tal-grammatika-albaniza\/#breadcrumb","itemListElement":[{"@type":"ListItem","position":1,"name":"Homepage","item":"https:\/\/talkpal.ai\/mt\/"},{"@type":"ListItem","position":2,"name":"E\u017cer\u010bizzji tal-Grammatika Albani\u017ca"}]},{"@type":"WebSite","@id":"https:\/\/talkpal.ai\/mt\/#website","url":"https:\/\/talkpal.ai\/mt\/","name":"Talkpal","description":"AI Language Learning","publisher":{"@id":"https:\/\/talkpal.ai\/mt\/#organization"},"alternateName":"Talkpal AI","potentialAction":[{"@type":"SearchAction","target":{"@type":"EntryPoint","urlTemplate":"https:\/\/talkpal.ai\/mt\/?s={search_term_string}"},"query-input":{"@type":"PropertyValueSpecification","valueRequired":true,"valueName":"search_term_string"}}],"inLanguage":"mt-MT"},{"@type":"Organization","@id":"https:\/\/talkpal.ai\/mt\/#organization","name":"Talkpal, Inc.","alternateName":"Talkpal AI","url":"https:\/\/talkpal.ai\/mt\/","logo":{"@type":"ImageObject","inLanguage":"mt-MT","@id":"https:\/\/talkpal.ai\/mt\/#\/schema\/logo\/image\/","url":"https:\/\/talkpal.ai\/wp-content\/uploads\/2024\/03\/Talkpal-Logo-Icon.png","contentUrl":"https:\/\/talkpal.ai\/wp-content\/uploads\/2024\/03\/Talkpal-Logo-Icon.png","width":2880,"height":2880,"caption":"Talkpal, Inc."},"image":{"@id":"https:\/\/talkpal.ai\/mt\/#\/schema\/logo\/image\/"},"sameAs":["https:\/\/www.facebook.com\/profile.php?id=100090733639311","https:\/\/x.com\/talkpalai","https:\/\/www.linkedin.com\/company\/talkpal\/","https:\/\/www.youtube.com\/@TalkPal\/","https:\/\/www.tiktok.com\/@talkpal","https:\/\/www.instagram.com\/talkpal_ai\/","https:\/\/www.crunchbase.com\/organization\/talkpal-9cde","https:\/\/www.g2.com\/products\/talkpal-for-business\/","https:\/\/www.trustpilot.com\/review\/talkpal.ai","https:\/\/www.capterra.com\/p\/10006800\/TalkPal\/"],"description":"Talkpal is a language learning web and mobile education app, powered by the latest AI technologies, that provides engaging experiences to its customers in many different languages to help them improve their language skills. Users can chat about unlimited amount of topics with the app and use other modes to practice their language learning.","email":"support@talkpal.ai","legalName":"Talkpal, Inc.","foundingDate":"2023-04-03","duns":"118989042","numberOfEmployees":{"@type":"QuantitativeValue","minValue":"11","maxValue":"50"},"publishingPrinciples":"https:\/\/talkpal.ai\/publishing-principles\/","actionableFeedbackPolicy":"https:\/\/talkpal.ai\/actionable-feedback-policy\/","correctionsPolicy":"https:\/\/talkpal.ai\/corrections-policy\/","ethicsPolicy":"https:\/\/talkpal.ai\/ethics-policy\/","diversityPolicy":"https:\/\/talkpal.ai\/diversity-policy\/","diversityStaffingReport":"https:\/\/talkpal.ai\/diversity-policy\/"}]}},"_links":{"self":[{"href":"https:\/\/talkpal.ai\/mt\/wp-json\/wp\/v2\/pages\/1477486","targetHints":{"allow":["GET"]}}],"collection":[{"href":"https:\/\/talkpal.ai\/mt\/wp-json\/wp\/v2\/pages"}],"about":[{"href":"https:\/\/talkpal.ai\/mt\/wp-json\/wp\/v2\/types\/page"}],"author":[{"embeddable":true,"href":"https:\/\/talkpal.ai\/mt\/wp-json\/wp\/v2\/users\/20"}],"replies":[{"embeddable":true,"href":"https:\/\/talkpal.ai\/mt\/wp-json\/wp\/v2\/comments?post=1477486"}],"version-history":[{"count":0,"href":"https:\/\/talkpal.ai\/mt\/wp-json\/wp\/v2\/pages\/1477486\/revisions"}],"wp:attachment":[{"href":"https:\/\/talkpal.ai\/mt\/wp-json\/wp\/v2\/media?parent=1477486"}],"curies":[{"name":"wp","href":"https:\/\/api.w.org\/{rel}","templated":true}]}}