{"id":1477463,"date":"2025-11-11T12:01:19","date_gmt":"2025-11-11T12:01:19","guid":{"rendered":"https:\/\/talkpal.ai\/grammatika-albaniza\/"},"modified":"2025-12-30T15:34:31","modified_gmt":"2025-12-30T15:34:31","slug":"grammatika-albaniza","status":"publish","type":"page","link":"https:\/\/talkpal.ai\/mt\/grammatika-albaniza\/","title":{"rendered":"Grammatika Albani\u017ca"},"content":{"rendered":"\r\n\r\n\r\n<section class=\"languageChallengeSection\">\r\n    <div class=\"languageInfoWrapper\">\r\n        \r\n        <h1>Grammatika Albani\u017ca<\/h1>\r\n        <p>Il-<a href=\"https:\/\/talkpal.ai\/albanian-grammar\/\">grammatika Albani\u017ca<\/a> tista&#039; tidher ta&#039; sfida g\u0127all-ewwel, i\u017cda l-karatteristi\u010bi uni\u010bi tag\u0127ha jag\u0127mlu t-tag\u0127lim tal-lingwa esperjenza ta&#039; sodisfazzjon. Billi tesplora l-alfabett, il-mutazzjonijiet u r-regoli tal-grammatika tag\u0127ha, int ser tikseb g\u0127arfien dwar tradizzjoni lingwistika rikka. Ibda l-vja\u0121\u0121 tieg\u0127ek u skopri s-sbu\u0127ija tal-<a href=\"https:\/\/talkpal.ai\/learn-albanian\/\">Albani\u017c<\/a>!<\/p>\r\n\r\n                            <a class=\"getStartedHidden\" href=\"https:\/\/app.talkpal.ai\/signup?lng=\">Ibda<\/a>\r\n        \r\n    <\/div>\r\n\r\n    <figure>\r\n    <img decoding=\"async\" width=\"768\" height=\"768\" src=\"https:\/\/talkpal.ai\/wp-content\/uploads\/2023\/06\/welsh-768x768.png\" class=\"languageImage no-lazy\" alt=\"Language learning for better cognitive abilities\" fetchpriority=\"high\" sizes=\"(max-width: 768px) 150px, 768px\" srcset=\"https:\/\/talkpal.ai\/wp-content\/uploads\/2023\/06\/welsh-768x768.png 768w, https:\/\/talkpal.ai\/wp-content\/uploads\/2023\/06\/welsh-300x300.png 300w\" \/>\r\n    \r\n\r\n    <\/figure>\r\n\r\n            <a class=\"getStartedVisible\" href=\"https:\/\/app.talkpal.ai\/signup?lng=\">Ibda<\/a>\r\n    \r\n<\/section><section class=\"promotionalBanner\">\r\n    <p class=\"promotionalText\">L-aktar mod effi\u010bjenti biex titg\u0127allem lingwa<\/p>\r\n    <a class=\"promotionalLink\" href=\"https:\/\/app.talkpal.ai\/signup?lng=\">Ipprova Talkpal b&#8217;xejn<\/a>\r\n<\/section>\n<div class=\"wp-block-group pageContainerStyle\"><div class=\"wp-block-group__inner-container is-layout-constrained wp-block-group-is-layout-constrained\">\n<h2 class=\"wp-block-heading\" id=\"h-navigating-the-intricacies-of-albanian-grammar\">Navigazzjoni fil-Kumplessitajiet tal-Grammatika Albani\u017ca<\/h2>\n\n\n\n<p><a href=\"https:\/\/talkpal.ai\/mt\/tghallem-l-albaniz\/\">L-Albani\u017c<\/a>, lingwa Indo-Ewropea b&#8217;ferg\u0127a distinta u g\u0127eruq kulturali profondi, toffri vja\u0121\u0121 ta&#8217; sodisfazzjon g\u0127all-istudenti attirati mill-grammatika u s-sistema tal-\u0127oss unika tag\u0127ha. Hekk kif tesplora l-Albani\u017c, se tespandi l-g\u0127odda lingwistika tieg\u0127ek filwaqt li tikkonnettja mal-kultura tal-Albanija u d-dinja usa&#8217; li titkellem bl-Albani\u017c. <a href=\"https:\/\/talkpal.ai\/es\/gramatica-albanesa\/\">Albanian grammar<\/a> can look complex at first, but breaking it into core parts makes progress straight. Hawn ta\u0127t hawn gwida ffokata g\u0127all-essenzjali, b&#8217;pariri li jg\u0127inuk tikkontrollahom.<\/p>\n\n\n\n<h3 class=\"wp-block-heading\" id=\"h-1-albanian-alphabet-and-phonetics\">1. L-alfabett u l-fonetika Albani\u017ca<\/h3>\n\n\n\n<p>L-alfabett Albani\u017c g\u0127andu 36 ittra, inklu\u017ci bosta li huma miktuba b\u0127ala digrafi i\u017cda jg\u0127oddu b\u0127ala ittri singoli, b\u0127al dh, gj, ll, nj, rr, sh, th, xh, zh. Ju\u017ca wkoll \u00e7 u \u00eb, u l-vokali y tirrappre\u017centa \u0127oss tond ta &#8216;quddiem mill-qrib. Il-kuntrast bejn r u rr huwa sinifikanti, u q u gj huma waqfiet palatali distinti minn k u g. Getting comfortable with these sounds and letters through reading aloud and listening practice is a key first step.<\/p>\n\n\n\n<h3 class=\"wp-block-heading\" id=\"h-2-definite-articles-and-linkers-a-distinctive-albanian-feature\">2. Artikli definiti u linkers: karatteristika distintiva Albani\u017ca<\/h3>\n\n\n\n<p>Karatteristika tal-Albani\u017c hija s-suffiss definit article, li je\u0127el man-nomi u jvarja skont is-sess u n-numru. Karatteristika o\u0127ra notevoli hija l-parti\u010bella li tg\u0127aqqad fil-fra\u017ci tan-nom, tipikament i jew e fl-indefinit u t\u00eb jew s\u00eb f&#8217;kuntesti definiti u ka\u017cwali, u\u017cati qabel a\u0121\u0121ettivi u xi modifikaturi. Li tifhem meta u kif jidhru d-definizzjoni u l-linker huwa vitali g\u0127al komunikazzjoni pre\u010bi\u017ca bl-Albani\u017c.<\/p>\n\n\n\n<h3 class=\"wp-block-heading\" id=\"h-3-nouns-and-pronouns-gender-and-cases\">3. Nomi u Pronomi: \u0120eneru u Ka\u017cijiet<\/h3>\n\n\n\n<p>Nomi Albani\u017ci g\u0127andhom \u0121eneru grammatikali (maskili jew femminili) u jsegwu mudelli differenti ta &#8216;formazzjoni plurali. Il-lingwa timmarka relazzjonijiet ta &#8216;ka\u017cijiet fil-fra\u017ci tan-nom, tradizzjonalment \u0127ames ka\u017cijiet fil-lingwa standard. Il-pronomi jinkludu forom personali, possessivi, riflessivi, dimostrattivi u interrogattivi, kif ukoll kliti\u010bi ta &#8216;o\u0121\u0121etti li je\u0127lu mal-verb. Li ssir familjari ma &#8216;dawn il-pronomi u t-tqeg\u0127id tag\u0127hom se jtejjeb b&#8217;mod sinifikanti l-fehim tieg\u0127ek tal-<a href=\"https:\/\/talkpal.ai\/albanian-grammar\/\">grammatika Albani\u017ca<\/a>.<\/p>\n\n\n\n<h3 class=\"wp-block-heading\" id=\"h-4-verbs-structure-and-conjugation\">4. Verbi: Struttura u Konjugazzjoni<\/h3>\n\n\n\n<p>Il-verbi Albani\u017ci jsegwu struttura distinta u mudell ta &#8216;konjugazzjoni skont it-temp, il-burdata u l-persuna. It-temp essenzjali jinkludi l-pre\u017cent, il-passat sempli\u010bi, l-imperfett, u l-kompost perfett, flimkien mal-futur iffurmat b&#8217;do t\u00eb flimkien mas-subjunctive. L-Albani\u017c jag\u0127mel ukoll u\u017cu estensiv tas-subjunctive, u jinkludi burdati kondizzjonali u imperattivi. It-tag\u0127lim tar-regoli tal-konjugazzjoni g\u0127all-verbi komuni se jtejjeb il-\u0127ila tieg\u0127ek li tikkomunika b&#8217;mod effettiv bl-Albani\u017c.<\/p>\n\n\n\n<h3 class=\"wp-block-heading\" id=\"h-5-adjectives-agreement-and-placement\">5. A\u0121\u0121ettivi: Ftehim u Tqeg\u0127id<\/h3>\n\n\n\n<p>Fil-grammatika Albani\u017ca, l-a\u0121\u0121ettivi tipikament isegwu n-nom li jimmodifikaw u jaqblu permezz ta&#8217; parti\u010bella li turi s-sess u n-numru. Xi a\u0121\u0121ettivi g\u0127andhom mudelli komparattivi u superlattivi irregolari, u l-komparattivi spiss ju\u017caw m\u00eb flimkien mal-a\u0121\u0121ettiv, filwaqt li s-superlattivi j\u017cidu l-artiklu li jaqbel. Il-kaptan tal-ftehim u t-tqeg\u0127id jg\u0127inek tinstema&#8217; naturali.<\/p>\n\n\n\n<p><strong>E\u017cempji:<\/strong><\/p>\n\n\n\n<p><strong>\u2013 Dashuri e Madhe (im\u0127abba kbira)<\/strong><\/p>\n\n\n\n<p><strong>\u2013 f\u00ebmij\u00eb t\u00eb vegj\u00ebl (tfal \u017cg\u0127ar)<\/strong><\/p>\n\n\n\n<h3 class=\"wp-block-heading\" id=\"h-6-engaging-with-the-language\">6. Involviment mal-lingwa<\/h3>\n\n\n\n<p>L-aktar mod effettiv biex tifhem bis-s\u0127i\u0127 u tinternalizza l-grammatika Albani\u017ca huwa li timpenja ru\u0127ha b&#8217;mod konsistenti mal-lingwa. Billi taqra l-letteratura Albani\u017ca, tara films jew serje televi\u017civi Albani\u017ci, issegwi a\u0127barijiet u podcasts, u tikkomunika b&#8217;mod attiv ma &#8216;kelliema nattivi, int se ssa\u0127\u0127a\u0127 il-fehim tieg\u0127ek tal-grammatika filwaqt li tespandi l-vokabularju tieg\u0127ek.<\/p>\n\n\n\n<h3 class=\"wp-block-heading\" id=\"h-conclusion\">Konklu\u017cjoni<\/h3>\n\n\n\n<p>G\u0127alkemm il-grammatika Albani\u017ca tista &#8216;tidher ikkumplikata, tista&#8217; ssir profi\u010bjenti f&#8217;din il-lingwa sabi\u0127a b&#8217;dedikazzjoni, prattika u entu\u017cja\u017cmu. Billi tiffoka fuq ir-regoli fundamentali u timpenja ru\u0127ek mal-lingwa f&#8217;kuntesti differenti, int se ttejjeb malajr <a href=\"https:\/\/talkpal.ai\/mt\/grammatika\/\">il-\u0127iliet grammatikali<\/a> Albani\u017ci tieg\u0127ek. Suksese bil-vja\u0121\u0121 tieg\u0127ek bil-lingwa Albani\u017ca, u gawdi li ti\u017cvela d-dinja espressiva u captivating tal-grammatika Albani\u017ca.<\/p>\n<\/div><\/div>\n\r\n<section class=\"learnNavigationSection\">\r\n            \r\n        <a href=\"https:\/\/talkpal.ai\/mt\/tghallem-l-albaniz\/\">\r\n            <div class=\"learnNavigationWrapper\">\r\n                <div class=\"learnNavigationContent\">\r\n                    <img decoding=\"async\" src=\"https:\/\/talkpal.ai\/wp-content\/uploads\/2025\/11\/Albanian.png\" alt=\"Albanian Flag\">\r\n                    <div>\r\n                        <h4>Dwar it-Tag\u0127lim tal-Albani\u017c<\/h4>\r\n                        <p>Sir af kollox dwar il-Grammatika Albani\u017ca.<\/p>\r\n                    <\/div>\r\n                <\/div>\r\n            <\/div>\r\n        <\/a>\r\n\r\n        \r\n        <a href=\"https:\/\/talkpal.ai\/mt\/ezercizzji-tal-grammatika-albaniza\/\">\r\n            <div class=\"learnNavigationWrapper\">\r\n                <div class=\"learnNavigationContent\">\r\n                    <img decoding=\"async\" src=\"https:\/\/talkpal.ai\/wp-content\/uploads\/2025\/11\/Albanian.png\" alt=\"Albanian Flag\">\r\n                    <div>\r\n                        <h4>E\u017cer\u010bizzju tal-Grammatika Albani\u017ca<\/h4>\r\n                        <p>Prattika l-grammatika Albani\u017ca.<\/p>\r\n                    <\/div>\r\n                <\/div>\r\n            <\/div>\r\n        <\/a>\r\n\r\n            <\/section>","protected":false},"excerpt":{"rendered":"<p>Navigazzjoni fil-Kumplessitajiet tal-Grammatika Albani\u017ca L-Albani\u017c, lingwa Indo-Ewropea b&#8217;ferg\u0127a distinta u g\u0127eruq kulturali profondi, toffri vja\u0121\u0121 ta&#8217; sodisfazzjon g\u0127all-istudenti attirati mill-grammatika u s-sistema tal-\u0127oss unika tag\u0127ha. Hekk kif tesplora l-Albani\u017c, se tespandi l-g\u0127odda lingwistika tieg\u0127ek filwaqt li tikkonnettja mal-kultura tal-Albanija u d-dinja usa&#8217; li titkellem bl-Albani\u017c. Albanian grammar can look complex at first, but breaking it [&hellip;]<\/p>\n","protected":false},"author":20,"featured_media":0,"parent":0,"menu_order":0,"comment_status":"closed","ping_status":"closed","template":"LearningContentPage.php","meta":{"_acf_changed":false,"footnotes":""},"class_list":["post-1477463","page","type-page","status-publish","hentry"],"acf":[],"yoast_head":"<!-- This site is optimized with the Yoast SEO Premium plugin v27.2 (Yoast SEO v27.2) - https:\/\/yoast.com\/product\/yoast-seo-premium-wordpress\/ -->\n<title>Grammatika Albani\u017ca - Talkpal<\/title>\n<meta name=\"description\" content=\"Immani\u0121\u0121ja l-essenzjali tal-grammatika Albani\u017ca, inklu\u017ci l-ka\u017cijiet u l-verbi, bil-gwida interattiva g\u0127at-tag\u0127lim tal-lingwi bl-AI ta&#039; Talkpal.\" \/>\n<meta name=\"robots\" content=\"index, follow, max-snippet:-1, max-image-preview:large, max-video-preview:-1\" \/>\n<link rel=\"canonical\" href=\"https:\/\/talkpal.ai\/mt\/grammatika-albaniza\/\" \/>\n<meta property=\"og:locale\" content=\"mt_MT\" \/>\n<meta property=\"og:type\" content=\"article\" \/>\n<meta property=\"og:title\" content=\"Grammatika Albani\u017ca\" \/>\n<meta property=\"og:description\" content=\"Navigazzjoni fil-Kumplessitajiet tal-Grammatika Albani\u017ca L-Albani\u017c, lingwa Indo-Ewropea b&#039;ferg\u0127a distinta u g\u0127eruq kulturali profondi, toffri vja\u0121\u0121 ta&#039;\" \/>\n<meta property=\"og:url\" content=\"https:\/\/talkpal.ai\/mt\/grammatika-albaniza\/\" \/>\n<meta property=\"og:site_name\" content=\"Talkpal\" \/>\n<meta property=\"article:publisher\" content=\"https:\/\/www.facebook.com\/profile.php?id=100090733639311\" \/>\n<meta property=\"article:modified_time\" content=\"2025-12-30T15:34:31+00:00\" \/>\n<meta property=\"og:image\" content=\"https:\/\/talkpal.ai\/wp-content\/uploads\/2025\/02\/Progress-tab-16_9.png\" \/>\n\t<meta property=\"og:image:width\" content=\"2880\" \/>\n\t<meta property=\"og:image:height\" content=\"1620\" \/>\n\t<meta property=\"og:image:type\" content=\"image\/png\" \/>\n<meta name=\"twitter:card\" content=\"summary_large_image\" \/>\n<meta name=\"twitter:site\" content=\"@talkpalai\" \/>\n<meta name=\"twitter:label1\" content=\"Est. reading time\" \/>\n\t<meta name=\"twitter:data1\" content=\"3 minutes\" \/>\n<script type=\"application\/ld+json\" class=\"yoast-schema-graph\">{\"@context\":\"https:\/\/schema.org\",\"@graph\":[{\"@type\":\"WebPage\",\"@id\":\"https:\/\/talkpal.ai\/mt\/grammatika-albaniza\/\",\"url\":\"https:\/\/talkpal.ai\/mt\/grammatika-albaniza\/\",\"name\":\"Grammatika Albani\u017ca - Talkpal\",\"isPartOf\":{\"@id\":\"https:\/\/talkpal.ai\/mt\/#website\"},\"datePublished\":\"2025-11-11T12:01:19+00:00\",\"dateModified\":\"2025-12-30T15:34:31+00:00\",\"description\":\"Immani\u0121\u0121ja l-essenzjali tal-grammatika Albani\u017ca, inklu\u017ci l-ka\u017cijiet u l-verbi, bil-gwida interattiva g\u0127at-tag\u0127lim tal-lingwi bl-AI ta' Talkpal.\",\"breadcrumb\":{\"@id\":\"https:\/\/talkpal.ai\/mt\/grammatika-albaniza\/#breadcrumb\"},\"inLanguage\":\"mt-MT\",\"potentialAction\":[{\"@type\":\"ReadAction\",\"target\":[\"https:\/\/talkpal.ai\/mt\/grammatika-albaniza\/\"]}]},{\"@type\":\"BreadcrumbList\",\"@id\":\"https:\/\/talkpal.ai\/mt\/grammatika-albaniza\/#breadcrumb\",\"itemListElement\":[{\"@type\":\"ListItem\",\"position\":1,\"name\":\"Homepage\",\"item\":\"https:\/\/talkpal.ai\/mt\/\"},{\"@type\":\"ListItem\",\"position\":2,\"name\":\"Grammatika Albani\u017ca\"}]},{\"@type\":\"WebSite\",\"@id\":\"https:\/\/talkpal.ai\/mt\/#website\",\"url\":\"https:\/\/talkpal.ai\/mt\/\",\"name\":\"Talkpal\",\"description\":\"AI Language Learning\",\"publisher\":{\"@id\":\"https:\/\/talkpal.ai\/mt\/#organization\"},\"alternateName\":\"Talkpal AI\",\"potentialAction\":[{\"@type\":\"SearchAction\",\"target\":{\"@type\":\"EntryPoint\",\"urlTemplate\":\"https:\/\/talkpal.ai\/mt\/?s={search_term_string}\"},\"query-input\":{\"@type\":\"PropertyValueSpecification\",\"valueRequired\":true,\"valueName\":\"search_term_string\"}}],\"inLanguage\":\"mt-MT\"},{\"@type\":\"Organization\",\"@id\":\"https:\/\/talkpal.ai\/mt\/#organization\",\"name\":\"Talkpal, Inc.\",\"alternateName\":\"Talkpal AI\",\"url\":\"https:\/\/talkpal.ai\/mt\/\",\"logo\":{\"@type\":\"ImageObject\",\"inLanguage\":\"mt-MT\",\"@id\":\"https:\/\/talkpal.ai\/mt\/#\/schema\/logo\/image\/\",\"url\":\"https:\/\/talkpal.ai\/wp-content\/uploads\/2024\/03\/Talkpal-Logo-Icon.png\",\"contentUrl\":\"https:\/\/talkpal.ai\/wp-content\/uploads\/2024\/03\/Talkpal-Logo-Icon.png\",\"width\":2880,\"height\":2880,\"caption\":\"Talkpal, Inc.\"},\"image\":{\"@id\":\"https:\/\/talkpal.ai\/mt\/#\/schema\/logo\/image\/\"},\"sameAs\":[\"https:\/\/www.facebook.com\/profile.php?id=100090733639311\",\"https:\/\/x.com\/talkpalai\",\"https:\/\/www.linkedin.com\/company\/talkpal\/\",\"https:\/\/www.youtube.com\/@TalkPal\/\",\"https:\/\/www.tiktok.com\/@talkpal\",\"https:\/\/www.instagram.com\/talkpal_ai\/\",\"https:\/\/www.crunchbase.com\/organization\/talkpal-9cde\",\"https:\/\/www.g2.com\/products\/talkpal-for-business\/\",\"https:\/\/www.trustpilot.com\/review\/talkpal.ai\",\"https:\/\/www.capterra.com\/p\/10006800\/TalkPal\/\"],\"description\":\"Talkpal is a language learning web and mobile education app, powered by the latest AI technologies, that provides engaging experiences to its customers in many different languages to help them improve their language skills. Users can chat about unlimited amount of topics with the app and use other modes to practice their language learning.\",\"email\":\"support@talkpal.ai\",\"legalName\":\"Talkpal, Inc.\",\"foundingDate\":\"2023-04-03\",\"duns\":\"118989042\",\"numberOfEmployees\":{\"@type\":\"QuantitativeValue\",\"minValue\":\"11\",\"maxValue\":\"50\"},\"publishingPrinciples\":\"https:\/\/talkpal.ai\/publishing-principles\/\",\"actionableFeedbackPolicy\":\"https:\/\/talkpal.ai\/actionable-feedback-policy\/\",\"correctionsPolicy\":\"https:\/\/talkpal.ai\/corrections-policy\/\",\"ethicsPolicy\":\"https:\/\/talkpal.ai\/ethics-policy\/\",\"diversityPolicy\":\"https:\/\/talkpal.ai\/diversity-policy\/\",\"diversityStaffingReport\":\"https:\/\/talkpal.ai\/diversity-policy\/\"}]}<\/script>\n<!-- \/ Yoast SEO Premium plugin. -->","yoast_head_json":{"title":"Grammatika Albani\u017ca - Talkpal","description":"Immani\u0121\u0121ja l-essenzjali tal-grammatika Albani\u017ca, inklu\u017ci l-ka\u017cijiet u l-verbi, bil-gwida interattiva g\u0127at-tag\u0127lim tal-lingwi bl-AI ta' Talkpal.","robots":{"index":"index","follow":"follow","max-snippet":"max-snippet:-1","max-image-preview":"max-image-preview:large","max-video-preview":"max-video-preview:-1"},"canonical":"https:\/\/talkpal.ai\/mt\/grammatika-albaniza\/","og_locale":"mt_MT","og_type":"article","og_title":"Grammatika Albani\u017ca","og_description":"Navigazzjoni fil-Kumplessitajiet tal-Grammatika Albani\u017ca L-Albani\u017c, lingwa Indo-Ewropea b'ferg\u0127a distinta u g\u0127eruq kulturali profondi, toffri vja\u0121\u0121 ta'","og_url":"https:\/\/talkpal.ai\/mt\/grammatika-albaniza\/","og_site_name":"Talkpal","article_publisher":"https:\/\/www.facebook.com\/profile.php?id=100090733639311","article_modified_time":"2025-12-30T15:34:31+00:00","og_image":[{"width":2880,"height":1620,"url":"https:\/\/talkpal.ai\/wp-content\/uploads\/2025\/02\/Progress-tab-16_9.png","type":"image\/png"}],"twitter_card":"summary_large_image","twitter_site":"@talkpalai","twitter_misc":{"Est. reading time":"3 minutes"},"schema":{"@context":"https:\/\/schema.org","@graph":[{"@type":"WebPage","@id":"https:\/\/talkpal.ai\/mt\/grammatika-albaniza\/","url":"https:\/\/talkpal.ai\/mt\/grammatika-albaniza\/","name":"Grammatika Albani\u017ca - Talkpal","isPartOf":{"@id":"https:\/\/talkpal.ai\/mt\/#website"},"datePublished":"2025-11-11T12:01:19+00:00","dateModified":"2025-12-30T15:34:31+00:00","description":"Immani\u0121\u0121ja l-essenzjali tal-grammatika Albani\u017ca, inklu\u017ci l-ka\u017cijiet u l-verbi, bil-gwida interattiva g\u0127at-tag\u0127lim tal-lingwi bl-AI ta' Talkpal.","breadcrumb":{"@id":"https:\/\/talkpal.ai\/mt\/grammatika-albaniza\/#breadcrumb"},"inLanguage":"mt-MT","potentialAction":[{"@type":"ReadAction","target":["https:\/\/talkpal.ai\/mt\/grammatika-albaniza\/"]}]},{"@type":"BreadcrumbList","@id":"https:\/\/talkpal.ai\/mt\/grammatika-albaniza\/#breadcrumb","itemListElement":[{"@type":"ListItem","position":1,"name":"Homepage","item":"https:\/\/talkpal.ai\/mt\/"},{"@type":"ListItem","position":2,"name":"Grammatika Albani\u017ca"}]},{"@type":"WebSite","@id":"https:\/\/talkpal.ai\/mt\/#website","url":"https:\/\/talkpal.ai\/mt\/","name":"Talkpal","description":"AI Language Learning","publisher":{"@id":"https:\/\/talkpal.ai\/mt\/#organization"},"alternateName":"Talkpal AI","potentialAction":[{"@type":"SearchAction","target":{"@type":"EntryPoint","urlTemplate":"https:\/\/talkpal.ai\/mt\/?s={search_term_string}"},"query-input":{"@type":"PropertyValueSpecification","valueRequired":true,"valueName":"search_term_string"}}],"inLanguage":"mt-MT"},{"@type":"Organization","@id":"https:\/\/talkpal.ai\/mt\/#organization","name":"Talkpal, Inc.","alternateName":"Talkpal AI","url":"https:\/\/talkpal.ai\/mt\/","logo":{"@type":"ImageObject","inLanguage":"mt-MT","@id":"https:\/\/talkpal.ai\/mt\/#\/schema\/logo\/image\/","url":"https:\/\/talkpal.ai\/wp-content\/uploads\/2024\/03\/Talkpal-Logo-Icon.png","contentUrl":"https:\/\/talkpal.ai\/wp-content\/uploads\/2024\/03\/Talkpal-Logo-Icon.png","width":2880,"height":2880,"caption":"Talkpal, Inc."},"image":{"@id":"https:\/\/talkpal.ai\/mt\/#\/schema\/logo\/image\/"},"sameAs":["https:\/\/www.facebook.com\/profile.php?id=100090733639311","https:\/\/x.com\/talkpalai","https:\/\/www.linkedin.com\/company\/talkpal\/","https:\/\/www.youtube.com\/@TalkPal\/","https:\/\/www.tiktok.com\/@talkpal","https:\/\/www.instagram.com\/talkpal_ai\/","https:\/\/www.crunchbase.com\/organization\/talkpal-9cde","https:\/\/www.g2.com\/products\/talkpal-for-business\/","https:\/\/www.trustpilot.com\/review\/talkpal.ai","https:\/\/www.capterra.com\/p\/10006800\/TalkPal\/"],"description":"Talkpal is a language learning web and mobile education app, powered by the latest AI technologies, that provides engaging experiences to its customers in many different languages to help them improve their language skills. Users can chat about unlimited amount of topics with the app and use other modes to practice their language learning.","email":"support@talkpal.ai","legalName":"Talkpal, Inc.","foundingDate":"2023-04-03","duns":"118989042","numberOfEmployees":{"@type":"QuantitativeValue","minValue":"11","maxValue":"50"},"publishingPrinciples":"https:\/\/talkpal.ai\/publishing-principles\/","actionableFeedbackPolicy":"https:\/\/talkpal.ai\/actionable-feedback-policy\/","correctionsPolicy":"https:\/\/talkpal.ai\/corrections-policy\/","ethicsPolicy":"https:\/\/talkpal.ai\/ethics-policy\/","diversityPolicy":"https:\/\/talkpal.ai\/diversity-policy\/","diversityStaffingReport":"https:\/\/talkpal.ai\/diversity-policy\/"}]}},"_links":{"self":[{"href":"https:\/\/talkpal.ai\/mt\/wp-json\/wp\/v2\/pages\/1477463","targetHints":{"allow":["GET"]}}],"collection":[{"href":"https:\/\/talkpal.ai\/mt\/wp-json\/wp\/v2\/pages"}],"about":[{"href":"https:\/\/talkpal.ai\/mt\/wp-json\/wp\/v2\/types\/page"}],"author":[{"embeddable":true,"href":"https:\/\/talkpal.ai\/mt\/wp-json\/wp\/v2\/users\/20"}],"replies":[{"embeddable":true,"href":"https:\/\/talkpal.ai\/mt\/wp-json\/wp\/v2\/comments?post=1477463"}],"version-history":[{"count":0,"href":"https:\/\/talkpal.ai\/mt\/wp-json\/wp\/v2\/pages\/1477463\/revisions"}],"wp:attachment":[{"href":"https:\/\/talkpal.ai\/mt\/wp-json\/wp\/v2\/media?parent=1477463"}],"curies":[{"name":"wp","href":"https:\/\/api.w.org\/{rel}","templated":true}]}}