{"id":1477226,"date":"2025-10-22T22:29:01","date_gmt":"2025-10-22T22:29:01","guid":{"rendered":"https:\/\/talkpal.ai\/skont-talkpal-ghall-membri-tal-organizzazzjoni-kulturali\/"},"modified":"2026-01-22T14:34:51","modified_gmt":"2026-01-22T14:34:51","slug":"skont-talkpal-ghall-membri-tal-organizzazzjoni-kulturali","status":"publish","type":"page","link":"https:\/\/talkpal.ai\/mt\/skont-talkpal-ghall-membri-tal-organizzazzjoni-kulturali\/","title":{"rendered":"Skont talkpal g\u0127all-membri tal-organizzazzjoni kulturali"},"content":{"rendered":"<section class=\"languageChallengeSection\">\r\n    <div class=\"languageInfoWrapper\">\r\n        \r\n        <h1>Skont talkpal g\u0127all-membri tal-organizzazzjoni kulturali<\/h1>\r\n        <p>Int membru ta&#039; organizzazzjoni kulturali li qed tfittex li tg\u0127olli l-\u0127iliet lingwisti\u010bi tieg\u0127ek? Talkpal joffri skont esklussiv ta&#039; 79% g\u0127all-membri tal-organizzazzjonijiet kulturali. A\u010b\u010bess g\u0127all-karatteristi\u010bi premium kollha, prattika konversazzjonijiet awtenti\u010bi bl-AI, u jibni komunikazzjoni cross-kulturali kunfidenti &#8211; b&#039;nofs il-prezz.<\/p>\r\n\r\n                    <a class=\"getStartedHidden\" href=\"https:\/\/app.talkpal.ai\/signup?discount=50\">\r\n                Ikseb skont            <\/a>\r\n            <\/div>\r\n\r\n            <figure>\r\n            <img decoding=\"async\" class=\"no-lazy\" src=\"https:\/\/talkpal.ai\/wp-content\/uploads\/2026\/01\/straight-hair-girl-with-phone-light-background.webp\" alt=\"\" fetchpriority=\"high\" \/>\r\n        <\/figure>\r\n        \r\n                    <a class=\"getStartedVisible\" href=\"https:\/\/app.talkpal.ai\/signup?discount=50\">\r\n                Ikseb skont            <\/a>\r\n        <\/section><section class=\"featureSection\">\r\n    <div class=\"featureIntroduce\">\r\n        <a class=\"introduceLink\" href=\"https:\/\/app.talkpal.ai\/signup?lng=\">\r\n            <img decoding=\"async\" src=\"https:\/\/talkpal.ai\/wp-content\/themes\/talkpal\/assets\/img\/Sparkle.svg\" alt=\"\" \/>l-aktar avvanzat\r\n  G\u0127all-finijiet ta&#039; dan ir<\/a>\r\n        <h3 class=\"featureTitle\">Id-differenza talkpal<\/h3>\r\n    <\/div>\r\n            <div class=\"introduceWrapper\">\r\n                            <a class=\"introducCard\" href=\"https:\/\/app.talkpal.ai\/signup?lng=\">\r\n\r\n                    \r\n                                                <img decoding=\"async\" src=\"https:\/\/talkpal.ai\/wp-content\/uploads\/2025\/05\/Immersive_conversations.png\" alt=\"Immersive Conversation Screenshot\" \/>\r\n                        <h4 class=\"introduceTitle\">Edukazzjoni Personalizzata<\/h4>\r\n                        <p class=\"cardText\">Kull organizzazzjoni kulturali g\u0127andha g\u0127anijiet uni\u010bi, u t-triq ta &#039;kull membru g\u0127al lingwa \u0121dida hija differenti. At Talkpal, a\u0127na nu\u017caw AI avvanzata biex nifhmu kif miljuni ta &#039;studenti javvanzaw kuljum. Dan jg\u0127inna no\u0127olqu esperjenzi ta &#039;tag\u0127lim personalizzati, effi\u010bjenti u impenjattivi ddisinjati spe\u010bifikament g\u0127all-membri tal-organizzazzjoni kulturali.<\/p>\r\n                    \r\n                <\/a>\r\n                            <a class=\"introducCard\" href=\"https:\/\/app.talkpal.ai\/signup?lng=\">\r\n\r\n                    \r\n                                                <img decoding=\"async\" src=\"https:\/\/talkpal.ai\/wp-content\/uploads\/2025\/05\/Realtime_feedback.png\" alt=\"Feedback Screenshot\" \/>\r\n                        <h4 class=\"introduceTitle\">Teknolo\u0121ija avvanzata<\/h4>\r\n                        <p class=\"cardText\">Il-missjoni tag\u0127na hija li nag\u0127mlu t-tag\u0127lim tal-lingwi personalizzat a\u010b\u010bessibbli fis-settur kulturali kollu billi ng\u0127aqqdu AI avvanzata ma &#039;metodi edukattivi ppruvati. Ma &#039;Talkpal, int mhux biss tie\u0127u lezzjonijiet &#8211; issegwi vja\u0121\u0121 imfassal apposta li jadatta g\u0127all-pass, ir-rwol u l-g\u0127anijiet tieg\u0127ek, mill-involviment tal-udjenza g\u0127all-kollaborazzjoni internazzjonali.<\/p>\r\n                    \r\n                <\/a>\r\n                            <a class=\"introducCard\" href=\"https:\/\/app.talkpal.ai\/signup?lng=\">\r\n\r\n                    \r\n                                                <img decoding=\"async\" src=\"https:\/\/talkpal.ai\/wp-content\/uploads\/2025\/05\/Personalization.png\" alt=\"Personalization Screenshot\" \/>\r\n                        <h4 class=\"introduceTitle\">Nag\u0127mlu t-Tag\u0127lim Divertenti<\/h4>\r\n                        <p class=\"cardText\">A\u0127na nemmnu li t-tag\u0127lim tal-lingwi g\u0127andu jkun ta&#039; ispirazzjoni u sinifikanti. Huwa g\u0127alhekk li Talkpal huwa mibni biex i\u017comm il-membri tal-organizzazzjoni kulturali involuti u motivati &#8211; sabiex il-prattika t\u0127ossha inqas b\u0127al studju u aktar b\u0127al esplorazzjoni bi skop. Ing\u0127aqad ma &#039;eluf ta&#039; membri madwar id-dinja u ibda tavvanza l-lingwa li jmiss tieg\u0127ek ma &#039;Talkpal.<\/p>\r\n                    \r\n                <\/a>\r\n                            <\/div>\r\n                     <a class=\"featureSectionLink\" href=\"https:\/\/app.talkpal.ai\/signup?discount=50\">\r\n                Ikseb skont            <\/a>\r\n                \r\n<\/section>\r\n\r\n\r\n<section class=\"smartFunSection\">\r\n            \r\n            <div class=\"smartFunCard\">\r\n                <div class=\"smartFunWrapper\"><img decoding=\"async\" src=\"https:\/\/talkpal.ai\/wp-content\/uploads\/2025\/05\/1.png\" alt=\"Learning Stats Screenshot\"><\/div>\r\n                <h3>Imfassla g\u0127alik<\/h3>\r\n                <p>Talkpal ju\u017ca teknolo\u0121ija mmexxija mill-AI biex jipprovdi sessjonijiet ta &#8216;tag\u0127lim tal-lingwa personalizzati mfassla g\u0127al-livell u l-pass ta&#8217; kull membru. Kull lezzjoni hija mfassla biex tissodisfa l-b\u017connijiet individwali tieg\u0127ek u tg\u0127inek tag\u0127mel progress kostanti u li jista &#8216;jitkejjel.<\/p>\r\n            <\/div>\r\n\r\n        \r\n            <div class=\"smartFunCard\">\r\n                <div class=\"smartFunWrapper\"><img decoding=\"async\" src=\"https:\/\/talkpal.ai\/wp-content\/uploads\/2025\/05\/2.png\" alt=\"Pronunciation Score Screenshot\"><\/div>\r\n                <h3>Effettiv u Effi\u010bjenti<\/h3>\r\n                <p>Ittejjeb il-\u0127iliet tal-qari, is-smig\u0127 u t-ta\u0127dit tieg\u0127ek b&#8217;mod effi\u010bjenti ma &#8216;Talkpal. L-g\u0127odod innovattivi tag\u0127na jag\u0127mlu l-i\u017cvilupp tal-lingwa kemm effettiv kif ukoll pja\u010bevoli g\u0127all-membri tal-mu\u017cewijiet, libreriji, teatri, \u010bentri tal-wirt, u organizzazzjonijiet tal-arti tal-komunit\u00e0.<\/p>\r\n            <\/div>\r\n\r\n        \r\n            <div class=\"smartFunCard\">\r\n                <div class=\"smartFunWrapper\"><img decoding=\"async\" src=\"https:\/\/talkpal.ai\/wp-content\/uploads\/2025\/05\/3.png\" alt=\"Chat Topics Screenshot\"><\/div>\r\n                <h3>\u017bomm Impenjat<\/h3>\r\n                <p>Il-pjattaforma tg\u0127aqqad elementi gamifikati, sfidi impenjattivi, u prompts li jqanqlu l-\u0127sieb biex i\u017commu lill-membri motivati u konsistenti. Ma &#8216;Talkpal, it-tag\u0127lim tal-lingwa jsir drawwa ta&#8217; kuljum ta &#8216;sodisfazzjon\u2014mhux kompitu.<\/p>\r\n            <\/div>\r\n\r\n        \r\n            <div class=\"smartFunCard\">\r\n                <div class=\"smartFunWrapper\"><img decoding=\"async\" src=\"https:\/\/talkpal.ai\/wp-content\/uploads\/2025\/05\/4.png\" alt=\"Dashboard Screenshot\"><\/div>\r\n                <h3>Igawdu t-Tag\u0127lim<\/h3>\r\n                <p>Il-\u0127akma ta &#8216;lingwa \u0121dida m&#8217;g\u0127andhiex g\u0127alfejn t\u0127ossok tedjanti. Talkpal joffri e\u017cer\u010bizzji interattivi, karattri viva\u010bi, u konversazzjonijiet AI \u0127fief biex it-tag\u0127lim jag\u0127mel it-tag\u0127lim parti pja\u010bevoli u ta &#8216;ispirazzjoni tal-\u0121urnata ta&#8217; kull membru tal-organizzazzjoni kulturali.<\/p>\r\n            <\/div>\r\n\r\n            \r\n<\/section>\r\n\r\n<section class=\"promotionalBanner\">\r\n    <p class=\"promotionalText\">Talkpal g\u0127all-membri tal-organizzazzjoni kulturali &#8211; Ibda titg\u0127allem bi prezz skontat<\/p>\r\n                <a class=\"promotionalLink\" href=\"https:\/\/app.talkpal.ai\/signup?discount=50\">\r\n                Ikseb skont            <\/a>\r\n            \r\n<\/section>","protected":false},"excerpt":{"rendered":"","protected":false},"author":20,"featured_media":0,"parent":0,"menu_order":0,"comment_status":"closed","ping_status":"closed","template":"LearningContentPage.php","meta":{"_acf_changed":false,"footnotes":""},"class_list":["post-1477226","page","type-page","status-publish","hentry"],"acf":[],"yoast_head":"<!-- This site is optimized with the Yoast SEO Premium plugin v27.2 (Yoast SEO v27.2) - https:\/\/yoast.com\/product\/yoast-seo-premium-wordpress\/ -->\n<title>Skont talkpal g\u0127all-membri tal-organizzazzjoni kulturali - Talkpal<\/title>\n<meta name=\"description\" content=\"Ifta\u0127 skont ta&#039; 79% fuq Talkpal Premium g\u0127all-membri ta&#039; organizzazzjonijiet kulturali u ikkontrolla lingwi \u0121odda b&#039;tutoring avvanzat fl-AI.\" \/>\n<meta name=\"robots\" content=\"index, follow, max-snippet:-1, max-image-preview:large, max-video-preview:-1\" \/>\n<link rel=\"canonical\" href=\"https:\/\/talkpal.ai\/mt\/skont-talkpal-ghall-membri-tal-organizzazzjoni-kulturali\/\" \/>\n<meta property=\"og:locale\" content=\"mt_MT\" \/>\n<meta property=\"og:type\" content=\"article\" \/>\n<meta property=\"og:title\" content=\"Skont talkpal g\u0127all-membri tal-organizzazzjoni kulturali\" \/>\n<meta property=\"og:url\" content=\"https:\/\/talkpal.ai\/mt\/skont-talkpal-ghall-membri-tal-organizzazzjoni-kulturali\/\" \/>\n<meta property=\"og:site_name\" content=\"Talkpal\" \/>\n<meta property=\"article:publisher\" content=\"https:\/\/www.facebook.com\/profile.php?id=100090733639311\" \/>\n<meta property=\"article:modified_time\" content=\"2026-01-22T14:34:51+00:00\" \/>\n<meta property=\"og:image\" content=\"https:\/\/talkpal.ai\/wp-content\/uploads\/2025\/02\/Progress-tab-16_9.png\" \/>\n\t<meta property=\"og:image:width\" content=\"2880\" \/>\n\t<meta property=\"og:image:height\" content=\"1620\" \/>\n\t<meta property=\"og:image:type\" content=\"image\/png\" \/>\n<meta name=\"twitter:card\" content=\"summary_large_image\" \/>\n<meta name=\"twitter:site\" content=\"@talkpalai\" \/>\n<script type=\"application\/ld+json\" class=\"yoast-schema-graph\">{\"@context\":\"https:\/\/schema.org\",\"@graph\":[{\"@type\":\"WebPage\",\"@id\":\"https:\/\/talkpal.ai\/mt\/skont-talkpal-ghall-membri-tal-organizzazzjoni-kulturali\/\",\"url\":\"https:\/\/talkpal.ai\/mt\/skont-talkpal-ghall-membri-tal-organizzazzjoni-kulturali\/\",\"name\":\"Skont talkpal g\u0127all-membri tal-organizzazzjoni kulturali - Talkpal\",\"isPartOf\":{\"@id\":\"https:\/\/talkpal.ai\/mt\/#website\"},\"datePublished\":\"2025-10-22T22:29:01+00:00\",\"dateModified\":\"2026-01-22T14:34:51+00:00\",\"description\":\"Ifta\u0127 skont ta' 79% fuq Talkpal Premium g\u0127all-membri ta' organizzazzjonijiet kulturali u ikkontrolla lingwi \u0121odda b'tutoring avvanzat fl-AI.\",\"breadcrumb\":{\"@id\":\"https:\/\/talkpal.ai\/mt\/skont-talkpal-ghall-membri-tal-organizzazzjoni-kulturali\/#breadcrumb\"},\"inLanguage\":\"mt-MT\",\"potentialAction\":[{\"@type\":\"ReadAction\",\"target\":[\"https:\/\/talkpal.ai\/mt\/skont-talkpal-ghall-membri-tal-organizzazzjoni-kulturali\/\"]}]},{\"@type\":\"BreadcrumbList\",\"@id\":\"https:\/\/talkpal.ai\/mt\/skont-talkpal-ghall-membri-tal-organizzazzjoni-kulturali\/#breadcrumb\",\"itemListElement\":[{\"@type\":\"ListItem\",\"position\":1,\"name\":\"Homepage\",\"item\":\"https:\/\/talkpal.ai\/mt\/\"},{\"@type\":\"ListItem\",\"position\":2,\"name\":\"Skont talkpal g\u0127all-membri tal-organizzazzjoni kulturali\"}]},{\"@type\":\"WebSite\",\"@id\":\"https:\/\/talkpal.ai\/mt\/#website\",\"url\":\"https:\/\/talkpal.ai\/mt\/\",\"name\":\"Talkpal\",\"description\":\"AI Language Learning\",\"publisher\":{\"@id\":\"https:\/\/talkpal.ai\/mt\/#organization\"},\"alternateName\":\"Talkpal AI\",\"potentialAction\":[{\"@type\":\"SearchAction\",\"target\":{\"@type\":\"EntryPoint\",\"urlTemplate\":\"https:\/\/talkpal.ai\/mt\/?s={search_term_string}\"},\"query-input\":{\"@type\":\"PropertyValueSpecification\",\"valueRequired\":true,\"valueName\":\"search_term_string\"}}],\"inLanguage\":\"mt-MT\"},{\"@type\":\"Organization\",\"@id\":\"https:\/\/talkpal.ai\/mt\/#organization\",\"name\":\"Talkpal, Inc.\",\"alternateName\":\"Talkpal AI\",\"url\":\"https:\/\/talkpal.ai\/mt\/\",\"logo\":{\"@type\":\"ImageObject\",\"inLanguage\":\"mt-MT\",\"@id\":\"https:\/\/talkpal.ai\/mt\/#\/schema\/logo\/image\/\",\"url\":\"https:\/\/talkpal.ai\/wp-content\/uploads\/2024\/03\/Talkpal-Logo-Icon.png\",\"contentUrl\":\"https:\/\/talkpal.ai\/wp-content\/uploads\/2024\/03\/Talkpal-Logo-Icon.png\",\"width\":2880,\"height\":2880,\"caption\":\"Talkpal, Inc.\"},\"image\":{\"@id\":\"https:\/\/talkpal.ai\/mt\/#\/schema\/logo\/image\/\"},\"sameAs\":[\"https:\/\/www.facebook.com\/profile.php?id=100090733639311\",\"https:\/\/x.com\/talkpalai\",\"https:\/\/www.linkedin.com\/company\/talkpal\/\",\"https:\/\/www.youtube.com\/@TalkPal\/\",\"https:\/\/www.tiktok.com\/@talkpal\",\"https:\/\/www.instagram.com\/talkpal_ai\/\",\"https:\/\/www.crunchbase.com\/organization\/talkpal-9cde\",\"https:\/\/www.g2.com\/products\/talkpal-for-business\/\",\"https:\/\/www.trustpilot.com\/review\/talkpal.ai\",\"https:\/\/www.capterra.com\/p\/10006800\/TalkPal\/\"],\"description\":\"Talkpal is a language learning web and mobile education app, powered by the latest AI technologies, that provides engaging experiences to its customers in many different languages to help them improve their language skills. Users can chat about unlimited amount of topics with the app and use other modes to practice their language learning.\",\"email\":\"support@talkpal.ai\",\"legalName\":\"Talkpal, Inc.\",\"foundingDate\":\"2023-04-03\",\"duns\":\"118989042\",\"numberOfEmployees\":{\"@type\":\"QuantitativeValue\",\"minValue\":\"11\",\"maxValue\":\"50\"},\"publishingPrinciples\":\"https:\/\/talkpal.ai\/publishing-principles\/\",\"actionableFeedbackPolicy\":\"https:\/\/talkpal.ai\/actionable-feedback-policy\/\",\"correctionsPolicy\":\"https:\/\/talkpal.ai\/corrections-policy\/\",\"ethicsPolicy\":\"https:\/\/talkpal.ai\/ethics-policy\/\",\"diversityPolicy\":\"https:\/\/talkpal.ai\/diversity-policy\/\",\"diversityStaffingReport\":\"https:\/\/talkpal.ai\/diversity-policy\/\"}]}<\/script>\n<!-- \/ Yoast SEO Premium plugin. -->","yoast_head_json":{"title":"Skont talkpal g\u0127all-membri tal-organizzazzjoni kulturali - Talkpal","description":"Ifta\u0127 skont ta' 79% fuq Talkpal Premium g\u0127all-membri ta' organizzazzjonijiet kulturali u ikkontrolla lingwi \u0121odda b'tutoring avvanzat fl-AI.","robots":{"index":"index","follow":"follow","max-snippet":"max-snippet:-1","max-image-preview":"max-image-preview:large","max-video-preview":"max-video-preview:-1"},"canonical":"https:\/\/talkpal.ai\/mt\/skont-talkpal-ghall-membri-tal-organizzazzjoni-kulturali\/","og_locale":"mt_MT","og_type":"article","og_title":"Skont talkpal g\u0127all-membri tal-organizzazzjoni kulturali","og_url":"https:\/\/talkpal.ai\/mt\/skont-talkpal-ghall-membri-tal-organizzazzjoni-kulturali\/","og_site_name":"Talkpal","article_publisher":"https:\/\/www.facebook.com\/profile.php?id=100090733639311","article_modified_time":"2026-01-22T14:34:51+00:00","og_image":[{"width":2880,"height":1620,"url":"https:\/\/talkpal.ai\/wp-content\/uploads\/2025\/02\/Progress-tab-16_9.png","type":"image\/png"}],"twitter_card":"summary_large_image","twitter_site":"@talkpalai","schema":{"@context":"https:\/\/schema.org","@graph":[{"@type":"WebPage","@id":"https:\/\/talkpal.ai\/mt\/skont-talkpal-ghall-membri-tal-organizzazzjoni-kulturali\/","url":"https:\/\/talkpal.ai\/mt\/skont-talkpal-ghall-membri-tal-organizzazzjoni-kulturali\/","name":"Skont talkpal g\u0127all-membri tal-organizzazzjoni kulturali - Talkpal","isPartOf":{"@id":"https:\/\/talkpal.ai\/mt\/#website"},"datePublished":"2025-10-22T22:29:01+00:00","dateModified":"2026-01-22T14:34:51+00:00","description":"Ifta\u0127 skont ta' 79% fuq Talkpal Premium g\u0127all-membri ta' organizzazzjonijiet kulturali u ikkontrolla lingwi \u0121odda b'tutoring avvanzat fl-AI.","breadcrumb":{"@id":"https:\/\/talkpal.ai\/mt\/skont-talkpal-ghall-membri-tal-organizzazzjoni-kulturali\/#breadcrumb"},"inLanguage":"mt-MT","potentialAction":[{"@type":"ReadAction","target":["https:\/\/talkpal.ai\/mt\/skont-talkpal-ghall-membri-tal-organizzazzjoni-kulturali\/"]}]},{"@type":"BreadcrumbList","@id":"https:\/\/talkpal.ai\/mt\/skont-talkpal-ghall-membri-tal-organizzazzjoni-kulturali\/#breadcrumb","itemListElement":[{"@type":"ListItem","position":1,"name":"Homepage","item":"https:\/\/talkpal.ai\/mt\/"},{"@type":"ListItem","position":2,"name":"Skont talkpal g\u0127all-membri tal-organizzazzjoni kulturali"}]},{"@type":"WebSite","@id":"https:\/\/talkpal.ai\/mt\/#website","url":"https:\/\/talkpal.ai\/mt\/","name":"Talkpal","description":"AI Language Learning","publisher":{"@id":"https:\/\/talkpal.ai\/mt\/#organization"},"alternateName":"Talkpal AI","potentialAction":[{"@type":"SearchAction","target":{"@type":"EntryPoint","urlTemplate":"https:\/\/talkpal.ai\/mt\/?s={search_term_string}"},"query-input":{"@type":"PropertyValueSpecification","valueRequired":true,"valueName":"search_term_string"}}],"inLanguage":"mt-MT"},{"@type":"Organization","@id":"https:\/\/talkpal.ai\/mt\/#organization","name":"Talkpal, Inc.","alternateName":"Talkpal AI","url":"https:\/\/talkpal.ai\/mt\/","logo":{"@type":"ImageObject","inLanguage":"mt-MT","@id":"https:\/\/talkpal.ai\/mt\/#\/schema\/logo\/image\/","url":"https:\/\/talkpal.ai\/wp-content\/uploads\/2024\/03\/Talkpal-Logo-Icon.png","contentUrl":"https:\/\/talkpal.ai\/wp-content\/uploads\/2024\/03\/Talkpal-Logo-Icon.png","width":2880,"height":2880,"caption":"Talkpal, Inc."},"image":{"@id":"https:\/\/talkpal.ai\/mt\/#\/schema\/logo\/image\/"},"sameAs":["https:\/\/www.facebook.com\/profile.php?id=100090733639311","https:\/\/x.com\/talkpalai","https:\/\/www.linkedin.com\/company\/talkpal\/","https:\/\/www.youtube.com\/@TalkPal\/","https:\/\/www.tiktok.com\/@talkpal","https:\/\/www.instagram.com\/talkpal_ai\/","https:\/\/www.crunchbase.com\/organization\/talkpal-9cde","https:\/\/www.g2.com\/products\/talkpal-for-business\/","https:\/\/www.trustpilot.com\/review\/talkpal.ai","https:\/\/www.capterra.com\/p\/10006800\/TalkPal\/"],"description":"Talkpal is a language learning web and mobile education app, powered by the latest AI technologies, that provides engaging experiences to its customers in many different languages to help them improve their language skills. Users can chat about unlimited amount of topics with the app and use other modes to practice their language learning.","email":"support@talkpal.ai","legalName":"Talkpal, Inc.","foundingDate":"2023-04-03","duns":"118989042","numberOfEmployees":{"@type":"QuantitativeValue","minValue":"11","maxValue":"50"},"publishingPrinciples":"https:\/\/talkpal.ai\/publishing-principles\/","actionableFeedbackPolicy":"https:\/\/talkpal.ai\/actionable-feedback-policy\/","correctionsPolicy":"https:\/\/talkpal.ai\/corrections-policy\/","ethicsPolicy":"https:\/\/talkpal.ai\/ethics-policy\/","diversityPolicy":"https:\/\/talkpal.ai\/diversity-policy\/","diversityStaffingReport":"https:\/\/talkpal.ai\/diversity-policy\/"}]}},"_links":{"self":[{"href":"https:\/\/talkpal.ai\/mt\/wp-json\/wp\/v2\/pages\/1477226","targetHints":{"allow":["GET"]}}],"collection":[{"href":"https:\/\/talkpal.ai\/mt\/wp-json\/wp\/v2\/pages"}],"about":[{"href":"https:\/\/talkpal.ai\/mt\/wp-json\/wp\/v2\/types\/page"}],"author":[{"embeddable":true,"href":"https:\/\/talkpal.ai\/mt\/wp-json\/wp\/v2\/users\/20"}],"replies":[{"embeddable":true,"href":"https:\/\/talkpal.ai\/mt\/wp-json\/wp\/v2\/comments?post=1477226"}],"version-history":[{"count":0,"href":"https:\/\/talkpal.ai\/mt\/wp-json\/wp\/v2\/pages\/1477226\/revisions"}],"wp:attachment":[{"href":"https:\/\/talkpal.ai\/mt\/wp-json\/wp\/v2\/media?parent=1477226"}],"curies":[{"name":"wp","href":"https:\/\/api.w.org\/{rel}","templated":true}]}}