{"id":1477107,"date":"2025-11-12T17:13:26","date_gmt":"2025-11-12T17:13:26","guid":{"rendered":"https:\/\/talkpal.ai\/ezercizzji-tal-grammatika-tat-telugu\/"},"modified":"2025-12-30T13:37:00","modified_gmt":"2025-12-30T13:37:00","slug":"ezercizzji-tal-grammatika-tat-telugu","status":"publish","type":"page","link":"https:\/\/talkpal.ai\/mt\/ezercizzji-tal-grammatika-tat-telugu\/","title":{"rendered":"E\u017cer\u010bizzji tal-Grammatika tat-Telugu"},"content":{"rendered":"\r\n\r\n\r\n<section class=\"languageChallengeSection\">\r\n    <div class=\"languageInfoWrapper\">\r\n        \r\n        <h1>E\u017cer\u010bizzji tal-Grammatika tat-Telugu<\/h1>\r\n        <p>Lest biex tg\u0127addas fil-grammatika <a href=\"https:\/\/talkpal.ai\/learn-telugu\/\">Telugu<\/a>? Il-prattika ta &#039;ftit affarijiet ba\u017ci\u010bi tg\u0127inek tikseb komdu b&#039;din il-lingwa unika u sabi\u0127a. Ipprova dawn l-e\u017cer\u010bizzji biex tibni l-kunfidenza tieg\u0127ek u tie\u0127u pja\u010bir matul it-triq!<\/p>\r\n\r\n                            <a class=\"getStartedHidden\" href=\"https:\/\/app.talkpal.ai\/signup?lng=\">Ibda<\/a>\r\n        \r\n    <\/div>\r\n\r\n    <figure>\r\n    <img decoding=\"async\" width=\"768\" height=\"768\" src=\"https:\/\/talkpal.ai\/wp-content\/uploads\/2023\/06\/welsh-768x768.png\" class=\"languageImage no-lazy\" alt=\"Language learning for better cognitive abilities\" fetchpriority=\"high\" sizes=\"(max-width: 768px) 150px, 768px\" srcset=\"https:\/\/talkpal.ai\/wp-content\/uploads\/2023\/06\/welsh-768x768.png 768w, https:\/\/talkpal.ai\/wp-content\/uploads\/2023\/06\/welsh-300x300.png 300w\" \/>\r\n    \r\n\r\n    <\/figure>\r\n\r\n            <a class=\"getStartedVisible\" href=\"https:\/\/app.talkpal.ai\/signup?lng=\">Ibda<\/a>\r\n    \r\n<\/section><section class=\"promotionalBanner\">\r\n    <p class=\"promotionalText\">L-aktar mod effi\u010bjenti biex titg\u0127allem lingwa<\/p>\r\n    <a class=\"promotionalLink\" href=\"https:\/\/app.talkpal.ai\/signup?lng=\">Ipprova Talkpal b&#8217;xejn<\/a>\r\n<\/section>\n<div class=\"wp-block-group pageContainerStyle\"><div class=\"wp-block-group__inner-container is-layout-constrained wp-block-group-is-layout-constrained\">\n<h2 class=\"wp-block-heading\" id=\"h-telugu-grammar-topics\">Su\u0121\u0121etti tal-Grammatika tat-Telugu<\/h2>\n\n\n\n<p><a href=\"https:\/\/talkpal.ai\/mt\/l-akbar-zbalji-li-ghandek-tevita-meta-titghallem-lingwa-gdida\/\">It-tag\u0127lim ta &#8216;lingwa \u0121dida <\/a>jista&#8217; jkun sforz ta &#8216;sfida i\u017cda ta&#8217; sodisfazzjon. It-Telugu, lingwa Dravidjana mitkellma prin\u010bipalment fl-istati Indjani ta &#8216;Andhra Pradesh u Telangana, mhix e\u010b\u010bezzjoni. Bil-karatteristi\u010bi u l-istrutturi uni\u010bi tieg\u0127u, <a href=\"https:\/\/talkpal.ai\/mt\/talkpal-ghall-edukazzjoni\/\">it-tag\u0127lim<\/a> tat-Telugu je\u0127tie\u0121 appro\u010b\u010b sistematiku biex jifhem il-grammatika tieg\u0127u. Din il-gwida tiddeskrivi l-oqsma ewlenin <a href=\"https:\/\/talkpal.ai\/mt\/grammatika-tat-telugu\/\">tal-grammatika Telugu<\/a> f&#8217;sekwenza lo\u0121ika <a href=\"https:\/\/talkpal.ai\/mt\/talkpal-ghall-edukazzjoni\/\">g\u0127at-tag\u0127lim tal-lingwa<\/a>, li tibda mill-affarijiet ba\u017ci\u010bi b\u0127al nomi u artikoli, u tavvanza g\u0127al oqsma aktar kumplessi b\u0127at-temp u l-kostruzzjoni tas-sentenzi.<\/p>\n\n\n\n<h3 class=\"wp-block-heading\" id=\"h-1-nouns\">1. Nomi:<\/h3>\n\n\n\n<p>Ibda l-vja\u0121\u0121 tal-lingwa Telugu tieg\u0127ek billi titg\u0127allem in-nomi. Dan jinkludi l-fehim tal-kategoriji differenti ta &#8216;nomi, b\u0127al nomi komuni u proprji, il-forom singulari u plurali tag\u0127hom, u kif il-markaturi tal-ka\u017c je\u0127lu man-nomi biex juru relazzjonijiet b\u0127al o\u010b\u010bett, pussess, post, u direzzjoni.<\/p>\n\n\n\n<h3 class=\"wp-block-heading\" id=\"h-2-articles\">2. Artikoli:<\/h3>\n\n\n\n<p>It-Telugu ma ju\u017cax artikli definiti jew indefiniti b\u0127alma jag\u0127mel <a href=\"https:\/\/talkpal.ai\/ai-english-speaking-practice\/\">l-Ingli\u017c<\/a> . Id-definittivit\u00e0 u l-indefinitezza huma espressi permezz tal-kuntest jew bl-u\u017cu ta&#8217; dimostrattivi b\u0127al dan u dak, u l-wie\u0127ed numerali jista&#8217; jiffunzjona b\u0127al artiklu indefinit.<\/p>\n\n\n\n<h3 class=\"wp-block-heading\" id=\"h-3-adjectives\">3. A\u0121\u0121ettivi:<\/h3>\n\n\n\n<p>Fit-Telugu, l-a\u0121\u0121ettivi tipikament jippre\u010bedu n-nomi li jimmodifikaw. Tg\u0127allem forom a\u0121\u0121ettivi komuni, parti\u010bipji a\u0121\u0121ettivali, u kif tifforma paraguni billi tu\u017ca kliem b\u0127al aktar u minn, kif ukoll superlattivi bl-u\u017cu ta &#8216;espressjonijiet b\u0127al \u0127afna jew l-aktar fi \u0127dan grupp.<\/p>\n\n\n\n<h3 class=\"wp-block-heading\" id=\"h-4-pronouns-determiners\">4. Pronomi \/ Determinaturi:<\/h3>\n\n\n\n<p>Il-pronomi u d-determinanti huma essenzjali fit-Telugu. Studja <a href=\"https:\/\/talkpal.ai\/ar\/grammar_exercises\/pronomi-personali-%d8%aa%d9%85%d8%a7%d8%b1%d9%8a%d9%86-%d9%84%d9%84%d9%82%d9%88%d8%a7%d8%b9%d8%af-%d8%a7%d9%84%d8%a5%d9%8a%d8%b7%d8%a7%d9%84%d9%8a%d8%a9\/\">pronomi personali<\/a>, dimostrattivi u interrogattivi, kif ukoll kwantifikaturi u possessivi. Il-pussess jintwera b&#8217;markaturi \u0121enitivi jew forom possessivi, u l-u\u017cu korrett huwa me\u0127tie\u0121 g\u0127al komunikazzjoni effettiva u livelli onorifi\u010bi xierqa.<\/p>\n\n\n\n<h3 class=\"wp-block-heading\" id=\"h-5-verbs\">5. Verbi:<\/h3>\n\n\n\n<p>Il-verbi Telugu jibdlu l-forma skont it-temp, l-aspett, il-burdata, il-persuna, in-numru, u xi kultant is-sess jew il-livell onorifiku. Ibda b&#8217;zkuk tal-verb ba\u017ci u l-forom pre\u017centi, passati u futuri, imbag\u0127ad titg\u0127allem imperattivi komuni u nomi verbali u\u017cati g\u0127al funzjonijiet simili g\u0127all-infinitiv.<\/p>\n\n\n\n<h3 class=\"wp-block-heading\" id=\"h-6-tenses\">6. Tempi:<\/h3>\n\n\n\n<p>Wara li tikkontrolla l-forom ba\u017ci\u010bi tal-verb, t\u0127affef aktar fil-fond fit-temp u l-aspett tat-Telugu. Ifhem kif ja\u0127dmu t-temp pre\u017centi, passat u futur, flimkien ma &#8216;tifsiriet perfettivi u abitwali, u kif elementi aw\u017ciljarji jikkontribwixxu g\u0127al sfumaturi.<\/p>\n\n\n\n<h3 class=\"wp-block-heading\" id=\"h-7-tense-comparison\">7. Paragun tat-Tensjoni:<\/h3>\n\n\n\n<p>It-tqabbil tat-tempi fit-Telugu jg\u0127in biex wie\u0127ed jifhem is-sekwenza u l-aspett tal-avvenimenti. Il-konjugazzjoni tal-istess verb fil-pre\u017cent, il-passat, il-futur, u l-u\u017ci perfettivi jew abitwali tipprovdi fehim aktar \u010bar ta &#8216;kif it-Telugu jesprimi l-\u0127in.<\/p>\n\n\n\n<h3 class=\"wp-block-heading\" id=\"h-8-progressive\">8. Progressiv:<\/h3>\n\n\n\n<p>Il-progressiv fit-Telugu jesprimi azzjonijiet kontinwi u huwa ffurmat bil-verb stem flimkien mal-markatur progressiv u t-truf personali. Per e\u017cempju, I am coming huwa ffurmat b&#8217;zokk progressiv u t-tmiem xieraq.<\/p>\n\n\n\n<h3 class=\"wp-block-heading\" id=\"h-9-perfect-progressive\">9. Progressiv Perfett:<\/h3>\n\n\n\n<p>Azzjonijiet li kienu g\u0127addejjin sa punt partikolari huma komunement espressi bl-u\u017cu tal-forma progressiva flimkien ma &#8216;espressjonijiet ta&#8217; \u0127in b\u0127al peress li, jew billi tg\u0127aqqad il-progressiv ma &#8216;tifsira aw\u017ciljarja li tkun fit-temp xieraq.<\/p>\n\n\n\n<h3 class=\"wp-block-heading\" id=\"h-10-conditionals\">10. Kondizzjonali:<\/h3>\n\n\n\n<p>Il-kondizzjonali jesprimu sitwazzjonijiet ipoteti\u010bi u r-ri\u017cultati possibbli tag\u0127hom. It-Telugu ju\u017ca truf kondizzjonali u parti\u010belli li jfissru jekk, li huma importanti g\u0127all-bini ta &#8216;sentenzi aktar sfumati.<\/p>\n\n\n\n<h3 class=\"wp-block-heading\" id=\"h-11-adverbs\">11. Avverbji:<\/h3>\n\n\n\n<p>L-avverbji fit-Telugu jimmodifikaw verbi, a\u0121\u0121ettivi, jew avverbji o\u0127ra. Huma jipprovdu informazzjoni dwar il-mod, il-post, il-\u0127in, il-grad, u aktar, u \u0127afna huma ffurmati minn a\u0121\u0121ettivi bi tmiem avverbjali ddedikat.<\/p>\n\n\n\n<h3 class=\"wp-block-heading\" id=\"h-12-prepositions\">12. Prepo\u017cizzjonijiet:<\/h3>\n\n\n\n<p>It-Telugu primarjament ju\u017ca postpo\u017cizzjonijiet aktar milli prepo\u017cizzjonijiet. Dawn isegwu n-nom jew il-fra\u017ci tan-nom u jesprimu relazzjonijiet ta &#8216;\u0127in, post, direzzjoni, akkumpanjament, u aktar, \u0127afna drabi flimkien ma&#8217; markaturi tal-ka\u017c.<\/p>\n\n\n\n<h3 class=\"wp-block-heading\" id=\"h-13-sentences\">13. Sentenzi:<\/h3>\n\n\n\n<p>Fl-a\u0127\u0127arnett, ipprattika l-kostruzzjoni ta &#8216;sentenzi. It-Telugu \u0121eneralment isegwi ordni tal-verb tal-o\u0121\u0121ett tas-su\u0121\u0121ett, u l-bini tas-sentenzi jinvolvi l-u\u017cu tal-punti grammatikali kollha li tg\u0127allmu qabel fil-kuntest, u ji\u017cgura fehim komprensiv tal-lingwa.<\/p>\n<\/div><\/div>\n\r\n<section class=\"learnNavigationSection\">\r\n            \r\n        <a href=\"https:\/\/talkpal.ai\/mt\/tghallem-it-telugu\/\">\r\n            <div class=\"learnNavigationWrapper\">\r\n                <div class=\"learnNavigationContent\">\r\n                    <img decoding=\"async\" src=\"https:\/\/talkpal.ai\/wp-content\/uploads\/2025\/11\/Telugu.png\" alt=\"Indian Simplified Flag\">\r\n                    <div>\r\n                        <h4>Dwar it-Tag\u0127lim tat-Telugu<\/h4>\r\n                        <p>Sir af kollox dwar il-Grammatika Telugu.<\/p>\r\n                    <\/div>\r\n                <\/div>\r\n            <\/div>\r\n        <\/a>\r\n\r\n        \r\n        <a href=\"https:\/\/talkpal.ai\/mt\/grammatika-tat-telugu\/\">\r\n            <div class=\"learnNavigationWrapper\">\r\n                <div class=\"learnNavigationContent\">\r\n                    <img decoding=\"async\" src=\"https:\/\/talkpal.ai\/wp-content\/uploads\/2025\/11\/Telugu.png\" alt=\"Indian Simplified Flag\">\r\n                    <div>\r\n                        <h4>Lezzjonijiet tal-Grammatika tat-Telugu<\/h4>\r\n                        <p>Prattika grammatika Telugu.<\/p>\r\n                    <\/div>\r\n                <\/div>\r\n            <\/div>\r\n        <\/a>\r\n\r\n            <\/section>","protected":false},"excerpt":{"rendered":"<p>Su\u0121\u0121etti tal-Grammatika tat-Telugu It-tag\u0127lim ta &#8216;lingwa \u0121dida jista&#8217; jkun sforz ta &#8216;sfida i\u017cda ta&#8217; sodisfazzjon. It-Telugu, lingwa Dravidjana mitkellma prin\u010bipalment fl-istati Indjani ta &#8216;Andhra Pradesh u Telangana, mhix e\u010b\u010bezzjoni. Bil-karatteristi\u010bi u l-istrutturi uni\u010bi tieg\u0127u, it-tag\u0127lim tat-Telugu je\u0127tie\u0121 appro\u010b\u010b sistematiku biex jifhem il-grammatika tieg\u0127u. Din il-gwida tiddeskrivi l-oqsma ewlenin tal-grammatika Telugu f&#8217;sekwenza lo\u0121ika g\u0127at-tag\u0127lim tal-lingwa, li [&hellip;]<\/p>\n","protected":false},"author":20,"featured_media":0,"parent":0,"menu_order":0,"comment_status":"closed","ping_status":"closed","template":"LearningContentPage.php","meta":{"_acf_changed":false,"footnotes":""},"class_list":["post-1477107","page","type-page","status-publish","hentry"],"acf":[],"yoast_head":"<!-- This site is optimized with the Yoast SEO Premium plugin v27.2 (Yoast SEO v27.2) - https:\/\/yoast.com\/product\/yoast-seo-premium-wordpress\/ -->\n<title>E\u017cer\u010bizzji tal-Grammatika tat-Telugu - Talkpal<\/title>\n<meta name=\"description\" content=\"Immani\u0121\u0121ja l-grammatika tat-Telugu bl-e\u017cer\u010bizzji tag\u0127na m\u0127addma bl-AI li jkopru nomi, verbi, tempi, u struttura tas-sentenzi g\u0127al tag\u0127lim effettiv.\" \/>\n<meta name=\"robots\" content=\"index, follow, max-snippet:-1, max-image-preview:large, max-video-preview:-1\" \/>\n<link rel=\"canonical\" href=\"https:\/\/talkpal.ai\/mt\/ezercizzji-tal-grammatika-tat-telugu\/\" \/>\n<meta property=\"og:locale\" content=\"mt_MT\" \/>\n<meta property=\"og:type\" content=\"article\" \/>\n<meta property=\"og:title\" content=\"E\u017cer\u010bizzji tal-Grammatika tat-Telugu\" \/>\n<meta property=\"og:description\" content=\"Su\u0121\u0121etti tal-Grammatika tat-Telugu It-tag\u0127lim ta &#039;lingwa \u0121dida jista&#039; jkun sforz ta &#039;sfida i\u017cda ta&#039; sodisfazzjon. It-Telugu, lingwa Dravidjana mitkellma\" \/>\n<meta property=\"og:url\" content=\"https:\/\/talkpal.ai\/mt\/ezercizzji-tal-grammatika-tat-telugu\/\" \/>\n<meta property=\"og:site_name\" content=\"Talkpal\" \/>\n<meta property=\"article:publisher\" content=\"https:\/\/www.facebook.com\/profile.php?id=100090733639311\" \/>\n<meta property=\"article:modified_time\" content=\"2025-12-30T13:37:00+00:00\" \/>\n<meta property=\"og:image\" content=\"https:\/\/talkpal.ai\/wp-content\/uploads\/2025\/02\/Progress-tab-16_9.png\" \/>\n\t<meta property=\"og:image:width\" content=\"2880\" \/>\n\t<meta property=\"og:image:height\" content=\"1620\" \/>\n\t<meta property=\"og:image:type\" content=\"image\/png\" \/>\n<meta name=\"twitter:card\" content=\"summary_large_image\" \/>\n<meta name=\"twitter:site\" content=\"@talkpalai\" \/>\n<meta name=\"twitter:label1\" content=\"Est. reading time\" \/>\n\t<meta name=\"twitter:data1\" content=\"3 minutes\" \/>\n<script type=\"application\/ld+json\" class=\"yoast-schema-graph\">{\"@context\":\"https:\/\/schema.org\",\"@graph\":[{\"@type\":\"WebPage\",\"@id\":\"https:\/\/talkpal.ai\/mt\/ezercizzji-tal-grammatika-tat-telugu\/\",\"url\":\"https:\/\/talkpal.ai\/mt\/ezercizzji-tal-grammatika-tat-telugu\/\",\"name\":\"E\u017cer\u010bizzji tal-Grammatika tat-Telugu - Talkpal\",\"isPartOf\":{\"@id\":\"https:\/\/talkpal.ai\/mt\/#website\"},\"datePublished\":\"2025-11-12T17:13:26+00:00\",\"dateModified\":\"2025-12-30T13:37:00+00:00\",\"description\":\"Immani\u0121\u0121ja l-grammatika tat-Telugu bl-e\u017cer\u010bizzji tag\u0127na m\u0127addma bl-AI li jkopru nomi, verbi, tempi, u struttura tas-sentenzi g\u0127al tag\u0127lim effettiv.\",\"breadcrumb\":{\"@id\":\"https:\/\/talkpal.ai\/mt\/ezercizzji-tal-grammatika-tat-telugu\/#breadcrumb\"},\"inLanguage\":\"mt-MT\",\"potentialAction\":[{\"@type\":\"ReadAction\",\"target\":[\"https:\/\/talkpal.ai\/mt\/ezercizzji-tal-grammatika-tat-telugu\/\"]}]},{\"@type\":\"BreadcrumbList\",\"@id\":\"https:\/\/talkpal.ai\/mt\/ezercizzji-tal-grammatika-tat-telugu\/#breadcrumb\",\"itemListElement\":[{\"@type\":\"ListItem\",\"position\":1,\"name\":\"Homepage\",\"item\":\"https:\/\/talkpal.ai\/mt\/\"},{\"@type\":\"ListItem\",\"position\":2,\"name\":\"E\u017cer\u010bizzji tal-Grammatika tat-Telugu\"}]},{\"@type\":\"WebSite\",\"@id\":\"https:\/\/talkpal.ai\/mt\/#website\",\"url\":\"https:\/\/talkpal.ai\/mt\/\",\"name\":\"Talkpal\",\"description\":\"AI Language Learning\",\"publisher\":{\"@id\":\"https:\/\/talkpal.ai\/mt\/#organization\"},\"alternateName\":\"Talkpal AI\",\"potentialAction\":[{\"@type\":\"SearchAction\",\"target\":{\"@type\":\"EntryPoint\",\"urlTemplate\":\"https:\/\/talkpal.ai\/mt\/?s={search_term_string}\"},\"query-input\":{\"@type\":\"PropertyValueSpecification\",\"valueRequired\":true,\"valueName\":\"search_term_string\"}}],\"inLanguage\":\"mt-MT\"},{\"@type\":\"Organization\",\"@id\":\"https:\/\/talkpal.ai\/mt\/#organization\",\"name\":\"Talkpal, Inc.\",\"alternateName\":\"Talkpal AI\",\"url\":\"https:\/\/talkpal.ai\/mt\/\",\"logo\":{\"@type\":\"ImageObject\",\"inLanguage\":\"mt-MT\",\"@id\":\"https:\/\/talkpal.ai\/mt\/#\/schema\/logo\/image\/\",\"url\":\"https:\/\/talkpal.ai\/wp-content\/uploads\/2024\/03\/Talkpal-Logo-Icon.png\",\"contentUrl\":\"https:\/\/talkpal.ai\/wp-content\/uploads\/2024\/03\/Talkpal-Logo-Icon.png\",\"width\":2880,\"height\":2880,\"caption\":\"Talkpal, Inc.\"},\"image\":{\"@id\":\"https:\/\/talkpal.ai\/mt\/#\/schema\/logo\/image\/\"},\"sameAs\":[\"https:\/\/www.facebook.com\/profile.php?id=100090733639311\",\"https:\/\/x.com\/talkpalai\",\"https:\/\/www.linkedin.com\/company\/talkpal\/\",\"https:\/\/www.youtube.com\/@TalkPal\/\",\"https:\/\/www.tiktok.com\/@talkpal\",\"https:\/\/www.instagram.com\/talkpal_ai\/\",\"https:\/\/www.crunchbase.com\/organization\/talkpal-9cde\",\"https:\/\/www.g2.com\/products\/talkpal-for-business\/\",\"https:\/\/www.trustpilot.com\/review\/talkpal.ai\",\"https:\/\/www.capterra.com\/p\/10006800\/TalkPal\/\"],\"description\":\"Talkpal is a language learning web and mobile education app, powered by the latest AI technologies, that provides engaging experiences to its customers in many different languages to help them improve their language skills. Users can chat about unlimited amount of topics with the app and use other modes to practice their language learning.\",\"email\":\"support@talkpal.ai\",\"legalName\":\"Talkpal, Inc.\",\"foundingDate\":\"2023-04-03\",\"duns\":\"118989042\",\"numberOfEmployees\":{\"@type\":\"QuantitativeValue\",\"minValue\":\"11\",\"maxValue\":\"50\"},\"publishingPrinciples\":\"https:\/\/talkpal.ai\/publishing-principles\/\",\"actionableFeedbackPolicy\":\"https:\/\/talkpal.ai\/actionable-feedback-policy\/\",\"correctionsPolicy\":\"https:\/\/talkpal.ai\/corrections-policy\/\",\"ethicsPolicy\":\"https:\/\/talkpal.ai\/ethics-policy\/\",\"diversityPolicy\":\"https:\/\/talkpal.ai\/diversity-policy\/\",\"diversityStaffingReport\":\"https:\/\/talkpal.ai\/diversity-policy\/\"}]}<\/script>\n<!-- \/ Yoast SEO Premium plugin. -->","yoast_head_json":{"title":"E\u017cer\u010bizzji tal-Grammatika tat-Telugu - Talkpal","description":"Immani\u0121\u0121ja l-grammatika tat-Telugu bl-e\u017cer\u010bizzji tag\u0127na m\u0127addma bl-AI li jkopru nomi, verbi, tempi, u struttura tas-sentenzi g\u0127al tag\u0127lim effettiv.","robots":{"index":"index","follow":"follow","max-snippet":"max-snippet:-1","max-image-preview":"max-image-preview:large","max-video-preview":"max-video-preview:-1"},"canonical":"https:\/\/talkpal.ai\/mt\/ezercizzji-tal-grammatika-tat-telugu\/","og_locale":"mt_MT","og_type":"article","og_title":"E\u017cer\u010bizzji tal-Grammatika tat-Telugu","og_description":"Su\u0121\u0121etti tal-Grammatika tat-Telugu It-tag\u0127lim ta 'lingwa \u0121dida jista' jkun sforz ta 'sfida i\u017cda ta' sodisfazzjon. It-Telugu, lingwa Dravidjana mitkellma","og_url":"https:\/\/talkpal.ai\/mt\/ezercizzji-tal-grammatika-tat-telugu\/","og_site_name":"Talkpal","article_publisher":"https:\/\/www.facebook.com\/profile.php?id=100090733639311","article_modified_time":"2025-12-30T13:37:00+00:00","og_image":[{"width":2880,"height":1620,"url":"https:\/\/talkpal.ai\/wp-content\/uploads\/2025\/02\/Progress-tab-16_9.png","type":"image\/png"}],"twitter_card":"summary_large_image","twitter_site":"@talkpalai","twitter_misc":{"Est. reading time":"3 minutes"},"schema":{"@context":"https:\/\/schema.org","@graph":[{"@type":"WebPage","@id":"https:\/\/talkpal.ai\/mt\/ezercizzji-tal-grammatika-tat-telugu\/","url":"https:\/\/talkpal.ai\/mt\/ezercizzji-tal-grammatika-tat-telugu\/","name":"E\u017cer\u010bizzji tal-Grammatika tat-Telugu - Talkpal","isPartOf":{"@id":"https:\/\/talkpal.ai\/mt\/#website"},"datePublished":"2025-11-12T17:13:26+00:00","dateModified":"2025-12-30T13:37:00+00:00","description":"Immani\u0121\u0121ja l-grammatika tat-Telugu bl-e\u017cer\u010bizzji tag\u0127na m\u0127addma bl-AI li jkopru nomi, verbi, tempi, u struttura tas-sentenzi g\u0127al tag\u0127lim effettiv.","breadcrumb":{"@id":"https:\/\/talkpal.ai\/mt\/ezercizzji-tal-grammatika-tat-telugu\/#breadcrumb"},"inLanguage":"mt-MT","potentialAction":[{"@type":"ReadAction","target":["https:\/\/talkpal.ai\/mt\/ezercizzji-tal-grammatika-tat-telugu\/"]}]},{"@type":"BreadcrumbList","@id":"https:\/\/talkpal.ai\/mt\/ezercizzji-tal-grammatika-tat-telugu\/#breadcrumb","itemListElement":[{"@type":"ListItem","position":1,"name":"Homepage","item":"https:\/\/talkpal.ai\/mt\/"},{"@type":"ListItem","position":2,"name":"E\u017cer\u010bizzji tal-Grammatika tat-Telugu"}]},{"@type":"WebSite","@id":"https:\/\/talkpal.ai\/mt\/#website","url":"https:\/\/talkpal.ai\/mt\/","name":"Talkpal","description":"AI Language Learning","publisher":{"@id":"https:\/\/talkpal.ai\/mt\/#organization"},"alternateName":"Talkpal AI","potentialAction":[{"@type":"SearchAction","target":{"@type":"EntryPoint","urlTemplate":"https:\/\/talkpal.ai\/mt\/?s={search_term_string}"},"query-input":{"@type":"PropertyValueSpecification","valueRequired":true,"valueName":"search_term_string"}}],"inLanguage":"mt-MT"},{"@type":"Organization","@id":"https:\/\/talkpal.ai\/mt\/#organization","name":"Talkpal, Inc.","alternateName":"Talkpal AI","url":"https:\/\/talkpal.ai\/mt\/","logo":{"@type":"ImageObject","inLanguage":"mt-MT","@id":"https:\/\/talkpal.ai\/mt\/#\/schema\/logo\/image\/","url":"https:\/\/talkpal.ai\/wp-content\/uploads\/2024\/03\/Talkpal-Logo-Icon.png","contentUrl":"https:\/\/talkpal.ai\/wp-content\/uploads\/2024\/03\/Talkpal-Logo-Icon.png","width":2880,"height":2880,"caption":"Talkpal, Inc."},"image":{"@id":"https:\/\/talkpal.ai\/mt\/#\/schema\/logo\/image\/"},"sameAs":["https:\/\/www.facebook.com\/profile.php?id=100090733639311","https:\/\/x.com\/talkpalai","https:\/\/www.linkedin.com\/company\/talkpal\/","https:\/\/www.youtube.com\/@TalkPal\/","https:\/\/www.tiktok.com\/@talkpal","https:\/\/www.instagram.com\/talkpal_ai\/","https:\/\/www.crunchbase.com\/organization\/talkpal-9cde","https:\/\/www.g2.com\/products\/talkpal-for-business\/","https:\/\/www.trustpilot.com\/review\/talkpal.ai","https:\/\/www.capterra.com\/p\/10006800\/TalkPal\/"],"description":"Talkpal is a language learning web and mobile education app, powered by the latest AI technologies, that provides engaging experiences to its customers in many different languages to help them improve their language skills. Users can chat about unlimited amount of topics with the app and use other modes to practice their language learning.","email":"support@talkpal.ai","legalName":"Talkpal, Inc.","foundingDate":"2023-04-03","duns":"118989042","numberOfEmployees":{"@type":"QuantitativeValue","minValue":"11","maxValue":"50"},"publishingPrinciples":"https:\/\/talkpal.ai\/publishing-principles\/","actionableFeedbackPolicy":"https:\/\/talkpal.ai\/actionable-feedback-policy\/","correctionsPolicy":"https:\/\/talkpal.ai\/corrections-policy\/","ethicsPolicy":"https:\/\/talkpal.ai\/ethics-policy\/","diversityPolicy":"https:\/\/talkpal.ai\/diversity-policy\/","diversityStaffingReport":"https:\/\/talkpal.ai\/diversity-policy\/"}]}},"_links":{"self":[{"href":"https:\/\/talkpal.ai\/mt\/wp-json\/wp\/v2\/pages\/1477107","targetHints":{"allow":["GET"]}}],"collection":[{"href":"https:\/\/talkpal.ai\/mt\/wp-json\/wp\/v2\/pages"}],"about":[{"href":"https:\/\/talkpal.ai\/mt\/wp-json\/wp\/v2\/types\/page"}],"author":[{"embeddable":true,"href":"https:\/\/talkpal.ai\/mt\/wp-json\/wp\/v2\/users\/20"}],"replies":[{"embeddable":true,"href":"https:\/\/talkpal.ai\/mt\/wp-json\/wp\/v2\/comments?post=1477107"}],"version-history":[{"count":0,"href":"https:\/\/talkpal.ai\/mt\/wp-json\/wp\/v2\/pages\/1477107\/revisions"}],"wp:attachment":[{"href":"https:\/\/talkpal.ai\/mt\/wp-json\/wp\/v2\/media?parent=1477107"}],"curies":[{"name":"wp","href":"https:\/\/api.w.org\/{rel}","templated":true}]}}