{"id":1477054,"date":"2025-11-12T16:58:05","date_gmt":"2025-11-12T16:58:05","guid":{"rendered":"https:\/\/talkpal.ai\/grammatika-tas-somalja\/"},"modified":"2025-12-30T11:09:12","modified_gmt":"2025-12-30T11:09:12","slug":"grammatika-tas-somalja","status":"publish","type":"page","link":"https:\/\/talkpal.ai\/mt\/grammatika-tas-somalja\/","title":{"rendered":"Grammatika tas-Somalja"},"content":{"rendered":"\r\n\r\n\r\n<section class=\"languageChallengeSection\">\r\n    <div class=\"languageInfoWrapper\">\r\n        \r\n        <h1>Grammatika tas-Somalja<\/h1>\r\n        <p>Il-grammatika tas-Somalja tista&#039; tidher ta&#039; sfida g\u0127all-ewwel, i\u017cda l-karatteristi\u010bi uni\u010bi tag\u0127ha jag\u0127mlu t-tag\u0127lim tal-lingwa esperjenza ta&#039; sodisfazzjon. Billi tesplora l-alfabett, il-mutazzjonijiet u r-regoli tal-grammatika tag\u0127ha, int ser tikseb g\u0127arfien dwar tradizzjoni lingwistika rikka. Ibda l-vja\u0121\u0121 tieg\u0127ek u skopri s-sbu\u0127ija tas-Somalja!<\/p>\r\n\r\n                            <a class=\"getStartedHidden\" href=\"https:\/\/app.talkpal.ai\/signup?lng=\">Ibda<\/a>\r\n        \r\n    <\/div>\r\n\r\n    <figure>\r\n    <img decoding=\"async\" width=\"768\" height=\"768\" src=\"https:\/\/talkpal.ai\/wp-content\/uploads\/2023\/06\/welsh-768x768.png\" class=\"languageImage no-lazy\" alt=\"Language learning for better cognitive abilities\" fetchpriority=\"high\" sizes=\"(max-width: 768px) 150px, 768px\" srcset=\"https:\/\/talkpal.ai\/wp-content\/uploads\/2023\/06\/welsh-768x768.png 768w, https:\/\/talkpal.ai\/wp-content\/uploads\/2023\/06\/welsh-300x300.png 300w\" \/>\r\n    \r\n\r\n    <\/figure>\r\n\r\n            <a class=\"getStartedVisible\" href=\"https:\/\/app.talkpal.ai\/signup?lng=\">Ibda<\/a>\r\n    \r\n<\/section><section class=\"promotionalBanner\">\r\n    <p class=\"promotionalText\">L-aktar mod effi\u010bjenti biex titg\u0127allem lingwa<\/p>\r\n    <a class=\"promotionalLink\" href=\"https:\/\/app.talkpal.ai\/signup?lng=\">Ipprova Talkpal b&#8217;xejn<\/a>\r\n<\/section>\n<div class=\"wp-block-group pageContainerStyle\"><div class=\"wp-block-group__inner-container is-layout-constrained wp-block-group-is-layout-constrained\">\n<h2 class=\"wp-block-heading\" id=\"h-navigating-the-intricacies-of-somali-grammar\">Navigating the Intricacies of Somali Grammar<\/h2>\n\n\n\n<p><a href=\"https:\/\/talkpal.ai\/mt\/tghallem-is-somalu\/\">Is-Somalja<\/a>, lingwa Cushitic tal-familja Afroasjatika bi storja rikka u sinifikat kulturali, toffri esperjenza lingwistika e\u010b\u010bitanti g\u0127al dawk \u0127erqana li jesploraw is-sistema grammatikali unika tag\u0127ha. Hekk kif tid\u0127ol fl-isfera tas-Somalja, mhux biss se tarrikkixxi r-repertorju lingwistiku tieg\u0127ek i\u017cda t\u0127addan ukoll vja\u0121\u0121 kulturali affaxxinanti. Filwaqt li l-grammatika Somala tista &#8216;tidher ikkumplikata g\u0127all-ewwel, it-tqassim tag\u0127ha f&#8217;komponenti ewlenin jag\u0127mel it-tag\u0127lim tal-lingwa aktar a\u010b\u010bessibbli. F&#8217;dan l-artikolu, se nesploraw id-dinja captivating tal-grammatika Somala u nipprovdu pariri dwar kif tikkontrolla l-kumplessitajiet tag\u0127ha.<\/p>\n\n\n\n<h3 class=\"wp-block-heading\" id=\"h-1-somali-alphabet-and-phonetics\">1. Alfabett u Fonetika tas-Somalja<\/h3>\n\n\n\n<p>Is-sistema tal-kitba tas-Somalja tu\u017ca alfabett ibba\u017cat fuq il-Latin b&#8217;\u0127ames vokali u sett ta &#8216;konsonanti li jinkludi \u0127sejjes uni\u010bi g\u0127as-Somalja, b\u0127al c, x, u q. Tiltaqa &#8216;wkoll ma&#8217; digrafi b\u0127al dh, kh, u sh, kif ukoll vokali kuntrastanti u tul tal-konsonanti li jistg\u0127u jbiddlu t-tifsira. Biex titg\u0127allem il-grammatika tas-Somalja, huwa kru\u010bjali li ssir familjari ma &#8216;din is-sistema ta&#8217; kitba distintiva billi tipprattika l-qari u l-kitba fis-Somalja.<\/p>\n\n\n\n<h3 class=\"wp-block-heading\" id=\"h-2-phonology-and-prosody-distinctive-somali-features\">2. Fonolo\u0121ija u Prosodija: Karatteristi\u010bi Distintivi tas-Somalja<\/h3>\n\n\n\n<p>Wie\u0127ed mill-aspetti l-aktar impressjonanti tas-Somalu huwa l-importanza tat-tul tal-vokali, it-tul tal-konsonanti, u l-a\u010b\u010bent tal-pitch, li flimkien jiddifferenzjaw it-tifsiriet bejn kliem simili. Is-Somalu fih ukoll konsonanti farin\u0121eali u uvulari li mhumiex komuni f&#8217;\u0127afna lingwi. Li tifhem kif it-tul, l-a\u010b\u010bent, u dawn il-konsonanti ja\u0127dmu huwa vitali g\u0127all-pronunzja u l-komunikazzjoni pre\u010bi\u017ca fis-Somalja.<\/p>\n\n\n\n<h3 class=\"wp-block-heading\" id=\"h-3-nouns-and-pronouns-gender-and-cases\">3. Nomi u Pronomi: \u0120eneru u Ka\u017cijiet<\/h3>\n\n\n\n<p>Nomi <a href=\"https:\/\/talkpal.ai\/learn-somali\/\">Somali<\/a> g\u0127andhom \u0121eneru grammatikali (maskili jew femminili), u l-plurali huma ffurmati b&#8217;diversi modi, \u0127afna drabi b&#8217;bidliet fit-truf u xi kultant bil-polarit\u00e0 tal-\u0121eneru bejn singular u plural. Id-definizzjoni hija mmarkata b&#8217;suffissi b\u0127al -ka, -ta, -ga, u -da, li jvarjaw skont il-mudelli tal-\u0127oss u l-\u0121eneru. Is-Somalu ju\u017ca sistema ta &#8216;ka\u017cijiet biex jimmarka rwoli b\u0127al relazzjonijiet ta&#8217; su\u0121\u0121ett u \u0121enitivi. Il-pronomi fis-Somalu jinkludu forom personali, possessivi, riflessivi, dimostrattivi u interrogattivi. Li ssir familjari ma &#8216;dawn il-pronomi u l-forom tag\u0127hom se jtejjeb b&#8217;mod sinifikanti l-fehim tieg\u0127ek tal-grammatika tas-Somalja.<\/p>\n\n\n\n<h3 class=\"wp-block-heading\" id=\"h-4-verbs-structure-and-conjugation\">4. Verbi: Struttura u Konjugazzjoni<\/h3>\n\n\n\n<p>Il-verbi Somali jsegwu mudelli li jirriflettu t-temp, l-aspett, il-burdata, u l-persuna. It-temp u l-aspetti u\u017cati komunement jinkludu pre\u017cent, passat u futur, flimkien ma &#8216;burdati b\u0127al kondizzjonali, imperattiv u subjunctive. In-negazzjoni hija tipikament iffurmata b&#8217;parti\u010belli mqieg\u0127da qabel il-verb, u l-qbil tal-persuna jintwera permezz ta &#8216;affisi u parti\u010belli. It-tag\u0127lim tar-regoli tal-konjugazzjoni tal-verbi u l-parti\u010belli tas-sentenzi se jtejjeb il-\u0127ila tieg\u0127ek li tikkomunika b&#8217;mod effettiv fis-Somalja.<\/p>\n\n\n\n<h3 class=\"wp-block-heading\" id=\"h-5-adjectives-agreement-and-placement\">5. A\u0121\u0121ettivi: Ftehim u Tqeg\u0127id<\/h3>\n\n\n\n<p>Fil-grammatika Somala, l-a\u0121\u0121ettivi tipikament isegwu n-nom li jimmodifikaw u g\u0127andhom jaqblu, fejn me\u0127tie\u0121, fil-\u0121eneru u n-numru man-nom. Komparattivi u superlattivi huma spiss iffurmati b&#8217;markaturi b\u0127al ka g\u0127al komparattiv u ugu g\u0127al superlattiv, u xi a\u0121\u0121ettivi g\u0127andhom mudelli irregolari li huma essenzjali biex jitg\u0127allmu jikkomunikaw b&#8217;mod aktar naturali.<\/p>\n\n\n\n<p><strong>E\u017cempji:<\/strong><\/p>\n\n\n\n<p><strong>&#8211; Jacayl Weyn (Im\u0127abba Kbira)<\/strong><\/p>\n\n\n\n<p><strong>\u2013 Caruur Yar (tfal \u017cg\u0127ar)<\/strong><\/p>\n\n\n\n<h3 class=\"wp-block-heading\" id=\"h-6-engaging-with-the-language\">6. Involviment mal-lingwa<\/h3>\n\n\n\n<p>L-aktar mod effettiv biex tifhem bis-s\u0127i\u0127 u tinternalizza l-grammatika tas-Somalja huwa li timpenja ru\u0127ha b&#8217;mod konsistenti mal-lingwa. Billi taqra l-letteratura Somalja, tisma &#8216;radju Somalu, tara films jew serje televi\u017civi Somalja, u tikkomunika b&#8217;mod attiv ma&#8217; kelliema nattivi, int se ssa\u0127\u0127a\u0127 il-fehim tieg\u0127ek tal-grammatika filwaqt li tespandi l-vokabularju tieg\u0127ek.<\/p>\n\n\n\n<h3 class=\"wp-block-heading\" id=\"h-conclusion\">Konklu\u017cjoni<\/h3>\n\n\n\n<p>G\u0127alkemm il-grammatika tas-Somalja tista &#8216;tidher ikkumplikata, tista&#8217; ssir profi\u010bjenti f&#8217;din il-lingwa sabi\u0127a b&#8217;dedikazzjoni, prattika u entu\u017cja\u017cmu. Billi tiffoka fuq ir-regoli fundamentali u timpenja ru\u0127ek mal-lingwa f&#8217;kuntesti differenti, int se ttejjeb malajr <a href=\"https:\/\/talkpal.ai\/mt\/grammatika\/\">il-\u0127iliet grammatikali<\/a> tas-Somalja tieg\u0127ek. Nasiib wacan (xorti tajba) bil-vja\u0121\u0121 tal-lingwa Somala tieg\u0127ek, u gawdi ti\u017cvela d-dinja enigmatika i\u017cda captivating tal-grammatika Somala!<\/p>\n<\/div><\/div>\n\r\n<section class=\"learnNavigationSection\">\r\n            \r\n        <a href=\"https:\/\/talkpal.ai\/mt\/tghallem-is-somalu\/\">\r\n            <div class=\"learnNavigationWrapper\">\r\n                <div class=\"learnNavigationContent\">\r\n                    <img decoding=\"async\" src=\"https:\/\/talkpal.ai\/wp-content\/uploads\/2025\/11\/Somali.png\" alt=\"Somalian Flag\">\r\n                    <div>\r\n                        <h4>Dwar it-Tag\u0127lim tas-Somalja<\/h4>\r\n                        <p>Sir af kollox dwar il-Grammatika tas-Somalja.<\/p>\r\n                    <\/div>\r\n                <\/div>\r\n            <\/div>\r\n        <\/a>\r\n\r\n        \r\n        <a href=\"https:\/\/talkpal.ai\/mt\/ezercizzji-tal-grammatika-tas-somalja\/\">\r\n            <div class=\"learnNavigationWrapper\">\r\n                <div class=\"learnNavigationContent\">\r\n                    <img decoding=\"async\" src=\"https:\/\/talkpal.ai\/wp-content\/uploads\/2025\/11\/Somali.png\" alt=\"Somalian Flag\">\r\n                    <div>\r\n                        <h4>E\u017cer\u010bizzju tal-Grammatika tas-Somalja<\/h4>\r\n                        <p>Ipprattika l-grammatika tas-Somalja.<\/p>\r\n                    <\/div>\r\n                <\/div>\r\n            <\/div>\r\n        <\/a>\r\n\r\n            <\/section>","protected":false},"excerpt":{"rendered":"<p>Navigating the Intricacies of Somali Grammar Is-Somalja, lingwa Cushitic tal-familja Afroasjatika bi storja rikka u sinifikat kulturali, toffri esperjenza lingwistika e\u010b\u010bitanti g\u0127al dawk \u0127erqana li jesploraw is-sistema grammatikali unika tag\u0127ha. Hekk kif tid\u0127ol fl-isfera tas-Somalja, mhux biss se tarrikkixxi r-repertorju lingwistiku tieg\u0127ek i\u017cda t\u0127addan ukoll vja\u0121\u0121 kulturali affaxxinanti. Filwaqt li l-grammatika Somala tista &#8216;tidher ikkumplikata [&hellip;]<\/p>\n","protected":false},"author":20,"featured_media":0,"parent":0,"menu_order":0,"comment_status":"closed","ping_status":"closed","template":"LearningContentPage.php","meta":{"_acf_changed":false,"footnotes":""},"class_list":["post-1477054","page","type-page","status-publish","hentry"],"acf":[],"yoast_head":"<!-- This site is optimized with the Yoast SEO Premium plugin v27.2 (Yoast SEO v27.2) - https:\/\/yoast.com\/product\/yoast-seo-premium-wordpress\/ -->\n<title>Grammatika tas-Somalja - Talkpal<\/title>\n<meta name=\"description\" content=\"Immani\u0121\u0121ja l-kumplessitajiet tal-grammatika Somala, mill-alfabett sal-konjugazzjoni tal-verbi, bil-gwida komprensiva tag\u0127na g\u0127at-tag\u0127lim.\" \/>\n<meta name=\"robots\" content=\"index, follow, max-snippet:-1, max-image-preview:large, max-video-preview:-1\" \/>\n<link rel=\"canonical\" href=\"https:\/\/talkpal.ai\/mt\/grammatika-tas-somalja\/\" \/>\n<meta property=\"og:locale\" content=\"mt_MT\" \/>\n<meta property=\"og:type\" content=\"article\" \/>\n<meta property=\"og:title\" content=\"Grammatika tas-Somalja\" \/>\n<meta property=\"og:description\" content=\"Navigating the Intricacies of Somali Grammar Is-Somalja, lingwa Cushitic tal-familja Afroasjatika bi storja rikka u sinifikat kulturali, toffri esperjenza\" \/>\n<meta property=\"og:url\" content=\"https:\/\/talkpal.ai\/mt\/grammatika-tas-somalja\/\" \/>\n<meta property=\"og:site_name\" content=\"Talkpal\" \/>\n<meta property=\"article:publisher\" content=\"https:\/\/www.facebook.com\/profile.php?id=100090733639311\" \/>\n<meta property=\"article:modified_time\" content=\"2025-12-30T11:09:12+00:00\" \/>\n<meta property=\"og:image\" content=\"https:\/\/talkpal.ai\/wp-content\/uploads\/2025\/02\/Progress-tab-16_9.png\" \/>\n\t<meta property=\"og:image:width\" content=\"2880\" \/>\n\t<meta property=\"og:image:height\" content=\"1620\" \/>\n\t<meta property=\"og:image:type\" content=\"image\/png\" \/>\n<meta name=\"twitter:card\" content=\"summary_large_image\" \/>\n<meta name=\"twitter:site\" content=\"@talkpalai\" \/>\n<meta name=\"twitter:label1\" content=\"Est. reading time\" \/>\n\t<meta name=\"twitter:data1\" content=\"3 minutes\" \/>\n<script type=\"application\/ld+json\" class=\"yoast-schema-graph\">{\"@context\":\"https:\/\/schema.org\",\"@graph\":[{\"@type\":\"WebPage\",\"@id\":\"https:\/\/talkpal.ai\/mt\/grammatika-tas-somalja\/\",\"url\":\"https:\/\/talkpal.ai\/mt\/grammatika-tas-somalja\/\",\"name\":\"Grammatika tas-Somalja - Talkpal\",\"isPartOf\":{\"@id\":\"https:\/\/talkpal.ai\/mt\/#website\"},\"datePublished\":\"2025-11-12T16:58:05+00:00\",\"dateModified\":\"2025-12-30T11:09:12+00:00\",\"description\":\"Immani\u0121\u0121ja l-kumplessitajiet tal-grammatika Somala, mill-alfabett sal-konjugazzjoni tal-verbi, bil-gwida komprensiva tag\u0127na g\u0127at-tag\u0127lim.\",\"breadcrumb\":{\"@id\":\"https:\/\/talkpal.ai\/mt\/grammatika-tas-somalja\/#breadcrumb\"},\"inLanguage\":\"mt-MT\",\"potentialAction\":[{\"@type\":\"ReadAction\",\"target\":[\"https:\/\/talkpal.ai\/mt\/grammatika-tas-somalja\/\"]}]},{\"@type\":\"BreadcrumbList\",\"@id\":\"https:\/\/talkpal.ai\/mt\/grammatika-tas-somalja\/#breadcrumb\",\"itemListElement\":[{\"@type\":\"ListItem\",\"position\":1,\"name\":\"Homepage\",\"item\":\"https:\/\/talkpal.ai\/mt\/\"},{\"@type\":\"ListItem\",\"position\":2,\"name\":\"Grammatika tas-Somalja\"}]},{\"@type\":\"WebSite\",\"@id\":\"https:\/\/talkpal.ai\/mt\/#website\",\"url\":\"https:\/\/talkpal.ai\/mt\/\",\"name\":\"Talkpal\",\"description\":\"AI Language Learning\",\"publisher\":{\"@id\":\"https:\/\/talkpal.ai\/mt\/#organization\"},\"alternateName\":\"Talkpal AI\",\"potentialAction\":[{\"@type\":\"SearchAction\",\"target\":{\"@type\":\"EntryPoint\",\"urlTemplate\":\"https:\/\/talkpal.ai\/mt\/?s={search_term_string}\"},\"query-input\":{\"@type\":\"PropertyValueSpecification\",\"valueRequired\":true,\"valueName\":\"search_term_string\"}}],\"inLanguage\":\"mt-MT\"},{\"@type\":\"Organization\",\"@id\":\"https:\/\/talkpal.ai\/mt\/#organization\",\"name\":\"Talkpal, Inc.\",\"alternateName\":\"Talkpal AI\",\"url\":\"https:\/\/talkpal.ai\/mt\/\",\"logo\":{\"@type\":\"ImageObject\",\"inLanguage\":\"mt-MT\",\"@id\":\"https:\/\/talkpal.ai\/mt\/#\/schema\/logo\/image\/\",\"url\":\"https:\/\/talkpal.ai\/wp-content\/uploads\/2024\/03\/Talkpal-Logo-Icon.png\",\"contentUrl\":\"https:\/\/talkpal.ai\/wp-content\/uploads\/2024\/03\/Talkpal-Logo-Icon.png\",\"width\":2880,\"height\":2880,\"caption\":\"Talkpal, Inc.\"},\"image\":{\"@id\":\"https:\/\/talkpal.ai\/mt\/#\/schema\/logo\/image\/\"},\"sameAs\":[\"https:\/\/www.facebook.com\/profile.php?id=100090733639311\",\"https:\/\/x.com\/talkpalai\",\"https:\/\/www.linkedin.com\/company\/talkpal\/\",\"https:\/\/www.youtube.com\/@TalkPal\/\",\"https:\/\/www.tiktok.com\/@talkpal\",\"https:\/\/www.instagram.com\/talkpal_ai\/\",\"https:\/\/www.crunchbase.com\/organization\/talkpal-9cde\",\"https:\/\/www.g2.com\/products\/talkpal-for-business\/\",\"https:\/\/www.trustpilot.com\/review\/talkpal.ai\",\"https:\/\/www.capterra.com\/p\/10006800\/TalkPal\/\"],\"description\":\"Talkpal is a language learning web and mobile education app, powered by the latest AI technologies, that provides engaging experiences to its customers in many different languages to help them improve their language skills. Users can chat about unlimited amount of topics with the app and use other modes to practice their language learning.\",\"email\":\"support@talkpal.ai\",\"legalName\":\"Talkpal, Inc.\",\"foundingDate\":\"2023-04-03\",\"duns\":\"118989042\",\"numberOfEmployees\":{\"@type\":\"QuantitativeValue\",\"minValue\":\"11\",\"maxValue\":\"50\"},\"publishingPrinciples\":\"https:\/\/talkpal.ai\/publishing-principles\/\",\"actionableFeedbackPolicy\":\"https:\/\/talkpal.ai\/actionable-feedback-policy\/\",\"correctionsPolicy\":\"https:\/\/talkpal.ai\/corrections-policy\/\",\"ethicsPolicy\":\"https:\/\/talkpal.ai\/ethics-policy\/\",\"diversityPolicy\":\"https:\/\/talkpal.ai\/diversity-policy\/\",\"diversityStaffingReport\":\"https:\/\/talkpal.ai\/diversity-policy\/\"}]}<\/script>\n<!-- \/ Yoast SEO Premium plugin. -->","yoast_head_json":{"title":"Grammatika tas-Somalja - Talkpal","description":"Immani\u0121\u0121ja l-kumplessitajiet tal-grammatika Somala, mill-alfabett sal-konjugazzjoni tal-verbi, bil-gwida komprensiva tag\u0127na g\u0127at-tag\u0127lim.","robots":{"index":"index","follow":"follow","max-snippet":"max-snippet:-1","max-image-preview":"max-image-preview:large","max-video-preview":"max-video-preview:-1"},"canonical":"https:\/\/talkpal.ai\/mt\/grammatika-tas-somalja\/","og_locale":"mt_MT","og_type":"article","og_title":"Grammatika tas-Somalja","og_description":"Navigating the Intricacies of Somali Grammar Is-Somalja, lingwa Cushitic tal-familja Afroasjatika bi storja rikka u sinifikat kulturali, toffri esperjenza","og_url":"https:\/\/talkpal.ai\/mt\/grammatika-tas-somalja\/","og_site_name":"Talkpal","article_publisher":"https:\/\/www.facebook.com\/profile.php?id=100090733639311","article_modified_time":"2025-12-30T11:09:12+00:00","og_image":[{"width":2880,"height":1620,"url":"https:\/\/talkpal.ai\/wp-content\/uploads\/2025\/02\/Progress-tab-16_9.png","type":"image\/png"}],"twitter_card":"summary_large_image","twitter_site":"@talkpalai","twitter_misc":{"Est. reading time":"3 minutes"},"schema":{"@context":"https:\/\/schema.org","@graph":[{"@type":"WebPage","@id":"https:\/\/talkpal.ai\/mt\/grammatika-tas-somalja\/","url":"https:\/\/talkpal.ai\/mt\/grammatika-tas-somalja\/","name":"Grammatika tas-Somalja - Talkpal","isPartOf":{"@id":"https:\/\/talkpal.ai\/mt\/#website"},"datePublished":"2025-11-12T16:58:05+00:00","dateModified":"2025-12-30T11:09:12+00:00","description":"Immani\u0121\u0121ja l-kumplessitajiet tal-grammatika Somala, mill-alfabett sal-konjugazzjoni tal-verbi, bil-gwida komprensiva tag\u0127na g\u0127at-tag\u0127lim.","breadcrumb":{"@id":"https:\/\/talkpal.ai\/mt\/grammatika-tas-somalja\/#breadcrumb"},"inLanguage":"mt-MT","potentialAction":[{"@type":"ReadAction","target":["https:\/\/talkpal.ai\/mt\/grammatika-tas-somalja\/"]}]},{"@type":"BreadcrumbList","@id":"https:\/\/talkpal.ai\/mt\/grammatika-tas-somalja\/#breadcrumb","itemListElement":[{"@type":"ListItem","position":1,"name":"Homepage","item":"https:\/\/talkpal.ai\/mt\/"},{"@type":"ListItem","position":2,"name":"Grammatika tas-Somalja"}]},{"@type":"WebSite","@id":"https:\/\/talkpal.ai\/mt\/#website","url":"https:\/\/talkpal.ai\/mt\/","name":"Talkpal","description":"AI Language Learning","publisher":{"@id":"https:\/\/talkpal.ai\/mt\/#organization"},"alternateName":"Talkpal AI","potentialAction":[{"@type":"SearchAction","target":{"@type":"EntryPoint","urlTemplate":"https:\/\/talkpal.ai\/mt\/?s={search_term_string}"},"query-input":{"@type":"PropertyValueSpecification","valueRequired":true,"valueName":"search_term_string"}}],"inLanguage":"mt-MT"},{"@type":"Organization","@id":"https:\/\/talkpal.ai\/mt\/#organization","name":"Talkpal, Inc.","alternateName":"Talkpal AI","url":"https:\/\/talkpal.ai\/mt\/","logo":{"@type":"ImageObject","inLanguage":"mt-MT","@id":"https:\/\/talkpal.ai\/mt\/#\/schema\/logo\/image\/","url":"https:\/\/talkpal.ai\/wp-content\/uploads\/2024\/03\/Talkpal-Logo-Icon.png","contentUrl":"https:\/\/talkpal.ai\/wp-content\/uploads\/2024\/03\/Talkpal-Logo-Icon.png","width":2880,"height":2880,"caption":"Talkpal, Inc."},"image":{"@id":"https:\/\/talkpal.ai\/mt\/#\/schema\/logo\/image\/"},"sameAs":["https:\/\/www.facebook.com\/profile.php?id=100090733639311","https:\/\/x.com\/talkpalai","https:\/\/www.linkedin.com\/company\/talkpal\/","https:\/\/www.youtube.com\/@TalkPal\/","https:\/\/www.tiktok.com\/@talkpal","https:\/\/www.instagram.com\/talkpal_ai\/","https:\/\/www.crunchbase.com\/organization\/talkpal-9cde","https:\/\/www.g2.com\/products\/talkpal-for-business\/","https:\/\/www.trustpilot.com\/review\/talkpal.ai","https:\/\/www.capterra.com\/p\/10006800\/TalkPal\/"],"description":"Talkpal is a language learning web and mobile education app, powered by the latest AI technologies, that provides engaging experiences to its customers in many different languages to help them improve their language skills. Users can chat about unlimited amount of topics with the app and use other modes to practice their language learning.","email":"support@talkpal.ai","legalName":"Talkpal, Inc.","foundingDate":"2023-04-03","duns":"118989042","numberOfEmployees":{"@type":"QuantitativeValue","minValue":"11","maxValue":"50"},"publishingPrinciples":"https:\/\/talkpal.ai\/publishing-principles\/","actionableFeedbackPolicy":"https:\/\/talkpal.ai\/actionable-feedback-policy\/","correctionsPolicy":"https:\/\/talkpal.ai\/corrections-policy\/","ethicsPolicy":"https:\/\/talkpal.ai\/ethics-policy\/","diversityPolicy":"https:\/\/talkpal.ai\/diversity-policy\/","diversityStaffingReport":"https:\/\/talkpal.ai\/diversity-policy\/"}]}},"_links":{"self":[{"href":"https:\/\/talkpal.ai\/mt\/wp-json\/wp\/v2\/pages\/1477054","targetHints":{"allow":["GET"]}}],"collection":[{"href":"https:\/\/talkpal.ai\/mt\/wp-json\/wp\/v2\/pages"}],"about":[{"href":"https:\/\/talkpal.ai\/mt\/wp-json\/wp\/v2\/types\/page"}],"author":[{"embeddable":true,"href":"https:\/\/talkpal.ai\/mt\/wp-json\/wp\/v2\/users\/20"}],"replies":[{"embeddable":true,"href":"https:\/\/talkpal.ai\/mt\/wp-json\/wp\/v2\/comments?post=1477054"}],"version-history":[{"count":0,"href":"https:\/\/talkpal.ai\/mt\/wp-json\/wp\/v2\/pages\/1477054\/revisions"}],"wp:attachment":[{"href":"https:\/\/talkpal.ai\/mt\/wp-json\/wp\/v2\/media?parent=1477054"}],"curies":[{"name":"wp","href":"https:\/\/api.w.org\/{rel}","templated":true}]}}