{"id":1477039,"date":"2025-11-12T16:46:50","date_gmt":"2025-11-12T16:46:50","guid":{"rendered":"https:\/\/talkpal.ai\/ezercizzji-tal-grammatika-sinhala\/"},"modified":"2025-12-30T11:07:11","modified_gmt":"2025-12-30T11:07:11","slug":"ezercizzji-tal-grammatika-sinhala","status":"publish","type":"page","link":"https:\/\/talkpal.ai\/mt\/ezercizzji-tal-grammatika-sinhala\/","title":{"rendered":"E\u017cer\u010bizzji tal-Grammatika Sinhala"},"content":{"rendered":"\r\n\r\n\r\n<section class=\"languageChallengeSection\">\r\n    <div class=\"languageInfoWrapper\">\r\n        \r\n        <h1>E\u017cer\u010bizzji tal-Grammatika Sinhala<\/h1>\r\n        <p>Lest biex tg\u0127addas fil-grammatika <a href=\"https:\/\/talkpal.ai\/learn-sinhala\/\">Sinhala<\/a>? Il-prattika ta &#039;ftit affarijiet ba\u017ci\u010bi tg\u0127inek tikseb komdu b&#039;din il-lingwa unika u sabi\u0127a. Ipprova dawn l-e\u017cer\u010bizzji biex tibni l-kunfidenza tieg\u0127ek u tie\u0127u pja\u010bir matul it-triq!<\/p>\r\n\r\n                            <a class=\"getStartedHidden\" href=\"https:\/\/app.talkpal.ai\/signup?lng=\">Ibda<\/a>\r\n        \r\n    <\/div>\r\n\r\n    <figure>\r\n    <img decoding=\"async\" width=\"768\" height=\"768\" src=\"https:\/\/talkpal.ai\/wp-content\/uploads\/2023\/06\/welsh-768x768.png\" class=\"languageImage no-lazy\" alt=\"Language learning for better cognitive abilities\" fetchpriority=\"high\" sizes=\"(max-width: 768px) 150px, 768px\" srcset=\"https:\/\/talkpal.ai\/wp-content\/uploads\/2023\/06\/welsh-768x768.png 768w, https:\/\/talkpal.ai\/wp-content\/uploads\/2023\/06\/welsh-300x300.png 300w\" \/>\r\n    \r\n\r\n    <\/figure>\r\n\r\n            <a class=\"getStartedVisible\" href=\"https:\/\/app.talkpal.ai\/signup?lng=\">Ibda<\/a>\r\n    \r\n<\/section><section class=\"promotionalBanner\">\r\n    <p class=\"promotionalText\">L-aktar mod effi\u010bjenti biex titg\u0127allem lingwa<\/p>\r\n    <a class=\"promotionalLink\" href=\"https:\/\/app.talkpal.ai\/signup?lng=\">Ipprova Talkpal b&#8217;xejn<\/a>\r\n<\/section>\n<div class=\"wp-block-group pageContainerStyle\"><div class=\"wp-block-group__inner-container is-layout-constrained wp-block-group-is-layout-constrained\">\n<h2 class=\"wp-block-heading\" id=\"h-sinhala-grammar-topics\">Su\u0121\u0121etti tal-Grammatika Sinhala<\/h2>\n\n\n\n<p><a href=\"https:\/\/talkpal.ai\/mt\/l-akbar-zbalji-li-ghandek-tevita-meta-titghallem-lingwa-gdida\/\">It-tag\u0127lim ta &#8216;lingwa \u0121dida<\/a> jista&#8217; jkun sforz ta &#8216;sfida i\u017cda ta&#8217; sodisfazzjon. Is-Sinhala, lingwa Indo-Arjana mitkellma prin\u010bipalment fis-Sri Lanka, mhix e\u010b\u010bezzjoni. Bil-karatteristi\u010bi u l-istrutturi uni\u010bi tieg\u0127u, <a href=\"https:\/\/talkpal.ai\/mt\/talkpal-ghall-edukazzjoni\/\">it-tag\u0127lim<\/a> tas-Sinhala je\u0127tie\u0121 appro\u010b\u010b sistematiku biex jifhem il-grammatika tieg\u0127u. Din il-gwida tiddeskrivi l-oqsma ewlenin <a href=\"https:\/\/talkpal.ai\/mt\/grammatika-sinhala\/\">tal-grammatika Sinhala<\/a> f&#8217;sekwenza lo\u0121ika <a href=\"https:\/\/talkpal.ai\/mt\/talkpal-ghall-edukazzjoni\/\">g\u0127at-tag\u0127lim tal-lingwa<\/a>, li tibda mill-affarijiet ba\u017ci\u010bi b\u0127al nomi u artikoli, u tavvanza g\u0127al oqsma aktar kumplessi b\u0127at-temp u l-kostruzzjoni tas-sentenzi.<\/p>\n\n\n\n<h3 class=\"wp-block-heading\" id=\"h-1-nouns\">1. Nomi:<\/h3>\n\n\n\n<p>Ibda l-vja\u0121\u0121 tal-lingwa Sinhala tieg\u0127ek billi titg\u0127allem in-nomi. Dan jinkludi l-fehim tal-kategoriji differenti ta &#8216;nomi, b\u0127al nomi komuni u proprji kif ukoll il-forom plurali tag\u0127hom u kif in-numru u d-definizzjoni huma espressi fil-kuntest.<\/p>\n\n\n\n<h3 class=\"wp-block-heading\" id=\"h-2-articles\">2. Artikoli:<\/h3>\n\n\n\n<p>Is-Sinhala ma ju\u017cax artikli definiti jew indefiniti bl-istess mod <a href=\"https:\/\/talkpal.ai\/ai-english-speaking-practice\/\">b\u0127all-Ingli\u017c<\/a>. L-indefinitezza bin-nomi tal-g\u0127add spiss tintwera b&#8217;suffiss b\u0127al -ek jew -ak, filwaqt li d-definizzjoni hija normalment indikata mill-kuntest u parti\u010belli b\u0127all-markatur tal-o\u0121\u0121ett spe\u010bifiku -wa.<\/p>\n\n\n\n<h3 class=\"wp-block-heading\" id=\"h-3-adjectives\">3. A\u0121\u0121ettivi:<\/h3>\n\n\n\n<p>L-a\u0121\u0121ettivi fis-Sinhala normalment ji\u0121u qabel in-nomi li jimmodifikaw. \u0120eneralment ma jinbidlux g\u0127an-numru jew is-sess. Tg\u0127allem kif tifforma komparattivi ma &#8216;wada tifsira aktar u modi komuni biex tesprimi s-superlattiv, \u0127afna drabi b&#8217;tama u markaturi ta&#8217; enfasi.<\/p>\n\n\n\n<h3 class=\"wp-block-heading\" id=\"h-4-pronouns-determiners\">4. Pronomi \/ Determinaturi:<\/h3>\n\n\n\n<p>Il-pronomi u d-determinanti huma essenzjali fis-Sinhala; jirriflettu persuna, numru, u livelli ta &#8216;politeness jew onorifi\u010bi. Il-pussess huwa komunement muri bil-markatur \u0121enittiv -ge. Dimostrattivi b\u0127al dan u dak u kwantifikaturi jg\u0127inu biex jispe\u010bifikaw ir-referenza u l-kwantit\u00e0.<\/p>\n\n\n\n<h3 class=\"wp-block-heading\" id=\"h-5-verbs\">5. Verbi:<\/h3>\n\n\n\n<p>Il-verbi Sinhala jibdlu l-forma skont it-temp, il-polarit\u00e0, u xi kultant il-politeness, aktar milli l-persuna jew in-numru. Ibda bil-forom pre\u017centi u\u017cati fid-diskors ta &#8216;kuljum, imbag\u0127ad esplora l-passat u l-futur, kif ukoll l-imperattivi u n-negattivi.<\/p>\n\n\n\n<h3 class=\"wp-block-heading\" id=\"h-6-tenses\">6. Tempi:<\/h3>\n\n\n\n<p>Wara li tikkontrolla l-forom tal-verb, t\u0127affef aktar fil-fond fit-temp Sinhala. Iffoka fuq il-pre\u017cent, il-passat u l-futur, u tg\u0127allem kif it-tifsiriet perfetti huma mibnija b&#8217;aw\u017ciljarji b\u0127al tiyenawa g\u0127andhom u inna jkunu fl-u\u017cu kollokjali.<\/p>\n\n\n\n<h3 class=\"wp-block-heading\" id=\"h-7-tense-comparison\">7. Paragun tat-Tensjoni:<\/h3>\n\n\n\n<p>It-tqabbil tat-tempi fis-Sinhala jg\u0127in biex wie\u0127ed jifhem is-sekwenza u l-aspett tal-avvenimenti. L-u\u017cu tal-istess verb fil-pre\u017cent, il-passat, il-futur, u kostruzzjonijiet perfetti se ji\u010b\u010bara kif is-Sinhala jesprimi l-\u0127in u t-tlestija.<\/p>\n\n\n\n<h3 class=\"wp-block-heading\" id=\"h-8-progressive\">8. Progressiv:<\/h3>\n\n\n\n<p>Il-progressiv fis-Sinhala jesprimi azzjonijiet kontinwi. Huwa komunement iffurmat bil-parti\u010bipju -min flimkien mal-verb inna <a href=\"https:\/\/talkpal.ai\/culture\/how-do-you-conjugate-the-verb-to-be-in-the-past-tense-in-somali\/\">to be<\/a>, u fid-diskors ta &#8216;kuljum il-forma pre\u017centi b&#8217;-nawa spiss twassal tifsira kontinwa wkoll.<\/p>\n\n\n\n<h3 class=\"wp-block-heading\" id=\"h-9-perfect-progressive\">9. Progressiv Perfett:<\/h3>\n\n\n\n<p>Dan jintu\u017ca biex jesprimi azzjonijiet li kienu g\u0127addejjin sa punt partikolari. Is-Sinhala spiss iwassal dan b&#8217;kombinazzjonijiet b\u0127all-parti\u010bipju tal-passat + inna g\u0127al ri\u017cultat kontinwu jew il-parti\u010bipju tal-passat + tiyenawa biex juri stat kontinwu s&#8217;issa, skont il-kuntest.<\/p>\n\n\n\n<h3 class=\"wp-block-heading\" id=\"h-10-conditionals\">10. Kondizzjonali:<\/h3>\n\n\n\n<p>Il-kondizzjonali jesprimu sitwazzjonijiet ipoteti\u010bi u r-ri\u017cultati possibbli tag\u0127hom. Is-Sinhala ju\u017ca parti\u010belli b\u0127al nam jew nang u mudelli ta &#8216;verbi kondizzjonali biex jimmarka kundizzjonijiet reali, ipoteti\u010bi u kontrofattwali.<\/p>\n\n\n\n<h3 class=\"wp-block-heading\" id=\"h-11-adverbs\">11. Avverbji:<\/h3>\n\n\n\n<p>L-avverbji fis-Sinhala jimmodifikaw verbi, a\u0121\u0121ettivi, jew avverbji o\u0127ra. \u0126afna huma ffurmati bil-markatur strumentali -in biex jindikaw il-mod, u hemm kliem iddedikat g\u0127all-\u0127in, il-post, il-grad, u l-frekwenza.<\/p>\n\n\n\n<h3 class=\"wp-block-heading\" id=\"h-12-prepositions\">12. Prepo\u017cizzjonijiet:<\/h3>\n\n\n\n<p>Sinhala primarjament ju\u017ca postpo\u017cizzjonijiet u parti\u010belli tal-ka\u017c aktar milli prepo\u017cizzjonijiet. Relazzjonijiet ta &#8216;\u0127in, post, direzzjoni, u rabtiet o\u0127ra huma espressi b&#8217;markaturi b\u0127al -\u1e6da dattiv, -ge \u0121enittiv, -f&#8217;forom strumentali, u lokali.<\/p>\n\n\n\n<h3 class=\"wp-block-heading\" id=\"h-13-sentences\">13. Sentenzi:<\/h3>\n\n\n\n<p>Fl-a\u0127\u0127arnett, ipprattika l-kostruzzjoni ta &#8216;sentenzi. Is-Sinhala tipikament isegwi ordni tal-kliem tal-verb tal-o\u0121\u0121ett tas-su\u0121\u0121ett u jiddependi fuq parti\u010belli g\u0127all-mistoqsijiet u l-enfasi. Dan se jinvolvi l-u\u017cu tal-punti grammatikali kollha li tg\u0127allmu qabel fil-kuntest, biex ji\u0121i \u017cgurat fehim komprensiv tal-lingwa Sinhala.<\/p>\n<\/div><\/div>\n\r\n<section class=\"learnNavigationSection\">\r\n            \r\n        <a href=\"https:\/\/talkpal.ai\/mt\/tghallem-is-sinhala\/\">\r\n            <div class=\"learnNavigationWrapper\">\r\n                <div class=\"learnNavigationContent\">\r\n                    <img decoding=\"async\" src=\"https:\/\/talkpal.ai\/wp-content\/uploads\/2025\/11\/Sinhala.png\" alt=\"Sri Lankan Flag\">\r\n                    <div>\r\n                        <h4>Dwar it-Tag\u0127lim tas-Sinhala<\/h4>\r\n                        <p>Sir af kollox dwar il-Grammatika Sinhala.<\/p>\r\n                    <\/div>\r\n                <\/div>\r\n            <\/div>\r\n        <\/a>\r\n\r\n        \r\n        <a href=\"https:\/\/talkpal.ai\/mt\/grammatika-sinhala\/\">\r\n            <div class=\"learnNavigationWrapper\">\r\n                <div class=\"learnNavigationContent\">\r\n                    <img decoding=\"async\" src=\"https:\/\/talkpal.ai\/wp-content\/uploads\/2025\/11\/Sinhala.png\" alt=\"Sri Lankan Flag\">\r\n                    <div>\r\n                        <h4>Lezzjonijiet tal-Grammatika Sinhala<\/h4>\r\n                        <p>Prattika grammatika Sinhala.<\/p>\r\n                    <\/div>\r\n                <\/div>\r\n            <\/div>\r\n        <\/a>\r\n\r\n            <\/section>","protected":false},"excerpt":{"rendered":"<p>Su\u0121\u0121etti tal-Grammatika Sinhala It-tag\u0127lim ta &#8216;lingwa \u0121dida jista&#8217; jkun sforz ta &#8216;sfida i\u017cda ta&#8217; sodisfazzjon. Is-Sinhala, lingwa Indo-Arjana mitkellma prin\u010bipalment fis-Sri Lanka, mhix e\u010b\u010bezzjoni. Bil-karatteristi\u010bi u l-istrutturi uni\u010bi tieg\u0127u, it-tag\u0127lim tas-Sinhala je\u0127tie\u0121 appro\u010b\u010b sistematiku biex jifhem il-grammatika tieg\u0127u. Din il-gwida tiddeskrivi l-oqsma ewlenin tal-grammatika Sinhala f&#8217;sekwenza lo\u0121ika g\u0127at-tag\u0127lim tal-lingwa, li tibda mill-affarijiet ba\u017ci\u010bi b\u0127al nomi [&hellip;]<\/p>\n","protected":false},"author":20,"featured_media":0,"parent":0,"menu_order":0,"comment_status":"closed","ping_status":"closed","template":"LearningContentPage.php","meta":{"_acf_changed":false,"footnotes":""},"class_list":["post-1477039","page","type-page","status-publish","hentry"],"acf":[],"yoast_head":"<!-- This site is optimized with the Yoast SEO Premium plugin v27.2 (Yoast SEO v27.2) - https:\/\/yoast.com\/product\/yoast-seo-premium-wordpress\/ -->\n<title>E\u017cer\u010bizzji tal-Grammatika Sinhala - Talkpal<\/title>\n<meta name=\"description\" content=\"Immani\u0121\u0121ja l-grammatika Sinhala b&#039;e\u017cer\u010bizzji interattivi li jkopru nomi, verbi, u tempi biex ittejjeb il-fluwenza tieg\u0127ek fil-lingwa b&#039;mod effettiv.\" \/>\n<meta name=\"robots\" content=\"index, follow, max-snippet:-1, max-image-preview:large, max-video-preview:-1\" \/>\n<link rel=\"canonical\" href=\"https:\/\/talkpal.ai\/mt\/ezercizzji-tal-grammatika-sinhala\/\" \/>\n<meta property=\"og:locale\" content=\"mt_MT\" \/>\n<meta property=\"og:type\" content=\"article\" \/>\n<meta property=\"og:title\" content=\"E\u017cer\u010bizzji tal-Grammatika Sinhala\" \/>\n<meta property=\"og:description\" content=\"Su\u0121\u0121etti tal-Grammatika Sinhala It-tag\u0127lim ta &#039;lingwa \u0121dida jista&#039; jkun sforz ta &#039;sfida i\u017cda ta&#039; sodisfazzjon. Is-Sinhala, lingwa Indo-Arjana mitkellma\" \/>\n<meta property=\"og:url\" content=\"https:\/\/talkpal.ai\/mt\/ezercizzji-tal-grammatika-sinhala\/\" \/>\n<meta property=\"og:site_name\" content=\"Talkpal\" \/>\n<meta property=\"article:publisher\" content=\"https:\/\/www.facebook.com\/profile.php?id=100090733639311\" \/>\n<meta property=\"article:modified_time\" content=\"2025-12-30T11:07:11+00:00\" \/>\n<meta property=\"og:image\" content=\"https:\/\/talkpal.ai\/wp-content\/uploads\/2025\/02\/Progress-tab-16_9.png\" \/>\n\t<meta property=\"og:image:width\" content=\"2880\" \/>\n\t<meta property=\"og:image:height\" content=\"1620\" \/>\n\t<meta property=\"og:image:type\" content=\"image\/png\" \/>\n<meta name=\"twitter:card\" content=\"summary_large_image\" \/>\n<meta name=\"twitter:site\" content=\"@talkpalai\" \/>\n<meta name=\"twitter:label1\" content=\"Est. reading time\" \/>\n\t<meta name=\"twitter:data1\" content=\"3 minutes\" \/>\n<script type=\"application\/ld+json\" class=\"yoast-schema-graph\">{\"@context\":\"https:\/\/schema.org\",\"@graph\":[{\"@type\":\"WebPage\",\"@id\":\"https:\/\/talkpal.ai\/mt\/ezercizzji-tal-grammatika-sinhala\/\",\"url\":\"https:\/\/talkpal.ai\/mt\/ezercizzji-tal-grammatika-sinhala\/\",\"name\":\"E\u017cer\u010bizzji tal-Grammatika Sinhala - Talkpal\",\"isPartOf\":{\"@id\":\"https:\/\/talkpal.ai\/mt\/#website\"},\"datePublished\":\"2025-11-12T16:46:50+00:00\",\"dateModified\":\"2025-12-30T11:07:11+00:00\",\"description\":\"Immani\u0121\u0121ja l-grammatika Sinhala b'e\u017cer\u010bizzji interattivi li jkopru nomi, verbi, u tempi biex ittejjeb il-fluwenza tieg\u0127ek fil-lingwa b'mod effettiv.\",\"breadcrumb\":{\"@id\":\"https:\/\/talkpal.ai\/mt\/ezercizzji-tal-grammatika-sinhala\/#breadcrumb\"},\"inLanguage\":\"mt-MT\",\"potentialAction\":[{\"@type\":\"ReadAction\",\"target\":[\"https:\/\/talkpal.ai\/mt\/ezercizzji-tal-grammatika-sinhala\/\"]}]},{\"@type\":\"BreadcrumbList\",\"@id\":\"https:\/\/talkpal.ai\/mt\/ezercizzji-tal-grammatika-sinhala\/#breadcrumb\",\"itemListElement\":[{\"@type\":\"ListItem\",\"position\":1,\"name\":\"Homepage\",\"item\":\"https:\/\/talkpal.ai\/mt\/\"},{\"@type\":\"ListItem\",\"position\":2,\"name\":\"E\u017cer\u010bizzji tal-Grammatika Sinhala\"}]},{\"@type\":\"WebSite\",\"@id\":\"https:\/\/talkpal.ai\/mt\/#website\",\"url\":\"https:\/\/talkpal.ai\/mt\/\",\"name\":\"Talkpal\",\"description\":\"AI Language Learning\",\"publisher\":{\"@id\":\"https:\/\/talkpal.ai\/mt\/#organization\"},\"alternateName\":\"Talkpal AI\",\"potentialAction\":[{\"@type\":\"SearchAction\",\"target\":{\"@type\":\"EntryPoint\",\"urlTemplate\":\"https:\/\/talkpal.ai\/mt\/?s={search_term_string}\"},\"query-input\":{\"@type\":\"PropertyValueSpecification\",\"valueRequired\":true,\"valueName\":\"search_term_string\"}}],\"inLanguage\":\"mt-MT\"},{\"@type\":\"Organization\",\"@id\":\"https:\/\/talkpal.ai\/mt\/#organization\",\"name\":\"Talkpal, Inc.\",\"alternateName\":\"Talkpal AI\",\"url\":\"https:\/\/talkpal.ai\/mt\/\",\"logo\":{\"@type\":\"ImageObject\",\"inLanguage\":\"mt-MT\",\"@id\":\"https:\/\/talkpal.ai\/mt\/#\/schema\/logo\/image\/\",\"url\":\"https:\/\/talkpal.ai\/wp-content\/uploads\/2024\/03\/Talkpal-Logo-Icon.png\",\"contentUrl\":\"https:\/\/talkpal.ai\/wp-content\/uploads\/2024\/03\/Talkpal-Logo-Icon.png\",\"width\":2880,\"height\":2880,\"caption\":\"Talkpal, Inc.\"},\"image\":{\"@id\":\"https:\/\/talkpal.ai\/mt\/#\/schema\/logo\/image\/\"},\"sameAs\":[\"https:\/\/www.facebook.com\/profile.php?id=100090733639311\",\"https:\/\/x.com\/talkpalai\",\"https:\/\/www.linkedin.com\/company\/talkpal\/\",\"https:\/\/www.youtube.com\/@TalkPal\/\",\"https:\/\/www.tiktok.com\/@talkpal\",\"https:\/\/www.instagram.com\/talkpal_ai\/\",\"https:\/\/www.crunchbase.com\/organization\/talkpal-9cde\",\"https:\/\/www.g2.com\/products\/talkpal-for-business\/\",\"https:\/\/www.trustpilot.com\/review\/talkpal.ai\",\"https:\/\/www.capterra.com\/p\/10006800\/TalkPal\/\"],\"description\":\"Talkpal is a language learning web and mobile education app, powered by the latest AI technologies, that provides engaging experiences to its customers in many different languages to help them improve their language skills. Users can chat about unlimited amount of topics with the app and use other modes to practice their language learning.\",\"email\":\"support@talkpal.ai\",\"legalName\":\"Talkpal, Inc.\",\"foundingDate\":\"2023-04-03\",\"duns\":\"118989042\",\"numberOfEmployees\":{\"@type\":\"QuantitativeValue\",\"minValue\":\"11\",\"maxValue\":\"50\"},\"publishingPrinciples\":\"https:\/\/talkpal.ai\/publishing-principles\/\",\"actionableFeedbackPolicy\":\"https:\/\/talkpal.ai\/actionable-feedback-policy\/\",\"correctionsPolicy\":\"https:\/\/talkpal.ai\/corrections-policy\/\",\"ethicsPolicy\":\"https:\/\/talkpal.ai\/ethics-policy\/\",\"diversityPolicy\":\"https:\/\/talkpal.ai\/diversity-policy\/\",\"diversityStaffingReport\":\"https:\/\/talkpal.ai\/diversity-policy\/\"}]}<\/script>\n<!-- \/ Yoast SEO Premium plugin. -->","yoast_head_json":{"title":"E\u017cer\u010bizzji tal-Grammatika Sinhala - Talkpal","description":"Immani\u0121\u0121ja l-grammatika Sinhala b'e\u017cer\u010bizzji interattivi li jkopru nomi, verbi, u tempi biex ittejjeb il-fluwenza tieg\u0127ek fil-lingwa b'mod effettiv.","robots":{"index":"index","follow":"follow","max-snippet":"max-snippet:-1","max-image-preview":"max-image-preview:large","max-video-preview":"max-video-preview:-1"},"canonical":"https:\/\/talkpal.ai\/mt\/ezercizzji-tal-grammatika-sinhala\/","og_locale":"mt_MT","og_type":"article","og_title":"E\u017cer\u010bizzji tal-Grammatika Sinhala","og_description":"Su\u0121\u0121etti tal-Grammatika Sinhala It-tag\u0127lim ta 'lingwa \u0121dida jista' jkun sforz ta 'sfida i\u017cda ta' sodisfazzjon. Is-Sinhala, lingwa Indo-Arjana mitkellma","og_url":"https:\/\/talkpal.ai\/mt\/ezercizzji-tal-grammatika-sinhala\/","og_site_name":"Talkpal","article_publisher":"https:\/\/www.facebook.com\/profile.php?id=100090733639311","article_modified_time":"2025-12-30T11:07:11+00:00","og_image":[{"width":2880,"height":1620,"url":"https:\/\/talkpal.ai\/wp-content\/uploads\/2025\/02\/Progress-tab-16_9.png","type":"image\/png"}],"twitter_card":"summary_large_image","twitter_site":"@talkpalai","twitter_misc":{"Est. reading time":"3 minutes"},"schema":{"@context":"https:\/\/schema.org","@graph":[{"@type":"WebPage","@id":"https:\/\/talkpal.ai\/mt\/ezercizzji-tal-grammatika-sinhala\/","url":"https:\/\/talkpal.ai\/mt\/ezercizzji-tal-grammatika-sinhala\/","name":"E\u017cer\u010bizzji tal-Grammatika Sinhala - Talkpal","isPartOf":{"@id":"https:\/\/talkpal.ai\/mt\/#website"},"datePublished":"2025-11-12T16:46:50+00:00","dateModified":"2025-12-30T11:07:11+00:00","description":"Immani\u0121\u0121ja l-grammatika Sinhala b'e\u017cer\u010bizzji interattivi li jkopru nomi, verbi, u tempi biex ittejjeb il-fluwenza tieg\u0127ek fil-lingwa b'mod effettiv.","breadcrumb":{"@id":"https:\/\/talkpal.ai\/mt\/ezercizzji-tal-grammatika-sinhala\/#breadcrumb"},"inLanguage":"mt-MT","potentialAction":[{"@type":"ReadAction","target":["https:\/\/talkpal.ai\/mt\/ezercizzji-tal-grammatika-sinhala\/"]}]},{"@type":"BreadcrumbList","@id":"https:\/\/talkpal.ai\/mt\/ezercizzji-tal-grammatika-sinhala\/#breadcrumb","itemListElement":[{"@type":"ListItem","position":1,"name":"Homepage","item":"https:\/\/talkpal.ai\/mt\/"},{"@type":"ListItem","position":2,"name":"E\u017cer\u010bizzji tal-Grammatika Sinhala"}]},{"@type":"WebSite","@id":"https:\/\/talkpal.ai\/mt\/#website","url":"https:\/\/talkpal.ai\/mt\/","name":"Talkpal","description":"AI Language Learning","publisher":{"@id":"https:\/\/talkpal.ai\/mt\/#organization"},"alternateName":"Talkpal AI","potentialAction":[{"@type":"SearchAction","target":{"@type":"EntryPoint","urlTemplate":"https:\/\/talkpal.ai\/mt\/?s={search_term_string}"},"query-input":{"@type":"PropertyValueSpecification","valueRequired":true,"valueName":"search_term_string"}}],"inLanguage":"mt-MT"},{"@type":"Organization","@id":"https:\/\/talkpal.ai\/mt\/#organization","name":"Talkpal, Inc.","alternateName":"Talkpal AI","url":"https:\/\/talkpal.ai\/mt\/","logo":{"@type":"ImageObject","inLanguage":"mt-MT","@id":"https:\/\/talkpal.ai\/mt\/#\/schema\/logo\/image\/","url":"https:\/\/talkpal.ai\/wp-content\/uploads\/2024\/03\/Talkpal-Logo-Icon.png","contentUrl":"https:\/\/talkpal.ai\/wp-content\/uploads\/2024\/03\/Talkpal-Logo-Icon.png","width":2880,"height":2880,"caption":"Talkpal, Inc."},"image":{"@id":"https:\/\/talkpal.ai\/mt\/#\/schema\/logo\/image\/"},"sameAs":["https:\/\/www.facebook.com\/profile.php?id=100090733639311","https:\/\/x.com\/talkpalai","https:\/\/www.linkedin.com\/company\/talkpal\/","https:\/\/www.youtube.com\/@TalkPal\/","https:\/\/www.tiktok.com\/@talkpal","https:\/\/www.instagram.com\/talkpal_ai\/","https:\/\/www.crunchbase.com\/organization\/talkpal-9cde","https:\/\/www.g2.com\/products\/talkpal-for-business\/","https:\/\/www.trustpilot.com\/review\/talkpal.ai","https:\/\/www.capterra.com\/p\/10006800\/TalkPal\/"],"description":"Talkpal is a language learning web and mobile education app, powered by the latest AI technologies, that provides engaging experiences to its customers in many different languages to help them improve their language skills. Users can chat about unlimited amount of topics with the app and use other modes to practice their language learning.","email":"support@talkpal.ai","legalName":"Talkpal, Inc.","foundingDate":"2023-04-03","duns":"118989042","numberOfEmployees":{"@type":"QuantitativeValue","minValue":"11","maxValue":"50"},"publishingPrinciples":"https:\/\/talkpal.ai\/publishing-principles\/","actionableFeedbackPolicy":"https:\/\/talkpal.ai\/actionable-feedback-policy\/","correctionsPolicy":"https:\/\/talkpal.ai\/corrections-policy\/","ethicsPolicy":"https:\/\/talkpal.ai\/ethics-policy\/","diversityPolicy":"https:\/\/talkpal.ai\/diversity-policy\/","diversityStaffingReport":"https:\/\/talkpal.ai\/diversity-policy\/"}]}},"_links":{"self":[{"href":"https:\/\/talkpal.ai\/mt\/wp-json\/wp\/v2\/pages\/1477039","targetHints":{"allow":["GET"]}}],"collection":[{"href":"https:\/\/talkpal.ai\/mt\/wp-json\/wp\/v2\/pages"}],"about":[{"href":"https:\/\/talkpal.ai\/mt\/wp-json\/wp\/v2\/types\/page"}],"author":[{"embeddable":true,"href":"https:\/\/talkpal.ai\/mt\/wp-json\/wp\/v2\/users\/20"}],"replies":[{"embeddable":true,"href":"https:\/\/talkpal.ai\/mt\/wp-json\/wp\/v2\/comments?post=1477039"}],"version-history":[{"count":0,"href":"https:\/\/talkpal.ai\/mt\/wp-json\/wp\/v2\/pages\/1477039\/revisions"}],"wp:attachment":[{"href":"https:\/\/talkpal.ai\/mt\/wp-json\/wp\/v2\/media?parent=1477039"}],"curies":[{"name":"wp","href":"https:\/\/api.w.org\/{rel}","templated":true}]}}