{"id":1476900,"date":"2025-11-12T16:07:26","date_gmt":"2025-11-12T16:07:26","guid":{"rendered":"https:\/\/talkpal.ai\/grammatika-oriya\/"},"modified":"2025-12-30T12:44:59","modified_gmt":"2025-12-30T12:44:59","slug":"grammatika-oriya","status":"publish","type":"page","link":"https:\/\/talkpal.ai\/mt\/grammatika-oriya\/","title":{"rendered":"Grammatika Odia"},"content":{"rendered":"\r\n\r\n\r\n<section class=\"languageChallengeSection\">\r\n    <div class=\"languageInfoWrapper\">\r\n        \r\n        <h1>Grammatika Odia<\/h1>\r\n        <p>Il-grammatika <a href=\"https:\/\/talkpal.ai\/learn-odia\/\">Odia<\/a> tista&#039; tidher diffi\u010bli fl-ewwel, i\u017cda l-karatteristi\u010bi uni\u010bi tag\u0127ha jag\u0127mlu t-tag\u0127lim tal-lingwa esperjenza sodisfa\u010benti. Billi tesplora l-alfabett, il-mutazzjonijiet u r-regoli tal-grammatika tag\u0127ha, int ser tikseb g\u0127arfien dwar tradizzjoni lingwistika rikka. Ibda l-vja\u0121\u0121 tieg\u0127ek u skopri s-sbu\u0127ija ta&#039; Odia!<\/p>\r\n\r\n                            <a class=\"getStartedHidden\" href=\"https:\/\/app.talkpal.ai\/signup?lng=\">Ibda<\/a>\r\n        \r\n    <\/div>\r\n\r\n    <figure>\r\n    <img decoding=\"async\" width=\"768\" height=\"768\" src=\"https:\/\/talkpal.ai\/wp-content\/uploads\/2023\/06\/welsh-768x768.png\" class=\"languageImage no-lazy\" alt=\"Language learning for better cognitive abilities\" fetchpriority=\"high\" sizes=\"(max-width: 768px) 150px, 768px\" srcset=\"https:\/\/talkpal.ai\/wp-content\/uploads\/2023\/06\/welsh-768x768.png 768w, https:\/\/talkpal.ai\/wp-content\/uploads\/2023\/06\/welsh-300x300.png 300w\" \/>\r\n    \r\n\r\n    <\/figure>\r\n\r\n            <a class=\"getStartedVisible\" href=\"https:\/\/app.talkpal.ai\/signup?lng=\">Ibda<\/a>\r\n    \r\n<\/section><section class=\"promotionalBanner\">\r\n    <p class=\"promotionalText\">L-aktar mod effi\u010bjenti biex titg\u0127allem lingwa<\/p>\r\n    <a class=\"promotionalLink\" href=\"https:\/\/app.talkpal.ai\/signup?lng=\">Ipprova Talkpal b&#8217;xejn<\/a>\r\n<\/section>\n<div class=\"wp-block-group pageContainerStyle\"><div class=\"wp-block-group__inner-container is-layout-constrained wp-block-group-is-layout-constrained\">\n<h2 class=\"wp-block-heading\" id=\"h-navigating-the-intricacies-of-odia-grammar\">Navigazzjoni tal-Intri\u010b\u010bi tal-Grammatika Odia<\/h2>\n\n\n\n<p><a href=\"https:\/\/talkpal.ai\/learn-oriya\/\">L-Odia<\/a>, mag\u0127ruf ukoll b\u0127ala Odia, huwa lingwa Indo-Aryana b&#8217;tradizzjoni letterarja rikka u g\u0127eruq kulturali profondi fl-Indja tal-Lvant. Joffri esperjenza lingwistika e\u010b\u010bitanti g\u0127all-istudenti \u0127erqana li jesploraw is-sistema <a href=\"https:\/\/talkpal.ai\/greek-grammar\/\">grammatika<\/a> distintiva tag\u0127ha. Hekk kif tid\u0127ol fid-dinja ta&#8217; Odia, mhux biss se tarrikkixxi r-repertorju lingwistiku tieg\u0127ek i\u017cda wkoll ta\u010b\u010betta vja\u0121\u0121 kulturali affaxxinanti. Filwaqt li l-grammatika Odia tista&#8217; tidher kumplessa fl-ewwel, id-difi\u017ca tag\u0127ha f&#8217;komponenti ewlenin tag\u0127mel it-tag\u0127lim tal-lingwa aktar a\u010b\u010bessibbli. F&#8217;dan l-artiklu, se nesploraw id-dinja affaxxinanti tal-grammatika Odia u nipprovdu pariri dwar kif tista&#8217; tikkontrolla l-kumplessitajiet tag\u0127ha.<\/p>\n\n\n\n<h3 class=\"wp-block-heading\" id=\"h-1-odia-alphabet-and-phonetics\">1. Alfabett Odia u Fonetika<\/h3>\n\n\n\n<p>L-iskrittura Odia hija abugida b&#8217;11-il vokali u madwar 35 konsonanti, flimkien ma&#8217; diakriti\u010bi u konsonanti kon\u0121unti. Jinkludi \u0127sejjes retroflex u aspirati li huma karatteristi\u010bi tal-lingwi Indo-Arjani. Il-familjarit\u00e0 mal-iskrittura, is-sinjali tal-vokali, u l-gruppi tal-kon\u0121unzjoni hija kru\u010bjali g\u0127all-\u0127akma tal-pronunzja u l-qari. Ipprattika billi taqra u tikteb bl-Odia biex tintegra l-korrispondenza bejn il-\u0127oss u s-simbolu.<\/p>\n\n\n\n<h3 class=\"wp-block-heading\" id=\"h-2-case-markers-and-postpositions-a-distinctive-odia-feature\">2. Case Markers u Postpositions: Karatteristika Distintiva Odia<\/h3>\n\n\n\n<p>Aspett notevoli tal-grammatika Odia huwa l-u\u017cu ta&#8217; markaturi ta&#8217; ka\u017cijiet u postpo\u017cizzjonijiet minflok prepo\u017cizzjonijiet. Markaturi komuni jinkludu ku g\u0127al rwoli akku\u017cati u dattivi, ra g\u0127al \u0121enittiv, re g\u0127al lokattiv, ru g\u0127al ablattiv, saha g\u0127al kumitativ, dwara g\u0127al strumentali jew a\u0121enti, u u\u0121ig\u0127 g\u0127al skop. Il-fehim ta&#8217; kif dawn il-markaturi jing\u0127aqdu ma&#8217; sustanzi u pronomi huwa vitali g\u0127al komunikazzjoni pre\u010bi\u017ca fl-Odia.<\/p>\n\n\n\n<h3 class=\"wp-block-heading\" id=\"h-3-nouns-and-pronouns-gender-and-cases\">3. Nomi u Pronomi: \u0120eneru u Ka\u017cijiet<\/h3>\n\n\n\n<p>In-sustantivi Odia m&#8217;g\u0127andhomx \u0121eneru grammatikali, u l-pluralizzazzjoni tvarja skont it-tip ta&#8217; isem u l-kuntest. Nomi umani u animati spiss jie\u0127du s-suffiss plural -mane, filwaqt li nomi inanimati jistg\u0127u ju\u017caw -gudika jew jibqg\u0127u mhux immarkati meta l-pluralit\u00e0 tkun \u010bara mill-kuntest. Il-pronomi jinkludu settijiet personali, possessivi, riflessivi, dimostrattivi u interrogattivi, b&#8217;distinzjonijiet onorifi\u010bi: mu I, tume you informali, apana you polite, se he or she, semane them. Possessivi jinkludu <a href=\"https:\/\/talkpal.ai\/locations\/language-courses-in-mora\/\">mora<\/a> tieg\u0127i, tora tieg\u0127ek, apanangkara edukat tieg\u0127ek, tara tieg\u0127u jew tag\u0127ha. Li ssir familjari ma&#8217; dawn il-formoli u l-varjanti tag\u0127hom b&#8217;marka ka\u017cwali se jtejjeb b&#8217;mod sinifikanti l-fehim tieg\u0127ek tal-grammatika Odia.<\/p>\n\n\n\n<h3 class=\"wp-block-heading\" id=\"h-4-verbs-structure-and-conjugation\">4. Verbi: Struttura u Konjugazzjoni<\/h3>\n\n\n\n<p>Il-verbi Odia jifflektu g\u0127al \u017cmien, aspett, mod, u qbil, b&#8217;livelli onorifi\u010bi li jaffettwaw il-formi tal-verbi. Il-formazzjonijiet tal-aspett tat-temp tal-qalba jinkludu l-progressiv pre\u017centi f&#8217;-uchi, il-passat sempli\u010bi f&#8217;-ila, u l-futur f&#8217;-iba, flimkien ma &#8216;kostruzzjonijiet komposti u aw\u017ciljarji. Burdati kondizzjonali u imperattivi jintu\u017caw b&#8217;mod attiv. It-tag\u0127lim tal-mudelli ta&#8217; kon\u0121ugazzjoni u kif jintera\u0121ixxu mal-persuna u l-politezza se jtejjeb il-kapa\u010bit\u00e0 tieg\u0127ek li tikkomunika b&#8217;mod effettiv fl-Odia.<\/p>\n\n\n\n<h3 class=\"wp-block-heading\" id=\"h-5-adjectives-agreement-and-placement\">5. A\u0121\u0121ettivi: Ftehim u Tqeg\u0127id<\/h3>\n\n\n\n<p>Fil-grammatika Odia, l-aggettivi tipikament imorru qabel in-sostantiv li jimmodifikaw u \u0121eneralment ma jinbidlux g\u0127al numru jew \u0121eneru. Il-komparattivi u s-superlattivi huma komunement iffurmati b&#8217;avverbji b\u0127al adhika more u sabutharu most, g\u0127alkemm il-forom tat-tatsama jistg\u0127u ju\u017caw ukoll suffissi fir-re\u0121istri formali. Il-\u0127akma ta &#8216;dawn il-mudelli tg\u0127in biex id-diskors jinstema&#8217; naturali u idjomatiku.<\/p>\n\n\n\n<p><strong>E\u017cempji:<\/strong><\/p>\n\n\n\n<p><strong>\u2013 Bada Prema (Im\u0127abba Kbira)  <\/strong><\/p>\n\n\n\n<p><strong>\u2013 chhota pilamane (tfal \u017cg\u0127ar)<\/strong><\/p>\n\n\n\n<h3 class=\"wp-block-heading\" id=\"h-6-engaging-with-the-language\">6. Involviment mal-lingwa<\/h3>\n\n\n\n<p>L-iktar mod effettiv biex tifhem u tintegra b&#8217;mod s\u0127i\u0127 il-grammatika Odia huwa li tikkonfronta kontinwament mal-lingwa. Billi taqra letteratura Odia, tara films jew serje televi\u017civi Odia, issegwi a\u0127barijiet Odia, u tikkomunika attivament ma&#8217; kelliema nattivi, se tissa\u0127\u0127a\u0127 il-fehim tieg\u0127ek tal-grammatika filwaqt li tespandi l-vokabularju tieg\u0127ek.<\/p>\n\n\n\n<h3 class=\"wp-block-heading\" id=\"h-conclusion\">Konklu\u017cjoni<\/h3>\n\n\n\n<p>G\u0127alkemm il-grammatika Odia tista&#8217; tidher kumplessa, tista&#8217; ssir profi\u010bjenti f&#8217;din il-lingwa sabi\u0127a b&#8217;dedikazzjoni, prattika u entu\u017cja\u017cmu. Billi tiffoka fuq ir-regoli fundamentali u tinvolvi ru\u0127ek mal-lingwa f&#8217;kuntesti differenti, se ttejjeb malajr <a href=\"https:\/\/talkpal.ai\/mt\/grammatika\/\">il-\u0127iliet tieg\u0127ek fil-grammatika<\/a> Odia. Subha kamana (xorti tajba) bil-vja\u0121\u0121 tieg\u0127ek bil-lingwa Odia, u gawdi li tiskopri d-dinja eleganti i\u017cda affaxxinanti tal-grammatika tal-Odia!<\/p>\n<\/div><\/div>\n\r\n<section class=\"learnNavigationSection\">\r\n            \r\n        <a href=\"https:\/\/talkpal.ai\/mt\/tghallem-oriya\/\">\r\n            <div class=\"learnNavigationWrapper\">\r\n                <div class=\"learnNavigationContent\">\r\n                    <img decoding=\"async\" src=\"https:\/\/talkpal.ai\/wp-content\/uploads\/2025\/11\/Oriya.png\" alt=\"Indian Simplified Flag\">\r\n                    <div>\r\n                        <h4>Dwar it-tag\u0127lim tal-Odia<\/h4>\r\n                        <p>Skopri kollox dwar il-Grammatika Odia.<\/p>\r\n                    <\/div>\r\n                <\/div>\r\n            <\/div>\r\n        <\/a>\r\n\r\n        \r\n        <a href=\"https:\/\/talkpal.ai\/mt\/ezercizzji-tal-grammatika-oriya\/\">\r\n            <div class=\"learnNavigationWrapper\">\r\n                <div class=\"learnNavigationContent\">\r\n                    <img decoding=\"async\" src=\"https:\/\/talkpal.ai\/wp-content\/uploads\/2025\/11\/Oriya.png\" alt=\"Indian Simplified Flag\">\r\n                    <div>\r\n                        <h4>E\u017cer\u010bizzju tal-Grammatika Odia<\/h4>\r\n                        <p>Ipprattika l-grammatika Odia.<\/p>\r\n                    <\/div>\r\n                <\/div>\r\n            <\/div>\r\n        <\/a>\r\n\r\n            <\/section>","protected":false},"excerpt":{"rendered":"<p>Navigazzjoni tal-Intri\u010b\u010bi tal-Grammatika Odia L-Odia, mag\u0127ruf ukoll b\u0127ala Odia, huwa lingwa Indo-Aryana b&#8217;tradizzjoni letterarja rikka u g\u0127eruq kulturali profondi fl-Indja tal-Lvant. Joffri esperjenza lingwistika e\u010b\u010bitanti g\u0127all-istudenti \u0127erqana li jesploraw is-sistema grammatika distintiva tag\u0127ha. Hekk kif tid\u0127ol fid-dinja ta&#8217; Odia, mhux biss se tarrikkixxi r-repertorju lingwistiku tieg\u0127ek i\u017cda wkoll ta\u010b\u010betta vja\u0121\u0121 kulturali affaxxinanti. Filwaqt li l-grammatika [&hellip;]<\/p>\n","protected":false},"author":20,"featured_media":0,"parent":0,"menu_order":0,"comment_status":"closed","ping_status":"closed","template":"LearningContentPage.php","meta":{"_acf_changed":false,"footnotes":""},"class_list":["post-1476900","page","type-page","status-publish","hentry"],"acf":[],"yoast_head":"<!-- This site is optimized with the Yoast SEO Premium plugin v27.2 (Yoast SEO v27.2) - https:\/\/yoast.com\/product\/yoast-seo-premium-wordpress\/ -->\n<title>Grammatika Odia - Talkpal<\/title>\n<meta name=\"description\" content=\"Immani\u0121\u0121ja l-essenzjali tal-grammatika tal-Odia inklu\u017c l-alfabett, il-markaturi tal-ka\u017c, u l-verbi bil-gwida komprensiva tag\u0127na g\u0127at-tag\u0127lim tal-lingwi.\" \/>\n<meta name=\"robots\" content=\"index, follow, max-snippet:-1, max-image-preview:large, max-video-preview:-1\" \/>\n<link rel=\"canonical\" href=\"https:\/\/talkpal.ai\/mt\/grammatika-oriya\/\" \/>\n<meta property=\"og:locale\" content=\"mt_MT\" \/>\n<meta property=\"og:type\" content=\"article\" \/>\n<meta property=\"og:title\" content=\"Grammatika Odia\" \/>\n<meta property=\"og:description\" content=\"Navigazzjoni tal-Intri\u010b\u010bi tal-Grammatika Odia L-Odia, mag\u0127ruf ukoll b\u0127ala Odia, huwa lingwa Indo-Aryana b&#039;tradizzjoni letterarja rikka u g\u0127eruq kulturali\" \/>\n<meta property=\"og:url\" content=\"https:\/\/talkpal.ai\/mt\/grammatika-oriya\/\" \/>\n<meta property=\"og:site_name\" content=\"Talkpal\" \/>\n<meta property=\"article:publisher\" content=\"https:\/\/www.facebook.com\/profile.php?id=100090733639311\" \/>\n<meta property=\"article:modified_time\" content=\"2025-12-30T12:44:59+00:00\" \/>\n<meta property=\"og:image\" content=\"https:\/\/talkpal.ai\/wp-content\/uploads\/2025\/02\/Progress-tab-16_9.png\" \/>\n\t<meta property=\"og:image:width\" content=\"2880\" \/>\n\t<meta property=\"og:image:height\" content=\"1620\" \/>\n\t<meta property=\"og:image:type\" content=\"image\/png\" \/>\n<meta name=\"twitter:card\" content=\"summary_large_image\" \/>\n<meta name=\"twitter:site\" content=\"@talkpalai\" \/>\n<meta name=\"twitter:label1\" content=\"Est. reading time\" \/>\n\t<meta name=\"twitter:data1\" content=\"3 minutes\" \/>\n<script type=\"application\/ld+json\" class=\"yoast-schema-graph\">{\"@context\":\"https:\/\/schema.org\",\"@graph\":[{\"@type\":\"WebPage\",\"@id\":\"https:\/\/talkpal.ai\/mt\/grammatika-oriya\/\",\"url\":\"https:\/\/talkpal.ai\/mt\/grammatika-oriya\/\",\"name\":\"Grammatika Odia - Talkpal\",\"isPartOf\":{\"@id\":\"https:\/\/talkpal.ai\/mt\/#website\"},\"datePublished\":\"2025-11-12T16:07:26+00:00\",\"dateModified\":\"2025-12-30T12:44:59+00:00\",\"description\":\"Immani\u0121\u0121ja l-essenzjali tal-grammatika tal-Odia inklu\u017c l-alfabett, il-markaturi tal-ka\u017c, u l-verbi bil-gwida komprensiva tag\u0127na g\u0127at-tag\u0127lim tal-lingwi.\",\"breadcrumb\":{\"@id\":\"https:\/\/talkpal.ai\/mt\/grammatika-oriya\/#breadcrumb\"},\"inLanguage\":\"mt-MT\",\"potentialAction\":[{\"@type\":\"ReadAction\",\"target\":[\"https:\/\/talkpal.ai\/mt\/grammatika-oriya\/\"]}]},{\"@type\":\"BreadcrumbList\",\"@id\":\"https:\/\/talkpal.ai\/mt\/grammatika-oriya\/#breadcrumb\",\"itemListElement\":[{\"@type\":\"ListItem\",\"position\":1,\"name\":\"Homepage\",\"item\":\"https:\/\/talkpal.ai\/mt\/\"},{\"@type\":\"ListItem\",\"position\":2,\"name\":\"Grammatika Odia\"}]},{\"@type\":\"WebSite\",\"@id\":\"https:\/\/talkpal.ai\/mt\/#website\",\"url\":\"https:\/\/talkpal.ai\/mt\/\",\"name\":\"Talkpal\",\"description\":\"AI Language Learning\",\"publisher\":{\"@id\":\"https:\/\/talkpal.ai\/mt\/#organization\"},\"alternateName\":\"Talkpal AI\",\"potentialAction\":[{\"@type\":\"SearchAction\",\"target\":{\"@type\":\"EntryPoint\",\"urlTemplate\":\"https:\/\/talkpal.ai\/mt\/?s={search_term_string}\"},\"query-input\":{\"@type\":\"PropertyValueSpecification\",\"valueRequired\":true,\"valueName\":\"search_term_string\"}}],\"inLanguage\":\"mt-MT\"},{\"@type\":\"Organization\",\"@id\":\"https:\/\/talkpal.ai\/mt\/#organization\",\"name\":\"Talkpal, Inc.\",\"alternateName\":\"Talkpal AI\",\"url\":\"https:\/\/talkpal.ai\/mt\/\",\"logo\":{\"@type\":\"ImageObject\",\"inLanguage\":\"mt-MT\",\"@id\":\"https:\/\/talkpal.ai\/mt\/#\/schema\/logo\/image\/\",\"url\":\"https:\/\/talkpal.ai\/wp-content\/uploads\/2024\/03\/Talkpal-Logo-Icon.png\",\"contentUrl\":\"https:\/\/talkpal.ai\/wp-content\/uploads\/2024\/03\/Talkpal-Logo-Icon.png\",\"width\":2880,\"height\":2880,\"caption\":\"Talkpal, Inc.\"},\"image\":{\"@id\":\"https:\/\/talkpal.ai\/mt\/#\/schema\/logo\/image\/\"},\"sameAs\":[\"https:\/\/www.facebook.com\/profile.php?id=100090733639311\",\"https:\/\/x.com\/talkpalai\",\"https:\/\/www.linkedin.com\/company\/talkpal\/\",\"https:\/\/www.youtube.com\/@TalkPal\/\",\"https:\/\/www.tiktok.com\/@talkpal\",\"https:\/\/www.instagram.com\/talkpal_ai\/\",\"https:\/\/www.crunchbase.com\/organization\/talkpal-9cde\",\"https:\/\/www.g2.com\/products\/talkpal-for-business\/\",\"https:\/\/www.trustpilot.com\/review\/talkpal.ai\",\"https:\/\/www.capterra.com\/p\/10006800\/TalkPal\/\"],\"description\":\"Talkpal is a language learning web and mobile education app, powered by the latest AI technologies, that provides engaging experiences to its customers in many different languages to help them improve their language skills. Users can chat about unlimited amount of topics with the app and use other modes to practice their language learning.\",\"email\":\"support@talkpal.ai\",\"legalName\":\"Talkpal, Inc.\",\"foundingDate\":\"2023-04-03\",\"duns\":\"118989042\",\"numberOfEmployees\":{\"@type\":\"QuantitativeValue\",\"minValue\":\"11\",\"maxValue\":\"50\"},\"publishingPrinciples\":\"https:\/\/talkpal.ai\/publishing-principles\/\",\"actionableFeedbackPolicy\":\"https:\/\/talkpal.ai\/actionable-feedback-policy\/\",\"correctionsPolicy\":\"https:\/\/talkpal.ai\/corrections-policy\/\",\"ethicsPolicy\":\"https:\/\/talkpal.ai\/ethics-policy\/\",\"diversityPolicy\":\"https:\/\/talkpal.ai\/diversity-policy\/\",\"diversityStaffingReport\":\"https:\/\/talkpal.ai\/diversity-policy\/\"}]}<\/script>\n<!-- \/ Yoast SEO Premium plugin. -->","yoast_head_json":{"title":"Grammatika Odia - Talkpal","description":"Immani\u0121\u0121ja l-essenzjali tal-grammatika tal-Odia inklu\u017c l-alfabett, il-markaturi tal-ka\u017c, u l-verbi bil-gwida komprensiva tag\u0127na g\u0127at-tag\u0127lim tal-lingwi.","robots":{"index":"index","follow":"follow","max-snippet":"max-snippet:-1","max-image-preview":"max-image-preview:large","max-video-preview":"max-video-preview:-1"},"canonical":"https:\/\/talkpal.ai\/mt\/grammatika-oriya\/","og_locale":"mt_MT","og_type":"article","og_title":"Grammatika Odia","og_description":"Navigazzjoni tal-Intri\u010b\u010bi tal-Grammatika Odia L-Odia, mag\u0127ruf ukoll b\u0127ala Odia, huwa lingwa Indo-Aryana b'tradizzjoni letterarja rikka u g\u0127eruq kulturali","og_url":"https:\/\/talkpal.ai\/mt\/grammatika-oriya\/","og_site_name":"Talkpal","article_publisher":"https:\/\/www.facebook.com\/profile.php?id=100090733639311","article_modified_time":"2025-12-30T12:44:59+00:00","og_image":[{"width":2880,"height":1620,"url":"https:\/\/talkpal.ai\/wp-content\/uploads\/2025\/02\/Progress-tab-16_9.png","type":"image\/png"}],"twitter_card":"summary_large_image","twitter_site":"@talkpalai","twitter_misc":{"Est. reading time":"3 minutes"},"schema":{"@context":"https:\/\/schema.org","@graph":[{"@type":"WebPage","@id":"https:\/\/talkpal.ai\/mt\/grammatika-oriya\/","url":"https:\/\/talkpal.ai\/mt\/grammatika-oriya\/","name":"Grammatika Odia - Talkpal","isPartOf":{"@id":"https:\/\/talkpal.ai\/mt\/#website"},"datePublished":"2025-11-12T16:07:26+00:00","dateModified":"2025-12-30T12:44:59+00:00","description":"Immani\u0121\u0121ja l-essenzjali tal-grammatika tal-Odia inklu\u017c l-alfabett, il-markaturi tal-ka\u017c, u l-verbi bil-gwida komprensiva tag\u0127na g\u0127at-tag\u0127lim tal-lingwi.","breadcrumb":{"@id":"https:\/\/talkpal.ai\/mt\/grammatika-oriya\/#breadcrumb"},"inLanguage":"mt-MT","potentialAction":[{"@type":"ReadAction","target":["https:\/\/talkpal.ai\/mt\/grammatika-oriya\/"]}]},{"@type":"BreadcrumbList","@id":"https:\/\/talkpal.ai\/mt\/grammatika-oriya\/#breadcrumb","itemListElement":[{"@type":"ListItem","position":1,"name":"Homepage","item":"https:\/\/talkpal.ai\/mt\/"},{"@type":"ListItem","position":2,"name":"Grammatika Odia"}]},{"@type":"WebSite","@id":"https:\/\/talkpal.ai\/mt\/#website","url":"https:\/\/talkpal.ai\/mt\/","name":"Talkpal","description":"AI Language Learning","publisher":{"@id":"https:\/\/talkpal.ai\/mt\/#organization"},"alternateName":"Talkpal AI","potentialAction":[{"@type":"SearchAction","target":{"@type":"EntryPoint","urlTemplate":"https:\/\/talkpal.ai\/mt\/?s={search_term_string}"},"query-input":{"@type":"PropertyValueSpecification","valueRequired":true,"valueName":"search_term_string"}}],"inLanguage":"mt-MT"},{"@type":"Organization","@id":"https:\/\/talkpal.ai\/mt\/#organization","name":"Talkpal, Inc.","alternateName":"Talkpal AI","url":"https:\/\/talkpal.ai\/mt\/","logo":{"@type":"ImageObject","inLanguage":"mt-MT","@id":"https:\/\/talkpal.ai\/mt\/#\/schema\/logo\/image\/","url":"https:\/\/talkpal.ai\/wp-content\/uploads\/2024\/03\/Talkpal-Logo-Icon.png","contentUrl":"https:\/\/talkpal.ai\/wp-content\/uploads\/2024\/03\/Talkpal-Logo-Icon.png","width":2880,"height":2880,"caption":"Talkpal, Inc."},"image":{"@id":"https:\/\/talkpal.ai\/mt\/#\/schema\/logo\/image\/"},"sameAs":["https:\/\/www.facebook.com\/profile.php?id=100090733639311","https:\/\/x.com\/talkpalai","https:\/\/www.linkedin.com\/company\/talkpal\/","https:\/\/www.youtube.com\/@TalkPal\/","https:\/\/www.tiktok.com\/@talkpal","https:\/\/www.instagram.com\/talkpal_ai\/","https:\/\/www.crunchbase.com\/organization\/talkpal-9cde","https:\/\/www.g2.com\/products\/talkpal-for-business\/","https:\/\/www.trustpilot.com\/review\/talkpal.ai","https:\/\/www.capterra.com\/p\/10006800\/TalkPal\/"],"description":"Talkpal is a language learning web and mobile education app, powered by the latest AI technologies, that provides engaging experiences to its customers in many different languages to help them improve their language skills. Users can chat about unlimited amount of topics with the app and use other modes to practice their language learning.","email":"support@talkpal.ai","legalName":"Talkpal, Inc.","foundingDate":"2023-04-03","duns":"118989042","numberOfEmployees":{"@type":"QuantitativeValue","minValue":"11","maxValue":"50"},"publishingPrinciples":"https:\/\/talkpal.ai\/publishing-principles\/","actionableFeedbackPolicy":"https:\/\/talkpal.ai\/actionable-feedback-policy\/","correctionsPolicy":"https:\/\/talkpal.ai\/corrections-policy\/","ethicsPolicy":"https:\/\/talkpal.ai\/ethics-policy\/","diversityPolicy":"https:\/\/talkpal.ai\/diversity-policy\/","diversityStaffingReport":"https:\/\/talkpal.ai\/diversity-policy\/"}]}},"_links":{"self":[{"href":"https:\/\/talkpal.ai\/mt\/wp-json\/wp\/v2\/pages\/1476900","targetHints":{"allow":["GET"]}}],"collection":[{"href":"https:\/\/talkpal.ai\/mt\/wp-json\/wp\/v2\/pages"}],"about":[{"href":"https:\/\/talkpal.ai\/mt\/wp-json\/wp\/v2\/types\/page"}],"author":[{"embeddable":true,"href":"https:\/\/talkpal.ai\/mt\/wp-json\/wp\/v2\/users\/20"}],"replies":[{"embeddable":true,"href":"https:\/\/talkpal.ai\/mt\/wp-json\/wp\/v2\/comments?post=1476900"}],"version-history":[{"count":0,"href":"https:\/\/talkpal.ai\/mt\/wp-json\/wp\/v2\/pages\/1476900\/revisions"}],"wp:attachment":[{"href":"https:\/\/talkpal.ai\/mt\/wp-json\/wp\/v2\/media?parent=1476900"}],"curies":[{"name":"wp","href":"https:\/\/api.w.org\/{rel}","templated":true}]}}