{"id":1476856,"date":"2025-11-12T15:57:04","date_gmt":"2025-11-12T15:57:04","guid":{"rendered":"https:\/\/talkpal.ai\/grammatika-tal-mongolja\/"},"modified":"2025-12-30T13:38:12","modified_gmt":"2025-12-30T13:38:12","slug":"grammatika-tal-mongolja","status":"publish","type":"page","link":"https:\/\/talkpal.ai\/mt\/grammatika-tal-mongolja\/","title":{"rendered":"Grammatika tal-Mongolja"},"content":{"rendered":"\r\n\r\n\r\n<section class=\"languageChallengeSection\">\r\n    <div class=\"languageInfoWrapper\">\r\n        \r\n        <h1>Grammatika tal-Mongolja<\/h1>\r\n        <p>Il-grammatika Mongoljana tista&#039; tidher ta&#039; sfida g\u0127all-ewwel, i\u017cda l-karatteristi\u010bi uni\u010bi tag\u0127ha jag\u0127mlu t-tag\u0127lim tal-lingwa esperjenza ta&#039; sodisfazzjon. Billi tesplora l-alfabett, il-mutazzjonijiet u r-regoli tal-grammatika tag\u0127ha, int ser tikseb g\u0127arfien dwar tradizzjoni lingwistika rikka. Ibda l-vja\u0121\u0121 tieg\u0127ek u skopri s-sbu\u0127ija tal-Mongoljan!<\/p>\r\n\r\n                            <a class=\"getStartedHidden\" href=\"https:\/\/app.talkpal.ai\/signup?lng=\">Ibda<\/a>\r\n        \r\n    <\/div>\r\n\r\n    <figure>\r\n    <img decoding=\"async\" width=\"768\" height=\"768\" src=\"https:\/\/talkpal.ai\/wp-content\/uploads\/2023\/06\/welsh-768x768.png\" class=\"languageImage no-lazy\" alt=\"Language learning for better cognitive abilities\" fetchpriority=\"high\" sizes=\"(max-width: 768px) 150px, 768px\" srcset=\"https:\/\/talkpal.ai\/wp-content\/uploads\/2023\/06\/welsh-768x768.png 768w, https:\/\/talkpal.ai\/wp-content\/uploads\/2023\/06\/welsh-300x300.png 300w\" \/>\r\n    \r\n\r\n    <\/figure>\r\n\r\n            <a class=\"getStartedVisible\" href=\"https:\/\/app.talkpal.ai\/signup?lng=\">Ibda<\/a>\r\n    \r\n<\/section><section class=\"promotionalBanner\">\r\n    <p class=\"promotionalText\">L-aktar mod effi\u010bjenti biex titg\u0127allem lingwa<\/p>\r\n    <a class=\"promotionalLink\" href=\"https:\/\/app.talkpal.ai\/signup?lng=\">Ipprova Talkpal b&#8217;xejn<\/a>\r\n<\/section>\n<div class=\"wp-block-group pageContainerStyle\"><div class=\"wp-block-group__inner-container is-layout-constrained wp-block-group-is-layout-constrained\">\n<h2 class=\"wp-block-heading\" id=\"h-navigating-the-intricacies-of-mongolian-grammar\">Navigating the Intricacies of Mongolian Grammar<\/h2>\n\n\n\n<p><a href=\"https:\/\/talkpal.ai\/mt\/tghallem-il-mongoljan\/\">Il-Mongoljan<\/a>, lingwa Mongolika bi storja rikka u sinifikat kulturali, toffri esperjenza lingwistika e\u010b\u010bitanti g\u0127al dawk \u0127erqana li jesploraw is-sistema grammatikali unika tag\u0127ha. Hekk kif tid\u0127ol fl-isfera tal-Mongoljan, mhux biss tarrikkixxi r-repertorju lingwistiku tieg\u0127ek i\u017cda t\u0127addan ukoll vja\u0121\u0121 kulturali affaxxinanti. Filwaqt li l-grammatika Mongoljana tista &#8216;tidher ikkumplikata g\u0127all-ewwel, it-tqassim tag\u0127ha f&#8217;komponenti ewlenin jag\u0127mel it-tag\u0127lim tal-lingwa aktar a\u010b\u010bessibbli. F&#8217;dan l-artikolu, se nesploraw id-dinja captivating tal-grammatika Mongoljana u nipprovdu pariri dwar kif tikkontrolla l-kumplessitajiet tag\u0127ha.<\/p>\n\n\n\n<h3 class=\"wp-block-heading\" id=\"h-1-mongolian-alphabet-and-phonetics\">1. Alfabett u Fonetika tal-Mongolja<\/h3>\n\n\n\n<p>L-alfabett <a href=\"https:\/\/talkpal.ai\/learn-mongolian\/\">Mongoljan<\/a> u\u017cat fil-Mongolja moderna huwa \u010airilliku u jinkludi 35 ittra, inklu\u017ci karattri uni\u010bi g\u0127al-lingwa b\u0127al \u04e8 \u04e9 u \u04ae \u04af. Hemm ukoll l-iskrittura Mongoljana vertikali <a href=\"https:\/\/talkpal.ai\/will-ai-kill-traditional-language-learning\/\">tradizzjonali<\/a> u\u017cata fil-Mongolja Interna. Biex titg\u0127allem il-grammatika Mongoljana, huwa kru\u010bjali li ssir familjari ma &#8216;dawn is-sistemi ta&#8217; kitba billi tipprattika l-qari u l-kitba bil-Mongoljan.<\/p>\n\n\n\n<h3 class=\"wp-block-heading\" id=\"h-2-vowel-harmony-a-peculiar-mongolian-feature\">2. Armonija tal-Vokali: Karatteristika Mongoljana Partikolari<\/h3>\n\n\n\n<p>Wie\u0127ed mill-aspetti l-aktar impressjonanti tal-grammatika Mongoljana huwa l-armonija tal-vokali, li tirregola kif is-suffissi jinbidlu biex jaqblu mal-vokali tal-g\u0127erq. Is-suffissi tipikament ji\u0121u fil-varjanti tal-vokali ta&#8217; quddiem u ta&#8217; wara, u \u010berti konsonanti jew vokali fis-suffissi jalternaw skont il-kuntest fonolo\u0121iku. Il-fehim ta &#8216;meta u kif dawn l-armoniji u alternazzjonijiet ise\u0127\u0127u huwa vitali g\u0127al komunikazzjoni pre\u010bi\u017ca fil-Mongoljan.<\/p>\n\n\n\n<h3 class=\"wp-block-heading\" id=\"h-3-nouns-and-pronouns-gender-and-cases\">3. Nomi u Pronomi: \u0120eneru u Ka\u017cijiet<\/h3>\n\n\n\n<p>Nomi Mongoljani m&#8217;g\u0127andhomx \u0121eneru grammatikali, i\u017cda jie\u0127du sett rikk ta &#8216;truf ta&#8217; ka\u017c biex jimmarkaw relazzjonijiet b\u0127al pussess, direzzjoni, post, u strument. Il-formazzjoni tal-plural tvarja, komunement tu\u017ca -\u0443\u0443\u0434 jew -\u04af\u04af\u0434 skont l-armonija tal-vokali, u -\u043d\u0430\u0440 spiss tintu\u017ca g\u0127an-nies. Il-pronomi fil-Mongoljan jinkludu <a href=\"https:\/\/talkpal.ai\/ar\/grammar_exercises\/pronomi-personali-%d8%aa%d9%85%d8%a7%d8%b1%d9%8a%d9%86-%d9%84%d9%84%d9%82%d9%88%d8%a7%d8%b9%d8%af-%d8%a7%d9%84%d8%a5%d9%8a%d8%b7%d8%a7%d9%84%d9%8a%d8%a9\/\">pronomi personali<\/a>, possessivi, riflessivi, dimostrattivi u interrogattivi. Li ssir familjari ma &#8216;dawn il-pronomi u l-forom tag\u0127hom se jtejjeb b&#8217;mod sinifikanti l-fehim tieg\u0127ek tal-grammatika Mongoljana.<\/p>\n\n\n\n<h3 class=\"wp-block-heading\" id=\"h-4-verbs-structure-and-conjugation\">4. Verbi: Struttura u Konjugazzjoni<\/h3>\n\n\n\n<p>Il-verbi Mongoljani jibnu t-temp, l-aspett, il-burdata, u l-evidenzjalit\u00e0 permezz ta &#8216;suffissi aktar milli ftehim estensiv tal-persuna. Forom finiti essenzjali jinkludu -\u043d\u0430 g\u0127al non-passat, -\u0441\u0430\u043d jew -\u0441\u044d\u043d g\u0127all-passat, u -\u0434\u0430\u0433 jew -\u0434\u044d\u0433 g\u0127al abitwali, b&#8217;aspett progressiv komunement espress b&#8217;kostruzzjonijiet \u0431\u0430\u0439\u043d\u0430. Il-lingwa tu\u017ca wkoll forom kondizzjonali, imperattivi u orattivi. It-tag\u0127lim tar-regoli tal-formazzjoni tal-verbi u l-mudelli aw\u017ciljarji se jtejjeb il-\u0127ila tieg\u0127ek li tikkomunika b&#8217;mod effettiv bil-Mongoljan.<\/p>\n\n\n\n<h3 class=\"wp-block-heading\" id=\"h-5-adjectives-agreement-and-placement\">5. A\u0121\u0121ettivi: Ftehim u Tqeg\u0127id<\/h3>\n\n\n\n<p>Fil-grammatika Mongoljana, l-a\u0121\u0121ettivi tipikament jippre\u010bedu n-nom li jimmodifikaw u ma jaqblux fin-numru jew fil-\u0121eneru man-nom. It-tqabbil huwa spiss espress b&#8217;mod analitiku, bl-u\u017cu ta &#8216;\u0438\u043b\u04af\u04af g\u0127all-komparattiv u \u0445\u0430\u043c\u0433\u0438\u0439\u043d g\u0127as-superlattiv, li huma essenzjali biex jitg\u0127allmu jikkomunikaw b&#8217;mod aktar naturali.<\/p>\n\n\n\n<p><strong>E\u017cempji:<\/strong><\/p>\n\n\n\n<p><strong>&#8211; \u0438\u0445 \u0445\u0430\u0439\u0440 (im\u0127abba kbira)  <\/strong><\/p>\n\n\n\n<p><strong>\u2013 \u0436\u0438\u0436\u0438\u0433 \u0445\u04af\u04af\u0445\u0434\u04af\u04af\u0434 (tfal \u017cg\u0127ar)<\/strong><\/p>\n\n\n\n<h3 class=\"wp-block-heading\" id=\"h-6-engaging-with-the-language\">6. Involviment mal-lingwa<\/h3>\n\n\n\n<p>L-aktar mod effettiv biex tifhem bis-s\u0127i\u0127 u tinternalizza l-grammatika tal-Mongolja huwa li timpenja ru\u0127ha b&#8217;mod konsistenti mal-lingwa. Billi taqra l-letteratura Mongoljana, tara films jew serje televi\u017civi Mongoljani, u tikkomunika b&#8217;mod attiv ma &#8216;kelliema nattivi, int se ssa\u0127\u0127a\u0127 il-fehim tieg\u0127ek tal-grammatika filwaqt li tespandi l-vokabularju tieg\u0127ek.<\/p>\n\n\n\n<h3 class=\"wp-block-heading\" id=\"h-conclusion\">Konklu\u017cjoni<\/h3>\n\n\n\n<p>G\u0127alkemm il-grammatika Mongoljana tista &#8216;tidher ikkumplikata, tista&#8217; ssir profi\u010bjenti f&#8217;din il-lingwa sabi\u0127a b&#8217;dedikazzjoni, prattika u entu\u017cja\u017cmu. Billi tiffoka fuq ir-regoli fundamentali u timpenja ru\u0127ek mal-lingwa f&#8217;kuntesti differenti, int se ttejjeb malajr <a href=\"https:\/\/talkpal.ai\/mt\/grammatika\/\">il-\u0127iliet grammatikali<\/a> Mongoljani tieg\u0127ek. \u0410\u043c\u0436\u0438\u043b\u0442 \u0445\u04af\u0441\u044c\u0435 (xorti tajba) bil-vja\u0121\u0121 tal-lingwa Mongoljana tieg\u0127ek, u gawdi ti\u017cvela d-dinja enigmatika i\u017cda captivating tal-grammatika Mongolja!<\/p>\n<\/div><\/div>\n\r\n<section class=\"learnNavigationSection\">\r\n            \r\n        <a href=\"https:\/\/talkpal.ai\/mt\/tghallem-il-mongoljan\/\">\r\n            <div class=\"learnNavigationWrapper\">\r\n                <div class=\"learnNavigationContent\">\r\n                    <img decoding=\"async\" src=\"https:\/\/talkpal.ai\/wp-content\/uploads\/2025\/11\/Mongolian.png\" alt=\"Mongolian Flag\">\r\n                    <div>\r\n                        <h4>Dwar it-Tag\u0127lim tal-Mongolja<\/h4>\r\n                        <p>Sir af kollox dwar il-Grammatika Mongoljana.<\/p>\r\n                    <\/div>\r\n                <\/div>\r\n            <\/div>\r\n        <\/a>\r\n\r\n        \r\n        <a href=\"https:\/\/talkpal.ai\/mt\/ezercizzji-tal-grammatika-tal-mongolja\/\">\r\n            <div class=\"learnNavigationWrapper\">\r\n                <div class=\"learnNavigationContent\">\r\n                    <img decoding=\"async\" src=\"https:\/\/talkpal.ai\/wp-content\/uploads\/2025\/11\/Mongolian.png\" alt=\"Mongolian Flag\">\r\n                    <div>\r\n                        <h4>E\u017cer\u010bizzju tal-Grammatika tal-Mongolja<\/h4>\r\n                        <p>Ipprattika l-grammatika Mongoljana.<\/p>\r\n                    <\/div>\r\n                <\/div>\r\n            <\/div>\r\n        <\/a>\r\n\r\n            <\/section>","protected":false},"excerpt":{"rendered":"<p>Navigating the Intricacies of Mongolian Grammar Il-Mongoljan, lingwa Mongolika bi storja rikka u sinifikat kulturali, toffri esperjenza lingwistika e\u010b\u010bitanti g\u0127al dawk \u0127erqana li jesploraw is-sistema grammatikali unika tag\u0127ha. Hekk kif tid\u0127ol fl-isfera tal-Mongoljan, mhux biss tarrikkixxi r-repertorju lingwistiku tieg\u0127ek i\u017cda t\u0127addan ukoll vja\u0121\u0121 kulturali affaxxinanti. Filwaqt li l-grammatika Mongoljana tista &#8216;tidher ikkumplikata g\u0127all-ewwel, it-tqassim tag\u0127ha [&hellip;]<\/p>\n","protected":false},"author":20,"featured_media":0,"parent":0,"menu_order":0,"comment_status":"closed","ping_status":"closed","template":"LearningContentPage.php","meta":{"_acf_changed":false,"footnotes":""},"class_list":["post-1476856","page","type-page","status-publish","hentry"],"acf":[],"yoast_head":"<!-- This site is optimized with the Yoast SEO Premium plugin v27.2 (Yoast SEO v27.2) - https:\/\/yoast.com\/product\/yoast-seo-premium-wordpress\/ -->\n<title>Grammatika tal-Mongolja - Talkpal<\/title>\n<meta name=\"description\" content=\"Immani\u0121\u0121ja r-regoli tal-grammatika Mongoljana inklu\u017c l-armonija tal-vokali u l-konjugazzjoni tal-verbi bil-gwida komprensiva g\u0127at-tag\u0127lim tal-lingwi ta&#039; Talkpal AI.\" \/>\n<meta name=\"robots\" content=\"index, follow, max-snippet:-1, max-image-preview:large, max-video-preview:-1\" \/>\n<link rel=\"canonical\" href=\"https:\/\/talkpal.ai\/mt\/grammatika-tal-mongolja\/\" \/>\n<meta property=\"og:locale\" content=\"mt_MT\" \/>\n<meta property=\"og:type\" content=\"article\" \/>\n<meta property=\"og:title\" content=\"Grammatika tal-Mongolja\" \/>\n<meta property=\"og:description\" content=\"Navigating the Intricacies of Mongolian Grammar Il-Mongoljan, lingwa Mongolika bi storja rikka u sinifikat kulturali, toffri esperjenza lingwistika\" \/>\n<meta property=\"og:url\" content=\"https:\/\/talkpal.ai\/mt\/grammatika-tal-mongolja\/\" \/>\n<meta property=\"og:site_name\" content=\"Talkpal\" \/>\n<meta property=\"article:publisher\" content=\"https:\/\/www.facebook.com\/profile.php?id=100090733639311\" \/>\n<meta property=\"article:modified_time\" content=\"2025-12-30T13:38:12+00:00\" \/>\n<meta property=\"og:image\" content=\"https:\/\/talkpal.ai\/wp-content\/uploads\/2025\/02\/Progress-tab-16_9.png\" \/>\n\t<meta property=\"og:image:width\" content=\"2880\" \/>\n\t<meta property=\"og:image:height\" content=\"1620\" \/>\n\t<meta property=\"og:image:type\" content=\"image\/png\" \/>\n<meta name=\"twitter:card\" content=\"summary_large_image\" \/>\n<meta name=\"twitter:site\" content=\"@talkpalai\" \/>\n<meta name=\"twitter:label1\" content=\"Est. reading time\" \/>\n\t<meta name=\"twitter:data1\" content=\"3 minutes\" \/>\n<script type=\"application\/ld+json\" class=\"yoast-schema-graph\">{\"@context\":\"https:\/\/schema.org\",\"@graph\":[{\"@type\":\"WebPage\",\"@id\":\"https:\/\/talkpal.ai\/mt\/grammatika-tal-mongolja\/\",\"url\":\"https:\/\/talkpal.ai\/mt\/grammatika-tal-mongolja\/\",\"name\":\"Grammatika tal-Mongolja - Talkpal\",\"isPartOf\":{\"@id\":\"https:\/\/talkpal.ai\/mt\/#website\"},\"datePublished\":\"2025-11-12T15:57:04+00:00\",\"dateModified\":\"2025-12-30T13:38:12+00:00\",\"description\":\"Immani\u0121\u0121ja r-regoli tal-grammatika Mongoljana inklu\u017c l-armonija tal-vokali u l-konjugazzjoni tal-verbi bil-gwida komprensiva g\u0127at-tag\u0127lim tal-lingwi ta' Talkpal AI.\",\"breadcrumb\":{\"@id\":\"https:\/\/talkpal.ai\/mt\/grammatika-tal-mongolja\/#breadcrumb\"},\"inLanguage\":\"mt-MT\",\"potentialAction\":[{\"@type\":\"ReadAction\",\"target\":[\"https:\/\/talkpal.ai\/mt\/grammatika-tal-mongolja\/\"]}]},{\"@type\":\"BreadcrumbList\",\"@id\":\"https:\/\/talkpal.ai\/mt\/grammatika-tal-mongolja\/#breadcrumb\",\"itemListElement\":[{\"@type\":\"ListItem\",\"position\":1,\"name\":\"Homepage\",\"item\":\"https:\/\/talkpal.ai\/mt\/\"},{\"@type\":\"ListItem\",\"position\":2,\"name\":\"Grammatika tal-Mongolja\"}]},{\"@type\":\"WebSite\",\"@id\":\"https:\/\/talkpal.ai\/mt\/#website\",\"url\":\"https:\/\/talkpal.ai\/mt\/\",\"name\":\"Talkpal\",\"description\":\"AI Language Learning\",\"publisher\":{\"@id\":\"https:\/\/talkpal.ai\/mt\/#organization\"},\"alternateName\":\"Talkpal AI\",\"potentialAction\":[{\"@type\":\"SearchAction\",\"target\":{\"@type\":\"EntryPoint\",\"urlTemplate\":\"https:\/\/talkpal.ai\/mt\/?s={search_term_string}\"},\"query-input\":{\"@type\":\"PropertyValueSpecification\",\"valueRequired\":true,\"valueName\":\"search_term_string\"}}],\"inLanguage\":\"mt-MT\"},{\"@type\":\"Organization\",\"@id\":\"https:\/\/talkpal.ai\/mt\/#organization\",\"name\":\"Talkpal, Inc.\",\"alternateName\":\"Talkpal AI\",\"url\":\"https:\/\/talkpal.ai\/mt\/\",\"logo\":{\"@type\":\"ImageObject\",\"inLanguage\":\"mt-MT\",\"@id\":\"https:\/\/talkpal.ai\/mt\/#\/schema\/logo\/image\/\",\"url\":\"https:\/\/talkpal.ai\/wp-content\/uploads\/2024\/03\/Talkpal-Logo-Icon.png\",\"contentUrl\":\"https:\/\/talkpal.ai\/wp-content\/uploads\/2024\/03\/Talkpal-Logo-Icon.png\",\"width\":2880,\"height\":2880,\"caption\":\"Talkpal, Inc.\"},\"image\":{\"@id\":\"https:\/\/talkpal.ai\/mt\/#\/schema\/logo\/image\/\"},\"sameAs\":[\"https:\/\/www.facebook.com\/profile.php?id=100090733639311\",\"https:\/\/x.com\/talkpalai\",\"https:\/\/www.linkedin.com\/company\/talkpal\/\",\"https:\/\/www.youtube.com\/@TalkPal\/\",\"https:\/\/www.tiktok.com\/@talkpal\",\"https:\/\/www.instagram.com\/talkpal_ai\/\",\"https:\/\/www.crunchbase.com\/organization\/talkpal-9cde\",\"https:\/\/www.g2.com\/products\/talkpal-for-business\/\",\"https:\/\/www.trustpilot.com\/review\/talkpal.ai\",\"https:\/\/www.capterra.com\/p\/10006800\/TalkPal\/\"],\"description\":\"Talkpal is a language learning web and mobile education app, powered by the latest AI technologies, that provides engaging experiences to its customers in many different languages to help them improve their language skills. Users can chat about unlimited amount of topics with the app and use other modes to practice their language learning.\",\"email\":\"support@talkpal.ai\",\"legalName\":\"Talkpal, Inc.\",\"foundingDate\":\"2023-04-03\",\"duns\":\"118989042\",\"numberOfEmployees\":{\"@type\":\"QuantitativeValue\",\"minValue\":\"11\",\"maxValue\":\"50\"},\"publishingPrinciples\":\"https:\/\/talkpal.ai\/publishing-principles\/\",\"actionableFeedbackPolicy\":\"https:\/\/talkpal.ai\/actionable-feedback-policy\/\",\"correctionsPolicy\":\"https:\/\/talkpal.ai\/corrections-policy\/\",\"ethicsPolicy\":\"https:\/\/talkpal.ai\/ethics-policy\/\",\"diversityPolicy\":\"https:\/\/talkpal.ai\/diversity-policy\/\",\"diversityStaffingReport\":\"https:\/\/talkpal.ai\/diversity-policy\/\"}]}<\/script>\n<!-- \/ Yoast SEO Premium plugin. -->","yoast_head_json":{"title":"Grammatika tal-Mongolja - Talkpal","description":"Immani\u0121\u0121ja r-regoli tal-grammatika Mongoljana inklu\u017c l-armonija tal-vokali u l-konjugazzjoni tal-verbi bil-gwida komprensiva g\u0127at-tag\u0127lim tal-lingwi ta' Talkpal AI.","robots":{"index":"index","follow":"follow","max-snippet":"max-snippet:-1","max-image-preview":"max-image-preview:large","max-video-preview":"max-video-preview:-1"},"canonical":"https:\/\/talkpal.ai\/mt\/grammatika-tal-mongolja\/","og_locale":"mt_MT","og_type":"article","og_title":"Grammatika tal-Mongolja","og_description":"Navigating the Intricacies of Mongolian Grammar Il-Mongoljan, lingwa Mongolika bi storja rikka u sinifikat kulturali, toffri esperjenza lingwistika","og_url":"https:\/\/talkpal.ai\/mt\/grammatika-tal-mongolja\/","og_site_name":"Talkpal","article_publisher":"https:\/\/www.facebook.com\/profile.php?id=100090733639311","article_modified_time":"2025-12-30T13:38:12+00:00","og_image":[{"width":2880,"height":1620,"url":"https:\/\/talkpal.ai\/wp-content\/uploads\/2025\/02\/Progress-tab-16_9.png","type":"image\/png"}],"twitter_card":"summary_large_image","twitter_site":"@talkpalai","twitter_misc":{"Est. reading time":"3 minutes"},"schema":{"@context":"https:\/\/schema.org","@graph":[{"@type":"WebPage","@id":"https:\/\/talkpal.ai\/mt\/grammatika-tal-mongolja\/","url":"https:\/\/talkpal.ai\/mt\/grammatika-tal-mongolja\/","name":"Grammatika tal-Mongolja - Talkpal","isPartOf":{"@id":"https:\/\/talkpal.ai\/mt\/#website"},"datePublished":"2025-11-12T15:57:04+00:00","dateModified":"2025-12-30T13:38:12+00:00","description":"Immani\u0121\u0121ja r-regoli tal-grammatika Mongoljana inklu\u017c l-armonija tal-vokali u l-konjugazzjoni tal-verbi bil-gwida komprensiva g\u0127at-tag\u0127lim tal-lingwi ta' Talkpal AI.","breadcrumb":{"@id":"https:\/\/talkpal.ai\/mt\/grammatika-tal-mongolja\/#breadcrumb"},"inLanguage":"mt-MT","potentialAction":[{"@type":"ReadAction","target":["https:\/\/talkpal.ai\/mt\/grammatika-tal-mongolja\/"]}]},{"@type":"BreadcrumbList","@id":"https:\/\/talkpal.ai\/mt\/grammatika-tal-mongolja\/#breadcrumb","itemListElement":[{"@type":"ListItem","position":1,"name":"Homepage","item":"https:\/\/talkpal.ai\/mt\/"},{"@type":"ListItem","position":2,"name":"Grammatika tal-Mongolja"}]},{"@type":"WebSite","@id":"https:\/\/talkpal.ai\/mt\/#website","url":"https:\/\/talkpal.ai\/mt\/","name":"Talkpal","description":"AI Language Learning","publisher":{"@id":"https:\/\/talkpal.ai\/mt\/#organization"},"alternateName":"Talkpal AI","potentialAction":[{"@type":"SearchAction","target":{"@type":"EntryPoint","urlTemplate":"https:\/\/talkpal.ai\/mt\/?s={search_term_string}"},"query-input":{"@type":"PropertyValueSpecification","valueRequired":true,"valueName":"search_term_string"}}],"inLanguage":"mt-MT"},{"@type":"Organization","@id":"https:\/\/talkpal.ai\/mt\/#organization","name":"Talkpal, Inc.","alternateName":"Talkpal AI","url":"https:\/\/talkpal.ai\/mt\/","logo":{"@type":"ImageObject","inLanguage":"mt-MT","@id":"https:\/\/talkpal.ai\/mt\/#\/schema\/logo\/image\/","url":"https:\/\/talkpal.ai\/wp-content\/uploads\/2024\/03\/Talkpal-Logo-Icon.png","contentUrl":"https:\/\/talkpal.ai\/wp-content\/uploads\/2024\/03\/Talkpal-Logo-Icon.png","width":2880,"height":2880,"caption":"Talkpal, Inc."},"image":{"@id":"https:\/\/talkpal.ai\/mt\/#\/schema\/logo\/image\/"},"sameAs":["https:\/\/www.facebook.com\/profile.php?id=100090733639311","https:\/\/x.com\/talkpalai","https:\/\/www.linkedin.com\/company\/talkpal\/","https:\/\/www.youtube.com\/@TalkPal\/","https:\/\/www.tiktok.com\/@talkpal","https:\/\/www.instagram.com\/talkpal_ai\/","https:\/\/www.crunchbase.com\/organization\/talkpal-9cde","https:\/\/www.g2.com\/products\/talkpal-for-business\/","https:\/\/www.trustpilot.com\/review\/talkpal.ai","https:\/\/www.capterra.com\/p\/10006800\/TalkPal\/"],"description":"Talkpal is a language learning web and mobile education app, powered by the latest AI technologies, that provides engaging experiences to its customers in many different languages to help them improve their language skills. Users can chat about unlimited amount of topics with the app and use other modes to practice their language learning.","email":"support@talkpal.ai","legalName":"Talkpal, Inc.","foundingDate":"2023-04-03","duns":"118989042","numberOfEmployees":{"@type":"QuantitativeValue","minValue":"11","maxValue":"50"},"publishingPrinciples":"https:\/\/talkpal.ai\/publishing-principles\/","actionableFeedbackPolicy":"https:\/\/talkpal.ai\/actionable-feedback-policy\/","correctionsPolicy":"https:\/\/talkpal.ai\/corrections-policy\/","ethicsPolicy":"https:\/\/talkpal.ai\/ethics-policy\/","diversityPolicy":"https:\/\/talkpal.ai\/diversity-policy\/","diversityStaffingReport":"https:\/\/talkpal.ai\/diversity-policy\/"}]}},"_links":{"self":[{"href":"https:\/\/talkpal.ai\/mt\/wp-json\/wp\/v2\/pages\/1476856","targetHints":{"allow":["GET"]}}],"collection":[{"href":"https:\/\/talkpal.ai\/mt\/wp-json\/wp\/v2\/pages"}],"about":[{"href":"https:\/\/talkpal.ai\/mt\/wp-json\/wp\/v2\/types\/page"}],"author":[{"embeddable":true,"href":"https:\/\/talkpal.ai\/mt\/wp-json\/wp\/v2\/users\/20"}],"replies":[{"embeddable":true,"href":"https:\/\/talkpal.ai\/mt\/wp-json\/wp\/v2\/comments?post=1476856"}],"version-history":[{"count":0,"href":"https:\/\/talkpal.ai\/mt\/wp-json\/wp\/v2\/pages\/1476856\/revisions"}],"wp:attachment":[{"href":"https:\/\/talkpal.ai\/mt\/wp-json\/wp\/v2\/media?parent=1476856"}],"curies":[{"name":"wp","href":"https:\/\/api.w.org\/{rel}","templated":true}]}}