{"id":1476674,"date":"2025-11-11T17:01:21","date_gmt":"2025-11-11T17:01:21","guid":{"rendered":"https:\/\/talkpal.ai\/grammatika-georgjana\/"},"modified":"2025-12-30T14:52:40","modified_gmt":"2025-12-30T14:52:40","slug":"grammatika-georgjana","status":"publish","type":"page","link":"https:\/\/talkpal.ai\/mt\/grammatika-georgjana\/","title":{"rendered":"Grammatika \u0120eor\u0121jana"},"content":{"rendered":"\r\n\r\n\r\n<section class=\"languageChallengeSection\">\r\n    <div class=\"languageInfoWrapper\">\r\n        \r\n        <h1>Grammatika \u0120eor\u0121jana<\/h1>\r\n        <p>Il-<a href=\"https:\/\/talkpal.ai\/georgian-grammar\/\">grammatika \u0120or\u0121jana<\/a> tista &#039;tidher ta&#039; sfida g\u0127all-ewwel, i\u017cda l-karatteristi\u010bi uni\u010bi tag\u0127ha jag\u0127mlu t-tag\u0127lim tal-lingwa esperjenza ta &#039;sodisfazzjon. Billi tesplora l-alfabett, il-mutazzjonijiet u r-regoli tal-grammatika tag\u0127ha, int ser tikseb g\u0127arfien dwar tradizzjoni lingwistika rikka. Ibda l-vja\u0121\u0121 tieg\u0127ek u skopri s-sbu\u0127ija tal-\u0120or\u0121jan!<\/p>\r\n\r\n                            <a class=\"getStartedHidden\" href=\"https:\/\/app.talkpal.ai\/signup?lng=\">Ibda<\/a>\r\n        \r\n    <\/div>\r\n\r\n    <figure>\r\n    <img decoding=\"async\" width=\"768\" height=\"768\" src=\"https:\/\/talkpal.ai\/wp-content\/uploads\/2023\/06\/welsh-768x768.png\" class=\"languageImage no-lazy\" alt=\"Language learning for better cognitive abilities\" fetchpriority=\"high\" sizes=\"(max-width: 768px) 150px, 768px\" srcset=\"https:\/\/talkpal.ai\/wp-content\/uploads\/2023\/06\/welsh-768x768.png 768w, https:\/\/talkpal.ai\/wp-content\/uploads\/2023\/06\/welsh-300x300.png 300w\" \/>\r\n    \r\n\r\n    <\/figure>\r\n\r\n            <a class=\"getStartedVisible\" href=\"https:\/\/app.talkpal.ai\/signup?lng=\">Ibda<\/a>\r\n    \r\n<\/section><section class=\"promotionalBanner\">\r\n    <p class=\"promotionalText\">L-aktar mod effi\u010bjenti biex titg\u0127allem lingwa<\/p>\r\n    <a class=\"promotionalLink\" href=\"https:\/\/app.talkpal.ai\/signup?lng=\">Ipprova Talkpal b&#8217;xejn<\/a>\r\n<\/section>\n<div class=\"wp-block-group pageContainerStyle\"><div class=\"wp-block-group__inner-container is-layout-constrained wp-block-group-is-layout-constrained\">\n<h2 class=\"wp-block-heading\" id=\"h-navigating-the-intricacies-of-georgian-grammar\">Navigazzjoni fil-Kumplessitajiet tal-Grammatika \u0120eor\u0121jana<\/h2>\n\n\n\n<p><a href=\"https:\/\/talkpal.ai\/mt\/tghallem-il-gorgjan\/\">Il-\u0120or\u0121jan<\/a>, lingwa Kartveljana bi storja rikka u sinifikat kulturali, toffri esperjenza lingwistika e\u010b\u010bitanti g\u0127al dawk \u0127erqana li jesploraw is-sistema grammatikali unika tag\u0127ha. Hekk kif tid\u0127ol fl-isfera tal-\u0120or\u0121jan, mhux biss se tarrikkixxi r-repertorju lingwistiku tieg\u0127ek i\u017cda wkoll t\u0127addan vja\u0121\u0121 kulturali affaxxinanti. Filwaqt li l-grammatika \u0120or\u0121jana tista &#8216;tidher ikkumplikata g\u0127all-ewwel, it-tqassim tag\u0127ha f&#8217;komponenti ewlenin jag\u0127mel it-tag\u0127lim tal-lingwa aktar a\u010b\u010bessibbli. F&#8217;dan l-artikolu, se nesploraw id-dinja captivating tal-grammatika \u0120eor\u0121jana u nipprovdu pariri dwar kif tikkontrolla l-kumplessitajiet tag\u0127ha.<\/p>\n\n\n\n<h3 class=\"wp-block-heading\" id=\"h-1-georgian-alphabet-and-phonetics\">1. Alfabett \u0120or\u0121jan u Fonetika<\/h3>\n\n\n\n<p>L-alfabett <a href=\"https:\/\/talkpal.ai\/learn-georgian\/\">\u0120or\u0121jan<\/a>, mag\u0127ruf b\u0127ala Mkhedruli, jinkludi 33 ittra u huwa uniku g\u0127al-lingwa. Ju\u017ca karattri distintivi b\u0127al \u10e7, \u10ed, u \u10e6. Biex titg\u0127allem il-grammatika \u0120or\u0121jana, huwa kru\u010bjali li ssir familjari ma &#8216;din is-sistema ta&#8217; kitba billi tipprattika l-qari u l-kitba bil-\u0120or\u0121jan.<\/p>\n\n\n\n<h3 class=\"wp-block-heading\" id=\"h-2-ejective-consonants-and-consonant-clusters-a-peculiar-georgian-feature\">2. Konsonanti Ejective u Raggruppamenti ta &#8216;Konsonanti: Karatteristika \u0120eor\u0121jana Partikolari<\/h3>\n\n\n\n<p>Wie\u0127ed mill-aspetti l-aktar impressjonanti tal-\u0120or\u0121jan huwa l-konsonanti ejective u l-gruppi kumplessi tal-konsonanti. Ejectives b\u0127al p&#8217;, t&#8217;, k&#8217;, ts&#8217;, ch&#8217;, u q&#8217; huma komuni, u l-\u0120or\u0121jan jippermetti raggruppamenti twal ta &#8216;konsonanti li jistg\u0127u jkunu ta&#8217; sfida g\u0127al dawk \u0121odda. Li tifhem kif ja\u0127dmu dawn il-\u0127sejjes u tipprattika l-pronunzja tag\u0127hom hija vitali g\u0127al komunikazzjoni pre\u010bi\u017ca bil-\u0120or\u0121jan.<\/p>\n\n\n\n<h3 class=\"wp-block-heading\" id=\"h-3-nouns-and-pronouns-gender-and-cases\">3. Nomi u Pronomi: \u0120eneru u Ka\u017cijiet<\/h3>\n\n\n\n<p>Nomi \u0120or\u0121jani m&#8217;g\u0127andhomx \u0121eneru grammatikali, li jissimplifika l-ftehim, i\u017cda huma inflect g\u0127all-ka\u017c. Ka\u017cijiet komuni jinkludu nominativ, ergattiv, dattiv, \u0121enittiv, strumentali, avverbjali, u vokattiv. Il-plurali spiss ji\u0121u ffurmati bis-suffiss -eb- u truf addizzjonali skont il-ka\u017c. Il-pronomi fil-\u0120or\u0121jan jinkludu <a href=\"https:\/\/talkpal.ai\/ar\/grammar_exercises\/pronomi-personali-%d8%aa%d9%85%d8%a7%d8%b1%d9%8a%d9%86-%d9%84%d9%84%d9%82%d9%88%d8%a7%d8%b9%d8%af-%d8%a7%d9%84%d8%a5%d9%8a%d8%b7%d8%a7%d9%84%d9%8a%d8%a9\/\">pronomi personali<\/a>, possessivi, riflessivi, dimostrattivi u interrogattivi, u ma jimmarkawx il-\u0121eneru. Li ssir familjari ma &#8216;dawn il-pronomi u l-forom tag\u0127hom se jtejjeb b&#8217;mod sinifikanti l-fehim tieg\u0127ek tal-grammatika \u0120or\u0121jana.<\/p>\n\n\n\n<h3 class=\"wp-block-heading\" id=\"h-4-verbs-structure-and-conjugation\">4. Verbi: Struttura u Konjugazzjoni<\/h3>\n\n\n\n<p>Il-verbi \u0120or\u0121jani jsegwu struttura distintiva bi qbil u morfolo\u0121ija kumplessi. Is-sistemi verbali huma organizzati fi screeves, li jg\u0127aqqdu t-tensjoni, l-aspett, u l-burdata, notevolment is-serje pre\u017centi, aorist, u perfetta. Karatteristi\u010bi b\u0127al preverbji, markaturi tal-ver\u017cjoni, u ftehim polipersonali huma \u010bentrali g\u0127all-konjugazzjoni. It-tag\u0127lim ta &#8216;dawn il-mudelli, flimkien ma&#8217; burdati kondizzjonali, imperattivi u subjunctive, se jtejjeb il-\u0127ila tieg\u0127ek li tikkomunika b&#8217;mod effettiv bil-\u0120or\u0121jan.<\/p>\n\n\n\n<h3 class=\"wp-block-heading\" id=\"h-5-adjectives-agreement-and-placement\">5. A\u0121\u0121ettivi: Ftehim u Tqeg\u0127id<\/h3>\n\n\n\n<p><a href=\"https:\/\/talkpal.ai\/greek-grammar\/\">Grammatika<\/a> \u0120or\u0121jana, l-a\u0121\u0121ettivi tipikament jippre\u010bedu n-nom li jimmodifikaw u ma jimmarkawx is-sess. \u0126afna a\u0121\u0121ettivi ma jie\u0127dux is-suffiss plural, g\u0127alkemm jistg\u0127u juru m\u0121ieba tal-ka\u017c skont it-tip. Il-komparattivi u s-superlattivi huma normalment iffurmati b&#8217;mod analitiku bi kliem b\u0127al upro (aktar) u qvelaze (il-bi\u010b\u010ba l-kbira), li huma essenzjali biex jitg\u0127allmu jikkomunikaw b&#8217;mod aktar naturali.<\/p>\n\n\n\n<p><strong>E\u017cempji:<\/strong><\/p>\n\n\n\n<p><strong>&#8211; Didi Siqvaruli (Im\u0127abba Kbira)<\/strong><\/p>\n\n\n\n<p><strong>\u2013 Patara Bavshvebi (tfal \u017cg\u0127ar)<\/strong><\/p>\n\n\n\n<h3 class=\"wp-block-heading\" id=\"h-6-engaging-with-the-language\">6. Involviment mal-lingwa<\/h3>\n\n\n\n<p>L-aktar mod effettiv biex tifhem bis-s\u0127i\u0127 u tinternalizza l-grammatika \u0120or\u0121jana huwa li timpenja ru\u0127ha b&#8217;mod konsistenti mal-lingwa. Billi taqra l-letteratura \u0120or\u0121jana, tara films jew serje televi\u017civi \u0120or\u0121jani, u tikkomunika b&#8217;mod attiv ma &#8216;kelliema nattivi, int se ssa\u0127\u0127a\u0127 il-fehim tieg\u0127ek tal-grammatika waqt li tespandi l-vokabularju tieg\u0127ek.  <\/p>\n\n\n\n<h3 class=\"wp-block-heading\" id=\"h-conclusion\">Konklu\u017cjoni<\/h3>\n\n\n\n<p>G\u0127alkemm il-grammatika \u0120or\u0121jana tista &#8216;tidher ikkumplikata, tista&#8217; ssir profi\u010bjenti f&#8217;din il-lingwa sabi\u0127a b&#8217;dedikazzjoni, prattika u entu\u017cja\u017cmu. Billi tiffoka fuq ir-regoli fundamentali u timpenja ru\u0127ek mal-lingwa f&#8217;kuntesti differenti, int se ttejjeb malajr <a href=\"https:\/\/talkpal.ai\/mt\/grammatika\/\">il-\u0127iliet grammatikali<\/a> \u0120or\u0121jani tieg\u0127ek. \u10ec\u10d0\u10e0\u10db\u10d0\u10e2\u10d4\u10d1\u10d4\u10d1\u10d1\u10d8 (xorti tajba) bil-vja\u0121\u0121 tieg\u0127ek bil-lingwa \u0120or\u0121jana, u gawdi \u017cvelar id-dinja enigmatika i\u017cda captivating tal-grammatika \u0120or\u0121jana!<\/p>\n<\/div><\/div>\n\r\n<section class=\"learnNavigationSection\">\r\n            \r\n        <a href=\"https:\/\/talkpal.ai\/mt\/tghallem-welsh\/\">\r\n            <div class=\"learnNavigationWrapper\">\r\n                <div class=\"learnNavigationContent\">\r\n                    <img decoding=\"async\" src=\"https:\/\/talkpal.ai\/wp-content\/uploads\/2025\/11\/Georgian.png\" alt=\"Georgian Flag\">\r\n                    <div>\r\n                        <h4>Dwar it-Tag\u0127lim tal-\u0120eor\u0121ja<\/h4>\r\n                        <p>Sir af kollox dwar il-Grammatika \u0120eor\u0121jana.<\/p>\r\n                    <\/div>\r\n                <\/div>\r\n            <\/div>\r\n        <\/a>\r\n\r\n        \r\n        <a href=\"https:\/\/talkpal.ai\/mt\/ezercizzji-tal-grammatika-ta-wales\/\">\r\n            <div class=\"learnNavigationWrapper\">\r\n                <div class=\"learnNavigationContent\">\r\n                    <img decoding=\"async\" src=\"https:\/\/talkpal.ai\/wp-content\/uploads\/2025\/11\/Georgian.png\" alt=\"Georgian Flag\">\r\n                    <div>\r\n                        <h4>E\u017cer\u010bizzju tal-Grammatika \u0120eor\u0121jana<\/h4>\r\n                        <p>Prattika l-grammatika \u0120or\u0121jana.<\/p>\r\n                    <\/div>\r\n                <\/div>\r\n            <\/div>\r\n        <\/a>\r\n\r\n            <\/section>","protected":false},"excerpt":{"rendered":"<p>Navigazzjoni fil-Kumplessitajiet tal-Grammatika \u0120eor\u0121jana Il-\u0120or\u0121jan, lingwa Kartveljana bi storja rikka u sinifikat kulturali, toffri esperjenza lingwistika e\u010b\u010bitanti g\u0127al dawk \u0127erqana li jesploraw is-sistema grammatikali unika tag\u0127ha. Hekk kif tid\u0127ol fl-isfera tal-\u0120or\u0121jan, mhux biss se tarrikkixxi r-repertorju lingwistiku tieg\u0127ek i\u017cda wkoll t\u0127addan vja\u0121\u0121 kulturali affaxxinanti. Filwaqt li l-grammatika \u0120or\u0121jana tista &#8216;tidher ikkumplikata g\u0127all-ewwel, it-tqassim tag\u0127ha f&#8217;komponenti [&hellip;]<\/p>\n","protected":false},"author":20,"featured_media":0,"parent":0,"menu_order":0,"comment_status":"closed","ping_status":"closed","template":"LearningContentPage.php","meta":{"_acf_changed":false,"footnotes":""},"class_list":["post-1476674","page","type-page","status-publish","hentry"],"acf":[],"yoast_head":"<!-- This site is optimized with the Yoast SEO Premium plugin v27.2 (Yoast SEO v27.2) - https:\/\/yoast.com\/product\/yoast-seo-premium-wordpress\/ -->\n<title>Grammatika \u0120eor\u0121jana - Talkpal<\/title>\n<meta name=\"description\" content=\"Immani\u0121\u0121ja r-regoli tal-grammatika \u0120or\u0121jana u l-alfabett malajr bil-gwida komprensiva tag\u0127na u t-tutur tal-lingwa bl-AI.\" \/>\n<meta name=\"robots\" content=\"index, follow, max-snippet:-1, max-image-preview:large, max-video-preview:-1\" \/>\n<link rel=\"canonical\" href=\"https:\/\/talkpal.ai\/mt\/grammatika-georgjana\/\" \/>\n<meta property=\"og:locale\" content=\"mt_MT\" \/>\n<meta property=\"og:type\" content=\"article\" \/>\n<meta property=\"og:title\" content=\"Grammatika \u0120eor\u0121jana\" \/>\n<meta property=\"og:description\" content=\"Navigazzjoni fil-Kumplessitajiet tal-Grammatika \u0120eor\u0121jana Il-\u0120or\u0121jan, lingwa Kartveljana bi storja rikka u sinifikat kulturali, toffri esperjenza\" \/>\n<meta property=\"og:url\" content=\"https:\/\/talkpal.ai\/mt\/grammatika-georgjana\/\" \/>\n<meta property=\"og:site_name\" content=\"Talkpal\" \/>\n<meta property=\"article:publisher\" content=\"https:\/\/www.facebook.com\/profile.php?id=100090733639311\" \/>\n<meta property=\"article:modified_time\" content=\"2025-12-30T14:52:40+00:00\" \/>\n<meta property=\"og:image\" content=\"https:\/\/talkpal.ai\/wp-content\/uploads\/2025\/02\/Progress-tab-16_9.png\" \/>\n\t<meta property=\"og:image:width\" content=\"2880\" \/>\n\t<meta property=\"og:image:height\" content=\"1620\" \/>\n\t<meta property=\"og:image:type\" content=\"image\/png\" \/>\n<meta name=\"twitter:card\" content=\"summary_large_image\" \/>\n<meta name=\"twitter:site\" content=\"@talkpalai\" \/>\n<meta name=\"twitter:label1\" content=\"Est. reading time\" \/>\n\t<meta name=\"twitter:data1\" content=\"3 minutes\" \/>\n<script type=\"application\/ld+json\" class=\"yoast-schema-graph\">{\"@context\":\"https:\/\/schema.org\",\"@graph\":[{\"@type\":\"WebPage\",\"@id\":\"https:\/\/talkpal.ai\/mt\/grammatika-georgjana\/\",\"url\":\"https:\/\/talkpal.ai\/mt\/grammatika-georgjana\/\",\"name\":\"Grammatika \u0120eor\u0121jana - Talkpal\",\"isPartOf\":{\"@id\":\"https:\/\/talkpal.ai\/mt\/#website\"},\"datePublished\":\"2025-11-11T17:01:21+00:00\",\"dateModified\":\"2025-12-30T14:52:40+00:00\",\"description\":\"Immani\u0121\u0121ja r-regoli tal-grammatika \u0120or\u0121jana u l-alfabett malajr bil-gwida komprensiva tag\u0127na u t-tutur tal-lingwa bl-AI.\",\"breadcrumb\":{\"@id\":\"https:\/\/talkpal.ai\/mt\/grammatika-georgjana\/#breadcrumb\"},\"inLanguage\":\"mt-MT\",\"potentialAction\":[{\"@type\":\"ReadAction\",\"target\":[\"https:\/\/talkpal.ai\/mt\/grammatika-georgjana\/\"]}]},{\"@type\":\"BreadcrumbList\",\"@id\":\"https:\/\/talkpal.ai\/mt\/grammatika-georgjana\/#breadcrumb\",\"itemListElement\":[{\"@type\":\"ListItem\",\"position\":1,\"name\":\"Homepage\",\"item\":\"https:\/\/talkpal.ai\/mt\/\"},{\"@type\":\"ListItem\",\"position\":2,\"name\":\"Grammatika \u0120eor\u0121jana\"}]},{\"@type\":\"WebSite\",\"@id\":\"https:\/\/talkpal.ai\/mt\/#website\",\"url\":\"https:\/\/talkpal.ai\/mt\/\",\"name\":\"Talkpal\",\"description\":\"AI Language Learning\",\"publisher\":{\"@id\":\"https:\/\/talkpal.ai\/mt\/#organization\"},\"alternateName\":\"Talkpal AI\",\"potentialAction\":[{\"@type\":\"SearchAction\",\"target\":{\"@type\":\"EntryPoint\",\"urlTemplate\":\"https:\/\/talkpal.ai\/mt\/?s={search_term_string}\"},\"query-input\":{\"@type\":\"PropertyValueSpecification\",\"valueRequired\":true,\"valueName\":\"search_term_string\"}}],\"inLanguage\":\"mt-MT\"},{\"@type\":\"Organization\",\"@id\":\"https:\/\/talkpal.ai\/mt\/#organization\",\"name\":\"Talkpal, Inc.\",\"alternateName\":\"Talkpal AI\",\"url\":\"https:\/\/talkpal.ai\/mt\/\",\"logo\":{\"@type\":\"ImageObject\",\"inLanguage\":\"mt-MT\",\"@id\":\"https:\/\/talkpal.ai\/mt\/#\/schema\/logo\/image\/\",\"url\":\"https:\/\/talkpal.ai\/wp-content\/uploads\/2024\/03\/Talkpal-Logo-Icon.png\",\"contentUrl\":\"https:\/\/talkpal.ai\/wp-content\/uploads\/2024\/03\/Talkpal-Logo-Icon.png\",\"width\":2880,\"height\":2880,\"caption\":\"Talkpal, Inc.\"},\"image\":{\"@id\":\"https:\/\/talkpal.ai\/mt\/#\/schema\/logo\/image\/\"},\"sameAs\":[\"https:\/\/www.facebook.com\/profile.php?id=100090733639311\",\"https:\/\/x.com\/talkpalai\",\"https:\/\/www.linkedin.com\/company\/talkpal\/\",\"https:\/\/www.youtube.com\/@TalkPal\/\",\"https:\/\/www.tiktok.com\/@talkpal\",\"https:\/\/www.instagram.com\/talkpal_ai\/\",\"https:\/\/www.crunchbase.com\/organization\/talkpal-9cde\",\"https:\/\/www.g2.com\/products\/talkpal-for-business\/\",\"https:\/\/www.trustpilot.com\/review\/talkpal.ai\",\"https:\/\/www.capterra.com\/p\/10006800\/TalkPal\/\"],\"description\":\"Talkpal is a language learning web and mobile education app, powered by the latest AI technologies, that provides engaging experiences to its customers in many different languages to help them improve their language skills. Users can chat about unlimited amount of topics with the app and use other modes to practice their language learning.\",\"email\":\"support@talkpal.ai\",\"legalName\":\"Talkpal, Inc.\",\"foundingDate\":\"2023-04-03\",\"duns\":\"118989042\",\"numberOfEmployees\":{\"@type\":\"QuantitativeValue\",\"minValue\":\"11\",\"maxValue\":\"50\"},\"publishingPrinciples\":\"https:\/\/talkpal.ai\/publishing-principles\/\",\"actionableFeedbackPolicy\":\"https:\/\/talkpal.ai\/actionable-feedback-policy\/\",\"correctionsPolicy\":\"https:\/\/talkpal.ai\/corrections-policy\/\",\"ethicsPolicy\":\"https:\/\/talkpal.ai\/ethics-policy\/\",\"diversityPolicy\":\"https:\/\/talkpal.ai\/diversity-policy\/\",\"diversityStaffingReport\":\"https:\/\/talkpal.ai\/diversity-policy\/\"}]}<\/script>\n<!-- \/ Yoast SEO Premium plugin. -->","yoast_head_json":{"title":"Grammatika \u0120eor\u0121jana - Talkpal","description":"Immani\u0121\u0121ja r-regoli tal-grammatika \u0120or\u0121jana u l-alfabett malajr bil-gwida komprensiva tag\u0127na u t-tutur tal-lingwa bl-AI.","robots":{"index":"index","follow":"follow","max-snippet":"max-snippet:-1","max-image-preview":"max-image-preview:large","max-video-preview":"max-video-preview:-1"},"canonical":"https:\/\/talkpal.ai\/mt\/grammatika-georgjana\/","og_locale":"mt_MT","og_type":"article","og_title":"Grammatika \u0120eor\u0121jana","og_description":"Navigazzjoni fil-Kumplessitajiet tal-Grammatika \u0120eor\u0121jana Il-\u0120or\u0121jan, lingwa Kartveljana bi storja rikka u sinifikat kulturali, toffri esperjenza","og_url":"https:\/\/talkpal.ai\/mt\/grammatika-georgjana\/","og_site_name":"Talkpal","article_publisher":"https:\/\/www.facebook.com\/profile.php?id=100090733639311","article_modified_time":"2025-12-30T14:52:40+00:00","og_image":[{"width":2880,"height":1620,"url":"https:\/\/talkpal.ai\/wp-content\/uploads\/2025\/02\/Progress-tab-16_9.png","type":"image\/png"}],"twitter_card":"summary_large_image","twitter_site":"@talkpalai","twitter_misc":{"Est. reading time":"3 minutes"},"schema":{"@context":"https:\/\/schema.org","@graph":[{"@type":"WebPage","@id":"https:\/\/talkpal.ai\/mt\/grammatika-georgjana\/","url":"https:\/\/talkpal.ai\/mt\/grammatika-georgjana\/","name":"Grammatika \u0120eor\u0121jana - Talkpal","isPartOf":{"@id":"https:\/\/talkpal.ai\/mt\/#website"},"datePublished":"2025-11-11T17:01:21+00:00","dateModified":"2025-12-30T14:52:40+00:00","description":"Immani\u0121\u0121ja r-regoli tal-grammatika \u0120or\u0121jana u l-alfabett malajr bil-gwida komprensiva tag\u0127na u t-tutur tal-lingwa bl-AI.","breadcrumb":{"@id":"https:\/\/talkpal.ai\/mt\/grammatika-georgjana\/#breadcrumb"},"inLanguage":"mt-MT","potentialAction":[{"@type":"ReadAction","target":["https:\/\/talkpal.ai\/mt\/grammatika-georgjana\/"]}]},{"@type":"BreadcrumbList","@id":"https:\/\/talkpal.ai\/mt\/grammatika-georgjana\/#breadcrumb","itemListElement":[{"@type":"ListItem","position":1,"name":"Homepage","item":"https:\/\/talkpal.ai\/mt\/"},{"@type":"ListItem","position":2,"name":"Grammatika \u0120eor\u0121jana"}]},{"@type":"WebSite","@id":"https:\/\/talkpal.ai\/mt\/#website","url":"https:\/\/talkpal.ai\/mt\/","name":"Talkpal","description":"AI Language Learning","publisher":{"@id":"https:\/\/talkpal.ai\/mt\/#organization"},"alternateName":"Talkpal AI","potentialAction":[{"@type":"SearchAction","target":{"@type":"EntryPoint","urlTemplate":"https:\/\/talkpal.ai\/mt\/?s={search_term_string}"},"query-input":{"@type":"PropertyValueSpecification","valueRequired":true,"valueName":"search_term_string"}}],"inLanguage":"mt-MT"},{"@type":"Organization","@id":"https:\/\/talkpal.ai\/mt\/#organization","name":"Talkpal, Inc.","alternateName":"Talkpal AI","url":"https:\/\/talkpal.ai\/mt\/","logo":{"@type":"ImageObject","inLanguage":"mt-MT","@id":"https:\/\/talkpal.ai\/mt\/#\/schema\/logo\/image\/","url":"https:\/\/talkpal.ai\/wp-content\/uploads\/2024\/03\/Talkpal-Logo-Icon.png","contentUrl":"https:\/\/talkpal.ai\/wp-content\/uploads\/2024\/03\/Talkpal-Logo-Icon.png","width":2880,"height":2880,"caption":"Talkpal, Inc."},"image":{"@id":"https:\/\/talkpal.ai\/mt\/#\/schema\/logo\/image\/"},"sameAs":["https:\/\/www.facebook.com\/profile.php?id=100090733639311","https:\/\/x.com\/talkpalai","https:\/\/www.linkedin.com\/company\/talkpal\/","https:\/\/www.youtube.com\/@TalkPal\/","https:\/\/www.tiktok.com\/@talkpal","https:\/\/www.instagram.com\/talkpal_ai\/","https:\/\/www.crunchbase.com\/organization\/talkpal-9cde","https:\/\/www.g2.com\/products\/talkpal-for-business\/","https:\/\/www.trustpilot.com\/review\/talkpal.ai","https:\/\/www.capterra.com\/p\/10006800\/TalkPal\/"],"description":"Talkpal is a language learning web and mobile education app, powered by the latest AI technologies, that provides engaging experiences to its customers in many different languages to help them improve their language skills. Users can chat about unlimited amount of topics with the app and use other modes to practice their language learning.","email":"support@talkpal.ai","legalName":"Talkpal, Inc.","foundingDate":"2023-04-03","duns":"118989042","numberOfEmployees":{"@type":"QuantitativeValue","minValue":"11","maxValue":"50"},"publishingPrinciples":"https:\/\/talkpal.ai\/publishing-principles\/","actionableFeedbackPolicy":"https:\/\/talkpal.ai\/actionable-feedback-policy\/","correctionsPolicy":"https:\/\/talkpal.ai\/corrections-policy\/","ethicsPolicy":"https:\/\/talkpal.ai\/ethics-policy\/","diversityPolicy":"https:\/\/talkpal.ai\/diversity-policy\/","diversityStaffingReport":"https:\/\/talkpal.ai\/diversity-policy\/"}]}},"_links":{"self":[{"href":"https:\/\/talkpal.ai\/mt\/wp-json\/wp\/v2\/pages\/1476674","targetHints":{"allow":["GET"]}}],"collection":[{"href":"https:\/\/talkpal.ai\/mt\/wp-json\/wp\/v2\/pages"}],"about":[{"href":"https:\/\/talkpal.ai\/mt\/wp-json\/wp\/v2\/types\/page"}],"author":[{"embeddable":true,"href":"https:\/\/talkpal.ai\/mt\/wp-json\/wp\/v2\/users\/20"}],"replies":[{"embeddable":true,"href":"https:\/\/talkpal.ai\/mt\/wp-json\/wp\/v2\/comments?post=1476674"}],"version-history":[{"count":0,"href":"https:\/\/talkpal.ai\/mt\/wp-json\/wp\/v2\/pages\/1476674\/revisions"}],"wp:attachment":[{"href":"https:\/\/talkpal.ai\/mt\/wp-json\/wp\/v2\/media?parent=1476674"}],"curies":[{"name":"wp","href":"https:\/\/api.w.org\/{rel}","templated":true}]}}