{"id":1476523,"date":"2025-11-12T12:14:52","date_gmt":"2025-11-12T12:14:52","guid":{"rendered":"https:\/\/talkpal.ai\/grammatika-tal-laos\/"},"modified":"2025-12-30T14:12:28","modified_gmt":"2025-12-30T14:12:28","slug":"grammatika-tal-laos","status":"publish","type":"page","link":"https:\/\/talkpal.ai\/mt\/grammatika-tal-laos\/","title":{"rendered":"Grammatika tal-Laos"},"content":{"rendered":"\r\n\r\n\r\n<section class=\"languageChallengeSection\">\r\n    <div class=\"languageInfoWrapper\">\r\n        \r\n        <h1>Grammatika tal-Laos<\/h1>\r\n        <p>Il-grammatika tal-Laos tista &#039;tidher ta&#039; sfida g\u0127all-ewwel, i\u017cda l-karatteristi\u010bi uni\u010bi tag\u0127ha jag\u0127mlu t-tag\u0127lim tal-lingwa esperjenza ta &#039;sodisfazzjon. Billi tesplora l-alfabett, il-mutazzjonijiet u r-regoli tal-grammatika tag\u0127ha, int ser tikseb g\u0127arfien dwar tradizzjoni lingwistika rikka. Ibda l-vja\u0121\u0121 tieg\u0127ek u skopri s-sbu\u0127ija tal-Laos!<\/p>\r\n\r\n                            <a class=\"getStartedHidden\" href=\"https:\/\/app.talkpal.ai\/signup?lng=\">Ibda<\/a>\r\n        \r\n    <\/div>\r\n\r\n    <figure>\r\n    <img decoding=\"async\" width=\"768\" height=\"768\" src=\"https:\/\/talkpal.ai\/wp-content\/uploads\/2023\/06\/welsh-768x768.png\" class=\"languageImage no-lazy\" alt=\"Language learning for better cognitive abilities\" fetchpriority=\"high\" sizes=\"(max-width: 768px) 150px, 768px\" srcset=\"https:\/\/talkpal.ai\/wp-content\/uploads\/2023\/06\/welsh-768x768.png 768w, https:\/\/talkpal.ai\/wp-content\/uploads\/2023\/06\/welsh-300x300.png 300w\" \/>\r\n    \r\n\r\n    <\/figure>\r\n\r\n            <a class=\"getStartedVisible\" href=\"https:\/\/app.talkpal.ai\/signup?lng=\">Ibda<\/a>\r\n    \r\n<\/section><section class=\"promotionalBanner\">\r\n    <p class=\"promotionalText\">L-aktar mod effi\u010bjenti biex titg\u0127allem lingwa<\/p>\r\n    <a class=\"promotionalLink\" href=\"https:\/\/app.talkpal.ai\/signup?lng=\">Ipprova Talkpal b&#8217;xejn<\/a>\r\n<\/section>\n<div class=\"wp-block-group pageContainerStyle\"><div class=\"wp-block-group__inner-container is-layout-constrained wp-block-group-is-layout-constrained\">\n<h2 class=\"wp-block-heading\" id=\"h-navigating-the-intricacies-of-lao-grammar\">Navigazzjoni fil-Kumplessitajiet tal-Grammatika tal-Laos<\/h2>\n\n\n\n<p><a href=\"https:\/\/talkpal.ai\/mt\/tghallem-il-laos\/\">Lao<\/a>, lingwa Tai-Kadai bi storja rikka u sinifikat kulturali, toffri esperjenza lingwistika e\u010b\u010bitanti g\u0127al dawk \u0127erqana li jesploraw is-sistema grammatikali unika tag\u0127ha. Hekk kif tid\u0127ol fl-isfera tal-Laos, mhux biss tarrikkixxi r-repertorju lingwistiku tieg\u0127ek i\u017cda t\u0127addan ukoll vja\u0121\u0121 kulturali affaxxinanti. Filwaqt li l-grammatika tal-Laos tista &#8216;tidher mhux familjari g\u0127all-ewwel, it-tqassim tag\u0127ha f&#8217;komponenti ewlenin jag\u0127mel it-tag\u0127lim tal-lingwa aktar a\u010b\u010bessibbli. F&#8217;dan l-artikolu, se nesploraw id-dinja captivating tal-grammatika tal-Laos u nipprovdu pariri dwar kif tikkontrolla l-kumplessitajiet tag\u0127ha.<\/p>\n\n\n\n<h3 class=\"wp-block-heading\" id=\"h-1-lao-alphabet-and-phonetics\">1. Alfabett u Fonetika tal-Laos<\/h3>\n\n\n\n<p>L-iskrittura <a href=\"https:\/\/talkpal.ai\/learn-lao\/\">Laos<\/a> tu\u017ca 27 ittra konsonanti, bosta sinjali vokali, u erba &#8216;marki tat-toni. Lao huwa tonali, b&#8217;\u0127ames toni fid-djalett standard ta&#8217; Vientiane. Biex titg\u0127allem il-grammatika tal-Laos, huwa kru\u010bjali li ssir familjari ma &#8216;din is-sistema ta&#8217; kitba distintiva billi tipprattika l-qari u l-kitba fil-Laos.<\/p>\n\n\n\n<h3 class=\"wp-block-heading\" id=\"h-2-tone-system-a-defining-lao-feature\">2. Sistema tat-Ton: Karatteristika Laos li Tiddefinixxi<\/h3>\n\n\n\n<p>Wie\u0127ed mill-aspetti l-aktar impressjonanti tal-grammatika tal-Laos huwa s-sistema tat-toni tieg\u0127u. Il-konsonanti huma mi\u0121bura fi klassijiet g\u0127oljin, medji u baxxi, li jintera\u0121ixxu mal-marki tat-ton, it-tul tal-vokali, u t-tip tas-sillaba biex jiddeterminaw it-ton. Understanding how <a href=\"https:\/\/talkpal.ai\/culture\/how-do-you-distinguish-between-high-mid-and-low-class-consonants-quickly\/\">consonant classes<\/a> and <a href=\"https:\/\/talkpal.ai\/culture\/what-are-the-most-common-errors-in-using-tone-marks-in-writing\/\">tone marks<\/a> shape pronunciation is vital for accurate communication in Lao.<\/p>\n\n\n\n<h3 class=\"wp-block-heading\" id=\"h-3-nouns-and-pronouns-classifiers-and-politeness\">3. Nomi u Pronomi: Klassifikaturi u Edukazzjoni<\/h3>\n\n\n\n<p>In-nomi tal-Laos m&#8217;g\u0127andhomx \u0121eneru grammatikali jew ka\u017c, u l-plurali huma normalment espressi bi kliem b\u0127al &#8220;\u0127afna&#8221; jew b&#8217;klassifikaturi aktar milli inflessjoni. Il-pronomi fil-Laos jinkludu forom personali, possessivi, riflessivi, dimostrattivi u interrogattivi, b&#8217;\u0127afna g\u0127a\u017cliet iffurmati mill-et\u00e0, l-istatus u l-edukazzjoni. Li ssir familjari ma &#8216;dawn il-pronomi, klassifikaturi, u l-markatur possessiv &#8220;khong&#8221; se jtejjeb b&#8217;mod sinifikanti l-\u0127akma tieg\u0127ek tal-grammatika tal-Laos.<\/p>\n\n\n\n<h3 class=\"wp-block-heading\" id=\"h-4-verbs-structure-and-conjugation\">4. Verbi: Struttura u Konjugazzjoni<\/h3>\n\n\n\n<p>Il-verbi tal-Laos ma jikkonjugawx g\u0127at-temp, il-burdata, jew il-persuna. Il-\u0127in u l-aspett huma espressi b&#8217;parti\u010belli b\u0127al &#8220;kamlang&#8221; g\u0127al progressivi, &#8220;laew&#8221; g\u0127al azzjonijiet kompluti, u &#8220;si&#8221; g\u0127all-futur. It-tifsiriet kondizzjonali u imperattivi huma ffurmati bil-parti\u010belli u l-kuntest. It-tag\u0127lim ta &#8216;kif Lao ju\u017ca parti\u010belli, verbi serjali, u kopuli b\u0127al &#8220;pinna&#8221; g\u0127all-identit\u00e0 u &#8220;yu&#8221; g\u0127all-post se jtejjeb il-\u0127ila tieg\u0127ek li tikkomunika b&#8217;mod effettiv fil-Laos.<\/p>\n\n\n\n<h3 class=\"wp-block-heading\" id=\"h-5-adjectives-agreement-and-placement\">5. A\u0121\u0121ettivi: Ftehim u Tqeg\u0127id<\/h3>\n\n\n\n<p>Fil-grammatika tal-Laos, l-a\u0121\u0121ettivi tipikament isegwu n-nom li jimmodifikaw u ma jaqblux fis-sess jew fin-numru. Komparattivi u superlattivi huma mibnija b&#8217;parti\u010belli b\u0127al &#8220;kwaa&#8221; g\u0127al &#8220;aktar minn&#8221; u &#8220;thi sut&#8221; g\u0127al &#8220;l-aktar,&#8221; li huma essenzjali biex jitg\u0127allmu jikkomunikaw b&#8217;mod aktar naturali.<\/p>\n\n\n\n<p><strong>E\u017cempji:<\/strong><\/p>\n\n\n\n<p><strong>\u2013 khw\u0101m hak nyai (im\u0127abba kbira)<\/strong><\/p>\n\n\n\n<p><strong>\u2013 dek n\u00f2i (tfal \u017cg\u0127ar)<\/strong><\/p>\n\n\n\n<h3 class=\"wp-block-heading\" id=\"h-6-engaging-with-the-language\">6. Involviment mal-lingwa<\/h3>\n\n\n\n<p>L-aktar mod effettiv biex tifhem bis-s\u0127i\u0127 u tinternalizza l-grammatika tal-Laos huwa li timpenja ru\u0127ek b&#8217;mod konsistenti mal-lingwa. Billi taqra l-letteratura tal-Laos, tara films jew serje televi\u017civi tal-Laos, u tikkomunika b&#8217;mod attiv ma &#8216;kelliema nattivi, int se ssa\u0127\u0127a\u0127 il-fehim tieg\u0127ek tal-grammatika filwaqt li tespandi l-vokabularju tieg\u0127ek.<\/p>\n\n\n\n<h3 class=\"wp-block-heading\" id=\"h-conclusion\">Konklu\u017cjoni<\/h3>\n\n\n\n<p>G\u0127alkemm il-grammatika tal-Laos tista &#8216;tidher ikkumplikata, tista&#8217; ssir profi\u010bjenti f&#8217;din il-lingwa sabi\u0127a b&#8217;dedikazzjoni, prattika u entu\u017cja\u017cmu. Billi tiffoka fuq ir-regoli fundamentali u timpenja ru\u0127ek mal-lingwa f&#8217;kuntesti differenti, int se ttejjeb malajr <a href=\"https:\/\/talkpal.ai\/mt\/grammatika\/\">il-\u0127iliet grammatikali<\/a> tieg\u0127ek fil-Laos. Sok dii (xorti tajba) bil-vja\u0121\u0121 tal-lingwa tal-Laos tieg\u0127ek, u gawdi li ti\u017cvela d-dinja enigmatika i\u017cda captivating tal-grammatika tal-Laos!<\/p>\n<\/div><\/div>\n\r\n<section class=\"learnNavigationSection\">\r\n            \r\n        <a href=\"https:\/\/talkpal.ai\/mt\/tghallem-il-laos\/\">\r\n            <div class=\"learnNavigationWrapper\">\r\n                <div class=\"learnNavigationContent\">\r\n                    <img decoding=\"async\" src=\"https:\/\/talkpal.ai\/wp-content\/uploads\/2025\/11\/Lao-1.png\" alt=\"Laotian Flag\">\r\n                    <div>\r\n                        <h4>Dwar it-Tag\u0127lim tal-Laos<\/h4>\r\n                        <p>Sir af kollox dwar il-Grammatika tal-Laos.<\/p>\r\n                    <\/div>\r\n                <\/div>\r\n            <\/div>\r\n        <\/a>\r\n\r\n        \r\n        <a href=\"https:\/\/talkpal.ai\/mt\/ezercizzji-tal-grammatika-tal-laos\/\">\r\n            <div class=\"learnNavigationWrapper\">\r\n                <div class=\"learnNavigationContent\">\r\n                    <img decoding=\"async\" src=\"https:\/\/talkpal.ai\/wp-content\/uploads\/2025\/11\/Lao-1.png\" alt=\"Laotian Flag\">\r\n                    <div>\r\n                        <h4>E\u017cer\u010bizzju tal-Grammatika tal-Laos<\/h4>\r\n                        <p>Prattika l-grammatika tal-Laos.<\/p>\r\n                    <\/div>\r\n                <\/div>\r\n            <\/div>\r\n        <\/a>\r\n\r\n            <\/section>","protected":false},"excerpt":{"rendered":"<p>Navigazzjoni fil-Kumplessitajiet tal-Grammatika tal-Laos Lao, lingwa Tai-Kadai bi storja rikka u sinifikat kulturali, toffri esperjenza lingwistika e\u010b\u010bitanti g\u0127al dawk \u0127erqana li jesploraw is-sistema grammatikali unika tag\u0127ha. Hekk kif tid\u0127ol fl-isfera tal-Laos, mhux biss tarrikkixxi r-repertorju lingwistiku tieg\u0127ek i\u017cda t\u0127addan ukoll vja\u0121\u0121 kulturali affaxxinanti. Filwaqt li l-grammatika tal-Laos tista &#8216;tidher mhux familjari g\u0127all-ewwel, it-tqassim tag\u0127ha f&#8217;komponenti [&hellip;]<\/p>\n","protected":false},"author":20,"featured_media":0,"parent":0,"menu_order":0,"comment_status":"closed","ping_status":"closed","template":"LearningContentPage.php","meta":{"_acf_changed":false,"footnotes":""},"class_list":["post-1476523","page","type-page","status-publish","hentry"],"acf":[],"yoast_head":"<!-- This site is optimized with the Yoast SEO Premium plugin v27.2 (Yoast SEO v27.2) - https:\/\/yoast.com\/product\/yoast-seo-premium-wordpress\/ -->\n<title>Grammatika tal-Laos - Talkpal<\/title>\n<meta name=\"description\" content=\"Immani\u0121\u0121ja l-prin\u010bipji fundamentali tal-grammatika Lao inklu\u017c is-sistema tat-ton u l-istruttura tas-sentenzi biex ittejjeb il-profi\u010bjenza tieg\u0127ek fil-lingwa permezz ta&#039; Talkpal.\" \/>\n<meta name=\"robots\" content=\"index, follow, max-snippet:-1, max-image-preview:large, max-video-preview:-1\" \/>\n<link rel=\"canonical\" href=\"https:\/\/talkpal.ai\/mt\/grammatika-tal-laos\/\" \/>\n<meta property=\"og:locale\" content=\"mt_MT\" \/>\n<meta property=\"og:type\" content=\"article\" \/>\n<meta property=\"og:title\" content=\"Grammatika tal-Laos\" \/>\n<meta property=\"og:description\" content=\"Navigazzjoni fil-Kumplessitajiet tal-Grammatika tal-Laos Lao, lingwa Tai-Kadai bi storja rikka u sinifikat kulturali, toffri esperjenza lingwistika\" \/>\n<meta property=\"og:url\" content=\"https:\/\/talkpal.ai\/mt\/grammatika-tal-laos\/\" \/>\n<meta property=\"og:site_name\" content=\"Talkpal\" \/>\n<meta property=\"article:publisher\" content=\"https:\/\/www.facebook.com\/profile.php?id=100090733639311\" \/>\n<meta property=\"article:modified_time\" content=\"2025-12-30T14:12:28+00:00\" \/>\n<meta property=\"og:image\" content=\"https:\/\/talkpal.ai\/wp-content\/uploads\/2025\/02\/Progress-tab-16_9.png\" \/>\n\t<meta property=\"og:image:width\" content=\"2880\" \/>\n\t<meta property=\"og:image:height\" content=\"1620\" \/>\n\t<meta property=\"og:image:type\" content=\"image\/png\" \/>\n<meta name=\"twitter:card\" content=\"summary_large_image\" \/>\n<meta name=\"twitter:site\" content=\"@talkpalai\" \/>\n<meta name=\"twitter:label1\" content=\"Est. reading time\" \/>\n\t<meta name=\"twitter:data1\" content=\"3 minutes\" \/>\n<script type=\"application\/ld+json\" class=\"yoast-schema-graph\">{\"@context\":\"https:\/\/schema.org\",\"@graph\":[{\"@type\":\"WebPage\",\"@id\":\"https:\/\/talkpal.ai\/mt\/grammatika-tal-laos\/\",\"url\":\"https:\/\/talkpal.ai\/mt\/grammatika-tal-laos\/\",\"name\":\"Grammatika tal-Laos - Talkpal\",\"isPartOf\":{\"@id\":\"https:\/\/talkpal.ai\/mt\/#website\"},\"datePublished\":\"2025-11-12T12:14:52+00:00\",\"dateModified\":\"2025-12-30T14:12:28+00:00\",\"description\":\"Immani\u0121\u0121ja l-prin\u010bipji fundamentali tal-grammatika Lao inklu\u017c is-sistema tat-ton u l-istruttura tas-sentenzi biex ittejjeb il-profi\u010bjenza tieg\u0127ek fil-lingwa permezz ta' Talkpal.\",\"breadcrumb\":{\"@id\":\"https:\/\/talkpal.ai\/mt\/grammatika-tal-laos\/#breadcrumb\"},\"inLanguage\":\"mt-MT\",\"potentialAction\":[{\"@type\":\"ReadAction\",\"target\":[\"https:\/\/talkpal.ai\/mt\/grammatika-tal-laos\/\"]}]},{\"@type\":\"BreadcrumbList\",\"@id\":\"https:\/\/talkpal.ai\/mt\/grammatika-tal-laos\/#breadcrumb\",\"itemListElement\":[{\"@type\":\"ListItem\",\"position\":1,\"name\":\"Homepage\",\"item\":\"https:\/\/talkpal.ai\/mt\/\"},{\"@type\":\"ListItem\",\"position\":2,\"name\":\"Grammatika tal-Laos\"}]},{\"@type\":\"WebSite\",\"@id\":\"https:\/\/talkpal.ai\/mt\/#website\",\"url\":\"https:\/\/talkpal.ai\/mt\/\",\"name\":\"Talkpal\",\"description\":\"AI Language Learning\",\"publisher\":{\"@id\":\"https:\/\/talkpal.ai\/mt\/#organization\"},\"alternateName\":\"Talkpal AI\",\"potentialAction\":[{\"@type\":\"SearchAction\",\"target\":{\"@type\":\"EntryPoint\",\"urlTemplate\":\"https:\/\/talkpal.ai\/mt\/?s={search_term_string}\"},\"query-input\":{\"@type\":\"PropertyValueSpecification\",\"valueRequired\":true,\"valueName\":\"search_term_string\"}}],\"inLanguage\":\"mt-MT\"},{\"@type\":\"Organization\",\"@id\":\"https:\/\/talkpal.ai\/mt\/#organization\",\"name\":\"Talkpal, Inc.\",\"alternateName\":\"Talkpal AI\",\"url\":\"https:\/\/talkpal.ai\/mt\/\",\"logo\":{\"@type\":\"ImageObject\",\"inLanguage\":\"mt-MT\",\"@id\":\"https:\/\/talkpal.ai\/mt\/#\/schema\/logo\/image\/\",\"url\":\"https:\/\/talkpal.ai\/wp-content\/uploads\/2024\/03\/Talkpal-Logo-Icon.png\",\"contentUrl\":\"https:\/\/talkpal.ai\/wp-content\/uploads\/2024\/03\/Talkpal-Logo-Icon.png\",\"width\":2880,\"height\":2880,\"caption\":\"Talkpal, Inc.\"},\"image\":{\"@id\":\"https:\/\/talkpal.ai\/mt\/#\/schema\/logo\/image\/\"},\"sameAs\":[\"https:\/\/www.facebook.com\/profile.php?id=100090733639311\",\"https:\/\/x.com\/talkpalai\",\"https:\/\/www.linkedin.com\/company\/talkpal\/\",\"https:\/\/www.youtube.com\/@TalkPal\/\",\"https:\/\/www.tiktok.com\/@talkpal\",\"https:\/\/www.instagram.com\/talkpal_ai\/\",\"https:\/\/www.crunchbase.com\/organization\/talkpal-9cde\",\"https:\/\/www.g2.com\/products\/talkpal-for-business\/\",\"https:\/\/www.trustpilot.com\/review\/talkpal.ai\",\"https:\/\/www.capterra.com\/p\/10006800\/TalkPal\/\"],\"description\":\"Talkpal is a language learning web and mobile education app, powered by the latest AI technologies, that provides engaging experiences to its customers in many different languages to help them improve their language skills. Users can chat about unlimited amount of topics with the app and use other modes to practice their language learning.\",\"email\":\"support@talkpal.ai\",\"legalName\":\"Talkpal, Inc.\",\"foundingDate\":\"2023-04-03\",\"duns\":\"118989042\",\"numberOfEmployees\":{\"@type\":\"QuantitativeValue\",\"minValue\":\"11\",\"maxValue\":\"50\"},\"publishingPrinciples\":\"https:\/\/talkpal.ai\/publishing-principles\/\",\"actionableFeedbackPolicy\":\"https:\/\/talkpal.ai\/actionable-feedback-policy\/\",\"correctionsPolicy\":\"https:\/\/talkpal.ai\/corrections-policy\/\",\"ethicsPolicy\":\"https:\/\/talkpal.ai\/ethics-policy\/\",\"diversityPolicy\":\"https:\/\/talkpal.ai\/diversity-policy\/\",\"diversityStaffingReport\":\"https:\/\/talkpal.ai\/diversity-policy\/\"}]}<\/script>\n<!-- \/ Yoast SEO Premium plugin. -->","yoast_head_json":{"title":"Grammatika tal-Laos - Talkpal","description":"Immani\u0121\u0121ja l-prin\u010bipji fundamentali tal-grammatika Lao inklu\u017c is-sistema tat-ton u l-istruttura tas-sentenzi biex ittejjeb il-profi\u010bjenza tieg\u0127ek fil-lingwa permezz ta' Talkpal.","robots":{"index":"index","follow":"follow","max-snippet":"max-snippet:-1","max-image-preview":"max-image-preview:large","max-video-preview":"max-video-preview:-1"},"canonical":"https:\/\/talkpal.ai\/mt\/grammatika-tal-laos\/","og_locale":"mt_MT","og_type":"article","og_title":"Grammatika tal-Laos","og_description":"Navigazzjoni fil-Kumplessitajiet tal-Grammatika tal-Laos Lao, lingwa Tai-Kadai bi storja rikka u sinifikat kulturali, toffri esperjenza lingwistika","og_url":"https:\/\/talkpal.ai\/mt\/grammatika-tal-laos\/","og_site_name":"Talkpal","article_publisher":"https:\/\/www.facebook.com\/profile.php?id=100090733639311","article_modified_time":"2025-12-30T14:12:28+00:00","og_image":[{"width":2880,"height":1620,"url":"https:\/\/talkpal.ai\/wp-content\/uploads\/2025\/02\/Progress-tab-16_9.png","type":"image\/png"}],"twitter_card":"summary_large_image","twitter_site":"@talkpalai","twitter_misc":{"Est. reading time":"3 minutes"},"schema":{"@context":"https:\/\/schema.org","@graph":[{"@type":"WebPage","@id":"https:\/\/talkpal.ai\/mt\/grammatika-tal-laos\/","url":"https:\/\/talkpal.ai\/mt\/grammatika-tal-laos\/","name":"Grammatika tal-Laos - Talkpal","isPartOf":{"@id":"https:\/\/talkpal.ai\/mt\/#website"},"datePublished":"2025-11-12T12:14:52+00:00","dateModified":"2025-12-30T14:12:28+00:00","description":"Immani\u0121\u0121ja l-prin\u010bipji fundamentali tal-grammatika Lao inklu\u017c is-sistema tat-ton u l-istruttura tas-sentenzi biex ittejjeb il-profi\u010bjenza tieg\u0127ek fil-lingwa permezz ta' Talkpal.","breadcrumb":{"@id":"https:\/\/talkpal.ai\/mt\/grammatika-tal-laos\/#breadcrumb"},"inLanguage":"mt-MT","potentialAction":[{"@type":"ReadAction","target":["https:\/\/talkpal.ai\/mt\/grammatika-tal-laos\/"]}]},{"@type":"BreadcrumbList","@id":"https:\/\/talkpal.ai\/mt\/grammatika-tal-laos\/#breadcrumb","itemListElement":[{"@type":"ListItem","position":1,"name":"Homepage","item":"https:\/\/talkpal.ai\/mt\/"},{"@type":"ListItem","position":2,"name":"Grammatika tal-Laos"}]},{"@type":"WebSite","@id":"https:\/\/talkpal.ai\/mt\/#website","url":"https:\/\/talkpal.ai\/mt\/","name":"Talkpal","description":"AI Language Learning","publisher":{"@id":"https:\/\/talkpal.ai\/mt\/#organization"},"alternateName":"Talkpal AI","potentialAction":[{"@type":"SearchAction","target":{"@type":"EntryPoint","urlTemplate":"https:\/\/talkpal.ai\/mt\/?s={search_term_string}"},"query-input":{"@type":"PropertyValueSpecification","valueRequired":true,"valueName":"search_term_string"}}],"inLanguage":"mt-MT"},{"@type":"Organization","@id":"https:\/\/talkpal.ai\/mt\/#organization","name":"Talkpal, Inc.","alternateName":"Talkpal AI","url":"https:\/\/talkpal.ai\/mt\/","logo":{"@type":"ImageObject","inLanguage":"mt-MT","@id":"https:\/\/talkpal.ai\/mt\/#\/schema\/logo\/image\/","url":"https:\/\/talkpal.ai\/wp-content\/uploads\/2024\/03\/Talkpal-Logo-Icon.png","contentUrl":"https:\/\/talkpal.ai\/wp-content\/uploads\/2024\/03\/Talkpal-Logo-Icon.png","width":2880,"height":2880,"caption":"Talkpal, Inc."},"image":{"@id":"https:\/\/talkpal.ai\/mt\/#\/schema\/logo\/image\/"},"sameAs":["https:\/\/www.facebook.com\/profile.php?id=100090733639311","https:\/\/x.com\/talkpalai","https:\/\/www.linkedin.com\/company\/talkpal\/","https:\/\/www.youtube.com\/@TalkPal\/","https:\/\/www.tiktok.com\/@talkpal","https:\/\/www.instagram.com\/talkpal_ai\/","https:\/\/www.crunchbase.com\/organization\/talkpal-9cde","https:\/\/www.g2.com\/products\/talkpal-for-business\/","https:\/\/www.trustpilot.com\/review\/talkpal.ai","https:\/\/www.capterra.com\/p\/10006800\/TalkPal\/"],"description":"Talkpal is a language learning web and mobile education app, powered by the latest AI technologies, that provides engaging experiences to its customers in many different languages to help them improve their language skills. Users can chat about unlimited amount of topics with the app and use other modes to practice their language learning.","email":"support@talkpal.ai","legalName":"Talkpal, Inc.","foundingDate":"2023-04-03","duns":"118989042","numberOfEmployees":{"@type":"QuantitativeValue","minValue":"11","maxValue":"50"},"publishingPrinciples":"https:\/\/talkpal.ai\/publishing-principles\/","actionableFeedbackPolicy":"https:\/\/talkpal.ai\/actionable-feedback-policy\/","correctionsPolicy":"https:\/\/talkpal.ai\/corrections-policy\/","ethicsPolicy":"https:\/\/talkpal.ai\/ethics-policy\/","diversityPolicy":"https:\/\/talkpal.ai\/diversity-policy\/","diversityStaffingReport":"https:\/\/talkpal.ai\/diversity-policy\/"}]}},"_links":{"self":[{"href":"https:\/\/talkpal.ai\/mt\/wp-json\/wp\/v2\/pages\/1476523","targetHints":{"allow":["GET"]}}],"collection":[{"href":"https:\/\/talkpal.ai\/mt\/wp-json\/wp\/v2\/pages"}],"about":[{"href":"https:\/\/talkpal.ai\/mt\/wp-json\/wp\/v2\/types\/page"}],"author":[{"embeddable":true,"href":"https:\/\/talkpal.ai\/mt\/wp-json\/wp\/v2\/users\/20"}],"replies":[{"embeddable":true,"href":"https:\/\/talkpal.ai\/mt\/wp-json\/wp\/v2\/comments?post=1476523"}],"version-history":[{"count":0,"href":"https:\/\/talkpal.ai\/mt\/wp-json\/wp\/v2\/pages\/1476523\/revisions"}],"wp:attachment":[{"href":"https:\/\/talkpal.ai\/mt\/wp-json\/wp\/v2\/media?parent=1476523"}],"curies":[{"name":"wp","href":"https:\/\/api.w.org\/{rel}","templated":true}]}}