{"id":1476503,"date":"2025-11-12T11:25:18","date_gmt":"2025-11-12T11:25:18","guid":{"rendered":"https:\/\/talkpal.ai\/ezercizzji-tal-grammatika-khmer\/"},"modified":"2025-12-30T14:43:40","modified_gmt":"2025-12-30T14:43:40","slug":"ezercizzji-tal-grammatika-khmer","status":"publish","type":"page","link":"https:\/\/talkpal.ai\/mt\/ezercizzji-tal-grammatika-khmer\/","title":{"rendered":"E\u017cer\u010bizzji tal-Grammatika Khmer"},"content":{"rendered":"\r\n\r\n\r\n<section class=\"languageChallengeSection\">\r\n    <div class=\"languageInfoWrapper\">\r\n        \r\n        <h1>E\u017cer\u010bizzji tal-Grammatika Khmer<\/h1>\r\n        <p>Lest biex tg\u0127addas fil-grammatika <a href=\"https:\/\/talkpal.ai\/learn-khmer\/\">Khmer<\/a>? Il-prattika ta &#039;ftit affarijiet ba\u017ci\u010bi tg\u0127inek tikseb komdu b&#039;din il-lingwa unika u sabi\u0127a. Ipprova dawn l-e\u017cer\u010bizzji biex tibni l-kunfidenza tieg\u0127ek u tie\u0127u pja\u010bir matul it-triq!<\/p>\r\n\r\n                            <a class=\"getStartedHidden\" href=\"https:\/\/app.talkpal.ai\/signup?lng=\">Ibda<\/a>\r\n        \r\n    <\/div>\r\n\r\n    <figure>\r\n    <img decoding=\"async\" width=\"768\" height=\"768\" src=\"https:\/\/talkpal.ai\/wp-content\/uploads\/2023\/06\/welsh-768x768.png\" class=\"languageImage no-lazy\" alt=\"Language learning for better cognitive abilities\" fetchpriority=\"high\" sizes=\"(max-width: 768px) 150px, 768px\" srcset=\"https:\/\/talkpal.ai\/wp-content\/uploads\/2023\/06\/welsh-768x768.png 768w, https:\/\/talkpal.ai\/wp-content\/uploads\/2023\/06\/welsh-300x300.png 300w\" \/>\r\n    \r\n\r\n    <\/figure>\r\n\r\n            <a class=\"getStartedVisible\" href=\"https:\/\/app.talkpal.ai\/signup?lng=\">Ibda<\/a>\r\n    \r\n<\/section><section class=\"promotionalBanner\">\r\n    <p class=\"promotionalText\">L-aktar mod effi\u010bjenti biex titg\u0127allem lingwa<\/p>\r\n    <a class=\"promotionalLink\" href=\"https:\/\/app.talkpal.ai\/signup?lng=\">Ipprova Talkpal b&#8217;xejn<\/a>\r\n<\/section>\n<div class=\"wp-block-group pageContainerStyle\"><div class=\"wp-block-group__inner-container is-layout-constrained wp-block-group-is-layout-constrained\">\n<h2 class=\"wp-block-heading\" id=\"h-khmer-grammar-topics\">Su\u0121\u0121etti tal-Grammatika Khmer<\/h2>\n\n\n\n<p><a href=\"https:\/\/talkpal.ai\/mt\/l-akbar-zbalji-li-ghandek-tevita-meta-titghallem-lingwa-gdida\/\">It-tag\u0127lim ta &#8216;lingwa \u0121dida<\/a> jista&#8217; jkun sforz ta &#8216;sfida i\u017cda ta&#8217; sodisfazzjon. Il-Khmer, lingwa Awstroasjatika mitkellma prin\u010bipalment fil-Kambodja, mhix e\u010b\u010bezzjoni. Bl-istruttura analitika u l-parti\u010belli distintivi tieg\u0127u, <a href=\"https:\/\/talkpal.ai\/mt\/talkpal-ghall-edukazzjoni\/\">it-tag\u0127lim<\/a> tal-Khmer je\u0127tie\u0121 appro\u010b\u010b sistematiku biex wie\u0127ed jifhem kif it-tifsira tinbena ming\u0127ajr inflessjoni. Din il-gwida tiddeskrivi l-oqsma ewlenin <a href=\"https:\/\/talkpal.ai\/mt\/grammatika-khmer\/\">tal-grammatika Khmer<\/a> f&#8217;sekwenza lo\u0121ika <a href=\"https:\/\/talkpal.ai\/mt\/ai-chatbot-ghat-taghlim-tal-lingwa\/\">g\u0127at-tag\u0127lim tal-lingwi<\/a>, li tibda mill-affarijiet ba\u017ci\u010bi b\u0127al nomi u artikli, u tavvanza g\u0127al oqsma aktar kumplessi b\u0127at-temp u l-kostruzzjoni tas-sentenzi.<\/p>\n\n\n\n<h3 class=\"wp-block-heading\" id=\"h-1-nouns\">1. Nomi:<\/h3>\n\n\n\n<p>Ibda l-vja\u0121\u0121 tal-lingwa Khmer tieg\u0127ek billi titg\u0127allem in-nomi. Dan jinkludi l-fehim tan-nomi komuni u proprji, kif il-pluralit\u00e0 spiss tintwera bi kwantifikaturi, klassifikaturi, jew riduplikazzjoni aktar milli inflessjoni, u n-nuqqas ta &#8216;\u0121eneru grammatikali jew ka\u017c.<\/p>\n\n\n\n<h3 class=\"wp-block-heading\" id=\"h-2-articles\">2. Artikoli:<\/h3>\n\n\n\n<p>Il-Khmer ma ju\u017cax artikli definiti jew indefiniti b\u0127al <a href=\"https:\/\/talkpal.ai\/ai-english-speaking-practice\/\">fl-Ingli\u017c<\/a>. Id-definizzjoni hija espressa permezz ta &#8216;kuntest jew dimostrattivi b\u0127al \u1793\u17c1\u17c7 dan u \u1793\u17c4\u17c7 li, filwaqt li l-indefinitezza tista&#8217; tintwera bin-numru \u1798\u17bd\u1799 wie\u0127ed jew kliem b\u0127al \u1798\u17bd\u1799\u1785\u17c6\u1793\u17bd\u1793 xi w\u0127ud.<\/p>\n\n\n\n<h3 class=\"wp-block-heading\" id=\"h-3-adjectives\">3. A\u0121\u0121ettivi:<\/h3>\n\n\n\n<p>L-a\u0121\u0121ettivi fil-Khmer tipikament isegwu n-nomi tag\u0127hom u jistg\u0127u jiffunzjonaw b\u0127ala verbi stattivi fil-predikati. Tg\u0127allem markaturi ta &#8216;grad u paragun, b\u0127al \u178e\u17b6\u179f\u17cb \u0127afna, \u1787\u17b6\u1784 g\u0127al komparattiv, u \u1787\u17b6\u1784\u1782\u17c1 g\u0127al superlattiv, kif ukoll riduplikazzjoni g\u0127all-enfasi.<\/p>\n\n\n\n<h3 class=\"wp-block-heading\" id=\"h-4-pronouns-determiners\">4. Pronomi \/ Determinaturi:<\/h3>\n\n\n\n<p>Il-pronomi u d-determinanti huma essenzjali fil-Khmer u jirriflettu livelli ta &#8216;formalit\u00e0 u relazzjonijiet so\u010bjali. Master <a href=\"https:\/\/talkpal.ai\/ar\/grammar_exercises\/pronomi-personali-%d8%aa%d9%85%d8%a7%d8%b1%d9%8a%d9%86-%d9%84%d9%84%d9%82%d9%88%d8%a7%d8%b9%d8%af-%d8%a7%d9%84%d8%a5%d9%8a%d8%b7%d8%a7%d9%84%d9%8a%d8%a9\/\">pronomi personali<\/a>, dimostrattivi, kwantifikaturi, numri bil-klassifikaturi, u pussess bl-u\u017cu ta &#8216;\u179a\u1794\u179f\u17cb jew sekwenzi ta&#8217; nom-nom g\u0127al komunikazzjoni \u010bara u xierqa.<\/p>\n\n\n\n<h3 class=\"wp-block-heading\" id=\"h-5-verbs\">5. Verbi:<\/h3>\n\n\n\n<p>Il-verbi Khmer ma jikkonjugawx g\u0127al persuna jew temp. L-aspett, il-\u0127in, u l-burdata jintwerew b&#8217;parti\u010belli u avverbji, b\u0127al \u1780\u17c6\u1796\u17bb\u1784 progressiv, \u1794\u17b6\u1793 komplut jew passat, \u1793\u17b9\u1784 futur jew intenzjoni, \u1791\u17be\u1794 biss, u \u178f\u17c2\u1784 abitwali, flimkien ma &#8216;kostruzzjonijiet ta&#8217; verbi serjali u u\u017cu limitat ta &#8216;kopuli b\u0127al \u1787\u17b6 g\u0127all-klassifikazzjoni u \u1793\u17c5 g\u0127all-post.<\/p>\n\n\n\n<h3 class=\"wp-block-heading\" id=\"h-6-tenses\">6. Tempi:<\/h3>\n\n\n\n<p>Wara li tikkontrolla l-u\u017cu tal-verb, esplora kif il-Khmer jesprimi l-\u0127in ming\u0127ajr tempi inflessivi. Il-pre\u017cent spiss ma jkunx immarkat, il-passat huwa komunement indikat b&#8217;\u1794\u17b6\u1793 jew espressjonijiet tal-\u0127in, u l-futur jew l-intenzjoni jintwera b&#8217;\u1793\u17b9\u1784 jew kuntest, bi sfumaturi kompletivi spiss immarkati b&#8217;\u17a0\u17be\u1799 di\u0121\u00e0.<\/p>\n\n\n\n<h3 class=\"wp-block-heading\" id=\"h-7-tense-comparison\">7. Paragun tat-Tensjoni:<\/h3>\n\n\n\n<p>It-tqabbil tal-\u0127in u l-aspett fil-Khmer jiffoka fuq parti\u010belli u avverbji aktar milli bidliet fil-verbi. L-u\u017cu tal-istess verb ma &#8216;parti\u010belli b\u0127al \u1794\u17b6\u1793, \u1793\u17b9\u1784, u \u1780\u17c6\u1796\u17bb\u1784 f&#8217;diversi kuntesti se ji\u010b\u010bara kif ji\u0121u espressi sekwenzi ta&#8217; avvenimenti.<\/p>\n\n\n\n<h3 class=\"wp-block-heading\" id=\"h-8-progressive\">8. Progressiv:<\/h3>\n\n\n\n<p>Il-progressiv fil-Khmer jintu\u017ca biex jesprimi azzjonijiet kontinwi. Huwa ffurmat billi jitpo\u0121\u0121a \u1780\u17c6\u1796\u17bb\u1784 qabel il-verb ewlieni, b&#8217;\u178f\u17c2 fakultattiv g\u0127all-enfasi, u jista &#8216;ji\u0121i kkombinat ma&#8217; espressjonijiet tal-\u0127in g\u0127a\u010b-\u010barezza.<\/p>\n\n\n\n<h3 class=\"wp-block-heading\" id=\"h-9-perfect-progressive\">9. Progressiv Perfett:<\/h3>\n\n\n\n<p>Dan jintu\u017ca biex jesprimi azzjonijiet li kienu g\u0127addejjin sa punt partikolari. Fil-Khmer, il-kontinwit\u00e0 s&#8217;issa tista &#8216;tintwera b&#8217;\u1780\u17c6\u1796\u17bb\u1784 &#8230; \u1798\u1780 jew \u1794\u17b6\u1793 + verb + \u1798\u1780 flimkien ma &#8216;fra\u017cijiet ta&#8217; tul, skont il-kuntest u l-enfasi.<\/p>\n\n\n\n<h3 class=\"wp-block-heading\" id=\"h-10-conditionals\">10. Kondizzjonali:<\/h3>\n\n\n\n<p>Il-kondizzjonali jesprimu sitwazzjonijiet u ri\u017cultati ipoteti\u010bi. Il-Khmer komunement ju\u017ca \u1794\u17be jew \u1794\u17d2\u179a\u179f\u17b7\u1793\u1794\u17be g\u0127al jekk fil-klaw\u017cola tal-kundizzjoni, bir-ri\u017cultat spiss immarkat minn parti\u010belli b\u0127al \u1793\u17c4\u17c7 jew modali xierqa g\u0127al sfumaturi.<\/p>\n\n\n\n<h3 class=\"wp-block-heading\" id=\"h-11-adverbs\">11. Avverbji:<\/h3>\n\n\n\n<p>L-avverbji fil-Khmer jimmodifikaw verbi, a\u0121\u0121ettivi, jew avverbji o\u0127ra u jinkludu manjar, post, \u0127in u grad. Il-po\u017cizzjoni hija flessibbli, b&#8217;avverbji tal-\u0127in spiss fil-bidu, mod ta &#8216;spiss wara l-verb, u kliem ta&#8217; grad b\u0127al \u178e\u17b6\u179f\u17cb u \u1794\u1793\u17d2\u178f\u17b7\u1785 li jiffurmaw l-intensit\u00e0.<\/p>\n\n\n\n<h3 class=\"wp-block-heading\" id=\"h-12-prepositions\">12. Prepo\u017cizzjonijiet:<\/h3>\n\n\n\n<p>Il-prepo\u017cizzjonijiet jg\u0127aqqdu kliem u fra\u017cijiet biex juru relazzjonijiet ta &#8216;\u0127in, post u direzzjoni. Il-Khmer ju\u017ca o\u0121\u0121etti b\u0127al \u1793\u17c5 fi jew fi, \u1791\u17c5 g\u0127al, \u1796\u17b8 minn, u forom relattivi b\u0127al \u1781\u17b6\u1784\u1780\u17d2\u179a\u17c4\u1799 wara u \u179b\u17be fuq, \u0127afna drabi flimkien ma &#8216;nomi ta&#8217; post.<\/p>\n\n\n\n<h3 class=\"wp-block-heading\" id=\"h-13-sentences\">13. Sentenzi:<\/h3>\n\n\n\n<p>Fl-a\u0127\u0127arnett, ipprattika l-kostruzzjoni ta &#8216;sentenzi. Il-Khmer g\u0127andu t-tendenza lejn l-ordni SVO bi strutturi ta &#8216;kumment ta&#8217; su\u0121\u0121ett frekwenti. In-negazzjoni tal-kaptan b&#8217;\u1798\u17b7\u1793 &#8230; \u1791\u17c1 fl-u\u017cu standard u forom kollokjali komuni, imperattivi b&#8217;parti\u010belli b\u0127al \u179f\u17bc\u1798, u l-integrazzjoni tal-punti grammatikali kollha mg\u0127allma qabel fil-kuntest.<\/p>\n<\/div><\/div>\n\r\n<section class=\"learnNavigationSection\">\r\n            \r\n        <a href=\"https:\/\/talkpal.ai\/mt\/tghallem-welsh\/\">\r\n            <div class=\"learnNavigationWrapper\">\r\n                <div class=\"learnNavigationContent\">\r\n                    <img decoding=\"async\" src=\"https:\/\/talkpal.ai\/wp-content\/uploads\/2025\/11\/Khmer.png\" alt=\"Cambodian Flag\">\r\n                    <div>\r\n                        <h4>Dwar it-Tag\u0127lim tal-Khmer<\/h4>\r\n                        <p>Sir af kollox dwar il-Grammatika Khmer.<\/p>\r\n                    <\/div>\r\n                <\/div>\r\n            <\/div>\r\n        <\/a>\r\n\r\n        \r\n        <a href=\"https:\/\/talkpal.ai\/mt\/grammatika-khmer\/\">\r\n            <div class=\"learnNavigationWrapper\">\r\n                <div class=\"learnNavigationContent\">\r\n                    <img decoding=\"async\" src=\"https:\/\/talkpal.ai\/wp-content\/uploads\/2025\/11\/Khmer.png\" alt=\"Cambodian Flag\">\r\n                    <div>\r\n                        <h4>Lezzjonijiet tal-Grammatika Khmer<\/h4>\r\n                        <p>Prattika l-grammatika Khmer.<\/p>\r\n                    <\/div>\r\n                <\/div>\r\n            <\/div>\r\n        <\/a>\r\n\r\n            <\/section>","protected":false},"excerpt":{"rendered":"<p>Su\u0121\u0121etti tal-Grammatika Khmer It-tag\u0127lim ta &#8216;lingwa \u0121dida jista&#8217; jkun sforz ta &#8216;sfida i\u017cda ta&#8217; sodisfazzjon. Il-Khmer, lingwa Awstroasjatika mitkellma prin\u010bipalment fil-Kambodja, mhix e\u010b\u010bezzjoni. Bl-istruttura analitika u l-parti\u010belli distintivi tieg\u0127u, it-tag\u0127lim tal-Khmer je\u0127tie\u0121 appro\u010b\u010b sistematiku biex wie\u0127ed jifhem kif it-tifsira tinbena ming\u0127ajr inflessjoni. Din il-gwida tiddeskrivi l-oqsma ewlenin tal-grammatika Khmer f&#8217;sekwenza lo\u0121ika g\u0127at-tag\u0127lim tal-lingwi, li tibda [&hellip;]<\/p>\n","protected":false},"author":20,"featured_media":0,"parent":0,"menu_order":0,"comment_status":"closed","ping_status":"closed","template":"LearningContentPage.php","meta":{"_acf_changed":false,"footnotes":""},"class_list":["post-1476503","page","type-page","status-publish","hentry"],"acf":[],"yoast_head":"<!-- This site is optimized with the Yoast SEO Premium plugin v27.2 (Yoast SEO v27.2) - https:\/\/yoast.com\/product\/yoast-seo-premium-wordpress\/ -->\n<title>E\u017cer\u010bizzji tal-Grammatika Khmer - Talkpal<\/title>\n<meta name=\"description\" content=\"Ittejjeb il-profi\u010bjenza tieg\u0127ek b&#039;e\u017cer\u010bizzji interattivi tal-grammatika Khmer iddisinjati biex jg\u0127inuk titkellem u tikteb b&#039;kunfidenza.\" \/>\n<meta name=\"robots\" content=\"index, follow, max-snippet:-1, max-image-preview:large, max-video-preview:-1\" \/>\n<link rel=\"canonical\" href=\"https:\/\/talkpal.ai\/mt\/ezercizzji-tal-grammatika-khmer\/\" \/>\n<meta property=\"og:locale\" content=\"mt_MT\" \/>\n<meta property=\"og:type\" content=\"article\" \/>\n<meta property=\"og:title\" content=\"E\u017cer\u010bizzji tal-Grammatika Khmer\" \/>\n<meta property=\"og:description\" content=\"Su\u0121\u0121etti tal-Grammatika Khmer It-tag\u0127lim ta &#039;lingwa \u0121dida jista&#039; jkun sforz ta &#039;sfida i\u017cda ta&#039; sodisfazzjon. Il-Khmer, lingwa Awstroasjatika mitkellma\" \/>\n<meta property=\"og:url\" content=\"https:\/\/talkpal.ai\/mt\/ezercizzji-tal-grammatika-khmer\/\" \/>\n<meta property=\"og:site_name\" content=\"Talkpal\" \/>\n<meta property=\"article:publisher\" content=\"https:\/\/www.facebook.com\/profile.php?id=100090733639311\" \/>\n<meta property=\"article:modified_time\" content=\"2025-12-30T14:43:40+00:00\" \/>\n<meta property=\"og:image\" content=\"https:\/\/talkpal.ai\/wp-content\/uploads\/2025\/02\/Progress-tab-16_9.png\" \/>\n\t<meta property=\"og:image:width\" content=\"2880\" \/>\n\t<meta property=\"og:image:height\" content=\"1620\" \/>\n\t<meta property=\"og:image:type\" content=\"image\/png\" \/>\n<meta name=\"twitter:card\" content=\"summary_large_image\" \/>\n<meta name=\"twitter:site\" content=\"@talkpalai\" \/>\n<meta name=\"twitter:label1\" content=\"Est. reading time\" \/>\n\t<meta name=\"twitter:data1\" content=\"3 minutes\" \/>\n<script type=\"application\/ld+json\" class=\"yoast-schema-graph\">{\"@context\":\"https:\/\/schema.org\",\"@graph\":[{\"@type\":\"WebPage\",\"@id\":\"https:\/\/talkpal.ai\/mt\/ezercizzji-tal-grammatika-khmer\/\",\"url\":\"https:\/\/talkpal.ai\/mt\/ezercizzji-tal-grammatika-khmer\/\",\"name\":\"E\u017cer\u010bizzji tal-Grammatika Khmer - Talkpal\",\"isPartOf\":{\"@id\":\"https:\/\/talkpal.ai\/mt\/#website\"},\"datePublished\":\"2025-11-12T11:25:18+00:00\",\"dateModified\":\"2025-12-30T14:43:40+00:00\",\"description\":\"Ittejjeb il-profi\u010bjenza tieg\u0127ek b'e\u017cer\u010bizzji interattivi tal-grammatika Khmer iddisinjati biex jg\u0127inuk titkellem u tikteb b'kunfidenza.\",\"breadcrumb\":{\"@id\":\"https:\/\/talkpal.ai\/mt\/ezercizzji-tal-grammatika-khmer\/#breadcrumb\"},\"inLanguage\":\"mt-MT\",\"potentialAction\":[{\"@type\":\"ReadAction\",\"target\":[\"https:\/\/talkpal.ai\/mt\/ezercizzji-tal-grammatika-khmer\/\"]}]},{\"@type\":\"BreadcrumbList\",\"@id\":\"https:\/\/talkpal.ai\/mt\/ezercizzji-tal-grammatika-khmer\/#breadcrumb\",\"itemListElement\":[{\"@type\":\"ListItem\",\"position\":1,\"name\":\"Homepage\",\"item\":\"https:\/\/talkpal.ai\/mt\/\"},{\"@type\":\"ListItem\",\"position\":2,\"name\":\"E\u017cer\u010bizzji tal-Grammatika Khmer\"}]},{\"@type\":\"WebSite\",\"@id\":\"https:\/\/talkpal.ai\/mt\/#website\",\"url\":\"https:\/\/talkpal.ai\/mt\/\",\"name\":\"Talkpal\",\"description\":\"AI Language Learning\",\"publisher\":{\"@id\":\"https:\/\/talkpal.ai\/mt\/#organization\"},\"alternateName\":\"Talkpal AI\",\"potentialAction\":[{\"@type\":\"SearchAction\",\"target\":{\"@type\":\"EntryPoint\",\"urlTemplate\":\"https:\/\/talkpal.ai\/mt\/?s={search_term_string}\"},\"query-input\":{\"@type\":\"PropertyValueSpecification\",\"valueRequired\":true,\"valueName\":\"search_term_string\"}}],\"inLanguage\":\"mt-MT\"},{\"@type\":\"Organization\",\"@id\":\"https:\/\/talkpal.ai\/mt\/#organization\",\"name\":\"Talkpal, Inc.\",\"alternateName\":\"Talkpal AI\",\"url\":\"https:\/\/talkpal.ai\/mt\/\",\"logo\":{\"@type\":\"ImageObject\",\"inLanguage\":\"mt-MT\",\"@id\":\"https:\/\/talkpal.ai\/mt\/#\/schema\/logo\/image\/\",\"url\":\"https:\/\/talkpal.ai\/wp-content\/uploads\/2024\/03\/Talkpal-Logo-Icon.png\",\"contentUrl\":\"https:\/\/talkpal.ai\/wp-content\/uploads\/2024\/03\/Talkpal-Logo-Icon.png\",\"width\":2880,\"height\":2880,\"caption\":\"Talkpal, Inc.\"},\"image\":{\"@id\":\"https:\/\/talkpal.ai\/mt\/#\/schema\/logo\/image\/\"},\"sameAs\":[\"https:\/\/www.facebook.com\/profile.php?id=100090733639311\",\"https:\/\/x.com\/talkpalai\",\"https:\/\/www.linkedin.com\/company\/talkpal\/\",\"https:\/\/www.youtube.com\/@TalkPal\/\",\"https:\/\/www.tiktok.com\/@talkpal\",\"https:\/\/www.instagram.com\/talkpal_ai\/\",\"https:\/\/www.crunchbase.com\/organization\/talkpal-9cde\",\"https:\/\/www.g2.com\/products\/talkpal-for-business\/\",\"https:\/\/www.trustpilot.com\/review\/talkpal.ai\",\"https:\/\/www.capterra.com\/p\/10006800\/TalkPal\/\"],\"description\":\"Talkpal is a language learning web and mobile education app, powered by the latest AI technologies, that provides engaging experiences to its customers in many different languages to help them improve their language skills. Users can chat about unlimited amount of topics with the app and use other modes to practice their language learning.\",\"email\":\"support@talkpal.ai\",\"legalName\":\"Talkpal, Inc.\",\"foundingDate\":\"2023-04-03\",\"duns\":\"118989042\",\"numberOfEmployees\":{\"@type\":\"QuantitativeValue\",\"minValue\":\"11\",\"maxValue\":\"50\"},\"publishingPrinciples\":\"https:\/\/talkpal.ai\/publishing-principles\/\",\"actionableFeedbackPolicy\":\"https:\/\/talkpal.ai\/actionable-feedback-policy\/\",\"correctionsPolicy\":\"https:\/\/talkpal.ai\/corrections-policy\/\",\"ethicsPolicy\":\"https:\/\/talkpal.ai\/ethics-policy\/\",\"diversityPolicy\":\"https:\/\/talkpal.ai\/diversity-policy\/\",\"diversityStaffingReport\":\"https:\/\/talkpal.ai\/diversity-policy\/\"}]}<\/script>\n<!-- \/ Yoast SEO Premium plugin. -->","yoast_head_json":{"title":"E\u017cer\u010bizzji tal-Grammatika Khmer - Talkpal","description":"Ittejjeb il-profi\u010bjenza tieg\u0127ek b'e\u017cer\u010bizzji interattivi tal-grammatika Khmer iddisinjati biex jg\u0127inuk titkellem u tikteb b'kunfidenza.","robots":{"index":"index","follow":"follow","max-snippet":"max-snippet:-1","max-image-preview":"max-image-preview:large","max-video-preview":"max-video-preview:-1"},"canonical":"https:\/\/talkpal.ai\/mt\/ezercizzji-tal-grammatika-khmer\/","og_locale":"mt_MT","og_type":"article","og_title":"E\u017cer\u010bizzji tal-Grammatika Khmer","og_description":"Su\u0121\u0121etti tal-Grammatika Khmer It-tag\u0127lim ta 'lingwa \u0121dida jista' jkun sforz ta 'sfida i\u017cda ta' sodisfazzjon. Il-Khmer, lingwa Awstroasjatika mitkellma","og_url":"https:\/\/talkpal.ai\/mt\/ezercizzji-tal-grammatika-khmer\/","og_site_name":"Talkpal","article_publisher":"https:\/\/www.facebook.com\/profile.php?id=100090733639311","article_modified_time":"2025-12-30T14:43:40+00:00","og_image":[{"width":2880,"height":1620,"url":"https:\/\/talkpal.ai\/wp-content\/uploads\/2025\/02\/Progress-tab-16_9.png","type":"image\/png"}],"twitter_card":"summary_large_image","twitter_site":"@talkpalai","twitter_misc":{"Est. reading time":"3 minutes"},"schema":{"@context":"https:\/\/schema.org","@graph":[{"@type":"WebPage","@id":"https:\/\/talkpal.ai\/mt\/ezercizzji-tal-grammatika-khmer\/","url":"https:\/\/talkpal.ai\/mt\/ezercizzji-tal-grammatika-khmer\/","name":"E\u017cer\u010bizzji tal-Grammatika Khmer - Talkpal","isPartOf":{"@id":"https:\/\/talkpal.ai\/mt\/#website"},"datePublished":"2025-11-12T11:25:18+00:00","dateModified":"2025-12-30T14:43:40+00:00","description":"Ittejjeb il-profi\u010bjenza tieg\u0127ek b'e\u017cer\u010bizzji interattivi tal-grammatika Khmer iddisinjati biex jg\u0127inuk titkellem u tikteb b'kunfidenza.","breadcrumb":{"@id":"https:\/\/talkpal.ai\/mt\/ezercizzji-tal-grammatika-khmer\/#breadcrumb"},"inLanguage":"mt-MT","potentialAction":[{"@type":"ReadAction","target":["https:\/\/talkpal.ai\/mt\/ezercizzji-tal-grammatika-khmer\/"]}]},{"@type":"BreadcrumbList","@id":"https:\/\/talkpal.ai\/mt\/ezercizzji-tal-grammatika-khmer\/#breadcrumb","itemListElement":[{"@type":"ListItem","position":1,"name":"Homepage","item":"https:\/\/talkpal.ai\/mt\/"},{"@type":"ListItem","position":2,"name":"E\u017cer\u010bizzji tal-Grammatika Khmer"}]},{"@type":"WebSite","@id":"https:\/\/talkpal.ai\/mt\/#website","url":"https:\/\/talkpal.ai\/mt\/","name":"Talkpal","description":"AI Language Learning","publisher":{"@id":"https:\/\/talkpal.ai\/mt\/#organization"},"alternateName":"Talkpal AI","potentialAction":[{"@type":"SearchAction","target":{"@type":"EntryPoint","urlTemplate":"https:\/\/talkpal.ai\/mt\/?s={search_term_string}"},"query-input":{"@type":"PropertyValueSpecification","valueRequired":true,"valueName":"search_term_string"}}],"inLanguage":"mt-MT"},{"@type":"Organization","@id":"https:\/\/talkpal.ai\/mt\/#organization","name":"Talkpal, Inc.","alternateName":"Talkpal AI","url":"https:\/\/talkpal.ai\/mt\/","logo":{"@type":"ImageObject","inLanguage":"mt-MT","@id":"https:\/\/talkpal.ai\/mt\/#\/schema\/logo\/image\/","url":"https:\/\/talkpal.ai\/wp-content\/uploads\/2024\/03\/Talkpal-Logo-Icon.png","contentUrl":"https:\/\/talkpal.ai\/wp-content\/uploads\/2024\/03\/Talkpal-Logo-Icon.png","width":2880,"height":2880,"caption":"Talkpal, Inc."},"image":{"@id":"https:\/\/talkpal.ai\/mt\/#\/schema\/logo\/image\/"},"sameAs":["https:\/\/www.facebook.com\/profile.php?id=100090733639311","https:\/\/x.com\/talkpalai","https:\/\/www.linkedin.com\/company\/talkpal\/","https:\/\/www.youtube.com\/@TalkPal\/","https:\/\/www.tiktok.com\/@talkpal","https:\/\/www.instagram.com\/talkpal_ai\/","https:\/\/www.crunchbase.com\/organization\/talkpal-9cde","https:\/\/www.g2.com\/products\/talkpal-for-business\/","https:\/\/www.trustpilot.com\/review\/talkpal.ai","https:\/\/www.capterra.com\/p\/10006800\/TalkPal\/"],"description":"Talkpal is a language learning web and mobile education app, powered by the latest AI technologies, that provides engaging experiences to its customers in many different languages to help them improve their language skills. Users can chat about unlimited amount of topics with the app and use other modes to practice their language learning.","email":"support@talkpal.ai","legalName":"Talkpal, Inc.","foundingDate":"2023-04-03","duns":"118989042","numberOfEmployees":{"@type":"QuantitativeValue","minValue":"11","maxValue":"50"},"publishingPrinciples":"https:\/\/talkpal.ai\/publishing-principles\/","actionableFeedbackPolicy":"https:\/\/talkpal.ai\/actionable-feedback-policy\/","correctionsPolicy":"https:\/\/talkpal.ai\/corrections-policy\/","ethicsPolicy":"https:\/\/talkpal.ai\/ethics-policy\/","diversityPolicy":"https:\/\/talkpal.ai\/diversity-policy\/","diversityStaffingReport":"https:\/\/talkpal.ai\/diversity-policy\/"}]}},"_links":{"self":[{"href":"https:\/\/talkpal.ai\/mt\/wp-json\/wp\/v2\/pages\/1476503","targetHints":{"allow":["GET"]}}],"collection":[{"href":"https:\/\/talkpal.ai\/mt\/wp-json\/wp\/v2\/pages"}],"about":[{"href":"https:\/\/talkpal.ai\/mt\/wp-json\/wp\/v2\/types\/page"}],"author":[{"embeddable":true,"href":"https:\/\/talkpal.ai\/mt\/wp-json\/wp\/v2\/users\/20"}],"replies":[{"embeddable":true,"href":"https:\/\/talkpal.ai\/mt\/wp-json\/wp\/v2\/comments?post=1476503"}],"version-history":[{"count":0,"href":"https:\/\/talkpal.ai\/mt\/wp-json\/wp\/v2\/pages\/1476503\/revisions"}],"wp:attachment":[{"href":"https:\/\/talkpal.ai\/mt\/wp-json\/wp\/v2\/media?parent=1476503"}],"curies":[{"name":"wp","href":"https:\/\/api.w.org\/{rel}","templated":true}]}}