{"id":1476452,"date":"2025-11-12T10:09:38","date_gmt":"2025-11-12T10:09:38","guid":{"rendered":"https:\/\/talkpal.ai\/grammatika-gavaniza\/"},"modified":"2025-12-30T15:02:30","modified_gmt":"2025-12-30T15:02:30","slug":"grammatika-gavaniza","status":"publish","type":"page","link":"https:\/\/talkpal.ai\/mt\/grammatika-gavaniza\/","title":{"rendered":"Grammatika \u0120avani\u017ca"},"content":{"rendered":"\r\n\r\n\r\n<section class=\"languageChallengeSection\">\r\n    <div class=\"languageInfoWrapper\">\r\n        \r\n        <h1>Grammatika \u0120avani\u017ca<\/h1>\r\n        <p>Il-grammatika Javanese tista &#039;tidher ta&#039; sfida g\u0127all-ewwel, i\u017cda l-karatteristi\u010bi uni\u010bi tag\u0127ha jag\u0127mlu t-tag\u0127lim tal-lingwa esperjenza ta &#039;sodisfazzjon. Billi tesplora l-alfabett, il-mutazzjonijiet u r-regoli tal-grammatika tag\u0127ha, int ser tikseb g\u0127arfien dwar tradizzjoni lingwistika rikka. Ibda l-vja\u0121\u0121 tieg\u0127ek u skopri s-sbu\u0127ija tal-\u0120avani\u017c!<\/p>\r\n\r\n                            <a class=\"getStartedHidden\" href=\"https:\/\/app.talkpal.ai\/signup?lng=\">Ibda<\/a>\r\n        \r\n    <\/div>\r\n\r\n    <figure>\r\n    <img decoding=\"async\" width=\"768\" height=\"768\" src=\"https:\/\/talkpal.ai\/wp-content\/uploads\/2023\/06\/welsh-768x768.png\" class=\"languageImage no-lazy\" alt=\"Language learning for better cognitive abilities\" fetchpriority=\"high\" sizes=\"(max-width: 768px) 150px, 768px\" srcset=\"https:\/\/talkpal.ai\/wp-content\/uploads\/2023\/06\/welsh-768x768.png 768w, https:\/\/talkpal.ai\/wp-content\/uploads\/2023\/06\/welsh-300x300.png 300w\" \/>\r\n    \r\n\r\n    <\/figure>\r\n\r\n            <a class=\"getStartedVisible\" href=\"https:\/\/app.talkpal.ai\/signup?lng=\">Ibda<\/a>\r\n    \r\n<\/section><section class=\"promotionalBanner\">\r\n    <p class=\"promotionalText\">L-aktar mod effi\u010bjenti biex titg\u0127allem lingwa<\/p>\r\n    <a class=\"promotionalLink\" href=\"https:\/\/app.talkpal.ai\/signup?lng=\">Ipprova Talkpal b&#8217;xejn<\/a>\r\n<\/section>\n<div class=\"wp-block-group pageContainerStyle\"><div class=\"wp-block-group__inner-container is-layout-constrained wp-block-group-is-layout-constrained\">\n<h2 class=\"wp-block-heading\" id=\"h-navigating-the-intricacies-of-javanese-grammar\">Navigating the Intricacies of Javanese Grammar<\/h2>\n\n\n\n<p><a href=\"https:\/\/talkpal.ai\/mt\/tghallem-il-gavaniz\/\">Il-Javanese<\/a>, lingwa Austronesian bi storja rikka u sinifikat kulturali, toffri esperjenza lingwistika e\u010b\u010bitanti g\u0127al dawk \u0127erqana li jesploraw is-sistema grammatikali unika tag\u0127ha. Hekk kif tid\u0127ol fl-isfera tal-Javanese, mhux biss tarrikkixxi r-repertorju lingwistiku tieg\u0127ek i\u017cda wkoll t\u0127addan vja\u0121\u0121 kulturali affaxxinanti. Filwaqt li l-grammatika Javanese tista &#8216;tidher ikkumplikata g\u0127all-ewwel, it-tqassim tag\u0127ha f&#8217;komponenti ewlenin jag\u0127mel it-tag\u0127lim tal-lingwa aktar a\u010b\u010bessibbli. F&#8217;dan l-artikolu, se nesploraw id-dinja captivating tal-grammatika Javanese u nipprovdu pariri dwar kif tikkontrolla l-kumplessitajiet tag\u0127ha.<\/p>\n\n\n\n<h3 class=\"wp-block-heading\" id=\"h-1-javanese-alphabet-and-phonetics\">1. Alfabett Javanese u Fonetika<\/h3>\n\n\n\n<p>Il-\u0120avani\u017c illum huwa komunement miktub bl-alfabett Latin, g\u0127alkemm g\u0127andu wkoll kitba <a href=\"https:\/\/talkpal.ai\/will-ai-kill-traditional-language-learning\/\">tradizzjonali<\/a> mag\u0127rufa b\u0127ala Aksara Jawa jew Hanacaraka. Biex titg\u0127allem il-grammatika Javanese, huwa kru\u010bjali li ssir familjari kemm mal-ortografija moderna bba\u017cata fuq il-Latin u, jekk tag\u0127\u017cel, l-iskrittura tradizzjonali. Il-karatteristi\u010bi fonetiki ewlenin jinkludu d-distinzjoni bejn e \/\u0259\/ u \u00e9 \/e\/, l-imnie\u0127er velar ng u l-palatali <a href=\"https:\/\/talkpal.ai\/talkpal-new-years-discount\/\">ny<\/a>, u waqfa glottali li tista&#8217; titfa\u010b\u010ba f&#8217;xi djaletti. Il-prattika tal-qari u l-kitba fi\u017c-\u017cew\u0121 sistemi se tibni pedament sod g\u0127all-grammatika.<\/p>\n\n\n\n<h3 class=\"wp-block-heading\" id=\"h-2-nouns-and-pronouns-number-and-levels\">2. Nomi u Pronomi: Numru u Livelli<\/h3>\n\n\n\n<p>Aspett impressjonanti tal-\u0120avani\u017c huwa l-mod kif \u010berti prefissi jqanqlu bidliet fil-konsonanti inizjali ta &#8216;kelma. Il-prefiss verbali na\u017cali N- jikkaw\u017ca alternazzjonijiet b\u0127al p isir m, t isir n, k isir ng, u s isir ny. Understanding when and how these alternations happen is vital for accurate communication in Javanese. E\u017cempji jinkludu pangan g\u0127al mangan, tulis g\u0127al nulis, gawe g\u0127al nggawe, u sapu g\u0127al nyapu.<\/p>\n\n\n\n<h3 class=\"wp-block-heading\" id=\"h-3-nouns-and-pronouns-gender-and-cases\">3. Nomi u Pronomi: \u0120eneru u Ka\u017cijiet<\/h3>\n\n\n\n<p>Nomi \u0120avani\u017ci m&#8217;g\u0127andhomx \u0121eneru grammatikali jew ka\u017c. Il-pluralit\u00e0 hija spiss fakultattiva u tista &#8216;ti\u0121i espressa permezz ta&#8217; duplikazzjoni mill-\u0121did jew parti\u010belli g\u0127ar-rispett u l-kollettivi, b\u0127al bocah-bocah g\u0127at-tfal u para g\u0127al plural rispettu\u017c ta &#8216;nies. Il-pronomi jvarjaw skont il-livell tad-diskors, li huwa \u010bentrali g\u0127all-\u0120avani\u017c: forom ngoko b\u0127al aku, kowe, dheweke u forom ta &#8216;krama b\u0127al <a href=\"https:\/\/talkpal.ai\/locations\/language-courses-in-kula\/\">kula<\/a>, panjenengan, piyambakipun. Il-pussess jista &#8216;ji\u0121i mmarkat b&#8217;enkliti\u010bi b\u0127al -ku, -mu, u -e, u d-dimostrattivi jinkludu iki dan u iku dak.<\/p>\n\n\n\n<h3 class=\"wp-block-heading\" id=\"h-4-verbs-structure-and-conjugation\">4. Verbi: Struttura u Konjugazzjoni<\/h3>\n\n\n\n<p>Il-verbi Javanese ma jikkonjugawx g\u0127al persuna jew temp. Minflok, l-aspett, il-burdata, u l-\u0127in huma espressi permezz ta &#8216;parti\u010belli u aw\u017ciljarji b\u0127al wis di\u0121\u00e0, durung mhux g\u0127adu, lagi in progress, arep jew bakal g\u0127all-futur jew l-intenzjoni. Il-vu\u010bi u l-valenza huma ttrattati bil-morfolo\u0121ija, inklu\u017c il-prefiss na\u017cali attiv N-, il-passiv di-, u f&#8217;kuntesti aktar formali jew letterarji ka-. Proclitics b\u0127al tak- jista &#8216;jimmarka a\u0121ent tal-ewwel persuna f&#8217;xi stili. Il-\u0127akma ta &#8216;dawn il-mudelli se ttejjeb il-\u0127ila tieg\u0127ek li tikkomunika b&#8217;mod effettiv bil-\u0120avani\u017c.<\/p>\n\n\n\n<h3 class=\"wp-block-heading\" id=\"h-5-adjectives-agreement-and-placement\">5. A\u0121\u0121ettivi: Ftehim u Tqeg\u0127id<\/h3>\n\n\n\n<p>Fil-grammatika Javanese, l-a\u0121\u0121ettivi tipikament isegwu n-nom li jimmodifikaw u ma jaqblux fin-numru jew is-sess. It-tifsiriet komparattivi u superlattivi huma komunement iffurmati ma &#8216;luwih aktar u paling l-aktar, \u0127afna drabi b&#8217;saka milli biex jimmarkaw paragun. Reduplication jew intensifikaturi b\u0127al banget \u0127afna jistg\u0127u j\u017cidu sfumaturi.<\/p>\n\n\n\n<p><strong>E\u017cempji:<\/strong><\/p>\n\n\n\n<p><strong>\u2013 Tresna Gedhe (Im\u0127abba Kbira)<\/strong><\/p>\n\n\n\n<p><strong>\u2013 bocah-bocah cilik (tfal \u017cg\u0127ar)<\/strong><\/p>\n\n\n\n<h3 class=\"wp-block-heading\" id=\"h-6-engaging-with-the-language\">6. Involviment mal-lingwa<\/h3>\n\n\n\n<p>L-iktar mod effettiv biex tifhem bis-s\u0127i\u0127 u tinternalizza l-grammatika Javanese huwa li timpenja ru\u0127ha b&#8217;mod konsistenti mal-lingwa. Billi taqra l-letteratura Javanese u t-testi tal-kanzunetti, tara wayang kulit jew midja kontemporanja Javanese, tisma &#8216;tembang macapat, u tikkomunika b&#8217;mod attiv ma&#8217; kelliema nattivi f&#8217;re\u0121istri differenti, int se ssa\u0127\u0127a\u0127 il-fehim tieg\u0127ek tal-grammatika waqt li tespandi l-vokabularju tieg\u0127ek.<\/p>\n\n\n\n<h3 class=\"wp-block-heading\" id=\"h-conclusion\">Konklu\u017cjoni<\/h3>\n\n\n\n<p>G\u0127alkemm il-grammatika Javanese tista &#8216;tidher ikkumplikata, tista&#8217; ssir profi\u010bjenti f&#8217;din il-lingwa sabi\u0127a b&#8217;dedikazzjoni, prattika u entu\u017cja\u017cmu. Billi tiffoka fuq ir-regoli fundamentali u timpenja ru\u0127ek mal-lingwa f&#8217;kuntesti differenti, int se ttejjeb malajr <a href=\"https:\/\/talkpal.ai\/mt\/grammatika\/\">il-\u0127iliet tal-grammatika<\/a> Javanese tieg\u0127ek. Muga-muga sukses (xorti tajba) bil-vja\u0121\u0121 tal-lingwa Javanese tieg\u0127ek, u gawdi li ti\u017cvela d-dinja enigmatika i\u017cda captivating tal-grammatika Javanese!<\/p>\n<\/div><\/div>\n\r\n<section class=\"learnNavigationSection\">\r\n            \r\n        <a href=\"https:\/\/talkpal.ai\/mt\/tghallem-il-gavaniz\/\">\r\n            <div class=\"learnNavigationWrapper\">\r\n                <div class=\"learnNavigationContent\">\r\n                    <img decoding=\"async\" src=\"https:\/\/talkpal.ai\/wp-content\/uploads\/2025\/11\/Javanese.png\" alt=\"Indonesian Flag\">\r\n                    <div>\r\n                        <h4>Dwar it-Tag\u0127lim tal-\u0120avani\u017c<\/h4>\r\n                        <p>Sir af kollox dwar il-Grammatika \u0120avani\u017ca.<\/p>\r\n                    <\/div>\r\n                <\/div>\r\n            <\/div>\r\n        <\/a>\r\n\r\n        \r\n        <a href=\"https:\/\/talkpal.ai\/mt\/ezercizzji-tal-grammatika-gavaniza\/\">\r\n            <div class=\"learnNavigationWrapper\">\r\n                <div class=\"learnNavigationContent\">\r\n                    <img decoding=\"async\" src=\"https:\/\/talkpal.ai\/wp-content\/uploads\/2025\/11\/Javanese.png\" alt=\"Indonesian Flag\">\r\n                    <div>\r\n                        <h4>E\u017cer\u010bizzju tal-Grammatika \u0120avani\u017ca<\/h4>\r\n                        <p>Prattika l-grammatika Javanese.<\/p>\r\n                    <\/div>\r\n                <\/div>\r\n            <\/div>\r\n        <\/a>\r\n\r\n            <\/section>","protected":false},"excerpt":{"rendered":"<p>Navigating the Intricacies of Javanese Grammar Il-Javanese, lingwa Austronesian bi storja rikka u sinifikat kulturali, toffri esperjenza lingwistika e\u010b\u010bitanti g\u0127al dawk \u0127erqana li jesploraw is-sistema grammatikali unika tag\u0127ha. Hekk kif tid\u0127ol fl-isfera tal-Javanese, mhux biss tarrikkixxi r-repertorju lingwistiku tieg\u0127ek i\u017cda wkoll t\u0127addan vja\u0121\u0121 kulturali affaxxinanti. Filwaqt li l-grammatika Javanese tista &#8216;tidher ikkumplikata g\u0127all-ewwel, it-tqassim tag\u0127ha [&hellip;]<\/p>\n","protected":false},"author":20,"featured_media":0,"parent":0,"menu_order":0,"comment_status":"closed","ping_status":"closed","template":"LearningContentPage.php","meta":{"_acf_changed":false,"footnotes":""},"class_list":["post-1476452","page","type-page","status-publish","hentry"],"acf":[],"yoast_head":"<!-- This site is optimized with the Yoast SEO Premium plugin v27.2 (Yoast SEO v27.2) - https:\/\/yoast.com\/product\/yoast-seo-premium-wordpress\/ -->\n<title>Grammatika \u0120avani\u017ca - Talkpal<\/title>\n<meta name=\"description\" content=\"Immani\u0121\u0121ja r-regoli tal-grammatika u l-istrutturi tas-sentenzi \u0120avani\u017c malajr bil-gwida komprensiva tag\u0127na mfassla g\u0127al tag\u0127lim effettiv tal-lingwi.\" \/>\n<meta name=\"robots\" content=\"index, follow, max-snippet:-1, max-image-preview:large, max-video-preview:-1\" \/>\n<link rel=\"canonical\" href=\"https:\/\/talkpal.ai\/mt\/grammatika-gavaniza\/\" \/>\n<meta property=\"og:locale\" content=\"mt_MT\" \/>\n<meta property=\"og:type\" content=\"article\" \/>\n<meta property=\"og:title\" content=\"Grammatika \u0120avani\u017ca\" \/>\n<meta property=\"og:description\" content=\"Navigating the Intricacies of Javanese Grammar Il-Javanese, lingwa Austronesian bi storja rikka u sinifikat kulturali, toffri esperjenza lingwistika\" \/>\n<meta property=\"og:url\" content=\"https:\/\/talkpal.ai\/mt\/grammatika-gavaniza\/\" \/>\n<meta property=\"og:site_name\" content=\"Talkpal\" \/>\n<meta property=\"article:publisher\" content=\"https:\/\/www.facebook.com\/profile.php?id=100090733639311\" \/>\n<meta property=\"article:modified_time\" content=\"2025-12-30T15:02:30+00:00\" \/>\n<meta property=\"og:image\" content=\"https:\/\/talkpal.ai\/wp-content\/uploads\/2025\/02\/Progress-tab-16_9.png\" \/>\n\t<meta property=\"og:image:width\" content=\"2880\" \/>\n\t<meta property=\"og:image:height\" content=\"1620\" \/>\n\t<meta property=\"og:image:type\" content=\"image\/png\" \/>\n<meta name=\"twitter:card\" content=\"summary_large_image\" \/>\n<meta name=\"twitter:site\" content=\"@talkpalai\" \/>\n<meta name=\"twitter:label1\" content=\"Est. reading time\" \/>\n\t<meta name=\"twitter:data1\" content=\"3 minutes\" \/>\n<script type=\"application\/ld+json\" class=\"yoast-schema-graph\">{\"@context\":\"https:\/\/schema.org\",\"@graph\":[{\"@type\":\"WebPage\",\"@id\":\"https:\/\/talkpal.ai\/mt\/grammatika-gavaniza\/\",\"url\":\"https:\/\/talkpal.ai\/mt\/grammatika-gavaniza\/\",\"name\":\"Grammatika \u0120avani\u017ca - Talkpal\",\"isPartOf\":{\"@id\":\"https:\/\/talkpal.ai\/mt\/#website\"},\"datePublished\":\"2025-11-12T10:09:38+00:00\",\"dateModified\":\"2025-12-30T15:02:30+00:00\",\"description\":\"Immani\u0121\u0121ja r-regoli tal-grammatika u l-istrutturi tas-sentenzi \u0120avani\u017c malajr bil-gwida komprensiva tag\u0127na mfassla g\u0127al tag\u0127lim effettiv tal-lingwi.\",\"breadcrumb\":{\"@id\":\"https:\/\/talkpal.ai\/mt\/grammatika-gavaniza\/#breadcrumb\"},\"inLanguage\":\"mt-MT\",\"potentialAction\":[{\"@type\":\"ReadAction\",\"target\":[\"https:\/\/talkpal.ai\/mt\/grammatika-gavaniza\/\"]}]},{\"@type\":\"BreadcrumbList\",\"@id\":\"https:\/\/talkpal.ai\/mt\/grammatika-gavaniza\/#breadcrumb\",\"itemListElement\":[{\"@type\":\"ListItem\",\"position\":1,\"name\":\"Homepage\",\"item\":\"https:\/\/talkpal.ai\/mt\/\"},{\"@type\":\"ListItem\",\"position\":2,\"name\":\"Grammatika \u0120avani\u017ca\"}]},{\"@type\":\"WebSite\",\"@id\":\"https:\/\/talkpal.ai\/mt\/#website\",\"url\":\"https:\/\/talkpal.ai\/mt\/\",\"name\":\"Talkpal\",\"description\":\"AI Language Learning\",\"publisher\":{\"@id\":\"https:\/\/talkpal.ai\/mt\/#organization\"},\"alternateName\":\"Talkpal AI\",\"potentialAction\":[{\"@type\":\"SearchAction\",\"target\":{\"@type\":\"EntryPoint\",\"urlTemplate\":\"https:\/\/talkpal.ai\/mt\/?s={search_term_string}\"},\"query-input\":{\"@type\":\"PropertyValueSpecification\",\"valueRequired\":true,\"valueName\":\"search_term_string\"}}],\"inLanguage\":\"mt-MT\"},{\"@type\":\"Organization\",\"@id\":\"https:\/\/talkpal.ai\/mt\/#organization\",\"name\":\"Talkpal, Inc.\",\"alternateName\":\"Talkpal AI\",\"url\":\"https:\/\/talkpal.ai\/mt\/\",\"logo\":{\"@type\":\"ImageObject\",\"inLanguage\":\"mt-MT\",\"@id\":\"https:\/\/talkpal.ai\/mt\/#\/schema\/logo\/image\/\",\"url\":\"https:\/\/talkpal.ai\/wp-content\/uploads\/2024\/03\/Talkpal-Logo-Icon.png\",\"contentUrl\":\"https:\/\/talkpal.ai\/wp-content\/uploads\/2024\/03\/Talkpal-Logo-Icon.png\",\"width\":2880,\"height\":2880,\"caption\":\"Talkpal, Inc.\"},\"image\":{\"@id\":\"https:\/\/talkpal.ai\/mt\/#\/schema\/logo\/image\/\"},\"sameAs\":[\"https:\/\/www.facebook.com\/profile.php?id=100090733639311\",\"https:\/\/x.com\/talkpalai\",\"https:\/\/www.linkedin.com\/company\/talkpal\/\",\"https:\/\/www.youtube.com\/@TalkPal\/\",\"https:\/\/www.tiktok.com\/@talkpal\",\"https:\/\/www.instagram.com\/talkpal_ai\/\",\"https:\/\/www.crunchbase.com\/organization\/talkpal-9cde\",\"https:\/\/www.g2.com\/products\/talkpal-for-business\/\",\"https:\/\/www.trustpilot.com\/review\/talkpal.ai\",\"https:\/\/www.capterra.com\/p\/10006800\/TalkPal\/\"],\"description\":\"Talkpal is a language learning web and mobile education app, powered by the latest AI technologies, that provides engaging experiences to its customers in many different languages to help them improve their language skills. Users can chat about unlimited amount of topics with the app and use other modes to practice their language learning.\",\"email\":\"support@talkpal.ai\",\"legalName\":\"Talkpal, Inc.\",\"foundingDate\":\"2023-04-03\",\"duns\":\"118989042\",\"numberOfEmployees\":{\"@type\":\"QuantitativeValue\",\"minValue\":\"11\",\"maxValue\":\"50\"},\"publishingPrinciples\":\"https:\/\/talkpal.ai\/publishing-principles\/\",\"actionableFeedbackPolicy\":\"https:\/\/talkpal.ai\/actionable-feedback-policy\/\",\"correctionsPolicy\":\"https:\/\/talkpal.ai\/corrections-policy\/\",\"ethicsPolicy\":\"https:\/\/talkpal.ai\/ethics-policy\/\",\"diversityPolicy\":\"https:\/\/talkpal.ai\/diversity-policy\/\",\"diversityStaffingReport\":\"https:\/\/talkpal.ai\/diversity-policy\/\"}]}<\/script>\n<!-- \/ Yoast SEO Premium plugin. -->","yoast_head_json":{"title":"Grammatika \u0120avani\u017ca - Talkpal","description":"Immani\u0121\u0121ja r-regoli tal-grammatika u l-istrutturi tas-sentenzi \u0120avani\u017c malajr bil-gwida komprensiva tag\u0127na mfassla g\u0127al tag\u0127lim effettiv tal-lingwi.","robots":{"index":"index","follow":"follow","max-snippet":"max-snippet:-1","max-image-preview":"max-image-preview:large","max-video-preview":"max-video-preview:-1"},"canonical":"https:\/\/talkpal.ai\/mt\/grammatika-gavaniza\/","og_locale":"mt_MT","og_type":"article","og_title":"Grammatika \u0120avani\u017ca","og_description":"Navigating the Intricacies of Javanese Grammar Il-Javanese, lingwa Austronesian bi storja rikka u sinifikat kulturali, toffri esperjenza lingwistika","og_url":"https:\/\/talkpal.ai\/mt\/grammatika-gavaniza\/","og_site_name":"Talkpal","article_publisher":"https:\/\/www.facebook.com\/profile.php?id=100090733639311","article_modified_time":"2025-12-30T15:02:30+00:00","og_image":[{"width":2880,"height":1620,"url":"https:\/\/talkpal.ai\/wp-content\/uploads\/2025\/02\/Progress-tab-16_9.png","type":"image\/png"}],"twitter_card":"summary_large_image","twitter_site":"@talkpalai","twitter_misc":{"Est. reading time":"3 minutes"},"schema":{"@context":"https:\/\/schema.org","@graph":[{"@type":"WebPage","@id":"https:\/\/talkpal.ai\/mt\/grammatika-gavaniza\/","url":"https:\/\/talkpal.ai\/mt\/grammatika-gavaniza\/","name":"Grammatika \u0120avani\u017ca - Talkpal","isPartOf":{"@id":"https:\/\/talkpal.ai\/mt\/#website"},"datePublished":"2025-11-12T10:09:38+00:00","dateModified":"2025-12-30T15:02:30+00:00","description":"Immani\u0121\u0121ja r-regoli tal-grammatika u l-istrutturi tas-sentenzi \u0120avani\u017c malajr bil-gwida komprensiva tag\u0127na mfassla g\u0127al tag\u0127lim effettiv tal-lingwi.","breadcrumb":{"@id":"https:\/\/talkpal.ai\/mt\/grammatika-gavaniza\/#breadcrumb"},"inLanguage":"mt-MT","potentialAction":[{"@type":"ReadAction","target":["https:\/\/talkpal.ai\/mt\/grammatika-gavaniza\/"]}]},{"@type":"BreadcrumbList","@id":"https:\/\/talkpal.ai\/mt\/grammatika-gavaniza\/#breadcrumb","itemListElement":[{"@type":"ListItem","position":1,"name":"Homepage","item":"https:\/\/talkpal.ai\/mt\/"},{"@type":"ListItem","position":2,"name":"Grammatika \u0120avani\u017ca"}]},{"@type":"WebSite","@id":"https:\/\/talkpal.ai\/mt\/#website","url":"https:\/\/talkpal.ai\/mt\/","name":"Talkpal","description":"AI Language Learning","publisher":{"@id":"https:\/\/talkpal.ai\/mt\/#organization"},"alternateName":"Talkpal AI","potentialAction":[{"@type":"SearchAction","target":{"@type":"EntryPoint","urlTemplate":"https:\/\/talkpal.ai\/mt\/?s={search_term_string}"},"query-input":{"@type":"PropertyValueSpecification","valueRequired":true,"valueName":"search_term_string"}}],"inLanguage":"mt-MT"},{"@type":"Organization","@id":"https:\/\/talkpal.ai\/mt\/#organization","name":"Talkpal, Inc.","alternateName":"Talkpal AI","url":"https:\/\/talkpal.ai\/mt\/","logo":{"@type":"ImageObject","inLanguage":"mt-MT","@id":"https:\/\/talkpal.ai\/mt\/#\/schema\/logo\/image\/","url":"https:\/\/talkpal.ai\/wp-content\/uploads\/2024\/03\/Talkpal-Logo-Icon.png","contentUrl":"https:\/\/talkpal.ai\/wp-content\/uploads\/2024\/03\/Talkpal-Logo-Icon.png","width":2880,"height":2880,"caption":"Talkpal, Inc."},"image":{"@id":"https:\/\/talkpal.ai\/mt\/#\/schema\/logo\/image\/"},"sameAs":["https:\/\/www.facebook.com\/profile.php?id=100090733639311","https:\/\/x.com\/talkpalai","https:\/\/www.linkedin.com\/company\/talkpal\/","https:\/\/www.youtube.com\/@TalkPal\/","https:\/\/www.tiktok.com\/@talkpal","https:\/\/www.instagram.com\/talkpal_ai\/","https:\/\/www.crunchbase.com\/organization\/talkpal-9cde","https:\/\/www.g2.com\/products\/talkpal-for-business\/","https:\/\/www.trustpilot.com\/review\/talkpal.ai","https:\/\/www.capterra.com\/p\/10006800\/TalkPal\/"],"description":"Talkpal is a language learning web and mobile education app, powered by the latest AI technologies, that provides engaging experiences to its customers in many different languages to help them improve their language skills. Users can chat about unlimited amount of topics with the app and use other modes to practice their language learning.","email":"support@talkpal.ai","legalName":"Talkpal, Inc.","foundingDate":"2023-04-03","duns":"118989042","numberOfEmployees":{"@type":"QuantitativeValue","minValue":"11","maxValue":"50"},"publishingPrinciples":"https:\/\/talkpal.ai\/publishing-principles\/","actionableFeedbackPolicy":"https:\/\/talkpal.ai\/actionable-feedback-policy\/","correctionsPolicy":"https:\/\/talkpal.ai\/corrections-policy\/","ethicsPolicy":"https:\/\/talkpal.ai\/ethics-policy\/","diversityPolicy":"https:\/\/talkpal.ai\/diversity-policy\/","diversityStaffingReport":"https:\/\/talkpal.ai\/diversity-policy\/"}]}},"_links":{"self":[{"href":"https:\/\/talkpal.ai\/mt\/wp-json\/wp\/v2\/pages\/1476452","targetHints":{"allow":["GET"]}}],"collection":[{"href":"https:\/\/talkpal.ai\/mt\/wp-json\/wp\/v2\/pages"}],"about":[{"href":"https:\/\/talkpal.ai\/mt\/wp-json\/wp\/v2\/types\/page"}],"author":[{"embeddable":true,"href":"https:\/\/talkpal.ai\/mt\/wp-json\/wp\/v2\/users\/20"}],"replies":[{"embeddable":true,"href":"https:\/\/talkpal.ai\/mt\/wp-json\/wp\/v2\/comments?post=1476452"}],"version-history":[{"count":0,"href":"https:\/\/talkpal.ai\/mt\/wp-json\/wp\/v2\/pages\/1476452\/revisions"}],"wp:attachment":[{"href":"https:\/\/talkpal.ai\/mt\/wp-json\/wp\/v2\/media?parent=1476452"}],"curies":[{"name":"wp","href":"https:\/\/api.w.org\/{rel}","templated":true}]}}