{"id":1476255,"date":"2025-11-12T09:53:34","date_gmt":"2025-11-12T09:53:34","guid":{"rendered":"https:\/\/talkpal.ai\/ezercizzji-tal-grammatika-irlandiza\/"},"modified":"2025-12-30T14:59:12","modified_gmt":"2025-12-30T14:59:12","slug":"ezercizzji-tal-grammatika-irlandiza","status":"publish","type":"page","link":"https:\/\/talkpal.ai\/mt\/ezercizzji-tal-grammatika-irlandiza\/","title":{"rendered":"E\u017cer\u010bizzji tal-Grammatika Irlandi\u017ca"},"content":{"rendered":"\r\n\r\n\r\n<section class=\"languageChallengeSection\">\r\n    <div class=\"languageInfoWrapper\">\r\n        \r\n        <h1>E\u017cer\u010bizzji tal-Grammatika Irlandi\u017ca<\/h1>\r\n        <p>Lest biex tg\u0127addas fil-<a href=\"https:\/\/talkpal.ai\/irish-grammar\/\">grammatika Irlandi\u017ca<\/a>? Il-prattika ta &#039;ftit affarijiet ba\u017ci\u010bi tg\u0127inek tikseb komdu b&#039;din il-lingwa unika u sabi\u0127a. Ipprova dawn l-e\u017cer\u010bizzji biex tibni l-kunfidenza tieg\u0127ek u tie\u0127u pja\u010bir matul it-triq!<\/p>\r\n\r\n                            <a class=\"getStartedHidden\" href=\"https:\/\/app.talkpal.ai\/signup?lng=\">Ibda<\/a>\r\n        \r\n    <\/div>\r\n\r\n    <figure>\r\n    <img decoding=\"async\" width=\"768\" height=\"768\" src=\"https:\/\/talkpal.ai\/wp-content\/uploads\/2023\/06\/welsh-768x768.png\" class=\"languageImage no-lazy\" alt=\"Language learning for better cognitive abilities\" fetchpriority=\"high\" sizes=\"(max-width: 768px) 150px, 768px\" srcset=\"https:\/\/talkpal.ai\/wp-content\/uploads\/2023\/06\/welsh-768x768.png 768w, https:\/\/talkpal.ai\/wp-content\/uploads\/2023\/06\/welsh-300x300.png 300w\" \/>\r\n    \r\n\r\n    <\/figure>\r\n\r\n            <a class=\"getStartedVisible\" href=\"https:\/\/app.talkpal.ai\/signup?lng=\">Ibda<\/a>\r\n    \r\n<\/section><section class=\"promotionalBanner\">\r\n    <p class=\"promotionalText\">L-aktar mod effi\u010bjenti biex titg\u0127allem lingwa<\/p>\r\n    <a class=\"promotionalLink\" href=\"https:\/\/app.talkpal.ai\/signup?lng=\">Ipprova Talkpal b&#8217;xejn<\/a>\r\n<\/section>\n<div class=\"wp-block-group pageContainerStyle\"><div class=\"wp-block-group__inner-container is-layout-constrained wp-block-group-is-layout-constrained\">\n<h2 class=\"wp-block-heading\" id=\"h-irish-grammar-topics\">Su\u0121\u0121etti tal-Grammatika Irlandi\u017ca<\/h2>\n\n\n\n<p><a href=\"https:\/\/talkpal.ai\/mt\/l-akbar-zbalji-li-ghandek-tevita-meta-titghallem-lingwa-gdida\/\">It-tag\u0127lim ta &#8216;lingwa \u0121dida<\/a> jista&#8217; jkun sforz ta &#8216;sfida i\u017cda ta&#8217; sodisfazzjon. <a href=\"https:\/\/talkpal.ai\/learn-irish\/\">Irlandi\u017c<\/a>, lingwa \u010aeltika mitkellma prin\u010bipalment fl-Irlanda, mhix e\u010b\u010bezzjoni. Bil-karatteristi\u010bi u l-istrutturi uni\u010bi tieg\u0127u, <a href=\"https:\/\/talkpal.ai\/mt\/talkpal-ghall-edukazzjoni\/\">it-tag\u0127lim<\/a> tal-Irlandi\u017c je\u0127tie\u0121 appro\u010b\u010b sistematiku biex wie\u0127ed jifhem il-grammatika kumplessa tieg\u0127u. Din il-gwida tiddeskrivi l-oqsma ewlenin <a href=\"https:\/\/talkpal.ai\/mt\/grammatika-irlandiza\/\">tal-grammatika Irlandi\u017ca<\/a> f&#8217;sekwenza lo\u0121ika <a href=\"https:\/\/talkpal.ai\/mt\/ai-chatbot-ghat-taghlim-tal-lingwa\/\">g\u0127at-tag\u0127lim tal-lingwi<\/a>, li tibda mill-affarijiet ba\u017ci\u010bi b\u0127al nomi u artikli, u tavvanza g\u0127al oqsma aktar kumplessi b\u0127at-temp u l-kostruzzjoni tas-sentenzi.<\/p>\n\n\n\n<h3 class=\"wp-block-heading\" id=\"h-1-nouns\">1. Nomi:<\/h3>\n\n\n\n<p>Ibda l-vja\u0121\u0121 tieg\u0127ek fil-lingwa Irlandi\u017ca billi titg\u0127allem in-nomi. Dan jinkludi l-fehim tal-\u0121eneru tan-nom, in-nomi komuni u proprji, il-forom plurali tag\u0127hom, u kif il-ka\u017cijiet jaffettwaw il-forom u l-mutazzjonijiet.<\/p>\n\n\n\n<h3 class=\"wp-block-heading\" id=\"h-2-articles\">2. Artikoli:<\/h3>\n\n\n\n<p>Artikli fil-lingwa Irlandi\u017ca jintu\u017caw b&#8217;mod differenti milli <a href=\"https:\/\/talkpal.ai\/ai-english-speaking-practice\/\">bl-Ingli\u017c<\/a>. L-Irlandi\u017c g\u0127andu artiklu definit an u na i\u017cda l-ebda artiklu indefinit, g\u0127alhekk il-\u0127akma tal-forom u l-effetti tag\u0127hom fuq il-mutazzjonijiet huwa kru\u010bjali.<\/p>\n\n\n\n<h3 class=\"wp-block-heading\" id=\"h-3-adjectives\">3. A\u0121\u0121ettivi:<\/h3>\n\n\n\n<p>L-a\u0121\u0121ettivi fl-Irlandi\u017c tipikament isegwu n-nomi tag\u0127hom, li huwa differenti mill-<a href=\"https:\/\/talkpal.ai\/learn-english-with-ai\/\">Ingli\u017c<\/a>. Ikollok b\u017conn ukoll titg\u0127allem dwar mutazzjonijiet inizjali b\u0127al lenition u eclipsis u kif tifforma komparattivi u superlattivi ma &#8216;n\u00edos u is.<\/p>\n\n\n\n<h3 class=\"wp-block-heading\" id=\"h-4-pronouns-determiners\">4. Pronomi \/ Determinaturi:<\/h3>\n\n\n\n<p>Il-pronomi u d-determinanti huma essenzjali fl-Irlandi\u017c; Huma jissostitwixxu nomi u jipprovdu informazzjoni dwar il-kwantit\u00e0, il-pussess, u aktar. Tg\u0127allem <a href=\"https:\/\/talkpal.ai\/ar\/grammar_exercises\/pronomi-personali-%d8%aa%d9%85%d8%a7%d8%b1%d9%8a%d9%86-%d9%84%d9%84%d9%82%d9%88%d8%a7%d8%b9%d8%af-%d8%a7%d9%84%d8%a5%d9%8a%d8%b7%d8%a7%d9%84%d9%8a%d8%a9\/\">pronomi personali<\/a>, <a href=\"https:\/\/talkpal.ai\/it\/grammar\/determinanti-possessivi-nella-grammatica-ceca\/\">determinanti possessivi<\/a> b\u0127al mo do a \u00e1r bhur a li jikkaw\u017caw mutazzjonijiet, u dimostrattivi b\u0127al seo u dnub.<\/p>\n\n\n\n<h3 class=\"wp-block-heading\" id=\"h-5-verbs\">5. Verbi:<\/h3>\n\n\n\n<p>Il-verbi Irlandi\u017ci g\u0127andhom forom differenti skont it-temp, il-burdata, u l-persuna. Ibda bil-pre\u017cent u l-verb b\u00ed, imbag\u0127ad gradwalment tesplora t-temp tal-passat u tal-futur flimkien mal-verbi irregolari ewlenin u l-kopula hija.<\/p>\n\n\n\n<h3 class=\"wp-block-heading\" id=\"h-6-tenses\">6. Tempi:<\/h3>\n\n\n\n<p>Wara li tikkontrolla l-forom tal-verb, t\u0127affef aktar fil-fond fit-temp Irlandi\u017c. Dan jinkludi l-fehim tad-differenzi bejn il-pre\u017cent abitwali, il-passat, il-futur, u l-kondizzjonali, u kif jintu\u017caw f&#8217;kuntesti differenti bil-b\u00ed kontra l-kopula.<\/p>\n\n\n\n<h3 class=\"wp-block-heading\" id=\"h-7-tense-comparison\">7. Paragun tat-Tensjoni:<\/h3>\n\n\n\n<p>It-tqabbil tat-tempi bl-Irlandi\u017c jg\u0127in biex wie\u0127ed jifhem is-sekwenza tal-avvenimenti. It-tqabbil tal-istess verb f&#8217;diversi tempi jipprovdi fehim a\u0127jar tal-u\u017cu u l-aspett Irlandi\u017c.<\/p>\n\n\n\n<h3 class=\"wp-block-heading\" id=\"h-8-progressive\">8. Progressiv:<\/h3>\n\n\n\n<p>Il-progressiv bl-Irlandi\u017c jintu\u017ca biex jesprimi azzjonijiet kontinwi. Huwa ffurmat bil-verb b\u00ed segwit minn ag u n-nom verbali per e\u017cempju T\u00e1 m\u00e9 ag l\u00e9amh.<\/p>\n\n\n\n<h3 class=\"wp-block-heading\" id=\"h-9-perfect-progressive\">9. Progressiv Perfett:<\/h3>\n\n\n\n<p>Dan jintu\u017ca biex jesprimi azzjonijiet li kienu g\u0127addejjin sa punt partikolari. Fl-Irlandi\u017c, huwa komunement espress b&#8217;b\u00ed plus tar \u00e9is a bheith ag u n-nom verbali jew b&#8217;espressjonijiet tal-\u0127in g\u0127at-tul.<\/p>\n\n\n\n<h3 class=\"wp-block-heading\" id=\"h-10-conditionals\">10. Kondizzjonali:<\/h3>\n\n\n\n<p>Il-kondizzjonali jesprimu sitwazzjonijiet ipoteti\u010bi u r-ri\u017cultati possibbli tag\u0127hom. Huma parti importanti mill-<a href=\"https:\/\/talkpal.ai\/irish-grammar\/\">grammatika Irlandi\u017ca<\/a> u ju\u017caw mudelli b&#8217;m\u00e1 g\u0127al kundizzjonijiet reali u d\u00e1 bil-kondizzjonali g\u0127al dawk ipoteti\u010bi.<\/p>\n\n\n\n<h3 class=\"wp-block-heading\" id=\"h-11-adverbs\">11. Avverbji:<\/h3>\n\n\n\n<p>L-avverbji fl-Irlandi\u017c jimmodifikaw verbi, a\u0121\u0121ettivi, jew avverbji o\u0127ra. Dawn jinkludu forom mag\u0127mula bl-a\u0121\u0121ettivi ta &#8216;qabel kif ukoll \u0127afna avverbji stabbiliti ta&#8217; mod, post, \u0127in, u grad.<\/p>\n\n\n\n<h3 class=\"wp-block-heading\" id=\"h-12-prepositions\">12. Prepo\u017cizzjonijiet:<\/h3>\n\n\n\n<p>Il-prepo\u017cizzjonijiet jorbtu kliem u fra\u017cijiet flimkien. L-Irlandi\u017c ju\u017ca pronomi prepo\u017cizzjonali b\u0127al agam agat aige biex jesprimi relazzjonijiet ta &#8216;pussess, \u0127in, post, u aktar.<\/p>\n\n\n\n<h3 class=\"wp-block-heading\" id=\"h-13-sentences\">13. Sentenzi:<\/h3>\n\n\n\n<p>Fl-a\u0127\u0127arnett, ipprattika l-kostruzzjoni ta &#8216;sentenzi. Dan se jinvolvi l-u\u017cu tal-ordni tal-kliem Irlandi\u017c VSO, triggers tal-mutazzjoni, u kemm b\u00ed kif ukoll il-kopula fil-kuntest, biex b&#8217;hekk ji\u0121i \u017cgurat fehim komprensiv tal-lingwa Irlandi\u017ca.<\/p>\n<\/div><\/div>\n\r\n<section class=\"learnNavigationSection\">\r\n            \r\n        <a href=\"https:\/\/talkpal.ai\/mt\/tghallem-l-irlandiz\/\">\r\n            <div class=\"learnNavigationWrapper\">\r\n                <div class=\"learnNavigationContent\">\r\n                    <img decoding=\"async\" src=\"https:\/\/talkpal.ai\/wp-content\/uploads\/2025\/11\/Irish.png\" alt=\"Irish Flag\">\r\n                    <div>\r\n                        <h4>Dwar it-Tag\u0127lim Irlandi\u017c<\/h4>\r\n                        <p>Sir af kollox dwar il-Grammatika Irlandi\u017ca.<\/p>\r\n                    <\/div>\r\n                <\/div>\r\n            <\/div>\r\n        <\/a>\r\n\r\n        \r\n        <a href=\"https:\/\/talkpal.ai\/mt\/grammatika-irlandiza\/\">\r\n            <div class=\"learnNavigationWrapper\">\r\n                <div class=\"learnNavigationContent\">\r\n                    <img decoding=\"async\" src=\"https:\/\/talkpal.ai\/wp-content\/uploads\/2025\/11\/Irish.png\" alt=\"Irish Flag\">\r\n                    <div>\r\n                        <h4>Lezzjonijiet tal-Grammatika Irlandi\u017ca<\/h4>\r\n                        <p>Prattika l-grammatika Irlandi\u017ca.<\/p>\r\n                    <\/div>\r\n                <\/div>\r\n            <\/div>\r\n        <\/a>\r\n\r\n            <\/section>","protected":false},"excerpt":{"rendered":"<p>Su\u0121\u0121etti tal-Grammatika Irlandi\u017ca It-tag\u0127lim ta &#8216;lingwa \u0121dida jista&#8217; jkun sforz ta &#8216;sfida i\u017cda ta&#8217; sodisfazzjon. Irlandi\u017c, lingwa \u010aeltika mitkellma prin\u010bipalment fl-Irlanda, mhix e\u010b\u010bezzjoni. Bil-karatteristi\u010bi u l-istrutturi uni\u010bi tieg\u0127u, it-tag\u0127lim tal-Irlandi\u017c je\u0127tie\u0121 appro\u010b\u010b sistematiku biex wie\u0127ed jifhem il-grammatika kumplessa tieg\u0127u. Din il-gwida tiddeskrivi l-oqsma ewlenin tal-grammatika Irlandi\u017ca f&#8217;sekwenza lo\u0121ika g\u0127at-tag\u0127lim tal-lingwi, li tibda mill-affarijiet ba\u017ci\u010bi b\u0127al [&hellip;]<\/p>\n","protected":false},"author":20,"featured_media":0,"parent":0,"menu_order":0,"comment_status":"closed","ping_status":"closed","template":"LearningContentPage.php","meta":{"_acf_changed":false,"footnotes":""},"class_list":["post-1476255","page","type-page","status-publish","hentry"],"acf":[],"yoast_head":"<!-- This site is optimized with the Yoast SEO Premium plugin v27.2 (Yoast SEO v27.2) - https:\/\/yoast.com\/product\/yoast-seo-premium-wordpress\/ -->\n<title>E\u017cer\u010bizzji tal-Grammatika Irlandi\u017ca - Talkpal<\/title>\n<meta name=\"description\" content=\"Immani\u0121\u0121ja l-grammatika Irlandi\u017ca b&#039;e\u017cer\u010bizzji interattivi mfassla biex jg\u0127inuk tibni l-kunfidenza u titg\u0127allem il-lingwa aktar malajr.\" \/>\n<meta name=\"robots\" content=\"index, follow, max-snippet:-1, max-image-preview:large, max-video-preview:-1\" \/>\n<link rel=\"canonical\" href=\"https:\/\/talkpal.ai\/mt\/ezercizzji-tal-grammatika-irlandiza\/\" \/>\n<meta property=\"og:locale\" content=\"mt_MT\" \/>\n<meta property=\"og:type\" content=\"article\" \/>\n<meta property=\"og:title\" content=\"E\u017cer\u010bizzji tal-Grammatika Irlandi\u017ca\" \/>\n<meta property=\"og:description\" content=\"Su\u0121\u0121etti tal-Grammatika Irlandi\u017ca It-tag\u0127lim ta &#039;lingwa \u0121dida jista&#039; jkun sforz ta &#039;sfida i\u017cda ta&#039; sodisfazzjon. Irlandi\u017c, lingwa \u010aeltika mitkellma\" \/>\n<meta property=\"og:url\" content=\"https:\/\/talkpal.ai\/mt\/ezercizzji-tal-grammatika-irlandiza\/\" \/>\n<meta property=\"og:site_name\" content=\"Talkpal\" \/>\n<meta property=\"article:publisher\" content=\"https:\/\/www.facebook.com\/profile.php?id=100090733639311\" \/>\n<meta property=\"article:modified_time\" content=\"2025-12-30T14:59:12+00:00\" \/>\n<meta property=\"og:image\" content=\"https:\/\/talkpal.ai\/wp-content\/uploads\/2025\/02\/Progress-tab-16_9.png\" \/>\n\t<meta property=\"og:image:width\" content=\"2880\" \/>\n\t<meta property=\"og:image:height\" content=\"1620\" \/>\n\t<meta property=\"og:image:type\" content=\"image\/png\" \/>\n<meta name=\"twitter:card\" content=\"summary_large_image\" \/>\n<meta name=\"twitter:site\" content=\"@talkpalai\" \/>\n<meta name=\"twitter:label1\" content=\"Est. reading time\" \/>\n\t<meta name=\"twitter:data1\" content=\"3 minutes\" \/>\n<script type=\"application\/ld+json\" class=\"yoast-schema-graph\">{\"@context\":\"https:\/\/schema.org\",\"@graph\":[{\"@type\":\"WebPage\",\"@id\":\"https:\/\/talkpal.ai\/mt\/ezercizzji-tal-grammatika-irlandiza\/\",\"url\":\"https:\/\/talkpal.ai\/mt\/ezercizzji-tal-grammatika-irlandiza\/\",\"name\":\"E\u017cer\u010bizzji tal-Grammatika Irlandi\u017ca - Talkpal\",\"isPartOf\":{\"@id\":\"https:\/\/talkpal.ai\/mt\/#website\"},\"datePublished\":\"2025-11-12T09:53:34+00:00\",\"dateModified\":\"2025-12-30T14:59:12+00:00\",\"description\":\"Immani\u0121\u0121ja l-grammatika Irlandi\u017ca b'e\u017cer\u010bizzji interattivi mfassla biex jg\u0127inuk tibni l-kunfidenza u titg\u0127allem il-lingwa aktar malajr.\",\"breadcrumb\":{\"@id\":\"https:\/\/talkpal.ai\/mt\/ezercizzji-tal-grammatika-irlandiza\/#breadcrumb\"},\"inLanguage\":\"mt-MT\",\"potentialAction\":[{\"@type\":\"ReadAction\",\"target\":[\"https:\/\/talkpal.ai\/mt\/ezercizzji-tal-grammatika-irlandiza\/\"]}]},{\"@type\":\"BreadcrumbList\",\"@id\":\"https:\/\/talkpal.ai\/mt\/ezercizzji-tal-grammatika-irlandiza\/#breadcrumb\",\"itemListElement\":[{\"@type\":\"ListItem\",\"position\":1,\"name\":\"Homepage\",\"item\":\"https:\/\/talkpal.ai\/mt\/\"},{\"@type\":\"ListItem\",\"position\":2,\"name\":\"E\u017cer\u010bizzji tal-Grammatika Irlandi\u017ca\"}]},{\"@type\":\"WebSite\",\"@id\":\"https:\/\/talkpal.ai\/mt\/#website\",\"url\":\"https:\/\/talkpal.ai\/mt\/\",\"name\":\"Talkpal\",\"description\":\"AI Language Learning\",\"publisher\":{\"@id\":\"https:\/\/talkpal.ai\/mt\/#organization\"},\"alternateName\":\"Talkpal AI\",\"potentialAction\":[{\"@type\":\"SearchAction\",\"target\":{\"@type\":\"EntryPoint\",\"urlTemplate\":\"https:\/\/talkpal.ai\/mt\/?s={search_term_string}\"},\"query-input\":{\"@type\":\"PropertyValueSpecification\",\"valueRequired\":true,\"valueName\":\"search_term_string\"}}],\"inLanguage\":\"mt-MT\"},{\"@type\":\"Organization\",\"@id\":\"https:\/\/talkpal.ai\/mt\/#organization\",\"name\":\"Talkpal, Inc.\",\"alternateName\":\"Talkpal AI\",\"url\":\"https:\/\/talkpal.ai\/mt\/\",\"logo\":{\"@type\":\"ImageObject\",\"inLanguage\":\"mt-MT\",\"@id\":\"https:\/\/talkpal.ai\/mt\/#\/schema\/logo\/image\/\",\"url\":\"https:\/\/talkpal.ai\/wp-content\/uploads\/2024\/03\/Talkpal-Logo-Icon.png\",\"contentUrl\":\"https:\/\/talkpal.ai\/wp-content\/uploads\/2024\/03\/Talkpal-Logo-Icon.png\",\"width\":2880,\"height\":2880,\"caption\":\"Talkpal, Inc.\"},\"image\":{\"@id\":\"https:\/\/talkpal.ai\/mt\/#\/schema\/logo\/image\/\"},\"sameAs\":[\"https:\/\/www.facebook.com\/profile.php?id=100090733639311\",\"https:\/\/x.com\/talkpalai\",\"https:\/\/www.linkedin.com\/company\/talkpal\/\",\"https:\/\/www.youtube.com\/@TalkPal\/\",\"https:\/\/www.tiktok.com\/@talkpal\",\"https:\/\/www.instagram.com\/talkpal_ai\/\",\"https:\/\/www.crunchbase.com\/organization\/talkpal-9cde\",\"https:\/\/www.g2.com\/products\/talkpal-for-business\/\",\"https:\/\/www.trustpilot.com\/review\/talkpal.ai\",\"https:\/\/www.capterra.com\/p\/10006800\/TalkPal\/\"],\"description\":\"Talkpal is a language learning web and mobile education app, powered by the latest AI technologies, that provides engaging experiences to its customers in many different languages to help them improve their language skills. Users can chat about unlimited amount of topics with the app and use other modes to practice their language learning.\",\"email\":\"support@talkpal.ai\",\"legalName\":\"Talkpal, Inc.\",\"foundingDate\":\"2023-04-03\",\"duns\":\"118989042\",\"numberOfEmployees\":{\"@type\":\"QuantitativeValue\",\"minValue\":\"11\",\"maxValue\":\"50\"},\"publishingPrinciples\":\"https:\/\/talkpal.ai\/publishing-principles\/\",\"actionableFeedbackPolicy\":\"https:\/\/talkpal.ai\/actionable-feedback-policy\/\",\"correctionsPolicy\":\"https:\/\/talkpal.ai\/corrections-policy\/\",\"ethicsPolicy\":\"https:\/\/talkpal.ai\/ethics-policy\/\",\"diversityPolicy\":\"https:\/\/talkpal.ai\/diversity-policy\/\",\"diversityStaffingReport\":\"https:\/\/talkpal.ai\/diversity-policy\/\"}]}<\/script>\n<!-- \/ Yoast SEO Premium plugin. -->","yoast_head_json":{"title":"E\u017cer\u010bizzji tal-Grammatika Irlandi\u017ca - Talkpal","description":"Immani\u0121\u0121ja l-grammatika Irlandi\u017ca b'e\u017cer\u010bizzji interattivi mfassla biex jg\u0127inuk tibni l-kunfidenza u titg\u0127allem il-lingwa aktar malajr.","robots":{"index":"index","follow":"follow","max-snippet":"max-snippet:-1","max-image-preview":"max-image-preview:large","max-video-preview":"max-video-preview:-1"},"canonical":"https:\/\/talkpal.ai\/mt\/ezercizzji-tal-grammatika-irlandiza\/","og_locale":"mt_MT","og_type":"article","og_title":"E\u017cer\u010bizzji tal-Grammatika Irlandi\u017ca","og_description":"Su\u0121\u0121etti tal-Grammatika Irlandi\u017ca It-tag\u0127lim ta 'lingwa \u0121dida jista' jkun sforz ta 'sfida i\u017cda ta' sodisfazzjon. Irlandi\u017c, lingwa \u010aeltika mitkellma","og_url":"https:\/\/talkpal.ai\/mt\/ezercizzji-tal-grammatika-irlandiza\/","og_site_name":"Talkpal","article_publisher":"https:\/\/www.facebook.com\/profile.php?id=100090733639311","article_modified_time":"2025-12-30T14:59:12+00:00","og_image":[{"width":2880,"height":1620,"url":"https:\/\/talkpal.ai\/wp-content\/uploads\/2025\/02\/Progress-tab-16_9.png","type":"image\/png"}],"twitter_card":"summary_large_image","twitter_site":"@talkpalai","twitter_misc":{"Est. reading time":"3 minutes"},"schema":{"@context":"https:\/\/schema.org","@graph":[{"@type":"WebPage","@id":"https:\/\/talkpal.ai\/mt\/ezercizzji-tal-grammatika-irlandiza\/","url":"https:\/\/talkpal.ai\/mt\/ezercizzji-tal-grammatika-irlandiza\/","name":"E\u017cer\u010bizzji tal-Grammatika Irlandi\u017ca - Talkpal","isPartOf":{"@id":"https:\/\/talkpal.ai\/mt\/#website"},"datePublished":"2025-11-12T09:53:34+00:00","dateModified":"2025-12-30T14:59:12+00:00","description":"Immani\u0121\u0121ja l-grammatika Irlandi\u017ca b'e\u017cer\u010bizzji interattivi mfassla biex jg\u0127inuk tibni l-kunfidenza u titg\u0127allem il-lingwa aktar malajr.","breadcrumb":{"@id":"https:\/\/talkpal.ai\/mt\/ezercizzji-tal-grammatika-irlandiza\/#breadcrumb"},"inLanguage":"mt-MT","potentialAction":[{"@type":"ReadAction","target":["https:\/\/talkpal.ai\/mt\/ezercizzji-tal-grammatika-irlandiza\/"]}]},{"@type":"BreadcrumbList","@id":"https:\/\/talkpal.ai\/mt\/ezercizzji-tal-grammatika-irlandiza\/#breadcrumb","itemListElement":[{"@type":"ListItem","position":1,"name":"Homepage","item":"https:\/\/talkpal.ai\/mt\/"},{"@type":"ListItem","position":2,"name":"E\u017cer\u010bizzji tal-Grammatika Irlandi\u017ca"}]},{"@type":"WebSite","@id":"https:\/\/talkpal.ai\/mt\/#website","url":"https:\/\/talkpal.ai\/mt\/","name":"Talkpal","description":"AI Language Learning","publisher":{"@id":"https:\/\/talkpal.ai\/mt\/#organization"},"alternateName":"Talkpal AI","potentialAction":[{"@type":"SearchAction","target":{"@type":"EntryPoint","urlTemplate":"https:\/\/talkpal.ai\/mt\/?s={search_term_string}"},"query-input":{"@type":"PropertyValueSpecification","valueRequired":true,"valueName":"search_term_string"}}],"inLanguage":"mt-MT"},{"@type":"Organization","@id":"https:\/\/talkpal.ai\/mt\/#organization","name":"Talkpal, Inc.","alternateName":"Talkpal AI","url":"https:\/\/talkpal.ai\/mt\/","logo":{"@type":"ImageObject","inLanguage":"mt-MT","@id":"https:\/\/talkpal.ai\/mt\/#\/schema\/logo\/image\/","url":"https:\/\/talkpal.ai\/wp-content\/uploads\/2024\/03\/Talkpal-Logo-Icon.png","contentUrl":"https:\/\/talkpal.ai\/wp-content\/uploads\/2024\/03\/Talkpal-Logo-Icon.png","width":2880,"height":2880,"caption":"Talkpal, Inc."},"image":{"@id":"https:\/\/talkpal.ai\/mt\/#\/schema\/logo\/image\/"},"sameAs":["https:\/\/www.facebook.com\/profile.php?id=100090733639311","https:\/\/x.com\/talkpalai","https:\/\/www.linkedin.com\/company\/talkpal\/","https:\/\/www.youtube.com\/@TalkPal\/","https:\/\/www.tiktok.com\/@talkpal","https:\/\/www.instagram.com\/talkpal_ai\/","https:\/\/www.crunchbase.com\/organization\/talkpal-9cde","https:\/\/www.g2.com\/products\/talkpal-for-business\/","https:\/\/www.trustpilot.com\/review\/talkpal.ai","https:\/\/www.capterra.com\/p\/10006800\/TalkPal\/"],"description":"Talkpal is a language learning web and mobile education app, powered by the latest AI technologies, that provides engaging experiences to its customers in many different languages to help them improve their language skills. Users can chat about unlimited amount of topics with the app and use other modes to practice their language learning.","email":"support@talkpal.ai","legalName":"Talkpal, Inc.","foundingDate":"2023-04-03","duns":"118989042","numberOfEmployees":{"@type":"QuantitativeValue","minValue":"11","maxValue":"50"},"publishingPrinciples":"https:\/\/talkpal.ai\/publishing-principles\/","actionableFeedbackPolicy":"https:\/\/talkpal.ai\/actionable-feedback-policy\/","correctionsPolicy":"https:\/\/talkpal.ai\/corrections-policy\/","ethicsPolicy":"https:\/\/talkpal.ai\/ethics-policy\/","diversityPolicy":"https:\/\/talkpal.ai\/diversity-policy\/","diversityStaffingReport":"https:\/\/talkpal.ai\/diversity-policy\/"}]}},"_links":{"self":[{"href":"https:\/\/talkpal.ai\/mt\/wp-json\/wp\/v2\/pages\/1476255","targetHints":{"allow":["GET"]}}],"collection":[{"href":"https:\/\/talkpal.ai\/mt\/wp-json\/wp\/v2\/pages"}],"about":[{"href":"https:\/\/talkpal.ai\/mt\/wp-json\/wp\/v2\/types\/page"}],"author":[{"embeddable":true,"href":"https:\/\/talkpal.ai\/mt\/wp-json\/wp\/v2\/users\/20"}],"replies":[{"embeddable":true,"href":"https:\/\/talkpal.ai\/mt\/wp-json\/wp\/v2\/comments?post=1476255"}],"version-history":[{"count":0,"href":"https:\/\/talkpal.ai\/mt\/wp-json\/wp\/v2\/pages\/1476255\/revisions"}],"wp:attachment":[{"href":"https:\/\/talkpal.ai\/mt\/wp-json\/wp\/v2\/media?parent=1476255"}],"curies":[{"name":"wp","href":"https:\/\/api.w.org\/{rel}","templated":true}]}}