{"id":1462107,"date":"2025-10-22T19:55:16","date_gmt":"2025-10-22T19:55:16","guid":{"rendered":"https:\/\/talkpal.ai\/skont-talkpal-ghall-ghalliema\/"},"modified":"2026-01-22T14:56:14","modified_gmt":"2026-01-22T14:56:14","slug":"skont-talkpal-ghall-ghalliema","status":"publish","type":"page","link":"https:\/\/talkpal.ai\/mt\/skont-talkpal-ghall-ghalliema\/","title":{"rendered":"Skont talkpal g\u0127all-g\u0127alliema"},"content":{"rendered":"<section class=\"languageChallengeSection\">\r\n    <div class=\"languageInfoWrapper\">\r\n        \r\n        <h1>Skont talkpal g\u0127all-g\u0127alliema<\/h1>\r\n        <p>Int g\u0127alliem li qed ifittex li ssa\u0127\u0127a\u0127 il-\u0127iliet lingwisti\u010bi tieg\u0127ek stess? Talkpal joffri skont esklussiv ta&#039; 79% g\u0127all-g\u0127alliema biex jg\u0127inek titg\u0127allem aktar malajr u b&#039;mod aktar intelli\u0121enti. Nisfruttaw il-karatteristi\u010bi premium kollha, ipprattikaw konversazzjonijiet reali mal-AI, u ibnu l-fluwenza &#8211; b&#039;nofs il-prezz.<\/p>\r\n\r\n                    <a class=\"getStartedHidden\" href=\"https:\/\/app.talkpal.ai\/signup?discount=50\">\r\n                Ikseb skont            <\/a>\r\n            <\/div>\r\n\r\n            <figure>\r\n            <img decoding=\"async\" class=\"no-lazy\" src=\"https:\/\/talkpal.ai\/wp-content\/uploads\/2026\/01\/curly-girl-with-phone-yellow-background.webp\" alt=\"\" fetchpriority=\"high\" \/>\r\n        <\/figure>\r\n        \r\n                    <a class=\"getStartedVisible\" href=\"https:\/\/app.talkpal.ai\/signup?discount=50\">\r\n                Ikseb skont            <\/a>\r\n        <\/section><section class=\"featureSection\">\r\n    <div class=\"featureIntroduce\">\r\n        <a class=\"introduceLink\" href=\"https:\/\/app.talkpal.ai\/signup?lng=\">\r\n            <img decoding=\"async\" src=\"https:\/\/talkpal.ai\/wp-content\/themes\/talkpal\/assets\/img\/Sparkle.svg\" alt=\"\" \/>l-aktar avvanzat\r\n  G\u0127all-finijiet ta&#039; dan ir<\/a>\r\n        <h3 class=\"featureTitle\">Id-differenza talkpal<\/h3>\r\n    <\/div>\r\n            <div class=\"introduceWrapper\">\r\n                            <a class=\"introducCard\" href=\"https:\/\/app.talkpal.ai\/signup?lng=\">\r\n\r\n                    \r\n                                                <img decoding=\"async\" src=\"https:\/\/talkpal.ai\/wp-content\/uploads\/2025\/05\/Immersive_conversations.png\" alt=\"Immersive Conversation Screenshot\" \/>\r\n                        <h4 class=\"introduceTitle\">Edukazzjoni Personalizzata<\/h4>\r\n                        <p class=\"cardText\">Kull g\u0127alliem jitg\u0127allem b&#039;mod differenti &#8211; u kull vja\u0121\u0121 ta &#039;tag\u0127lim huwa uniku. Talkpal ju\u017ca AI avvanzata biex janalizza kif miljuni ta &#039;studenti jistudjaw il-lingwi u jadattaw g\u0127all-istil personali, l-g\u0127anijiet u l-iskeda tieg\u0127ek. Ir-ri\u017cultat: esperjenza personalizzata, effi\u010bjenti u impenjattiva g\u0127all-g\u0127alliema b\u0127alek.<\/p>\r\n                    \r\n                <\/a>\r\n                            <a class=\"introducCard\" href=\"https:\/\/app.talkpal.ai\/signup?lng=\">\r\n\r\n                    \r\n                                                <img decoding=\"async\" src=\"https:\/\/talkpal.ai\/wp-content\/uploads\/2025\/05\/Realtime_feedback.png\" alt=\"Feedback Screenshot\" \/>\r\n                        <h4 class=\"introduceTitle\">Teknolo\u0121ija avvanzata<\/h4>\r\n                        <p class=\"cardText\">Il-missjoni tag\u0127na hija li nag\u0127mlu t-tag\u0127lim tal-lingwa personalizzat a\u010b\u010bessibbli g\u0127all-edukaturi billi ng\u0127aqqdu AI avvanzata ma &#039;metodi ta&#039; tag\u0127lim ippruvati. Ma &#039;Talkpal, inti mhux biss tie\u0127u lezzjonijiet &#8211; inti ssegwi triq imfassla apposta li tadatta g\u0127all-pass, il-preferenzi u l-g\u0127anijiet tieg\u0127ek.<\/p>\r\n                    \r\n                <\/a>\r\n                            <a class=\"introducCard\" href=\"https:\/\/app.talkpal.ai\/signup?lng=\">\r\n\r\n                    \r\n                                                <img decoding=\"async\" src=\"https:\/\/talkpal.ai\/wp-content\/uploads\/2025\/05\/Personalization.png\" alt=\"Personalization Screenshot\" \/>\r\n                        <h4 class=\"introduceTitle\">Nag\u0127mlu t-Tag\u0127lim Divertenti<\/h4>\r\n                        <p class=\"cardText\">A\u0127na nemmnu li t-tag\u0127lim tal-lingwa g\u0127andu j\u0127ossu motivanti u pja\u010bevoli. Huwa g\u0127alhekk li Talkpal i\u017commok involut u ispirat &#8211; allura l-prattika tieg\u0127ek t\u0127ossha b\u0127al waqfa ener\u0121etika, mhux fa\u010bli. Ing\u0127aqad ma&#039; eluf ta&#039; g\u0127alliema li jg\u0127ollu l-\u0127iliet lingwisti\u010bi tag\u0127hom stess ma&#039; Talkpal.<\/p>\r\n                    \r\n                <\/a>\r\n                            <\/div>\r\n                     <a class=\"featureSectionLink\" href=\"https:\/\/app.talkpal.ai\/signup?discount=50\">\r\n                Ikseb skont            <\/a>\r\n                \r\n<\/section>\r\n\r\n\r\n<section class=\"smartFunSection\">\r\n            \r\n            <div class=\"smartFunCard\">\r\n                <div class=\"smartFunWrapper\"><img decoding=\"async\" src=\"https:\/\/talkpal.ai\/wp-content\/uploads\/2025\/05\/1.png\" alt=\"Learning Stats Screenshot\"><\/div>\r\n                <h3>Imfassla g\u0127alik<\/h3>\r\n                <p>Talkpal jag\u0127ti sessjonijiet li ja\u0127dmu bl-AI kkalibrati skont il-livell u l-pass tieg\u0127ek. Kull lezzjoni hija mfassla madwar il-b\u017connijiet individwali tieg\u0127ek, u tg\u0127inek tag\u0127mel progress kostanti u li jista &#8216;jitkejjel &#8211; anke bi skeda impenjattiva.<\/p>\r\n            <\/div>\r\n\r\n        \r\n            <div class=\"smartFunCard\">\r\n                <div class=\"smartFunWrapper\"><img decoding=\"async\" src=\"https:\/\/talkpal.ai\/wp-content\/uploads\/2025\/05\/2.png\" alt=\"Pronunciation Score Screenshot\"><\/div>\r\n                <h3>Effettiv u Effi\u010bjenti<\/h3>\r\n                <p>Sharpen il-\u0127iliet tal-qari, is-smig\u0127 u t-ta\u0127dit tieg\u0127ek b&#8217;mod effi\u010bjenti. L-g\u0127odod ta &#8216;Talkpal jag\u0127mlu l-istudju kemm effettiv kif ukoll pja\u010bevoli g\u0127all-edukaturi minn kull sfond, bi prattika flessibbli li tista&#8217; tid\u0127ol fi kwalunkwe \u0121urnata.<\/p>\r\n            <\/div>\r\n\r\n        \r\n            <div class=\"smartFunCard\">\r\n                <div class=\"smartFunWrapper\"><img decoding=\"async\" src=\"https:\/\/talkpal.ai\/wp-content\/uploads\/2025\/05\/3.png\" alt=\"Chat Topics Screenshot\"><\/div>\r\n                <h3>\u017bomm Impenjat<\/h3>\r\n                <p>Ibqa &#8216;konsistenti ma&#8217; elementi gamifikati, sfidi impenjattivi, u prompts li jipprovokaw il-\u0127sieb. Ma &#8216;Talkpal, il-prattika tal-lingwa ssir drawwa divertenti ta&#8217; kuljum &#8211; mhux kompitu ie\u0127or fuq il-lista ta &#8216;to-do tieg\u0127ek.<\/p>\r\n            <\/div>\r\n\r\n        \r\n            <div class=\"smartFunCard\">\r\n                <div class=\"smartFunWrapper\"><img decoding=\"async\" src=\"https:\/\/talkpal.ai\/wp-content\/uploads\/2025\/05\/4.png\" alt=\"Dashboard Screenshot\"><\/div>\r\n                <h3>Igawdu t-Tag\u0127lim<\/h3>\r\n                <p>Il-\u0127akma ta &#8216;lingwa \u0121dida m&#8217;g\u0127andhiex g\u0127alfejn tkun tedjanti. Talkpal joffri e\u017cer\u010bizzji interattivi, karattri viva\u010bi, u anke konversazzjonijiet umoristi\u010bi tal-AI\u2014li jag\u0127mlu l-vja\u0121\u0121 ta &#8216;tag\u0127lim personali tieg\u0127ek pja\u010bevoli u ta&#8217; ispirazzjoni.<\/p>\r\n            <\/div>\r\n\r\n            \r\n<\/section>\r\n\r\n<section class=\"promotionalBanner\">\r\n    <p class=\"promotionalText\">Talkpal g\u0127all-g\u0127alliema &#8211; Ibda nitg\u0127allem bi prezz imnaqqas<\/p>\r\n                <a class=\"promotionalLink\" href=\"https:\/\/app.talkpal.ai\/signup?discount=50\">\r\n                Ikseb skont            <\/a>\r\n            \r\n<\/section>","protected":false},"excerpt":{"rendered":"","protected":false},"author":20,"featured_media":0,"parent":0,"menu_order":0,"comment_status":"closed","ping_status":"closed","template":"LearningContentPage.php","meta":{"_acf_changed":false,"footnotes":""},"class_list":["post-1462107","page","type-page","status-publish","hentry"],"acf":[],"yoast_head":"<!-- This site is optimized with the Yoast SEO Premium plugin v27.2 (Yoast SEO v27.2) - https:\/\/yoast.com\/product\/yoast-seo-premium-wordpress\/ -->\n<title>Skont talkpal g\u0127all-g\u0127alliema - Talkpal<\/title>\n<meta name=\"description\" content=\"Ifta\u0127 skont esklussiv ta&#039; 79% g\u0127all-g\u0127alliema fuq Talkpal Premium u ikkontrolla l-lingwi aktar malajr b&#039;lezzjonijiet AI personalizzati.\" \/>\n<meta name=\"robots\" content=\"index, follow, max-snippet:-1, max-image-preview:large, max-video-preview:-1\" \/>\n<link rel=\"canonical\" href=\"https:\/\/talkpal.ai\/mt\/skont-talkpal-ghall-ghalliema\/\" \/>\n<meta property=\"og:locale\" content=\"mt_MT\" \/>\n<meta property=\"og:type\" content=\"article\" \/>\n<meta property=\"og:title\" content=\"Skont talkpal g\u0127all-g\u0127alliema\" \/>\n<meta property=\"og:url\" content=\"https:\/\/talkpal.ai\/mt\/skont-talkpal-ghall-ghalliema\/\" \/>\n<meta property=\"og:site_name\" content=\"Talkpal\" \/>\n<meta property=\"article:publisher\" content=\"https:\/\/www.facebook.com\/profile.php?id=100090733639311\" \/>\n<meta property=\"article:modified_time\" content=\"2026-01-22T14:56:14+00:00\" \/>\n<meta property=\"og:image\" content=\"https:\/\/talkpal.ai\/wp-content\/uploads\/2025\/02\/Progress-tab-16_9.png\" \/>\n\t<meta property=\"og:image:width\" content=\"2880\" \/>\n\t<meta property=\"og:image:height\" content=\"1620\" \/>\n\t<meta property=\"og:image:type\" content=\"image\/png\" \/>\n<meta name=\"twitter:card\" content=\"summary_large_image\" \/>\n<meta name=\"twitter:site\" content=\"@talkpalai\" \/>\n<script type=\"application\/ld+json\" class=\"yoast-schema-graph\">{\"@context\":\"https:\/\/schema.org\",\"@graph\":[{\"@type\":\"WebPage\",\"@id\":\"https:\/\/talkpal.ai\/mt\/skont-talkpal-ghall-ghalliema\/\",\"url\":\"https:\/\/talkpal.ai\/mt\/skont-talkpal-ghall-ghalliema\/\",\"name\":\"Skont talkpal g\u0127all-g\u0127alliema - Talkpal\",\"isPartOf\":{\"@id\":\"https:\/\/talkpal.ai\/mt\/#website\"},\"datePublished\":\"2025-10-22T19:55:16+00:00\",\"dateModified\":\"2026-01-22T14:56:14+00:00\",\"description\":\"Ifta\u0127 skont esklussiv ta' 79% g\u0127all-g\u0127alliema fuq Talkpal Premium u ikkontrolla l-lingwi aktar malajr b'lezzjonijiet AI personalizzati.\",\"breadcrumb\":{\"@id\":\"https:\/\/talkpal.ai\/mt\/skont-talkpal-ghall-ghalliema\/#breadcrumb\"},\"inLanguage\":\"mt-MT\",\"potentialAction\":[{\"@type\":\"ReadAction\",\"target\":[\"https:\/\/talkpal.ai\/mt\/skont-talkpal-ghall-ghalliema\/\"]}]},{\"@type\":\"BreadcrumbList\",\"@id\":\"https:\/\/talkpal.ai\/mt\/skont-talkpal-ghall-ghalliema\/#breadcrumb\",\"itemListElement\":[{\"@type\":\"ListItem\",\"position\":1,\"name\":\"Homepage\",\"item\":\"https:\/\/talkpal.ai\/mt\/\"},{\"@type\":\"ListItem\",\"position\":2,\"name\":\"Skont talkpal g\u0127all-g\u0127alliema\"}]},{\"@type\":\"WebSite\",\"@id\":\"https:\/\/talkpal.ai\/mt\/#website\",\"url\":\"https:\/\/talkpal.ai\/mt\/\",\"name\":\"Talkpal\",\"description\":\"AI Language Learning\",\"publisher\":{\"@id\":\"https:\/\/talkpal.ai\/mt\/#organization\"},\"alternateName\":\"Talkpal AI\",\"potentialAction\":[{\"@type\":\"SearchAction\",\"target\":{\"@type\":\"EntryPoint\",\"urlTemplate\":\"https:\/\/talkpal.ai\/mt\/?s={search_term_string}\"},\"query-input\":{\"@type\":\"PropertyValueSpecification\",\"valueRequired\":true,\"valueName\":\"search_term_string\"}}],\"inLanguage\":\"mt-MT\"},{\"@type\":\"Organization\",\"@id\":\"https:\/\/talkpal.ai\/mt\/#organization\",\"name\":\"Talkpal, Inc.\",\"alternateName\":\"Talkpal AI\",\"url\":\"https:\/\/talkpal.ai\/mt\/\",\"logo\":{\"@type\":\"ImageObject\",\"inLanguage\":\"mt-MT\",\"@id\":\"https:\/\/talkpal.ai\/mt\/#\/schema\/logo\/image\/\",\"url\":\"https:\/\/talkpal.ai\/wp-content\/uploads\/2024\/03\/Talkpal-Logo-Icon.png\",\"contentUrl\":\"https:\/\/talkpal.ai\/wp-content\/uploads\/2024\/03\/Talkpal-Logo-Icon.png\",\"width\":2880,\"height\":2880,\"caption\":\"Talkpal, Inc.\"},\"image\":{\"@id\":\"https:\/\/talkpal.ai\/mt\/#\/schema\/logo\/image\/\"},\"sameAs\":[\"https:\/\/www.facebook.com\/profile.php?id=100090733639311\",\"https:\/\/x.com\/talkpalai\",\"https:\/\/www.linkedin.com\/company\/talkpal\/\",\"https:\/\/www.youtube.com\/@TalkPal\/\",\"https:\/\/www.tiktok.com\/@talkpal\",\"https:\/\/www.instagram.com\/talkpal_ai\/\",\"https:\/\/www.crunchbase.com\/organization\/talkpal-9cde\",\"https:\/\/www.g2.com\/products\/talkpal-for-business\/\",\"https:\/\/www.trustpilot.com\/review\/talkpal.ai\",\"https:\/\/www.capterra.com\/p\/10006800\/TalkPal\/\"],\"description\":\"Talkpal is a language learning web and mobile education app, powered by the latest AI technologies, that provides engaging experiences to its customers in many different languages to help them improve their language skills. Users can chat about unlimited amount of topics with the app and use other modes to practice their language learning.\",\"email\":\"support@talkpal.ai\",\"legalName\":\"Talkpal, Inc.\",\"foundingDate\":\"2023-04-03\",\"duns\":\"118989042\",\"numberOfEmployees\":{\"@type\":\"QuantitativeValue\",\"minValue\":\"11\",\"maxValue\":\"50\"},\"publishingPrinciples\":\"https:\/\/talkpal.ai\/publishing-principles\/\",\"actionableFeedbackPolicy\":\"https:\/\/talkpal.ai\/actionable-feedback-policy\/\",\"correctionsPolicy\":\"https:\/\/talkpal.ai\/corrections-policy\/\",\"ethicsPolicy\":\"https:\/\/talkpal.ai\/ethics-policy\/\",\"diversityPolicy\":\"https:\/\/talkpal.ai\/diversity-policy\/\",\"diversityStaffingReport\":\"https:\/\/talkpal.ai\/diversity-policy\/\"}]}<\/script>\n<!-- \/ Yoast SEO Premium plugin. -->","yoast_head_json":{"title":"Skont talkpal g\u0127all-g\u0127alliema - Talkpal","description":"Ifta\u0127 skont esklussiv ta' 79% g\u0127all-g\u0127alliema fuq Talkpal Premium u ikkontrolla l-lingwi aktar malajr b'lezzjonijiet AI personalizzati.","robots":{"index":"index","follow":"follow","max-snippet":"max-snippet:-1","max-image-preview":"max-image-preview:large","max-video-preview":"max-video-preview:-1"},"canonical":"https:\/\/talkpal.ai\/mt\/skont-talkpal-ghall-ghalliema\/","og_locale":"mt_MT","og_type":"article","og_title":"Skont talkpal g\u0127all-g\u0127alliema","og_url":"https:\/\/talkpal.ai\/mt\/skont-talkpal-ghall-ghalliema\/","og_site_name":"Talkpal","article_publisher":"https:\/\/www.facebook.com\/profile.php?id=100090733639311","article_modified_time":"2026-01-22T14:56:14+00:00","og_image":[{"width":2880,"height":1620,"url":"https:\/\/talkpal.ai\/wp-content\/uploads\/2025\/02\/Progress-tab-16_9.png","type":"image\/png"}],"twitter_card":"summary_large_image","twitter_site":"@talkpalai","schema":{"@context":"https:\/\/schema.org","@graph":[{"@type":"WebPage","@id":"https:\/\/talkpal.ai\/mt\/skont-talkpal-ghall-ghalliema\/","url":"https:\/\/talkpal.ai\/mt\/skont-talkpal-ghall-ghalliema\/","name":"Skont talkpal g\u0127all-g\u0127alliema - Talkpal","isPartOf":{"@id":"https:\/\/talkpal.ai\/mt\/#website"},"datePublished":"2025-10-22T19:55:16+00:00","dateModified":"2026-01-22T14:56:14+00:00","description":"Ifta\u0127 skont esklussiv ta' 79% g\u0127all-g\u0127alliema fuq Talkpal Premium u ikkontrolla l-lingwi aktar malajr b'lezzjonijiet AI personalizzati.","breadcrumb":{"@id":"https:\/\/talkpal.ai\/mt\/skont-talkpal-ghall-ghalliema\/#breadcrumb"},"inLanguage":"mt-MT","potentialAction":[{"@type":"ReadAction","target":["https:\/\/talkpal.ai\/mt\/skont-talkpal-ghall-ghalliema\/"]}]},{"@type":"BreadcrumbList","@id":"https:\/\/talkpal.ai\/mt\/skont-talkpal-ghall-ghalliema\/#breadcrumb","itemListElement":[{"@type":"ListItem","position":1,"name":"Homepage","item":"https:\/\/talkpal.ai\/mt\/"},{"@type":"ListItem","position":2,"name":"Skont talkpal g\u0127all-g\u0127alliema"}]},{"@type":"WebSite","@id":"https:\/\/talkpal.ai\/mt\/#website","url":"https:\/\/talkpal.ai\/mt\/","name":"Talkpal","description":"AI Language Learning","publisher":{"@id":"https:\/\/talkpal.ai\/mt\/#organization"},"alternateName":"Talkpal AI","potentialAction":[{"@type":"SearchAction","target":{"@type":"EntryPoint","urlTemplate":"https:\/\/talkpal.ai\/mt\/?s={search_term_string}"},"query-input":{"@type":"PropertyValueSpecification","valueRequired":true,"valueName":"search_term_string"}}],"inLanguage":"mt-MT"},{"@type":"Organization","@id":"https:\/\/talkpal.ai\/mt\/#organization","name":"Talkpal, Inc.","alternateName":"Talkpal AI","url":"https:\/\/talkpal.ai\/mt\/","logo":{"@type":"ImageObject","inLanguage":"mt-MT","@id":"https:\/\/talkpal.ai\/mt\/#\/schema\/logo\/image\/","url":"https:\/\/talkpal.ai\/wp-content\/uploads\/2024\/03\/Talkpal-Logo-Icon.png","contentUrl":"https:\/\/talkpal.ai\/wp-content\/uploads\/2024\/03\/Talkpal-Logo-Icon.png","width":2880,"height":2880,"caption":"Talkpal, Inc."},"image":{"@id":"https:\/\/talkpal.ai\/mt\/#\/schema\/logo\/image\/"},"sameAs":["https:\/\/www.facebook.com\/profile.php?id=100090733639311","https:\/\/x.com\/talkpalai","https:\/\/www.linkedin.com\/company\/talkpal\/","https:\/\/www.youtube.com\/@TalkPal\/","https:\/\/www.tiktok.com\/@talkpal","https:\/\/www.instagram.com\/talkpal_ai\/","https:\/\/www.crunchbase.com\/organization\/talkpal-9cde","https:\/\/www.g2.com\/products\/talkpal-for-business\/","https:\/\/www.trustpilot.com\/review\/talkpal.ai","https:\/\/www.capterra.com\/p\/10006800\/TalkPal\/"],"description":"Talkpal is a language learning web and mobile education app, powered by the latest AI technologies, that provides engaging experiences to its customers in many different languages to help them improve their language skills. Users can chat about unlimited amount of topics with the app and use other modes to practice their language learning.","email":"support@talkpal.ai","legalName":"Talkpal, Inc.","foundingDate":"2023-04-03","duns":"118989042","numberOfEmployees":{"@type":"QuantitativeValue","minValue":"11","maxValue":"50"},"publishingPrinciples":"https:\/\/talkpal.ai\/publishing-principles\/","actionableFeedbackPolicy":"https:\/\/talkpal.ai\/actionable-feedback-policy\/","correctionsPolicy":"https:\/\/talkpal.ai\/corrections-policy\/","ethicsPolicy":"https:\/\/talkpal.ai\/ethics-policy\/","diversityPolicy":"https:\/\/talkpal.ai\/diversity-policy\/","diversityStaffingReport":"https:\/\/talkpal.ai\/diversity-policy\/"}]}},"_links":{"self":[{"href":"https:\/\/talkpal.ai\/mt\/wp-json\/wp\/v2\/pages\/1462107","targetHints":{"allow":["GET"]}}],"collection":[{"href":"https:\/\/talkpal.ai\/mt\/wp-json\/wp\/v2\/pages"}],"about":[{"href":"https:\/\/talkpal.ai\/mt\/wp-json\/wp\/v2\/types\/page"}],"author":[{"embeddable":true,"href":"https:\/\/talkpal.ai\/mt\/wp-json\/wp\/v2\/users\/20"}],"replies":[{"embeddable":true,"href":"https:\/\/talkpal.ai\/mt\/wp-json\/wp\/v2\/comments?post=1462107"}],"version-history":[{"count":0,"href":"https:\/\/talkpal.ai\/mt\/wp-json\/wp\/v2\/pages\/1462107\/revisions"}],"wp:attachment":[{"href":"https:\/\/talkpal.ai\/mt\/wp-json\/wp\/v2\/media?parent=1462107"}],"curies":[{"name":"wp","href":"https:\/\/api.w.org\/{rel}","templated":true}]}}