{"id":1447935,"date":"2023-06-22T07:53:19","date_gmt":"2023-06-22T07:53:19","guid":{"rendered":"https:\/\/talkpal.ai\/ezercizzji-tal-grammatika-kannada\/"},"modified":"2025-12-17T15:10:05","modified_gmt":"2025-12-17T15:10:05","slug":"ezercizzji-tal-grammatika-kannada","status":"publish","type":"page","link":"https:\/\/talkpal.ai\/mt\/ezercizzji-tal-grammatika-kannada\/","title":{"rendered":"E\u017cer\u010bizzji tal-Grammatika Kannada"},"content":{"rendered":"\r\n\r\n\r\n<section class=\"languageChallengeSection\">\r\n    <div class=\"languageInfoWrapper\">\r\n        \r\n        <h1>E\u017cer\u010bizzji tal-Grammatika Kannada<\/h1>\r\n        <p>\u0126erqana li ttejjeb il-\u0127iliet <a href=\"https:\/\/talkpal.ai\/learn-kannada\/\">Kannada<\/a> tieg\u0127ek? Il-prattika tal-e\u017cer\u010bizzji tal-grammatika hija mod tajjeb \u0127afna biex titg\u0127allem l-istruttura tas-sentenza, il-forom tal-verb, u l-karatteristi\u010bi uni\u010bi tal-lingwa Kannada. Ibda ta\u0127dem fuq il-grammatika Kannada illum u ara l-kunfidenza u l-fluwenza tieg\u0127ek jikbru ma &#039;kull e\u017cer\u010bizzju \u0121did!<\/p>\r\n\r\n                            <a class=\"getStartedHidden\" href=\"https:\/\/app.talkpal.ai\/signup?lng=\">Ibda<\/a>\r\n        \r\n    <\/div>\r\n\r\n    <figure>\r\n    <img decoding=\"async\" width=\"768\" height=\"768\" src=\"https:\/\/talkpal.ai\/wp-content\/uploads\/2023\/06\/Kannada-768x768.png\" class=\"languageImage no-lazy\" alt=\"Language learning for increased mental flexibility\" fetchpriority=\"high\" sizes=\"(max-width: 768px) 150px, 768px\" srcset=\"https:\/\/talkpal.ai\/wp-content\/uploads\/2023\/06\/Kannada-768x768.png 768w, https:\/\/talkpal.ai\/wp-content\/uploads\/2023\/06\/Kannada-300x300.png 300w\" \/>\r\n    \r\n\r\n    <\/figure>\r\n\r\n            <a class=\"getStartedVisible\" href=\"https:\/\/app.talkpal.ai\/signup?lng=\">Ibda<\/a>\r\n    \r\n<\/section>\r\n\r\n\r\n<!-- <section class=\"grammarSection\">\r\n    <div class=\"grammarLinks\">\r\n            <\/div>\r\n<\/section> -->\r\n\r\n\r\n\r\n\r\n<section class=\"promotionalBanner\">\r\n    <p class=\"promotionalText\">L-aktar mod effi\u010bjenti biex titg\u0127allem lingwa<\/p>\r\n    <a class=\"promotionalLink\" href=\"https:\/\/app.talkpal.ai\/signup?lng=\">Ipprova Talkpal b&#8217;xejn<\/a>\r\n<\/section>\n<div class=\"wp-block-group pageContainerStyle\"><div class=\"wp-block-group__inner-container is-layout-constrained wp-block-group-is-layout-constrained\">\n<h2 class=\"wp-block-heading\" id=\"h-kannada-grammar-topics\">Su\u0121\u0121etti tal-Grammatika tal-Kannada<\/h2>\n\n\n\n<p>Il-Kannada hija lingwa Dravidjana mitkellma fil-bi\u010b\u010ba l-kbira fl-istat Indjan ta&#8217; Karnataka minn madwar 44 miljun persuna. Hija wa\u0127da mit-22 lingwa skedata tal-Indja u l-lingwa uffi\u010bjali tal-istat ta &#8216;Karnataka. It-tag\u0127lim tal-Kannada mhux biss huwa essenzjali g\u0127all-fehim tal-kultura u l-istorja rikka ta &#8216;Karnataka, i\u017cda jg\u0127in ukoll f&#8217;komunikazzjoni effettiva mal-popolazzjoni lokali. Dan l-artikolu g\u0127andu l-g\u0127an li jipprovdi appro\u010b\u010b strutturat g\u0127at-tag\u0127lim ta &#8216;diversi su\u0121\u0121etti tal-grammatika Kannada, li jg\u0127inek tibni pedament b&#8217;sa\u0127\u0127tu fil-lingwa.<\/p>\n\n\n\n<h3 class=\"wp-block-heading\" id=\"h-1-nouns\">1. Nomi<\/h3>\n\n\n\n<p>B\u0127ala l-blokki tal-bini ta &#8216;kwalunkwe lingwa, in-nomi fil-Kannada huma essenzjali biex jitg\u0127allmu l-ewwel. In-nomi Kannada g\u0127andhom forom differenti bba\u017cati fuq is-sess, in-numru, u l-ka\u017c, li jinfluwenzaw il-forma tan-nom. Ibda billi tifhem il-kun\u010betti ba\u017ci\u010bi tal-forom tan-nomi u l-u\u017cu tag\u0127hom fil-lingwa.<\/p>\n\n\n\n<h3 class=\"wp-block-heading\" id=\"h-2-pronouns-determiners\">2. Pronomi\/Determinaturi<\/h3>\n\n\n\n<p>Il-pronomi huma kliem li jissostitwixxu n-nomi fis-sentenzi, filwaqt li d-determinaturi jimmodifikaw in-nomi. Tg\u0127allem dwar id-diversi tipi ta &#8216;pronomi u determinaturi fil-Kannada, l-u\u017cu tag\u0127hom, u kif jinbidlu skont is-sess, in-numru, u l-ka\u017c.<\/p>\n\n\n\n<h3 class=\"wp-block-heading\" id=\"h-3-articles\">3. L-Artikoli<\/h3>\n\n\n\n<p>Il-Kannada m&#8217;g\u0127andux artikli b\u0127all-<a href=\"https:\/\/talkpal.ai\/learn-english-with-ai\/\">Ingli\u017c<\/a>, i\u017cda g\u0127andu kliem simili li jg\u0127inu biex jispe\u010bifikaw id-definittivit\u00e0 tan-nom. Ikollok familjari ma &#8216;dawn il-kliem u l-u\u017cu tag\u0127hom fil-Kannada.<\/p>\n\n\n\n<h3 class=\"wp-block-heading\" id=\"h-4-adjectives\">4. A\u0121\u0121ettivi<\/h3>\n\n\n\n<p>L-a\u0121\u0121ettivi jiddeskrivu nomi u jag\u0127tu aktar informazzjoni dwarhom. Tg\u0127allem kif tifforma u tu\u017ca a\u0121\u0121ettivi fil-Kannada, kif ukoll ir-regoli tal-ftehim tag\u0127hom man-nomi.<\/p>\n\n\n\n<h3 class=\"wp-block-heading\" id=\"h-5-verbs\">5. Verbi<\/h3>\n\n\n\n<p>Il-verbi huma kliem ta &#8216;azzjoni li jindikaw x&#8217;qed jag\u0127mel is-su\u0121\u0121ett. Tg\u0127allem dwar it-tipi differenti ta &#8216;verbi fil-Kannada, il-forom tag\u0127hom, u r-regoli ta&#8217; konjugazzjoni bba\u017cati fuq it-temp, l-aspett u l-burdata.<\/p>\n\n\n\n<h3 class=\"wp-block-heading\" id=\"h-6-tenses\">6. Tempijiet<\/h3>\n\n\n\n<p>Tenses in <a href=\"https:\/\/talkpal.ai\/culture\/how-do-i-say-help-me-in-kannada\/\">Kannada help<\/a> express when an action took place. Familjarizza ru\u0127ek mat-tliet tempi ewlenin &#8211; passat, pre\u017cent, u futur &#8211; u l-forom varji tag\u0127hom.<\/p>\n\n\n\n<h3 class=\"wp-block-heading\" id=\"h-7-tense-comparison\">7. Paragun tat-tensjoni<\/h3>\n\n\n\n<p>Jifhmu kif tqabbel l-azzjonijiet f&#8217;tempijiet differenti f&#8217;Kannada. Dan jg\u0127inek tibni sentenzi aktar kumplessi u tesprimi l-\u0127sibijiet tieg\u0127ek b&#8217;mod aktar pre\u010bi\u017c.<\/p>\n\n\n\n<h3 class=\"wp-block-heading\" id=\"h-8-progressive-and-perfect-progressive\">8. Progressiv u Progressiv Perfett<\/h3>\n\n\n\n<p>Dawn l-aspetti tal-verbi Kannada jindikaw azzjonijiet kontinwi jew azzjonijiet li kienu g\u0127addejjin i\u017cda issa huma kompluti. Tg\u0127allem kif tifforma u tu\u017ca verbi progressivi progressivi u perfetti fil-Kannada.<\/p>\n\n\n\n<h3 class=\"wp-block-heading\" id=\"h-9-adverbs\">9. Avverbji<\/h3>\n\n\n\n<p>L-avverbji jipprovdu informazzjoni addizzjonali dwar verbi, a\u0121\u0121ettivi, jew avverbji o\u0127ra. Tg\u0127allem it-tipi differenti ta &#8216;avverbji fil-Kannada u t-tqeg\u0127id tag\u0127hom fis-sentenzi.<\/p>\n\n\n\n<h3 class=\"wp-block-heading\" id=\"h-10-conditionals\">10. Kondizzjonali<\/h3>\n\n\n\n<p>Il-kondizzjonali huma sentenzi li jesprimu kundizzjoni u r-ri\u017cultat possibbli tag\u0127ha. Tg\u0127allem kif tifforma u tu\u017ca sentenzi kondizzjonali fil-Kannada billi tu\u017ca forom u kon\u0121unzjonijiet tal-verbi xierqa.<\/p>\n\n\n\n<h3 class=\"wp-block-heading\" id=\"h-11-prepositions\">11. Prepo\u017cizzjonijiet<\/h3>\n\n\n\n<p>Il-prepo\u017cizzjonijiet huma kliem li juru relazzjonijiet bejn nomi jew pronomi u kliem ie\u0127or f&#8217;sentenza. Tg\u0127allem il-prepo\u017cizzjonijiet komuni tal-Kannada u l-u\u017cu tag\u0127hom.<\/p>\n\n\n\n<h3 class=\"wp-block-heading\" id=\"h-12-sentences\">12. Sentenzi<\/h3>\n\n\n\n<p>Fl-a\u0127\u0127arnett, prattika li tg\u0127aqqad is-su\u0121\u0121etti kollha tal-grammatika li tg\u0127allimt biex tifforma sentenzi s\u0127a\u0127 fil-Kannada. Dan jg\u0127inek ittejjeb il-profi\u010bjenza \u0121enerali tal-lingwa u l-\u0127iliet ta&#8217; komunikazzjoni tieg\u0127ek.<\/p>\n<\/div><\/div>\n\r\n<section class=\"learnNavigationSection\">\r\n            \r\n        <a href=\"https:\/\/talkpal.ai\/mt\/tghallem-kannada\/\">\r\n            <div class=\"learnNavigationWrapper\">\r\n                <div class=\"learnNavigationContent\">\r\n                    <img decoding=\"async\" src=\"https:\/\/talkpal.ai\/wp-content\/uploads\/2024\/08\/Kannada.jpg\" alt=\"Indian Simplified Flag\">\r\n                    <div>\r\n                        <h4>Dwar it-Tag\u0127lim tal-Kannada<\/h4>\r\n                        <p>Sir af kollox dwar il-grammatika tal-Kannada.<\/p>\r\n                    <\/div>\r\n                <\/div>\r\n            <\/div>\r\n        <\/a>\r\n\r\n        \r\n        <a href=\"https:\/\/talkpal.ai\/mt\/grammatika-tal-kannada\/\">\r\n            <div class=\"learnNavigationWrapper\">\r\n                <div class=\"learnNavigationContent\">\r\n                    <img decoding=\"async\" src=\"https:\/\/talkpal.ai\/wp-content\/uploads\/2024\/08\/Kannada.jpg\" alt=\"Indian Simplified Flag\">\r\n                    <div>\r\n                        <h4>Lezzjonijiet tal-Grammatika tal-Kannada<\/h4>\r\n                        <p>Prattika grammatika Kannada.<\/p>\r\n                    <\/div>\r\n                <\/div>\r\n            <\/div>\r\n        <\/a>\r\n\r\n        \r\n        <a href=\"https:\/\/talkpal.ai\/vocabulary_language\/kannada\/\">\r\n            <div class=\"learnNavigationWrapper\">\r\n                <div class=\"learnNavigationContent\">\r\n                    <img decoding=\"async\" src=\"https:\/\/talkpal.ai\/wp-content\/uploads\/2024\/08\/Kannada.jpg\" alt=\"Indian Simplified Flag\">\r\n                    <div>\r\n                        <h4>Vokabularju tal-Kannada<\/h4>\r\n                        <p>Espandi l-vokabularju Kannada tieg\u0127ek.<\/p>\r\n                    <\/div>\r\n                <\/div>\r\n            <\/div>\r\n        <\/a>\r\n\r\n            <\/section>","protected":false},"excerpt":{"rendered":"<p>Su\u0121\u0121etti tal-Grammatika tal-Kannada Il-Kannada hija lingwa Dravidjana mitkellma fil-bi\u010b\u010ba l-kbira fl-istat Indjan ta&#8217; Karnataka minn madwar 44 miljun persuna. Hija wa\u0127da mit-22 lingwa skedata tal-Indja u l-lingwa uffi\u010bjali tal-istat ta &#8216;Karnataka. It-tag\u0127lim tal-Kannada mhux biss huwa essenzjali g\u0127all-fehim tal-kultura u l-istorja rikka ta &#8216;Karnataka, i\u017cda jg\u0127in ukoll f&#8217;komunikazzjoni effettiva mal-popolazzjoni lokali. Dan l-artikolu g\u0127andu l-g\u0127an [&hellip;]<\/p>\n","protected":false},"author":6,"featured_media":1443596,"parent":0,"menu_order":0,"comment_status":"closed","ping_status":"closed","template":"LearningContentPage.php","meta":{"_acf_changed":false,"footnotes":""},"class_list":["post-1447935","page","type-page","status-publish","has-post-thumbnail","hentry"],"acf":[],"yoast_head":"<!-- This site is optimized with the Yoast SEO Premium plugin v27.2 (Yoast SEO v27.2) - https:\/\/yoast.com\/product\/yoast-seo-premium-wordpress\/ -->\n<title>E\u017cer\u010bizzji tal-Grammatika Kannada - Talkpal<\/title>\n<meta name=\"description\" content=\"Sa\u0127\u0127a\u0127 il-grammatika Kannada tieg\u0127ek - involvi ru\u0127ek f&#039;e\u017cer\u010bizzji interattivi, kaptan mudelli ta &#039;sentenzi, u ttejjeb il-\u0127effa mat-tutur AI ta&#039; TalkPal.\" \/>\n<meta name=\"robots\" content=\"index, follow, max-snippet:-1, max-image-preview:large, max-video-preview:-1\" \/>\n<link rel=\"canonical\" href=\"https:\/\/talkpal.ai\/mt\/ezercizzji-tal-grammatika-kannada\/\" \/>\n<meta property=\"og:locale\" content=\"mt_MT\" \/>\n<meta property=\"og:type\" content=\"article\" \/>\n<meta property=\"og:title\" content=\"E\u017cer\u010bizzji tal-Grammatika Kannada\" \/>\n<meta property=\"og:description\" content=\"Su\u0121\u0121etti tal-Grammatika tal-Kannada Il-Kannada hija lingwa Dravidjana mitkellma fil-bi\u010b\u010ba l-kbira fl-istat Indjan ta&#039; Karnataka minn madwar 44 miljun\" \/>\n<meta property=\"og:url\" content=\"https:\/\/talkpal.ai\/mt\/ezercizzji-tal-grammatika-kannada\/\" \/>\n<meta property=\"og:site_name\" content=\"Talkpal\" \/>\n<meta property=\"article:publisher\" content=\"https:\/\/www.facebook.com\/profile.php?id=100090733639311\" \/>\n<meta property=\"article:modified_time\" content=\"2025-12-17T15:10:05+00:00\" \/>\n<meta property=\"og:image\" content=\"https:\/\/talkpal.ai\/wp-content\/uploads\/2023\/05\/Kannada-india.png\" \/>\n\t<meta property=\"og:image:width\" content=\"512\" \/>\n\t<meta property=\"og:image:height\" content=\"512\" \/>\n\t<meta property=\"og:image:type\" content=\"image\/png\" \/>\n<meta name=\"twitter:card\" content=\"summary_large_image\" \/>\n<meta name=\"twitter:site\" content=\"@talkpalai\" \/>\n<meta name=\"twitter:label1\" content=\"Est. reading time\" \/>\n\t<meta name=\"twitter:data1\" content=\"2 minutes\" \/>\n<script type=\"application\/ld+json\" class=\"yoast-schema-graph\">{\"@context\":\"https:\/\/schema.org\",\"@graph\":[{\"@type\":\"WebPage\",\"@id\":\"https:\/\/talkpal.ai\/mt\/ezercizzji-tal-grammatika-kannada\/\",\"url\":\"https:\/\/talkpal.ai\/mt\/ezercizzji-tal-grammatika-kannada\/\",\"name\":\"E\u017cer\u010bizzji tal-Grammatika Kannada - Talkpal\",\"isPartOf\":{\"@id\":\"https:\/\/talkpal.ai\/mt\/#website\"},\"primaryImageOfPage\":{\"@id\":\"https:\/\/talkpal.ai\/mt\/ezercizzji-tal-grammatika-kannada\/#primaryimage\"},\"image\":{\"@id\":\"https:\/\/talkpal.ai\/mt\/ezercizzji-tal-grammatika-kannada\/#primaryimage\"},\"thumbnailUrl\":\"https:\/\/talkpal.ai\/wp-content\/uploads\/2023\/05\/Kannada-india.png\",\"datePublished\":\"2023-06-22T07:53:19+00:00\",\"dateModified\":\"2025-12-17T15:10:05+00:00\",\"description\":\"Sa\u0127\u0127a\u0127 il-grammatika Kannada tieg\u0127ek - involvi ru\u0127ek f'e\u017cer\u010bizzji interattivi, kaptan mudelli ta 'sentenzi, u ttejjeb il-\u0127effa mat-tutur AI ta' TalkPal.\",\"breadcrumb\":{\"@id\":\"https:\/\/talkpal.ai\/mt\/ezercizzji-tal-grammatika-kannada\/#breadcrumb\"},\"inLanguage\":\"mt-MT\",\"potentialAction\":[{\"@type\":\"ReadAction\",\"target\":[\"https:\/\/talkpal.ai\/mt\/ezercizzji-tal-grammatika-kannada\/\"]}]},{\"@type\":\"ImageObject\",\"inLanguage\":\"mt-MT\",\"@id\":\"https:\/\/talkpal.ai\/mt\/ezercizzji-tal-grammatika-kannada\/#primaryimage\",\"url\":\"https:\/\/talkpal.ai\/wp-content\/uploads\/2023\/05\/Kannada-india.png\",\"contentUrl\":\"https:\/\/talkpal.ai\/wp-content\/uploads\/2023\/05\/Kannada-india.png\",\"width\":512,\"height\":512,\"caption\":\"TalkPal Kannada Flag\"},{\"@type\":\"BreadcrumbList\",\"@id\":\"https:\/\/talkpal.ai\/mt\/ezercizzji-tal-grammatika-kannada\/#breadcrumb\",\"itemListElement\":[{\"@type\":\"ListItem\",\"position\":1,\"name\":\"Homepage\",\"item\":\"https:\/\/talkpal.ai\/mt\/\"},{\"@type\":\"ListItem\",\"position\":2,\"name\":\"E\u017cer\u010bizzji tal-Grammatika Kannada\"}]},{\"@type\":\"WebSite\",\"@id\":\"https:\/\/talkpal.ai\/mt\/#website\",\"url\":\"https:\/\/talkpal.ai\/mt\/\",\"name\":\"Talkpal\",\"description\":\"AI Language Learning\",\"publisher\":{\"@id\":\"https:\/\/talkpal.ai\/mt\/#organization\"},\"alternateName\":\"Talkpal AI\",\"potentialAction\":[{\"@type\":\"SearchAction\",\"target\":{\"@type\":\"EntryPoint\",\"urlTemplate\":\"https:\/\/talkpal.ai\/mt\/?s={search_term_string}\"},\"query-input\":{\"@type\":\"PropertyValueSpecification\",\"valueRequired\":true,\"valueName\":\"search_term_string\"}}],\"inLanguage\":\"mt-MT\"},{\"@type\":\"Organization\",\"@id\":\"https:\/\/talkpal.ai\/mt\/#organization\",\"name\":\"Talkpal, Inc.\",\"alternateName\":\"Talkpal AI\",\"url\":\"https:\/\/talkpal.ai\/mt\/\",\"logo\":{\"@type\":\"ImageObject\",\"inLanguage\":\"mt-MT\",\"@id\":\"https:\/\/talkpal.ai\/mt\/#\/schema\/logo\/image\/\",\"url\":\"https:\/\/talkpal.ai\/wp-content\/uploads\/2024\/03\/Talkpal-Logo-Icon.png\",\"contentUrl\":\"https:\/\/talkpal.ai\/wp-content\/uploads\/2024\/03\/Talkpal-Logo-Icon.png\",\"width\":2880,\"height\":2880,\"caption\":\"Talkpal, Inc.\"},\"image\":{\"@id\":\"https:\/\/talkpal.ai\/mt\/#\/schema\/logo\/image\/\"},\"sameAs\":[\"https:\/\/www.facebook.com\/profile.php?id=100090733639311\",\"https:\/\/x.com\/talkpalai\",\"https:\/\/www.linkedin.com\/company\/talkpal\/\",\"https:\/\/www.youtube.com\/@TalkPal\/\",\"https:\/\/www.tiktok.com\/@talkpal\",\"https:\/\/www.instagram.com\/talkpal_ai\/\",\"https:\/\/www.crunchbase.com\/organization\/talkpal-9cde\",\"https:\/\/www.g2.com\/products\/talkpal-for-business\/\",\"https:\/\/www.trustpilot.com\/review\/talkpal.ai\",\"https:\/\/www.capterra.com\/p\/10006800\/TalkPal\/\"],\"description\":\"Talkpal is a language learning web and mobile education app, powered by the latest AI technologies, that provides engaging experiences to its customers in many different languages to help them improve their language skills. Users can chat about unlimited amount of topics with the app and use other modes to practice their language learning.\",\"email\":\"support@talkpal.ai\",\"legalName\":\"Talkpal, Inc.\",\"foundingDate\":\"2023-04-03\",\"duns\":\"118989042\",\"numberOfEmployees\":{\"@type\":\"QuantitativeValue\",\"minValue\":\"11\",\"maxValue\":\"50\"},\"publishingPrinciples\":\"https:\/\/talkpal.ai\/publishing-principles\/\",\"actionableFeedbackPolicy\":\"https:\/\/talkpal.ai\/actionable-feedback-policy\/\",\"correctionsPolicy\":\"https:\/\/talkpal.ai\/corrections-policy\/\",\"ethicsPolicy\":\"https:\/\/talkpal.ai\/ethics-policy\/\",\"diversityPolicy\":\"https:\/\/talkpal.ai\/diversity-policy\/\",\"diversityStaffingReport\":\"https:\/\/talkpal.ai\/diversity-policy\/\"}]}<\/script>\n<!-- \/ Yoast SEO Premium plugin. -->","yoast_head_json":{"title":"E\u017cer\u010bizzji tal-Grammatika Kannada - Talkpal","description":"Sa\u0127\u0127a\u0127 il-grammatika Kannada tieg\u0127ek - involvi ru\u0127ek f'e\u017cer\u010bizzji interattivi, kaptan mudelli ta 'sentenzi, u ttejjeb il-\u0127effa mat-tutur AI ta' TalkPal.","robots":{"index":"index","follow":"follow","max-snippet":"max-snippet:-1","max-image-preview":"max-image-preview:large","max-video-preview":"max-video-preview:-1"},"canonical":"https:\/\/talkpal.ai\/mt\/ezercizzji-tal-grammatika-kannada\/","og_locale":"mt_MT","og_type":"article","og_title":"E\u017cer\u010bizzji tal-Grammatika Kannada","og_description":"Su\u0121\u0121etti tal-Grammatika tal-Kannada Il-Kannada hija lingwa Dravidjana mitkellma fil-bi\u010b\u010ba l-kbira fl-istat Indjan ta' Karnataka minn madwar 44 miljun","og_url":"https:\/\/talkpal.ai\/mt\/ezercizzji-tal-grammatika-kannada\/","og_site_name":"Talkpal","article_publisher":"https:\/\/www.facebook.com\/profile.php?id=100090733639311","article_modified_time":"2025-12-17T15:10:05+00:00","og_image":[{"width":512,"height":512,"url":"https:\/\/talkpal.ai\/wp-content\/uploads\/2023\/05\/Kannada-india.png","type":"image\/png"}],"twitter_card":"summary_large_image","twitter_site":"@talkpalai","twitter_misc":{"Est. reading time":"2 minutes"},"schema":{"@context":"https:\/\/schema.org","@graph":[{"@type":"WebPage","@id":"https:\/\/talkpal.ai\/mt\/ezercizzji-tal-grammatika-kannada\/","url":"https:\/\/talkpal.ai\/mt\/ezercizzji-tal-grammatika-kannada\/","name":"E\u017cer\u010bizzji tal-Grammatika Kannada - Talkpal","isPartOf":{"@id":"https:\/\/talkpal.ai\/mt\/#website"},"primaryImageOfPage":{"@id":"https:\/\/talkpal.ai\/mt\/ezercizzji-tal-grammatika-kannada\/#primaryimage"},"image":{"@id":"https:\/\/talkpal.ai\/mt\/ezercizzji-tal-grammatika-kannada\/#primaryimage"},"thumbnailUrl":"https:\/\/talkpal.ai\/wp-content\/uploads\/2023\/05\/Kannada-india.png","datePublished":"2023-06-22T07:53:19+00:00","dateModified":"2025-12-17T15:10:05+00:00","description":"Sa\u0127\u0127a\u0127 il-grammatika Kannada tieg\u0127ek - involvi ru\u0127ek f'e\u017cer\u010bizzji interattivi, kaptan mudelli ta 'sentenzi, u ttejjeb il-\u0127effa mat-tutur AI ta' TalkPal.","breadcrumb":{"@id":"https:\/\/talkpal.ai\/mt\/ezercizzji-tal-grammatika-kannada\/#breadcrumb"},"inLanguage":"mt-MT","potentialAction":[{"@type":"ReadAction","target":["https:\/\/talkpal.ai\/mt\/ezercizzji-tal-grammatika-kannada\/"]}]},{"@type":"ImageObject","inLanguage":"mt-MT","@id":"https:\/\/talkpal.ai\/mt\/ezercizzji-tal-grammatika-kannada\/#primaryimage","url":"https:\/\/talkpal.ai\/wp-content\/uploads\/2023\/05\/Kannada-india.png","contentUrl":"https:\/\/talkpal.ai\/wp-content\/uploads\/2023\/05\/Kannada-india.png","width":512,"height":512,"caption":"TalkPal Kannada Flag"},{"@type":"BreadcrumbList","@id":"https:\/\/talkpal.ai\/mt\/ezercizzji-tal-grammatika-kannada\/#breadcrumb","itemListElement":[{"@type":"ListItem","position":1,"name":"Homepage","item":"https:\/\/talkpal.ai\/mt\/"},{"@type":"ListItem","position":2,"name":"E\u017cer\u010bizzji tal-Grammatika Kannada"}]},{"@type":"WebSite","@id":"https:\/\/talkpal.ai\/mt\/#website","url":"https:\/\/talkpal.ai\/mt\/","name":"Talkpal","description":"AI Language Learning","publisher":{"@id":"https:\/\/talkpal.ai\/mt\/#organization"},"alternateName":"Talkpal AI","potentialAction":[{"@type":"SearchAction","target":{"@type":"EntryPoint","urlTemplate":"https:\/\/talkpal.ai\/mt\/?s={search_term_string}"},"query-input":{"@type":"PropertyValueSpecification","valueRequired":true,"valueName":"search_term_string"}}],"inLanguage":"mt-MT"},{"@type":"Organization","@id":"https:\/\/talkpal.ai\/mt\/#organization","name":"Talkpal, Inc.","alternateName":"Talkpal AI","url":"https:\/\/talkpal.ai\/mt\/","logo":{"@type":"ImageObject","inLanguage":"mt-MT","@id":"https:\/\/talkpal.ai\/mt\/#\/schema\/logo\/image\/","url":"https:\/\/talkpal.ai\/wp-content\/uploads\/2024\/03\/Talkpal-Logo-Icon.png","contentUrl":"https:\/\/talkpal.ai\/wp-content\/uploads\/2024\/03\/Talkpal-Logo-Icon.png","width":2880,"height":2880,"caption":"Talkpal, Inc."},"image":{"@id":"https:\/\/talkpal.ai\/mt\/#\/schema\/logo\/image\/"},"sameAs":["https:\/\/www.facebook.com\/profile.php?id=100090733639311","https:\/\/x.com\/talkpalai","https:\/\/www.linkedin.com\/company\/talkpal\/","https:\/\/www.youtube.com\/@TalkPal\/","https:\/\/www.tiktok.com\/@talkpal","https:\/\/www.instagram.com\/talkpal_ai\/","https:\/\/www.crunchbase.com\/organization\/talkpal-9cde","https:\/\/www.g2.com\/products\/talkpal-for-business\/","https:\/\/www.trustpilot.com\/review\/talkpal.ai","https:\/\/www.capterra.com\/p\/10006800\/TalkPal\/"],"description":"Talkpal is a language learning web and mobile education app, powered by the latest AI technologies, that provides engaging experiences to its customers in many different languages to help them improve their language skills. Users can chat about unlimited amount of topics with the app and use other modes to practice their language learning.","email":"support@talkpal.ai","legalName":"Talkpal, Inc.","foundingDate":"2023-04-03","duns":"118989042","numberOfEmployees":{"@type":"QuantitativeValue","minValue":"11","maxValue":"50"},"publishingPrinciples":"https:\/\/talkpal.ai\/publishing-principles\/","actionableFeedbackPolicy":"https:\/\/talkpal.ai\/actionable-feedback-policy\/","correctionsPolicy":"https:\/\/talkpal.ai\/corrections-policy\/","ethicsPolicy":"https:\/\/talkpal.ai\/ethics-policy\/","diversityPolicy":"https:\/\/talkpal.ai\/diversity-policy\/","diversityStaffingReport":"https:\/\/talkpal.ai\/diversity-policy\/"}]}},"_links":{"self":[{"href":"https:\/\/talkpal.ai\/mt\/wp-json\/wp\/v2\/pages\/1447935","targetHints":{"allow":["GET"]}}],"collection":[{"href":"https:\/\/talkpal.ai\/mt\/wp-json\/wp\/v2\/pages"}],"about":[{"href":"https:\/\/talkpal.ai\/mt\/wp-json\/wp\/v2\/types\/page"}],"author":[{"embeddable":true,"href":"https:\/\/talkpal.ai\/mt\/wp-json\/wp\/v2\/users\/6"}],"replies":[{"embeddable":true,"href":"https:\/\/talkpal.ai\/mt\/wp-json\/wp\/v2\/comments?post=1447935"}],"version-history":[{"count":0,"href":"https:\/\/talkpal.ai\/mt\/wp-json\/wp\/v2\/pages\/1447935\/revisions"}],"wp:featuredmedia":[{"embeddable":true,"href":"https:\/\/talkpal.ai\/mt\/wp-json\/wp\/v2\/media\/1443596"}],"wp:attachment":[{"href":"https:\/\/talkpal.ai\/mt\/wp-json\/wp\/v2\/media?parent=1447935"}],"curies":[{"name":"wp","href":"https:\/\/api.w.org\/{rel}","templated":true}]}}