{"id":1447931,"date":"2023-06-21T14:50:44","date_gmt":"2023-06-21T14:50:44","guid":{"rendered":"https:\/\/talkpal.ai\/ezercizzji-tal-grammatika-izlandiza\/"},"modified":"2025-12-17T16:08:57","modified_gmt":"2025-12-17T16:08:57","slug":"ezercizzji-tal-grammatika-izlandiza","status":"publish","type":"page","link":"https:\/\/talkpal.ai\/mt\/ezercizzji-tal-grammatika-izlandiza\/","title":{"rendered":"E\u017cer\u010bizzji tal-Grammatika I\u017clandi\u017ca"},"content":{"rendered":"\r\n\r\n\r\n<section class=\"languageChallengeSection\">\r\n    <div class=\"languageInfoWrapper\">\r\n        \r\n        <h1>E\u017cer\u010bizzji tal-Grammatika I\u017clandi\u017ca<\/h1>\r\n        <p>Lest li ssa\u0127\u0127a\u0127 il-\u0127iliet I\u017clandi\u017ci tieg\u0127ek? Il-prattika tal-e\u017cer\u010bizzji tal-grammatika hija mod tajjeb \u0127afna biex tikkontrolla l-istruttura tas-sentenza, il-forom tal-verb, u l-karatteristi\u010bi uni\u010bi tal-lingwa Islandi\u017ca. Ibda tesplora l-grammatika Islandi\u017ca llum u ara l-kunfidenza u l-fluwenza tieg\u0127ek jikbru ma &#039;kull e\u017cer\u010bizzju!\n\n<\/p>\r\n\r\n                            <a class=\"getStartedHidden\" href=\"https:\/\/app.talkpal.ai\/signup?lng=\">Ibda<\/a>\r\n        \r\n    <\/div>\r\n\r\n    <figure>\r\n    <img decoding=\"async\" width=\"768\" height=\"768\" src=\"https:\/\/talkpal.ai\/wp-content\/uploads\/2023\/06\/Icelandic-768x768.png\" class=\"languageImage no-lazy\" alt=\"Language learning for better job opportunities\" fetchpriority=\"high\" sizes=\"(max-width: 768px) 150px, 768px\" srcset=\"https:\/\/talkpal.ai\/wp-content\/uploads\/2023\/06\/Icelandic-768x768.png 768w, https:\/\/talkpal.ai\/wp-content\/uploads\/2023\/06\/Icelandic-300x300.png 300w\" \/>\r\n    \r\n\r\n    <\/figure>\r\n\r\n            <a class=\"getStartedVisible\" href=\"https:\/\/app.talkpal.ai\/signup?lng=\">Ibda<\/a>\r\n    \r\n<\/section>\r\n\r\n\r\n<!-- <section class=\"grammarSection\">\r\n    <div class=\"grammarLinks\">\r\n            <\/div>\r\n<\/section> -->\r\n\r\n\r\n\r\n\r\n<section class=\"promotionalBanner\">\r\n    <p class=\"promotionalText\">L-aktar mod effi\u010bjenti biex titg\u0127allem lingwa<\/p>\r\n    <a class=\"promotionalLink\" href=\"https:\/\/app.talkpal.ai\/signup?lng=\">Ipprova Talkpal b&#8217;xejn<\/a>\r\n<\/section>\n<div class=\"wp-block-group pageContainerStyle\"><div class=\"wp-block-group__inner-container is-layout-constrained wp-block-group-is-layout-constrained\">\n<h2 class=\"wp-block-heading\" id=\"h-icelandic-grammar-topics\">Su\u0121\u0121etti tal-Grammatika I\u017clandi\u017ca<\/h2>\n\n\n\n<p>L-Islandi\u017c, lingwa \u0120ermani\u017ca tat-Tramuntana mitkellma minn aktar minn 300,000 persuna, hija l-lingwa uffi\u010bjali tal-Islanda. Mag\u0127ruf g\u0127all-grammatika kumplessa u l-vokabularju rikk tieg\u0127u, l-Islandi\u017c g\u0127andu se\u0127er uniku li jattira <a href=\"https:\/\/talkpal.ai\/talkpal-discount-for-students\/\">studenti<\/a> tal-lingwa minn madwar id-dinja. Bl-g\u0127eruq tieg\u0127u fin-Norse l-Qadim, l-Islandi\u017c g\u0127andu tradizzjoni letterarja qawwija li tmur lura g\u0127all-Et\u00e0 Vikinga. F&#8217;dan l-artikolu, se nesploraw is-su\u0121\u0121etti ewlenin tal-grammatika Islandi\u017ca li jg\u0127inuk tifhem u tikkontrolla din il-lingwa affaxxinanti, mill-ba\u017ci\u010bi b\u0127al nomi u verbi g\u0127al strutturi aktar kumplessi b\u0127al kondizzjonali u prepo\u017cizzjonijiet.<\/p>\n\n\n\n<h3 class=\"wp-block-heading\" id=\"h-1-nouns\">1. Nomi<\/h3>\n\n\n\n<p>Ibda billi titg\u0127allem il-ba\u017ci\u010bi tan-nomi I\u017clandi\u017ci, li jinkludu nies, postijiet, u affarijiet. L-Islandi\u017c g\u0127andu tliet \u0121eneri grammatikali (maskili, femminili, u neutri) u erba&#8217; ka\u017cijiet (nominativ, akku\u017cattiv, dattiv, u \u0121enittiv). Il-fehim ta&#8217; dawn l-aspetti huwa essenzjali g\u0127ad-deklinazzjoni xierqa u l-qbil ma&#8217; partijiet o\u0127ra tad-diskors.<\/p>\n\n\n\n<h3 class=\"wp-block-heading\" id=\"h-2-articles\">2. L-Artikoli<\/h3>\n\n\n\n<p>L-Islandi\u017c m&#8217;g\u0127andux artikli indefiniti, i\u017cda g\u0127andu artikli definiti li huma mehmu\u017ca mat-tmiem ta&#8217; nom. Tg\u0127allem kif tifforma l-artiklu definit g\u0127al kull sess u ka\u017c, g\u0127ax dan jg\u0127in fl-u\u017cu xieraq tan-nom.<\/p>\n\n\n\n<h3 class=\"wp-block-heading\" id=\"h-3-pronouns-determiners\">3. Pronomi \/ Determinaturi<\/h3>\n\n\n\n<p>L-Islandi\u017c g\u0127andu <a href=\"https:\/\/talkpal.ai\/ar\/grammar_exercises\/pronomi-personali-%d8%aa%d9%85%d8%a7%d8%b1%d9%8a%d9%86-%d9%84%d9%84%d9%82%d9%88%d8%a7%d8%b9%d8%af-%d8%a7%d9%84%d8%a5%d9%8a%d8%b7%d8%a7%d9%84%d9%8a%d8%a9\/\">pronomi personali<\/a>, possessivi, riflessivi u dimostrattivi, kif ukoll kwantifikaturi u determinaturi interrogattivi. Familjarizza ru\u0127ek ma&#8217; dawn il-pronomi u d-determinaturi u d-deklinazzjonijiet rispettivi tag\u0127hom biex ti\u017cgura ftehim u u\u017cu xieraq fis-sentenzi.<\/p>\n\n\n\n<h3 class=\"wp-block-heading\" id=\"h-4-adjectives\">4. A\u0121\u0121ettivi<\/h3>\n\n\n\n<p>L-a\u0121\u0121ettivi bl-Islandi\u017c g\u0127andhom jaqblu fis-sess, in-numru, u l-ka\u017c man-nom li jimmodifikaw. Tg\u0127allem il-mudelli differenti ta&#8217; deklinazzjoni g\u0127all-a\u0121\u0121ettivi u kif jinbidlu abba\u017ci tal-\u0121eneru u l-ka\u017c tan-nom.<\/p>\n\n\n\n<h3 class=\"wp-block-heading\" id=\"h-5-verbs\">5. Verbi<\/h3>\n\n\n\n<p>Il-verbi Islandi\u017ci huma konjugati skont it-temp, il-burdata, u l-vu\u010bi. Ibda billi titg\u0127allem it-tempi pre\u017centi, passati u futuri, kif ukoll il-burdati indikattivi, sub\u0121untivi u imperattivi. Ukoll, familjarizza ru\u0127ek mal-mudelli ta &#8216;konjugazzjoni g\u0127al verbi regolari u irregolari.<\/p>\n\n\n\n<h3 class=\"wp-block-heading\" id=\"h-6-tense-comparison\">6. Paragun tat-tensjoni<\/h3>\n\n\n\n<p>Ifhem id-distinzjoni bejn il-forom sempli\u010bi u kontinwi ta &#8216;kull temp. L-Islandi\u017c m&#8217;g\u0127andux aspett progressiv b\u0127all-<a href=\"https:\/\/talkpal.ai\/learn-english-with-ai\/\">Ingli\u017c<\/a>, g\u0127alhekk tg\u0127allem kif tesprimi azzjonijiet kontinwi billi tu\u017ca strutturi o\u0127ra.<\/p>\n\n\n\n<h3 class=\"wp-block-heading\" id=\"h-7-perfect-progressive\">7. Progressiv Perfett<\/h3>\n\n\n\n<p>L-Islandi\u017c m&#8217;g\u0127andux ekwivalenti dirett g\u0127at-temp progressiv perfett Ingli\u017c. Madankollu, tista &#8216;titg\u0127allem tesprimi ideat simili billi tu\u017ca kostruzzjonijiet perifrasti\u010bi b&#8217;verbi aw\u017ciljarji u parti\u010bipiji.<\/p>\n\n\n\n<h3 class=\"wp-block-heading\" id=\"h-8-adverbs\">8. Avverbji<\/h3>\n\n\n\n<p>L-avverbji jimmodifikaw il-verbi, l-a\u0121\u0121ettivi, u avverbji o\u0127ra. Tg\u0127allem id-diversi tipi ta &#8216;avverbji bl-<a href=\"https:\/\/talkpal.ai\/learn-icelandic\/\">I\u017clandi\u017c<\/a>, kif ukoll it-tqeg\u0127id tag\u0127hom fis-sentenzi.<\/p>\n\n\n\n<h3 class=\"wp-block-heading\" id=\"h-9-prepositions\">9. Prepo\u017cizzjonijiet<\/h3>\n\n\n\n<p>Il-prepo\u017cizzjonijiet juru r-relazzjoni bejn nom jew pronom u element ie\u0127or fis-sentenza. Studja l-prepo\u017cizzjonijiet Islandi\u017ci l-aktar komuni u l-ka\u017cijiet rispettivi tag\u0127hom biex tu\u017cahom b&#8217;mod korrett.<\/p>\n\n\n\n<h3 class=\"wp-block-heading\" id=\"h-10-conditionals\">10. Kondizzjonali<\/h3>\n\n\n\n<p>L-Islandi\u017c g\u0127andu tliet tipi ta &#8216;sentenzi kondizzjonali: reali, irreali, u passat irreali. Jifhmu l-istruttura u l-u\u017cu ta &#8216;dawn il-kundizzjonali biex jesprimu sitwazzjonijiet ipoteti\u010bi u r-ri\u017cultati possibbli tag\u0127hom.<\/p>\n\n\n\n<h3 class=\"wp-block-heading\" id=\"h-11-sentences\">11. Sentenzi<\/h3>\n\n\n\n<p>Fl-a\u0127\u0127arnett, ipprattika l-bini ta &#8216;tipi differenti ta&#8217; sentenzi Islandi\u017ci, b\u0127al dikjarattivi, interrogattivi, imperattivi u exclamatory. Dan jg\u0127inek ti\u017cviluppa pedament b&#8217;sa\u0127\u0127tu fis-sintassi Islandi\u017ca u l-profi\u010bjenza lingwistika \u0121enerali.<\/p>\n<\/div><\/div>\n\r\n<section class=\"learnNavigationSection\">\r\n            \r\n        <a href=\"https:\/\/talkpal.ai\/mt\/tghallem-l-izlandiz\/\">\r\n            <div class=\"learnNavigationWrapper\">\r\n                <div class=\"learnNavigationContent\">\r\n                    <img decoding=\"async\" src=\"https:\/\/talkpal.ai\/wp-content\/uploads\/2024\/08\/Icelandic.jpg\" alt=\"Iceland Flag\">\r\n                    <div>\r\n                        <h4>Dwar it-Tag\u0127lim I\u017clandi\u017c<\/h4>\r\n                        <p>Sir af kollox dwar il-grammatika Islandi\u017ca.<\/p>\r\n                    <\/div>\r\n                <\/div>\r\n            <\/div>\r\n        <\/a>\r\n\r\n        \r\n        <a href=\"https:\/\/talkpal.ai\/mt\/grammatika-izlandiza\/\">\r\n            <div class=\"learnNavigationWrapper\">\r\n                <div class=\"learnNavigationContent\">\r\n                    <img decoding=\"async\" src=\"https:\/\/talkpal.ai\/wp-content\/uploads\/2024\/08\/Icelandic.jpg\" alt=\"Iceland Flag\">\r\n                    <div>\r\n                        <h4>Lezzjonijiet tal-Grammatika I\u017clandi\u017ca<\/h4>\r\n                        <p>Prattika l-grammatika Islandi\u017ca.<\/p>\r\n                    <\/div>\r\n                <\/div>\r\n            <\/div>\r\n        <\/a>\r\n\r\n        \r\n        <a href=\"https:\/\/talkpal.ai\/vocabulary_language\/icelandic\/\">\r\n            <div class=\"learnNavigationWrapper\">\r\n                <div class=\"learnNavigationContent\">\r\n                    <img decoding=\"async\" src=\"https:\/\/talkpal.ai\/wp-content\/uploads\/2024\/08\/Icelandic.jpg\" alt=\"Iceland Flag\">\r\n                    <div>\r\n                        <h4>Vokabularju I\u017clandi\u017c<\/h4>\r\n                        <p>Espandi l-vokabularju Islandi\u017c tieg\u0127ek.<\/p>\r\n                    <\/div>\r\n                <\/div>\r\n            <\/div>\r\n        <\/a>\r\n\r\n            <\/section>","protected":false},"excerpt":{"rendered":"<p>Su\u0121\u0121etti tal-Grammatika I\u017clandi\u017ca L-Islandi\u017c, lingwa \u0120ermani\u017ca tat-Tramuntana mitkellma minn aktar minn 300,000 persuna, hija l-lingwa uffi\u010bjali tal-Islanda. Mag\u0127ruf g\u0127all-grammatika kumplessa u l-vokabularju rikk tieg\u0127u, l-Islandi\u017c g\u0127andu se\u0127er uniku li jattira studenti tal-lingwa minn madwar id-dinja. Bl-g\u0127eruq tieg\u0127u fin-Norse l-Qadim, l-Islandi\u017c g\u0127andu tradizzjoni letterarja qawwija li tmur lura g\u0127all-Et\u00e0 Vikinga. F&#8217;dan l-artikolu, se nesploraw is-su\u0121\u0121etti ewlenin [&hellip;]<\/p>\n","protected":false},"author":6,"featured_media":1443572,"parent":0,"menu_order":0,"comment_status":"closed","ping_status":"closed","template":"LearningContentPage.php","meta":{"_acf_changed":false,"footnotes":""},"class_list":["post-1447931","page","type-page","status-publish","has-post-thumbnail","hentry"],"acf":[],"yoast_head":"<!-- This site is optimized with the Yoast SEO Premium plugin v27.2 (Yoast SEO v27.2) - https:\/\/yoast.com\/product\/yoast-seo-premium-wordpress\/ -->\n<title>E\u017cer\u010bizzji tal-Grammatika I\u017clandi\u017ca - Talkpal<\/title>\n<meta name=\"description\" content=\"Prattika l-grammatika Islandi\u017ca fa\u010bilment - sa\u0127\u0127a\u0127 il-\u0127iliet tieg\u0127ek permezz ta &#039;e\u017cer\u010bizzji, prattika interattiva, u feedback immedjat ma&#039; TalkPal AI.\" \/>\n<meta name=\"robots\" content=\"index, follow, max-snippet:-1, max-image-preview:large, max-video-preview:-1\" \/>\n<link rel=\"canonical\" href=\"https:\/\/talkpal.ai\/mt\/ezercizzji-tal-grammatika-izlandiza\/\" \/>\n<meta property=\"og:locale\" content=\"mt_MT\" \/>\n<meta property=\"og:type\" content=\"article\" \/>\n<meta property=\"og:title\" content=\"E\u017cer\u010bizzji tal-Grammatika I\u017clandi\u017ca\" \/>\n<meta property=\"og:description\" content=\"Su\u0121\u0121etti tal-Grammatika I\u017clandi\u017ca L-Islandi\u017c, lingwa \u0120ermani\u017ca tat-Tramuntana mitkellma minn aktar minn 300,000 persuna, hija l-lingwa uffi\u010bjali\" \/>\n<meta property=\"og:url\" content=\"https:\/\/talkpal.ai\/mt\/ezercizzji-tal-grammatika-izlandiza\/\" \/>\n<meta property=\"og:site_name\" content=\"Talkpal\" \/>\n<meta property=\"article:publisher\" content=\"https:\/\/www.facebook.com\/profile.php?id=100090733639311\" \/>\n<meta property=\"article:modified_time\" content=\"2025-12-17T16:08:57+00:00\" \/>\n<meta property=\"og:image\" content=\"https:\/\/talkpal.ai\/wp-content\/uploads\/2023\/05\/iceland.png\" \/>\n\t<meta property=\"og:image:width\" content=\"512\" \/>\n\t<meta property=\"og:image:height\" content=\"512\" \/>\n\t<meta property=\"og:image:type\" content=\"image\/png\" \/>\n<meta name=\"twitter:card\" content=\"summary_large_image\" \/>\n<meta name=\"twitter:site\" content=\"@talkpalai\" \/>\n<meta name=\"twitter:label1\" content=\"Est. reading time\" \/>\n\t<meta name=\"twitter:data1\" content=\"3 minutes\" \/>\n<script type=\"application\/ld+json\" class=\"yoast-schema-graph\">{\"@context\":\"https:\/\/schema.org\",\"@graph\":[{\"@type\":\"WebPage\",\"@id\":\"https:\/\/talkpal.ai\/mt\/ezercizzji-tal-grammatika-izlandiza\/\",\"url\":\"https:\/\/talkpal.ai\/mt\/ezercizzji-tal-grammatika-izlandiza\/\",\"name\":\"E\u017cer\u010bizzji tal-Grammatika I\u017clandi\u017ca - Talkpal\",\"isPartOf\":{\"@id\":\"https:\/\/talkpal.ai\/mt\/#website\"},\"primaryImageOfPage\":{\"@id\":\"https:\/\/talkpal.ai\/mt\/ezercizzji-tal-grammatika-izlandiza\/#primaryimage\"},\"image\":{\"@id\":\"https:\/\/talkpal.ai\/mt\/ezercizzji-tal-grammatika-izlandiza\/#primaryimage\"},\"thumbnailUrl\":\"https:\/\/talkpal.ai\/wp-content\/uploads\/2023\/05\/iceland.png\",\"datePublished\":\"2023-06-21T14:50:44+00:00\",\"dateModified\":\"2025-12-17T16:08:57+00:00\",\"description\":\"Prattika l-grammatika Islandi\u017ca fa\u010bilment - sa\u0127\u0127a\u0127 il-\u0127iliet tieg\u0127ek permezz ta 'e\u017cer\u010bizzji, prattika interattiva, u feedback immedjat ma' TalkPal AI.\",\"breadcrumb\":{\"@id\":\"https:\/\/talkpal.ai\/mt\/ezercizzji-tal-grammatika-izlandiza\/#breadcrumb\"},\"inLanguage\":\"mt-MT\",\"potentialAction\":[{\"@type\":\"ReadAction\",\"target\":[\"https:\/\/talkpal.ai\/mt\/ezercizzji-tal-grammatika-izlandiza\/\"]}]},{\"@type\":\"ImageObject\",\"inLanguage\":\"mt-MT\",\"@id\":\"https:\/\/talkpal.ai\/mt\/ezercizzji-tal-grammatika-izlandiza\/#primaryimage\",\"url\":\"https:\/\/talkpal.ai\/wp-content\/uploads\/2023\/05\/iceland.png\",\"contentUrl\":\"https:\/\/talkpal.ai\/wp-content\/uploads\/2023\/05\/iceland.png\",\"width\":512,\"height\":512,\"caption\":\"TalkPal Iceland Flag\"},{\"@type\":\"BreadcrumbList\",\"@id\":\"https:\/\/talkpal.ai\/mt\/ezercizzji-tal-grammatika-izlandiza\/#breadcrumb\",\"itemListElement\":[{\"@type\":\"ListItem\",\"position\":1,\"name\":\"Homepage\",\"item\":\"https:\/\/talkpal.ai\/mt\/\"},{\"@type\":\"ListItem\",\"position\":2,\"name\":\"E\u017cer\u010bizzji tal-Grammatika I\u017clandi\u017ca\"}]},{\"@type\":\"WebSite\",\"@id\":\"https:\/\/talkpal.ai\/mt\/#website\",\"url\":\"https:\/\/talkpal.ai\/mt\/\",\"name\":\"Talkpal\",\"description\":\"AI Language Learning\",\"publisher\":{\"@id\":\"https:\/\/talkpal.ai\/mt\/#organization\"},\"alternateName\":\"Talkpal AI\",\"potentialAction\":[{\"@type\":\"SearchAction\",\"target\":{\"@type\":\"EntryPoint\",\"urlTemplate\":\"https:\/\/talkpal.ai\/mt\/?s={search_term_string}\"},\"query-input\":{\"@type\":\"PropertyValueSpecification\",\"valueRequired\":true,\"valueName\":\"search_term_string\"}}],\"inLanguage\":\"mt-MT\"},{\"@type\":\"Organization\",\"@id\":\"https:\/\/talkpal.ai\/mt\/#organization\",\"name\":\"Talkpal, Inc.\",\"alternateName\":\"Talkpal AI\",\"url\":\"https:\/\/talkpal.ai\/mt\/\",\"logo\":{\"@type\":\"ImageObject\",\"inLanguage\":\"mt-MT\",\"@id\":\"https:\/\/talkpal.ai\/mt\/#\/schema\/logo\/image\/\",\"url\":\"https:\/\/talkpal.ai\/wp-content\/uploads\/2024\/03\/Talkpal-Logo-Icon.png\",\"contentUrl\":\"https:\/\/talkpal.ai\/wp-content\/uploads\/2024\/03\/Talkpal-Logo-Icon.png\",\"width\":2880,\"height\":2880,\"caption\":\"Talkpal, Inc.\"},\"image\":{\"@id\":\"https:\/\/talkpal.ai\/mt\/#\/schema\/logo\/image\/\"},\"sameAs\":[\"https:\/\/www.facebook.com\/profile.php?id=100090733639311\",\"https:\/\/x.com\/talkpalai\",\"https:\/\/www.linkedin.com\/company\/talkpal\/\",\"https:\/\/www.youtube.com\/@TalkPal\/\",\"https:\/\/www.tiktok.com\/@talkpal\",\"https:\/\/www.instagram.com\/talkpal_ai\/\",\"https:\/\/www.crunchbase.com\/organization\/talkpal-9cde\",\"https:\/\/www.g2.com\/products\/talkpal-for-business\/\",\"https:\/\/www.trustpilot.com\/review\/talkpal.ai\",\"https:\/\/www.capterra.com\/p\/10006800\/TalkPal\/\"],\"description\":\"Talkpal is a language learning web and mobile education app, powered by the latest AI technologies, that provides engaging experiences to its customers in many different languages to help them improve their language skills. Users can chat about unlimited amount of topics with the app and use other modes to practice their language learning.\",\"email\":\"support@talkpal.ai\",\"legalName\":\"Talkpal, Inc.\",\"foundingDate\":\"2023-04-03\",\"duns\":\"118989042\",\"numberOfEmployees\":{\"@type\":\"QuantitativeValue\",\"minValue\":\"11\",\"maxValue\":\"50\"},\"publishingPrinciples\":\"https:\/\/talkpal.ai\/publishing-principles\/\",\"actionableFeedbackPolicy\":\"https:\/\/talkpal.ai\/actionable-feedback-policy\/\",\"correctionsPolicy\":\"https:\/\/talkpal.ai\/corrections-policy\/\",\"ethicsPolicy\":\"https:\/\/talkpal.ai\/ethics-policy\/\",\"diversityPolicy\":\"https:\/\/talkpal.ai\/diversity-policy\/\",\"diversityStaffingReport\":\"https:\/\/talkpal.ai\/diversity-policy\/\"}]}<\/script>\n<!-- \/ Yoast SEO Premium plugin. -->","yoast_head_json":{"title":"E\u017cer\u010bizzji tal-Grammatika I\u017clandi\u017ca - Talkpal","description":"Prattika l-grammatika Islandi\u017ca fa\u010bilment - sa\u0127\u0127a\u0127 il-\u0127iliet tieg\u0127ek permezz ta 'e\u017cer\u010bizzji, prattika interattiva, u feedback immedjat ma' TalkPal AI.","robots":{"index":"index","follow":"follow","max-snippet":"max-snippet:-1","max-image-preview":"max-image-preview:large","max-video-preview":"max-video-preview:-1"},"canonical":"https:\/\/talkpal.ai\/mt\/ezercizzji-tal-grammatika-izlandiza\/","og_locale":"mt_MT","og_type":"article","og_title":"E\u017cer\u010bizzji tal-Grammatika I\u017clandi\u017ca","og_description":"Su\u0121\u0121etti tal-Grammatika I\u017clandi\u017ca L-Islandi\u017c, lingwa \u0120ermani\u017ca tat-Tramuntana mitkellma minn aktar minn 300,000 persuna, hija l-lingwa uffi\u010bjali","og_url":"https:\/\/talkpal.ai\/mt\/ezercizzji-tal-grammatika-izlandiza\/","og_site_name":"Talkpal","article_publisher":"https:\/\/www.facebook.com\/profile.php?id=100090733639311","article_modified_time":"2025-12-17T16:08:57+00:00","og_image":[{"width":512,"height":512,"url":"https:\/\/talkpal.ai\/wp-content\/uploads\/2023\/05\/iceland.png","type":"image\/png"}],"twitter_card":"summary_large_image","twitter_site":"@talkpalai","twitter_misc":{"Est. reading time":"3 minutes"},"schema":{"@context":"https:\/\/schema.org","@graph":[{"@type":"WebPage","@id":"https:\/\/talkpal.ai\/mt\/ezercizzji-tal-grammatika-izlandiza\/","url":"https:\/\/talkpal.ai\/mt\/ezercizzji-tal-grammatika-izlandiza\/","name":"E\u017cer\u010bizzji tal-Grammatika I\u017clandi\u017ca - Talkpal","isPartOf":{"@id":"https:\/\/talkpal.ai\/mt\/#website"},"primaryImageOfPage":{"@id":"https:\/\/talkpal.ai\/mt\/ezercizzji-tal-grammatika-izlandiza\/#primaryimage"},"image":{"@id":"https:\/\/talkpal.ai\/mt\/ezercizzji-tal-grammatika-izlandiza\/#primaryimage"},"thumbnailUrl":"https:\/\/talkpal.ai\/wp-content\/uploads\/2023\/05\/iceland.png","datePublished":"2023-06-21T14:50:44+00:00","dateModified":"2025-12-17T16:08:57+00:00","description":"Prattika l-grammatika Islandi\u017ca fa\u010bilment - sa\u0127\u0127a\u0127 il-\u0127iliet tieg\u0127ek permezz ta 'e\u017cer\u010bizzji, prattika interattiva, u feedback immedjat ma' TalkPal AI.","breadcrumb":{"@id":"https:\/\/talkpal.ai\/mt\/ezercizzji-tal-grammatika-izlandiza\/#breadcrumb"},"inLanguage":"mt-MT","potentialAction":[{"@type":"ReadAction","target":["https:\/\/talkpal.ai\/mt\/ezercizzji-tal-grammatika-izlandiza\/"]}]},{"@type":"ImageObject","inLanguage":"mt-MT","@id":"https:\/\/talkpal.ai\/mt\/ezercizzji-tal-grammatika-izlandiza\/#primaryimage","url":"https:\/\/talkpal.ai\/wp-content\/uploads\/2023\/05\/iceland.png","contentUrl":"https:\/\/talkpal.ai\/wp-content\/uploads\/2023\/05\/iceland.png","width":512,"height":512,"caption":"TalkPal Iceland Flag"},{"@type":"BreadcrumbList","@id":"https:\/\/talkpal.ai\/mt\/ezercizzji-tal-grammatika-izlandiza\/#breadcrumb","itemListElement":[{"@type":"ListItem","position":1,"name":"Homepage","item":"https:\/\/talkpal.ai\/mt\/"},{"@type":"ListItem","position":2,"name":"E\u017cer\u010bizzji tal-Grammatika I\u017clandi\u017ca"}]},{"@type":"WebSite","@id":"https:\/\/talkpal.ai\/mt\/#website","url":"https:\/\/talkpal.ai\/mt\/","name":"Talkpal","description":"AI Language Learning","publisher":{"@id":"https:\/\/talkpal.ai\/mt\/#organization"},"alternateName":"Talkpal AI","potentialAction":[{"@type":"SearchAction","target":{"@type":"EntryPoint","urlTemplate":"https:\/\/talkpal.ai\/mt\/?s={search_term_string}"},"query-input":{"@type":"PropertyValueSpecification","valueRequired":true,"valueName":"search_term_string"}}],"inLanguage":"mt-MT"},{"@type":"Organization","@id":"https:\/\/talkpal.ai\/mt\/#organization","name":"Talkpal, Inc.","alternateName":"Talkpal AI","url":"https:\/\/talkpal.ai\/mt\/","logo":{"@type":"ImageObject","inLanguage":"mt-MT","@id":"https:\/\/talkpal.ai\/mt\/#\/schema\/logo\/image\/","url":"https:\/\/talkpal.ai\/wp-content\/uploads\/2024\/03\/Talkpal-Logo-Icon.png","contentUrl":"https:\/\/talkpal.ai\/wp-content\/uploads\/2024\/03\/Talkpal-Logo-Icon.png","width":2880,"height":2880,"caption":"Talkpal, Inc."},"image":{"@id":"https:\/\/talkpal.ai\/mt\/#\/schema\/logo\/image\/"},"sameAs":["https:\/\/www.facebook.com\/profile.php?id=100090733639311","https:\/\/x.com\/talkpalai","https:\/\/www.linkedin.com\/company\/talkpal\/","https:\/\/www.youtube.com\/@TalkPal\/","https:\/\/www.tiktok.com\/@talkpal","https:\/\/www.instagram.com\/talkpal_ai\/","https:\/\/www.crunchbase.com\/organization\/talkpal-9cde","https:\/\/www.g2.com\/products\/talkpal-for-business\/","https:\/\/www.trustpilot.com\/review\/talkpal.ai","https:\/\/www.capterra.com\/p\/10006800\/TalkPal\/"],"description":"Talkpal is a language learning web and mobile education app, powered by the latest AI technologies, that provides engaging experiences to its customers in many different languages to help them improve their language skills. Users can chat about unlimited amount of topics with the app and use other modes to practice their language learning.","email":"support@talkpal.ai","legalName":"Talkpal, Inc.","foundingDate":"2023-04-03","duns":"118989042","numberOfEmployees":{"@type":"QuantitativeValue","minValue":"11","maxValue":"50"},"publishingPrinciples":"https:\/\/talkpal.ai\/publishing-principles\/","actionableFeedbackPolicy":"https:\/\/talkpal.ai\/actionable-feedback-policy\/","correctionsPolicy":"https:\/\/talkpal.ai\/corrections-policy\/","ethicsPolicy":"https:\/\/talkpal.ai\/ethics-policy\/","diversityPolicy":"https:\/\/talkpal.ai\/diversity-policy\/","diversityStaffingReport":"https:\/\/talkpal.ai\/diversity-policy\/"}]}},"_links":{"self":[{"href":"https:\/\/talkpal.ai\/mt\/wp-json\/wp\/v2\/pages\/1447931","targetHints":{"allow":["GET"]}}],"collection":[{"href":"https:\/\/talkpal.ai\/mt\/wp-json\/wp\/v2\/pages"}],"about":[{"href":"https:\/\/talkpal.ai\/mt\/wp-json\/wp\/v2\/types\/page"}],"author":[{"embeddable":true,"href":"https:\/\/talkpal.ai\/mt\/wp-json\/wp\/v2\/users\/6"}],"replies":[{"embeddable":true,"href":"https:\/\/talkpal.ai\/mt\/wp-json\/wp\/v2\/comments?post=1447931"}],"version-history":[{"count":0,"href":"https:\/\/talkpal.ai\/mt\/wp-json\/wp\/v2\/pages\/1447931\/revisions"}],"wp:featuredmedia":[{"embeddable":true,"href":"https:\/\/talkpal.ai\/mt\/wp-json\/wp\/v2\/media\/1443572"}],"wp:attachment":[{"href":"https:\/\/talkpal.ai\/mt\/wp-json\/wp\/v2\/media?parent=1447931"}],"curies":[{"name":"wp","href":"https:\/\/api.w.org\/{rel}","templated":true}]}}