{"id":1447923,"date":"2023-06-22T07:25:42","date_gmt":"2023-06-22T07:25:42","guid":{"rendered":"https:\/\/talkpal.ai\/ezercizzji-tal-grammatika-indonezjana\/"},"modified":"2025-12-17T15:22:44","modified_gmt":"2025-12-17T15:22:44","slug":"ezercizzji-tal-grammatika-indonezjana","status":"publish","type":"page","link":"https:\/\/talkpal.ai\/mt\/ezercizzji-tal-grammatika-indonezjana\/","title":{"rendered":"E\u017cer\u010bizzji tal-Grammatika Indone\u017cjana"},"content":{"rendered":"\r\n\r\n\r\n<section class=\"languageChallengeSection\">\r\n    <div class=\"languageInfoWrapper\">\r\n        \r\n        <h1>E\u017cer\u010bizzji tal-Grammatika Indone\u017cjana<\/h1>\r\n        <p>Qed tfittex li tag\u0127ti spinta lill-fidu\u010bja tieg\u0127ek fl-<a href=\"https:\/\/talkpal.ai\/learn-indonesian\/\">Indone\u017cjan<\/a>? L-e\u017cer\u010bizzji tal-grammatika huma mod tajjeb \u0127afna biex tikkontrolla l-istruttura tas-sentenza, il-forom tal-verb, u l-mudelli ewlenin li jg\u0127inuk tikkomunika b&#039;mod aktar naturali. Ibda tipprattika l-<a href=\"https:\/\/talkpal.ai\/indonesian-grammar\/\">grammatika Indone\u017cjana<\/a> llum u ara l-\u0127iliet u l-fehim tieg\u0127ek jikbru ma &#039;kull sessjoni!<\/p>\r\n\r\n                            <a class=\"getStartedHidden\" href=\"https:\/\/app.talkpal.ai\/signup?lng=\">Ibda<\/a>\r\n        \r\n    <\/div>\r\n\r\n    <figure>\r\n    <img decoding=\"async\" width=\"768\" height=\"768\" src=\"https:\/\/talkpal.ai\/wp-content\/uploads\/2023\/06\/indonesia-768x768.png\" class=\"languageImage no-lazy\" alt=\"Language learning for personal achievement\" fetchpriority=\"high\" sizes=\"(max-width: 768px) 150px, 768px\" srcset=\"https:\/\/talkpal.ai\/wp-content\/uploads\/2023\/06\/indonesia-768x768.png 768w, https:\/\/talkpal.ai\/wp-content\/uploads\/2023\/06\/indonesia-300x300.png 300w\" \/>\r\n    \r\n\r\n    <\/figure>\r\n\r\n            <a class=\"getStartedVisible\" href=\"https:\/\/app.talkpal.ai\/signup?lng=\">Ibda<\/a>\r\n    \r\n<\/section>\r\n\r\n\r\n<!-- <section class=\"grammarSection\">\r\n    <div class=\"grammarLinks\">\r\n            <\/div>\r\n<\/section> -->\r\n\r\n\r\n\r\n\r\n<section class=\"promotionalBanner\">\r\n    <p class=\"promotionalText\">L-aktar mod effi\u010bjenti biex titg\u0127allem lingwa<\/p>\r\n    <a class=\"promotionalLink\" href=\"https:\/\/app.talkpal.ai\/signup?lng=\">Ipprova Talkpal b&#8217;xejn<\/a>\r\n<\/section>\n<div class=\"wp-block-group pageContainerStyle\"><div class=\"wp-block-group__inner-container is-layout-constrained wp-block-group-is-layout-constrained\">\n<h2 class=\"wp-block-heading\" id=\"h-indonesian-grammar-topics\">Su\u0121\u0121etti tal-Grammatika Indone\u017cjana<\/h2>\n\n\n\n<p>L-Indone\u017cjan, jew Bahasa Indone\u017cja, hija l-lingwa uffi\u010bjali tal-Indone\u017cja u sservi b\u0127ala lingwa li tg\u0127aqqad f&#8217;pajji\u017c b&#8217;aktar minn 700 lingwa mitkellma. B\u0127ala re\u0121istru standardizzat tal-Malaj, hija lingwa Austronesian b&#8217;sistema grammatikali fa\u010bli biex titg\u0127allem. Waqt li titg\u0127allem l-Indone\u017cjan, huwa essenzjali li tifhem ir-regoli u l-istruttura tal-grammatika tag\u0127ha g\u0127al komunikazzjoni effettiva. F&#8217;din il-gwida, se niffokaw fuq is-sekwenza tat-tag\u0127lim ta &#8216;diversi su\u0121\u0121etti tal-<a href=\"https:\/\/talkpal.ai\/indonesian-grammar\/\">grammatika Indone\u017cjana<\/a> b\u0127al tempi, verbi, nomi, artikli, pronomi, a\u0121\u0121ettivi, avverbji, kundizzjonali, prepo\u017cizzjonijiet, u struttura tas-sentenza.<\/p>\n\n\n\n<h3 class=\"wp-block-heading\" id=\"h-1-nouns\">1. Nomi<\/h3>\n\n\n\n<p>Ibda billi titg\u0127allem in-nomi Indone\u017cjani, peress li huma l-aktar blokki sempli\u010bi tal-lingwa. In-nomi Indone\u017cjani mhumiex \u0121eneru jew pluralizzati, u jag\u0127mluhom fa\u010bli biex jinftiehmu. Familjarizza ru\u0127ek ma &#8216;nomi komuni u l-u\u017cu tag\u0127hom fil-kuntest.<\/p>\n\n\n\n<h3 class=\"wp-block-heading\" id=\"h-2-pronouns-determiners\">2. Pronomi\/Determinaturi<\/h3>\n\n\n\n<p>Wara li tifhem in-nomi, tg\u0127allem il-pronomi u d-determinaturi. L-Indone\u017cjan g\u0127andu diversi <a href=\"https:\/\/talkpal.ai\/ar\/grammar_exercises\/pronomi-personali-%d8%aa%d9%85%d8%a7%d8%b1%d9%8a%d9%86-%d9%84%d9%84%d9%82%d9%88%d8%a7%d8%b9%d8%af-%d8%a7%d9%84%d8%a5%d9%8a%d8%b7%d8%a7%d9%84%d9%8a%d8%a9\/\">pronomi personali<\/a> u determinaturi possessivi li jikkorrispondu g\u0127all-ekwivalenti Ingli\u017ci. Prattika tu\u017cahom f&#8217;kuntesti differenti biex tibni l-pedament tieg\u0127ek fil-kostruzzjoni tas-sentenzi.<\/p>\n\n\n\n<h3 class=\"wp-block-heading\" id=\"h-3-adjectives\">3. A\u0121\u0121ettivi<\/h3>\n\n\n\n<p>L-a\u0121\u0121ettivi huma essenzjali biex jiddeskrivu u jiddistingwu nomi bl-Indone\u017cjan. Tg\u0127allem kif tu\u017ca a\u0121\u0121ettivi f&#8217;sentenzi sempli\u010bi u tifhem it-tqeg\u0127id tag\u0127hom fir-rigward tan-nomi.<\/p>\n\n\n\n<h3 class=\"wp-block-heading\" id=\"h-4-verbs\">4. Verbi<\/h3>\n\n\n\n<p>Il-verbi Indone\u017cjani mhumiex konjugati, u jag\u0127mluhom relattivament aktar fa\u010bli biex jitg\u0127allmu meta mqabbla ma&#8217; lingwi o\u0127ra. Studja l-forom ba\u017ci\u010bi tal-verbi u l-u\u017cu tag\u0127hom fis-sentenzi.<\/p>\n\n\n\n<h3 class=\"wp-block-heading\" id=\"h-5-tenses\">5. Tempijiet<\/h3>\n\n\n\n<p>L-Indone\u017cjan m&#8217;g\u0127andu l-ebda ekwivalenti dirett g\u0127at-tempi Ingli\u017ci. Minflok, il-\u0127in huwa espress permezz tal-kuntest jew bl-u\u017cu ta &#8216;kliem spe\u010bifiku. Tg\u0127allem kif twassal avvenimenti tal-passat, tal-pre\u017cent u tal-futur bl-Indone\u017cjan billi tu\u017ca diversi avverbji u fra\u017cijiet.<\/p>\n\n\n\n<h3 class=\"wp-block-heading\" id=\"h-6-tense-comparison-progressive-perfect-progressive\">6. Paragun tat-tensjoni, progressiv, progressiv perfett<\/h3>\n\n\n\n<p>Peress li l-Indone\u017cjan m&#8217;g\u0127andux sistema ta &#8216;tensjoni, il-fehim tal-kun\u010bett ta&#8217; paragun tat-tensjoni, progressiv, u progressiv perfett huwa kru\u010bjali. Tg\u0127allem kif tesprimi dawn l-aspetti billi tu\u017ca kliem u fra\u017cijiet differenti.<\/p>\n\n\n\n<h3 class=\"wp-block-heading\" id=\"h-7-adverbs\">7. Avverbji<\/h3>\n\n\n\n<p>Inkorpora avverbji fil-vokabularju Indone\u017cjan tieg\u0127ek biex i\u017c\u017cid aktar dettalji u fond mas-sentenzi tieg\u0127ek. Tg\u0127allem ir-regoli li jirregolaw it-tqeg\u0127id u l-u\u017cu tal-avverbju.<\/p>\n\n\n\n<h3 class=\"wp-block-heading\" id=\"h-8-prepositions\">8. Prepo\u017cizzjonijiet<\/h3>\n\n\n\n<p>Il-prepo\u017cizzjonijiet jintu\u017caw biex jindikaw relazzjonijiet bejn il-kliem f&#8217;sentenza. Tg\u0127allem il-prepo\u017cizzjonijiet komuni Indone\u017cjani u l-u\u017cu tag\u0127hom f&#8217;diversi kuntesti.<\/p>\n\n\n\n<h3 class=\"wp-block-heading\" id=\"h-9-conditionals\">9. Kondizzjonali<\/h3>\n\n\n\n<p>Studja sentenzi kondizzjonali bl-Indone\u017cjan, li jesprimu sitwazzjonijiet ipoteti\u010bi u l-konsegwenzi tag\u0127hom. Tg\u0127allem kif tifforma u tu\u017ca klaw\u017coli &#8220;jekk&#8221; u strutturi kondizzjonali o\u0127ra.<\/p>\n\n\n\n<h3 class=\"wp-block-heading\" id=\"h-10-sentences\">10. Sentenzi<\/h3>\n\n\n\n<p>Fl-a\u0127\u0127arnett, ipprattika l-kostruzzjoni ta &#8216;sentenzi billi tu\u017ca r-regoli u s-su\u0121\u0121etti tal-grammatika koperti hawn fuq. Familjarizza ru\u0127ek mat-tipi differenti ta &#8216;sentenzi Indone\u017cjani, b\u0127al dikjarattivi, interrogattivi, imperattivi, u exclamatory, biex itejbu l-\u0127iliet ta&#8217; komunikazzjoni \u0121enerali tieg\u0127ek fil-lingwa.<\/p>\n<\/div><\/div>\n\r\n<section class=\"learnNavigationSection\">\r\n            \r\n        <a href=\"https:\/\/talkpal.ai\/mt\/tghallem-l-indonezjan\/\">\r\n            <div class=\"learnNavigationWrapper\">\r\n                <div class=\"learnNavigationContent\">\r\n                    <img decoding=\"async\" src=\"https:\/\/talkpal.ai\/wp-content\/uploads\/2024\/08\/Indonesian.jpg\" alt=\"Indonesian Flag\">\r\n                    <div>\r\n                        <h4>Dwar it-Tag\u0127lim Indone\u017cjan<\/h4>\r\n                        <p>Sir af kollox dwar il-grammatika Indone\u017cjana.<\/p>\r\n                    <\/div>\r\n                <\/div>\r\n            <\/div>\r\n        <\/a>\r\n\r\n        \r\n        <a href=\"https:\/\/talkpal.ai\/mt\/grammatika-indonezjana\/\">\r\n            <div class=\"learnNavigationWrapper\">\r\n                <div class=\"learnNavigationContent\">\r\n                    <img decoding=\"async\" src=\"https:\/\/talkpal.ai\/wp-content\/uploads\/2024\/08\/Indonesian.jpg\" alt=\"Indonesian Flag\">\r\n                    <div>\r\n                        <h4>Lezzjonijiet tal-Grammatika Indone\u017cjana<\/h4>\r\n                        <p>Ipprattika l-grammatika Indone\u017cjana.<\/p>\r\n                    <\/div>\r\n                <\/div>\r\n            <\/div>\r\n        <\/a>\r\n\r\n        \r\n        <a href=\"https:\/\/talkpal.ai\/vocabulary_language\/indonesian\/\">\r\n            <div class=\"learnNavigationWrapper\">\r\n                <div class=\"learnNavigationContent\">\r\n                    <img decoding=\"async\" src=\"https:\/\/talkpal.ai\/wp-content\/uploads\/2024\/08\/Indonesian.jpg\" alt=\"Indonesian Flag\">\r\n                    <div>\r\n                        <h4>Vokabularju Indone\u017cjan<\/h4>\r\n                        <p>Espandi l-vokabularju Indone\u017cjan tieg\u0127ek.<\/p>\r\n                    <\/div>\r\n                <\/div>\r\n            <\/div>\r\n        <\/a>\r\n\r\n            <\/section>","protected":false},"excerpt":{"rendered":"<p>Su\u0121\u0121etti tal-Grammatika Indone\u017cjana L-Indone\u017cjan, jew Bahasa Indone\u017cja, hija l-lingwa uffi\u010bjali tal-Indone\u017cja u sservi b\u0127ala lingwa li tg\u0127aqqad f&#8217;pajji\u017c b&#8217;aktar minn 700 lingwa mitkellma. B\u0127ala re\u0121istru standardizzat tal-Malaj, hija lingwa Austronesian b&#8217;sistema grammatikali fa\u010bli biex titg\u0127allem. Waqt li titg\u0127allem l-Indone\u017cjan, huwa essenzjali li tifhem ir-regoli u l-istruttura tal-grammatika tag\u0127ha g\u0127al komunikazzjoni effettiva. F&#8217;din il-gwida, se niffokaw [&hellip;]<\/p>\n","protected":false},"author":6,"featured_media":1443584,"parent":0,"menu_order":0,"comment_status":"closed","ping_status":"closed","template":"LearningContentPage.php","meta":{"_acf_changed":false,"footnotes":""},"class_list":["post-1447923","page","type-page","status-publish","has-post-thumbnail","hentry"],"acf":[],"yoast_head":"<!-- This site is optimized with the Yoast SEO Premium plugin v27.2 (Yoast SEO v27.2) - https:\/\/yoast.com\/product\/yoast-seo-premium-wordpress\/ -->\n<title>E\u017cer\u010bizzji tal-Grammatika Indone\u017cjana - Talkpal<\/title>\n<meta name=\"description\" content=\"Ittejjeb il-grammatika Indone\u017cjana tieg\u0127ek - prattika b&#039;e\u017cer\u010bizzji sempli\u010bi, e\u017cempji interattivi, u feedback \u010bar billi tu\u017ca TalkPal AI.\" \/>\n<meta name=\"robots\" content=\"index, follow, max-snippet:-1, max-image-preview:large, max-video-preview:-1\" \/>\n<link rel=\"canonical\" href=\"https:\/\/talkpal.ai\/mt\/ezercizzji-tal-grammatika-indonezjana\/\" \/>\n<meta property=\"og:locale\" content=\"mt_MT\" \/>\n<meta property=\"og:type\" content=\"article\" \/>\n<meta property=\"og:title\" content=\"E\u017cer\u010bizzji tal-Grammatika Indone\u017cjana\" \/>\n<meta property=\"og:description\" content=\"Su\u0121\u0121etti tal-Grammatika Indone\u017cjana L-Indone\u017cjan, jew Bahasa Indone\u017cja, hija l-lingwa uffi\u010bjali tal-Indone\u017cja u sservi b\u0127ala lingwa li tg\u0127aqqad f&#039;pajji\u017c\" \/>\n<meta property=\"og:url\" content=\"https:\/\/talkpal.ai\/mt\/ezercizzji-tal-grammatika-indonezjana\/\" \/>\n<meta property=\"og:site_name\" content=\"Talkpal\" \/>\n<meta property=\"article:publisher\" content=\"https:\/\/www.facebook.com\/profile.php?id=100090733639311\" \/>\n<meta property=\"article:modified_time\" content=\"2025-12-17T15:22:44+00:00\" \/>\n<meta property=\"og:image\" content=\"https:\/\/talkpal.ai\/wp-content\/uploads\/2023\/05\/indonesia.png\" \/>\n\t<meta property=\"og:image:width\" content=\"512\" \/>\n\t<meta property=\"og:image:height\" content=\"512\" \/>\n\t<meta property=\"og:image:type\" content=\"image\/png\" \/>\n<meta name=\"twitter:card\" content=\"summary_large_image\" \/>\n<meta name=\"twitter:site\" content=\"@talkpalai\" \/>\n<meta name=\"twitter:label1\" content=\"Est. reading time\" \/>\n\t<meta name=\"twitter:data1\" content=\"2 minutes\" \/>\n<script type=\"application\/ld+json\" class=\"yoast-schema-graph\">{\"@context\":\"https:\/\/schema.org\",\"@graph\":[{\"@type\":\"WebPage\",\"@id\":\"https:\/\/talkpal.ai\/mt\/ezercizzji-tal-grammatika-indonezjana\/\",\"url\":\"https:\/\/talkpal.ai\/mt\/ezercizzji-tal-grammatika-indonezjana\/\",\"name\":\"E\u017cer\u010bizzji tal-Grammatika Indone\u017cjana - Talkpal\",\"isPartOf\":{\"@id\":\"https:\/\/talkpal.ai\/mt\/#website\"},\"primaryImageOfPage\":{\"@id\":\"https:\/\/talkpal.ai\/mt\/ezercizzji-tal-grammatika-indonezjana\/#primaryimage\"},\"image\":{\"@id\":\"https:\/\/talkpal.ai\/mt\/ezercizzji-tal-grammatika-indonezjana\/#primaryimage\"},\"thumbnailUrl\":\"https:\/\/talkpal.ai\/wp-content\/uploads\/2023\/05\/indonesia.png\",\"datePublished\":\"2023-06-22T07:25:42+00:00\",\"dateModified\":\"2025-12-17T15:22:44+00:00\",\"description\":\"Ittejjeb il-grammatika Indone\u017cjana tieg\u0127ek - prattika b'e\u017cer\u010bizzji sempli\u010bi, e\u017cempji interattivi, u feedback \u010bar billi tu\u017ca TalkPal AI.\",\"breadcrumb\":{\"@id\":\"https:\/\/talkpal.ai\/mt\/ezercizzji-tal-grammatika-indonezjana\/#breadcrumb\"},\"inLanguage\":\"mt-MT\",\"potentialAction\":[{\"@type\":\"ReadAction\",\"target\":[\"https:\/\/talkpal.ai\/mt\/ezercizzji-tal-grammatika-indonezjana\/\"]}]},{\"@type\":\"ImageObject\",\"inLanguage\":\"mt-MT\",\"@id\":\"https:\/\/talkpal.ai\/mt\/ezercizzji-tal-grammatika-indonezjana\/#primaryimage\",\"url\":\"https:\/\/talkpal.ai\/wp-content\/uploads\/2023\/05\/indonesia.png\",\"contentUrl\":\"https:\/\/talkpal.ai\/wp-content\/uploads\/2023\/05\/indonesia.png\",\"width\":512,\"height\":512,\"caption\":\"TalkPal Indonesia Flag\"},{\"@type\":\"BreadcrumbList\",\"@id\":\"https:\/\/talkpal.ai\/mt\/ezercizzji-tal-grammatika-indonezjana\/#breadcrumb\",\"itemListElement\":[{\"@type\":\"ListItem\",\"position\":1,\"name\":\"Homepage\",\"item\":\"https:\/\/talkpal.ai\/mt\/\"},{\"@type\":\"ListItem\",\"position\":2,\"name\":\"E\u017cer\u010bizzji tal-Grammatika Indone\u017cjana\"}]},{\"@type\":\"WebSite\",\"@id\":\"https:\/\/talkpal.ai\/mt\/#website\",\"url\":\"https:\/\/talkpal.ai\/mt\/\",\"name\":\"Talkpal\",\"description\":\"AI Language Learning\",\"publisher\":{\"@id\":\"https:\/\/talkpal.ai\/mt\/#organization\"},\"alternateName\":\"Talkpal AI\",\"potentialAction\":[{\"@type\":\"SearchAction\",\"target\":{\"@type\":\"EntryPoint\",\"urlTemplate\":\"https:\/\/talkpal.ai\/mt\/?s={search_term_string}\"},\"query-input\":{\"@type\":\"PropertyValueSpecification\",\"valueRequired\":true,\"valueName\":\"search_term_string\"}}],\"inLanguage\":\"mt-MT\"},{\"@type\":\"Organization\",\"@id\":\"https:\/\/talkpal.ai\/mt\/#organization\",\"name\":\"Talkpal, Inc.\",\"alternateName\":\"Talkpal AI\",\"url\":\"https:\/\/talkpal.ai\/mt\/\",\"logo\":{\"@type\":\"ImageObject\",\"inLanguage\":\"mt-MT\",\"@id\":\"https:\/\/talkpal.ai\/mt\/#\/schema\/logo\/image\/\",\"url\":\"https:\/\/talkpal.ai\/wp-content\/uploads\/2024\/03\/Talkpal-Logo-Icon.png\",\"contentUrl\":\"https:\/\/talkpal.ai\/wp-content\/uploads\/2024\/03\/Talkpal-Logo-Icon.png\",\"width\":2880,\"height\":2880,\"caption\":\"Talkpal, Inc.\"},\"image\":{\"@id\":\"https:\/\/talkpal.ai\/mt\/#\/schema\/logo\/image\/\"},\"sameAs\":[\"https:\/\/www.facebook.com\/profile.php?id=100090733639311\",\"https:\/\/x.com\/talkpalai\",\"https:\/\/www.linkedin.com\/company\/talkpal\/\",\"https:\/\/www.youtube.com\/@TalkPal\/\",\"https:\/\/www.tiktok.com\/@talkpal\",\"https:\/\/www.instagram.com\/talkpal_ai\/\",\"https:\/\/www.crunchbase.com\/organization\/talkpal-9cde\",\"https:\/\/www.g2.com\/products\/talkpal-for-business\/\",\"https:\/\/www.trustpilot.com\/review\/talkpal.ai\",\"https:\/\/www.capterra.com\/p\/10006800\/TalkPal\/\"],\"description\":\"Talkpal is a language learning web and mobile education app, powered by the latest AI technologies, that provides engaging experiences to its customers in many different languages to help them improve their language skills. Users can chat about unlimited amount of topics with the app and use other modes to practice their language learning.\",\"email\":\"support@talkpal.ai\",\"legalName\":\"Talkpal, Inc.\",\"foundingDate\":\"2023-04-03\",\"duns\":\"118989042\",\"numberOfEmployees\":{\"@type\":\"QuantitativeValue\",\"minValue\":\"11\",\"maxValue\":\"50\"},\"publishingPrinciples\":\"https:\/\/talkpal.ai\/publishing-principles\/\",\"actionableFeedbackPolicy\":\"https:\/\/talkpal.ai\/actionable-feedback-policy\/\",\"correctionsPolicy\":\"https:\/\/talkpal.ai\/corrections-policy\/\",\"ethicsPolicy\":\"https:\/\/talkpal.ai\/ethics-policy\/\",\"diversityPolicy\":\"https:\/\/talkpal.ai\/diversity-policy\/\",\"diversityStaffingReport\":\"https:\/\/talkpal.ai\/diversity-policy\/\"}]}<\/script>\n<!-- \/ Yoast SEO Premium plugin. -->","yoast_head_json":{"title":"E\u017cer\u010bizzji tal-Grammatika Indone\u017cjana - Talkpal","description":"Ittejjeb il-grammatika Indone\u017cjana tieg\u0127ek - prattika b'e\u017cer\u010bizzji sempli\u010bi, e\u017cempji interattivi, u feedback \u010bar billi tu\u017ca TalkPal AI.","robots":{"index":"index","follow":"follow","max-snippet":"max-snippet:-1","max-image-preview":"max-image-preview:large","max-video-preview":"max-video-preview:-1"},"canonical":"https:\/\/talkpal.ai\/mt\/ezercizzji-tal-grammatika-indonezjana\/","og_locale":"mt_MT","og_type":"article","og_title":"E\u017cer\u010bizzji tal-Grammatika Indone\u017cjana","og_description":"Su\u0121\u0121etti tal-Grammatika Indone\u017cjana L-Indone\u017cjan, jew Bahasa Indone\u017cja, hija l-lingwa uffi\u010bjali tal-Indone\u017cja u sservi b\u0127ala lingwa li tg\u0127aqqad f'pajji\u017c","og_url":"https:\/\/talkpal.ai\/mt\/ezercizzji-tal-grammatika-indonezjana\/","og_site_name":"Talkpal","article_publisher":"https:\/\/www.facebook.com\/profile.php?id=100090733639311","article_modified_time":"2025-12-17T15:22:44+00:00","og_image":[{"width":512,"height":512,"url":"https:\/\/talkpal.ai\/wp-content\/uploads\/2023\/05\/indonesia.png","type":"image\/png"}],"twitter_card":"summary_large_image","twitter_site":"@talkpalai","twitter_misc":{"Est. reading time":"2 minutes"},"schema":{"@context":"https:\/\/schema.org","@graph":[{"@type":"WebPage","@id":"https:\/\/talkpal.ai\/mt\/ezercizzji-tal-grammatika-indonezjana\/","url":"https:\/\/talkpal.ai\/mt\/ezercizzji-tal-grammatika-indonezjana\/","name":"E\u017cer\u010bizzji tal-Grammatika Indone\u017cjana - Talkpal","isPartOf":{"@id":"https:\/\/talkpal.ai\/mt\/#website"},"primaryImageOfPage":{"@id":"https:\/\/talkpal.ai\/mt\/ezercizzji-tal-grammatika-indonezjana\/#primaryimage"},"image":{"@id":"https:\/\/talkpal.ai\/mt\/ezercizzji-tal-grammatika-indonezjana\/#primaryimage"},"thumbnailUrl":"https:\/\/talkpal.ai\/wp-content\/uploads\/2023\/05\/indonesia.png","datePublished":"2023-06-22T07:25:42+00:00","dateModified":"2025-12-17T15:22:44+00:00","description":"Ittejjeb il-grammatika Indone\u017cjana tieg\u0127ek - prattika b'e\u017cer\u010bizzji sempli\u010bi, e\u017cempji interattivi, u feedback \u010bar billi tu\u017ca TalkPal AI.","breadcrumb":{"@id":"https:\/\/talkpal.ai\/mt\/ezercizzji-tal-grammatika-indonezjana\/#breadcrumb"},"inLanguage":"mt-MT","potentialAction":[{"@type":"ReadAction","target":["https:\/\/talkpal.ai\/mt\/ezercizzji-tal-grammatika-indonezjana\/"]}]},{"@type":"ImageObject","inLanguage":"mt-MT","@id":"https:\/\/talkpal.ai\/mt\/ezercizzji-tal-grammatika-indonezjana\/#primaryimage","url":"https:\/\/talkpal.ai\/wp-content\/uploads\/2023\/05\/indonesia.png","contentUrl":"https:\/\/talkpal.ai\/wp-content\/uploads\/2023\/05\/indonesia.png","width":512,"height":512,"caption":"TalkPal Indonesia Flag"},{"@type":"BreadcrumbList","@id":"https:\/\/talkpal.ai\/mt\/ezercizzji-tal-grammatika-indonezjana\/#breadcrumb","itemListElement":[{"@type":"ListItem","position":1,"name":"Homepage","item":"https:\/\/talkpal.ai\/mt\/"},{"@type":"ListItem","position":2,"name":"E\u017cer\u010bizzji tal-Grammatika Indone\u017cjana"}]},{"@type":"WebSite","@id":"https:\/\/talkpal.ai\/mt\/#website","url":"https:\/\/talkpal.ai\/mt\/","name":"Talkpal","description":"AI Language Learning","publisher":{"@id":"https:\/\/talkpal.ai\/mt\/#organization"},"alternateName":"Talkpal AI","potentialAction":[{"@type":"SearchAction","target":{"@type":"EntryPoint","urlTemplate":"https:\/\/talkpal.ai\/mt\/?s={search_term_string}"},"query-input":{"@type":"PropertyValueSpecification","valueRequired":true,"valueName":"search_term_string"}}],"inLanguage":"mt-MT"},{"@type":"Organization","@id":"https:\/\/talkpal.ai\/mt\/#organization","name":"Talkpal, Inc.","alternateName":"Talkpal AI","url":"https:\/\/talkpal.ai\/mt\/","logo":{"@type":"ImageObject","inLanguage":"mt-MT","@id":"https:\/\/talkpal.ai\/mt\/#\/schema\/logo\/image\/","url":"https:\/\/talkpal.ai\/wp-content\/uploads\/2024\/03\/Talkpal-Logo-Icon.png","contentUrl":"https:\/\/talkpal.ai\/wp-content\/uploads\/2024\/03\/Talkpal-Logo-Icon.png","width":2880,"height":2880,"caption":"Talkpal, Inc."},"image":{"@id":"https:\/\/talkpal.ai\/mt\/#\/schema\/logo\/image\/"},"sameAs":["https:\/\/www.facebook.com\/profile.php?id=100090733639311","https:\/\/x.com\/talkpalai","https:\/\/www.linkedin.com\/company\/talkpal\/","https:\/\/www.youtube.com\/@TalkPal\/","https:\/\/www.tiktok.com\/@talkpal","https:\/\/www.instagram.com\/talkpal_ai\/","https:\/\/www.crunchbase.com\/organization\/talkpal-9cde","https:\/\/www.g2.com\/products\/talkpal-for-business\/","https:\/\/www.trustpilot.com\/review\/talkpal.ai","https:\/\/www.capterra.com\/p\/10006800\/TalkPal\/"],"description":"Talkpal is a language learning web and mobile education app, powered by the latest AI technologies, that provides engaging experiences to its customers in many different languages to help them improve their language skills. Users can chat about unlimited amount of topics with the app and use other modes to practice their language learning.","email":"support@talkpal.ai","legalName":"Talkpal, Inc.","foundingDate":"2023-04-03","duns":"118989042","numberOfEmployees":{"@type":"QuantitativeValue","minValue":"11","maxValue":"50"},"publishingPrinciples":"https:\/\/talkpal.ai\/publishing-principles\/","actionableFeedbackPolicy":"https:\/\/talkpal.ai\/actionable-feedback-policy\/","correctionsPolicy":"https:\/\/talkpal.ai\/corrections-policy\/","ethicsPolicy":"https:\/\/talkpal.ai\/ethics-policy\/","diversityPolicy":"https:\/\/talkpal.ai\/diversity-policy\/","diversityStaffingReport":"https:\/\/talkpal.ai\/diversity-policy\/"}]}},"_links":{"self":[{"href":"https:\/\/talkpal.ai\/mt\/wp-json\/wp\/v2\/pages\/1447923","targetHints":{"allow":["GET"]}}],"collection":[{"href":"https:\/\/talkpal.ai\/mt\/wp-json\/wp\/v2\/pages"}],"about":[{"href":"https:\/\/talkpal.ai\/mt\/wp-json\/wp\/v2\/types\/page"}],"author":[{"embeddable":true,"href":"https:\/\/talkpal.ai\/mt\/wp-json\/wp\/v2\/users\/6"}],"replies":[{"embeddable":true,"href":"https:\/\/talkpal.ai\/mt\/wp-json\/wp\/v2\/comments?post=1447923"}],"version-history":[{"count":0,"href":"https:\/\/talkpal.ai\/mt\/wp-json\/wp\/v2\/pages\/1447923\/revisions"}],"wp:featuredmedia":[{"embeddable":true,"href":"https:\/\/talkpal.ai\/mt\/wp-json\/wp\/v2\/media\/1443584"}],"wp:attachment":[{"href":"https:\/\/talkpal.ai\/mt\/wp-json\/wp\/v2\/media?parent=1447923"}],"curies":[{"name":"wp","href":"https:\/\/api.w.org\/{rel}","templated":true}]}}