{"id":1447907,"date":"2023-06-22T08:37:16","date_gmt":"2023-06-22T08:37:16","guid":{"rendered":"https:\/\/talkpal.ai\/ezercizzji-tal-grammatika-marathi\/"},"modified":"2025-12-17T15:24:51","modified_gmt":"2025-12-17T15:24:51","slug":"ezercizzji-tal-grammatika-marathi","status":"publish","type":"page","link":"https:\/\/talkpal.ai\/mt\/ezercizzji-tal-grammatika-marathi\/","title":{"rendered":"E\u017cer\u010bizzji tal-Grammatika Marathi"},"content":{"rendered":"\r\n\r\n\r\n<section class=\"languageChallengeSection\">\r\n    <div class=\"languageInfoWrapper\">\r\n        \r\n        <h1>E\u017cer\u010bizzji tal-Grammatika Marathi<\/h1>\r\n        <p>Lest biex issa\u0127\u0127a\u0127 il-\u0127iliet <a href=\"https:\/\/talkpal.ai\/learn-marathi\/\">Marathi<\/a> tieg\u0127ek? Il-prattika tal-e\u017cer\u010bizzji tal-grammatika hija mod e\u010b\u010bellenti biex tikkontrolla l-istruttura tas-sentenza, il-forom tal-verb, u l-mudelli grammatikali ewlenin tal-lingwa. Ibda tesplora l-grammatika Marathi llum u ara l-kunfidenza u l-fluwenza tieg\u0127ek jikbru ma &#039;kull e\u017cer\u010bizzju!<\/p>\r\n\r\n                            <a class=\"getStartedHidden\" href=\"https:\/\/app.talkpal.ai\/signup?lng=\">Ibda<\/a>\r\n        \r\n    <\/div>\r\n\r\n    <figure>\r\n    <img decoding=\"async\" width=\"768\" height=\"768\" src=\"https:\/\/talkpal.ai\/wp-content\/uploads\/2023\/06\/marathi-768x768.png\" class=\"languageImage no-lazy\" alt=\"Fun ways to make language learning interesting\" fetchpriority=\"high\" sizes=\"(max-width: 768px) 150px, 768px\" srcset=\"https:\/\/talkpal.ai\/wp-content\/uploads\/2023\/06\/marathi-768x768.png 768w, https:\/\/talkpal.ai\/wp-content\/uploads\/2023\/06\/marathi-300x300.png 300w\" \/>\r\n    \r\n\r\n    <\/figure>\r\n\r\n            <a class=\"getStartedVisible\" href=\"https:\/\/app.talkpal.ai\/signup?lng=\">Ibda<\/a>\r\n    \r\n<\/section>\r\n\r\n\r\n<!-- <section class=\"grammarSection\">\r\n    <div class=\"grammarLinks\">\r\n            <\/div>\r\n<\/section> -->\r\n\r\n\r\n\r\n\r\n<section class=\"promotionalBanner\">\r\n    <p class=\"promotionalText\">L-aktar mod effi\u010bjenti biex titg\u0127allem lingwa<\/p>\r\n    <a class=\"promotionalLink\" href=\"https:\/\/app.talkpal.ai\/signup?lng=\">Ipprova Talkpal b&#8217;xejn<\/a>\r\n<\/section>\n<div class=\"wp-block-group pageContainerStyle\"><div class=\"wp-block-group__inner-container is-layout-constrained wp-block-group-is-layout-constrained\">\n<h2 class=\"wp-block-heading\" id=\"h-marathi-grammar-topics\">Su\u0121\u0121etti tal-Grammatika Marathi<\/h2>\n\n\n\n<p>Il-Marathi, lingwa Indo-Arjana, hija mitkellma b&#8217;mod predominanti fl-istat Indjan ta&#8217; Maharashtra u hija l-lingwa uffi\u010bjali tar-re\u0121jun. It-tag\u0127lim tal-Marathi jista &#8216;jkun esperjenza arrikkienti, peress li jifta\u0127 il-bieb g\u0127al kultura, storja u letteratura rikka. Biex titg\u0127allem b&#8217;mod effettiv il-Marathi, huwa importanti li jkollok appro\u010b\u010b strutturat li jiffoka fuq diversi aspetti tal-lingwa, b\u0127all-grammatika, il-vokabularju u l-pronunzja. Dan l-artikolu se jiggwidak permezz tas-sekwenza tat-tag\u0127lim ta &#8216;su\u0121\u0121etti tal-grammatika Marathi, li jibdew b&#8217;tempi, verbi, nomi, u ng\u0127addu g\u0127al kun\u010betti aktar avvanzati b\u0127al kondizzjonali u prepo\u017cizzjonijiet.<\/p>\n\n\n\n<h3 class=\"wp-block-heading\" id=\"h-1-tenses\">1. Tempi:<\/h3>\n\n\n\n<p>It-tempijiet huma s-sinsla ta &#8216;kwalunkwe lingwa, peress li jg\u0127inu biex jesprimu azzjonijiet jew stati fir-rigward tal-\u0127in. Fil-Marathi, hemm tliet tempi ba\u017ci\u010bi &#8211; passat, pre\u017cent u futur. Kull temp g\u0127andu forom differenti bba\u017cati fuq it-tip ta &#8216;azzjoni (sempli\u010bi, kontinwa, perfetta, jew kontinwa perfetta). Ibda billi titg\u0127allem it-tempijiet sempli\u010bi u mbag\u0127ad g\u0127addi g\u0127al dawk aktar kumplessi.<\/p>\n\n\n\n<h3 class=\"wp-block-heading\" id=\"h-2-tense-comparison\">2. Paragun tat-tensjoni:<\/h3>\n\n\n\n<p>Wara li tifhem it-tempijiet ba\u017ci\u010bi, huwa kru\u010bjali li titg\u0127allem kif tqabbilhom. It-tqabbil tat-tensjoni jippermettilek titkellem dwar azzjonijiet jew avvenimenti multipli li jse\u0127\u0127u simultanjament jew f&#8217;perjodi ta &#8216;\u017cmien differenti. Dan jg\u0127in fil-formazzjoni ta&#8217; sentenzi kumplessi u fl-espressjoni ta&#8217; firxa usa&#8217; ta&#8217; ideat.<\/p>\n\n\n\n<h3 class=\"wp-block-heading\" id=\"h-3-verbs\">3. Verbi:<\/h3>\n\n\n\n<p>Il-verbi huma kliem ta &#8216;azzjoni li jirrappre\u017centaw azzjoni jew stat f&#8217;sentenza. Fil-Marathi, il-verbi huma mg\u0127aw\u0121a biex jindikaw it-temp, l-aspett, il-burdata, u l-vu\u010bi. Tg\u0127allem ir-regoli ba\u017ci\u010bi tal-konjugazzjoni tal-verb u diversi forom tal-verb biex ittejjeb il-\u0127iliet tal-kostruzzjoni tas-sentenzi tieg\u0127ek.<\/p>\n\n\n\n<h3 class=\"wp-block-heading\" id=\"h-4-nouns\">4. Nomi:<\/h3>\n\n\n\n<p>Nomi huma kliem li jirrappre\u017centaw nies, postijiet, affarijiet, jew ideat. In-nomi Marathi g\u0127andhom \u0121eneru (maskili, femminili, jew neutri) u huma mdawra g\u0127an-numru (singular jew plural) u l-ka\u017c (dirett, oblikwu, jew possessiv). Familjarizza ru\u0127ek mal-forom differenti tan-nomi u l-u\u017cu tag\u0127hom fis-sentenzi.<\/p>\n\n\n\n<h3 class=\"wp-block-heading\" id=\"h-5-articles\">5. Artikoli:<\/h3>\n\n\n\n<p>Marathi m&#8217;g\u0127andux artikli b\u0127al &#8216;a&#8217;, &#8216;an&#8217;, jew &#8216;the&#8217;. Madankollu, hemm pronomi dimostrattivi u determinaturi li jservu skop simili. Tg\u0127allem kif tu\u017ca dawn il-pronomi u determinaturi biex tispe\u010bifika jew tidentifika nomi f&#8217;sentenza.<\/p>\n\n\n\n<h3 class=\"wp-block-heading\" id=\"h-6-pronouns-determiners\">6. Pronomi \/ Determinaturi:<\/h3>\n\n\n\n<p>Il-pronomi jissostitwixxu n-nomi biex jevitaw ir-ripetizzjoni, filwaqt li d-determinaturi jispe\u010bifikaw jew jillimitaw it-tifsira tan-nomi. Fil-Marathi, il-pronomi u d-determinanti jaqblu fis-sess u n-numru man-nom li jissostitwixxu jew jimmodifikaw. Tg\u0127allem il-forom varji u l-u\u017cu xieraq tag\u0127hom biex ittejjeb il-kostruzzjoni tas-sentenza tieg\u0127ek.<\/p>\n\n\n\n<h3 class=\"wp-block-heading\" id=\"h-7-adjectives\">7. A\u0121\u0121ettivi:<\/h3>\n\n\n\n<p>L-a\u0121\u0121ettivi jiddeskrivu jew jimmodifikaw in-nomi, u jipprovdu informazzjoni addizzjonali dwar il-kwalitajiet jew l-attributi tag\u0127hom. Fil-Marathi, l-a\u0121\u0121ettivi jaqblu fis-sess u n-numru man-nom li jimmodifikaw. Tg\u0127allem id-diversi forom a\u0121\u0121ettivi u l-u\u017cu korrett tag\u0127hom fis-sentenzi.<\/p>\n\n\n\n<h3 class=\"wp-block-heading\" id=\"h-8-adverbs\">8. Avverbji:<\/h3>\n\n\n\n<p>L-avverbji jipprovdu informazzjoni addizzjonali dwar verbi, a\u0121\u0121ettivi, jew avverbji o\u0127ra, li jiddeskrivu kif, meta, fejn, jew sa liema punt ji\u0121ri xi \u0127a\u0121a. Tg\u0127allem it-tipi differenti ta&#8217; avverbji u t-tqeg\u0127id tag\u0127hom f&#8217;sentenzi biex ittejjeb il-\u0127iliet lingwisti\u010bi tieg\u0127ek.<\/p>\n\n\n\n<h3 class=\"wp-block-heading\" id=\"h-9-conditionals\">9. Kondizzjonali:<\/h3>\n\n\n\n<p>Il-kondizzjonali jesprimu sitwazzjonijiet jew kundizzjonijiet ipoteti\u010bi u l-konsegwenzi possibbli tag\u0127hom. Fil-Marathi, hemm tliet tipi ta &#8216;kondizzjonali &#8211; reali, mhux reali, u m\u0127allta. Tg\u0127allem l-istruttura u l-u\u017cu ta &#8216;kull tip biex tesprimi ideat u sitwazzjonijiet kumplessi.<\/p>\n\n\n\n<h3 class=\"wp-block-heading\" id=\"h-10-prepositions\">10. Prepo\u017cizzjonijiet:<\/h3>\n\n\n\n<p>Il-prepo\u017cizzjonijiet huma kliem li juru r-relazzjoni bejn nomi (jew pronomi) u kliem ie\u0127or f&#8217;sentenza. Huma jindikaw il-post, id-direzzjoni, il-\u0127in, jew relazzjonijiet o\u0127ra. Tg\u0127allem il-prepo\u017cizzjonijiet komuni fil-Marathi u l-u\u017cu tag\u0127hom fis-sentenzi.<\/p>\n\n\n\n<h3 class=\"wp-block-heading\" id=\"h-11-sentences\">11. Sentenzi:<\/h3>\n\n\n\n<p>Fl-a\u0127\u0127arnett, ipprattika l-formazzjoni ta&#8217; sentenzi sempli\u010bi u kumplessi billi tu\u017ca r-regoli tal-grammatika u l-vokabularju li tg\u0127allimt. Iffoka fuq l-istruttura tas-sentenza.<\/p>\n<\/div><\/div>\n\r\n<section class=\"learnNavigationSection\">\r\n            \r\n        <a href=\"https:\/\/talkpal.ai\/mt\/tghallem-marathi\/\">\r\n            <div class=\"learnNavigationWrapper\">\r\n                <div class=\"learnNavigationContent\">\r\n                    <img decoding=\"async\" src=\"https:\/\/talkpal.ai\/wp-content\/uploads\/2023\/05\/Marathi-india.png\" alt=\"TalkPal Marathi Flag\">\r\n                    <div>\r\n                        <h4>Dwar it-Tag\u0127lim tal-Marathi<\/h4>\r\n                        <p>Sir af kollox dwar il-grammatika Marathi.<\/p>\r\n                    <\/div>\r\n                <\/div>\r\n            <\/div>\r\n        <\/a>\r\n\r\n        \r\n        <a href=\"https:\/\/talkpal.ai\/mt\/grammatika-marathi\/\">\r\n            <div class=\"learnNavigationWrapper\">\r\n                <div class=\"learnNavigationContent\">\r\n                    <img decoding=\"async\" src=\"https:\/\/talkpal.ai\/wp-content\/uploads\/2023\/05\/Marathi-india.png\" alt=\"TalkPal Marathi Flag\">\r\n                    <div>\r\n                        <h4>Lezzjonijiet tal-Grammatika Marathi<\/h4>\r\n                        <p>Prattika grammatika Marathi.<\/p>\r\n                    <\/div>\r\n                <\/div>\r\n            <\/div>\r\n        <\/a>\r\n\r\n        \r\n        <a href=\"https:\/\/talkpal.ai\/vocabulary_language\/marathi\/\">\r\n            <div class=\"learnNavigationWrapper\">\r\n                <div class=\"learnNavigationContent\">\r\n                    <img decoding=\"async\" src=\"https:\/\/talkpal.ai\/wp-content\/uploads\/2023\/05\/Marathi-india.png\" alt=\"TalkPal Marathi Flag\">\r\n                    <div>\r\n                        <h4>Vokabularju Marathi<\/h4>\r\n                        <p>Espandi l-vokabularju Marathi tieg\u0127ek.<\/p>\r\n                    <\/div>\r\n                <\/div>\r\n            <\/div>\r\n        <\/a>\r\n\r\n            <\/section>","protected":false},"excerpt":{"rendered":"<p>Su\u0121\u0121etti tal-Grammatika Marathi Il-Marathi, lingwa Indo-Arjana, hija mitkellma b&#8217;mod predominanti fl-istat Indjan ta&#8217; Maharashtra u hija l-lingwa uffi\u010bjali tar-re\u0121jun. It-tag\u0127lim tal-Marathi jista &#8216;jkun esperjenza arrikkienti, peress li jifta\u0127 il-bieb g\u0127al kultura, storja u letteratura rikka. Biex titg\u0127allem b&#8217;mod effettiv il-Marathi, huwa importanti li jkollok appro\u010b\u010b strutturat li jiffoka fuq diversi aspetti tal-lingwa, b\u0127all-grammatika, il-vokabularju u [&hellip;]<\/p>\n","protected":false},"author":6,"featured_media":1443608,"parent":0,"menu_order":0,"comment_status":"closed","ping_status":"closed","template":"LearningContentPage.php","meta":{"_acf_changed":false,"footnotes":""},"class_list":["post-1447907","page","type-page","status-publish","has-post-thumbnail","hentry"],"acf":[],"yoast_head":"<!-- This site is optimized with the Yoast SEO Premium plugin v27.2 (Yoast SEO v27.2) - https:\/\/yoast.com\/product\/yoast-seo-premium-wordpress\/ -->\n<title>E\u017cer\u010bizzji tal-Grammatika Marathi - Talkpal<\/title>\n<meta name=\"description\" content=\"Ittejjeb il-\u0127iliet tal-lingwa Marathi tieg\u0127ek b&#039;e\u017cer\u010bizzji tal-grammatika Marathi impenjattivi ddisinjati g\u0127al studenti tal-livelli kollha.\" \/>\n<meta name=\"robots\" content=\"index, follow, max-snippet:-1, max-image-preview:large, max-video-preview:-1\" \/>\n<link rel=\"canonical\" href=\"https:\/\/talkpal.ai\/mt\/ezercizzji-tal-grammatika-marathi\/\" \/>\n<meta property=\"og:locale\" content=\"mt_MT\" \/>\n<meta property=\"og:type\" content=\"article\" \/>\n<meta property=\"og:title\" content=\"E\u017cer\u010bizzji tal-Grammatika Marathi\" \/>\n<meta property=\"og:description\" content=\"Su\u0121\u0121etti tal-Grammatika Marathi Il-Marathi, lingwa Indo-Arjana, hija mitkellma b&#039;mod predominanti fl-istat Indjan ta&#039; Maharashtra u hija l-lingwa\" \/>\n<meta property=\"og:url\" content=\"https:\/\/talkpal.ai\/mt\/ezercizzji-tal-grammatika-marathi\/\" \/>\n<meta property=\"og:site_name\" content=\"Talkpal\" \/>\n<meta property=\"article:publisher\" content=\"https:\/\/www.facebook.com\/profile.php?id=100090733639311\" \/>\n<meta property=\"article:modified_time\" content=\"2025-12-17T15:24:51+00:00\" \/>\n<meta property=\"og:image\" content=\"https:\/\/talkpal.ai\/wp-content\/uploads\/2023\/05\/Marathi-india.png\" \/>\n\t<meta property=\"og:image:width\" content=\"512\" \/>\n\t<meta property=\"og:image:height\" content=\"512\" \/>\n\t<meta property=\"og:image:type\" content=\"image\/png\" \/>\n<meta name=\"twitter:card\" content=\"summary_large_image\" \/>\n<meta name=\"twitter:site\" content=\"@talkpalai\" \/>\n<meta name=\"twitter:label1\" content=\"Est. reading time\" \/>\n\t<meta name=\"twitter:data1\" content=\"3 minutes\" \/>\n<script type=\"application\/ld+json\" class=\"yoast-schema-graph\">{\"@context\":\"https:\/\/schema.org\",\"@graph\":[{\"@type\":\"WebPage\",\"@id\":\"https:\/\/talkpal.ai\/mt\/ezercizzji-tal-grammatika-marathi\/\",\"url\":\"https:\/\/talkpal.ai\/mt\/ezercizzji-tal-grammatika-marathi\/\",\"name\":\"E\u017cer\u010bizzji tal-Grammatika Marathi - Talkpal\",\"isPartOf\":{\"@id\":\"https:\/\/talkpal.ai\/mt\/#website\"},\"primaryImageOfPage\":{\"@id\":\"https:\/\/talkpal.ai\/mt\/ezercizzji-tal-grammatika-marathi\/#primaryimage\"},\"image\":{\"@id\":\"https:\/\/talkpal.ai\/mt\/ezercizzji-tal-grammatika-marathi\/#primaryimage\"},\"thumbnailUrl\":\"https:\/\/talkpal.ai\/wp-content\/uploads\/2023\/05\/Marathi-india.png\",\"datePublished\":\"2023-06-22T08:37:16+00:00\",\"dateModified\":\"2025-12-17T15:24:51+00:00\",\"description\":\"Ittejjeb il-\u0127iliet tal-lingwa Marathi tieg\u0127ek b'e\u017cer\u010bizzji tal-grammatika Marathi impenjattivi ddisinjati g\u0127al studenti tal-livelli kollha.\",\"breadcrumb\":{\"@id\":\"https:\/\/talkpal.ai\/mt\/ezercizzji-tal-grammatika-marathi\/#breadcrumb\"},\"inLanguage\":\"mt-MT\",\"potentialAction\":[{\"@type\":\"ReadAction\",\"target\":[\"https:\/\/talkpal.ai\/mt\/ezercizzji-tal-grammatika-marathi\/\"]}]},{\"@type\":\"ImageObject\",\"inLanguage\":\"mt-MT\",\"@id\":\"https:\/\/talkpal.ai\/mt\/ezercizzji-tal-grammatika-marathi\/#primaryimage\",\"url\":\"https:\/\/talkpal.ai\/wp-content\/uploads\/2023\/05\/Marathi-india.png\",\"contentUrl\":\"https:\/\/talkpal.ai\/wp-content\/uploads\/2023\/05\/Marathi-india.png\",\"width\":512,\"height\":512,\"caption\":\"TalkPal Marathi Flag\"},{\"@type\":\"BreadcrumbList\",\"@id\":\"https:\/\/talkpal.ai\/mt\/ezercizzji-tal-grammatika-marathi\/#breadcrumb\",\"itemListElement\":[{\"@type\":\"ListItem\",\"position\":1,\"name\":\"Homepage\",\"item\":\"https:\/\/talkpal.ai\/mt\/\"},{\"@type\":\"ListItem\",\"position\":2,\"name\":\"E\u017cer\u010bizzji tal-Grammatika Marathi\"}]},{\"@type\":\"WebSite\",\"@id\":\"https:\/\/talkpal.ai\/mt\/#website\",\"url\":\"https:\/\/talkpal.ai\/mt\/\",\"name\":\"Talkpal\",\"description\":\"AI Language Learning\",\"publisher\":{\"@id\":\"https:\/\/talkpal.ai\/mt\/#organization\"},\"alternateName\":\"Talkpal AI\",\"potentialAction\":[{\"@type\":\"SearchAction\",\"target\":{\"@type\":\"EntryPoint\",\"urlTemplate\":\"https:\/\/talkpal.ai\/mt\/?s={search_term_string}\"},\"query-input\":{\"@type\":\"PropertyValueSpecification\",\"valueRequired\":true,\"valueName\":\"search_term_string\"}}],\"inLanguage\":\"mt-MT\"},{\"@type\":\"Organization\",\"@id\":\"https:\/\/talkpal.ai\/mt\/#organization\",\"name\":\"Talkpal, Inc.\",\"alternateName\":\"Talkpal AI\",\"url\":\"https:\/\/talkpal.ai\/mt\/\",\"logo\":{\"@type\":\"ImageObject\",\"inLanguage\":\"mt-MT\",\"@id\":\"https:\/\/talkpal.ai\/mt\/#\/schema\/logo\/image\/\",\"url\":\"https:\/\/talkpal.ai\/wp-content\/uploads\/2024\/03\/Talkpal-Logo-Icon.png\",\"contentUrl\":\"https:\/\/talkpal.ai\/wp-content\/uploads\/2024\/03\/Talkpal-Logo-Icon.png\",\"width\":2880,\"height\":2880,\"caption\":\"Talkpal, Inc.\"},\"image\":{\"@id\":\"https:\/\/talkpal.ai\/mt\/#\/schema\/logo\/image\/\"},\"sameAs\":[\"https:\/\/www.facebook.com\/profile.php?id=100090733639311\",\"https:\/\/x.com\/talkpalai\",\"https:\/\/www.linkedin.com\/company\/talkpal\/\",\"https:\/\/www.youtube.com\/@TalkPal\/\",\"https:\/\/www.tiktok.com\/@talkpal\",\"https:\/\/www.instagram.com\/talkpal_ai\/\",\"https:\/\/www.crunchbase.com\/organization\/talkpal-9cde\",\"https:\/\/www.g2.com\/products\/talkpal-for-business\/\",\"https:\/\/www.trustpilot.com\/review\/talkpal.ai\",\"https:\/\/www.capterra.com\/p\/10006800\/TalkPal\/\"],\"description\":\"Talkpal is a language learning web and mobile education app, powered by the latest AI technologies, that provides engaging experiences to its customers in many different languages to help them improve their language skills. Users can chat about unlimited amount of topics with the app and use other modes to practice their language learning.\",\"email\":\"support@talkpal.ai\",\"legalName\":\"Talkpal, Inc.\",\"foundingDate\":\"2023-04-03\",\"duns\":\"118989042\",\"numberOfEmployees\":{\"@type\":\"QuantitativeValue\",\"minValue\":\"11\",\"maxValue\":\"50\"},\"publishingPrinciples\":\"https:\/\/talkpal.ai\/publishing-principles\/\",\"actionableFeedbackPolicy\":\"https:\/\/talkpal.ai\/actionable-feedback-policy\/\",\"correctionsPolicy\":\"https:\/\/talkpal.ai\/corrections-policy\/\",\"ethicsPolicy\":\"https:\/\/talkpal.ai\/ethics-policy\/\",\"diversityPolicy\":\"https:\/\/talkpal.ai\/diversity-policy\/\",\"diversityStaffingReport\":\"https:\/\/talkpal.ai\/diversity-policy\/\"}]}<\/script>\n<!-- \/ Yoast SEO Premium plugin. -->","yoast_head_json":{"title":"E\u017cer\u010bizzji tal-Grammatika Marathi - Talkpal","description":"Ittejjeb il-\u0127iliet tal-lingwa Marathi tieg\u0127ek b'e\u017cer\u010bizzji tal-grammatika Marathi impenjattivi ddisinjati g\u0127al studenti tal-livelli kollha.","robots":{"index":"index","follow":"follow","max-snippet":"max-snippet:-1","max-image-preview":"max-image-preview:large","max-video-preview":"max-video-preview:-1"},"canonical":"https:\/\/talkpal.ai\/mt\/ezercizzji-tal-grammatika-marathi\/","og_locale":"mt_MT","og_type":"article","og_title":"E\u017cer\u010bizzji tal-Grammatika Marathi","og_description":"Su\u0121\u0121etti tal-Grammatika Marathi Il-Marathi, lingwa Indo-Arjana, hija mitkellma b'mod predominanti fl-istat Indjan ta' Maharashtra u hija l-lingwa","og_url":"https:\/\/talkpal.ai\/mt\/ezercizzji-tal-grammatika-marathi\/","og_site_name":"Talkpal","article_publisher":"https:\/\/www.facebook.com\/profile.php?id=100090733639311","article_modified_time":"2025-12-17T15:24:51+00:00","og_image":[{"width":512,"height":512,"url":"https:\/\/talkpal.ai\/wp-content\/uploads\/2023\/05\/Marathi-india.png","type":"image\/png"}],"twitter_card":"summary_large_image","twitter_site":"@talkpalai","twitter_misc":{"Est. reading time":"3 minutes"},"schema":{"@context":"https:\/\/schema.org","@graph":[{"@type":"WebPage","@id":"https:\/\/talkpal.ai\/mt\/ezercizzji-tal-grammatika-marathi\/","url":"https:\/\/talkpal.ai\/mt\/ezercizzji-tal-grammatika-marathi\/","name":"E\u017cer\u010bizzji tal-Grammatika Marathi - Talkpal","isPartOf":{"@id":"https:\/\/talkpal.ai\/mt\/#website"},"primaryImageOfPage":{"@id":"https:\/\/talkpal.ai\/mt\/ezercizzji-tal-grammatika-marathi\/#primaryimage"},"image":{"@id":"https:\/\/talkpal.ai\/mt\/ezercizzji-tal-grammatika-marathi\/#primaryimage"},"thumbnailUrl":"https:\/\/talkpal.ai\/wp-content\/uploads\/2023\/05\/Marathi-india.png","datePublished":"2023-06-22T08:37:16+00:00","dateModified":"2025-12-17T15:24:51+00:00","description":"Ittejjeb il-\u0127iliet tal-lingwa Marathi tieg\u0127ek b'e\u017cer\u010bizzji tal-grammatika Marathi impenjattivi ddisinjati g\u0127al studenti tal-livelli kollha.","breadcrumb":{"@id":"https:\/\/talkpal.ai\/mt\/ezercizzji-tal-grammatika-marathi\/#breadcrumb"},"inLanguage":"mt-MT","potentialAction":[{"@type":"ReadAction","target":["https:\/\/talkpal.ai\/mt\/ezercizzji-tal-grammatika-marathi\/"]}]},{"@type":"ImageObject","inLanguage":"mt-MT","@id":"https:\/\/talkpal.ai\/mt\/ezercizzji-tal-grammatika-marathi\/#primaryimage","url":"https:\/\/talkpal.ai\/wp-content\/uploads\/2023\/05\/Marathi-india.png","contentUrl":"https:\/\/talkpal.ai\/wp-content\/uploads\/2023\/05\/Marathi-india.png","width":512,"height":512,"caption":"TalkPal Marathi Flag"},{"@type":"BreadcrumbList","@id":"https:\/\/talkpal.ai\/mt\/ezercizzji-tal-grammatika-marathi\/#breadcrumb","itemListElement":[{"@type":"ListItem","position":1,"name":"Homepage","item":"https:\/\/talkpal.ai\/mt\/"},{"@type":"ListItem","position":2,"name":"E\u017cer\u010bizzji tal-Grammatika Marathi"}]},{"@type":"WebSite","@id":"https:\/\/talkpal.ai\/mt\/#website","url":"https:\/\/talkpal.ai\/mt\/","name":"Talkpal","description":"AI Language Learning","publisher":{"@id":"https:\/\/talkpal.ai\/mt\/#organization"},"alternateName":"Talkpal AI","potentialAction":[{"@type":"SearchAction","target":{"@type":"EntryPoint","urlTemplate":"https:\/\/talkpal.ai\/mt\/?s={search_term_string}"},"query-input":{"@type":"PropertyValueSpecification","valueRequired":true,"valueName":"search_term_string"}}],"inLanguage":"mt-MT"},{"@type":"Organization","@id":"https:\/\/talkpal.ai\/mt\/#organization","name":"Talkpal, Inc.","alternateName":"Talkpal AI","url":"https:\/\/talkpal.ai\/mt\/","logo":{"@type":"ImageObject","inLanguage":"mt-MT","@id":"https:\/\/talkpal.ai\/mt\/#\/schema\/logo\/image\/","url":"https:\/\/talkpal.ai\/wp-content\/uploads\/2024\/03\/Talkpal-Logo-Icon.png","contentUrl":"https:\/\/talkpal.ai\/wp-content\/uploads\/2024\/03\/Talkpal-Logo-Icon.png","width":2880,"height":2880,"caption":"Talkpal, Inc."},"image":{"@id":"https:\/\/talkpal.ai\/mt\/#\/schema\/logo\/image\/"},"sameAs":["https:\/\/www.facebook.com\/profile.php?id=100090733639311","https:\/\/x.com\/talkpalai","https:\/\/www.linkedin.com\/company\/talkpal\/","https:\/\/www.youtube.com\/@TalkPal\/","https:\/\/www.tiktok.com\/@talkpal","https:\/\/www.instagram.com\/talkpal_ai\/","https:\/\/www.crunchbase.com\/organization\/talkpal-9cde","https:\/\/www.g2.com\/products\/talkpal-for-business\/","https:\/\/www.trustpilot.com\/review\/talkpal.ai","https:\/\/www.capterra.com\/p\/10006800\/TalkPal\/"],"description":"Talkpal is a language learning web and mobile education app, powered by the latest AI technologies, that provides engaging experiences to its customers in many different languages to help them improve their language skills. Users can chat about unlimited amount of topics with the app and use other modes to practice their language learning.","email":"support@talkpal.ai","legalName":"Talkpal, Inc.","foundingDate":"2023-04-03","duns":"118989042","numberOfEmployees":{"@type":"QuantitativeValue","minValue":"11","maxValue":"50"},"publishingPrinciples":"https:\/\/talkpal.ai\/publishing-principles\/","actionableFeedbackPolicy":"https:\/\/talkpal.ai\/actionable-feedback-policy\/","correctionsPolicy":"https:\/\/talkpal.ai\/corrections-policy\/","ethicsPolicy":"https:\/\/talkpal.ai\/ethics-policy\/","diversityPolicy":"https:\/\/talkpal.ai\/diversity-policy\/","diversityStaffingReport":"https:\/\/talkpal.ai\/diversity-policy\/"}]}},"_links":{"self":[{"href":"https:\/\/talkpal.ai\/mt\/wp-json\/wp\/v2\/pages\/1447907","targetHints":{"allow":["GET"]}}],"collection":[{"href":"https:\/\/talkpal.ai\/mt\/wp-json\/wp\/v2\/pages"}],"about":[{"href":"https:\/\/talkpal.ai\/mt\/wp-json\/wp\/v2\/types\/page"}],"author":[{"embeddable":true,"href":"https:\/\/talkpal.ai\/mt\/wp-json\/wp\/v2\/users\/6"}],"replies":[{"embeddable":true,"href":"https:\/\/talkpal.ai\/mt\/wp-json\/wp\/v2\/comments?post=1447907"}],"version-history":[{"count":0,"href":"https:\/\/talkpal.ai\/mt\/wp-json\/wp\/v2\/pages\/1447907\/revisions"}],"wp:featuredmedia":[{"embeddable":true,"href":"https:\/\/talkpal.ai\/mt\/wp-json\/wp\/v2\/media\/1443608"}],"wp:attachment":[{"href":"https:\/\/talkpal.ai\/mt\/wp-json\/wp\/v2\/media?parent=1447907"}],"curies":[{"name":"wp","href":"https:\/\/api.w.org\/{rel}","templated":true}]}}