{"id":1447891,"date":"2023-06-22T08:52:21","date_gmt":"2023-06-22T08:52:21","guid":{"rendered":"https:\/\/talkpal.ai\/ezercizzji-tal-grammatika-tan-nepal\/"},"modified":"2025-12-17T14:35:51","modified_gmt":"2025-12-17T14:35:51","slug":"ezercizzji-tal-grammatika-tan-nepal","status":"publish","type":"page","link":"https:\/\/talkpal.ai\/mt\/ezercizzji-tal-grammatika-tan-nepal\/","title":{"rendered":"E\u017cer\u010bizzji tal-Grammatika tan-Nepal"},"content":{"rendered":"\r\n\r\n\r\n<section class=\"languageChallengeSection\">\r\n    <div class=\"languageInfoWrapper\">\r\n        \r\n        <h1>E\u017cer\u010bizzji tal-Grammatika tan-Nepal<\/h1>\r\n        <p>Qed tfittex li tikseb aktar kunfidenti fin-Nepali? Il-prattika tal-e\u017cer\u010bizzji tal-grammatika hija mod tajjeb \u0127afna biex tifhem l-istruttura tas-sentenza, il-forom tal-verb, u l-mudelli uni\u010bi tal-lingwa. Ibda ta\u0127dem fuq il-grammatika <a href=\"https:\/\/talkpal.ai\/learn-nepali\/\">Nepali<\/a> llum u ara l-\u0127iliet u l-\u0127effa tieg\u0127ek jikbru ma &#039;kull e\u017cer\u010bizzju!<\/p>\r\n\r\n                            <a class=\"getStartedHidden\" href=\"https:\/\/app.talkpal.ai\/signup?lng=\">Ibda<\/a>\r\n        \r\n    <\/div>\r\n\r\n    <figure>\r\n    <img decoding=\"async\" width=\"768\" height=\"768\" src=\"https:\/\/talkpal.ai\/wp-content\/uploads\/2023\/06\/nepali-768x768.png\" class=\"languageImage no-lazy\" alt=\"Practical language learning for real-life application\" fetchpriority=\"high\" sizes=\"(max-width: 768px) 150px, 768px\" srcset=\"https:\/\/talkpal.ai\/wp-content\/uploads\/2023\/06\/nepali-768x768.png 768w, https:\/\/talkpal.ai\/wp-content\/uploads\/2023\/06\/nepali-300x300.png 300w\" \/>\r\n    \r\n\r\n    <\/figure>\r\n\r\n            <a class=\"getStartedVisible\" href=\"https:\/\/app.talkpal.ai\/signup?lng=\">Ibda<\/a>\r\n    \r\n<\/section>\r\n\r\n\r\n<!-- <section class=\"grammarSection\">\r\n    <div class=\"grammarLinks\">\r\n            <\/div>\r\n<\/section> -->\r\n\r\n\r\n\r\n\r\n<section class=\"promotionalBanner\">\r\n    <p class=\"promotionalText\">L-aktar mod effi\u010bjenti biex titg\u0127allem lingwa<\/p>\r\n    <a class=\"promotionalLink\" href=\"https:\/\/app.talkpal.ai\/signup?lng=\">Ipprova Talkpal b&#8217;xejn<\/a>\r\n<\/section>\n<div class=\"wp-block-group pageContainerStyle\"><div class=\"wp-block-group__inner-container is-layout-constrained wp-block-group-is-layout-constrained\">\n<h2 class=\"wp-block-heading\" id=\"h-nepali-grammar-topics\">Su\u0121\u0121etti tal-Grammatika tan-Nepal<\/h2>\n\n\n\n<p>It-tag\u0127lim tal-lingwa Nepali\u017ca jista &#8216;jkun esperjenza affaxxinanti u ta&#8217; sodisfazzjon g\u0127al kull min hu interessat li jg\u0127addas fil-kultura u l-istorja rikka tan-Nepal. B\u0127al kull lingwa, il-\u0127akma tal-<a href=\"https:\/\/talkpal.ai\/nepali-grammar\/\">grammatika Nepali\u017ca<\/a> hija kru\u010bjali g\u0127al komunikazzjoni effettiva. Dan l-artikolu se jiggwidak permezz tas-su\u0121\u0121etti tal-grammatika tan-Nepal, mi\u0121bura f&#8217;sekwenza li tiffa\u010bilita l-vja\u0121\u0121 tat-tag\u0127lim tal-lingwa tieg\u0127ek. From tenses to sentence structures, this guide will provide you with an overview of important <a href=\"https:\/\/talkpal.ai\/pa\/%e0%a8%b5%e0%a8%bf%e0%a8%86%e0%a8%95%e0%a8%b0%e0%a8%a3\/\">grammar<\/a> concepts that will lay a strong foundation for your <a href=\"https:\/\/talkpal.ai\/how-to-improve-nepali-skills-as-a-single\/\">Nepali language skills<\/a>.<\/p>\n\n\n\n<h3 class=\"wp-block-heading\" id=\"h-1-tenses\">1. Tempi:<\/h3>\n\n\n\n<p>Il-fehim tat-tempi huwa essenzjali fit-tag\u0127lim ta &#8216;kwalunkwe lingwa, peress li jg\u0127inu biex iwasslu l-\u0127in ta&#8217; azzjoni jew avveniment. Fin-Nepali, hemm tliet tempi ewlenin: passat, pre\u017cent u futur. Kull temp g\u0127andu s-sett tieg\u0127u stess ta &#8216;regoli ta&#8217; konjugazzjoni tal-verb, li g\u0127andek tiffamiljarizza ru\u0127ek mag\u0127hom biex tiddeskrivi b&#8217;mod pre\u010bi\u017c l-azzjonijiet f&#8217;perjodi ta &#8216;\u017cmien differenti.<\/p>\n\n\n\n<h3 class=\"wp-block-heading\" id=\"h-2-tense-comparison\">2. Paragun tat-tensjoni:<\/h3>\n\n\n\n<p>It-tqabbil tat-tempi fin-Nepali huwa aspett kru\u010bjali tal-\u0127akma tal-lingwa. Dan jinvolvi l-fehim ta&#8217; kif it-tempi differenti jirrelataw ma&#8217; xulxin u kif tu\u017cahom flimkien g\u0127al komunikazzjoni \u010bara. Dan jg\u0127inek tevita konfu\u017cjoni meta tiddiskuti avvenimenti li jse\u0127\u0127u fil-passat, fil-pre\u017cent jew fil-futur.<\/p>\n\n\n\n<h3 class=\"wp-block-heading\" id=\"h-3-progressive\">3. Progressiv:<\/h3>\n\n\n\n<p>L-aspett progressiv fil-grammatika tan-Nepal jindika azzjonijiet kontinwi. It-tag\u0127lim tal-forma progressiva tal-verbi huwa importanti g\u0127all-espressjoni ta &#8216;azzjonijiet li b\u0127alissa qed ji\u0121ru jew kienu qed ji\u0121ru f&#8217;punt spe\u010bifiku ta&#8217; \u017cmien. Dan jg\u0127inek to\u0127loq konversazzjonijiet aktar dinami\u010bi u impenjattivi fin-Nepali.<\/p>\n\n\n\n<h3 class=\"wp-block-heading\" id=\"h-4-perfect-progressive\">4. Progressiv Perfett:<\/h3>\n\n\n\n<p>Dan it-temp jg\u0127aqqad il-kun\u010betti ta &#8216;tempijiet perfetti u progressivi. It-temp progressiv perfett jintu\u017ca biex jiddeskrivi azzjoni li bdiet fil-passat u kompliet sa punt ie\u0127or fil-passat. Il-\u0127akma ta &#8216;dan it-temp tippermettilek tipprovdi informazzjoni dettaljata dwar l-azzjonijiet tal-passat u t-tul tag\u0127hom.<\/p>\n\n\n\n<h3 class=\"wp-block-heading\" id=\"h-5-verbs\">5. Verbi:<\/h3>\n\n\n\n<p>Il-verbi huma s-sinsla ta&#8217; kwalunkwe lingwa, u n-Nepali mhix e\u010b\u010bezzjoni. Biex titkellem u tifhem in-Nepali b&#8217;mod effettiv, huwa essenzjali li titg\u0127allem il-forom differenti ta &#8216;verbi, il-konjugazzjonijiet tag\u0127hom, u kif jiffunzjonaw fis-sentenzi.<\/p>\n\n\n\n<h3 class=\"wp-block-heading\" id=\"h-6-nouns\">6. Nomi:<\/h3>\n\n\n\n<p>A strong capp of Nepali nouns is necessary for building a solid vocabulary. It-tag\u0127lim dwar nomi komuni u proprji, kif ukoll nomi li jistg\u0127u jing\u0127addu u li ma jistg\u0127ux jing\u0127addu, jg\u0127inek tidentifika u tu\u017ca b&#8217;mod korrett dawn il-partijiet essenzjali tad-diskors fil-konversazzjonijiet tieg\u0127ek.<\/p>\n\n\n\n<h3 class=\"wp-block-heading\" id=\"h-7-articles\">7. Artikoli:<\/h3>\n\n\n\n<p>Fin-Nepali, l-artikli mhumiex prominenti daqs l-<a href=\"https:\/\/talkpal.ai\/learn-english-with-ai\/\">Ingli\u017c<\/a>, i\u017cda xorta huwa essenzjali li titg\u0127allem l-u\u017cu tag\u0127hom. Il-\u0127akma tal-u\u017cu ta &#8216;artikli tg\u0127inek tidentifika u tiddeskrivi b&#8217;mod pre\u010bi\u017c o\u0121\u0121etti, nies, u kun\u010betti fil-konversazzjonijiet tieg\u0127ek.<\/p>\n\n\n\n<h3 class=\"wp-block-heading\" id=\"h-8-pronouns-determiners\">8. Pronomi \/ Determinaturi:<\/h3>\n\n\n\n<p>Il-familjarizzazzjoni mal-pronomi u d-determinaturi tan-Nepal hija kru\u010bjali g\u0127al komunikazzjoni \u010bara u kon\u010bi\u017ca. Dawn il-partijiet tad-diskors jg\u0127inu biex jissostitwixxu jew jispe\u010bifikaw nomi fis-sentenzi, u jag\u0127mlu l-konversazzjonijiet tieg\u0127ek aktar effi\u010bjenti u naturali.<\/p>\n\n\n\n<h3 class=\"wp-block-heading\" id=\"h-9-adjectives\">9. A\u0121\u0121ettivi:<\/h3>\n\n\n\n<p>L-a\u0121\u0121ettivi huma essenzjali biex i\u017c\u017cid il-fond u d-dettall fil-konversazzjonijiet Nepali tieg\u0127ek. It-tag\u0127lim kif tu\u017ca l-a\u0121\u0121ettivi b&#8217;mod korrett jippermettilek tiddeskrivi b&#8217;mod pre\u010bi\u017c in-nies, il-postijiet u l-affarijiet, u tag\u0127mel id-diskors tieg\u0127ek aktar impenjattiv u informattiv.<\/p>\n\n\n\n<h3 class=\"wp-block-heading\" id=\"h-10-adverbs\">10. Avverbji<\/h3>\n\n\n\n<p>: Fin-Nepali, l-avverbji g\u0127andhom rwol kru\u010bjali fil-modifika tal-verbi, l-a\u0121\u0121ettivi, jew avverbji o\u0127ra. Li tifhem kif tu\u017ca l-avverbji jippermettilek tipprovdi informazzjoni addizzjonali dwar azzjonijiet, stati, jew kwalitajiet fil-konversazzjonijiet tieg\u0127ek.<\/p>\n\n\n\n<h3 class=\"wp-block-heading\" id=\"h-11-conditionals\">11. Kondizzjonali:<\/h3>\n\n\n\n<p>Il-\u0127akma tal-kundizzjonali tan-Nepal jippermettilek tesprimi sitwazzjonijiet ipoteti\u010bi u l-konsegwenzi tag\u0127hom. Dan huwa importanti biex jin\u0127olqu diskussjonijiet kumplessi u sfumati fil-lingwa.<\/p>\n\n\n\n<h3 class=\"wp-block-heading\" id=\"h-12-prepositions\">12. Prepo\u017cizzjonijiet:<\/h3>\n\n\n\n<p>Il-prepo\u017cizzjonijiet huma essenzjali biex jindikaw ir-relazzjonijiet bejn il-kliem f&#8217;sentenza. It-tag\u0127lim tal-u\u017cu korrett tal-prepo\u017cizzjonijiet jg\u0127inek to\u0127loq sentenzi \u010bari u koerenti fin-Nepali.<\/p>\n\n\n\n<h3 class=\"wp-block-heading\" id=\"h-13-sentences\">13. Sentenzi:<\/h3>\n\n\n\n<p>Fl-a\u0127\u0127arnett, il-fehim tal-istruttura u t-tipi ta &#8216;sentenzi tan-Nepal huwa vitali g\u0127al komunikazzjoni effettiva. Familjarizza ru\u0127ek ma &#8216;sentenzi sempli\u010bi, komposti u kumplessi, u tg\u0127allem kif tibnihom b&#8217;mod korrett biex twassal il-\u0127sibijiet u l-ideat tieg\u0127ek fil-lingwa.<\/p>\n<\/div><\/div>\n\r\n<section class=\"learnNavigationSection\">\r\n            \r\n        <a href=\"https:\/\/talkpal.ai\/mt\/tghallem-in-nepali\/\">\r\n            <div class=\"learnNavigationWrapper\">\r\n                <div class=\"learnNavigationContent\">\r\n                    <img decoding=\"async\" src=\"https:\/\/talkpal.ai\/wp-content\/uploads\/2024\/08\/Nepali.jpg\" alt=\"Nepali Flag\">\r\n                    <div>\r\n                        <h4>Dwar it-Tag\u0127lim tan-Nepal<\/h4>\r\n                        <p>Sir af kollox dwar il-grammatika tan-Nepal.<\/p>\r\n                    <\/div>\r\n                <\/div>\r\n            <\/div>\r\n        <\/a>\r\n\r\n        \r\n        <a href=\"https:\/\/talkpal.ai\/mt\/grammatika-tan-nepal\/\">\r\n            <div class=\"learnNavigationWrapper\">\r\n                <div class=\"learnNavigationContent\">\r\n                    <img decoding=\"async\" src=\"https:\/\/talkpal.ai\/wp-content\/uploads\/2024\/08\/Nepali.jpg\" alt=\"Nepali Flag\">\r\n                    <div>\r\n                        <h4>Lezzjonijiet tal-Grammatika tan-Nepal<\/h4>\r\n                        <p>Ipprattika l-grammatika tan-Nepal.<\/p>\r\n                    <\/div>\r\n                <\/div>\r\n            <\/div>\r\n        <\/a>\r\n\r\n        \r\n        <a href=\"https:\/\/talkpal.ai\/vocabulary_language\/nepali\/\">\r\n            <div class=\"learnNavigationWrapper\">\r\n                <div class=\"learnNavigationContent\">\r\n                    <img decoding=\"async\" src=\"https:\/\/talkpal.ai\/wp-content\/uploads\/2024\/08\/Nepali.jpg\" alt=\"Nepali Flag\">\r\n                    <div>\r\n                        <h4>Vokabularju tan-Nepal<\/h4>\r\n                        <p>Espandi l-vokabularju Nepali tieg\u0127ek.<\/p>\r\n                    <\/div>\r\n                <\/div>\r\n            <\/div>\r\n        <\/a>\r\n\r\n            <\/section>","protected":false},"excerpt":{"rendered":"<p>Su\u0121\u0121etti tal-Grammatika tan-Nepal It-tag\u0127lim tal-lingwa Nepali\u017ca jista &#8216;jkun esperjenza affaxxinanti u ta&#8217; sodisfazzjon g\u0127al kull min hu interessat li jg\u0127addas fil-kultura u l-istorja rikka tan-Nepal. B\u0127al kull lingwa, il-\u0127akma tal-grammatika Nepali\u017ca hija kru\u010bjali g\u0127al komunikazzjoni effettiva. Dan l-artikolu se jiggwidak permezz tas-su\u0121\u0121etti tal-grammatika tan-Nepal, mi\u0121bura f&#8217;sekwenza li tiffa\u010bilita l-vja\u0121\u0121 tat-tag\u0127lim tal-lingwa tieg\u0127ek. From tenses to [&hellip;]<\/p>\n","protected":false},"author":6,"featured_media":1443631,"parent":0,"menu_order":0,"comment_status":"closed","ping_status":"closed","template":"LearningContentPage.php","meta":{"_acf_changed":false,"footnotes":""},"class_list":["post-1447891","page","type-page","status-publish","has-post-thumbnail","hentry"],"acf":[],"yoast_head":"<!-- This site is optimized with the Yoast SEO Premium plugin v27.2 (Yoast SEO v27.2) - https:\/\/yoast.com\/product\/yoast-seo-premium-wordpress\/ -->\n<title>E\u017cer\u010bizzji tal-Grammatika tan-Nepal - Talkpal<\/title>\n<meta name=\"description\" content=\"Master Nepali Grammar Exercises for effective communication. Esplora t-tempijiet u l-istrutturi tas-sentenzi g\u0127all-fluwenza tal-lingwa.\" \/>\n<meta name=\"robots\" content=\"index, follow, max-snippet:-1, max-image-preview:large, max-video-preview:-1\" \/>\n<link rel=\"canonical\" href=\"https:\/\/talkpal.ai\/mt\/ezercizzji-tal-grammatika-tan-nepal\/\" \/>\n<meta property=\"og:locale\" content=\"mt_MT\" \/>\n<meta property=\"og:type\" content=\"article\" \/>\n<meta property=\"og:title\" content=\"E\u017cer\u010bizzji tal-Grammatika tan-Nepal\" \/>\n<meta property=\"og:description\" content=\"Su\u0121\u0121etti tal-Grammatika tan-Nepal It-tag\u0127lim tal-lingwa Nepali\u017ca jista &#039;jkun esperjenza affaxxinanti u ta&#039; sodisfazzjon g\u0127al kull min hu interessat li\" \/>\n<meta property=\"og:url\" content=\"https:\/\/talkpal.ai\/mt\/ezercizzji-tal-grammatika-tan-nepal\/\" \/>\n<meta property=\"og:site_name\" content=\"Talkpal\" \/>\n<meta property=\"article:publisher\" content=\"https:\/\/www.facebook.com\/profile.php?id=100090733639311\" \/>\n<meta property=\"article:modified_time\" content=\"2025-12-17T14:35:51+00:00\" \/>\n<meta property=\"og:image\" content=\"https:\/\/talkpal.ai\/wp-content\/uploads\/2023\/05\/nepal.png\" \/>\n\t<meta property=\"og:image:width\" content=\"512\" \/>\n\t<meta property=\"og:image:height\" content=\"512\" \/>\n\t<meta property=\"og:image:type\" content=\"image\/png\" \/>\n<meta name=\"twitter:card\" content=\"summary_large_image\" \/>\n<meta name=\"twitter:site\" content=\"@talkpalai\" \/>\n<meta name=\"twitter:label1\" content=\"Est. reading time\" \/>\n\t<meta name=\"twitter:data1\" content=\"3 minutes\" \/>\n<script type=\"application\/ld+json\" class=\"yoast-schema-graph\">{\"@context\":\"https:\/\/schema.org\",\"@graph\":[{\"@type\":\"WebPage\",\"@id\":\"https:\/\/talkpal.ai\/mt\/ezercizzji-tal-grammatika-tan-nepal\/\",\"url\":\"https:\/\/talkpal.ai\/mt\/ezercizzji-tal-grammatika-tan-nepal\/\",\"name\":\"E\u017cer\u010bizzji tal-Grammatika tan-Nepal - Talkpal\",\"isPartOf\":{\"@id\":\"https:\/\/talkpal.ai\/mt\/#website\"},\"primaryImageOfPage\":{\"@id\":\"https:\/\/talkpal.ai\/mt\/ezercizzji-tal-grammatika-tan-nepal\/#primaryimage\"},\"image\":{\"@id\":\"https:\/\/talkpal.ai\/mt\/ezercizzji-tal-grammatika-tan-nepal\/#primaryimage\"},\"thumbnailUrl\":\"https:\/\/talkpal.ai\/wp-content\/uploads\/2023\/05\/nepal.png\",\"datePublished\":\"2023-06-22T08:52:21+00:00\",\"dateModified\":\"2025-12-17T14:35:51+00:00\",\"description\":\"Master Nepali Grammar Exercises for effective communication. Esplora t-tempijiet u l-istrutturi tas-sentenzi g\u0127all-fluwenza tal-lingwa.\",\"breadcrumb\":{\"@id\":\"https:\/\/talkpal.ai\/mt\/ezercizzji-tal-grammatika-tan-nepal\/#breadcrumb\"},\"inLanguage\":\"mt-MT\",\"potentialAction\":[{\"@type\":\"ReadAction\",\"target\":[\"https:\/\/talkpal.ai\/mt\/ezercizzji-tal-grammatika-tan-nepal\/\"]}]},{\"@type\":\"ImageObject\",\"inLanguage\":\"mt-MT\",\"@id\":\"https:\/\/talkpal.ai\/mt\/ezercizzji-tal-grammatika-tan-nepal\/#primaryimage\",\"url\":\"https:\/\/talkpal.ai\/wp-content\/uploads\/2023\/05\/nepal.png\",\"contentUrl\":\"https:\/\/talkpal.ai\/wp-content\/uploads\/2023\/05\/nepal.png\",\"width\":512,\"height\":512,\"caption\":\"TalkPal Nepal Flag\"},{\"@type\":\"BreadcrumbList\",\"@id\":\"https:\/\/talkpal.ai\/mt\/ezercizzji-tal-grammatika-tan-nepal\/#breadcrumb\",\"itemListElement\":[{\"@type\":\"ListItem\",\"position\":1,\"name\":\"Homepage\",\"item\":\"https:\/\/talkpal.ai\/mt\/\"},{\"@type\":\"ListItem\",\"position\":2,\"name\":\"E\u017cer\u010bizzji tal-Grammatika tan-Nepal\"}]},{\"@type\":\"WebSite\",\"@id\":\"https:\/\/talkpal.ai\/mt\/#website\",\"url\":\"https:\/\/talkpal.ai\/mt\/\",\"name\":\"Talkpal\",\"description\":\"AI Language Learning\",\"publisher\":{\"@id\":\"https:\/\/talkpal.ai\/mt\/#organization\"},\"alternateName\":\"Talkpal AI\",\"potentialAction\":[{\"@type\":\"SearchAction\",\"target\":{\"@type\":\"EntryPoint\",\"urlTemplate\":\"https:\/\/talkpal.ai\/mt\/?s={search_term_string}\"},\"query-input\":{\"@type\":\"PropertyValueSpecification\",\"valueRequired\":true,\"valueName\":\"search_term_string\"}}],\"inLanguage\":\"mt-MT\"},{\"@type\":\"Organization\",\"@id\":\"https:\/\/talkpal.ai\/mt\/#organization\",\"name\":\"Talkpal, Inc.\",\"alternateName\":\"Talkpal AI\",\"url\":\"https:\/\/talkpal.ai\/mt\/\",\"logo\":{\"@type\":\"ImageObject\",\"inLanguage\":\"mt-MT\",\"@id\":\"https:\/\/talkpal.ai\/mt\/#\/schema\/logo\/image\/\",\"url\":\"https:\/\/talkpal.ai\/wp-content\/uploads\/2024\/03\/Talkpal-Logo-Icon.png\",\"contentUrl\":\"https:\/\/talkpal.ai\/wp-content\/uploads\/2024\/03\/Talkpal-Logo-Icon.png\",\"width\":2880,\"height\":2880,\"caption\":\"Talkpal, Inc.\"},\"image\":{\"@id\":\"https:\/\/talkpal.ai\/mt\/#\/schema\/logo\/image\/\"},\"sameAs\":[\"https:\/\/www.facebook.com\/profile.php?id=100090733639311\",\"https:\/\/x.com\/talkpalai\",\"https:\/\/www.linkedin.com\/company\/talkpal\/\",\"https:\/\/www.youtube.com\/@TalkPal\/\",\"https:\/\/www.tiktok.com\/@talkpal\",\"https:\/\/www.instagram.com\/talkpal_ai\/\",\"https:\/\/www.crunchbase.com\/organization\/talkpal-9cde\",\"https:\/\/www.g2.com\/products\/talkpal-for-business\/\",\"https:\/\/www.trustpilot.com\/review\/talkpal.ai\",\"https:\/\/www.capterra.com\/p\/10006800\/TalkPal\/\"],\"description\":\"Talkpal is a language learning web and mobile education app, powered by the latest AI technologies, that provides engaging experiences to its customers in many different languages to help them improve their language skills. Users can chat about unlimited amount of topics with the app and use other modes to practice their language learning.\",\"email\":\"support@talkpal.ai\",\"legalName\":\"Talkpal, Inc.\",\"foundingDate\":\"2023-04-03\",\"duns\":\"118989042\",\"numberOfEmployees\":{\"@type\":\"QuantitativeValue\",\"minValue\":\"11\",\"maxValue\":\"50\"},\"publishingPrinciples\":\"https:\/\/talkpal.ai\/publishing-principles\/\",\"actionableFeedbackPolicy\":\"https:\/\/talkpal.ai\/actionable-feedback-policy\/\",\"correctionsPolicy\":\"https:\/\/talkpal.ai\/corrections-policy\/\",\"ethicsPolicy\":\"https:\/\/talkpal.ai\/ethics-policy\/\",\"diversityPolicy\":\"https:\/\/talkpal.ai\/diversity-policy\/\",\"diversityStaffingReport\":\"https:\/\/talkpal.ai\/diversity-policy\/\"}]}<\/script>\n<!-- \/ Yoast SEO Premium plugin. -->","yoast_head_json":{"title":"E\u017cer\u010bizzji tal-Grammatika tan-Nepal - Talkpal","description":"Master Nepali Grammar Exercises for effective communication. Esplora t-tempijiet u l-istrutturi tas-sentenzi g\u0127all-fluwenza tal-lingwa.","robots":{"index":"index","follow":"follow","max-snippet":"max-snippet:-1","max-image-preview":"max-image-preview:large","max-video-preview":"max-video-preview:-1"},"canonical":"https:\/\/talkpal.ai\/mt\/ezercizzji-tal-grammatika-tan-nepal\/","og_locale":"mt_MT","og_type":"article","og_title":"E\u017cer\u010bizzji tal-Grammatika tan-Nepal","og_description":"Su\u0121\u0121etti tal-Grammatika tan-Nepal It-tag\u0127lim tal-lingwa Nepali\u017ca jista 'jkun esperjenza affaxxinanti u ta' sodisfazzjon g\u0127al kull min hu interessat li","og_url":"https:\/\/talkpal.ai\/mt\/ezercizzji-tal-grammatika-tan-nepal\/","og_site_name":"Talkpal","article_publisher":"https:\/\/www.facebook.com\/profile.php?id=100090733639311","article_modified_time":"2025-12-17T14:35:51+00:00","og_image":[{"width":512,"height":512,"url":"https:\/\/talkpal.ai\/wp-content\/uploads\/2023\/05\/nepal.png","type":"image\/png"}],"twitter_card":"summary_large_image","twitter_site":"@talkpalai","twitter_misc":{"Est. reading time":"3 minutes"},"schema":{"@context":"https:\/\/schema.org","@graph":[{"@type":"WebPage","@id":"https:\/\/talkpal.ai\/mt\/ezercizzji-tal-grammatika-tan-nepal\/","url":"https:\/\/talkpal.ai\/mt\/ezercizzji-tal-grammatika-tan-nepal\/","name":"E\u017cer\u010bizzji tal-Grammatika tan-Nepal - Talkpal","isPartOf":{"@id":"https:\/\/talkpal.ai\/mt\/#website"},"primaryImageOfPage":{"@id":"https:\/\/talkpal.ai\/mt\/ezercizzji-tal-grammatika-tan-nepal\/#primaryimage"},"image":{"@id":"https:\/\/talkpal.ai\/mt\/ezercizzji-tal-grammatika-tan-nepal\/#primaryimage"},"thumbnailUrl":"https:\/\/talkpal.ai\/wp-content\/uploads\/2023\/05\/nepal.png","datePublished":"2023-06-22T08:52:21+00:00","dateModified":"2025-12-17T14:35:51+00:00","description":"Master Nepali Grammar Exercises for effective communication. Esplora t-tempijiet u l-istrutturi tas-sentenzi g\u0127all-fluwenza tal-lingwa.","breadcrumb":{"@id":"https:\/\/talkpal.ai\/mt\/ezercizzji-tal-grammatika-tan-nepal\/#breadcrumb"},"inLanguage":"mt-MT","potentialAction":[{"@type":"ReadAction","target":["https:\/\/talkpal.ai\/mt\/ezercizzji-tal-grammatika-tan-nepal\/"]}]},{"@type":"ImageObject","inLanguage":"mt-MT","@id":"https:\/\/talkpal.ai\/mt\/ezercizzji-tal-grammatika-tan-nepal\/#primaryimage","url":"https:\/\/talkpal.ai\/wp-content\/uploads\/2023\/05\/nepal.png","contentUrl":"https:\/\/talkpal.ai\/wp-content\/uploads\/2023\/05\/nepal.png","width":512,"height":512,"caption":"TalkPal Nepal Flag"},{"@type":"BreadcrumbList","@id":"https:\/\/talkpal.ai\/mt\/ezercizzji-tal-grammatika-tan-nepal\/#breadcrumb","itemListElement":[{"@type":"ListItem","position":1,"name":"Homepage","item":"https:\/\/talkpal.ai\/mt\/"},{"@type":"ListItem","position":2,"name":"E\u017cer\u010bizzji tal-Grammatika tan-Nepal"}]},{"@type":"WebSite","@id":"https:\/\/talkpal.ai\/mt\/#website","url":"https:\/\/talkpal.ai\/mt\/","name":"Talkpal","description":"AI Language Learning","publisher":{"@id":"https:\/\/talkpal.ai\/mt\/#organization"},"alternateName":"Talkpal AI","potentialAction":[{"@type":"SearchAction","target":{"@type":"EntryPoint","urlTemplate":"https:\/\/talkpal.ai\/mt\/?s={search_term_string}"},"query-input":{"@type":"PropertyValueSpecification","valueRequired":true,"valueName":"search_term_string"}}],"inLanguage":"mt-MT"},{"@type":"Organization","@id":"https:\/\/talkpal.ai\/mt\/#organization","name":"Talkpal, Inc.","alternateName":"Talkpal AI","url":"https:\/\/talkpal.ai\/mt\/","logo":{"@type":"ImageObject","inLanguage":"mt-MT","@id":"https:\/\/talkpal.ai\/mt\/#\/schema\/logo\/image\/","url":"https:\/\/talkpal.ai\/wp-content\/uploads\/2024\/03\/Talkpal-Logo-Icon.png","contentUrl":"https:\/\/talkpal.ai\/wp-content\/uploads\/2024\/03\/Talkpal-Logo-Icon.png","width":2880,"height":2880,"caption":"Talkpal, Inc."},"image":{"@id":"https:\/\/talkpal.ai\/mt\/#\/schema\/logo\/image\/"},"sameAs":["https:\/\/www.facebook.com\/profile.php?id=100090733639311","https:\/\/x.com\/talkpalai","https:\/\/www.linkedin.com\/company\/talkpal\/","https:\/\/www.youtube.com\/@TalkPal\/","https:\/\/www.tiktok.com\/@talkpal","https:\/\/www.instagram.com\/talkpal_ai\/","https:\/\/www.crunchbase.com\/organization\/talkpal-9cde","https:\/\/www.g2.com\/products\/talkpal-for-business\/","https:\/\/www.trustpilot.com\/review\/talkpal.ai","https:\/\/www.capterra.com\/p\/10006800\/TalkPal\/"],"description":"Talkpal is a language learning web and mobile education app, powered by the latest AI technologies, that provides engaging experiences to its customers in many different languages to help them improve their language skills. Users can chat about unlimited amount of topics with the app and use other modes to practice their language learning.","email":"support@talkpal.ai","legalName":"Talkpal, Inc.","foundingDate":"2023-04-03","duns":"118989042","numberOfEmployees":{"@type":"QuantitativeValue","minValue":"11","maxValue":"50"},"publishingPrinciples":"https:\/\/talkpal.ai\/publishing-principles\/","actionableFeedbackPolicy":"https:\/\/talkpal.ai\/actionable-feedback-policy\/","correctionsPolicy":"https:\/\/talkpal.ai\/corrections-policy\/","ethicsPolicy":"https:\/\/talkpal.ai\/ethics-policy\/","diversityPolicy":"https:\/\/talkpal.ai\/diversity-policy\/","diversityStaffingReport":"https:\/\/talkpal.ai\/diversity-policy\/"}]}},"_links":{"self":[{"href":"https:\/\/talkpal.ai\/mt\/wp-json\/wp\/v2\/pages\/1447891","targetHints":{"allow":["GET"]}}],"collection":[{"href":"https:\/\/talkpal.ai\/mt\/wp-json\/wp\/v2\/pages"}],"about":[{"href":"https:\/\/talkpal.ai\/mt\/wp-json\/wp\/v2\/types\/page"}],"author":[{"embeddable":true,"href":"https:\/\/talkpal.ai\/mt\/wp-json\/wp\/v2\/users\/6"}],"replies":[{"embeddable":true,"href":"https:\/\/talkpal.ai\/mt\/wp-json\/wp\/v2\/comments?post=1447891"}],"version-history":[{"count":0,"href":"https:\/\/talkpal.ai\/mt\/wp-json\/wp\/v2\/pages\/1447891\/revisions"}],"wp:featuredmedia":[{"embeddable":true,"href":"https:\/\/talkpal.ai\/mt\/wp-json\/wp\/v2\/media\/1443631"}],"wp:attachment":[{"href":"https:\/\/talkpal.ai\/mt\/wp-json\/wp\/v2\/media?parent=1447891"}],"curies":[{"name":"wp","href":"https:\/\/api.w.org\/{rel}","templated":true}]}}