{"id":1447887,"date":"2023-06-27T09:07:34","date_gmt":"2023-06-27T09:07:34","guid":{"rendered":"https:\/\/talkpal.ai\/ezercizzji-tal-grammatika-pollakka\/"},"modified":"2025-12-17T09:57:22","modified_gmt":"2025-12-17T09:57:22","slug":"ezercizzji-tal-grammatika-pollakka","status":"publish","type":"page","link":"https:\/\/talkpal.ai\/mt\/ezercizzji-tal-grammatika-pollakka\/","title":{"rendered":"E\u017cer\u010bizzji tal-Grammatika Pollakka"},"content":{"rendered":"\r\n\r\n\r\n<section class=\"languageChallengeSection\">\r\n    <div class=\"languageInfoWrapper\">\r\n        \r\n        <h1>E\u017cer\u010bizzji tal-Grammatika Pollakka<\/h1>\r\n        <p>Lest biex issa\u0127\u0127a\u0127 il-\u0127iliet tal-lingwa Pollakka tieg\u0127ek? Il-prattika tal-e\u017cer\u010bizzji tal-grammatika hija mod tajjeb \u0127afna biex tikkontrolla l-istruttura tas-sentenza, il-konjugazzjonijiet tal-verb, u l-mudelli uni\u010bi tal-Pollakk. Ibda ta\u0127dem fuq il-grammatika Pollakka llum u ara kif il-kunfidenza u l-fluwenza tieg\u0127ek jitjiebu b&#039;kull e\u017cer\u010bizzju!\n\n<\/p>\r\n\r\n                            <a class=\"getStartedHidden\" href=\"https:\/\/app.talkpal.ai\/signup?lng=\">Ibda<\/a>\r\n        \r\n    <\/div>\r\n\r\n    <figure>\r\n    <img decoding=\"async\" width=\"768\" height=\"768\" src=\"https:\/\/talkpal.ai\/wp-content\/uploads\/2023\/06\/polish-768x768.png\" class=\"languageImage no-lazy\" alt=\"Practical tips on language learning techniques\" fetchpriority=\"high\" sizes=\"(max-width: 768px) 150px, 768px\" srcset=\"https:\/\/talkpal.ai\/wp-content\/uploads\/2023\/06\/polish-768x768.png 768w, https:\/\/talkpal.ai\/wp-content\/uploads\/2023\/06\/polish-300x300.png 300w\" \/>\r\n    \r\n\r\n    <\/figure>\r\n\r\n            <a class=\"getStartedVisible\" href=\"https:\/\/app.talkpal.ai\/signup?lng=\">Ibda<\/a>\r\n    \r\n<\/section>\r\n\r\n\r\n<!-- <section class=\"grammarSection\">\r\n    <div class=\"grammarLinks\">\r\n            <\/div>\r\n<\/section> -->\r\n\r\n\r\n\r\n\r\n<section class=\"promotionalBanner\">\r\n    <p class=\"promotionalText\">L-aktar mod effi\u010bjenti biex titg\u0127allem lingwa<\/p>\r\n    <a class=\"promotionalLink\" href=\"https:\/\/app.talkpal.ai\/signup?lng=\">Ipprova Talkpal b&#8217;xejn<\/a>\r\n<\/section>\n<div class=\"wp-block-group pageContainerStyle\"><div class=\"wp-block-group__inner-container is-layout-constrained wp-block-group-is-layout-constrained\">\n<h2 class=\"wp-block-heading\" id=\"h-polish-grammar-topics\">Su\u0121\u0121etti tal-Grammatika Pollakka<\/h2>\n\n\n\n<p>Il-Pollakk, lingwa Slava tal-Punent, hija l-lingwa nattiva tal-Polonja u mitkellma minn miljuni ta&#8217; nies madwar id-dinja. Bis-sistema grammatikali kumplessa u l-pronunzja unika tag\u0127ha, it-tag\u0127lim tal-Pollakk jista &#8216;jkun pjuttost ta&#8217; sfida, i\u017cda wkoll ta &#8216;sodisfazzjon. Biex jinkiseb fehim tajjeb u \u0127akma tal-lingwa, huwa essenzjali li titg\u0127allem ir-regoli tal-grammatika tag\u0127ha f&#8217;sekwenza strutturata u lo\u0121ika. F&#8217;din il-gwida, se nesploraw is-su\u0121\u0121etti ewlenin tal-grammatika bil-Pollakk, b\u0127al tempi, verbi, nomi, artikli, pronomi, a\u0121\u0121ettivi, avverbji, kundizzjonali, prepo\u017cizzjonijiet, u strutturi ta &#8216;sentenzi. Billi ssegwi din is-sekwenza, tkun tista &#8216;tibni progressivament il-\u0127iliet tal-lingwa Pollakka tieg\u0127ek u tikkomunika b&#8217;mod effettiv.<\/p>\n\n\n\n<h3 class=\"wp-block-heading\" id=\"h-1-nouns\">1. Nomi:<\/h3>\n\n\n\n<p>Fil-Pollakk, in-nomi huma maqsuma fi tliet \u0121eneri: maskili, femminili, u neutri. G\u0127andhom ukoll seba &#8216;ka\u017cijiet: nominativ, \u0121enittiv, dattiv, akku\u017cattiv, strumentali, lokattiv, u vokattiv. It-tag\u0127lim tas-sistema tal-\u0121eneru u tal-ka\u017cijiet huwa kru\u010bjali biex wie\u0127ed jifhem l-istrutturi tas-sentenzi u l-u\u017cu tal-forom korretti ta&#8217; elementi grammatikali o\u0127ra, b\u0127al a\u0121\u0121ettivi u pronomi.<\/p>\n\n\n\n<h3 class=\"wp-block-heading\" id=\"h-2-pronouns-determiners\">2. Pronomi \/ Determinaturi:<\/h3>\n\n\n\n<p>Il-pronomi u d-determinanti Pollakki jaqblu man-nomi fil-\u0121eneru, in-numru, u l-ka\u017c. Dawn jinkludu <a href=\"https:\/\/talkpal.ai\/ar\/grammar_exercises\/pronomi-personali-%d8%aa%d9%85%d8%a7%d8%b1%d9%8a%d9%86-%d9%84%d9%84%d9%82%d9%88%d8%a7%d8%b9%d8%af-%d8%a7%d9%84%d8%a5%d9%8a%d8%b7%d8%a7%d9%84%d9%8a%d8%a9\/\">pronomi personali<\/a>, possessivi, dimostrattivi, interrogattivi u relattivi. Il-\u0127akma tal-u\u017cu tal-pronomi u d-determinaturi tg\u0127in fil-bini ta&#8217; sentenzi aktar kumplessi u l-espressjoni ta&#8217; diversi relazzjonijiet bejn il-kliem.<\/p>\n\n\n\n<h3 class=\"wp-block-heading\" id=\"h-3-adjectives\">3. A\u0121\u0121ettivi:<\/h3>\n\n\n\n<p>L-a\u0121\u0121ettivi fil-Pollakk jaqblu man-nomi fis-sess, in-numru, u l-ka\u017c. Huma g\u0127andhom forom differenti bba\u017cati fuq dawn il-fatturi, g\u0127alhekk it-tag\u0127lim tal-mudelli tad-deklinazzjoni g\u0127all-a\u0121\u0121ettivi huwa essenzjali g\u0127all-u\u017cu xieraq u l-fehim tal-fra\u017cijiet deskrittivi.<\/p>\n\n\n\n<h3 class=\"wp-block-heading\" id=\"h-4-verbs\">4. Verbi:<\/h3>\n\n\n\n<p>Is-sistema tal-verbi Pollakki tikkonsisti fi tliet tempi: passat, pre\u017cent u futur. Il-verbi g\u0127andhom ukoll forom differenti bba\u017cati fuq l-aspett (perfettiv jew imperfettiv) u mudelli ta&#8217; konjugazzjoni. It-tag\u0127lim tal-ba\u017ci\u010bi tal-konjugazzjoni u l-aspett tal-verb huwa fundamentali g\u0127all-espressjoni ta &#8216;azzjonijiet, avvenimenti, u stati f&#8217;diversi perjodi ta&#8217; \u017cmien.<\/p>\n\n\n\n<h3 class=\"wp-block-heading\" id=\"h-5-tense-comparison\">5. Paragun tat-tensjoni:<\/h3>\n\n\n\n<p>Understanding the differences and similarities between the three tenses in Polish allows you to express time relationships accurately. Dan jinkludi l-formazzjoni u l-u\u017cu ta &#8216;forom progressivi sempli\u010bi, progressivi u perfetti.<\/p>\n\n\n\n<h3 class=\"wp-block-heading\" id=\"h-6-adverbs\">6. Avverbji:<\/h3>\n\n\n\n<p>L-avverbji bil-Pollakk jipprovdu informazzjoni addizzjonali dwar verbi, a\u0121\u0121ettivi, jew avverbji o\u0127ra. Huma tipikament ma jbiddlux il-forma tag\u0127hom, u jag\u0127milhom relattivament fa\u010bli biex jitg\u0127allmu. Li tkun taf kif tu\u017ca l-avverbji kif suppost itejjeb l-espressivit\u00e0 tal-lingwa tieg\u0127ek.<\/p>\n\n\n\n<h3 class=\"wp-block-heading\" id=\"h-7-prepositions\">7. Prepo\u017cizzjonijiet:<\/h3>\n\n\n\n<p>Il-prepo\u017cizzjonijiet Pollakki jirregolaw ka\u017cijiet spe\u010bifi\u010bi u juru relazzjonijiet bejn il-kliem f&#8217;sentenza. It-tag\u0127lim tal-u\u017cu korrett tal-prepo\u017cizzjonijiet u l-ka\u017cijiet korrispondenti tag\u0127hom huwa vitali g\u0127all-bini ta &#8216;sentenzi aktar kumplessi u l-espressjoni ta&#8217; diversi relazzjonijiet bejn il-kliem.<\/p>\n\n\n\n<h3 class=\"wp-block-heading\" id=\"h-8-conditionals\">8. Kondizzjonali:<\/h3>\n\n\n\n<p>Sentenzi kondizzjonali fil-Pollakk jesprimu sitwazzjonijiet ipoteti\u010bi u l-konsegwenzi tag\u0127hom. Tipikament jikkonsistu f&#8217;\u017cew\u0121 klawsoli: il-kundizzjoni (if-clause) u r-ri\u017cultat (klaw\u017cola ewlenija). It-tag\u0127lim tal-formazzjoni u l-u\u017cu ta &#8216;kondizzjonali jippermettilek tesprimi sitwazzjonijiet ipoteti\u010bi u l-konsegwenzi tag\u0127hom b&#8217;mod pre\u010bi\u017c.<\/p>\n\n\n\n<h3 class=\"wp-block-heading\" id=\"h-9-sentences\">9. Sentenzi:<\/h3>\n\n\n\n<p>Biex tikkomunika b&#8217;mod effettiv bil-Pollakk, huwa essenzjali li tifhem l-istrutturi ba\u017ci\u010bi tas-sentenzi, inklu\u017ci sentenzi dikjarattivi, interrogattivi, imperattivi u esklamatorji. Il-\u0127akma tal-istrutturi tas-sentenzi tg\u0127in fl-espressjoni tal-\u0127sibijiet, tistaqsi mistoqsijiet, tag\u0127ti ordnijiet, u twassal emozzjonijiet bil-Pollakk.<\/p>\n<\/div><\/div>\n\r\n<section class=\"learnNavigationSection\">\r\n            \r\n        <a href=\"https:\/\/talkpal.ai\/mt\/tghallem-il-pollakk\/\">\r\n            <div class=\"learnNavigationWrapper\">\r\n                <div class=\"learnNavigationContent\">\r\n                    <img decoding=\"async\" src=\"https:\/\/talkpal.ai\/wp-content\/uploads\/2024\/08\/Polish.jpg\" alt=\"Polish Flag\">\r\n                    <div>\r\n                        <h4>Dwar it-Tag\u0127lim Pollakk<\/h4>\r\n                        <p>Sir af kollox dwar il-grammatika Pollakka.<\/p>\r\n                    <\/div>\r\n                <\/div>\r\n            <\/div>\r\n        <\/a>\r\n\r\n        \r\n        <a href=\"https:\/\/talkpal.ai\/mt\/grammatika-pollakka\/\">\r\n            <div class=\"learnNavigationWrapper\">\r\n                <div class=\"learnNavigationContent\">\r\n                    <img decoding=\"async\" src=\"https:\/\/talkpal.ai\/wp-content\/uploads\/2024\/08\/Polish.jpg\" alt=\"Polish Flag\">\r\n                    <div>\r\n                        <h4>Lezzjonijiet tal-Grammatika Pollakka<\/h4>\r\n                        <p>Prattika l-grammatika Pollakka.<\/p>\r\n                    <\/div>\r\n                <\/div>\r\n            <\/div>\r\n        <\/a>\r\n\r\n        \r\n        <a href=\"https:\/\/talkpal.ai\/vocabulary_language\/polish\/\">\r\n            <div class=\"learnNavigationWrapper\">\r\n                <div class=\"learnNavigationContent\">\r\n                    <img decoding=\"async\" src=\"https:\/\/talkpal.ai\/wp-content\/uploads\/2024\/08\/Polish.jpg\" alt=\"Polish Flag\">\r\n                    <div>\r\n                        <h4>Vokabularju Pollakk<\/h4>\r\n                        <p>Espandi l-vokabularju Pollakk tieg\u0127ek.<\/p>\r\n                    <\/div>\r\n                <\/div>\r\n            <\/div>\r\n        <\/a>\r\n\r\n            <\/section>","protected":false},"excerpt":{"rendered":"<p>Su\u0121\u0121etti tal-Grammatika Pollakka Il-Pollakk, lingwa Slava tal-Punent, hija l-lingwa nattiva tal-Polonja u mitkellma minn miljuni ta&#8217; nies madwar id-dinja. Bis-sistema grammatikali kumplessa u l-pronunzja unika tag\u0127ha, it-tag\u0127lim tal-Pollakk jista &#8216;jkun pjuttost ta&#8217; sfida, i\u017cda wkoll ta &#8216;sodisfazzjon. Biex jinkiseb fehim tajjeb u \u0127akma tal-lingwa, huwa essenzjali li titg\u0127allem ir-regoli tal-grammatika tag\u0127ha f&#8217;sekwenza strutturata u lo\u0121ika. [&hellip;]<\/p>\n","protected":false},"author":6,"featured_media":1443941,"parent":0,"menu_order":0,"comment_status":"closed","ping_status":"closed","template":"LearningContentPage.php","meta":{"_acf_changed":false,"footnotes":""},"class_list":["post-1447887","page","type-page","status-publish","has-post-thumbnail","hentry"],"acf":[],"yoast_head":"<!-- This site is optimized with the Yoast SEO Premium plugin v27.2 (Yoast SEO v27.2) - https:\/\/yoast.com\/product\/yoast-seo-premium-wordpress\/ -->\n<title>E\u017cer\u010bizzji tal-Grammatika Pollakka - Talkpal<\/title>\n<meta name=\"description\" content=\"Kaptan il-grammatika Pollakka b&#039;e\u017cer\u010bizzji interattivi ddisinjati g\u0127al-livelli kollha. Ipprattika u ttejjeb il-\u0127iliet lingwisti\u010bi tieg\u0127ek!\" \/>\n<meta name=\"robots\" content=\"index, follow, max-snippet:-1, max-image-preview:large, max-video-preview:-1\" \/>\n<link rel=\"canonical\" href=\"https:\/\/talkpal.ai\/mt\/ezercizzji-tal-grammatika-pollakka\/\" \/>\n<meta property=\"og:locale\" content=\"mt_MT\" \/>\n<meta property=\"og:type\" content=\"article\" \/>\n<meta property=\"og:title\" content=\"E\u017cer\u010bizzji tal-Grammatika Pollakka\" \/>\n<meta property=\"og:description\" content=\"Su\u0121\u0121etti tal-Grammatika Pollakka Il-Pollakk, lingwa Slava tal-Punent, hija l-lingwa nattiva tal-Polonja u mitkellma minn miljuni ta&#039; nies madwar id-dinja.\" \/>\n<meta property=\"og:url\" content=\"https:\/\/talkpal.ai\/mt\/ezercizzji-tal-grammatika-pollakka\/\" \/>\n<meta property=\"og:site_name\" content=\"Talkpal\" \/>\n<meta property=\"article:publisher\" content=\"https:\/\/www.facebook.com\/profile.php?id=100090733639311\" \/>\n<meta property=\"article:modified_time\" content=\"2025-12-17T09:57:22+00:00\" \/>\n<meta property=\"og:image\" content=\"https:\/\/talkpal.ai\/wp-content\/uploads\/2023\/05\/poland.png\" \/>\n\t<meta property=\"og:image:width\" content=\"512\" \/>\n\t<meta property=\"og:image:height\" content=\"512\" \/>\n\t<meta property=\"og:image:type\" content=\"image\/png\" \/>\n<meta name=\"twitter:card\" content=\"summary_large_image\" \/>\n<meta name=\"twitter:site\" content=\"@talkpalai\" \/>\n<meta name=\"twitter:label1\" content=\"Est. reading time\" \/>\n\t<meta name=\"twitter:data1\" content=\"3 minutes\" \/>\n<script type=\"application\/ld+json\" class=\"yoast-schema-graph\">{\"@context\":\"https:\/\/schema.org\",\"@graph\":[{\"@type\":\"WebPage\",\"@id\":\"https:\/\/talkpal.ai\/mt\/ezercizzji-tal-grammatika-pollakka\/\",\"url\":\"https:\/\/talkpal.ai\/mt\/ezercizzji-tal-grammatika-pollakka\/\",\"name\":\"E\u017cer\u010bizzji tal-Grammatika Pollakka - Talkpal\",\"isPartOf\":{\"@id\":\"https:\/\/talkpal.ai\/mt\/#website\"},\"primaryImageOfPage\":{\"@id\":\"https:\/\/talkpal.ai\/mt\/ezercizzji-tal-grammatika-pollakka\/#primaryimage\"},\"image\":{\"@id\":\"https:\/\/talkpal.ai\/mt\/ezercizzji-tal-grammatika-pollakka\/#primaryimage\"},\"thumbnailUrl\":\"https:\/\/talkpal.ai\/wp-content\/uploads\/2023\/05\/poland.png\",\"datePublished\":\"2023-06-27T09:07:34+00:00\",\"dateModified\":\"2025-12-17T09:57:22+00:00\",\"description\":\"Kaptan il-grammatika Pollakka b'e\u017cer\u010bizzji interattivi ddisinjati g\u0127al-livelli kollha. Ipprattika u ttejjeb il-\u0127iliet lingwisti\u010bi tieg\u0127ek!\",\"breadcrumb\":{\"@id\":\"https:\/\/talkpal.ai\/mt\/ezercizzji-tal-grammatika-pollakka\/#breadcrumb\"},\"inLanguage\":\"mt-MT\",\"potentialAction\":[{\"@type\":\"ReadAction\",\"target\":[\"https:\/\/talkpal.ai\/mt\/ezercizzji-tal-grammatika-pollakka\/\"]}]},{\"@type\":\"ImageObject\",\"inLanguage\":\"mt-MT\",\"@id\":\"https:\/\/talkpal.ai\/mt\/ezercizzji-tal-grammatika-pollakka\/#primaryimage\",\"url\":\"https:\/\/talkpal.ai\/wp-content\/uploads\/2023\/05\/poland.png\",\"contentUrl\":\"https:\/\/talkpal.ai\/wp-content\/uploads\/2023\/05\/poland.png\",\"width\":512,\"height\":512,\"caption\":\"TalkPal Poland Flag\"},{\"@type\":\"BreadcrumbList\",\"@id\":\"https:\/\/talkpal.ai\/mt\/ezercizzji-tal-grammatika-pollakka\/#breadcrumb\",\"itemListElement\":[{\"@type\":\"ListItem\",\"position\":1,\"name\":\"Homepage\",\"item\":\"https:\/\/talkpal.ai\/mt\/\"},{\"@type\":\"ListItem\",\"position\":2,\"name\":\"E\u017cer\u010bizzji tal-Grammatika Pollakka\"}]},{\"@type\":\"WebSite\",\"@id\":\"https:\/\/talkpal.ai\/mt\/#website\",\"url\":\"https:\/\/talkpal.ai\/mt\/\",\"name\":\"Talkpal\",\"description\":\"AI Language Learning\",\"publisher\":{\"@id\":\"https:\/\/talkpal.ai\/mt\/#organization\"},\"alternateName\":\"Talkpal AI\",\"potentialAction\":[{\"@type\":\"SearchAction\",\"target\":{\"@type\":\"EntryPoint\",\"urlTemplate\":\"https:\/\/talkpal.ai\/mt\/?s={search_term_string}\"},\"query-input\":{\"@type\":\"PropertyValueSpecification\",\"valueRequired\":true,\"valueName\":\"search_term_string\"}}],\"inLanguage\":\"mt-MT\"},{\"@type\":\"Organization\",\"@id\":\"https:\/\/talkpal.ai\/mt\/#organization\",\"name\":\"Talkpal, Inc.\",\"alternateName\":\"Talkpal AI\",\"url\":\"https:\/\/talkpal.ai\/mt\/\",\"logo\":{\"@type\":\"ImageObject\",\"inLanguage\":\"mt-MT\",\"@id\":\"https:\/\/talkpal.ai\/mt\/#\/schema\/logo\/image\/\",\"url\":\"https:\/\/talkpal.ai\/wp-content\/uploads\/2024\/03\/Talkpal-Logo-Icon.png\",\"contentUrl\":\"https:\/\/talkpal.ai\/wp-content\/uploads\/2024\/03\/Talkpal-Logo-Icon.png\",\"width\":2880,\"height\":2880,\"caption\":\"Talkpal, Inc.\"},\"image\":{\"@id\":\"https:\/\/talkpal.ai\/mt\/#\/schema\/logo\/image\/\"},\"sameAs\":[\"https:\/\/www.facebook.com\/profile.php?id=100090733639311\",\"https:\/\/x.com\/talkpalai\",\"https:\/\/www.linkedin.com\/company\/talkpal\/\",\"https:\/\/www.youtube.com\/@TalkPal\/\",\"https:\/\/www.tiktok.com\/@talkpal\",\"https:\/\/www.instagram.com\/talkpal_ai\/\",\"https:\/\/www.crunchbase.com\/organization\/talkpal-9cde\",\"https:\/\/www.g2.com\/products\/talkpal-for-business\/\",\"https:\/\/www.trustpilot.com\/review\/talkpal.ai\",\"https:\/\/www.capterra.com\/p\/10006800\/TalkPal\/\"],\"description\":\"Talkpal is a language learning web and mobile education app, powered by the latest AI technologies, that provides engaging experiences to its customers in many different languages to help them improve their language skills. Users can chat about unlimited amount of topics with the app and use other modes to practice their language learning.\",\"email\":\"support@talkpal.ai\",\"legalName\":\"Talkpal, Inc.\",\"foundingDate\":\"2023-04-03\",\"duns\":\"118989042\",\"numberOfEmployees\":{\"@type\":\"QuantitativeValue\",\"minValue\":\"11\",\"maxValue\":\"50\"},\"publishingPrinciples\":\"https:\/\/talkpal.ai\/publishing-principles\/\",\"actionableFeedbackPolicy\":\"https:\/\/talkpal.ai\/actionable-feedback-policy\/\",\"correctionsPolicy\":\"https:\/\/talkpal.ai\/corrections-policy\/\",\"ethicsPolicy\":\"https:\/\/talkpal.ai\/ethics-policy\/\",\"diversityPolicy\":\"https:\/\/talkpal.ai\/diversity-policy\/\",\"diversityStaffingReport\":\"https:\/\/talkpal.ai\/diversity-policy\/\"}]}<\/script>\n<!-- \/ Yoast SEO Premium plugin. -->","yoast_head_json":{"title":"E\u017cer\u010bizzji tal-Grammatika Pollakka - Talkpal","description":"Kaptan il-grammatika Pollakka b'e\u017cer\u010bizzji interattivi ddisinjati g\u0127al-livelli kollha. Ipprattika u ttejjeb il-\u0127iliet lingwisti\u010bi tieg\u0127ek!","robots":{"index":"index","follow":"follow","max-snippet":"max-snippet:-1","max-image-preview":"max-image-preview:large","max-video-preview":"max-video-preview:-1"},"canonical":"https:\/\/talkpal.ai\/mt\/ezercizzji-tal-grammatika-pollakka\/","og_locale":"mt_MT","og_type":"article","og_title":"E\u017cer\u010bizzji tal-Grammatika Pollakka","og_description":"Su\u0121\u0121etti tal-Grammatika Pollakka Il-Pollakk, lingwa Slava tal-Punent, hija l-lingwa nattiva tal-Polonja u mitkellma minn miljuni ta' nies madwar id-dinja.","og_url":"https:\/\/talkpal.ai\/mt\/ezercizzji-tal-grammatika-pollakka\/","og_site_name":"Talkpal","article_publisher":"https:\/\/www.facebook.com\/profile.php?id=100090733639311","article_modified_time":"2025-12-17T09:57:22+00:00","og_image":[{"width":512,"height":512,"url":"https:\/\/talkpal.ai\/wp-content\/uploads\/2023\/05\/poland.png","type":"image\/png"}],"twitter_card":"summary_large_image","twitter_site":"@talkpalai","twitter_misc":{"Est. reading time":"3 minutes"},"schema":{"@context":"https:\/\/schema.org","@graph":[{"@type":"WebPage","@id":"https:\/\/talkpal.ai\/mt\/ezercizzji-tal-grammatika-pollakka\/","url":"https:\/\/talkpal.ai\/mt\/ezercizzji-tal-grammatika-pollakka\/","name":"E\u017cer\u010bizzji tal-Grammatika Pollakka - Talkpal","isPartOf":{"@id":"https:\/\/talkpal.ai\/mt\/#website"},"primaryImageOfPage":{"@id":"https:\/\/talkpal.ai\/mt\/ezercizzji-tal-grammatika-pollakka\/#primaryimage"},"image":{"@id":"https:\/\/talkpal.ai\/mt\/ezercizzji-tal-grammatika-pollakka\/#primaryimage"},"thumbnailUrl":"https:\/\/talkpal.ai\/wp-content\/uploads\/2023\/05\/poland.png","datePublished":"2023-06-27T09:07:34+00:00","dateModified":"2025-12-17T09:57:22+00:00","description":"Kaptan il-grammatika Pollakka b'e\u017cer\u010bizzji interattivi ddisinjati g\u0127al-livelli kollha. Ipprattika u ttejjeb il-\u0127iliet lingwisti\u010bi tieg\u0127ek!","breadcrumb":{"@id":"https:\/\/talkpal.ai\/mt\/ezercizzji-tal-grammatika-pollakka\/#breadcrumb"},"inLanguage":"mt-MT","potentialAction":[{"@type":"ReadAction","target":["https:\/\/talkpal.ai\/mt\/ezercizzji-tal-grammatika-pollakka\/"]}]},{"@type":"ImageObject","inLanguage":"mt-MT","@id":"https:\/\/talkpal.ai\/mt\/ezercizzji-tal-grammatika-pollakka\/#primaryimage","url":"https:\/\/talkpal.ai\/wp-content\/uploads\/2023\/05\/poland.png","contentUrl":"https:\/\/talkpal.ai\/wp-content\/uploads\/2023\/05\/poland.png","width":512,"height":512,"caption":"TalkPal Poland Flag"},{"@type":"BreadcrumbList","@id":"https:\/\/talkpal.ai\/mt\/ezercizzji-tal-grammatika-pollakka\/#breadcrumb","itemListElement":[{"@type":"ListItem","position":1,"name":"Homepage","item":"https:\/\/talkpal.ai\/mt\/"},{"@type":"ListItem","position":2,"name":"E\u017cer\u010bizzji tal-Grammatika Pollakka"}]},{"@type":"WebSite","@id":"https:\/\/talkpal.ai\/mt\/#website","url":"https:\/\/talkpal.ai\/mt\/","name":"Talkpal","description":"AI Language Learning","publisher":{"@id":"https:\/\/talkpal.ai\/mt\/#organization"},"alternateName":"Talkpal AI","potentialAction":[{"@type":"SearchAction","target":{"@type":"EntryPoint","urlTemplate":"https:\/\/talkpal.ai\/mt\/?s={search_term_string}"},"query-input":{"@type":"PropertyValueSpecification","valueRequired":true,"valueName":"search_term_string"}}],"inLanguage":"mt-MT"},{"@type":"Organization","@id":"https:\/\/talkpal.ai\/mt\/#organization","name":"Talkpal, Inc.","alternateName":"Talkpal AI","url":"https:\/\/talkpal.ai\/mt\/","logo":{"@type":"ImageObject","inLanguage":"mt-MT","@id":"https:\/\/talkpal.ai\/mt\/#\/schema\/logo\/image\/","url":"https:\/\/talkpal.ai\/wp-content\/uploads\/2024\/03\/Talkpal-Logo-Icon.png","contentUrl":"https:\/\/talkpal.ai\/wp-content\/uploads\/2024\/03\/Talkpal-Logo-Icon.png","width":2880,"height":2880,"caption":"Talkpal, Inc."},"image":{"@id":"https:\/\/talkpal.ai\/mt\/#\/schema\/logo\/image\/"},"sameAs":["https:\/\/www.facebook.com\/profile.php?id=100090733639311","https:\/\/x.com\/talkpalai","https:\/\/www.linkedin.com\/company\/talkpal\/","https:\/\/www.youtube.com\/@TalkPal\/","https:\/\/www.tiktok.com\/@talkpal","https:\/\/www.instagram.com\/talkpal_ai\/","https:\/\/www.crunchbase.com\/organization\/talkpal-9cde","https:\/\/www.g2.com\/products\/talkpal-for-business\/","https:\/\/www.trustpilot.com\/review\/talkpal.ai","https:\/\/www.capterra.com\/p\/10006800\/TalkPal\/"],"description":"Talkpal is a language learning web and mobile education app, powered by the latest AI technologies, that provides engaging experiences to its customers in many different languages to help them improve their language skills. Users can chat about unlimited amount of topics with the app and use other modes to practice their language learning.","email":"support@talkpal.ai","legalName":"Talkpal, Inc.","foundingDate":"2023-04-03","duns":"118989042","numberOfEmployees":{"@type":"QuantitativeValue","minValue":"11","maxValue":"50"},"publishingPrinciples":"https:\/\/talkpal.ai\/publishing-principles\/","actionableFeedbackPolicy":"https:\/\/talkpal.ai\/actionable-feedback-policy\/","correctionsPolicy":"https:\/\/talkpal.ai\/corrections-policy\/","ethicsPolicy":"https:\/\/talkpal.ai\/ethics-policy\/","diversityPolicy":"https:\/\/talkpal.ai\/diversity-policy\/","diversityStaffingReport":"https:\/\/talkpal.ai\/diversity-policy\/"}]}},"_links":{"self":[{"href":"https:\/\/talkpal.ai\/mt\/wp-json\/wp\/v2\/pages\/1447887","targetHints":{"allow":["GET"]}}],"collection":[{"href":"https:\/\/talkpal.ai\/mt\/wp-json\/wp\/v2\/pages"}],"about":[{"href":"https:\/\/talkpal.ai\/mt\/wp-json\/wp\/v2\/types\/page"}],"author":[{"embeddable":true,"href":"https:\/\/talkpal.ai\/mt\/wp-json\/wp\/v2\/users\/6"}],"replies":[{"embeddable":true,"href":"https:\/\/talkpal.ai\/mt\/wp-json\/wp\/v2\/comments?post=1447887"}],"version-history":[{"count":0,"href":"https:\/\/talkpal.ai\/mt\/wp-json\/wp\/v2\/pages\/1447887\/revisions"}],"wp:featuredmedia":[{"embeddable":true,"href":"https:\/\/talkpal.ai\/mt\/wp-json\/wp\/v2\/media\/1443941"}],"wp:attachment":[{"href":"https:\/\/talkpal.ai\/mt\/wp-json\/wp\/v2\/media?parent=1447887"}],"curies":[{"name":"wp","href":"https:\/\/api.w.org\/{rel}","templated":true}]}}