{"id":1447883,"date":"2023-06-27T08:41:59","date_gmt":"2023-06-27T08:41:59","guid":{"rendered":"https:\/\/talkpal.ai\/ezercizzji-grammatikali-norvegizi\/"},"modified":"2025-12-17T14:38:12","modified_gmt":"2025-12-17T14:38:12","slug":"ezercizzji-grammatikali-norvegizi","status":"publish","type":"page","link":"https:\/\/talkpal.ai\/mt\/ezercizzji-grammatikali-norvegizi\/","title":{"rendered":"E\u017cer\u010bizzji Grammatikali Norve\u0121i\u017ci"},"content":{"rendered":"\r\n\r\n\r\n<section class=\"languageChallengeSection\">\r\n    <div class=\"languageInfoWrapper\">\r\n        \r\n        <h1>E\u017cer\u010bizzji Grammatikali Norve\u0121i\u017ci<\/h1>\r\n        <p>Trid tikseb aktar kunfidenti fin-<a href=\"https:\/\/talkpal.ai\/learn-norwegian\/\">Norve\u0121i\u017c<\/a>? Il-prattika tal-e\u017cer\u010bizzji tal-grammatika hija mod tajjeb \u0127afna biex tikkontrolla l-istruttura tas-sentenzi, il-forom tal-verb, u l-mudelli uni\u010bi tal-lingwa Norve\u0121i\u017ca. Ibda ta\u0127dem fuq il-<a href=\"https:\/\/talkpal.ai\/norwegian-grammar\/\">grammatika Norve\u0121i\u017ca<\/a> llum u ara l-\u0127iliet u l-\u0127effa tieg\u0127ek jikbru ma &#039;kull e\u017cer\u010bizzju!\n\n<\/p>\r\n\r\n                            <a class=\"getStartedHidden\" href=\"https:\/\/app.talkpal.ai\/signup?lng=\">Ibda<\/a>\r\n        \r\n    <\/div>\r\n\r\n    <figure>\r\n    <img decoding=\"async\" width=\"768\" height=\"768\" src=\"https:\/\/talkpal.ai\/wp-content\/uploads\/2023\/06\/norwegian-768x768.png\" class=\"languageImage no-lazy\" alt=\"Language learning for extensive vocabulary\" fetchpriority=\"high\" sizes=\"(max-width: 768px) 150px, 768px\" srcset=\"https:\/\/talkpal.ai\/wp-content\/uploads\/2023\/06\/norwegian-768x768.png 768w, https:\/\/talkpal.ai\/wp-content\/uploads\/2023\/06\/norwegian-300x300.png 300w\" \/>\r\n    \r\n\r\n    <\/figure>\r\n\r\n            <a class=\"getStartedVisible\" href=\"https:\/\/app.talkpal.ai\/signup?lng=\">Ibda<\/a>\r\n    \r\n<\/section>\r\n\r\n\r\n<!-- <section class=\"grammarSection\">\r\n    <div class=\"grammarLinks\">\r\n            <\/div>\r\n<\/section> -->\r\n\r\n\r\n\r\n\r\n<section class=\"promotionalBanner\">\r\n    <p class=\"promotionalText\">L-aktar mod effi\u010bjenti biex titg\u0127allem lingwa<\/p>\r\n    <a class=\"promotionalLink\" href=\"https:\/\/app.talkpal.ai\/signup?lng=\">Ipprova Talkpal b&#8217;xejn<\/a>\r\n<\/section>\n<div class=\"wp-block-group pageContainerStyle\"><div class=\"wp-block-group__inner-container is-layout-constrained wp-block-group-is-layout-constrained\">\n<h2 class=\"wp-block-heading\" id=\"h-norwegian-grammar-topics\">Su\u0121\u0121etti tal-Grammatika Norve\u0121i\u017ca<\/h2>\n\n\n\n<p>It-tag\u0127lim tan-Norve\u0121i\u017c jista &#8216;jkun esperjenza e\u010b\u010bitanti u ta&#8217; sodisfazzjon, peress li jifta\u0127 il-bibien g\u0127al storja kulturali rikka, pajsa\u0121\u0121i tal-isturdament, u mod ta &#8216;\u0127ajja uniku fin-Norve\u0121ja. B\u0127ala lingwa \u0120ermani\u017ca tat-Tramuntana, in-Norve\u0121i\u017c jaqsam \u0127afna xebh mal-lingwi \u0121irien tieg\u0127u, l-I\u017cvedi\u017c u d-<a href=\"https:\/\/talkpal.ai\/learn-danish\/\">Dani\u017c<\/a>. Madankollu, tifta\u0127ar bil-grammatika, il-pronunzja u l-vokabularju distinti tag\u0127ha stess. Biex tindirizza din il-lingwa sabi\u0127a, huwa essenzjali li tifhem il-<a href=\"https:\/\/talkpal.ai\/norwegian-grammar\/\">grammatika Norve\u0121i\u017ca<\/a> u l-komponenti varji tag\u0127ha. F&#8217;din il-gwida, a\u0127na ser nesploraw l-aspetti ewlenin tal-grammatika Norve\u0121i\u017ca, inklu\u017ci tempi, verbi, nomi, artikli, pronomi, a\u0121\u0121ettivi, avverbji, kundizzjonali, prepo\u017cizzjonijiet, u sentenzi, biex jg\u0127inuk tibni pedament b&#8217;sa\u0127\u0127tu g\u0127all-vja\u0121\u0121 tat-tag\u0127lim tal-lingwa tieg\u0127ek.<\/p>\n\n\n\n<h3 class=\"wp-block-heading\" id=\"h-1-tenses\">1. Tempi:<\/h3>\n\n\n\n<p>B\u0127ala punt tat-tluq, iffoka fuq il-fehim tat-tempi Norve\u0121i\u017ci. In-Norve\u0121i\u017c g\u0127andu tliet tempi ewlenin: pre\u017cent, passat u futur, li huma kru\u010bjali biex jesprimu azzjonijiet u avvenimenti f&#8217;punti differenti fi\u017c-\u017cmien. Familjarizza ru\u0127ek mal-mod kif il-verbi huma konjugati u kif jinbidlu f&#8217;diversi tempi.<\/p>\n\n\n\n<h3 class=\"wp-block-heading\" id=\"h-2-tense-comparison\">2. Paragun tat-tensjoni:<\/h3>\n\n\n\n<p>Ladarba jkollok qabda fuq it-tempi ba\u017ci\u010bi, esplora kif dawn iqabblu u jikkuntrastaw ma &#8216;xulxin. Dan jg\u0127inek tifhem l-isfumaturi tat-tifsira u ttejjeb il-\u0127iliet tal-komprensjoni u l-komunikazzjoni tieg\u0127ek.<\/p>\n\n\n\n<h3 class=\"wp-block-heading\" id=\"h-3-verbs\">3. Verbi:<\/h3>\n\n\n\n<p>Il-verbi Norve\u0121i\u017ci huma vitali g\u0127all-bini ta&#8217; sentenzi u t-twassal ta&#8217; tifsira. Tg\u0127allem dwar it-tipi differenti ta &#8216;verbi u kif jintera\u0121ixxu ma&#8217; su\u0121\u0121etti u o\u0121\u0121etti f&#8217;sentenza. <a href=\"https:\/\/talkpal.ai\/locations\/language-courses-in-barra\/\">Barra<\/a> minn hekk, tifhem il-kun\u010bett ta &#8216;verbi modali u kif jesprimu ne\u010bessit\u00e0, possibbilt\u00e0 u obbligu.<\/p>\n\n\n\n<h3 class=\"wp-block-heading\" id=\"h-4-nouns\">4. Nomi:<\/h3>\n\n\n\n<p>In-nomi Norve\u0121i\u017ci huma kklassifikati fi tliet \u0121eneri: maskili, femminili, u neutri. Dan jaffettwa l-mod kif l-artikli, l-a\u0121\u0121ettivi, u l-pronomi jintu\u017caw mag\u0127hom. Tg\u0127allem ir-regoli g\u0127all-formazzjoni tal-plural u l-forom definiti u indefiniti tan-nomi.<\/p>\n\n\n\n<h3 class=\"wp-block-heading\" id=\"h-5-articles\">5. Artikoli:<\/h3>\n\n\n\n<p>L-artikli huma kliem qasir li jakkumpanjaw in-nomi u jindikaw is-sess u n-numru tag\u0127hom. In-Norve\u0121i\u017c g\u0127andu artikli definiti u indefiniti, li huma kru\u010bjali g\u0127all-formazzjoni korretta ta&#8217; sentenzi.<\/p>\n\n\n\n<h3 class=\"wp-block-heading\" id=\"h-6-pronouns-determiners\">6. Pronomi \/ Determinaturi:<\/h3>\n\n\n\n<p>Dawn il-kliem jissostitwixxu jew jimmodifikaw in-nomi, u g\u0127andhom jaqblu fis-sess u n-numru man-nom li jirreferu g\u0127alih. Studja d-diversi tipi ta &#8216;pronomi u determinaturi, inklu\u017ci pronomi personali, possessivi, dimostrattivi u relattivi.<\/p>\n\n\n\n<h3 class=\"wp-block-heading\" id=\"h-7-adjectives\">7. A\u0121\u0121ettivi:<\/h3>\n\n\n\n<p>L-a\u0121\u0121ettivi jiddeskrivu jew jimmodifikaw nomi u pronomi. Tg\u0127allem kif tu\u017ca l-a\u0121\u0121ettivi b&#8217;mod korrett billi tifhem ir-regoli tal-ftehim tag\u0127hom mal-\u0121eneru u n-numru tan-nomi li jimmodifikaw.<\/p>\n\n\n\n<h3 class=\"wp-block-heading\" id=\"h-8-adverbs\">8. Avverbji:<\/h3>\n\n\n\n<p>L-avverbji jimmodifikaw verbi, a\u0121\u0121ettivi, jew avverbji o\u0127ra, u jipprovdu informazzjoni addizzjonali dwar azzjonijiet jew kwalit\u00e0. Tg\u0127allem it-tipi differenti ta &#8216;avverbji u kif tu\u017cahom b&#8217;mod effettiv fis-sentenzi tieg\u0127ek.<\/p>\n\n\n\n<h3 class=\"wp-block-heading\" id=\"h-9-conditionals\">9. Kondizzjonali:<\/h3>\n\n\n\n<p>Il-kondizzjonali jintu\u017caw biex jesprimu sitwazzjonijiet ipoteti\u010bi u l-konsegwenzi tag\u0127hom. Studja t-tipi differenti ta &#8216;kondizzjonali u kif tifformahom billi tu\u017ca l-forom u l-kon\u0121unzjonijiet tal-verb korretti.<\/p>\n\n\n\n<h3 class=\"wp-block-heading\" id=\"h-10-prepositions\">10. Prepo\u017cizzjonijiet:<\/h3>\n\n\n\n<p>Il-prepo\u017cizzjonijiet huma kliem qasir li jindikaw relazzjonijiet bejn nomi, pronomi, u kliem ie\u0127or f&#8217;sentenza. Il-\u0127akma tal-u\u017cu tal-prepo\u017cizzjonijiet hija kru\u010bjali g\u0127all-fehim u l-iffurmar ta &#8216;sentenzi pre\u010bi\u017ci fin-Norve\u0121i\u017c.<\/p>\n\n\n\n<h3 class=\"wp-block-heading\" id=\"h-11-sentences\">11. Sentenzi:<\/h3>\n\n\n\n<p>Fl-a\u0127\u0127arnett, prattika l-kostruzzjoni ta &#8216;sentenzi fin-Norve\u0121i\u017c billi tg\u0127aqqad l-g\u0127arfien tieg\u0127ek ta&#8217; verbi, nomi, artikli, pronomi, a\u0121\u0121ettivi, avverbji, kundizzjonali, u prepo\u017cizzjonijiet. Esperimenta bi strutturi differenti ta &#8216;sentenzi u prattika l-formazzjoni ta&#8217; mistoqsijiet, dikjarazzjonijiet, u kmandi biex issir profi\u010bjenti fil-lingwa.<\/p>\n<\/div><\/div>\n\r\n<section class=\"learnNavigationSection\">\r\n            \r\n        <a href=\"https:\/\/talkpal.ai\/mt\/tghallem-in-norvegiz\/\">\r\n            <div class=\"learnNavigationWrapper\">\r\n                <div class=\"learnNavigationContent\">\r\n                    <img decoding=\"async\" src=\"https:\/\/talkpal.ai\/wp-content\/uploads\/2024\/08\/Norwegian.jpg\" alt=\"Norwegian Flag\">\r\n                    <div>\r\n                        <h4>Dwar it-Tag\u0127lim Norve\u0121i\u017c<\/h4>\r\n                        <p>Sir af kollox dwar il-grammatika Norve\u0121i\u017ca.<\/p>\r\n                    <\/div>\r\n                <\/div>\r\n            <\/div>\r\n        <\/a>\r\n\r\n        \r\n        <a href=\"https:\/\/talkpal.ai\/mt\/grammatika-norvegiza\/\">\r\n            <div class=\"learnNavigationWrapper\">\r\n                <div class=\"learnNavigationContent\">\r\n                    <img decoding=\"async\" src=\"https:\/\/talkpal.ai\/wp-content\/uploads\/2024\/08\/Norwegian.jpg\" alt=\"Norwegian Flag\">\r\n                    <div>\r\n                        <h4>Lezzjonijiet tal-Grammatika Norve\u0121i\u017ca<\/h4>\r\n                        <p>Prattika l-grammatika Norve\u0121i\u017ca.<\/p>\r\n                    <\/div>\r\n                <\/div>\r\n            <\/div>\r\n        <\/a>\r\n\r\n        \r\n        <a href=\"https:\/\/talkpal.ai\/vocabulary_language\/norwegian\/\">\r\n            <div class=\"learnNavigationWrapper\">\r\n                <div class=\"learnNavigationContent\">\r\n                    <img decoding=\"async\" src=\"https:\/\/talkpal.ai\/wp-content\/uploads\/2024\/08\/Norwegian.jpg\" alt=\"Norwegian Flag\">\r\n                    <div>\r\n                        <h4>Vokabularju Norve\u0121i\u017c<\/h4>\r\n                        <p>Espandi l-vokabularju Norve\u0121i\u017c tieg\u0127ek.<\/p>\r\n                    <\/div>\r\n                <\/div>\r\n            <\/div>\r\n        <\/a>\r\n\r\n            <\/section>","protected":false},"excerpt":{"rendered":"<p>Su\u0121\u0121etti tal-Grammatika Norve\u0121i\u017ca It-tag\u0127lim tan-Norve\u0121i\u017c jista &#8216;jkun esperjenza e\u010b\u010bitanti u ta&#8217; sodisfazzjon, peress li jifta\u0127 il-bibien g\u0127al storja kulturali rikka, pajsa\u0121\u0121i tal-isturdament, u mod ta &#8216;\u0127ajja uniku fin-Norve\u0121ja. B\u0127ala lingwa \u0120ermani\u017ca tat-Tramuntana, in-Norve\u0121i\u017c jaqsam \u0127afna xebh mal-lingwi \u0121irien tieg\u0127u, l-I\u017cvedi\u017c u d-Dani\u017c. Madankollu, tifta\u0127ar bil-grammatika, il-pronunzja u l-vokabularju distinti tag\u0127ha stess. Biex tindirizza din il-lingwa [&hellip;]<\/p>\n","protected":false},"author":6,"featured_media":1443637,"parent":0,"menu_order":0,"comment_status":"closed","ping_status":"closed","template":"LearningContentPage.php","meta":{"_acf_changed":false,"footnotes":""},"class_list":["post-1447883","page","type-page","status-publish","has-post-thumbnail","hentry"],"acf":[],"yoast_head":"<!-- This site is optimized with the Yoast SEO Premium plugin v27.2 (Yoast SEO v27.2) - https:\/\/yoast.com\/product\/yoast-seo-premium-wordpress\/ -->\n<title>E\u017cer\u010bizzji Grammatikali Norve\u0121i\u017ci - Talkpal<\/title>\n<meta name=\"description\" content=\"Ittejjeb il-\u0127iliet tieg\u0127ek b&#039;e\u017cer\u010bizzji tal-grammatika Norve\u0121i\u017ca impenjattivi. Perfetta g\u0127all-istudenti f&#039;kull livell biex jipprattikaw b&#039;mod effettiv.\" \/>\n<meta name=\"robots\" content=\"index, follow, max-snippet:-1, max-image-preview:large, max-video-preview:-1\" \/>\n<link rel=\"canonical\" href=\"https:\/\/talkpal.ai\/mt\/ezercizzji-grammatikali-norvegizi\/\" \/>\n<meta property=\"og:locale\" content=\"mt_MT\" \/>\n<meta property=\"og:type\" content=\"article\" \/>\n<meta property=\"og:title\" content=\"E\u017cer\u010bizzji Grammatikali Norve\u0121i\u017ci\" \/>\n<meta property=\"og:description\" content=\"Su\u0121\u0121etti tal-Grammatika Norve\u0121i\u017ca It-tag\u0127lim tan-Norve\u0121i\u017c jista &#039;jkun esperjenza e\u010b\u010bitanti u ta&#039; sodisfazzjon, peress li jifta\u0127 il-bibien g\u0127al storja\" \/>\n<meta property=\"og:url\" content=\"https:\/\/talkpal.ai\/mt\/ezercizzji-grammatikali-norvegizi\/\" \/>\n<meta property=\"og:site_name\" content=\"Talkpal\" \/>\n<meta property=\"article:publisher\" content=\"https:\/\/www.facebook.com\/profile.php?id=100090733639311\" \/>\n<meta property=\"article:modified_time\" content=\"2025-12-17T14:38:12+00:00\" \/>\n<meta property=\"og:image\" content=\"https:\/\/talkpal.ai\/wp-content\/uploads\/2023\/05\/norway.png\" \/>\n\t<meta property=\"og:image:width\" content=\"512\" \/>\n\t<meta property=\"og:image:height\" content=\"512\" \/>\n\t<meta property=\"og:image:type\" content=\"image\/png\" \/>\n<meta name=\"twitter:card\" content=\"summary_large_image\" \/>\n<meta name=\"twitter:site\" content=\"@talkpalai\" \/>\n<meta name=\"twitter:label1\" content=\"Est. reading time\" \/>\n\t<meta name=\"twitter:data1\" content=\"3 minutes\" \/>\n<script type=\"application\/ld+json\" class=\"yoast-schema-graph\">{\"@context\":\"https:\/\/schema.org\",\"@graph\":[{\"@type\":\"WebPage\",\"@id\":\"https:\/\/talkpal.ai\/mt\/ezercizzji-grammatikali-norvegizi\/\",\"url\":\"https:\/\/talkpal.ai\/mt\/ezercizzji-grammatikali-norvegizi\/\",\"name\":\"E\u017cer\u010bizzji Grammatikali Norve\u0121i\u017ci - Talkpal\",\"isPartOf\":{\"@id\":\"https:\/\/talkpal.ai\/mt\/#website\"},\"primaryImageOfPage\":{\"@id\":\"https:\/\/talkpal.ai\/mt\/ezercizzji-grammatikali-norvegizi\/#primaryimage\"},\"image\":{\"@id\":\"https:\/\/talkpal.ai\/mt\/ezercizzji-grammatikali-norvegizi\/#primaryimage\"},\"thumbnailUrl\":\"https:\/\/talkpal.ai\/wp-content\/uploads\/2023\/05\/norway.png\",\"datePublished\":\"2023-06-27T08:41:59+00:00\",\"dateModified\":\"2025-12-17T14:38:12+00:00\",\"description\":\"Ittejjeb il-\u0127iliet tieg\u0127ek b'e\u017cer\u010bizzji tal-grammatika Norve\u0121i\u017ca impenjattivi. Perfetta g\u0127all-istudenti f'kull livell biex jipprattikaw b'mod effettiv.\",\"breadcrumb\":{\"@id\":\"https:\/\/talkpal.ai\/mt\/ezercizzji-grammatikali-norvegizi\/#breadcrumb\"},\"inLanguage\":\"mt-MT\",\"potentialAction\":[{\"@type\":\"ReadAction\",\"target\":[\"https:\/\/talkpal.ai\/mt\/ezercizzji-grammatikali-norvegizi\/\"]}]},{\"@type\":\"ImageObject\",\"inLanguage\":\"mt-MT\",\"@id\":\"https:\/\/talkpal.ai\/mt\/ezercizzji-grammatikali-norvegizi\/#primaryimage\",\"url\":\"https:\/\/talkpal.ai\/wp-content\/uploads\/2023\/05\/norway.png\",\"contentUrl\":\"https:\/\/talkpal.ai\/wp-content\/uploads\/2023\/05\/norway.png\",\"width\":512,\"height\":512,\"caption\":\"TalkPal Norway\u00a0 Flag\"},{\"@type\":\"BreadcrumbList\",\"@id\":\"https:\/\/talkpal.ai\/mt\/ezercizzji-grammatikali-norvegizi\/#breadcrumb\",\"itemListElement\":[{\"@type\":\"ListItem\",\"position\":1,\"name\":\"Homepage\",\"item\":\"https:\/\/talkpal.ai\/mt\/\"},{\"@type\":\"ListItem\",\"position\":2,\"name\":\"E\u017cer\u010bizzji Grammatikali Norve\u0121i\u017ci\"}]},{\"@type\":\"WebSite\",\"@id\":\"https:\/\/talkpal.ai\/mt\/#website\",\"url\":\"https:\/\/talkpal.ai\/mt\/\",\"name\":\"Talkpal\",\"description\":\"AI Language Learning\",\"publisher\":{\"@id\":\"https:\/\/talkpal.ai\/mt\/#organization\"},\"alternateName\":\"Talkpal AI\",\"potentialAction\":[{\"@type\":\"SearchAction\",\"target\":{\"@type\":\"EntryPoint\",\"urlTemplate\":\"https:\/\/talkpal.ai\/mt\/?s={search_term_string}\"},\"query-input\":{\"@type\":\"PropertyValueSpecification\",\"valueRequired\":true,\"valueName\":\"search_term_string\"}}],\"inLanguage\":\"mt-MT\"},{\"@type\":\"Organization\",\"@id\":\"https:\/\/talkpal.ai\/mt\/#organization\",\"name\":\"Talkpal, Inc.\",\"alternateName\":\"Talkpal AI\",\"url\":\"https:\/\/talkpal.ai\/mt\/\",\"logo\":{\"@type\":\"ImageObject\",\"inLanguage\":\"mt-MT\",\"@id\":\"https:\/\/talkpal.ai\/mt\/#\/schema\/logo\/image\/\",\"url\":\"https:\/\/talkpal.ai\/wp-content\/uploads\/2024\/03\/Talkpal-Logo-Icon.png\",\"contentUrl\":\"https:\/\/talkpal.ai\/wp-content\/uploads\/2024\/03\/Talkpal-Logo-Icon.png\",\"width\":2880,\"height\":2880,\"caption\":\"Talkpal, Inc.\"},\"image\":{\"@id\":\"https:\/\/talkpal.ai\/mt\/#\/schema\/logo\/image\/\"},\"sameAs\":[\"https:\/\/www.facebook.com\/profile.php?id=100090733639311\",\"https:\/\/x.com\/talkpalai\",\"https:\/\/www.linkedin.com\/company\/talkpal\/\",\"https:\/\/www.youtube.com\/@TalkPal\/\",\"https:\/\/www.tiktok.com\/@talkpal\",\"https:\/\/www.instagram.com\/talkpal_ai\/\",\"https:\/\/www.crunchbase.com\/organization\/talkpal-9cde\",\"https:\/\/www.g2.com\/products\/talkpal-for-business\/\",\"https:\/\/www.trustpilot.com\/review\/talkpal.ai\",\"https:\/\/www.capterra.com\/p\/10006800\/TalkPal\/\"],\"description\":\"Talkpal is a language learning web and mobile education app, powered by the latest AI technologies, that provides engaging experiences to its customers in many different languages to help them improve their language skills. Users can chat about unlimited amount of topics with the app and use other modes to practice their language learning.\",\"email\":\"support@talkpal.ai\",\"legalName\":\"Talkpal, Inc.\",\"foundingDate\":\"2023-04-03\",\"duns\":\"118989042\",\"numberOfEmployees\":{\"@type\":\"QuantitativeValue\",\"minValue\":\"11\",\"maxValue\":\"50\"},\"publishingPrinciples\":\"https:\/\/talkpal.ai\/publishing-principles\/\",\"actionableFeedbackPolicy\":\"https:\/\/talkpal.ai\/actionable-feedback-policy\/\",\"correctionsPolicy\":\"https:\/\/talkpal.ai\/corrections-policy\/\",\"ethicsPolicy\":\"https:\/\/talkpal.ai\/ethics-policy\/\",\"diversityPolicy\":\"https:\/\/talkpal.ai\/diversity-policy\/\",\"diversityStaffingReport\":\"https:\/\/talkpal.ai\/diversity-policy\/\"}]}<\/script>\n<!-- \/ Yoast SEO Premium plugin. -->","yoast_head_json":{"title":"E\u017cer\u010bizzji Grammatikali Norve\u0121i\u017ci - Talkpal","description":"Ittejjeb il-\u0127iliet tieg\u0127ek b'e\u017cer\u010bizzji tal-grammatika Norve\u0121i\u017ca impenjattivi. Perfetta g\u0127all-istudenti f'kull livell biex jipprattikaw b'mod effettiv.","robots":{"index":"index","follow":"follow","max-snippet":"max-snippet:-1","max-image-preview":"max-image-preview:large","max-video-preview":"max-video-preview:-1"},"canonical":"https:\/\/talkpal.ai\/mt\/ezercizzji-grammatikali-norvegizi\/","og_locale":"mt_MT","og_type":"article","og_title":"E\u017cer\u010bizzji Grammatikali Norve\u0121i\u017ci","og_description":"Su\u0121\u0121etti tal-Grammatika Norve\u0121i\u017ca It-tag\u0127lim tan-Norve\u0121i\u017c jista 'jkun esperjenza e\u010b\u010bitanti u ta' sodisfazzjon, peress li jifta\u0127 il-bibien g\u0127al storja","og_url":"https:\/\/talkpal.ai\/mt\/ezercizzji-grammatikali-norvegizi\/","og_site_name":"Talkpal","article_publisher":"https:\/\/www.facebook.com\/profile.php?id=100090733639311","article_modified_time":"2025-12-17T14:38:12+00:00","og_image":[{"width":512,"height":512,"url":"https:\/\/talkpal.ai\/wp-content\/uploads\/2023\/05\/norway.png","type":"image\/png"}],"twitter_card":"summary_large_image","twitter_site":"@talkpalai","twitter_misc":{"Est. reading time":"3 minutes"},"schema":{"@context":"https:\/\/schema.org","@graph":[{"@type":"WebPage","@id":"https:\/\/talkpal.ai\/mt\/ezercizzji-grammatikali-norvegizi\/","url":"https:\/\/talkpal.ai\/mt\/ezercizzji-grammatikali-norvegizi\/","name":"E\u017cer\u010bizzji Grammatikali Norve\u0121i\u017ci - Talkpal","isPartOf":{"@id":"https:\/\/talkpal.ai\/mt\/#website"},"primaryImageOfPage":{"@id":"https:\/\/talkpal.ai\/mt\/ezercizzji-grammatikali-norvegizi\/#primaryimage"},"image":{"@id":"https:\/\/talkpal.ai\/mt\/ezercizzji-grammatikali-norvegizi\/#primaryimage"},"thumbnailUrl":"https:\/\/talkpal.ai\/wp-content\/uploads\/2023\/05\/norway.png","datePublished":"2023-06-27T08:41:59+00:00","dateModified":"2025-12-17T14:38:12+00:00","description":"Ittejjeb il-\u0127iliet tieg\u0127ek b'e\u017cer\u010bizzji tal-grammatika Norve\u0121i\u017ca impenjattivi. Perfetta g\u0127all-istudenti f'kull livell biex jipprattikaw b'mod effettiv.","breadcrumb":{"@id":"https:\/\/talkpal.ai\/mt\/ezercizzji-grammatikali-norvegizi\/#breadcrumb"},"inLanguage":"mt-MT","potentialAction":[{"@type":"ReadAction","target":["https:\/\/talkpal.ai\/mt\/ezercizzji-grammatikali-norvegizi\/"]}]},{"@type":"ImageObject","inLanguage":"mt-MT","@id":"https:\/\/talkpal.ai\/mt\/ezercizzji-grammatikali-norvegizi\/#primaryimage","url":"https:\/\/talkpal.ai\/wp-content\/uploads\/2023\/05\/norway.png","contentUrl":"https:\/\/talkpal.ai\/wp-content\/uploads\/2023\/05\/norway.png","width":512,"height":512,"caption":"TalkPal Norway\u00a0 Flag"},{"@type":"BreadcrumbList","@id":"https:\/\/talkpal.ai\/mt\/ezercizzji-grammatikali-norvegizi\/#breadcrumb","itemListElement":[{"@type":"ListItem","position":1,"name":"Homepage","item":"https:\/\/talkpal.ai\/mt\/"},{"@type":"ListItem","position":2,"name":"E\u017cer\u010bizzji Grammatikali Norve\u0121i\u017ci"}]},{"@type":"WebSite","@id":"https:\/\/talkpal.ai\/mt\/#website","url":"https:\/\/talkpal.ai\/mt\/","name":"Talkpal","description":"AI Language Learning","publisher":{"@id":"https:\/\/talkpal.ai\/mt\/#organization"},"alternateName":"Talkpal AI","potentialAction":[{"@type":"SearchAction","target":{"@type":"EntryPoint","urlTemplate":"https:\/\/talkpal.ai\/mt\/?s={search_term_string}"},"query-input":{"@type":"PropertyValueSpecification","valueRequired":true,"valueName":"search_term_string"}}],"inLanguage":"mt-MT"},{"@type":"Organization","@id":"https:\/\/talkpal.ai\/mt\/#organization","name":"Talkpal, Inc.","alternateName":"Talkpal AI","url":"https:\/\/talkpal.ai\/mt\/","logo":{"@type":"ImageObject","inLanguage":"mt-MT","@id":"https:\/\/talkpal.ai\/mt\/#\/schema\/logo\/image\/","url":"https:\/\/talkpal.ai\/wp-content\/uploads\/2024\/03\/Talkpal-Logo-Icon.png","contentUrl":"https:\/\/talkpal.ai\/wp-content\/uploads\/2024\/03\/Talkpal-Logo-Icon.png","width":2880,"height":2880,"caption":"Talkpal, Inc."},"image":{"@id":"https:\/\/talkpal.ai\/mt\/#\/schema\/logo\/image\/"},"sameAs":["https:\/\/www.facebook.com\/profile.php?id=100090733639311","https:\/\/x.com\/talkpalai","https:\/\/www.linkedin.com\/company\/talkpal\/","https:\/\/www.youtube.com\/@TalkPal\/","https:\/\/www.tiktok.com\/@talkpal","https:\/\/www.instagram.com\/talkpal_ai\/","https:\/\/www.crunchbase.com\/organization\/talkpal-9cde","https:\/\/www.g2.com\/products\/talkpal-for-business\/","https:\/\/www.trustpilot.com\/review\/talkpal.ai","https:\/\/www.capterra.com\/p\/10006800\/TalkPal\/"],"description":"Talkpal is a language learning web and mobile education app, powered by the latest AI technologies, that provides engaging experiences to its customers in many different languages to help them improve their language skills. Users can chat about unlimited amount of topics with the app and use other modes to practice their language learning.","email":"support@talkpal.ai","legalName":"Talkpal, Inc.","foundingDate":"2023-04-03","duns":"118989042","numberOfEmployees":{"@type":"QuantitativeValue","minValue":"11","maxValue":"50"},"publishingPrinciples":"https:\/\/talkpal.ai\/publishing-principles\/","actionableFeedbackPolicy":"https:\/\/talkpal.ai\/actionable-feedback-policy\/","correctionsPolicy":"https:\/\/talkpal.ai\/corrections-policy\/","ethicsPolicy":"https:\/\/talkpal.ai\/ethics-policy\/","diversityPolicy":"https:\/\/talkpal.ai\/diversity-policy\/","diversityStaffingReport":"https:\/\/talkpal.ai\/diversity-policy\/"}]}},"_links":{"self":[{"href":"https:\/\/talkpal.ai\/mt\/wp-json\/wp\/v2\/pages\/1447883","targetHints":{"allow":["GET"]}}],"collection":[{"href":"https:\/\/talkpal.ai\/mt\/wp-json\/wp\/v2\/pages"}],"about":[{"href":"https:\/\/talkpal.ai\/mt\/wp-json\/wp\/v2\/types\/page"}],"author":[{"embeddable":true,"href":"https:\/\/talkpal.ai\/mt\/wp-json\/wp\/v2\/users\/6"}],"replies":[{"embeddable":true,"href":"https:\/\/talkpal.ai\/mt\/wp-json\/wp\/v2\/comments?post=1447883"}],"version-history":[{"count":0,"href":"https:\/\/talkpal.ai\/mt\/wp-json\/wp\/v2\/pages\/1447883\/revisions"}],"wp:featuredmedia":[{"embeddable":true,"href":"https:\/\/talkpal.ai\/mt\/wp-json\/wp\/v2\/media\/1443637"}],"wp:attachment":[{"href":"https:\/\/talkpal.ai\/mt\/wp-json\/wp\/v2\/media?parent=1447883"}],"curies":[{"name":"wp","href":"https:\/\/api.w.org\/{rel}","templated":true}]}}