{"id":1446851,"date":"2023-07-05T11:05:37","date_gmt":"2023-07-05T11:05:37","guid":{"rendered":"https:\/\/talkpal.ai\/ezercizzji-tal-grammatika-vjetnamizi\/"},"modified":"2025-12-17T14:59:02","modified_gmt":"2025-12-17T14:59:02","slug":"ezercizzji-tal-grammatika-vjetnamizi","status":"publish","type":"page","link":"https:\/\/talkpal.ai\/mt\/ezercizzji-tal-grammatika-vjetnamizi\/","title":{"rendered":"E\u017cer\u010bizzji tal-Grammatika Vjetnami\u017ci"},"content":{"rendered":"\r\n\r\n\r\n<section class=\"languageChallengeSection\">\r\n    <div class=\"languageInfoWrapper\">\r\n        \r\n        <h1>E\u017cer\u010bizzji tal-Grammatika Vjetnami\u017ci<\/h1>\r\n        <p>Ejja nie\u0127du gost bil-grammatika Slovakka! Dawn l-e\u017cer\u010bizzji sempli\u010bi jg\u0127inuk tidraw kif ta\u0127dem il-lingwa u tag\u0127ti spinta lill-kunfidenza tieg\u0127ek hekk kif titg\u0127allem. Lest? Ejja nibdew!<\/p>\r\n\r\n                            <a class=\"getStartedHidden\" href=\"https:\/\/app.talkpal.ai\/signup?lng=\">Ibda<\/a>\r\n        \r\n    <\/div>\r\n\r\n    <figure>\r\n    <img decoding=\"async\" width=\"768\" height=\"768\" src=\"https:\/\/talkpal.ai\/wp-content\/uploads\/2023\/06\/vietnamese-768x768.png\" class=\"languageImage no-lazy\" alt=\"Language learning for extensive cultural knowledge\" fetchpriority=\"high\" sizes=\"(max-width: 768px) 150px, 768px\" srcset=\"https:\/\/talkpal.ai\/wp-content\/uploads\/2023\/06\/vietnamese-768x768.png 768w, https:\/\/talkpal.ai\/wp-content\/uploads\/2023\/06\/vietnamese-300x300.png 300w\" \/>\r\n    \r\n\r\n    <\/figure>\r\n\r\n            <a class=\"getStartedVisible\" href=\"https:\/\/app.talkpal.ai\/signup?lng=\">Ibda<\/a>\r\n    \r\n<\/section>\r\n\r\n\r\n<!-- <section class=\"grammarSection\">\r\n    <div class=\"grammarLinks\">\r\n            <\/div>\r\n<\/section> -->\r\n\r\n\r\n\r\n\r\n<section class=\"promotionalBanner\">\r\n    <p class=\"promotionalText\">L-aktar mod effi\u010bjenti biex titg\u0127allem lingwa<\/p>\r\n    <a class=\"promotionalLink\" href=\"https:\/\/app.talkpal.ai\/signup?lng=\">Ipprova Talkpal b&#8217;xejn<\/a>\r\n<\/section>\n<div class=\"wp-block-group pageContainerStyle\"><div class=\"wp-block-group__inner-container is-layout-constrained wp-block-group-is-layout-constrained\">\n<h2 class=\"wp-block-heading\" id=\"h-vietnamese-grammar-topics\">Su\u0121\u0121etti tal-Grammatika Vjetnami\u017ca<\/h2>\n\n\n\n<p>It-tag\u0127lim ta &#8216;lingwa \u0121dida jista&#8217; jkun sforz e\u010b\u010bitanti u ta &#8216;sfida. Il-fehim tal-<a href=\"https:\/\/talkpal.ai\/vietnamese-grammar\/\">grammatika Vjetnami\u017ca<\/a> hija \u010b-\u010bavetta biex tifta\u0127 din il-lingwa affaxxinanti. Hawnhekk, se niddiskutu u ni\u0121bru su\u0121\u0121etti importanti fis-sekwenza li fiha idealment g\u0127andhom jitg\u0127allmu, li jippermettu akkumulazzjoni gradwali ta &#8216;kumplessit\u00e0. Din il-gwida se tkopri kollox mill-elementi ba\u017ci\u010bi b\u0127al nomi u verbi g\u0127all-istrutturi aktar kumplessi b\u0127al tempi u kundizzjonali.<\/p>\n\n\n\n<h3 class=\"wp-block-heading\" id=\"h-1-nouns\">1. Nomi:<\/h3>\n\n\n\n<p>Ibda bil-punti ba\u017ci\u010bi billi titg\u0127allem nomi Vjetnami\u017ci. Dawn huma l-ismijiet ta &#8216;nies, postijiet, affarijiet, jew ideat. In-nomi Vjetnami\u017ci m&#8217;g\u0127andhomx \u0121eneri, u jag\u0127mluhom aktar sempli\u010bi minn f&#8217;xi lingwi o\u0127ra.<\/p>\n\n\n\n<h3 class=\"wp-block-heading\" id=\"h-2-pronouns-determiners\">2. Pronomi \/ Determinaturi:<\/h3>\n\n\n\n<p>Ladarba tkun komdu bin-nomi, g\u0127addi g\u0127all-pronomi u d-determinaturi. Dawn il-kliem jissostitwixxu jew jimmodifikaw in-nomi, u jg\u0127inu biex is-sentenzi jsiru aktar kon\u010bi\u017ci u jevitaw ir-ripetizzjoni.<\/p>\n\n\n\n<h3 class=\"wp-block-heading\" id=\"h-3-verbs\">3. Verbi:<\/h3>\n\n\n\n<p>Il-verbi jintu\u017caw biex jiddeskrivu azzjonijiet jew stati ta &#8216;esseri. Fil-<a href=\"https:\/\/talkpal.ai\/learn-vietnamese\/\">Vjetnami\u017c<\/a>, il-verbi ma jbiddlux il-forma tag\u0127hom skont is-su\u0121\u0121ett jew it-temp, li jag\u0127milhom inqas ikkumplikati minn xi lingwi o\u0127ra.<\/p>\n\n\n\n<h3 class=\"wp-block-heading\" id=\"h-4-adjectives\">4. A\u0121\u0121ettivi:<\/h3>\n\n\n\n<p>It-tag\u0127lim tal-a\u0121\u0121ettivi jippermettilek tiddeskrivi nomi f&#8217;aktar dettall. Fil-Vjetnami\u017c, l-a\u0121\u0121ettivi jsegwu n-nom li jimmodifikaw, li huwa differenti mill-<a href=\"https:\/\/talkpal.ai\/learn-english-with-ai\/\">Ingli\u017c<\/a>.<\/p>\n\n\n\n<h3 class=\"wp-block-heading\" id=\"h-5-articles\">5. Artikoli:<\/h3>\n\n\n\n<p>Il-Vjetnami\u017c m&#8217;g\u0127andux artikli bl-istess mod b\u0127all-Ingli\u017c. Madankollu, xorta huwa importanti li wie\u0127ed jifhem kif tindika d-definittivit\u00e0 jew l-indefinitezza ta &#8216;nom.<\/p>\n\n\n\n<h3 class=\"wp-block-heading\" id=\"h-6-adverbs\">6. Avverbji:<\/h3>\n\n\n\n<p>L-avverbji jintu\u017caw biex jimmodifikaw verbi, a\u0121\u0121ettivi, jew avverbji o\u0127ra. Jistg\u0127u jipprovdu informazzjoni dwar il-mod, il-post, il-\u0127in, il-frekwenza, il-grad, u o\u0127rajn.<\/p>\n\n\n\n<h3 class=\"wp-block-heading\" id=\"h-7-prepositions\">7. Prepo\u017cizzjonijiet:<\/h3>\n\n\n\n<p>Dawn huma kliem li juru r-relazzjoni ta &#8216;nom jew pronom ma&#8217; kelma o\u0127ra f&#8217;sentenza. Jistg\u0127u jindikaw il-post, id-direzzjoni, il-\u0127in, il-kaw\u017ca, u relazzjonijiet o\u0127ra.<\/p>\n\n\n\n<h3 class=\"wp-block-heading\" id=\"h-8-tenses\">8. Tempi:<\/h3>\n\n\n\n<p>Il-Vjetnami\u017c m&#8217;g\u0127andux tempi fis-sens <a href=\"https:\/\/talkpal.ai\/will-ai-kill-traditional-language-learning\/\">tradizzjonali<\/a>. Minflok, ju\u017ca kliem u kuntest biex jindika l-\u0127in li sse\u0127\u0127 azzjoni.<\/p>\n\n\n\n<h3 class=\"wp-block-heading\" id=\"h-9-tense-comparison\">9. Paragun tat-tensjoni:<\/h3>\n\n\n\n<p>Understanding how to compare tenses in Vietnamese is crucial. Dan jinvolvi t-tag\u0127lim ta &#8216;kliem u strutturi spe\u010bifi\u010bi u\u017cati biex jindikaw bidliet fil-\u0127in.<\/p>\n\n\n\n<h3 class=\"wp-block-heading\" id=\"h-10-progressive\">10. Progressiv:<\/h3>\n\n\n\n<p>L-aspett progressiv fil-Vjetnami\u017c jintu\u017ca biex jindika azzjonijiet li g\u0127addejjin. Jista &#8216;japplika g\u0127all-passat, il-pre\u017cent, jew il-futur.<\/p>\n\n\n\n<h3 class=\"wp-block-heading\" id=\"h-11-perfect-progressive\">11. Progressiv Perfett:<\/h3>\n\n\n\n<p>Dan it-temp jintu\u017ca biex jesprimi azzjonijiet li kienu g\u0127addejjin fil-passat u g\u0127andhom xi relazzjoni mal-pre\u017cent.<\/p>\n\n\n\n<h3 class=\"wp-block-heading\" id=\"h-12-conditionals\">12. Kundizzjonali:<\/h3>\n\n\n\n<p>Il-kondizzjonali huma sentenzi li jesprimu sitwazzjonijiet ipoteti\u010bi u l-konsegwenzi li jsegwuhom.<\/p>\n\n\n\n<h3 class=\"wp-block-heading\" id=\"h-13-sentences\">13. Sentenzi:<\/h3>\n\n\n\n<p>Ladarba jkollok \u0127akma fuq dawn l-elementi kollha, tista &#8216;tibda tifforma sentenzi s\u0127a\u0127 bil-Vjetnami\u017c. Dan jinvolvi l-fehim tal-istruttura ba\u017cika tas-sentenza, li hija tipikament su\u0121\u0121ett-verb-o\u0121\u0121ett.<\/p>\n<\/div><\/div>\n\r\n<section class=\"learnNavigationSection\">\r\n            \r\n        <a href=\"https:\/\/talkpal.ai\/mt\/tghallem-vjetnamiz\/\">\r\n            <div class=\"learnNavigationWrapper\">\r\n                <div class=\"learnNavigationContent\">\r\n                    <img decoding=\"async\" src=\"https:\/\/talkpal.ai\/wp-content\/uploads\/2024\/08\/Vietnamese.jpg\" alt=\"Vietnamise Flag\">\r\n                    <div>\r\n                        <h4>Dwar it-Tag\u0127lim tal-Vjetnami\u017c<\/h4>\r\n                        <p>Sir af kollox dwar il-grammatika Vjetnami\u017ca.<\/p>\r\n                    <\/div>\r\n                <\/div>\r\n            <\/div>\r\n        <\/a>\r\n\r\n        \r\n        <a href=\"https:\/\/talkpal.ai\/mt\/grammatika-vjetnamiza\/\">\r\n            <div class=\"learnNavigationWrapper\">\r\n                <div class=\"learnNavigationContent\">\r\n                    <img decoding=\"async\" src=\"https:\/\/talkpal.ai\/wp-content\/uploads\/2024\/08\/Vietnamese.jpg\" alt=\"Vietnamise Flag\">\r\n                    <div>\r\n                        <h4>Lezzjonijiet tal-Grammatika Vjetnami\u017ca<\/h4>\r\n                        <p>Ipprattika l-grammatika Vjetnami\u017ca.<\/p>\r\n                    <\/div>\r\n                <\/div>\r\n            <\/div>\r\n        <\/a>\r\n\r\n        \r\n        <a href=\"https:\/\/talkpal.ai\/vocabulary_language\/vietnamese\/\">\r\n            <div class=\"learnNavigationWrapper\">\r\n                <div class=\"learnNavigationContent\">\r\n                    <img decoding=\"async\" src=\"https:\/\/talkpal.ai\/wp-content\/uploads\/2024\/08\/Vietnamese.jpg\" alt=\"Vietnamise Flag\">\r\n                    <div>\r\n                        <h4>Vokabularju Vjetnami\u017c<\/h4>\r\n                        <p>Espandi l-vokabularju Vjetnami\u017c tieg\u0127ek.<\/p>\r\n                    <\/div>\r\n                <\/div>\r\n            <\/div>\r\n        <\/a>\r\n\r\n            <\/section>","protected":false},"excerpt":{"rendered":"<p>Su\u0121\u0121etti tal-Grammatika Vjetnami\u017ca It-tag\u0127lim ta &#8216;lingwa \u0121dida jista&#8217; jkun sforz e\u010b\u010bitanti u ta &#8216;sfida. Il-fehim tal-grammatika Vjetnami\u017ca hija \u010b-\u010bavetta biex tifta\u0127 din il-lingwa affaxxinanti. Hawnhekk, se niddiskutu u ni\u0121bru su\u0121\u0121etti importanti fis-sekwenza li fiha idealment g\u0127andhom jitg\u0127allmu, li jippermettu akkumulazzjoni gradwali ta &#8216;kumplessit\u00e0. Din il-gwida se tkopri kollox mill-elementi ba\u017ci\u010bi b\u0127al nomi u verbi g\u0127all-istrutturi [&hellip;]<\/p>\n","protected":false},"author":6,"featured_media":1443410,"parent":0,"menu_order":0,"comment_status":"closed","ping_status":"closed","template":"LearningContentPage.php","meta":{"_acf_changed":false,"footnotes":""},"class_list":["post-1446851","page","type-page","status-publish","has-post-thumbnail","hentry"],"acf":[],"yoast_head":"<!-- This site is optimized with the Yoast SEO Premium plugin v27.2 (Yoast SEO v27.2) - https:\/\/yoast.com\/product\/yoast-seo-premium-wordpress\/ -->\n<title>E\u017cer\u010bizzji tal-Grammatika Vjetnami\u017ci - Talkpal<\/title>\n<meta name=\"description\" content=\"Unlock the secrets of the Vietnamese language with our Vietnamese grammar exercises designed for gradual learning.\" \/>\n<meta name=\"robots\" content=\"index, follow, max-snippet:-1, max-image-preview:large, max-video-preview:-1\" \/>\n<link rel=\"canonical\" href=\"https:\/\/talkpal.ai\/mt\/ezercizzji-tal-grammatika-vjetnamizi\/\" \/>\n<meta property=\"og:locale\" content=\"mt_MT\" \/>\n<meta property=\"og:type\" content=\"article\" \/>\n<meta property=\"og:title\" content=\"E\u017cer\u010bizzji tal-Grammatika Vjetnami\u017ci\" \/>\n<meta property=\"og:description\" content=\"Su\u0121\u0121etti tal-Grammatika Vjetnami\u017ca It-tag\u0127lim ta &#039;lingwa \u0121dida jista&#039; jkun sforz e\u010b\u010bitanti u ta &#039;sfida. Il-fehim tal-grammatika Vjetnami\u017ca hija \u010b-\u010bavetta\" \/>\n<meta property=\"og:url\" content=\"https:\/\/talkpal.ai\/mt\/ezercizzji-tal-grammatika-vjetnamizi\/\" \/>\n<meta property=\"og:site_name\" content=\"Talkpal\" \/>\n<meta property=\"article:publisher\" content=\"https:\/\/www.facebook.com\/profile.php?id=100090733639311\" \/>\n<meta property=\"article:modified_time\" content=\"2025-12-17T14:59:02+00:00\" \/>\n<meta property=\"og:image\" content=\"https:\/\/talkpal.ai\/wp-content\/uploads\/2023\/05\/vietnam.png\" \/>\n\t<meta property=\"og:image:width\" content=\"512\" \/>\n\t<meta property=\"og:image:height\" content=\"512\" \/>\n\t<meta property=\"og:image:type\" content=\"image\/png\" \/>\n<meta name=\"twitter:card\" content=\"summary_large_image\" \/>\n<meta name=\"twitter:site\" content=\"@talkpalai\" \/>\n<meta name=\"twitter:label1\" content=\"Est. reading time\" \/>\n\t<meta name=\"twitter:data1\" content=\"2 minutes\" \/>\n<script type=\"application\/ld+json\" class=\"yoast-schema-graph\">{\"@context\":\"https:\/\/schema.org\",\"@graph\":[{\"@type\":\"WebPage\",\"@id\":\"https:\/\/talkpal.ai\/mt\/ezercizzji-tal-grammatika-vjetnamizi\/\",\"url\":\"https:\/\/talkpal.ai\/mt\/ezercizzji-tal-grammatika-vjetnamizi\/\",\"name\":\"E\u017cer\u010bizzji tal-Grammatika Vjetnami\u017ci - Talkpal\",\"isPartOf\":{\"@id\":\"https:\/\/talkpal.ai\/mt\/#website\"},\"primaryImageOfPage\":{\"@id\":\"https:\/\/talkpal.ai\/mt\/ezercizzji-tal-grammatika-vjetnamizi\/#primaryimage\"},\"image\":{\"@id\":\"https:\/\/talkpal.ai\/mt\/ezercizzji-tal-grammatika-vjetnamizi\/#primaryimage\"},\"thumbnailUrl\":\"https:\/\/talkpal.ai\/wp-content\/uploads\/2023\/05\/vietnam.png\",\"datePublished\":\"2023-07-05T11:05:37+00:00\",\"dateModified\":\"2025-12-17T14:59:02+00:00\",\"description\":\"Unlock the secrets of the Vietnamese language with our Vietnamese grammar exercises designed for gradual learning.\",\"breadcrumb\":{\"@id\":\"https:\/\/talkpal.ai\/mt\/ezercizzji-tal-grammatika-vjetnamizi\/#breadcrumb\"},\"inLanguage\":\"mt-MT\",\"potentialAction\":[{\"@type\":\"ReadAction\",\"target\":[\"https:\/\/talkpal.ai\/mt\/ezercizzji-tal-grammatika-vjetnamizi\/\"]}]},{\"@type\":\"ImageObject\",\"inLanguage\":\"mt-MT\",\"@id\":\"https:\/\/talkpal.ai\/mt\/ezercizzji-tal-grammatika-vjetnamizi\/#primaryimage\",\"url\":\"https:\/\/talkpal.ai\/wp-content\/uploads\/2023\/05\/vietnam.png\",\"contentUrl\":\"https:\/\/talkpal.ai\/wp-content\/uploads\/2023\/05\/vietnam.png\",\"width\":512,\"height\":512,\"caption\":\"TalkPal Vietnam Flag\"},{\"@type\":\"BreadcrumbList\",\"@id\":\"https:\/\/talkpal.ai\/mt\/ezercizzji-tal-grammatika-vjetnamizi\/#breadcrumb\",\"itemListElement\":[{\"@type\":\"ListItem\",\"position\":1,\"name\":\"Homepage\",\"item\":\"https:\/\/talkpal.ai\/mt\/\"},{\"@type\":\"ListItem\",\"position\":2,\"name\":\"E\u017cer\u010bizzji tal-Grammatika Vjetnami\u017ci\"}]},{\"@type\":\"WebSite\",\"@id\":\"https:\/\/talkpal.ai\/mt\/#website\",\"url\":\"https:\/\/talkpal.ai\/mt\/\",\"name\":\"Talkpal\",\"description\":\"AI Language Learning\",\"publisher\":{\"@id\":\"https:\/\/talkpal.ai\/mt\/#organization\"},\"alternateName\":\"Talkpal AI\",\"potentialAction\":[{\"@type\":\"SearchAction\",\"target\":{\"@type\":\"EntryPoint\",\"urlTemplate\":\"https:\/\/talkpal.ai\/mt\/?s={search_term_string}\"},\"query-input\":{\"@type\":\"PropertyValueSpecification\",\"valueRequired\":true,\"valueName\":\"search_term_string\"}}],\"inLanguage\":\"mt-MT\"},{\"@type\":\"Organization\",\"@id\":\"https:\/\/talkpal.ai\/mt\/#organization\",\"name\":\"Talkpal, Inc.\",\"alternateName\":\"Talkpal AI\",\"url\":\"https:\/\/talkpal.ai\/mt\/\",\"logo\":{\"@type\":\"ImageObject\",\"inLanguage\":\"mt-MT\",\"@id\":\"https:\/\/talkpal.ai\/mt\/#\/schema\/logo\/image\/\",\"url\":\"https:\/\/talkpal.ai\/wp-content\/uploads\/2024\/03\/Talkpal-Logo-Icon.png\",\"contentUrl\":\"https:\/\/talkpal.ai\/wp-content\/uploads\/2024\/03\/Talkpal-Logo-Icon.png\",\"width\":2880,\"height\":2880,\"caption\":\"Talkpal, Inc.\"},\"image\":{\"@id\":\"https:\/\/talkpal.ai\/mt\/#\/schema\/logo\/image\/\"},\"sameAs\":[\"https:\/\/www.facebook.com\/profile.php?id=100090733639311\",\"https:\/\/x.com\/talkpalai\",\"https:\/\/www.linkedin.com\/company\/talkpal\/\",\"https:\/\/www.youtube.com\/@TalkPal\/\",\"https:\/\/www.tiktok.com\/@talkpal\",\"https:\/\/www.instagram.com\/talkpal_ai\/\",\"https:\/\/www.crunchbase.com\/organization\/talkpal-9cde\",\"https:\/\/www.g2.com\/products\/talkpal-for-business\/\",\"https:\/\/www.trustpilot.com\/review\/talkpal.ai\",\"https:\/\/www.capterra.com\/p\/10006800\/TalkPal\/\"],\"description\":\"Talkpal is a language learning web and mobile education app, powered by the latest AI technologies, that provides engaging experiences to its customers in many different languages to help them improve their language skills. Users can chat about unlimited amount of topics with the app and use other modes to practice their language learning.\",\"email\":\"support@talkpal.ai\",\"legalName\":\"Talkpal, Inc.\",\"foundingDate\":\"2023-04-03\",\"duns\":\"118989042\",\"numberOfEmployees\":{\"@type\":\"QuantitativeValue\",\"minValue\":\"11\",\"maxValue\":\"50\"},\"publishingPrinciples\":\"https:\/\/talkpal.ai\/publishing-principles\/\",\"actionableFeedbackPolicy\":\"https:\/\/talkpal.ai\/actionable-feedback-policy\/\",\"correctionsPolicy\":\"https:\/\/talkpal.ai\/corrections-policy\/\",\"ethicsPolicy\":\"https:\/\/talkpal.ai\/ethics-policy\/\",\"diversityPolicy\":\"https:\/\/talkpal.ai\/diversity-policy\/\",\"diversityStaffingReport\":\"https:\/\/talkpal.ai\/diversity-policy\/\"}]}<\/script>\n<!-- \/ Yoast SEO Premium plugin. -->","yoast_head_json":{"title":"E\u017cer\u010bizzji tal-Grammatika Vjetnami\u017ci - Talkpal","description":"Unlock the secrets of the Vietnamese language with our Vietnamese grammar exercises designed for gradual learning.","robots":{"index":"index","follow":"follow","max-snippet":"max-snippet:-1","max-image-preview":"max-image-preview:large","max-video-preview":"max-video-preview:-1"},"canonical":"https:\/\/talkpal.ai\/mt\/ezercizzji-tal-grammatika-vjetnamizi\/","og_locale":"mt_MT","og_type":"article","og_title":"E\u017cer\u010bizzji tal-Grammatika Vjetnami\u017ci","og_description":"Su\u0121\u0121etti tal-Grammatika Vjetnami\u017ca It-tag\u0127lim ta 'lingwa \u0121dida jista' jkun sforz e\u010b\u010bitanti u ta 'sfida. Il-fehim tal-grammatika Vjetnami\u017ca hija \u010b-\u010bavetta","og_url":"https:\/\/talkpal.ai\/mt\/ezercizzji-tal-grammatika-vjetnamizi\/","og_site_name":"Talkpal","article_publisher":"https:\/\/www.facebook.com\/profile.php?id=100090733639311","article_modified_time":"2025-12-17T14:59:02+00:00","og_image":[{"width":512,"height":512,"url":"https:\/\/talkpal.ai\/wp-content\/uploads\/2023\/05\/vietnam.png","type":"image\/png"}],"twitter_card":"summary_large_image","twitter_site":"@talkpalai","twitter_misc":{"Est. reading time":"2 minutes"},"schema":{"@context":"https:\/\/schema.org","@graph":[{"@type":"WebPage","@id":"https:\/\/talkpal.ai\/mt\/ezercizzji-tal-grammatika-vjetnamizi\/","url":"https:\/\/talkpal.ai\/mt\/ezercizzji-tal-grammatika-vjetnamizi\/","name":"E\u017cer\u010bizzji tal-Grammatika Vjetnami\u017ci - Talkpal","isPartOf":{"@id":"https:\/\/talkpal.ai\/mt\/#website"},"primaryImageOfPage":{"@id":"https:\/\/talkpal.ai\/mt\/ezercizzji-tal-grammatika-vjetnamizi\/#primaryimage"},"image":{"@id":"https:\/\/talkpal.ai\/mt\/ezercizzji-tal-grammatika-vjetnamizi\/#primaryimage"},"thumbnailUrl":"https:\/\/talkpal.ai\/wp-content\/uploads\/2023\/05\/vietnam.png","datePublished":"2023-07-05T11:05:37+00:00","dateModified":"2025-12-17T14:59:02+00:00","description":"Unlock the secrets of the Vietnamese language with our Vietnamese grammar exercises designed for gradual learning.","breadcrumb":{"@id":"https:\/\/talkpal.ai\/mt\/ezercizzji-tal-grammatika-vjetnamizi\/#breadcrumb"},"inLanguage":"mt-MT","potentialAction":[{"@type":"ReadAction","target":["https:\/\/talkpal.ai\/mt\/ezercizzji-tal-grammatika-vjetnamizi\/"]}]},{"@type":"ImageObject","inLanguage":"mt-MT","@id":"https:\/\/talkpal.ai\/mt\/ezercizzji-tal-grammatika-vjetnamizi\/#primaryimage","url":"https:\/\/talkpal.ai\/wp-content\/uploads\/2023\/05\/vietnam.png","contentUrl":"https:\/\/talkpal.ai\/wp-content\/uploads\/2023\/05\/vietnam.png","width":512,"height":512,"caption":"TalkPal Vietnam Flag"},{"@type":"BreadcrumbList","@id":"https:\/\/talkpal.ai\/mt\/ezercizzji-tal-grammatika-vjetnamizi\/#breadcrumb","itemListElement":[{"@type":"ListItem","position":1,"name":"Homepage","item":"https:\/\/talkpal.ai\/mt\/"},{"@type":"ListItem","position":2,"name":"E\u017cer\u010bizzji tal-Grammatika Vjetnami\u017ci"}]},{"@type":"WebSite","@id":"https:\/\/talkpal.ai\/mt\/#website","url":"https:\/\/talkpal.ai\/mt\/","name":"Talkpal","description":"AI Language Learning","publisher":{"@id":"https:\/\/talkpal.ai\/mt\/#organization"},"alternateName":"Talkpal AI","potentialAction":[{"@type":"SearchAction","target":{"@type":"EntryPoint","urlTemplate":"https:\/\/talkpal.ai\/mt\/?s={search_term_string}"},"query-input":{"@type":"PropertyValueSpecification","valueRequired":true,"valueName":"search_term_string"}}],"inLanguage":"mt-MT"},{"@type":"Organization","@id":"https:\/\/talkpal.ai\/mt\/#organization","name":"Talkpal, Inc.","alternateName":"Talkpal AI","url":"https:\/\/talkpal.ai\/mt\/","logo":{"@type":"ImageObject","inLanguage":"mt-MT","@id":"https:\/\/talkpal.ai\/mt\/#\/schema\/logo\/image\/","url":"https:\/\/talkpal.ai\/wp-content\/uploads\/2024\/03\/Talkpal-Logo-Icon.png","contentUrl":"https:\/\/talkpal.ai\/wp-content\/uploads\/2024\/03\/Talkpal-Logo-Icon.png","width":2880,"height":2880,"caption":"Talkpal, Inc."},"image":{"@id":"https:\/\/talkpal.ai\/mt\/#\/schema\/logo\/image\/"},"sameAs":["https:\/\/www.facebook.com\/profile.php?id=100090733639311","https:\/\/x.com\/talkpalai","https:\/\/www.linkedin.com\/company\/talkpal\/","https:\/\/www.youtube.com\/@TalkPal\/","https:\/\/www.tiktok.com\/@talkpal","https:\/\/www.instagram.com\/talkpal_ai\/","https:\/\/www.crunchbase.com\/organization\/talkpal-9cde","https:\/\/www.g2.com\/products\/talkpal-for-business\/","https:\/\/www.trustpilot.com\/review\/talkpal.ai","https:\/\/www.capterra.com\/p\/10006800\/TalkPal\/"],"description":"Talkpal is a language learning web and mobile education app, powered by the latest AI technologies, that provides engaging experiences to its customers in many different languages to help them improve their language skills. Users can chat about unlimited amount of topics with the app and use other modes to practice their language learning.","email":"support@talkpal.ai","legalName":"Talkpal, Inc.","foundingDate":"2023-04-03","duns":"118989042","numberOfEmployees":{"@type":"QuantitativeValue","minValue":"11","maxValue":"50"},"publishingPrinciples":"https:\/\/talkpal.ai\/publishing-principles\/","actionableFeedbackPolicy":"https:\/\/talkpal.ai\/actionable-feedback-policy\/","correctionsPolicy":"https:\/\/talkpal.ai\/corrections-policy\/","ethicsPolicy":"https:\/\/talkpal.ai\/ethics-policy\/","diversityPolicy":"https:\/\/talkpal.ai\/diversity-policy\/","diversityStaffingReport":"https:\/\/talkpal.ai\/diversity-policy\/"}]}},"_links":{"self":[{"href":"https:\/\/talkpal.ai\/mt\/wp-json\/wp\/v2\/pages\/1446851","targetHints":{"allow":["GET"]}}],"collection":[{"href":"https:\/\/talkpal.ai\/mt\/wp-json\/wp\/v2\/pages"}],"about":[{"href":"https:\/\/talkpal.ai\/mt\/wp-json\/wp\/v2\/types\/page"}],"author":[{"embeddable":true,"href":"https:\/\/talkpal.ai\/mt\/wp-json\/wp\/v2\/users\/6"}],"replies":[{"embeddable":true,"href":"https:\/\/talkpal.ai\/mt\/wp-json\/wp\/v2\/comments?post=1446851"}],"version-history":[{"count":0,"href":"https:\/\/talkpal.ai\/mt\/wp-json\/wp\/v2\/pages\/1446851\/revisions"}],"wp:featuredmedia":[{"embeddable":true,"href":"https:\/\/talkpal.ai\/mt\/wp-json\/wp\/v2\/media\/1443410"}],"wp:attachment":[{"href":"https:\/\/talkpal.ai\/mt\/wp-json\/wp\/v2\/media?parent=1446851"}],"curies":[{"name":"wp","href":"https:\/\/api.w.org\/{rel}","templated":true}]}}