{"id":1446829,"date":"2023-07-05T10:08:32","date_gmt":"2023-07-05T10:08:32","guid":{"rendered":"https:\/\/talkpal.ai\/ezercizzji-tal-grammatika-tagalog\/"},"modified":"2025-12-17T09:49:04","modified_gmt":"2025-12-17T09:49:04","slug":"ezercizzji-tal-grammatika-tagalog","status":"publish","type":"page","link":"https:\/\/talkpal.ai\/mt\/ezercizzji-tal-grammatika-tagalog\/","title":{"rendered":"E\u017cer\u010bizzji tal-Grammatika Tagalog"},"content":{"rendered":"\r\n\r\n\r\n<section class=\"languageChallengeSection\">\r\n    <div class=\"languageInfoWrapper\">\r\n        \r\n        <h1>E\u017cer\u010bizzji tal-Grammatika Tagalog<\/h1>\r\n        <p>Qed tfittex li tikseb aktar kunfidenti fit-Tagalog? Il-prattika tal-e\u017cer\u010bizzji tal-grammatika hija mod tajjeb \u0127afna biex tifhem l-istruttura tas-sentenza, il-forom tal-verb, u l-mudelli uni\u010bi fil-lingwa. Ibda ta\u0127dem fuq il-grammatika <a href=\"https:\/\/talkpal.ai\/learn-tagalog\/\">Tagalog<\/a> illum u ara l-\u0127iliet u l-kunfidenza tieg\u0127ek jikbru ma &#039;kull pass!<\/p>\r\n\r\n                            <a class=\"getStartedHidden\" href=\"https:\/\/app.talkpal.ai\/signup?lng=\">Ibda<\/a>\r\n        \r\n    <\/div>\r\n\r\n    <figure>\r\n    <img decoding=\"async\" width=\"768\" height=\"768\" src=\"https:\/\/talkpal.ai\/wp-content\/uploads\/2023\/06\/tagalog-768x768.png\" class=\"languageImage no-lazy\" alt=\"Overcoming challenges in language learning\" fetchpriority=\"high\" sizes=\"(max-width: 768px) 150px, 768px\" srcset=\"https:\/\/talkpal.ai\/wp-content\/uploads\/2023\/06\/tagalog-768x768.png 768w, https:\/\/talkpal.ai\/wp-content\/uploads\/2023\/06\/tagalog-300x300.png 300w\" \/>\r\n    \r\n\r\n    <\/figure>\r\n\r\n            <a class=\"getStartedVisible\" href=\"https:\/\/app.talkpal.ai\/signup?lng=\">Ibda<\/a>\r\n    \r\n<\/section>\r\n\r\n\r\n<!-- <section class=\"grammarSection\">\r\n    <div class=\"grammarLinks\">\r\n            <\/div>\r\n<\/section> -->\r\n\r\n\r\n\r\n\r\n<section class=\"promotionalBanner\">\r\n    <p class=\"promotionalText\">L-aktar mod effi\u010bjenti biex titg\u0127allem lingwa<\/p>\r\n    <a class=\"promotionalLink\" href=\"https:\/\/app.talkpal.ai\/signup?lng=\">Ipprova Talkpal b&#8217;xejn<\/a>\r\n<\/section>\n<div class=\"wp-block-group pageContainerStyle\"><div class=\"wp-block-group__inner-container is-layout-constrained wp-block-group-is-layout-constrained\">\n<h2 class=\"wp-block-heading\" id=\"h-tagalog-grammar-topics\">Su\u0121\u0121etti tal-Grammatika Tagalog<\/h2>\n\n\n\n<p>It-tag\u0127lim ta &#8216;lingwa \u0121dida jista&#8217; jkun vja\u0121\u0121 e\u010b\u010bitanti u g\u0127al dawk interessati fit-Tagalog, lingwa mitkellma fil-Filippini, il-fehim tal-grammatika huwa essenzjali. Il-grammatika Tagalog g\u0127andha l-karatteristi\u010bi uni\u010bi tag\u0127ha f&#8217;termini ta &#8216;tempi, verbi, nomi, artikli, pronomi \/ determinanti, a\u0121\u0121ettivi, avverbji, kundizzjonali, prepo\u017cizzjonijiet, u strutturi ta&#8217; sentenzi. Din il-gwida se tipprovdi sekwenza ssu\u0121\u0121erita g\u0127at-tag\u0127lim ta&#8217; dawn is-su\u0121\u0121etti u \u0127arsa \u0121enerali qasira ta&#8217; kull wie\u0127ed minnhom.<\/p>\n\n\n\n<h3 class=\"wp-block-heading\" id=\"h-1-nouns\">1. Nomi:<\/h3>\n\n\n\n<p>Ibda bil-fehim tan-nomi Tagalog peress li huma l-pedament tal-lingwa. Familjarizza ru\u0127ek ma &#8216;nomi komuni, nomi spe\u010bifi\u010bi g\u0127all-\u0121eneru, u l-forom plurali tag\u0127hom.<\/p>\n\n\n\n<h3 class=\"wp-block-heading\" id=\"h-2-articles\">2. Artikoli:<\/h3>\n\n\n\n<p>L-artikli fit-Tagalog huma pjuttost sempli\u010bi. M&#8217;g\u0127andhomx kun\u010bett ta&#8217; artikli definiti u indefiniti b\u0127all-<a href=\"https:\/\/talkpal.ai\/learn-english-with-ai\/\">Ingli\u017c<\/a>. Minflok, ju\u017caw markaturi li jindikaw rwoli spe\u010bifi\u010bi f&#8217;sentenza.<\/p>\n\n\n\n<h3 class=\"wp-block-heading\" id=\"h-3-pronouns-determiners\">3. Pronomi \/ Determinaturi:<\/h3>\n\n\n\n<p>Dawn jintu\u017caw biex jissostitwixxu nomi fis-sentenzi biex ti\u0121i evitata s-sensja. Kun af it-tipi differenti ta &#8216;pronomi u determinaturi fit-Tagalog, li jinkludu <a href=\"https:\/\/talkpal.ai\/ar\/grammar_exercises\/pronomi-personali-%d8%aa%d9%85%d8%a7%d8%b1%d9%8a%d9%86-%d9%84%d9%84%d9%82%d9%88%d8%a7%d8%b9%d8%af-%d8%a7%d9%84%d8%a5%d9%8a%d8%b7%d8%a7%d9%84%d9%8a%d8%a9\/\">pronomi personali<\/a>, dimostrattivi, possessivi u interrogattivi.<\/p>\n\n\n\n<h3 class=\"wp-block-heading\" id=\"h-4-adjectives\">4. A\u0121\u0121ettivi:<\/h3>\n\n\n\n<p>L-a\u0121\u0121ettivi jintu\u017caw biex jiddeskrivu jew jimmodifikaw in-nomi. Fit-Tagalog, normalment isegwu n-nom li jimmodifikaw, li huwa l-oppost tal-Ingli\u017c.<\/p>\n\n\n\n<h3 class=\"wp-block-heading\" id=\"h-5-verbs\">5. Verbi:<\/h3>\n\n\n\n<p>Parti ewlenija ta &#8216;kwalunkwe lingwa. Il-verbi fit-Tagalog huma kriti\u010bi g\u0127at-tag\u0127lim. Il-verbi fit-Tagalog g\u0127andhom sistema kumplessa, b&#8217;enfasi fuq l-azzjoni, l-attur, jew l-o\u0121\u0121ett.<\/p>\n\n\n\n<h3 class=\"wp-block-heading\" id=\"h-6-tenses\">6. Tempi:<\/h3>\n\n\n\n<p>Ladarba tifhem il-verbi Tagalog, tista &#8216;tid\u0127ol fit-tempi. It-Tagalog g\u0127andu tliet tempi ba\u017ci\u010bi: passat, pre\u017cent u futur.<\/p>\n\n\n\n<h3 class=\"wp-block-heading\" id=\"h-7-tense-comparison\">7. Paragun tat-Tensjoni:<\/h3>\n\n\n\n<p>Dan jinvolvi tqabbil ta &#8216;tempi differenti fl-istess sentenza jew kuntest. Il-fehim ta &#8216;dan je\u0127tie\u0121 fehim tajjeb tat-tempi individwali.<\/p>\n\n\n\n<h3 class=\"wp-block-heading\" id=\"h-8-progressive\">8. Progressiv:<\/h3>\n\n\n\n<p>Dan jirreferi g\u0127al azzjonijiet li qed ise\u0127\u0127u b\u0127alissa. Fit-Tagalog, dan huwa espress billi tirrepeti l-ewwel sillaba tal-verb tal-g\u0127erq.<\/p>\n\n\n\n<h3 class=\"wp-block-heading\" id=\"h-9-perfect-progressive\">9. Progressiv Perfett:<\/h3>\n\n\n\n<p>Dan it-temp jintu\u017ca biex jiddeskrivi azzjoni li ilha g\u0127addejja u g\u0127adha g\u0127addejja. Dan huwa espress fit-Tagalog bl-u\u017cu ta &#8216;forom u markaturi tal-verbi spe\u010bifi\u010bi.<\/p>\n\n\n\n<h3 class=\"wp-block-heading\" id=\"h-10-adverbs\">10. Avverbji:<\/h3>\n\n\n\n<p>L-avverbji jintu\u017caw biex jiddeskrivu verbi, a\u0121\u0121ettivi, jew avverbji o\u0127ra. Huma jipprovdu informazzjoni addizzjonali dwar kif, meta, fejn, u sa liema punt ji\u0121ri xi \u0127a\u0121a.<\/p>\n\n\n\n<h3 class=\"wp-block-heading\" id=\"h-11-conditionals\">11. Kondizzjonali:<\/h3>\n\n\n\n<p>Il-kondizzjonali jintu\u017caw biex jesprimu sitwazzjonijiet ipoteti\u010bi u r-ri\u017cultati possibbli tag\u0127hom. Il-\u0127akma ta &#8216;dan te\u0127tie\u0121 fehim tat-tempijiet tal-verbi u l-burdati.<\/p>\n\n\n\n<h3 class=\"wp-block-heading\" id=\"h-12-prepositions\">12. Prepo\u017cizzjonijiet:<\/h3>\n\n\n\n<p>Il-prepo\u017cizzjonijiet jintu\u017caw biex jorbtu nomi, pronomi, u fra\u017cijiet ma&#8217; kliem ie\u0127or f&#8217;sentenza.<\/p>\n\n\n\n<h3 class=\"wp-block-heading\" id=\"h-13-sentences\">13. Sentenzi:<\/h3>\n\n\n\n<p>Fl-a\u0127\u0127arnett, tista &#8216;tibda tifforma sentenzi fit-Tagalog. Dan jinvolvi l-u\u017cu tal-komponenti grammatikali kollha li tg\u0127allimt fl-ordni t-tajba u bil-markaturi korretti.<\/p>\n<\/div><\/div>\n\r\n<section class=\"learnNavigationSection\">\r\n            \r\n        <a href=\"https:\/\/talkpal.ai\/mt\/tghallem-tagalog\/\">\r\n            <div class=\"learnNavigationWrapper\">\r\n                <div class=\"learnNavigationContent\">\r\n                    <img decoding=\"async\" src=\"https:\/\/talkpal.ai\/wp-content\/uploads\/2024\/08\/Tagalog.jpg\" alt=\"Philippines Flag\">\r\n                    <div>\r\n                        <h4>Dwar it-Tag\u0127lim tat-Tagalog<\/h4>\r\n                        <p>Sir af kollox dwar il-grammatika Tagalog.<\/p>\r\n                    <\/div>\r\n                <\/div>\r\n            <\/div>\r\n        <\/a>\r\n\r\n        \r\n        <a href=\"https:\/\/talkpal.ai\/mt\/grammatika-tat-tagalog\/\">\r\n            <div class=\"learnNavigationWrapper\">\r\n                <div class=\"learnNavigationContent\">\r\n                    <img decoding=\"async\" src=\"https:\/\/talkpal.ai\/wp-content\/uploads\/2024\/08\/Tagalog.jpg\" alt=\"Philippines Flag\">\r\n                    <div>\r\n                        <h4>Lezzjonijiet tal-Grammatika tat-Tagalog<\/h4>\r\n                        <p>Prattika l-grammatika Tagalog.<\/p>\r\n                    <\/div>\r\n                <\/div>\r\n            <\/div>\r\n        <\/a>\r\n\r\n        \r\n        <a href=\"https:\/\/talkpal.ai\/vocabulary_language\/tagalog\/\">\r\n            <div class=\"learnNavigationWrapper\">\r\n                <div class=\"learnNavigationContent\">\r\n                    <img decoding=\"async\" src=\"https:\/\/talkpal.ai\/wp-content\/uploads\/2024\/08\/Tagalog.jpg\" alt=\"Philippines Flag\">\r\n                    <div>\r\n                        <h4>Vokabularju tat-Tagalog<\/h4>\r\n                        <p>Espandi l-vokabularju Tagalog tieg\u0127ek.<\/p>\r\n                    <\/div>\r\n                <\/div>\r\n            <\/div>\r\n        <\/a>\r\n\r\n            <\/section>","protected":false},"excerpt":{"rendered":"<p>Su\u0121\u0121etti tal-Grammatika Tagalog It-tag\u0127lim ta &#8216;lingwa \u0121dida jista&#8217; jkun vja\u0121\u0121 e\u010b\u010bitanti u g\u0127al dawk interessati fit-Tagalog, lingwa mitkellma fil-Filippini, il-fehim tal-grammatika huwa essenzjali. Il-grammatika Tagalog g\u0127andha l-karatteristi\u010bi uni\u010bi tag\u0127ha f&#8217;termini ta &#8216;tempi, verbi, nomi, artikli, pronomi \/ determinanti, a\u0121\u0121ettivi, avverbji, kundizzjonali, prepo\u017cizzjonijiet, u strutturi ta&#8217; sentenzi. Din il-gwida se tipprovdi sekwenza ssu\u0121\u0121erita g\u0127at-tag\u0127lim ta&#8217; dawn [&hellip;]<\/p>\n","protected":false},"author":6,"featured_media":1444577,"parent":0,"menu_order":0,"comment_status":"closed","ping_status":"closed","template":"LearningContentPage.php","meta":{"_acf_changed":false,"footnotes":""},"class_list":["post-1446829","page","type-page","status-publish","has-post-thumbnail","hentry"],"acf":[],"yoast_head":"<!-- This site is optimized with the Yoast SEO Premium plugin v27.2 (Yoast SEO v27.2) - https:\/\/yoast.com\/product\/yoast-seo-premium-wordpress\/ -->\n<title>E\u017cer\u010bizzji tal-Grammatika Tagalog - Talkpal<\/title>\n<meta name=\"description\" content=\"Skopri e\u017cer\u010bizzji tal-grammatika Tagalog biex tibni l-\u0127iliet lingwisti\u010bi tieg\u0127ek. Perfetta g\u0127al dawk li jibdew u studenti avvanzati bl-istess mod.\" \/>\n<meta name=\"robots\" content=\"index, follow, max-snippet:-1, max-image-preview:large, max-video-preview:-1\" \/>\n<link rel=\"canonical\" href=\"https:\/\/talkpal.ai\/mt\/ezercizzji-tal-grammatika-tagalog\/\" \/>\n<meta property=\"og:locale\" content=\"mt_MT\" \/>\n<meta property=\"og:type\" content=\"article\" \/>\n<meta property=\"og:title\" content=\"E\u017cer\u010bizzji tal-Grammatika Tagalog\" \/>\n<meta property=\"og:description\" content=\"Su\u0121\u0121etti tal-Grammatika Tagalog It-tag\u0127lim ta &#039;lingwa \u0121dida jista&#039; jkun vja\u0121\u0121 e\u010b\u010bitanti u g\u0127al dawk interessati fit-Tagalog, lingwa mitkellma\" \/>\n<meta property=\"og:url\" content=\"https:\/\/talkpal.ai\/mt\/ezercizzji-tal-grammatika-tagalog\/\" \/>\n<meta property=\"og:site_name\" content=\"Talkpal\" \/>\n<meta property=\"article:publisher\" content=\"https:\/\/www.facebook.com\/profile.php?id=100090733639311\" \/>\n<meta property=\"article:modified_time\" content=\"2025-12-17T09:49:04+00:00\" \/>\n<meta property=\"og:image\" content=\"https:\/\/talkpal.ai\/wp-content\/uploads\/2023\/05\/Tagalog-philippines.png\" \/>\n\t<meta property=\"og:image:width\" content=\"512\" \/>\n\t<meta property=\"og:image:height\" content=\"512\" \/>\n\t<meta property=\"og:image:type\" content=\"image\/png\" \/>\n<meta name=\"twitter:card\" content=\"summary_large_image\" \/>\n<meta name=\"twitter:site\" content=\"@talkpalai\" \/>\n<meta name=\"twitter:label1\" content=\"Est. reading time\" \/>\n\t<meta name=\"twitter:data1\" content=\"2 minutes\" \/>\n<script type=\"application\/ld+json\" class=\"yoast-schema-graph\">{\"@context\":\"https:\/\/schema.org\",\"@graph\":[{\"@type\":\"WebPage\",\"@id\":\"https:\/\/talkpal.ai\/mt\/ezercizzji-tal-grammatika-tagalog\/\",\"url\":\"https:\/\/talkpal.ai\/mt\/ezercizzji-tal-grammatika-tagalog\/\",\"name\":\"E\u017cer\u010bizzji tal-Grammatika Tagalog - Talkpal\",\"isPartOf\":{\"@id\":\"https:\/\/talkpal.ai\/mt\/#website\"},\"primaryImageOfPage\":{\"@id\":\"https:\/\/talkpal.ai\/mt\/ezercizzji-tal-grammatika-tagalog\/#primaryimage\"},\"image\":{\"@id\":\"https:\/\/talkpal.ai\/mt\/ezercizzji-tal-grammatika-tagalog\/#primaryimage\"},\"thumbnailUrl\":\"https:\/\/talkpal.ai\/wp-content\/uploads\/2023\/05\/Tagalog-philippines.png\",\"datePublished\":\"2023-07-05T10:08:32+00:00\",\"dateModified\":\"2025-12-17T09:49:04+00:00\",\"description\":\"Skopri e\u017cer\u010bizzji tal-grammatika Tagalog biex tibni l-\u0127iliet lingwisti\u010bi tieg\u0127ek. Perfetta g\u0127al dawk li jibdew u studenti avvanzati bl-istess mod.\",\"breadcrumb\":{\"@id\":\"https:\/\/talkpal.ai\/mt\/ezercizzji-tal-grammatika-tagalog\/#breadcrumb\"},\"inLanguage\":\"mt-MT\",\"potentialAction\":[{\"@type\":\"ReadAction\",\"target\":[\"https:\/\/talkpal.ai\/mt\/ezercizzji-tal-grammatika-tagalog\/\"]}]},{\"@type\":\"ImageObject\",\"inLanguage\":\"mt-MT\",\"@id\":\"https:\/\/talkpal.ai\/mt\/ezercizzji-tal-grammatika-tagalog\/#primaryimage\",\"url\":\"https:\/\/talkpal.ai\/wp-content\/uploads\/2023\/05\/Tagalog-philippines.png\",\"contentUrl\":\"https:\/\/talkpal.ai\/wp-content\/uploads\/2023\/05\/Tagalog-philippines.png\",\"width\":512,\"height\":512,\"caption\":\"TalkPal Tagalog Flag\"},{\"@type\":\"BreadcrumbList\",\"@id\":\"https:\/\/talkpal.ai\/mt\/ezercizzji-tal-grammatika-tagalog\/#breadcrumb\",\"itemListElement\":[{\"@type\":\"ListItem\",\"position\":1,\"name\":\"Homepage\",\"item\":\"https:\/\/talkpal.ai\/mt\/\"},{\"@type\":\"ListItem\",\"position\":2,\"name\":\"E\u017cer\u010bizzji tal-Grammatika Tagalog\"}]},{\"@type\":\"WebSite\",\"@id\":\"https:\/\/talkpal.ai\/mt\/#website\",\"url\":\"https:\/\/talkpal.ai\/mt\/\",\"name\":\"Talkpal\",\"description\":\"AI Language Learning\",\"publisher\":{\"@id\":\"https:\/\/talkpal.ai\/mt\/#organization\"},\"alternateName\":\"Talkpal AI\",\"potentialAction\":[{\"@type\":\"SearchAction\",\"target\":{\"@type\":\"EntryPoint\",\"urlTemplate\":\"https:\/\/talkpal.ai\/mt\/?s={search_term_string}\"},\"query-input\":{\"@type\":\"PropertyValueSpecification\",\"valueRequired\":true,\"valueName\":\"search_term_string\"}}],\"inLanguage\":\"mt-MT\"},{\"@type\":\"Organization\",\"@id\":\"https:\/\/talkpal.ai\/mt\/#organization\",\"name\":\"Talkpal, Inc.\",\"alternateName\":\"Talkpal AI\",\"url\":\"https:\/\/talkpal.ai\/mt\/\",\"logo\":{\"@type\":\"ImageObject\",\"inLanguage\":\"mt-MT\",\"@id\":\"https:\/\/talkpal.ai\/mt\/#\/schema\/logo\/image\/\",\"url\":\"https:\/\/talkpal.ai\/wp-content\/uploads\/2024\/03\/Talkpal-Logo-Icon.png\",\"contentUrl\":\"https:\/\/talkpal.ai\/wp-content\/uploads\/2024\/03\/Talkpal-Logo-Icon.png\",\"width\":2880,\"height\":2880,\"caption\":\"Talkpal, Inc.\"},\"image\":{\"@id\":\"https:\/\/talkpal.ai\/mt\/#\/schema\/logo\/image\/\"},\"sameAs\":[\"https:\/\/www.facebook.com\/profile.php?id=100090733639311\",\"https:\/\/x.com\/talkpalai\",\"https:\/\/www.linkedin.com\/company\/talkpal\/\",\"https:\/\/www.youtube.com\/@TalkPal\/\",\"https:\/\/www.tiktok.com\/@talkpal\",\"https:\/\/www.instagram.com\/talkpal_ai\/\",\"https:\/\/www.crunchbase.com\/organization\/talkpal-9cde\",\"https:\/\/www.g2.com\/products\/talkpal-for-business\/\",\"https:\/\/www.trustpilot.com\/review\/talkpal.ai\",\"https:\/\/www.capterra.com\/p\/10006800\/TalkPal\/\"],\"description\":\"Talkpal is a language learning web and mobile education app, powered by the latest AI technologies, that provides engaging experiences to its customers in many different languages to help them improve their language skills. Users can chat about unlimited amount of topics with the app and use other modes to practice their language learning.\",\"email\":\"support@talkpal.ai\",\"legalName\":\"Talkpal, Inc.\",\"foundingDate\":\"2023-04-03\",\"duns\":\"118989042\",\"numberOfEmployees\":{\"@type\":\"QuantitativeValue\",\"minValue\":\"11\",\"maxValue\":\"50\"},\"publishingPrinciples\":\"https:\/\/talkpal.ai\/publishing-principles\/\",\"actionableFeedbackPolicy\":\"https:\/\/talkpal.ai\/actionable-feedback-policy\/\",\"correctionsPolicy\":\"https:\/\/talkpal.ai\/corrections-policy\/\",\"ethicsPolicy\":\"https:\/\/talkpal.ai\/ethics-policy\/\",\"diversityPolicy\":\"https:\/\/talkpal.ai\/diversity-policy\/\",\"diversityStaffingReport\":\"https:\/\/talkpal.ai\/diversity-policy\/\"}]}<\/script>\n<!-- \/ Yoast SEO Premium plugin. -->","yoast_head_json":{"title":"E\u017cer\u010bizzji tal-Grammatika Tagalog - Talkpal","description":"Skopri e\u017cer\u010bizzji tal-grammatika Tagalog biex tibni l-\u0127iliet lingwisti\u010bi tieg\u0127ek. Perfetta g\u0127al dawk li jibdew u studenti avvanzati bl-istess mod.","robots":{"index":"index","follow":"follow","max-snippet":"max-snippet:-1","max-image-preview":"max-image-preview:large","max-video-preview":"max-video-preview:-1"},"canonical":"https:\/\/talkpal.ai\/mt\/ezercizzji-tal-grammatika-tagalog\/","og_locale":"mt_MT","og_type":"article","og_title":"E\u017cer\u010bizzji tal-Grammatika Tagalog","og_description":"Su\u0121\u0121etti tal-Grammatika Tagalog It-tag\u0127lim ta 'lingwa \u0121dida jista' jkun vja\u0121\u0121 e\u010b\u010bitanti u g\u0127al dawk interessati fit-Tagalog, lingwa mitkellma","og_url":"https:\/\/talkpal.ai\/mt\/ezercizzji-tal-grammatika-tagalog\/","og_site_name":"Talkpal","article_publisher":"https:\/\/www.facebook.com\/profile.php?id=100090733639311","article_modified_time":"2025-12-17T09:49:04+00:00","og_image":[{"width":512,"height":512,"url":"https:\/\/talkpal.ai\/wp-content\/uploads\/2023\/05\/Tagalog-philippines.png","type":"image\/png"}],"twitter_card":"summary_large_image","twitter_site":"@talkpalai","twitter_misc":{"Est. reading time":"2 minutes"},"schema":{"@context":"https:\/\/schema.org","@graph":[{"@type":"WebPage","@id":"https:\/\/talkpal.ai\/mt\/ezercizzji-tal-grammatika-tagalog\/","url":"https:\/\/talkpal.ai\/mt\/ezercizzji-tal-grammatika-tagalog\/","name":"E\u017cer\u010bizzji tal-Grammatika Tagalog - Talkpal","isPartOf":{"@id":"https:\/\/talkpal.ai\/mt\/#website"},"primaryImageOfPage":{"@id":"https:\/\/talkpal.ai\/mt\/ezercizzji-tal-grammatika-tagalog\/#primaryimage"},"image":{"@id":"https:\/\/talkpal.ai\/mt\/ezercizzji-tal-grammatika-tagalog\/#primaryimage"},"thumbnailUrl":"https:\/\/talkpal.ai\/wp-content\/uploads\/2023\/05\/Tagalog-philippines.png","datePublished":"2023-07-05T10:08:32+00:00","dateModified":"2025-12-17T09:49:04+00:00","description":"Skopri e\u017cer\u010bizzji tal-grammatika Tagalog biex tibni l-\u0127iliet lingwisti\u010bi tieg\u0127ek. Perfetta g\u0127al dawk li jibdew u studenti avvanzati bl-istess mod.","breadcrumb":{"@id":"https:\/\/talkpal.ai\/mt\/ezercizzji-tal-grammatika-tagalog\/#breadcrumb"},"inLanguage":"mt-MT","potentialAction":[{"@type":"ReadAction","target":["https:\/\/talkpal.ai\/mt\/ezercizzji-tal-grammatika-tagalog\/"]}]},{"@type":"ImageObject","inLanguage":"mt-MT","@id":"https:\/\/talkpal.ai\/mt\/ezercizzji-tal-grammatika-tagalog\/#primaryimage","url":"https:\/\/talkpal.ai\/wp-content\/uploads\/2023\/05\/Tagalog-philippines.png","contentUrl":"https:\/\/talkpal.ai\/wp-content\/uploads\/2023\/05\/Tagalog-philippines.png","width":512,"height":512,"caption":"TalkPal Tagalog Flag"},{"@type":"BreadcrumbList","@id":"https:\/\/talkpal.ai\/mt\/ezercizzji-tal-grammatika-tagalog\/#breadcrumb","itemListElement":[{"@type":"ListItem","position":1,"name":"Homepage","item":"https:\/\/talkpal.ai\/mt\/"},{"@type":"ListItem","position":2,"name":"E\u017cer\u010bizzji tal-Grammatika Tagalog"}]},{"@type":"WebSite","@id":"https:\/\/talkpal.ai\/mt\/#website","url":"https:\/\/talkpal.ai\/mt\/","name":"Talkpal","description":"AI Language Learning","publisher":{"@id":"https:\/\/talkpal.ai\/mt\/#organization"},"alternateName":"Talkpal AI","potentialAction":[{"@type":"SearchAction","target":{"@type":"EntryPoint","urlTemplate":"https:\/\/talkpal.ai\/mt\/?s={search_term_string}"},"query-input":{"@type":"PropertyValueSpecification","valueRequired":true,"valueName":"search_term_string"}}],"inLanguage":"mt-MT"},{"@type":"Organization","@id":"https:\/\/talkpal.ai\/mt\/#organization","name":"Talkpal, Inc.","alternateName":"Talkpal AI","url":"https:\/\/talkpal.ai\/mt\/","logo":{"@type":"ImageObject","inLanguage":"mt-MT","@id":"https:\/\/talkpal.ai\/mt\/#\/schema\/logo\/image\/","url":"https:\/\/talkpal.ai\/wp-content\/uploads\/2024\/03\/Talkpal-Logo-Icon.png","contentUrl":"https:\/\/talkpal.ai\/wp-content\/uploads\/2024\/03\/Talkpal-Logo-Icon.png","width":2880,"height":2880,"caption":"Talkpal, Inc."},"image":{"@id":"https:\/\/talkpal.ai\/mt\/#\/schema\/logo\/image\/"},"sameAs":["https:\/\/www.facebook.com\/profile.php?id=100090733639311","https:\/\/x.com\/talkpalai","https:\/\/www.linkedin.com\/company\/talkpal\/","https:\/\/www.youtube.com\/@TalkPal\/","https:\/\/www.tiktok.com\/@talkpal","https:\/\/www.instagram.com\/talkpal_ai\/","https:\/\/www.crunchbase.com\/organization\/talkpal-9cde","https:\/\/www.g2.com\/products\/talkpal-for-business\/","https:\/\/www.trustpilot.com\/review\/talkpal.ai","https:\/\/www.capterra.com\/p\/10006800\/TalkPal\/"],"description":"Talkpal is a language learning web and mobile education app, powered by the latest AI technologies, that provides engaging experiences to its customers in many different languages to help them improve their language skills. Users can chat about unlimited amount of topics with the app and use other modes to practice their language learning.","email":"support@talkpal.ai","legalName":"Talkpal, Inc.","foundingDate":"2023-04-03","duns":"118989042","numberOfEmployees":{"@type":"QuantitativeValue","minValue":"11","maxValue":"50"},"publishingPrinciples":"https:\/\/talkpal.ai\/publishing-principles\/","actionableFeedbackPolicy":"https:\/\/talkpal.ai\/actionable-feedback-policy\/","correctionsPolicy":"https:\/\/talkpal.ai\/corrections-policy\/","ethicsPolicy":"https:\/\/talkpal.ai\/ethics-policy\/","diversityPolicy":"https:\/\/talkpal.ai\/diversity-policy\/","diversityStaffingReport":"https:\/\/talkpal.ai\/diversity-policy\/"}]}},"_links":{"self":[{"href":"https:\/\/talkpal.ai\/mt\/wp-json\/wp\/v2\/pages\/1446829","targetHints":{"allow":["GET"]}}],"collection":[{"href":"https:\/\/talkpal.ai\/mt\/wp-json\/wp\/v2\/pages"}],"about":[{"href":"https:\/\/talkpal.ai\/mt\/wp-json\/wp\/v2\/types\/page"}],"author":[{"embeddable":true,"href":"https:\/\/talkpal.ai\/mt\/wp-json\/wp\/v2\/users\/6"}],"replies":[{"embeddable":true,"href":"https:\/\/talkpal.ai\/mt\/wp-json\/wp\/v2\/comments?post=1446829"}],"version-history":[{"count":0,"href":"https:\/\/talkpal.ai\/mt\/wp-json\/wp\/v2\/pages\/1446829\/revisions"}],"wp:featuredmedia":[{"embeddable":true,"href":"https:\/\/talkpal.ai\/mt\/wp-json\/wp\/v2\/media\/1444577"}],"wp:attachment":[{"href":"https:\/\/talkpal.ai\/mt\/wp-json\/wp\/v2\/media?parent=1446829"}],"curies":[{"name":"wp","href":"https:\/\/api.w.org\/{rel}","templated":true}]}}