{"id":1446486,"date":"2023-05-14T14:19:49","date_gmt":"2023-05-14T14:19:49","guid":{"rendered":"https:\/\/talkpal.ai\/grammatika-slovakka\/"},"modified":"2025-12-12T11:11:39","modified_gmt":"2025-12-12T11:11:39","slug":"grammatika-slovakka","status":"publish","type":"page","link":"https:\/\/talkpal.ai\/mt\/grammatika-slovakka\/","title":{"rendered":"Grammatika Slovakka"},"content":{"rendered":"\r\n\r\n\r\n<section class=\"languageChallengeSection\">\r\n    <div class=\"languageInfoWrapper\">\r\n        \r\n        <h1>Grammatika Slovakka<\/h1>\r\n        <p>Tifta\u0127 is-sbu\u0127ija tal-lingwa Slovakka billi titg\u0127allem ir-regoli ba\u017ci\u010bi tal-grammatika tag\u0127ha. Il-fehim tal-grammatika Slovakka jg\u0127inek tikkomunika b&#039;kunfidenza u tikkonnettja aktar fil-fond mat-tradizzjonijiet rikki tas-Slovakkja. Ibda l-vja\u0121\u0121 tieg\u0127ek illum u \u0127u l-ewwel pass lejn il-\u0127akma tas-Slovakk!\n\n<\/p>\r\n\r\n                            <a class=\"getStartedHidden\" href=\"https:\/\/app.talkpal.ai\/signup?lng=\">Ibda<\/a>\r\n        \r\n    <\/div>\r\n\r\n    <figure>\r\n    <img decoding=\"async\" width=\"768\" height=\"768\" src=\"https:\/\/talkpal.ai\/wp-content\/uploads\/2023\/06\/slovak-768x768.png\" class=\"languageImage no-lazy\" alt=\"Language learning for cross-cultural competence\" fetchpriority=\"high\" sizes=\"(max-width: 768px) 150px, 768px\" srcset=\"https:\/\/talkpal.ai\/wp-content\/uploads\/2023\/06\/slovak-768x768.png 768w, https:\/\/talkpal.ai\/wp-content\/uploads\/2023\/06\/slovak-300x300.png 300w\" \/>\r\n    \r\n\r\n    <\/figure>\r\n\r\n            <a class=\"getStartedVisible\" href=\"https:\/\/app.talkpal.ai\/signup?lng=\">Ibda<\/a>\r\n    \r\n<\/section>\r\n<section class=\"promotionalBanner\">\r\n    <p class=\"promotionalText\">L-aktar mod effi\u010bjenti biex titg\u0127allem lingwa<\/p>\r\n    <a class=\"promotionalLink\" href=\"https:\/\/app.talkpal.ai\/signup?lng=\">Ipprova Talkpal b&#8217;xejn<\/a>\r\n<\/section>\n<div class=\"wp-block-group pageContainerStyle\"><div class=\"wp-block-group__inner-container is-layout-constrained wp-block-group-is-layout-constrained\">\n<h2 class=\"wp-block-heading\" id=\"h-slovak-grammar-the-key-to-unlocking-a-beautiful-language\">Grammatika Slovakka: I\u010b-\u010aavetta biex Tifta\u0127 Lingwa Sabi\u0127a<\/h2>\n\n\n\n<p>Qed tippjana li titg\u0127allem is-Slovakk jew sempli\u010bement kurju\u017c dwar il-grammatika unika tag\u0127ha? Int fil-post it-tajjeb! Il-grammatika Slovakka tista &#8216;tidher intimidanti mal-ewwel daqqa t&#8217;g\u0127ajn, imma tinkwetax &#8211; fil-fatt hija pjuttost lo\u0121ika u mani\u0121\u0121abbli. F&#8217;dan l-artikolu, a\u0127na ser nesploraw l-ins u l-outs tal-grammatika Slovakka biex ng\u0127inuk tifhem u tapprezza a\u0127jar is-sbu\u0127ija tag\u0127ha.<\/p>\n\n\n\n<p>L-ewwelnett, ejja nibdew bi ftit sfond. Is-Slovakk huwa lingwa Slava tal-Punent mitkellma primarjament fis-Slovakkja, i\u017cda tista&#8217; ssib kelliema fil-pajji\u017ci tal-madwar ukoll. B\u0127ala lingwa Slava, taqsam \u0127afna similaritajiet ma&#8217; lingwi o\u0127ra fir-re\u0121jun, b\u0127a\u010b-\u010aek u l-Pollakk. Madankollu, g\u0127andu r-regoli tal-grammatika distinti tieg\u0127u u l-mudelli ta &#8216;u\u017cu li jiddistingwuha.<\/p>\n\n\n\n<p>Issa, ejja nid\u0127lu f&#8217;u\u0127ud mill-aspetti l-aktar importanti tal-grammatika Slovakka.<\/p>\n\n\n\n<h3 class=\"wp-block-heading\" id=\"h-1-nouns-and-their-cases\">1. Nomi u l-ka\u017cijiet tag\u0127hom<\/h3>\n\n\n\n<p>Wa\u0127da mill-aktar karatteristi\u010bi impressjonanti tal-grammatika Slovakka hija s-sistema kumplessa tal-ka\u017cijiet tag\u0127ha. Jekk int familjari mal-\u0120ermani\u017c jew ir-Russu, tkun taf dwar xiex qed nitkellmu: In-nomi Slovakki jibdlu l-forma tag\u0127hom skont il-funzjoni tag\u0127hom f&#8217;sentenza. B&#8217;seba &#8216;ka\u017cijiet (nominativ, \u0121enittiv, dattiv, akku\u017cattiv, lokattiv, strumentali, u vokattiv), dan jista&#8217; jidher kbir g\u0127all-ewwel, imma taqtax qalbek! Ladarba tkun ltqajt il-hang ta &#8216;dan, huwa oerh\u00f6rt lo\u0121iku u anke divertenti.<\/p>\n\n\n\n<p>\u0126u n-nom &#8220;chlapec&#8221; (tifel) b\u0127ala e\u017cempju. Jista &#8216;jinbidel g\u0127al &#8220;chlapca,&#8221; &#8220;chlapcovi,&#8221; &#8220;chlapcom,&#8221; u l-bqija, skont jekk huwiex is-su\u0121\u0121ett, l-o\u0121\u0121ett, jew ir-ri\u010bevitur ta&#8217; azzjoni. It-truf jiddependu fuq is-sess tan-nom (maskili, femminili, jew neutru) ukoll, u jag\u0127tu sa\u0127ansitra aktar varjet\u00e0 lill-lingwa.<\/p>\n\n\n\n<h3 class=\"wp-block-heading\" id=\"h-2-verb-conjugation-and-tenses\">2. Il-konjugazzjoni tal-verb u t-tempi<\/h3>\n\n\n\n<p>Il-verbi Slovakki jibdlu t-truf tag\u0127hom skont il-persuna u n-numru (singular jew plural) tas-su\u0121\u0121ett. Pere\u017cempju, il-verb &#8220;vidie\u0165&#8221; (li tara) jista &#8216;jsir &#8220;vid\u00edm&#8221; (<a href=\"https:\/\/talkpal.ai\/locations\/language-courses-in-nara\/\">nara<\/a>), &#8220;vid\u00ed\u0161&#8221; (tara), &#8220;vidia&#8221; (jaraw), u o\u0127rajn.<\/p>\n\n\n\n<p>Is-Slovakk g\u0127andu tliet tempi ewlenin: il-passat, il-pre\u017cent u l-futur. Il-\u0127a\u0121a interessanti hija li, b&#8217;differenza mill-Ingli\u017c, is-Slovakk tipikament ma ju\u017cax verbi aw\u017ciljarji biex jifforma dawn it-tempi. Minflok, huma ffurmati billi jinbidlu t-truf tal-verb. Pere\u017cempju, &#8220;I see&#8221; huwa &#8220;vid\u00edm,&#8221; &#8220;I raw&#8221; huwa &#8220;videl som,&#8221; u &#8220;I will see&#8221; huwa &#8220;uvid\u00edm.&#8221;<\/p>\n\n\n\n<h3 class=\"wp-block-heading\" id=\"h-3-sentence-structure-and-word-order\">3. L-istruttura tas-sentenza u l-ordni tal-kliem<\/h3>\n\n\n\n<p><a href=\"https:\/\/talkpal.ai\/learn-slovak\/\">Slovakk<\/a> g\u0127andu ordni ta &#8216;kliem relattivament flessibbli, grazzi g\u0127all-ka\u017c tan-nom u s-sistema ta&#8217; konjugazzjoni tal-verb. Dan ifisser li, g\u0127all-kuntrarju tal-Ingli\u017c, tista&#8217; tpo\u0121\u0121i kliem f&#8217;po\u017cizzjonijiet differenti f&#8217;sentenza ming\u0127ajr ma tbiddel it-tifsira tag\u0127ha \u2013 pere\u017cempju, &#8220;chlapec vid\u00ed psa&#8221; (it-tifel jara l-kelb) jista&#8217; jkun ukoll &#8220;psa vid\u00ed chlapec&#8221; u xorta g\u0127andu l-istess tifsira.<\/p>\n\n\n\n<p>Cela dit, l-ordni tal-kliem l-aktar komuni fis-Slovakk hija su\u0121\u0121ett-verb-o\u0121\u0121ett jew SVO. Dan huwa simili g\u0127all-Ingli\u017c, u huwa punt tat-tluq kbir g\u0127all-istudenti. Hekk kif issir aktar komdu bil-lingwa, tista &#8216;tesperimenta b&#8217;ordnijiet ta&#8217; kliem differenti biex i\u017c\u017cid enfasi jew sfumatura fis-sentenzi tieg\u0127ek.<\/p>\n\n\n\n<h3 class=\"wp-block-heading\" id=\"h-4-adjectives-and-adverbs\">4. A\u0121\u0121ettivi u avverbji<\/h3>\n\n\n\n<p>B\u0127al f&#8217;\u0127afna lingwi o\u0127ra, l-a\u0121\u0121ettivi u l-avverbji fis-Slovakk jintu\u017caw biex jiddeskrivu nomi u verbi. Madankollu, ji\u0121u wkoll bil-ftehim tal-ka\u017c tag\u0127hom stess u r-regoli tal-ftehim dwar is-sessi, li jistg\u0127u jag\u0127mlu l-affarijiet ftit aktar ikkumplikati. B&#8217;xorti tajba, ladarba tikkontrolla l-ka\u017cijiet tan-nomi u l-konjugazzjonijiet tal-verbi, dawn ir-regoli ji\u0121u b&#8217;mod aktar naturali.<\/p>\n\n\n\n<p>Allura, int lest li tindirizza l-grammatika Slovakka? Bil-mentalit\u00e0 u r-ri\u017corsi t-tajba, it-tag\u0127lim tas-Slovakk huwa esperjenza ta &#8216;sodisfazzjon li tista&#8217; tifta\u0127 il-bibien g\u0127al kultura rikka u pajji\u017c sabi\u0127. \u0126udu pass pass, ipprattika regolarment, u tib\u017cax tag\u0127mel \u017cbalji &#8211; hekk nitg\u0127allmu lkoll, wara kollox. Ve\u013ea \u0161\u0165astia! (Xorti tajba!)<\/p>\n<\/div><\/div>\n\r\n<section class=\"learnNavigationSection\">\r\n            \r\n        <a href=\"https:\/\/talkpal.ai\/mt\/tghallem-is-slovakk\/\">\r\n            <div class=\"learnNavigationWrapper\">\r\n                <div class=\"learnNavigationContent\">\r\n                    <img decoding=\"async\" src=\"https:\/\/talkpal.ai\/wp-content\/uploads\/2024\/08\/Slovak.jpg\" alt=\"Slovak Flag\">\r\n                    <div>\r\n                        <h4>Dwar it-Tag\u0127lim Slovakk<\/h4>\r\n                        <p>Sir af kollox dwar il-grammatika Slovakka.<\/p>\r\n                    <\/div>\r\n                <\/div>\r\n            <\/div>\r\n        <\/a>\r\n\r\n        \r\n        <a href=\"https:\/\/talkpal.ai\/mt\/ezercizzji-tal-grammatika-slovakka\/\">\r\n            <div class=\"learnNavigationWrapper\">\r\n                <div class=\"learnNavigationContent\">\r\n                    <img decoding=\"async\" src=\"https:\/\/talkpal.ai\/wp-content\/uploads\/2024\/08\/Slovak.jpg\" alt=\"Slovak Flag\">\r\n                    <div>\r\n                        <h4>E\u017cer\u010bizzju tal-Grammatika Slovakka<\/h4>\r\n                        <p>Ipprattika l-grammatika Slovakka.<\/p>\r\n                    <\/div>\r\n                <\/div>\r\n            <\/div>\r\n        <\/a>\r\n\r\n        \r\n        <a href=\"https:\/\/talkpal.ai\/vocabulary_language\/slovak\/\">\r\n            <div class=\"learnNavigationWrapper\">\r\n                <div class=\"learnNavigationContent\">\r\n                    <img decoding=\"async\" src=\"https:\/\/talkpal.ai\/wp-content\/uploads\/2024\/08\/Slovak.jpg\" alt=\"Slovak Flag\">\r\n                    <div>\r\n                        <h4>Vokabularju Slovakk<\/h4>\r\n                        <p>Espandi l-vokabularju Slovakk tieg\u0127ek.<\/p>\r\n                    <\/div>\r\n                <\/div>\r\n            <\/div>\r\n        <\/a>\r\n\r\n            <\/section>","protected":false},"excerpt":{"rendered":"<p>Grammatika Slovakka: I\u010b-\u010aavetta biex Tifta\u0127 Lingwa Sabi\u0127a Qed tippjana li titg\u0127allem is-Slovakk jew sempli\u010bement kurju\u017c dwar il-grammatika unika tag\u0127ha? Int fil-post it-tajjeb! Il-grammatika Slovakka tista &#8216;tidher intimidanti mal-ewwel daqqa t&#8217;g\u0127ajn, imma tinkwetax &#8211; fil-fatt hija pjuttost lo\u0121ika u mani\u0121\u0121abbli. F&#8217;dan l-artikolu, a\u0127na ser nesploraw l-ins u l-outs tal-grammatika Slovakka biex ng\u0127inuk tifhem u tapprezza a\u0127jar [&hellip;]<\/p>\n","protected":false},"author":1,"featured_media":1444581,"parent":0,"menu_order":0,"comment_status":"closed","ping_status":"closed","template":"LearningContentPage.php","meta":{"_acf_changed":false,"footnotes":""},"class_list":["post-1446486","page","type-page","status-publish","has-post-thumbnail","hentry"],"acf":[],"yoast_head":"<!-- This site is optimized with the Yoast SEO Premium plugin v27.2 (Yoast SEO v27.2) - https:\/\/yoast.com\/product\/yoast-seo-premium-wordpress\/ -->\n<title>Grammatika Slovakka - Talkpal<\/title>\n<meta name=\"description\" content=\"Kaptan il-grammatika Slovakka bi spjegazzjonijiet \u010bari, e\u017cempji pratti\u010bi, u e\u017cer\u010bizzji interattivi. Ittejjeb il-\u0127iliet tieg\u0127ek!\" \/>\n<meta name=\"robots\" content=\"index, follow, max-snippet:-1, max-image-preview:large, max-video-preview:-1\" \/>\n<link rel=\"canonical\" href=\"https:\/\/talkpal.ai\/mt\/grammatika-slovakka\/\" \/>\n<meta property=\"og:locale\" content=\"mt_MT\" \/>\n<meta property=\"og:type\" content=\"article\" \/>\n<meta property=\"og:title\" content=\"Grammatika Slovakka\" \/>\n<meta property=\"og:description\" content=\"Grammatika Slovakka: I\u010b-\u010aavetta biex Tifta\u0127 Lingwa Sabi\u0127a Qed tippjana li titg\u0127allem is-Slovakk jew sempli\u010bement kurju\u017c dwar il-grammatika unika tag\u0127ha?\" \/>\n<meta property=\"og:url\" content=\"https:\/\/talkpal.ai\/mt\/grammatika-slovakka\/\" \/>\n<meta property=\"og:site_name\" content=\"Talkpal\" \/>\n<meta property=\"article:publisher\" content=\"https:\/\/www.facebook.com\/profile.php?id=100090733639311\" \/>\n<meta property=\"article:modified_time\" content=\"2025-12-12T11:11:39+00:00\" \/>\n<meta property=\"og:image\" content=\"https:\/\/talkpal.ai\/wp-content\/uploads\/2023\/05\/slovakia.png\" \/>\n\t<meta property=\"og:image:width\" content=\"512\" \/>\n\t<meta property=\"og:image:height\" content=\"512\" \/>\n\t<meta property=\"og:image:type\" content=\"image\/png\" \/>\n<meta name=\"twitter:card\" content=\"summary_large_image\" \/>\n<meta name=\"twitter:site\" content=\"@talkpalai\" \/>\n<meta name=\"twitter:label1\" content=\"Est. reading time\" \/>\n\t<meta name=\"twitter:data1\" content=\"3 minutes\" \/>\n<script type=\"application\/ld+json\" class=\"yoast-schema-graph\">{\"@context\":\"https:\/\/schema.org\",\"@graph\":[{\"@type\":\"WebPage\",\"@id\":\"https:\/\/talkpal.ai\/mt\/grammatika-slovakka\/\",\"url\":\"https:\/\/talkpal.ai\/mt\/grammatika-slovakka\/\",\"name\":\"Grammatika Slovakka - Talkpal\",\"isPartOf\":{\"@id\":\"https:\/\/talkpal.ai\/mt\/#website\"},\"primaryImageOfPage\":{\"@id\":\"https:\/\/talkpal.ai\/mt\/grammatika-slovakka\/#primaryimage\"},\"image\":{\"@id\":\"https:\/\/talkpal.ai\/mt\/grammatika-slovakka\/#primaryimage\"},\"thumbnailUrl\":\"https:\/\/talkpal.ai\/wp-content\/uploads\/2023\/05\/slovakia.png\",\"datePublished\":\"2023-05-14T14:19:49+00:00\",\"dateModified\":\"2025-12-12T11:11:39+00:00\",\"description\":\"Kaptan il-grammatika Slovakka bi spjegazzjonijiet \u010bari, e\u017cempji pratti\u010bi, u e\u017cer\u010bizzji interattivi. Ittejjeb il-\u0127iliet tieg\u0127ek!\",\"breadcrumb\":{\"@id\":\"https:\/\/talkpal.ai\/mt\/grammatika-slovakka\/#breadcrumb\"},\"inLanguage\":\"mt-MT\",\"potentialAction\":[{\"@type\":\"ReadAction\",\"target\":[\"https:\/\/talkpal.ai\/mt\/grammatika-slovakka\/\"]}]},{\"@type\":\"ImageObject\",\"inLanguage\":\"mt-MT\",\"@id\":\"https:\/\/talkpal.ai\/mt\/grammatika-slovakka\/#primaryimage\",\"url\":\"https:\/\/talkpal.ai\/wp-content\/uploads\/2023\/05\/slovakia.png\",\"contentUrl\":\"https:\/\/talkpal.ai\/wp-content\/uploads\/2023\/05\/slovakia.png\",\"width\":512,\"height\":512,\"caption\":\"TalkPal Slovakia Flag\"},{\"@type\":\"BreadcrumbList\",\"@id\":\"https:\/\/talkpal.ai\/mt\/grammatika-slovakka\/#breadcrumb\",\"itemListElement\":[{\"@type\":\"ListItem\",\"position\":1,\"name\":\"Homepage\",\"item\":\"https:\/\/talkpal.ai\/mt\/\"},{\"@type\":\"ListItem\",\"position\":2,\"name\":\"Grammatika Slovakka\"}]},{\"@type\":\"WebSite\",\"@id\":\"https:\/\/talkpal.ai\/mt\/#website\",\"url\":\"https:\/\/talkpal.ai\/mt\/\",\"name\":\"Talkpal\",\"description\":\"AI Language Learning\",\"publisher\":{\"@id\":\"https:\/\/talkpal.ai\/mt\/#organization\"},\"alternateName\":\"Talkpal AI\",\"potentialAction\":[{\"@type\":\"SearchAction\",\"target\":{\"@type\":\"EntryPoint\",\"urlTemplate\":\"https:\/\/talkpal.ai\/mt\/?s={search_term_string}\"},\"query-input\":{\"@type\":\"PropertyValueSpecification\",\"valueRequired\":true,\"valueName\":\"search_term_string\"}}],\"inLanguage\":\"mt-MT\"},{\"@type\":\"Organization\",\"@id\":\"https:\/\/talkpal.ai\/mt\/#organization\",\"name\":\"Talkpal, Inc.\",\"alternateName\":\"Talkpal AI\",\"url\":\"https:\/\/talkpal.ai\/mt\/\",\"logo\":{\"@type\":\"ImageObject\",\"inLanguage\":\"mt-MT\",\"@id\":\"https:\/\/talkpal.ai\/mt\/#\/schema\/logo\/image\/\",\"url\":\"https:\/\/talkpal.ai\/wp-content\/uploads\/2024\/03\/Talkpal-Logo-Icon.png\",\"contentUrl\":\"https:\/\/talkpal.ai\/wp-content\/uploads\/2024\/03\/Talkpal-Logo-Icon.png\",\"width\":2880,\"height\":2880,\"caption\":\"Talkpal, Inc.\"},\"image\":{\"@id\":\"https:\/\/talkpal.ai\/mt\/#\/schema\/logo\/image\/\"},\"sameAs\":[\"https:\/\/www.facebook.com\/profile.php?id=100090733639311\",\"https:\/\/x.com\/talkpalai\",\"https:\/\/www.linkedin.com\/company\/talkpal\/\",\"https:\/\/www.youtube.com\/@TalkPal\/\",\"https:\/\/www.tiktok.com\/@talkpal\",\"https:\/\/www.instagram.com\/talkpal_ai\/\",\"https:\/\/www.crunchbase.com\/organization\/talkpal-9cde\",\"https:\/\/www.g2.com\/products\/talkpal-for-business\/\",\"https:\/\/www.trustpilot.com\/review\/talkpal.ai\",\"https:\/\/www.capterra.com\/p\/10006800\/TalkPal\/\"],\"description\":\"Talkpal is a language learning web and mobile education app, powered by the latest AI technologies, that provides engaging experiences to its customers in many different languages to help them improve their language skills. Users can chat about unlimited amount of topics with the app and use other modes to practice their language learning.\",\"email\":\"support@talkpal.ai\",\"legalName\":\"Talkpal, Inc.\",\"foundingDate\":\"2023-04-03\",\"duns\":\"118989042\",\"numberOfEmployees\":{\"@type\":\"QuantitativeValue\",\"minValue\":\"11\",\"maxValue\":\"50\"},\"publishingPrinciples\":\"https:\/\/talkpal.ai\/publishing-principles\/\",\"actionableFeedbackPolicy\":\"https:\/\/talkpal.ai\/actionable-feedback-policy\/\",\"correctionsPolicy\":\"https:\/\/talkpal.ai\/corrections-policy\/\",\"ethicsPolicy\":\"https:\/\/talkpal.ai\/ethics-policy\/\",\"diversityPolicy\":\"https:\/\/talkpal.ai\/diversity-policy\/\",\"diversityStaffingReport\":\"https:\/\/talkpal.ai\/diversity-policy\/\"}]}<\/script>\n<!-- \/ Yoast SEO Premium plugin. -->","yoast_head_json":{"title":"Grammatika Slovakka - Talkpal","description":"Kaptan il-grammatika Slovakka bi spjegazzjonijiet \u010bari, e\u017cempji pratti\u010bi, u e\u017cer\u010bizzji interattivi. Ittejjeb il-\u0127iliet tieg\u0127ek!","robots":{"index":"index","follow":"follow","max-snippet":"max-snippet:-1","max-image-preview":"max-image-preview:large","max-video-preview":"max-video-preview:-1"},"canonical":"https:\/\/talkpal.ai\/mt\/grammatika-slovakka\/","og_locale":"mt_MT","og_type":"article","og_title":"Grammatika Slovakka","og_description":"Grammatika Slovakka: I\u010b-\u010aavetta biex Tifta\u0127 Lingwa Sabi\u0127a Qed tippjana li titg\u0127allem is-Slovakk jew sempli\u010bement kurju\u017c dwar il-grammatika unika tag\u0127ha?","og_url":"https:\/\/talkpal.ai\/mt\/grammatika-slovakka\/","og_site_name":"Talkpal","article_publisher":"https:\/\/www.facebook.com\/profile.php?id=100090733639311","article_modified_time":"2025-12-12T11:11:39+00:00","og_image":[{"width":512,"height":512,"url":"https:\/\/talkpal.ai\/wp-content\/uploads\/2023\/05\/slovakia.png","type":"image\/png"}],"twitter_card":"summary_large_image","twitter_site":"@talkpalai","twitter_misc":{"Est. reading time":"3 minutes"},"schema":{"@context":"https:\/\/schema.org","@graph":[{"@type":"WebPage","@id":"https:\/\/talkpal.ai\/mt\/grammatika-slovakka\/","url":"https:\/\/talkpal.ai\/mt\/grammatika-slovakka\/","name":"Grammatika Slovakka - Talkpal","isPartOf":{"@id":"https:\/\/talkpal.ai\/mt\/#website"},"primaryImageOfPage":{"@id":"https:\/\/talkpal.ai\/mt\/grammatika-slovakka\/#primaryimage"},"image":{"@id":"https:\/\/talkpal.ai\/mt\/grammatika-slovakka\/#primaryimage"},"thumbnailUrl":"https:\/\/talkpal.ai\/wp-content\/uploads\/2023\/05\/slovakia.png","datePublished":"2023-05-14T14:19:49+00:00","dateModified":"2025-12-12T11:11:39+00:00","description":"Kaptan il-grammatika Slovakka bi spjegazzjonijiet \u010bari, e\u017cempji pratti\u010bi, u e\u017cer\u010bizzji interattivi. Ittejjeb il-\u0127iliet tieg\u0127ek!","breadcrumb":{"@id":"https:\/\/talkpal.ai\/mt\/grammatika-slovakka\/#breadcrumb"},"inLanguage":"mt-MT","potentialAction":[{"@type":"ReadAction","target":["https:\/\/talkpal.ai\/mt\/grammatika-slovakka\/"]}]},{"@type":"ImageObject","inLanguage":"mt-MT","@id":"https:\/\/talkpal.ai\/mt\/grammatika-slovakka\/#primaryimage","url":"https:\/\/talkpal.ai\/wp-content\/uploads\/2023\/05\/slovakia.png","contentUrl":"https:\/\/talkpal.ai\/wp-content\/uploads\/2023\/05\/slovakia.png","width":512,"height":512,"caption":"TalkPal Slovakia Flag"},{"@type":"BreadcrumbList","@id":"https:\/\/talkpal.ai\/mt\/grammatika-slovakka\/#breadcrumb","itemListElement":[{"@type":"ListItem","position":1,"name":"Homepage","item":"https:\/\/talkpal.ai\/mt\/"},{"@type":"ListItem","position":2,"name":"Grammatika Slovakka"}]},{"@type":"WebSite","@id":"https:\/\/talkpal.ai\/mt\/#website","url":"https:\/\/talkpal.ai\/mt\/","name":"Talkpal","description":"AI Language Learning","publisher":{"@id":"https:\/\/talkpal.ai\/mt\/#organization"},"alternateName":"Talkpal AI","potentialAction":[{"@type":"SearchAction","target":{"@type":"EntryPoint","urlTemplate":"https:\/\/talkpal.ai\/mt\/?s={search_term_string}"},"query-input":{"@type":"PropertyValueSpecification","valueRequired":true,"valueName":"search_term_string"}}],"inLanguage":"mt-MT"},{"@type":"Organization","@id":"https:\/\/talkpal.ai\/mt\/#organization","name":"Talkpal, Inc.","alternateName":"Talkpal AI","url":"https:\/\/talkpal.ai\/mt\/","logo":{"@type":"ImageObject","inLanguage":"mt-MT","@id":"https:\/\/talkpal.ai\/mt\/#\/schema\/logo\/image\/","url":"https:\/\/talkpal.ai\/wp-content\/uploads\/2024\/03\/Talkpal-Logo-Icon.png","contentUrl":"https:\/\/talkpal.ai\/wp-content\/uploads\/2024\/03\/Talkpal-Logo-Icon.png","width":2880,"height":2880,"caption":"Talkpal, Inc."},"image":{"@id":"https:\/\/talkpal.ai\/mt\/#\/schema\/logo\/image\/"},"sameAs":["https:\/\/www.facebook.com\/profile.php?id=100090733639311","https:\/\/x.com\/talkpalai","https:\/\/www.linkedin.com\/company\/talkpal\/","https:\/\/www.youtube.com\/@TalkPal\/","https:\/\/www.tiktok.com\/@talkpal","https:\/\/www.instagram.com\/talkpal_ai\/","https:\/\/www.crunchbase.com\/organization\/talkpal-9cde","https:\/\/www.g2.com\/products\/talkpal-for-business\/","https:\/\/www.trustpilot.com\/review\/talkpal.ai","https:\/\/www.capterra.com\/p\/10006800\/TalkPal\/"],"description":"Talkpal is a language learning web and mobile education app, powered by the latest AI technologies, that provides engaging experiences to its customers in many different languages to help them improve their language skills. Users can chat about unlimited amount of topics with the app and use other modes to practice their language learning.","email":"support@talkpal.ai","legalName":"Talkpal, Inc.","foundingDate":"2023-04-03","duns":"118989042","numberOfEmployees":{"@type":"QuantitativeValue","minValue":"11","maxValue":"50"},"publishingPrinciples":"https:\/\/talkpal.ai\/publishing-principles\/","actionableFeedbackPolicy":"https:\/\/talkpal.ai\/actionable-feedback-policy\/","correctionsPolicy":"https:\/\/talkpal.ai\/corrections-policy\/","ethicsPolicy":"https:\/\/talkpal.ai\/ethics-policy\/","diversityPolicy":"https:\/\/talkpal.ai\/diversity-policy\/","diversityStaffingReport":"https:\/\/talkpal.ai\/diversity-policy\/"}]}},"_links":{"self":[{"href":"https:\/\/talkpal.ai\/mt\/wp-json\/wp\/v2\/pages\/1446486","targetHints":{"allow":["GET"]}}],"collection":[{"href":"https:\/\/talkpal.ai\/mt\/wp-json\/wp\/v2\/pages"}],"about":[{"href":"https:\/\/talkpal.ai\/mt\/wp-json\/wp\/v2\/types\/page"}],"author":[{"embeddable":true,"href":"https:\/\/talkpal.ai\/mt\/wp-json\/wp\/v2\/users\/1"}],"replies":[{"embeddable":true,"href":"https:\/\/talkpal.ai\/mt\/wp-json\/wp\/v2\/comments?post=1446486"}],"version-history":[{"count":0,"href":"https:\/\/talkpal.ai\/mt\/wp-json\/wp\/v2\/pages\/1446486\/revisions"}],"wp:featuredmedia":[{"embeddable":true,"href":"https:\/\/talkpal.ai\/mt\/wp-json\/wp\/v2\/media\/1444581"}],"wp:attachment":[{"href":"https:\/\/talkpal.ai\/mt\/wp-json\/wp\/v2\/media?parent=1446486"}],"curies":[{"name":"wp","href":"https:\/\/api.w.org\/{rel}","templated":true}]}}