{"id":1446482,"date":"2023-05-14T14:20:10","date_gmt":"2023-05-14T14:20:10","guid":{"rendered":"https:\/\/talkpal.ai\/grammatika-slovena\/"},"modified":"2025-12-12T11:15:39","modified_gmt":"2025-12-12T11:15:39","slug":"grammatika-slovena","status":"publish","type":"page","link":"https:\/\/talkpal.ai\/mt\/grammatika-slovena\/","title":{"rendered":"Grammatika Slovena"},"content":{"rendered":"\r\n\r\n\r\n<section class=\"languageChallengeSection\">\r\n    <div class=\"languageInfoWrapper\">\r\n        \r\n        <h1>Grammatika Slovena<\/h1>\r\n        <p>Tifta\u0127 is-se\u0127er distintiv tal-lingwa Slovena billi tikkontrolla r-regoli grammatikali essenzjali tag\u0127ha. B&#039;\u0127akma soda tal-grammatika Slovena, tkun tista &#039;tikkonnettja ma&#039; kelliema nattivi u tapprezza a\u0127jar il-wirt kulturali rikk tal-pajji\u017c. Ibda titg\u0127allem il-grammatika Slovena llum u \u0127u l-ewwel pass tieg\u0127ek lejn il-\u0127effa!<\/p>\r\n\r\n                            <a class=\"getStartedHidden\" href=\"https:\/\/app.talkpal.ai\/signup?lng=\">Ibda<\/a>\r\n        \r\n    <\/div>\r\n\r\n    <figure>\r\n    <img decoding=\"async\" width=\"768\" height=\"768\" src=\"https:\/\/talkpal.ai\/wp-content\/uploads\/2023\/06\/slovenian-768x768.png\" class=\"languageImage no-lazy\" alt=\"Language learning for broader perspectives\" fetchpriority=\"high\" sizes=\"(max-width: 768px) 150px, 768px\" srcset=\"https:\/\/talkpal.ai\/wp-content\/uploads\/2023\/06\/slovenian-768x768.png 768w, https:\/\/talkpal.ai\/wp-content\/uploads\/2023\/06\/slovenian-300x300.png 300w\" \/>\r\n    \r\n\r\n    <\/figure>\r\n\r\n            <a class=\"getStartedVisible\" href=\"https:\/\/app.talkpal.ai\/signup?lng=\">Ibda<\/a>\r\n    \r\n<\/section>\r\n<section class=\"promotionalBanner\">\r\n    <p class=\"promotionalText\">L-aktar mod effi\u010bjenti biex titg\u0127allem lingwa<\/p>\r\n    <a class=\"promotionalLink\" href=\"https:\/\/app.talkpal.ai\/signup?lng=\">Ipprova Talkpal b&#8217;xejn<\/a>\r\n<\/section>\n<div class=\"wp-block-group pageContainerStyle\"><div class=\"wp-block-group__inner-container is-layout-constrained wp-block-group-is-layout-constrained\">\n<h1 class=\"wp-block-heading\" id=\"h-slovenian-grammar-a-short-introduction-for-language-lovers\">Grammatika Slovena: Introduzzjoni qasira g\u0127al dawk li j\u0127obbu l-lingwi<\/h1>\n\n\n\n<p>Int lest li tg\u0127addas fid-dinja enchanting tas-Sloven, lingwa Slava tal-isturdament? Int fil g\u0127al kura! Din il-gwida qasira tag\u0127tik \u0127arsa lejn il-grammatika Slovena, li hija essenzjali biex tifhem u tikkontrolla din il-lingwa captivating. Allura, ejja nibdew din l-avventura lingwistika u nesploraw il-kumplessitajiet tal-grammatika Slovena pass pass.<\/p>\n\n\n\n<p>Is-Sloven, mag\u0127ruf ukoll b\u0127ala s-Sloven, huwa mitkellem b&#8217;mod predominanti fis-Slovenja minn madwar 2.5 miljun persuna. B\u0127ala lingwa Slava tan-Nofsinhar, taqsam diversi karatteristi\u010bi mal-qraba stretti tag\u0127ha, b\u0127as-Serb, il-Kroat u l-Bulgaru. Madankollu, is-Sloven jifta\u0127ar b&#8217;twists u flair uni\u010bi tieg\u0127u.<\/p>\n\n\n\n<p>Ming\u0127ajr aktar dewmien, ejja nid\u0127lu fl-aspetti ewlenin tal-grammatika Slovena:<\/p>\n\n\n\n<h3 class=\"wp-block-heading\" id=\"h-1-nouns-and-cases\">1. Nomi u Ka\u017cijiet:<\/h3>\n\n\n\n<p>In-nomi Sloveni ji\u0121u fi tliet sessi &#8211; maskili, femminili, u neutri. Kull nom jista &#8216;jintu\u017ca f&#8217;wie\u0127ed mis-sitt ka\u017cijiet Sloveni: nominativ, \u0121enittiv, dattiv, akku\u017cattiv, lokattiv, u strumentali. Dawn il-ka\u017cijiet jesprimu funzjonijiet grammatikali differenti jew relazzjonijiet bejn il-kliem, g\u0127alhekk huwa kru\u010bjali li titg\u0127allem l-u\u017cu xieraq tag\u0127hom fil-kuntest.<\/p>\n\n\n\n<h3 class=\"wp-block-heading\" id=\"h-2-articles\">2. Artikoli:<\/h3>\n\n\n\n<p>Hawn xi a\u0127bar tajba &#8211; is-Sloven ma ju\u017cax artikli b\u0127al &#8220;the&#8221; jew &#8220;a&#8221;! Minflok, it-tifsira titwassal permezz tal-u\u017cu ta &#8216;ka\u017cijiet u ordni tal-kliem. Dan jista &#8216;jag\u0127mel l-esperjenza ta&#8217; tag\u0127lim <a href=\"https:\/\/talkpal.ai\/learn-slovenian\/\">Sloven<\/a> tieg\u0127ek daqsxejn aktar fa\u010bli, spe\u010bjalment jekk m&#8217;intix imdorri g\u0127al lingwi b&#8217;sistemi kumplessi ta &#8216;artikoli.<\/p>\n\n\n\n<h3 class=\"wp-block-heading\" id=\"h-3-adjectives\">3. A\u0121\u0121ettivi:<\/h3>\n\n\n\n<p>E\u017catt b\u0127an-nomi, l-a\u0121\u0121ettivi fis-Sloven jaqblu fis-sess, in-numru, u l-ka\u017c man-nom li jimmodifikaw. Dan jag\u0127mel l-u\u017cu tal-a\u0121\u0121ettivi ftit aktar ikkumplikat milli fl-<a href=\"https:\/\/talkpal.ai\/learn-english-with-ai\/\">Ingli\u017c<\/a>, imma tib\u017cax &#8211; bil-prattika, int ser tikkontrolla l-a\u0121\u0121ettivi Sloveni fl-ebda \u0127in!<\/p>\n\n\n\n<h3 class=\"wp-block-heading\" id=\"h-4-verbs\">4. Verbi:<\/h3>\n\n\n\n<p>Il-lingwa Slovena g\u0127andha sistema ta&#8217; verbi bi tliet livelli: tliet gruppi ta&#8217; konjugazzjoni skont iz-zokk tal-verb li jispi\u010b\u010baw fil-forma infinittiva. Il-verbi Sloveni g\u0127andhom ukoll diversi tempi u burdati, inklu\u017ca l-forma doppja unika, li tintu\u017ca meta tirreferi g\u0127al \u017cew\u0121 su\u0121\u0121etti jew o\u0121\u0121etti. Kun ippreparat li tqatta &#8216;ftit \u0127in titg\u0127allem u tipprattika l-konjugazzjonijiet tal-verbi Sloveni biex tikseb kunfidenza fil-\u0127iliet lingwisti\u010bi tieg\u0127ek.<\/p>\n\n\n\n<h3 class=\"wp-block-heading\" id=\"h-5-word-order\">5. Ordni tal-Kelma:<\/h3>\n\n\n\n<p>Is-Sloven \u0121eneralment isegwi ordni ta&#8217; kliem su\u0121\u0121ett-verb-o\u0121\u0121ett (SVO), li g\u0127andha tkun familjari g\u0127al dawk li jitkellmu bl-Ingli\u017c. Madankollu, il-lingwa tgawdi \u010bertu grad ta &#8216;flessibilit\u00e0, li tippermettilek tenfasizza partijiet spe\u010bifi\u010bi tas-sentenza billi taqleb l-ordni tal-kliem. Huwa essenzjali li tu\u017ca ka\u017cijiet b&#8217;mod korrett biex tevita konfu\u017cjoni u twassal it-tifsira intenzjonata.<\/p>\n\n\n\n<h3 class=\"wp-block-heading\" id=\"h-6-pronouns-and-prepositions\">6. Pronomi u Prepo\u017cizzjonijiet:<\/h3>\n\n\n\n<p>Il-pronomi Sloveni, b\u0127al elementi o\u0127ra tal-lingwa, huma affettwati mis-sess, in-numru, u l-ka\u017c. Huma ji\u0121u f&#8217;diversi forom, b\u0127al personali, possessivi, dimostrattivi, u riflessivi. Li ssir familjari mal-prepo\u017cizzjonijiet Sloveni jg\u0127inek ukoll tg\u0127aqqad kliem u fra\u017cijiet biex to\u0127loq sentenzi aktar kumplessi.<\/p>\n\n\n\n<p>Allura issa, g\u0127andek fehim ba\u017ciku tal-grammatika Slovena! \u017bomm f&#8217;mo\u0127\u0127ok li ssir profi\u010bjenti fi kwalunkwe lingwa te\u0127tie\u0121 dedikazzjoni u prattika. T\u0127addan l-isfidi, u toqg\u0127odx lura milli titg\u0127allem mill-i\u017cbalji tieg\u0127ek. Ftakar, it-tag\u0127lim ta &#8216;lingwa \u0121dida huwa vja\u0121\u0121 e\u010b\u010bitanti mimli esperjenzi memorabbli u skoperti ta&#8217; sodisfazzjon. Sre\u010dno!<\/p>\n<\/div><\/div>\n\r\n<section class=\"learnNavigationSection\">\r\n            \r\n        <a href=\"https:\/\/talkpal.ai\/mt\/tghallem-is-sloven\/\">\r\n            <div class=\"learnNavigationWrapper\">\r\n                <div class=\"learnNavigationContent\">\r\n                    <img decoding=\"async\" src=\"https:\/\/talkpal.ai\/wp-content\/uploads\/2024\/08\/Slovenian.jpg\" alt=\"Slovenian Flag\">\r\n                    <div>\r\n                        <h4>Dwar it-Tag\u0127lim Sloven<\/h4>\r\n                        <p>Sir af kollox dwar il-grammatika Slovena.<\/p>\r\n                    <\/div>\r\n                <\/div>\r\n            <\/div>\r\n        <\/a>\r\n\r\n        \r\n        <a href=\"https:\/\/talkpal.ai\/mt\/ezercizzji-tal-grammatika-slovena\/\">\r\n            <div class=\"learnNavigationWrapper\">\r\n                <div class=\"learnNavigationContent\">\r\n                    <img decoding=\"async\" src=\"https:\/\/talkpal.ai\/wp-content\/uploads\/2024\/08\/Slovenian.jpg\" alt=\"Slovenian Flag\">\r\n                    <div>\r\n                        <h4>E\u017cer\u010bizzju tal-Grammatika Slovena<\/h4>\r\n                        <p>Ipprattika l-grammatika Slovena.<\/p>\r\n                    <\/div>\r\n                <\/div>\r\n            <\/div>\r\n        <\/a>\r\n\r\n        \r\n        <a href=\"https:\/\/talkpal.ai\/vocabulary_language\/slovenian\/\">\r\n            <div class=\"learnNavigationWrapper\">\r\n                <div class=\"learnNavigationContent\">\r\n                    <img decoding=\"async\" src=\"https:\/\/talkpal.ai\/wp-content\/uploads\/2024\/08\/Slovenian.jpg\" alt=\"Slovenian Flag\">\r\n                    <div>\r\n                        <h4>Vokabularju Sloven<\/h4>\r\n                        <p>Espandi l-vokabularju Sloven tieg\u0127ek.<\/p>\r\n                    <\/div>\r\n                <\/div>\r\n            <\/div>\r\n        <\/a>\r\n\r\n            <\/section>","protected":false},"excerpt":{"rendered":"<p>Grammatika Slovena: Introduzzjoni qasira g\u0127al dawk li j\u0127obbu l-lingwi Int lest li tg\u0127addas fid-dinja enchanting tas-Sloven, lingwa Slava tal-isturdament? Int fil g\u0127al kura! Din il-gwida qasira tag\u0127tik \u0127arsa lejn il-grammatika Slovena, li hija essenzjali biex tifhem u tikkontrolla din il-lingwa captivating. Allura, ejja nibdew din l-avventura lingwistika u nesploraw il-kumplessitajiet tal-grammatika Slovena pass pass. Is-Sloven, [&hellip;]<\/p>\n","protected":false},"author":1,"featured_media":1444599,"parent":0,"menu_order":0,"comment_status":"closed","ping_status":"closed","template":"LearningContentPage.php","meta":{"_acf_changed":false,"footnotes":""},"class_list":["post-1446482","page","type-page","status-publish","has-post-thumbnail","hentry"],"acf":[],"yoast_head":"<!-- This site is optimized with the Yoast SEO Premium plugin v27.2 (Yoast SEO v27.2) - https:\/\/yoast.com\/product\/yoast-seo-premium-wordpress\/ -->\n<title>Grammatika Slovena - Talkpal<\/title>\n<meta name=\"description\" content=\"Esplora l-kumplessitajiet tal-Grammatika Slovena g\u0127al \u0127iliet u fehim lingwistiku a\u0127jar. \u0126akmu l-arti tal-grammatika llum.\" \/>\n<meta name=\"robots\" content=\"index, follow, max-snippet:-1, max-image-preview:large, max-video-preview:-1\" \/>\n<link rel=\"canonical\" href=\"https:\/\/talkpal.ai\/mt\/grammatika-slovena\/\" \/>\n<meta property=\"og:locale\" content=\"mt_MT\" \/>\n<meta property=\"og:type\" content=\"article\" \/>\n<meta property=\"og:title\" content=\"Grammatika Slovena\" \/>\n<meta property=\"og:description\" content=\"Grammatika Slovena: Introduzzjoni qasira g\u0127al dawk li j\u0127obbu l-lingwi Int lest li tg\u0127addas fid-dinja enchanting tas-Sloven, lingwa Slava tal-isturdament?\" \/>\n<meta property=\"og:url\" content=\"https:\/\/talkpal.ai\/mt\/grammatika-slovena\/\" \/>\n<meta property=\"og:site_name\" content=\"Talkpal\" \/>\n<meta property=\"article:publisher\" content=\"https:\/\/www.facebook.com\/profile.php?id=100090733639311\" \/>\n<meta property=\"article:modified_time\" content=\"2025-12-12T11:15:39+00:00\" \/>\n<meta property=\"og:image\" content=\"https:\/\/talkpal.ai\/wp-content\/uploads\/2023\/05\/slovenia.png\" \/>\n\t<meta property=\"og:image:width\" content=\"512\" \/>\n\t<meta property=\"og:image:height\" content=\"512\" \/>\n\t<meta property=\"og:image:type\" content=\"image\/png\" \/>\n<meta name=\"twitter:card\" content=\"summary_large_image\" \/>\n<meta name=\"twitter:site\" content=\"@talkpalai\" \/>\n<meta name=\"twitter:label1\" content=\"Est. reading time\" \/>\n\t<meta name=\"twitter:data1\" content=\"3 minutes\" \/>\n<script type=\"application\/ld+json\" class=\"yoast-schema-graph\">{\"@context\":\"https:\/\/schema.org\",\"@graph\":[{\"@type\":\"WebPage\",\"@id\":\"https:\/\/talkpal.ai\/mt\/grammatika-slovena\/\",\"url\":\"https:\/\/talkpal.ai\/mt\/grammatika-slovena\/\",\"name\":\"Grammatika Slovena - Talkpal\",\"isPartOf\":{\"@id\":\"https:\/\/talkpal.ai\/mt\/#website\"},\"primaryImageOfPage\":{\"@id\":\"https:\/\/talkpal.ai\/mt\/grammatika-slovena\/#primaryimage\"},\"image\":{\"@id\":\"https:\/\/talkpal.ai\/mt\/grammatika-slovena\/#primaryimage\"},\"thumbnailUrl\":\"https:\/\/talkpal.ai\/wp-content\/uploads\/2023\/05\/slovenia.png\",\"datePublished\":\"2023-05-14T14:20:10+00:00\",\"dateModified\":\"2025-12-12T11:15:39+00:00\",\"description\":\"Esplora l-kumplessitajiet tal-Grammatika Slovena g\u0127al \u0127iliet u fehim lingwistiku a\u0127jar. \u0126akmu l-arti tal-grammatika llum.\",\"breadcrumb\":{\"@id\":\"https:\/\/talkpal.ai\/mt\/grammatika-slovena\/#breadcrumb\"},\"inLanguage\":\"mt-MT\",\"potentialAction\":[{\"@type\":\"ReadAction\",\"target\":[\"https:\/\/talkpal.ai\/mt\/grammatika-slovena\/\"]}]},{\"@type\":\"ImageObject\",\"inLanguage\":\"mt-MT\",\"@id\":\"https:\/\/talkpal.ai\/mt\/grammatika-slovena\/#primaryimage\",\"url\":\"https:\/\/talkpal.ai\/wp-content\/uploads\/2023\/05\/slovenia.png\",\"contentUrl\":\"https:\/\/talkpal.ai\/wp-content\/uploads\/2023\/05\/slovenia.png\",\"width\":512,\"height\":512,\"caption\":\"TalkPal Slovenia Flag\"},{\"@type\":\"BreadcrumbList\",\"@id\":\"https:\/\/talkpal.ai\/mt\/grammatika-slovena\/#breadcrumb\",\"itemListElement\":[{\"@type\":\"ListItem\",\"position\":1,\"name\":\"Homepage\",\"item\":\"https:\/\/talkpal.ai\/mt\/\"},{\"@type\":\"ListItem\",\"position\":2,\"name\":\"Grammatika Slovena\"}]},{\"@type\":\"WebSite\",\"@id\":\"https:\/\/talkpal.ai\/mt\/#website\",\"url\":\"https:\/\/talkpal.ai\/mt\/\",\"name\":\"Talkpal\",\"description\":\"AI Language Learning\",\"publisher\":{\"@id\":\"https:\/\/talkpal.ai\/mt\/#organization\"},\"alternateName\":\"Talkpal AI\",\"potentialAction\":[{\"@type\":\"SearchAction\",\"target\":{\"@type\":\"EntryPoint\",\"urlTemplate\":\"https:\/\/talkpal.ai\/mt\/?s={search_term_string}\"},\"query-input\":{\"@type\":\"PropertyValueSpecification\",\"valueRequired\":true,\"valueName\":\"search_term_string\"}}],\"inLanguage\":\"mt-MT\"},{\"@type\":\"Organization\",\"@id\":\"https:\/\/talkpal.ai\/mt\/#organization\",\"name\":\"Talkpal, Inc.\",\"alternateName\":\"Talkpal AI\",\"url\":\"https:\/\/talkpal.ai\/mt\/\",\"logo\":{\"@type\":\"ImageObject\",\"inLanguage\":\"mt-MT\",\"@id\":\"https:\/\/talkpal.ai\/mt\/#\/schema\/logo\/image\/\",\"url\":\"https:\/\/talkpal.ai\/wp-content\/uploads\/2024\/03\/Talkpal-Logo-Icon.png\",\"contentUrl\":\"https:\/\/talkpal.ai\/wp-content\/uploads\/2024\/03\/Talkpal-Logo-Icon.png\",\"width\":2880,\"height\":2880,\"caption\":\"Talkpal, Inc.\"},\"image\":{\"@id\":\"https:\/\/talkpal.ai\/mt\/#\/schema\/logo\/image\/\"},\"sameAs\":[\"https:\/\/www.facebook.com\/profile.php?id=100090733639311\",\"https:\/\/x.com\/talkpalai\",\"https:\/\/www.linkedin.com\/company\/talkpal\/\",\"https:\/\/www.youtube.com\/@TalkPal\/\",\"https:\/\/www.tiktok.com\/@talkpal\",\"https:\/\/www.instagram.com\/talkpal_ai\/\",\"https:\/\/www.crunchbase.com\/organization\/talkpal-9cde\",\"https:\/\/www.g2.com\/products\/talkpal-for-business\/\",\"https:\/\/www.trustpilot.com\/review\/talkpal.ai\",\"https:\/\/www.capterra.com\/p\/10006800\/TalkPal\/\"],\"description\":\"Talkpal is a language learning web and mobile education app, powered by the latest AI technologies, that provides engaging experiences to its customers in many different languages to help them improve their language skills. Users can chat about unlimited amount of topics with the app and use other modes to practice their language learning.\",\"email\":\"support@talkpal.ai\",\"legalName\":\"Talkpal, Inc.\",\"foundingDate\":\"2023-04-03\",\"duns\":\"118989042\",\"numberOfEmployees\":{\"@type\":\"QuantitativeValue\",\"minValue\":\"11\",\"maxValue\":\"50\"},\"publishingPrinciples\":\"https:\/\/talkpal.ai\/publishing-principles\/\",\"actionableFeedbackPolicy\":\"https:\/\/talkpal.ai\/actionable-feedback-policy\/\",\"correctionsPolicy\":\"https:\/\/talkpal.ai\/corrections-policy\/\",\"ethicsPolicy\":\"https:\/\/talkpal.ai\/ethics-policy\/\",\"diversityPolicy\":\"https:\/\/talkpal.ai\/diversity-policy\/\",\"diversityStaffingReport\":\"https:\/\/talkpal.ai\/diversity-policy\/\"}]}<\/script>\n<!-- \/ Yoast SEO Premium plugin. -->","yoast_head_json":{"title":"Grammatika Slovena - Talkpal","description":"Esplora l-kumplessitajiet tal-Grammatika Slovena g\u0127al \u0127iliet u fehim lingwistiku a\u0127jar. \u0126akmu l-arti tal-grammatika llum.","robots":{"index":"index","follow":"follow","max-snippet":"max-snippet:-1","max-image-preview":"max-image-preview:large","max-video-preview":"max-video-preview:-1"},"canonical":"https:\/\/talkpal.ai\/mt\/grammatika-slovena\/","og_locale":"mt_MT","og_type":"article","og_title":"Grammatika Slovena","og_description":"Grammatika Slovena: Introduzzjoni qasira g\u0127al dawk li j\u0127obbu l-lingwi Int lest li tg\u0127addas fid-dinja enchanting tas-Sloven, lingwa Slava tal-isturdament?","og_url":"https:\/\/talkpal.ai\/mt\/grammatika-slovena\/","og_site_name":"Talkpal","article_publisher":"https:\/\/www.facebook.com\/profile.php?id=100090733639311","article_modified_time":"2025-12-12T11:15:39+00:00","og_image":[{"width":512,"height":512,"url":"https:\/\/talkpal.ai\/wp-content\/uploads\/2023\/05\/slovenia.png","type":"image\/png"}],"twitter_card":"summary_large_image","twitter_site":"@talkpalai","twitter_misc":{"Est. reading time":"3 minutes"},"schema":{"@context":"https:\/\/schema.org","@graph":[{"@type":"WebPage","@id":"https:\/\/talkpal.ai\/mt\/grammatika-slovena\/","url":"https:\/\/talkpal.ai\/mt\/grammatika-slovena\/","name":"Grammatika Slovena - Talkpal","isPartOf":{"@id":"https:\/\/talkpal.ai\/mt\/#website"},"primaryImageOfPage":{"@id":"https:\/\/talkpal.ai\/mt\/grammatika-slovena\/#primaryimage"},"image":{"@id":"https:\/\/talkpal.ai\/mt\/grammatika-slovena\/#primaryimage"},"thumbnailUrl":"https:\/\/talkpal.ai\/wp-content\/uploads\/2023\/05\/slovenia.png","datePublished":"2023-05-14T14:20:10+00:00","dateModified":"2025-12-12T11:15:39+00:00","description":"Esplora l-kumplessitajiet tal-Grammatika Slovena g\u0127al \u0127iliet u fehim lingwistiku a\u0127jar. \u0126akmu l-arti tal-grammatika llum.","breadcrumb":{"@id":"https:\/\/talkpal.ai\/mt\/grammatika-slovena\/#breadcrumb"},"inLanguage":"mt-MT","potentialAction":[{"@type":"ReadAction","target":["https:\/\/talkpal.ai\/mt\/grammatika-slovena\/"]}]},{"@type":"ImageObject","inLanguage":"mt-MT","@id":"https:\/\/talkpal.ai\/mt\/grammatika-slovena\/#primaryimage","url":"https:\/\/talkpal.ai\/wp-content\/uploads\/2023\/05\/slovenia.png","contentUrl":"https:\/\/talkpal.ai\/wp-content\/uploads\/2023\/05\/slovenia.png","width":512,"height":512,"caption":"TalkPal Slovenia Flag"},{"@type":"BreadcrumbList","@id":"https:\/\/talkpal.ai\/mt\/grammatika-slovena\/#breadcrumb","itemListElement":[{"@type":"ListItem","position":1,"name":"Homepage","item":"https:\/\/talkpal.ai\/mt\/"},{"@type":"ListItem","position":2,"name":"Grammatika Slovena"}]},{"@type":"WebSite","@id":"https:\/\/talkpal.ai\/mt\/#website","url":"https:\/\/talkpal.ai\/mt\/","name":"Talkpal","description":"AI Language Learning","publisher":{"@id":"https:\/\/talkpal.ai\/mt\/#organization"},"alternateName":"Talkpal AI","potentialAction":[{"@type":"SearchAction","target":{"@type":"EntryPoint","urlTemplate":"https:\/\/talkpal.ai\/mt\/?s={search_term_string}"},"query-input":{"@type":"PropertyValueSpecification","valueRequired":true,"valueName":"search_term_string"}}],"inLanguage":"mt-MT"},{"@type":"Organization","@id":"https:\/\/talkpal.ai\/mt\/#organization","name":"Talkpal, Inc.","alternateName":"Talkpal AI","url":"https:\/\/talkpal.ai\/mt\/","logo":{"@type":"ImageObject","inLanguage":"mt-MT","@id":"https:\/\/talkpal.ai\/mt\/#\/schema\/logo\/image\/","url":"https:\/\/talkpal.ai\/wp-content\/uploads\/2024\/03\/Talkpal-Logo-Icon.png","contentUrl":"https:\/\/talkpal.ai\/wp-content\/uploads\/2024\/03\/Talkpal-Logo-Icon.png","width":2880,"height":2880,"caption":"Talkpal, Inc."},"image":{"@id":"https:\/\/talkpal.ai\/mt\/#\/schema\/logo\/image\/"},"sameAs":["https:\/\/www.facebook.com\/profile.php?id=100090733639311","https:\/\/x.com\/talkpalai","https:\/\/www.linkedin.com\/company\/talkpal\/","https:\/\/www.youtube.com\/@TalkPal\/","https:\/\/www.tiktok.com\/@talkpal","https:\/\/www.instagram.com\/talkpal_ai\/","https:\/\/www.crunchbase.com\/organization\/talkpal-9cde","https:\/\/www.g2.com\/products\/talkpal-for-business\/","https:\/\/www.trustpilot.com\/review\/talkpal.ai","https:\/\/www.capterra.com\/p\/10006800\/TalkPal\/"],"description":"Talkpal is a language learning web and mobile education app, powered by the latest AI technologies, that provides engaging experiences to its customers in many different languages to help them improve their language skills. Users can chat about unlimited amount of topics with the app and use other modes to practice their language learning.","email":"support@talkpal.ai","legalName":"Talkpal, Inc.","foundingDate":"2023-04-03","duns":"118989042","numberOfEmployees":{"@type":"QuantitativeValue","minValue":"11","maxValue":"50"},"publishingPrinciples":"https:\/\/talkpal.ai\/publishing-principles\/","actionableFeedbackPolicy":"https:\/\/talkpal.ai\/actionable-feedback-policy\/","correctionsPolicy":"https:\/\/talkpal.ai\/corrections-policy\/","ethicsPolicy":"https:\/\/talkpal.ai\/ethics-policy\/","diversityPolicy":"https:\/\/talkpal.ai\/diversity-policy\/","diversityStaffingReport":"https:\/\/talkpal.ai\/diversity-policy\/"}]}},"_links":{"self":[{"href":"https:\/\/talkpal.ai\/mt\/wp-json\/wp\/v2\/pages\/1446482","targetHints":{"allow":["GET"]}}],"collection":[{"href":"https:\/\/talkpal.ai\/mt\/wp-json\/wp\/v2\/pages"}],"about":[{"href":"https:\/\/talkpal.ai\/mt\/wp-json\/wp\/v2\/types\/page"}],"author":[{"embeddable":true,"href":"https:\/\/talkpal.ai\/mt\/wp-json\/wp\/v2\/users\/1"}],"replies":[{"embeddable":true,"href":"https:\/\/talkpal.ai\/mt\/wp-json\/wp\/v2\/comments?post=1446482"}],"version-history":[{"count":0,"href":"https:\/\/talkpal.ai\/mt\/wp-json\/wp\/v2\/pages\/1446482\/revisions"}],"wp:featuredmedia":[{"embeddable":true,"href":"https:\/\/talkpal.ai\/mt\/wp-json\/wp\/v2\/media\/1444599"}],"wp:attachment":[{"href":"https:\/\/talkpal.ai\/mt\/wp-json\/wp\/v2\/media?parent=1446482"}],"curies":[{"name":"wp","href":"https:\/\/api.w.org\/{rel}","templated":true}]}}