{"id":1446474,"date":"2023-05-14T14:22:39","date_gmt":"2023-05-14T14:22:39","guid":{"rendered":"https:\/\/talkpal.ai\/grammatika-tal-urdu\/"},"modified":"2025-12-11T16:25:43","modified_gmt":"2025-12-11T16:25:43","slug":"grammatika-tal-urdu","status":"publish","type":"page","link":"https:\/\/talkpal.ai\/mt\/grammatika-tal-urdu\/","title":{"rendered":"Grammatika tal-Urdu"},"content":{"rendered":"\r\n\r\n\r\n<section class=\"languageChallengeSection\">\r\n    <div class=\"languageInfoWrapper\">\r\n        \r\n        <h1>Grammatika tal-Urdu<\/h1>\r\n        <p>Interessat li titg\u0127allem l-Urdu? G\u0127addas fil-grammatika <a href=\"https:\/\/talkpal.ai\/learn-urdu\/\">Urdu<\/a>, fejn l-iskrittura eleganti, in-nomi tal-\u0121eneru, u l-forom tal-verbi espressivi jo\u0127olqu lingwa kemm poetika kif ukoll prattika. Ibda l-vja\u0121\u0121 Urdu tieg\u0127ek illum &#8211; il-\u0127akma tal-grammatika tag\u0127ha tifta\u0127 toroq \u0121odda g\u0127all-komunikazzjoni u tg\u0127aqqad fil-fond mat-tradizzjonijiet letterarji u kulturali sinjuri tal-Asja t&#039;Isfel!<\/p>\r\n\r\n                            <a class=\"getStartedHidden\" href=\"https:\/\/app.talkpal.ai\/signup?lng=\">Ibda<\/a>\r\n        \r\n    <\/div>\r\n\r\n    <figure>\r\n    <img decoding=\"async\" width=\"768\" height=\"768\" src=\"https:\/\/talkpal.ai\/wp-content\/uploads\/2023\/06\/urdu-768x768.png\" class=\"languageImage no-lazy\" alt=\"Language learning for global understanding\" fetchpriority=\"high\" sizes=\"(max-width: 768px) 150px, 768px\" srcset=\"https:\/\/talkpal.ai\/wp-content\/uploads\/2023\/06\/urdu-768x768.png 768w, https:\/\/talkpal.ai\/wp-content\/uploads\/2023\/06\/urdu-300x300.png 300w\" \/>\r\n    \r\n\r\n    <\/figure>\r\n\r\n            <a class=\"getStartedVisible\" href=\"https:\/\/app.talkpal.ai\/signup?lng=\">Ibda<\/a>\r\n    \r\n<\/section>\r\n<section class=\"promotionalBanner\">\r\n    <p class=\"promotionalText\">L-aktar mod effi\u010bjenti biex titg\u0127allem lingwa<\/p>\r\n    <a class=\"promotionalLink\" href=\"https:\/\/app.talkpal.ai\/signup?lng=\">Ipprova Talkpal b&#8217;xejn<\/a>\r\n<\/section>\n<div class=\"wp-block-group pageContainerStyle\"><div class=\"wp-block-group__inner-container is-layout-constrained wp-block-group-is-layout-constrained\">\n<h2 class=\"wp-block-heading\" id=\"h-urdu-grammar-exploring-the-beauty-and-intricacies-of-the-indo-aryan-language\">Grammatika Urdu: Esplorazzjoni tas-Sbu\u0127ija u l-Kumplessitajiet tal-Lingwa Indo-Arjana<\/h2>\n\n\n\n<p>Dilettanti tal-lingwa u <a href=\"https:\/\/talkpal.ai\/talkpal-discount-for-students\/\">studenti<\/a> kurju\u017ci, int lest li tg\u0127addas fid-dinja affaxxinanti tal-grammatika Urdu? L-Urdu, lingwa Indo-Arjana, hija l-lingwa nazzjonali tal-Pakistan u wa\u0127da mil-lingwi uffi\u010bjali tal-Indja. B&#8217;madwar 70 miljun kelliem madwar id-dinja, l-Urdu mhuwiex biss lingwa rikka u espressiva i\u017cda wkoll pont g\u0127al kultura u storja vibranti. F&#8217;dan l-artikolu, a\u0127na ser nid\u0127lu fl-aspetti uni\u010bi tal-grammatika Urdu u niskopru dak li jiddistingwiha minn lingwi o\u0127ra.<\/p>\n\n\n\n<h3 class=\"wp-block-heading\" id=\"h-script-and-pronunciation-the-elegant-nastaliq\">Skript u Pronunzja: The Elegant Nastaliq<\/h3>\n\n\n\n<p>L-iskrittura Urdu hija bba\u017cata fuq l-istil Persjan-G\u0127arbi Nastaliq, li huwa miktub u jinqara mil-lemin g\u0127ax-xellug. Mag\u0127mul minn 38 ittra b&#8217;marki dijakriti\u010bi addizzjonali g\u0127all-vokali u l-pronunzja, l-iskrittura Nastaliq hija kemm eleganti kif ukoll fluwida. It-tag\u0127lim tal-iskript u l-\u0127akma tal-pronunzja tal-\u0127sejjes Urdu se jkun l-ewwel pass tieg\u0127ek lejn il-fehim tal-grammatika tal-lingwa.<\/p>\n\n\n\n<h3 class=\"wp-block-heading\" id=\"h-nouns-and-pronouns-exploring-gender-number-and-case\">Nomi u Pronomi: Esplorazzjoni tal-\u0120eneru, Numru, u Ka\u017c<\/h3>\n\n\n\n<p>In-nomi Urdu huma kklassifikati skont is-sess (maskili jew femminili), in-numru (singular jew plural), u l-ka\u017c (dirett jew oblikwu). Il-lingwa m&#8217;g\u0127andhiex artikli (b\u0127al &#8216;a&#8217; jew &#8216;the&#8217;), minflok tiddependi fuq il-kuntest biex twassal id-definittivit\u00e0. Il-pronomi Urdu jsegwu wkoll distinzjonijiet bejn is-sess, in-numru, u l-ka\u017cijiet u g\u0127andhom diversi forom ta &#8216;edukazzjoni u familjarit\u00e0.<\/p>\n\n\n\n<h3 class=\"wp-block-heading\" id=\"h-postpositions-and-cases-urdu-s-unique-approach-to-indicating-relationships\">Postpo\u017cizzjonijiet u Ka\u017cijiet: L-Appro\u010b\u010b Uniku tal-Urdu biex Jindika r-Relazzjonijiet<\/h3>\n\n\n\n<p>Minflok il-prepo\u017cizzjonijiet, l-Urdu ju\u017ca postpo\u017cizzjonijiet &#8211; kliem li ji\u0121u wara n-nomi li jirregolaw. Din il-karatteristika distinta tista &#8216;tidher fil-lingwa kollha u tinfluwenza b&#8217;mod sinifikanti l-marki tal-ka\u017cijiet. I\u017c-\u017cew\u0121 ka\u017cijiet tal-Urdu, diretti u oblikwi, jintu\u017caw flimkien ma&#8217; postpo\u017cizzjonijiet biex jindikaw relazzjonijiet bejn il-kliem.<\/p>\n\n\n\n<h3 class=\"wp-block-heading\" id=\"h-harnessing-the-power-of-verbs-tense-aspect-and-moods\">Harnessing the Power of Verbs: Tense, Aspect, and Moods<\/h3>\n\n\n\n<p>Il-verbi Urdu huma affaxxinanti bil-firxa diversa tag\u0127hom ta &#8216;tempijiet (passat, pre\u017cent, u futur), aspetti (perfettivi, imperfettivi, u abitwali), u burdati (indikattiv, imperattiv, u subjunctive). Il-lingwa tag\u0127mel ukoll u\u017cu estensiv ta &#8216;verbi aw\u017ciljarji biex tifforma tempi komposti, li jesprimu sfumaturi fil-\u0127in u t-tlestija tal-azzjonijiet.<\/p>\n\n\n\n<p>Il-verbi jaqblu wkoll mas-su\u0121\u0121etti tag\u0127hom f&#8217;termini ta &#8216;\u0121eneru u numru, li j\u017cid aktar saffi ta&#8217; kumplessit\u00e0 u rikkezza g\u0127all-grammatika Urdu.<\/p>\n\n\n\n<h3 class=\"wp-block-heading\" id=\"h-adjectives-adverbs-and-more-adding-color-to-your-language\">A\u0121\u0121ettivi, Avverbji, u Aktar: \u017bieda tal-Kulur mal-Lingwa Tieg\u0127ek<\/h3>\n\n\n\n<p>L-a\u0121\u0121ettivi Urdu normalment isegwu n-nomi li jimmodifikaw u jaqblu mag\u0127hom f&#8217;termini ta &#8216;\u0121eneru u numru. L-a\u0121\u0121ettivi jistg\u0127u ji\u0121u intensifikati bl-u\u017cu ta &#8216;komparattivi u superlattivi, u j\u017cidu l-fond g\u0127ad-deskrizzjonijiet. L-avverbji Urdu, derivati minn a\u0121\u0121ettivi jew li je\u017cistu b&#8217;mod indipendenti, g\u0127andhom ukoll rwol vitali fil-lingwa, billi jipprovdu informazzjoni dwar il-\u0127in, il-mod, il-post, u l-grad.<\/p>\n\n\n\n<p>Il-grammatika Urdu tifta\u0127ar b&#8217;pletora ta &#8216;kon\u0121unzzjonijiet, interjekzzjonijiet, parti\u010belli, u aktar, li jg\u0127inuk tibni sentenzi sinjuri, sinifikanti u espressivi.<\/p>\n\n\n\n<h3 class=\"wp-block-heading\" id=\"h-embracing-the-world-of-urdu-grammar\">T\u0127addan id-Dinja tal-Grammatika Urdu<\/h3>\n\n\n\n<p>Il-grammatika tal-Urdu tista &#8216;tidher kumplessa inizjalment, i\u017cda hekk kif tg\u0127addas lilek innifsek fil-kumplessitajiet tag\u0127ha, issib il-lingwa mimlija sbu\u0127ija u espressjoni. It-tag\u0127lim tal-Urdu mhux biss itejjeb il-fehim tieg\u0127ek tal-familja tal-lingwa Indo-Arjana i\u017cda jg\u0127inek ukoll tikkonnettja ma &#8216;kultura, letteratura u storja enchanting.<\/p>\n\n\n\n<p>Allura, g\u0127aliex ma tibda l-vja\u0121\u0121 e\u010b\u010bitanti tat-tag\u0127lim tal-grammatika Urdu? With dedication and curiosity, you might soon find yourself conversing with native speakers, exchange ideas and stories in this powerful language. Tag\u0127lim kuntent!<\/p>\n<\/div><\/div>\n\r\n<section class=\"learnNavigationSection\">\r\n            \r\n        <a href=\"https:\/\/talkpal.ai\/mt\/tghallem-urdu\/\">\r\n            <div class=\"learnNavigationWrapper\">\r\n                <div class=\"learnNavigationContent\">\r\n                    <img decoding=\"async\" src=\"https:\/\/talkpal.ai\/wp-content\/uploads\/2024\/08\/Urdu.jpg\" alt=\"Pakistani Flag\">\r\n                    <div>\r\n                        <h4>Dwar it-Tag\u0127lim tal-Urdu<\/h4>\r\n                        <p>Sir af kollox dwar il-grammatika tal-Urdu.<\/p>\r\n                    <\/div>\r\n                <\/div>\r\n            <\/div>\r\n        <\/a>\r\n\r\n        \r\n        <a href=\"https:\/\/talkpal.ai\/mt\/ezercizzji-tal-grammatika-urdu\/\">\r\n            <div class=\"learnNavigationWrapper\">\r\n                <div class=\"learnNavigationContent\">\r\n                    <img decoding=\"async\" src=\"https:\/\/talkpal.ai\/wp-content\/uploads\/2024\/08\/Urdu.jpg\" alt=\"Pakistani Flag\">\r\n                    <div>\r\n                        <h4>E\u017cer\u010bizzju tal-Grammatika tal-Urdu<\/h4>\r\n                        <p>Prattika l-grammatika tal-Urdu.<\/p>\r\n                    <\/div>\r\n                <\/div>\r\n            <\/div>\r\n        <\/a>\r\n\r\n        \r\n        <a href=\"https:\/\/talkpal.ai\/vocabulary_language\/urdu\/\">\r\n            <div class=\"learnNavigationWrapper\">\r\n                <div class=\"learnNavigationContent\">\r\n                    <img decoding=\"async\" src=\"https:\/\/talkpal.ai\/wp-content\/uploads\/2024\/08\/Urdu.jpg\" alt=\"Pakistani Flag\">\r\n                    <div>\r\n                        <h4>Vokabularju Urdu<\/h4>\r\n                        <p>Espandi l-vokabularju Urdu tieg\u0127ek.<\/p>\r\n                    <\/div>\r\n                <\/div>\r\n            <\/div>\r\n        <\/a>\r\n\r\n            <\/section>","protected":false},"excerpt":{"rendered":"<p>Grammatika Urdu: Esplorazzjoni tas-Sbu\u0127ija u l-Kumplessitajiet tal-Lingwa Indo-Arjana Dilettanti tal-lingwa u studenti kurju\u017ci, int lest li tg\u0127addas fid-dinja affaxxinanti tal-grammatika Urdu? L-Urdu, lingwa Indo-Arjana, hija l-lingwa nazzjonali tal-Pakistan u wa\u0127da mil-lingwi uffi\u010bjali tal-Indja. B&#8217;madwar 70 miljun kelliem madwar id-dinja, l-Urdu mhuwiex biss lingwa rikka u espressiva i\u017cda wkoll pont g\u0127al kultura u storja vibranti. F&#8217;dan [&hellip;]<\/p>\n","protected":false},"author":1,"featured_media":1443377,"parent":0,"menu_order":0,"comment_status":"closed","ping_status":"closed","template":"LearningContentPage.php","meta":{"_acf_changed":false,"footnotes":""},"class_list":["post-1446474","page","type-page","status-publish","has-post-thumbnail","hentry"],"acf":[],"yoast_head":"<!-- This site is optimized with the Yoast SEO Premium plugin v27.2 (Yoast SEO v27.2) - https:\/\/yoast.com\/product\/yoast-seo-premium-wordpress\/ -->\n<title>Grammatika tal-Urdu - Talkpal<\/title>\n<meta name=\"description\" content=\"Tifta\u0127 is-sbu\u0127ija tal-grammatika Urdu. Esplora l-aspetti uni\u010bi tieg\u0127u, l-iskript, u kif jg\u0127aqqad mal-kultura u l-istorja.\" \/>\n<meta name=\"robots\" content=\"index, follow, max-snippet:-1, max-image-preview:large, max-video-preview:-1\" \/>\n<link rel=\"canonical\" href=\"https:\/\/talkpal.ai\/mt\/grammatika-tal-urdu\/\" \/>\n<meta property=\"og:locale\" content=\"mt_MT\" \/>\n<meta property=\"og:type\" content=\"article\" \/>\n<meta property=\"og:title\" content=\"Grammatika tal-Urdu\" \/>\n<meta property=\"og:description\" content=\"Grammatika Urdu: Esplorazzjoni tas-Sbu\u0127ija u l-Kumplessitajiet tal-Lingwa Indo-Arjana Dilettanti tal-lingwa u studenti kurju\u017ci, int lest li tg\u0127addas\" \/>\n<meta property=\"og:url\" content=\"https:\/\/talkpal.ai\/mt\/grammatika-tal-urdu\/\" \/>\n<meta property=\"og:site_name\" content=\"Talkpal\" \/>\n<meta property=\"article:publisher\" content=\"https:\/\/www.facebook.com\/profile.php?id=100090733639311\" \/>\n<meta property=\"article:modified_time\" content=\"2025-12-11T16:25:43+00:00\" \/>\n<meta property=\"og:image\" content=\"https:\/\/talkpal.ai\/wp-content\/uploads\/2023\/05\/Urdu-pakistan.png\" \/>\n\t<meta property=\"og:image:width\" content=\"512\" \/>\n\t<meta property=\"og:image:height\" content=\"512\" \/>\n\t<meta property=\"og:image:type\" content=\"image\/png\" \/>\n<meta name=\"twitter:card\" content=\"summary_large_image\" \/>\n<meta name=\"twitter:site\" content=\"@talkpalai\" \/>\n<meta name=\"twitter:label1\" content=\"Est. reading time\" \/>\n\t<meta name=\"twitter:data1\" content=\"3 minutes\" \/>\n<script type=\"application\/ld+json\" class=\"yoast-schema-graph\">{\"@context\":\"https:\/\/schema.org\",\"@graph\":[{\"@type\":\"WebPage\",\"@id\":\"https:\/\/talkpal.ai\/mt\/grammatika-tal-urdu\/\",\"url\":\"https:\/\/talkpal.ai\/mt\/grammatika-tal-urdu\/\",\"name\":\"Grammatika tal-Urdu - Talkpal\",\"isPartOf\":{\"@id\":\"https:\/\/talkpal.ai\/mt\/#website\"},\"primaryImageOfPage\":{\"@id\":\"https:\/\/talkpal.ai\/mt\/grammatika-tal-urdu\/#primaryimage\"},\"image\":{\"@id\":\"https:\/\/talkpal.ai\/mt\/grammatika-tal-urdu\/#primaryimage\"},\"thumbnailUrl\":\"https:\/\/talkpal.ai\/wp-content\/uploads\/2023\/05\/Urdu-pakistan.png\",\"datePublished\":\"2023-05-14T14:22:39+00:00\",\"dateModified\":\"2025-12-11T16:25:43+00:00\",\"description\":\"Tifta\u0127 is-sbu\u0127ija tal-grammatika Urdu. Esplora l-aspetti uni\u010bi tieg\u0127u, l-iskript, u kif jg\u0127aqqad mal-kultura u l-istorja.\",\"breadcrumb\":{\"@id\":\"https:\/\/talkpal.ai\/mt\/grammatika-tal-urdu\/#breadcrumb\"},\"inLanguage\":\"mt-MT\",\"potentialAction\":[{\"@type\":\"ReadAction\",\"target\":[\"https:\/\/talkpal.ai\/mt\/grammatika-tal-urdu\/\"]}]},{\"@type\":\"ImageObject\",\"inLanguage\":\"mt-MT\",\"@id\":\"https:\/\/talkpal.ai\/mt\/grammatika-tal-urdu\/#primaryimage\",\"url\":\"https:\/\/talkpal.ai\/wp-content\/uploads\/2023\/05\/Urdu-pakistan.png\",\"contentUrl\":\"https:\/\/talkpal.ai\/wp-content\/uploads\/2023\/05\/Urdu-pakistan.png\",\"width\":512,\"height\":512,\"caption\":\"TalkPal Urdu -Pakistan Flag\"},{\"@type\":\"BreadcrumbList\",\"@id\":\"https:\/\/talkpal.ai\/mt\/grammatika-tal-urdu\/#breadcrumb\",\"itemListElement\":[{\"@type\":\"ListItem\",\"position\":1,\"name\":\"Homepage\",\"item\":\"https:\/\/talkpal.ai\/mt\/\"},{\"@type\":\"ListItem\",\"position\":2,\"name\":\"Grammatika tal-Urdu\"}]},{\"@type\":\"WebSite\",\"@id\":\"https:\/\/talkpal.ai\/mt\/#website\",\"url\":\"https:\/\/talkpal.ai\/mt\/\",\"name\":\"Talkpal\",\"description\":\"AI Language Learning\",\"publisher\":{\"@id\":\"https:\/\/talkpal.ai\/mt\/#organization\"},\"alternateName\":\"Talkpal AI\",\"potentialAction\":[{\"@type\":\"SearchAction\",\"target\":{\"@type\":\"EntryPoint\",\"urlTemplate\":\"https:\/\/talkpal.ai\/mt\/?s={search_term_string}\"},\"query-input\":{\"@type\":\"PropertyValueSpecification\",\"valueRequired\":true,\"valueName\":\"search_term_string\"}}],\"inLanguage\":\"mt-MT\"},{\"@type\":\"Organization\",\"@id\":\"https:\/\/talkpal.ai\/mt\/#organization\",\"name\":\"Talkpal, Inc.\",\"alternateName\":\"Talkpal AI\",\"url\":\"https:\/\/talkpal.ai\/mt\/\",\"logo\":{\"@type\":\"ImageObject\",\"inLanguage\":\"mt-MT\",\"@id\":\"https:\/\/talkpal.ai\/mt\/#\/schema\/logo\/image\/\",\"url\":\"https:\/\/talkpal.ai\/wp-content\/uploads\/2024\/03\/Talkpal-Logo-Icon.png\",\"contentUrl\":\"https:\/\/talkpal.ai\/wp-content\/uploads\/2024\/03\/Talkpal-Logo-Icon.png\",\"width\":2880,\"height\":2880,\"caption\":\"Talkpal, Inc.\"},\"image\":{\"@id\":\"https:\/\/talkpal.ai\/mt\/#\/schema\/logo\/image\/\"},\"sameAs\":[\"https:\/\/www.facebook.com\/profile.php?id=100090733639311\",\"https:\/\/x.com\/talkpalai\",\"https:\/\/www.linkedin.com\/company\/talkpal\/\",\"https:\/\/www.youtube.com\/@TalkPal\/\",\"https:\/\/www.tiktok.com\/@talkpal\",\"https:\/\/www.instagram.com\/talkpal_ai\/\",\"https:\/\/www.crunchbase.com\/organization\/talkpal-9cde\",\"https:\/\/www.g2.com\/products\/talkpal-for-business\/\",\"https:\/\/www.trustpilot.com\/review\/talkpal.ai\",\"https:\/\/www.capterra.com\/p\/10006800\/TalkPal\/\"],\"description\":\"Talkpal is a language learning web and mobile education app, powered by the latest AI technologies, that provides engaging experiences to its customers in many different languages to help them improve their language skills. Users can chat about unlimited amount of topics with the app and use other modes to practice their language learning.\",\"email\":\"support@talkpal.ai\",\"legalName\":\"Talkpal, Inc.\",\"foundingDate\":\"2023-04-03\",\"duns\":\"118989042\",\"numberOfEmployees\":{\"@type\":\"QuantitativeValue\",\"minValue\":\"11\",\"maxValue\":\"50\"},\"publishingPrinciples\":\"https:\/\/talkpal.ai\/publishing-principles\/\",\"actionableFeedbackPolicy\":\"https:\/\/talkpal.ai\/actionable-feedback-policy\/\",\"correctionsPolicy\":\"https:\/\/talkpal.ai\/corrections-policy\/\",\"ethicsPolicy\":\"https:\/\/talkpal.ai\/ethics-policy\/\",\"diversityPolicy\":\"https:\/\/talkpal.ai\/diversity-policy\/\",\"diversityStaffingReport\":\"https:\/\/talkpal.ai\/diversity-policy\/\"}]}<\/script>\n<!-- \/ Yoast SEO Premium plugin. -->","yoast_head_json":{"title":"Grammatika tal-Urdu - Talkpal","description":"Tifta\u0127 is-sbu\u0127ija tal-grammatika Urdu. Esplora l-aspetti uni\u010bi tieg\u0127u, l-iskript, u kif jg\u0127aqqad mal-kultura u l-istorja.","robots":{"index":"index","follow":"follow","max-snippet":"max-snippet:-1","max-image-preview":"max-image-preview:large","max-video-preview":"max-video-preview:-1"},"canonical":"https:\/\/talkpal.ai\/mt\/grammatika-tal-urdu\/","og_locale":"mt_MT","og_type":"article","og_title":"Grammatika tal-Urdu","og_description":"Grammatika Urdu: Esplorazzjoni tas-Sbu\u0127ija u l-Kumplessitajiet tal-Lingwa Indo-Arjana Dilettanti tal-lingwa u studenti kurju\u017ci, int lest li tg\u0127addas","og_url":"https:\/\/talkpal.ai\/mt\/grammatika-tal-urdu\/","og_site_name":"Talkpal","article_publisher":"https:\/\/www.facebook.com\/profile.php?id=100090733639311","article_modified_time":"2025-12-11T16:25:43+00:00","og_image":[{"width":512,"height":512,"url":"https:\/\/talkpal.ai\/wp-content\/uploads\/2023\/05\/Urdu-pakistan.png","type":"image\/png"}],"twitter_card":"summary_large_image","twitter_site":"@talkpalai","twitter_misc":{"Est. reading time":"3 minutes"},"schema":{"@context":"https:\/\/schema.org","@graph":[{"@type":"WebPage","@id":"https:\/\/talkpal.ai\/mt\/grammatika-tal-urdu\/","url":"https:\/\/talkpal.ai\/mt\/grammatika-tal-urdu\/","name":"Grammatika tal-Urdu - Talkpal","isPartOf":{"@id":"https:\/\/talkpal.ai\/mt\/#website"},"primaryImageOfPage":{"@id":"https:\/\/talkpal.ai\/mt\/grammatika-tal-urdu\/#primaryimage"},"image":{"@id":"https:\/\/talkpal.ai\/mt\/grammatika-tal-urdu\/#primaryimage"},"thumbnailUrl":"https:\/\/talkpal.ai\/wp-content\/uploads\/2023\/05\/Urdu-pakistan.png","datePublished":"2023-05-14T14:22:39+00:00","dateModified":"2025-12-11T16:25:43+00:00","description":"Tifta\u0127 is-sbu\u0127ija tal-grammatika Urdu. Esplora l-aspetti uni\u010bi tieg\u0127u, l-iskript, u kif jg\u0127aqqad mal-kultura u l-istorja.","breadcrumb":{"@id":"https:\/\/talkpal.ai\/mt\/grammatika-tal-urdu\/#breadcrumb"},"inLanguage":"mt-MT","potentialAction":[{"@type":"ReadAction","target":["https:\/\/talkpal.ai\/mt\/grammatika-tal-urdu\/"]}]},{"@type":"ImageObject","inLanguage":"mt-MT","@id":"https:\/\/talkpal.ai\/mt\/grammatika-tal-urdu\/#primaryimage","url":"https:\/\/talkpal.ai\/wp-content\/uploads\/2023\/05\/Urdu-pakistan.png","contentUrl":"https:\/\/talkpal.ai\/wp-content\/uploads\/2023\/05\/Urdu-pakistan.png","width":512,"height":512,"caption":"TalkPal Urdu -Pakistan Flag"},{"@type":"BreadcrumbList","@id":"https:\/\/talkpal.ai\/mt\/grammatika-tal-urdu\/#breadcrumb","itemListElement":[{"@type":"ListItem","position":1,"name":"Homepage","item":"https:\/\/talkpal.ai\/mt\/"},{"@type":"ListItem","position":2,"name":"Grammatika tal-Urdu"}]},{"@type":"WebSite","@id":"https:\/\/talkpal.ai\/mt\/#website","url":"https:\/\/talkpal.ai\/mt\/","name":"Talkpal","description":"AI Language Learning","publisher":{"@id":"https:\/\/talkpal.ai\/mt\/#organization"},"alternateName":"Talkpal AI","potentialAction":[{"@type":"SearchAction","target":{"@type":"EntryPoint","urlTemplate":"https:\/\/talkpal.ai\/mt\/?s={search_term_string}"},"query-input":{"@type":"PropertyValueSpecification","valueRequired":true,"valueName":"search_term_string"}}],"inLanguage":"mt-MT"},{"@type":"Organization","@id":"https:\/\/talkpal.ai\/mt\/#organization","name":"Talkpal, Inc.","alternateName":"Talkpal AI","url":"https:\/\/talkpal.ai\/mt\/","logo":{"@type":"ImageObject","inLanguage":"mt-MT","@id":"https:\/\/talkpal.ai\/mt\/#\/schema\/logo\/image\/","url":"https:\/\/talkpal.ai\/wp-content\/uploads\/2024\/03\/Talkpal-Logo-Icon.png","contentUrl":"https:\/\/talkpal.ai\/wp-content\/uploads\/2024\/03\/Talkpal-Logo-Icon.png","width":2880,"height":2880,"caption":"Talkpal, Inc."},"image":{"@id":"https:\/\/talkpal.ai\/mt\/#\/schema\/logo\/image\/"},"sameAs":["https:\/\/www.facebook.com\/profile.php?id=100090733639311","https:\/\/x.com\/talkpalai","https:\/\/www.linkedin.com\/company\/talkpal\/","https:\/\/www.youtube.com\/@TalkPal\/","https:\/\/www.tiktok.com\/@talkpal","https:\/\/www.instagram.com\/talkpal_ai\/","https:\/\/www.crunchbase.com\/organization\/talkpal-9cde","https:\/\/www.g2.com\/products\/talkpal-for-business\/","https:\/\/www.trustpilot.com\/review\/talkpal.ai","https:\/\/www.capterra.com\/p\/10006800\/TalkPal\/"],"description":"Talkpal is a language learning web and mobile education app, powered by the latest AI technologies, that provides engaging experiences to its customers in many different languages to help them improve their language skills. Users can chat about unlimited amount of topics with the app and use other modes to practice their language learning.","email":"support@talkpal.ai","legalName":"Talkpal, Inc.","foundingDate":"2023-04-03","duns":"118989042","numberOfEmployees":{"@type":"QuantitativeValue","minValue":"11","maxValue":"50"},"publishingPrinciples":"https:\/\/talkpal.ai\/publishing-principles\/","actionableFeedbackPolicy":"https:\/\/talkpal.ai\/actionable-feedback-policy\/","correctionsPolicy":"https:\/\/talkpal.ai\/corrections-policy\/","ethicsPolicy":"https:\/\/talkpal.ai\/ethics-policy\/","diversityPolicy":"https:\/\/talkpal.ai\/diversity-policy\/","diversityStaffingReport":"https:\/\/talkpal.ai\/diversity-policy\/"}]}},"_links":{"self":[{"href":"https:\/\/talkpal.ai\/mt\/wp-json\/wp\/v2\/pages\/1446474","targetHints":{"allow":["GET"]}}],"collection":[{"href":"https:\/\/talkpal.ai\/mt\/wp-json\/wp\/v2\/pages"}],"about":[{"href":"https:\/\/talkpal.ai\/mt\/wp-json\/wp\/v2\/types\/page"}],"author":[{"embeddable":true,"href":"https:\/\/talkpal.ai\/mt\/wp-json\/wp\/v2\/users\/1"}],"replies":[{"embeddable":true,"href":"https:\/\/talkpal.ai\/mt\/wp-json\/wp\/v2\/comments?post=1446474"}],"version-history":[{"count":0,"href":"https:\/\/talkpal.ai\/mt\/wp-json\/wp\/v2\/pages\/1446474\/revisions"}],"wp:featuredmedia":[{"embeddable":true,"href":"https:\/\/talkpal.ai\/mt\/wp-json\/wp\/v2\/media\/1443377"}],"wp:attachment":[{"href":"https:\/\/talkpal.ai\/mt\/wp-json\/wp\/v2\/media?parent=1446474"}],"curies":[{"name":"wp","href":"https:\/\/api.w.org\/{rel}","templated":true}]}}