{"id":1446470,"date":"2023-05-14T14:22:16","date_gmt":"2023-05-14T14:22:16","guid":{"rendered":"https:\/\/talkpal.ai\/grammatika-tamil\/"},"modified":"2025-12-12T11:02:10","modified_gmt":"2025-12-12T11:02:10","slug":"grammatika-tamil","status":"publish","type":"page","link":"https:\/\/talkpal.ai\/mt\/grammatika-tamil\/","title":{"rendered":"Grammatika Tamil"},"content":{"rendered":"\r\n\r\n\r\n<section class=\"languageChallengeSection\">\r\n    <div class=\"languageInfoWrapper\">\r\n        \r\n        <h1>Grammatika Tamil<\/h1>\r\n        <p>\u0126u l-\u0127iliet <a href=\"https:\/\/talkpal.ai\/learn-tamil\/\">Tamil<\/a> tieg\u0127ek g\u0127al-livell li jmiss billi tikkontrolla l-ba\u017ci\u010bi tal-grammatika u l-kun\u010betti avvanzati. Esplora spjegazzjonijiet \u010bari, e\u017cempji pratti\u010bi, u e\u017cer\u010bizzji interattivi ddisinjati biex jibnu l-kunfidenza tieg\u0127ek. Ibda titg\u0127allem dwar l-istruttura tas-sentenza, il-konjugazzjoni tal-verb, u r-regoli essenzjali llum. Ibda l-vja\u0121\u0121 tieg\u0127ek biex titkellem u tikteb Tamil bi pre\u010bi\u017cjoni u fa\u010bilit\u00e0!<\/p>\r\n\r\n                            <a class=\"getStartedHidden\" href=\"https:\/\/app.talkpal.ai\/signup?lng=\">Ibda<\/a>\r\n        \r\n    <\/div>\r\n\r\n    <figure>\r\n    <img decoding=\"async\" width=\"768\" height=\"768\" src=\"https:\/\/talkpal.ai\/wp-content\/uploads\/2023\/06\/tamil-768x768.png\" class=\"languageImage no-lazy\" alt=\"Language learning for enhanced creativity\" fetchpriority=\"high\" sizes=\"(max-width: 768px) 150px, 768px\" srcset=\"https:\/\/talkpal.ai\/wp-content\/uploads\/2023\/06\/tamil-768x768.png 768w, https:\/\/talkpal.ai\/wp-content\/uploads\/2023\/06\/tamil-300x300.png 300w\" \/>\r\n    \r\n\r\n    <\/figure>\r\n\r\n            <a class=\"getStartedVisible\" href=\"https:\/\/app.talkpal.ai\/signup?lng=\">Ibda<\/a>\r\n    \r\n<\/section>\r\n<section class=\"promotionalBanner\">\r\n    <p class=\"promotionalText\">L-aktar mod effi\u010bjenti biex titg\u0127allem lingwa<\/p>\r\n    <a class=\"promotionalLink\" href=\"https:\/\/app.talkpal.ai\/signup?lng=\">Ipprova Talkpal b&#8217;xejn<\/a>\r\n<\/section>\n<div class=\"wp-block-group pageContainerStyle\"><div class=\"wp-block-group__inner-container is-layout-constrained wp-block-group-is-layout-constrained\">\n<h2 class=\"wp-block-heading\" id=\"h-tamil-grammar-understanding-the-richness-of-the-tamil-language\">Grammatika Tamil: Nifhmu r-Rikkezza tal-Lingwa Tamil<\/h2>\n\n\n\n<p>Meta tibda titg\u0127allem it-Tamil &#8211; wa\u0127da mill-eqdem lingwi \u0127ajjin fid-dinja &#8211; huwa essenzjali li ti\u017cvela l-kumplessitajiet u r-rikkezza tal-grammatika tag\u0127ha. It-Tamil, li tifta\u0127ar bi tradizzjoni miktuba li tmur lura aktar minn 2,000 sena, tibqa &#8216;l-lingwa ewlenija ta&#8217; 70 miljun kelliem madwar id-dinja. Biex jg\u0127inek tibda, dan l-artikolu jiddeskrivi xi aspetti ewlenin tal-grammatika Tamil b&#8217;appro\u010b\u010b konversattiv u informali.<\/p>\n\n\n\n<h3 class=\"wp-block-heading\" id=\"h-1-nouns-classifications-and-cases\">1. Nouns \u2013 Klassifikazzjonijiet u Ka\u017cijiet<\/h3>\n\n\n\n<p>Aspett sinifikanti tal-grammatika Tamil huma n-nomi tag\u0127ha, li huma kklassifikati abba\u017ci tal-\u0121eneru (maskili, femminili, u neuter), numru (singular u plural), u ka\u017c (nominativ, akku\u017cattiv, dattiv, \u0121enittiv, lokattiv, strumentali, komitattiv, abessiv, u vokattiv). G\u0127alkemm dan jista &#8216;jidher kbir \u0127afna, huwa essenzjali li wie\u0127ed jifhem ir-relazzjonijiet bejn il-kliem fis-sentenzi u d-dekodifikazzjoni tal-lo\u0121ika inerenti tat-Tamil.<\/p>\n\n\n\n<p>Pere\u017cempju, il-kelma &#8220;ktieb&#8221; fit-Tamil hija &#8220;\u0baa\u0bc1\u0ba4\u0bcd\u0ba4\u0b95\u0bae\u0bcd&#8221; (puththakam). Biex tg\u0127id &#8220;Qrajt il-ktieb,&#8221; tu\u017ca l-ka\u017c akku\u017cat, li jimplika li l-ktieb huwa l-o\u0121\u0121ett tal-azzjoni: &#8220;\u0ba8\u0bbe\u0ba9\u0bcd \u0baa\u0bc1\u0ba4\u0bcd\u0ba4\u0b95\u0ba4\u0bcd\u0ba4\u0bc8 \u0bb5\u0bbe\u0b9a\u0bbf\u0b95\u0bcd\u0b95\u0bbf\u0ba9\u0bcd\u0bb1\u0bc7\u0ba9\u0bcd&#8221; (Naan puththakaththai vaasikkiren).<\/p>\n\n\n\n<h3 class=\"wp-block-heading\" id=\"h-2-adjectives-and-pronouns-consistent-harmony\">2. A\u0121\u0121ettivi u Pronomi &#8211; Armonija Konsistenti<\/h3>\n\n\n\n<p>Fit-Tamil, l-a\u0121\u0121ettivi (\u0baa\u0ba3\u0bcd\u0baa\u0bc1\u0b9f\u0bc8\u0bae\u0bc8) u l-pronomi (\u0ba4\u0ba9\u0bbf\u0baa\u0bcd\u0baa\u0bca\u0bb0\u0bc1\u0bb3\u0bcd) isegwu regola kru\u010bjali: iridu jaqblu fis-sess u n-numru man-nomi li jimmodifikaw. Din il-konsistenza tippromwovi l-armonija lingwistika u ttejjeb i\u010b-\u010barezza tal-espressjoni.<\/p>\n\n\n\n<h3 class=\"wp-block-heading\" id=\"h-3-verbs-conjugation-and-tenses\">3. Verbi &#8211; Konjugazzjoni u Tempi<\/h3>\n\n\n\n<p>Il-verbi Tamil g\u0127andhom rwol kru\u010bjali fit-tfassil tas-sentenzi. Il-verbi jg\u0127addu minn konjugazzjoni bba\u017cata fuq il-persuna, in-numru, it-temp, il-vu\u010bi u l-burdata. It-Tamil g\u0127andu tliet tempi ewlenin (passat, pre\u017cent u futur) u tliet burdati (indikattiv, imperattiv, u subjunctive). Il-konjugazzjoni tista &#8216;tidher skora\u0121\u0121anti g\u0127all-ewwel, i\u017cda l-\u0127akma tag\u0127ha tg\u0127inek tesprimi g\u0127add kbir ta&#8217; emozzjonijiet, azzjonijiet u sfumaturi.<\/p>\n\n\n\n<h3 class=\"wp-block-heading\" id=\"h-4-sentence-structure-word-order-and-agreement\">4. Struttura tas-Sentenza &#8211; Ordni tal-Kliem u Ftehim<\/h3>\n\n\n\n<p>It-Tamil isegwi ordni ta &#8216;kliem <a href=\"https:\/\/talkpal.ai\/culture\/how-do-you-structure-a-sentence-using-subject-object-verb-order-in-uzbek\/\">Subject-Object-Verb<\/a> (SOV), li jag\u0127milha differenti mill-<a href=\"https:\/\/talkpal.ai\/learn-english-with-ai\/\">Ingli\u017c<\/a>, li ssegwi struttura ta&#8217; Subject-Verb-Object (SVO). <a href=\"https:\/\/talkpal.ai\/locations\/language-courses-in-barra\/\">Barra<\/a> minn hekk, il-grammatika Tamil tenfasizza l-ftehim tal-kliem, u ti\u017cgura konsistenza bejn in-nomi, l-a\u0121\u0121ettivi, u l-pronomi.<\/p>\n\n\n\n<p>Pere\u017cempju, fit-Tamil, is-sentenza &#8220;Hi tiekol tuffie\u0127&#8221; hija miktuba b\u0127ala &#8220;\u0b85\u0bb5\u0bb3\u0bcd \u0b92\u0bb0\u0bc1 \u0b86\u0baa\u0bcd\u0baa\u0bbf\u0bb3\u0bcd \u0b9a\u0bbe\u0baa\u0bcd\u0baa\u0bbf\u0b9f\u0bc1\u0b95\u0bbf\u0bb1\u0bbe\u0bb3\u0bcd&#8221; (Ava\u1e37 oru \u0101ppi\u1e37 s\u0101ppi\u1e6dugi\u1e5f\u0101\u1e37), fejn in-nom u l-verb jaqblu fis-sess u n-numru.<\/p>\n\n\n\n<h3 class=\"wp-block-heading\" id=\"h-5-embrace-the-journey\">5. T\u0127addan il-Vja\u0121\u0121<\/h3>\n\n\n\n<p>It-tag\u0127lim tal-grammatika Tamil jista &#8216;jkun ta&#8217; sfida, i\u017cda joffri bieb g\u0127al tradizzjoni letterarja vibranti u wirt kulturali g\u0127ani. Ftakar, huwa kru\u010bjali li tie\u0127u pass wie\u0127ed kull darba u tapprezza l-intricacies li jag\u0127mlu l-lingwa Tamil daqshekk spe\u010bjali.<\/p>\n\n\n\n<p>Hekk kif tesplora l-kumplessitajiet tal-grammatika Tamil, kun \u017cgur li tipprattika regolarment, timpenja ru\u0127ek ma &#8216;kelliema nattivi, u kun pa\u010benzju\u017c mieg\u0127ek innifsek. B&#8217;dedikazzjoni, int se tifta\u0127 is-sbu\u0127ija u r-rikkezza ta &#8216;din il-lingwa antika. \u0b87\u0ba9\u0bbf\u0baf \u0b95\u0bb1\u0bcd\u0bb1\u0bb2\u0bcd \u2013 Iniy ka\u1e5f\u1e5fal (tag\u0127lim kuntent)!<\/p>\n<\/div><\/div>\n\r\n<section class=\"learnNavigationSection\">\r\n            \r\n        <a href=\"https:\/\/talkpal.ai\/mt\/tghallem-tamil\/\">\r\n            <div class=\"learnNavigationWrapper\">\r\n                <div class=\"learnNavigationContent\">\r\n                    <img decoding=\"async\" src=\"https:\/\/talkpal.ai\/wp-content\/uploads\/2024\/08\/Tamil.jpg\" alt=\"Indian Simplified Flag\">\r\n                    <div>\r\n                        <h4>Dwar it-Tag\u0127lim tat-Tamil<\/h4>\r\n                        <p>Sir af kollox dwar il-grammatika Tamil.<\/p>\r\n                    <\/div>\r\n                <\/div>\r\n            <\/div>\r\n        <\/a>\r\n\r\n        \r\n        <a href=\"https:\/\/talkpal.ai\/mt\/ezercizzji-tal-grammatika-tamil\/\">\r\n            <div class=\"learnNavigationWrapper\">\r\n                <div class=\"learnNavigationContent\">\r\n                    <img decoding=\"async\" src=\"https:\/\/talkpal.ai\/wp-content\/uploads\/2024\/08\/Tamil.jpg\" alt=\"Indian Simplified Flag\">\r\n                    <div>\r\n                        <h4>E\u017cer\u010bizzju tal-Grammatika Tamil<\/h4>\r\n                        <p>Prattika l-grammatika Tamil.<\/p>\r\n                    <\/div>\r\n                <\/div>\r\n            <\/div>\r\n        <\/a>\r\n\r\n        \r\n        <a href=\"https:\/\/talkpal.ai\/vocabulary_language\/tamil\/\">\r\n            <div class=\"learnNavigationWrapper\">\r\n                <div class=\"learnNavigationContent\">\r\n                    <img decoding=\"async\" src=\"https:\/\/talkpal.ai\/wp-content\/uploads\/2024\/08\/Tamil.jpg\" alt=\"Indian Simplified Flag\">\r\n                    <div>\r\n                        <h4>Vokabularju Tamil<\/h4>\r\n                        <p>Espandi l-vokabularju Tamil tieg\u0127ek.<\/p>\r\n                    <\/div>\r\n                <\/div>\r\n            <\/div>\r\n        <\/a>\r\n\r\n            <\/section>","protected":false},"excerpt":{"rendered":"<p>Grammatika Tamil: Nifhmu r-Rikkezza tal-Lingwa Tamil Meta tibda titg\u0127allem it-Tamil &#8211; wa\u0127da mill-eqdem lingwi \u0127ajjin fid-dinja &#8211; huwa essenzjali li ti\u017cvela l-kumplessitajiet u r-rikkezza tal-grammatika tag\u0127ha. It-Tamil, li tifta\u0127ar bi tradizzjoni miktuba li tmur lura aktar minn 2,000 sena, tibqa &#8216;l-lingwa ewlenija ta&#8217; 70 miljun kelliem madwar id-dinja. Biex jg\u0127inek tibda, dan l-artikolu jiddeskrivi xi [&hellip;]<\/p>\n","protected":false},"author":1,"featured_media":1443399,"parent":0,"menu_order":0,"comment_status":"closed","ping_status":"closed","template":"LearningContentPage.php","meta":{"_acf_changed":false,"footnotes":""},"class_list":["post-1446470","page","type-page","status-publish","has-post-thumbnail","hentry"],"acf":[],"yoast_head":"<!-- This site is optimized with the Yoast SEO Premium plugin v27.2 (Yoast SEO v27.2) - https:\/\/yoast.com\/product\/yoast-seo-premium-wordpress\/ -->\n<title>Grammatika Tamil - Talkpal<\/title>\n<meta name=\"description\" content=\"Esplora l-prin\u010bipji fundamentali tal-Grammatika Tamil u ttejjeb il-fehim tieg\u0127ek ta &#039;din il-lingwa rikka.\" \/>\n<meta name=\"robots\" content=\"index, follow, max-snippet:-1, max-image-preview:large, max-video-preview:-1\" \/>\n<link rel=\"canonical\" href=\"https:\/\/talkpal.ai\/mt\/grammatika-tamil\/\" \/>\n<meta property=\"og:locale\" content=\"mt_MT\" \/>\n<meta property=\"og:type\" content=\"article\" \/>\n<meta property=\"og:title\" content=\"Grammatika Tamil\" \/>\n<meta property=\"og:description\" content=\"Grammatika Tamil: Nifhmu r-Rikkezza tal-Lingwa Tamil Meta tibda titg\u0127allem it-Tamil - wa\u0127da mill-eqdem lingwi \u0127ajjin fid-dinja - huwa essenzjali li\" \/>\n<meta property=\"og:url\" content=\"https:\/\/talkpal.ai\/mt\/grammatika-tamil\/\" \/>\n<meta property=\"og:site_name\" content=\"Talkpal\" \/>\n<meta property=\"article:publisher\" content=\"https:\/\/www.facebook.com\/profile.php?id=100090733639311\" \/>\n<meta property=\"article:modified_time\" content=\"2025-12-12T11:02:10+00:00\" \/>\n<meta property=\"og:image\" content=\"https:\/\/talkpal.ai\/wp-content\/uploads\/2023\/05\/Tamil-india.png\" \/>\n\t<meta property=\"og:image:width\" content=\"512\" \/>\n\t<meta property=\"og:image:height\" content=\"512\" \/>\n\t<meta property=\"og:image:type\" content=\"image\/png\" \/>\n<meta name=\"twitter:card\" content=\"summary_large_image\" \/>\n<meta name=\"twitter:site\" content=\"@talkpalai\" \/>\n<meta name=\"twitter:label1\" content=\"Est. reading time\" \/>\n\t<meta name=\"twitter:data1\" content=\"2 minutes\" \/>\n<script type=\"application\/ld+json\" class=\"yoast-schema-graph\">{\"@context\":\"https:\/\/schema.org\",\"@graph\":[{\"@type\":\"WebPage\",\"@id\":\"https:\/\/talkpal.ai\/mt\/grammatika-tamil\/\",\"url\":\"https:\/\/talkpal.ai\/mt\/grammatika-tamil\/\",\"name\":\"Grammatika Tamil - Talkpal\",\"isPartOf\":{\"@id\":\"https:\/\/talkpal.ai\/mt\/#website\"},\"primaryImageOfPage\":{\"@id\":\"https:\/\/talkpal.ai\/mt\/grammatika-tamil\/#primaryimage\"},\"image\":{\"@id\":\"https:\/\/talkpal.ai\/mt\/grammatika-tamil\/#primaryimage\"},\"thumbnailUrl\":\"https:\/\/talkpal.ai\/wp-content\/uploads\/2023\/05\/Tamil-india.png\",\"datePublished\":\"2023-05-14T14:22:16+00:00\",\"dateModified\":\"2025-12-12T11:02:10+00:00\",\"description\":\"Esplora l-prin\u010bipji fundamentali tal-Grammatika Tamil u ttejjeb il-fehim tieg\u0127ek ta 'din il-lingwa rikka.\",\"breadcrumb\":{\"@id\":\"https:\/\/talkpal.ai\/mt\/grammatika-tamil\/#breadcrumb\"},\"inLanguage\":\"mt-MT\",\"potentialAction\":[{\"@type\":\"ReadAction\",\"target\":[\"https:\/\/talkpal.ai\/mt\/grammatika-tamil\/\"]}]},{\"@type\":\"ImageObject\",\"inLanguage\":\"mt-MT\",\"@id\":\"https:\/\/talkpal.ai\/mt\/grammatika-tamil\/#primaryimage\",\"url\":\"https:\/\/talkpal.ai\/wp-content\/uploads\/2023\/05\/Tamil-india.png\",\"contentUrl\":\"https:\/\/talkpal.ai\/wp-content\/uploads\/2023\/05\/Tamil-india.png\",\"width\":512,\"height\":512,\"caption\":\"TalkPal Tamil - India Flag\"},{\"@type\":\"BreadcrumbList\",\"@id\":\"https:\/\/talkpal.ai\/mt\/grammatika-tamil\/#breadcrumb\",\"itemListElement\":[{\"@type\":\"ListItem\",\"position\":1,\"name\":\"Homepage\",\"item\":\"https:\/\/talkpal.ai\/mt\/\"},{\"@type\":\"ListItem\",\"position\":2,\"name\":\"Grammatika Tamil\"}]},{\"@type\":\"WebSite\",\"@id\":\"https:\/\/talkpal.ai\/mt\/#website\",\"url\":\"https:\/\/talkpal.ai\/mt\/\",\"name\":\"Talkpal\",\"description\":\"AI Language Learning\",\"publisher\":{\"@id\":\"https:\/\/talkpal.ai\/mt\/#organization\"},\"alternateName\":\"Talkpal AI\",\"potentialAction\":[{\"@type\":\"SearchAction\",\"target\":{\"@type\":\"EntryPoint\",\"urlTemplate\":\"https:\/\/talkpal.ai\/mt\/?s={search_term_string}\"},\"query-input\":{\"@type\":\"PropertyValueSpecification\",\"valueRequired\":true,\"valueName\":\"search_term_string\"}}],\"inLanguage\":\"mt-MT\"},{\"@type\":\"Organization\",\"@id\":\"https:\/\/talkpal.ai\/mt\/#organization\",\"name\":\"Talkpal, Inc.\",\"alternateName\":\"Talkpal AI\",\"url\":\"https:\/\/talkpal.ai\/mt\/\",\"logo\":{\"@type\":\"ImageObject\",\"inLanguage\":\"mt-MT\",\"@id\":\"https:\/\/talkpal.ai\/mt\/#\/schema\/logo\/image\/\",\"url\":\"https:\/\/talkpal.ai\/wp-content\/uploads\/2024\/03\/Talkpal-Logo-Icon.png\",\"contentUrl\":\"https:\/\/talkpal.ai\/wp-content\/uploads\/2024\/03\/Talkpal-Logo-Icon.png\",\"width\":2880,\"height\":2880,\"caption\":\"Talkpal, Inc.\"},\"image\":{\"@id\":\"https:\/\/talkpal.ai\/mt\/#\/schema\/logo\/image\/\"},\"sameAs\":[\"https:\/\/www.facebook.com\/profile.php?id=100090733639311\",\"https:\/\/x.com\/talkpalai\",\"https:\/\/www.linkedin.com\/company\/talkpal\/\",\"https:\/\/www.youtube.com\/@TalkPal\/\",\"https:\/\/www.tiktok.com\/@talkpal\",\"https:\/\/www.instagram.com\/talkpal_ai\/\",\"https:\/\/www.crunchbase.com\/organization\/talkpal-9cde\",\"https:\/\/www.g2.com\/products\/talkpal-for-business\/\",\"https:\/\/www.trustpilot.com\/review\/talkpal.ai\",\"https:\/\/www.capterra.com\/p\/10006800\/TalkPal\/\"],\"description\":\"Talkpal is a language learning web and mobile education app, powered by the latest AI technologies, that provides engaging experiences to its customers in many different languages to help them improve their language skills. Users can chat about unlimited amount of topics with the app and use other modes to practice their language learning.\",\"email\":\"support@talkpal.ai\",\"legalName\":\"Talkpal, Inc.\",\"foundingDate\":\"2023-04-03\",\"duns\":\"118989042\",\"numberOfEmployees\":{\"@type\":\"QuantitativeValue\",\"minValue\":\"11\",\"maxValue\":\"50\"},\"publishingPrinciples\":\"https:\/\/talkpal.ai\/publishing-principles\/\",\"actionableFeedbackPolicy\":\"https:\/\/talkpal.ai\/actionable-feedback-policy\/\",\"correctionsPolicy\":\"https:\/\/talkpal.ai\/corrections-policy\/\",\"ethicsPolicy\":\"https:\/\/talkpal.ai\/ethics-policy\/\",\"diversityPolicy\":\"https:\/\/talkpal.ai\/diversity-policy\/\",\"diversityStaffingReport\":\"https:\/\/talkpal.ai\/diversity-policy\/\"}]}<\/script>\n<!-- \/ Yoast SEO Premium plugin. -->","yoast_head_json":{"title":"Grammatika Tamil - Talkpal","description":"Esplora l-prin\u010bipji fundamentali tal-Grammatika Tamil u ttejjeb il-fehim tieg\u0127ek ta 'din il-lingwa rikka.","robots":{"index":"index","follow":"follow","max-snippet":"max-snippet:-1","max-image-preview":"max-image-preview:large","max-video-preview":"max-video-preview:-1"},"canonical":"https:\/\/talkpal.ai\/mt\/grammatika-tamil\/","og_locale":"mt_MT","og_type":"article","og_title":"Grammatika Tamil","og_description":"Grammatika Tamil: Nifhmu r-Rikkezza tal-Lingwa Tamil Meta tibda titg\u0127allem it-Tamil - wa\u0127da mill-eqdem lingwi \u0127ajjin fid-dinja - huwa essenzjali li","og_url":"https:\/\/talkpal.ai\/mt\/grammatika-tamil\/","og_site_name":"Talkpal","article_publisher":"https:\/\/www.facebook.com\/profile.php?id=100090733639311","article_modified_time":"2025-12-12T11:02:10+00:00","og_image":[{"width":512,"height":512,"url":"https:\/\/talkpal.ai\/wp-content\/uploads\/2023\/05\/Tamil-india.png","type":"image\/png"}],"twitter_card":"summary_large_image","twitter_site":"@talkpalai","twitter_misc":{"Est. reading time":"2 minutes"},"schema":{"@context":"https:\/\/schema.org","@graph":[{"@type":"WebPage","@id":"https:\/\/talkpal.ai\/mt\/grammatika-tamil\/","url":"https:\/\/talkpal.ai\/mt\/grammatika-tamil\/","name":"Grammatika Tamil - Talkpal","isPartOf":{"@id":"https:\/\/talkpal.ai\/mt\/#website"},"primaryImageOfPage":{"@id":"https:\/\/talkpal.ai\/mt\/grammatika-tamil\/#primaryimage"},"image":{"@id":"https:\/\/talkpal.ai\/mt\/grammatika-tamil\/#primaryimage"},"thumbnailUrl":"https:\/\/talkpal.ai\/wp-content\/uploads\/2023\/05\/Tamil-india.png","datePublished":"2023-05-14T14:22:16+00:00","dateModified":"2025-12-12T11:02:10+00:00","description":"Esplora l-prin\u010bipji fundamentali tal-Grammatika Tamil u ttejjeb il-fehim tieg\u0127ek ta 'din il-lingwa rikka.","breadcrumb":{"@id":"https:\/\/talkpal.ai\/mt\/grammatika-tamil\/#breadcrumb"},"inLanguage":"mt-MT","potentialAction":[{"@type":"ReadAction","target":["https:\/\/talkpal.ai\/mt\/grammatika-tamil\/"]}]},{"@type":"ImageObject","inLanguage":"mt-MT","@id":"https:\/\/talkpal.ai\/mt\/grammatika-tamil\/#primaryimage","url":"https:\/\/talkpal.ai\/wp-content\/uploads\/2023\/05\/Tamil-india.png","contentUrl":"https:\/\/talkpal.ai\/wp-content\/uploads\/2023\/05\/Tamil-india.png","width":512,"height":512,"caption":"TalkPal Tamil - India Flag"},{"@type":"BreadcrumbList","@id":"https:\/\/talkpal.ai\/mt\/grammatika-tamil\/#breadcrumb","itemListElement":[{"@type":"ListItem","position":1,"name":"Homepage","item":"https:\/\/talkpal.ai\/mt\/"},{"@type":"ListItem","position":2,"name":"Grammatika Tamil"}]},{"@type":"WebSite","@id":"https:\/\/talkpal.ai\/mt\/#website","url":"https:\/\/talkpal.ai\/mt\/","name":"Talkpal","description":"AI Language Learning","publisher":{"@id":"https:\/\/talkpal.ai\/mt\/#organization"},"alternateName":"Talkpal AI","potentialAction":[{"@type":"SearchAction","target":{"@type":"EntryPoint","urlTemplate":"https:\/\/talkpal.ai\/mt\/?s={search_term_string}"},"query-input":{"@type":"PropertyValueSpecification","valueRequired":true,"valueName":"search_term_string"}}],"inLanguage":"mt-MT"},{"@type":"Organization","@id":"https:\/\/talkpal.ai\/mt\/#organization","name":"Talkpal, Inc.","alternateName":"Talkpal AI","url":"https:\/\/talkpal.ai\/mt\/","logo":{"@type":"ImageObject","inLanguage":"mt-MT","@id":"https:\/\/talkpal.ai\/mt\/#\/schema\/logo\/image\/","url":"https:\/\/talkpal.ai\/wp-content\/uploads\/2024\/03\/Talkpal-Logo-Icon.png","contentUrl":"https:\/\/talkpal.ai\/wp-content\/uploads\/2024\/03\/Talkpal-Logo-Icon.png","width":2880,"height":2880,"caption":"Talkpal, Inc."},"image":{"@id":"https:\/\/talkpal.ai\/mt\/#\/schema\/logo\/image\/"},"sameAs":["https:\/\/www.facebook.com\/profile.php?id=100090733639311","https:\/\/x.com\/talkpalai","https:\/\/www.linkedin.com\/company\/talkpal\/","https:\/\/www.youtube.com\/@TalkPal\/","https:\/\/www.tiktok.com\/@talkpal","https:\/\/www.instagram.com\/talkpal_ai\/","https:\/\/www.crunchbase.com\/organization\/talkpal-9cde","https:\/\/www.g2.com\/products\/talkpal-for-business\/","https:\/\/www.trustpilot.com\/review\/talkpal.ai","https:\/\/www.capterra.com\/p\/10006800\/TalkPal\/"],"description":"Talkpal is a language learning web and mobile education app, powered by the latest AI technologies, that provides engaging experiences to its customers in many different languages to help them improve their language skills. Users can chat about unlimited amount of topics with the app and use other modes to practice their language learning.","email":"support@talkpal.ai","legalName":"Talkpal, Inc.","foundingDate":"2023-04-03","duns":"118989042","numberOfEmployees":{"@type":"QuantitativeValue","minValue":"11","maxValue":"50"},"publishingPrinciples":"https:\/\/talkpal.ai\/publishing-principles\/","actionableFeedbackPolicy":"https:\/\/talkpal.ai\/actionable-feedback-policy\/","correctionsPolicy":"https:\/\/talkpal.ai\/corrections-policy\/","ethicsPolicy":"https:\/\/talkpal.ai\/ethics-policy\/","diversityPolicy":"https:\/\/talkpal.ai\/diversity-policy\/","diversityStaffingReport":"https:\/\/talkpal.ai\/diversity-policy\/"}]}},"_links":{"self":[{"href":"https:\/\/talkpal.ai\/mt\/wp-json\/wp\/v2\/pages\/1446470","targetHints":{"allow":["GET"]}}],"collection":[{"href":"https:\/\/talkpal.ai\/mt\/wp-json\/wp\/v2\/pages"}],"about":[{"href":"https:\/\/talkpal.ai\/mt\/wp-json\/wp\/v2\/types\/page"}],"author":[{"embeddable":true,"href":"https:\/\/talkpal.ai\/mt\/wp-json\/wp\/v2\/users\/1"}],"replies":[{"embeddable":true,"href":"https:\/\/talkpal.ai\/mt\/wp-json\/wp\/v2\/comments?post=1446470"}],"version-history":[{"count":0,"href":"https:\/\/talkpal.ai\/mt\/wp-json\/wp\/v2\/pages\/1446470\/revisions"}],"wp:featuredmedia":[{"embeddable":true,"href":"https:\/\/talkpal.ai\/mt\/wp-json\/wp\/v2\/media\/1443399"}],"wp:attachment":[{"href":"https:\/\/talkpal.ai\/mt\/wp-json\/wp\/v2\/media?parent=1446470"}],"curies":[{"name":"wp","href":"https:\/\/api.w.org\/{rel}","templated":true}]}}