{"id":1446466,"date":"2023-05-14T14:23:00","date_gmt":"2023-05-14T14:23:00","guid":{"rendered":"https:\/\/talkpal.ai\/grammatika-vjetnamiza\/"},"modified":"2025-12-12T10:55:29","modified_gmt":"2025-12-12T10:55:29","slug":"grammatika-vjetnamiza","status":"publish","type":"page","link":"https:\/\/talkpal.ai\/mt\/grammatika-vjetnamiza\/","title":{"rendered":"Grammatika Vjetnami\u017ca"},"content":{"rendered":"\r\n\r\n\r\n<section class=\"languageChallengeSection\">\r\n    <div class=\"languageInfoWrapper\">\r\n        \r\n        <h1>Grammatika Vjetnami\u017ca<\/h1>\r\n        <p>Il-<a href=\"https:\/\/talkpal.ai\/vietnamese-grammar\/\">grammatika Vjetnami\u017ca<\/a> hija mag\u0127rufa g\u0127as-sempli\u010bit\u00e0 u l-istruttura lo\u0121ika tag\u0127ha, li tag\u0127milha a\u010b\u010bessibbli g\u0127al studenti \u0121odda. With a Romanized alphabet, no verb conjugations, and minimal use of plurals, students can quickly focus on building vocabulary and conversation skills. L-esplorazzjoni tal-<a href=\"https:\/\/talkpal.ai\/learn-vietnamese\/\">Vjetnami\u017c<\/a> mhix biss dwar it-tag\u0127lim tal-lingwa &#8211; tifta\u0127 ukoll tieqa fil-kultura u l-istorja rikka tal-pajji\u017c.<\/p>\r\n\r\n                            <a class=\"getStartedHidden\" href=\"https:\/\/app.talkpal.ai\/signup?lng=\">Ibda<\/a>\r\n        \r\n    <\/div>\r\n\r\n    <figure>\r\n    <img decoding=\"async\" width=\"768\" height=\"768\" src=\"https:\/\/talkpal.ai\/wp-content\/uploads\/2023\/06\/vietnamese-768x768.png\" class=\"languageImage no-lazy\" alt=\"Language learning for extensive cultural knowledge\" fetchpriority=\"high\" sizes=\"(max-width: 768px) 150px, 768px\" srcset=\"https:\/\/talkpal.ai\/wp-content\/uploads\/2023\/06\/vietnamese-768x768.png 768w, https:\/\/talkpal.ai\/wp-content\/uploads\/2023\/06\/vietnamese-300x300.png 300w\" \/>\r\n    \r\n\r\n    <\/figure>\r\n\r\n            <a class=\"getStartedVisible\" href=\"https:\/\/app.talkpal.ai\/signup?lng=\">Ibda<\/a>\r\n    \r\n<\/section>\r\n<section class=\"promotionalBanner\">\r\n    <p class=\"promotionalText\">L-aktar mod effi\u010bjenti biex titg\u0127allem lingwa<\/p>\r\n    <a class=\"promotionalLink\" href=\"https:\/\/app.talkpal.ai\/signup?lng=\">Ipprova Talkpal b&#8217;xejn<\/a>\r\n<\/section>\n<div class=\"wp-block-group pageContainerStyle\"><div class=\"wp-block-group__inner-container is-layout-constrained wp-block-group-is-layout-constrained\">\n<h2 class=\"wp-block-heading\" id=\"h-the-intricacies-of-vietnamese-grammar-an-engaging-exploration\">L-Intricacies tal-Grammatika Vjetnami\u017ca: Esplorazzjoni Impenjattiva<\/h2>\n\n\n\n<p>Il-lingwa Vjetnami\u017ca, bl-g\u0127eruq stori\u010bi profondi tag\u0127ha u l-isfond kulturali uniku, toffri avventura attraenti kemm g\u0127al-lingwisti kif ukoll g\u0127all-istudenti tal-lingwi. Filwaqt li l-<a href=\"https:\/\/talkpal.ai\/vietnamese-grammar\/\">grammatika Vjetnami\u017ca<\/a> tista &#8216;inizjalment to\u0127ro\u0121 b\u0127ala sfida, il-lo\u0121ika sempli\u010bi u l-konsistenza tag\u0127ha jwittu t-triq g\u0127al esperjenza ta&#8217; tag\u0127lim e\u010b\u010bitanti. Allura, ipprepara ru\u0127ek g\u0127al vja\u0121\u0121 lingwistiku intriganti hekk kif nid\u0127lu fil-partikolaritajiet tal-grammatika Vjetnami\u017ca.<\/p>\n\n\n\n<h3 class=\"wp-block-heading\" id=\"h-1-the-alphabet-a-gift-from-the-past\">1. L-Alfabett: Rigal mill-Passat<\/h3>\n\n\n\n<p>L-alfabett Vjetnami\u017c, li jikkonsisti f&#8217;29 ittra, \u0121ej prin\u010bipalment mill-iskrittura <a href=\"https:\/\/talkpal.ai\/locations\/language-courses-in-latina\/\">Latina<\/a>, bil-bidu <a href=\"https:\/\/talkpal.ai\/learn-portuguese\/\">Portugi\u017c<\/a> u Fran\u010bi\u017c. Grazzi g\u0127all-iskrittura Qu\u1ed1c Ng\u1eef, it-tran\u017cizzjoni g\u0127al kitba Rumanizzata g\u0127amlet l-alfabett familjari u fa\u010bilment a\u010b\u010bessibbli g\u0127al kelliema ta&#8217; lingwi o\u0127ra bba\u017cati fuq il-Latin. Dan jippermetti punt ta &#8216;d\u0127ul bla xkiel g\u0127al dawk li jibdew biex jiffokaw fuq il-\u0127sejjes uni\u010bi u l-pronunzja tal-lingwa.<\/p>\n\n\n\n<h3 class=\"wp-block-heading\" id=\"h-2-tones-vietnamese-s-musical-notation\">2. Toni: In-Notazzjoni Mu\u017cikali tal-Vjetnami\u017c<\/h3>\n\n\n\n<p>Il-Vjetnami\u017c huwa lingwa tonali, li fiha sitt toni distintivi li jbiddlu t-tifsira ta &#8216;kelma permezz tal-u\u017cu ta&#8217; diversi <a href=\"https:\/\/talkpal.ai\/locations\/language-courses-in-marki\/\">marki<\/a> dijakriti\u010bi. L-akkwist ta &#8216;\u0127akma ta&#8217; dawk it-toni jista &#8216;jkun ta&#8217; sfida, i\u017cda j\u017cid mu\u017cikalit\u00e0 u sfumatura mal-lingwa li jag\u0127milha sa\u0127ansitra aktar captivating. Il-pa\u010benzja u l-prattika jag\u0127mluha perfetta, li tippermettilek tapprezza bis-s\u0127i\u0127 is-sbu\u0127ija melodika tal-Vjetnami\u017c.<\/p>\n\n\n\n<h3 class=\"wp-block-heading\" id=\"h-3-word-order-unraveling-the-vietnamese-sentence-structure\">3. Ordni tal-Kelma: Ti\u017cvela l-Istruttura tas-Sentenza Vjetnami\u017ca<\/h3>\n\n\n\n<p>B&#8217;xorti tajba, l-ordni tal-kliem Vjetnami\u017c hija pjuttost sempli\u010bi, billi ssegwi l-format familjari Subject-Verb-Object (SVO). Din l-istruttura a\u010b\u010bessibbli tag\u0127milha aktar fa\u010bli g\u0127all-kelliema Ingli\u017ci biex jiffurmaw sentenzi bil-Vjetnami\u017c ming\u0127ajr ma jesperjenzaw bidla kbira fil-lingwistika. \u0126u l-e\u017cempju ta &#8216;&#8221;T\u00f4i y\u00eau Vi\u1ec7t Nam!&#8221; (In\u0127obb il-Vjetnam!), fejn i\u017c-\u017cew\u0121 lingwi jaqsmu kostruzzjonijiet paralleli.<\/p>\n\n\n\n<h3 class=\"wp-block-heading\" id=\"h-4-no-more-plural-nouns-or-verb-conjugations\">4. No More Plural Nouns or Verb Conjugations<\/h3>\n\n\n\n<p>Fil-Vjetnami\u017c, in-nomi ma jbiddlux il-forma tag\u0127hom biex jindikaw pluralit\u00e0, u l-verbi jibqg\u0127u konsistenti irrispettivament mit-temp jew is-su\u0121\u0121ett. Filwaqt li dan jista &#8216;jidher konfu\u017c g\u0127all-ewwel, jissimplifika b&#8217;mod sinifikanti t-tag\u0127lim tar-regoli tal-grammatika. Minflok, il-kuntest u l-u\u017cu ta &#8216;kliem addizzjonali ji\u010b\u010baraw it-tifsira tas-sentenza. Allura, nifs ta &#8216;ser\u0127an il-mo\u0127\u0127 hekk kif tg\u0127id addiju g\u0127all-battikata tal-konjugazzjoni.<\/p>\n\n\n\n<h3 class=\"wp-block-heading\" id=\"h-5-immerse-yourself-in-the-vietnamese-mindset\">5. G\u0127addas lilek innifsek fil-mentalit\u00e0 Vjetnami\u017ca<\/h3>\n\n\n\n<p>It-tag\u0127lim tal-Vjetnami\u017c mhuwiex biss dwar il-\u0127akma tal-grammatika tieg\u0127u &#8211; huwa wkoll dwar it-t\u0127addin tal-kuntesti kulturali, stori\u010bi u so\u010bjali li sawru l-lingwa. Engage with native speakers, explore Vietnamese literature and art, and try to connect with the nation&#8217;s values and customs. Dan l-appro\u010b\u010b olistiku mhux biss se jtejjeb il-\u0127iliet lingwisti\u010bi tieg\u0127ek i\u017cda wkoll japprofondixxi l-fehim tieg\u0127ek tas-sbu\u0127ija multidimensjonali tal-Vjetnam.<\/p>\n\n\n\n<h3 class=\"wp-block-heading\" id=\"h-in-conclusion-relish-the-charm-of-vietnamese-grammar\">B\u0127ala konklu\u017cjoni: Igawdu s-se\u0127er tal-grammatika Vjetnami\u017ca<\/h3>\n\n\n\n<p>G\u0127alkemm il-grammatika Vjetnami\u017ca tista &#8216;tidher perplexing fuq il-wi\u010b\u010b, l-istruttura affaxxinanti tag\u0127ha u s-sempli\u010bit\u00e0 inerenti jistiednu lill-istudenti biex jimbarkaw fuq vja\u0121\u0121 lingwistiku ta&#8217; sodisfazzjon. As you delve into the world of Vietnamese, you&#8217;ll marvel at the elegance and beauty of its grammar and the rich cultural tapestry that has shaped the language over centuries. Allura, mur &#8216;il quddiem u esplora l-g\u0127e\u0121ubijiet tal-grammatika Vjetnami\u017ca hekk kif tinnaviga fil-pajsa\u0121\u0121 lingwistiku ta&#8217; din il-lingwa enchanting.<\/p>\n<\/div><\/div>\n\r\n<section class=\"learnNavigationSection\">\r\n            \r\n        <a href=\"https:\/\/talkpal.ai\/mt\/tghallem-vjetnamiz\/\">\r\n            <div class=\"learnNavigationWrapper\">\r\n                <div class=\"learnNavigationContent\">\r\n                    <img decoding=\"async\" src=\"https:\/\/talkpal.ai\/wp-content\/uploads\/2024\/08\/Vietnamese.jpg\" alt=\"Vietnamise Flag\">\r\n                    <div>\r\n                        <h4>Dwar it-Tag\u0127lim tal-Vjetnami\u017c<\/h4>\r\n                        <p>Sir af kollox dwar il-grammatika Vjetnami\u017ca.<\/p>\r\n                    <\/div>\r\n                <\/div>\r\n            <\/div>\r\n        <\/a>\r\n\r\n        \r\n        <a href=\"https:\/\/talkpal.ai\/mt\/ezercizzji-tal-grammatika-vjetnamizi\/\">\r\n            <div class=\"learnNavigationWrapper\">\r\n                <div class=\"learnNavigationContent\">\r\n                    <img decoding=\"async\" src=\"https:\/\/talkpal.ai\/wp-content\/uploads\/2024\/08\/Vietnamese.jpg\" alt=\"Vietnamise Flag\">\r\n                    <div>\r\n                        <h4>E\u017cer\u010bizzju tal-Grammatika Vjetnami\u017ca<\/h4>\r\n                        <p>Ipprattika l-grammatika Vjetnami\u017ca.<\/p>\r\n                    <\/div>\r\n                <\/div>\r\n            <\/div>\r\n        <\/a>\r\n\r\n        \r\n        <a href=\"https:\/\/talkpal.ai\/vocabulary_language\/vietnamese\/\">\r\n            <div class=\"learnNavigationWrapper\">\r\n                <div class=\"learnNavigationContent\">\r\n                    <img decoding=\"async\" src=\"https:\/\/talkpal.ai\/wp-content\/uploads\/2024\/08\/Vietnamese.jpg\" alt=\"Vietnamise Flag\">\r\n                    <div>\r\n                        <h4>Vokabularju Vjetnami\u017c<\/h4>\r\n                        <p>Espandi l-vokabularju Vjetnami\u017c tieg\u0127ek.<\/p>\r\n                    <\/div>\r\n                <\/div>\r\n            <\/div>\r\n        <\/a>\r\n\r\n            <\/section>","protected":false},"excerpt":{"rendered":"<p>L-Intricacies tal-Grammatika Vjetnami\u017ca: Esplorazzjoni Impenjattiva Il-lingwa Vjetnami\u017ca, bl-g\u0127eruq stori\u010bi profondi tag\u0127ha u l-isfond kulturali uniku, toffri avventura attraenti kemm g\u0127al-lingwisti kif ukoll g\u0127all-istudenti tal-lingwi. Filwaqt li l-grammatika Vjetnami\u017ca tista &#8216;inizjalment to\u0127ro\u0121 b\u0127ala sfida, il-lo\u0121ika sempli\u010bi u l-konsistenza tag\u0127ha jwittu t-triq g\u0127al esperjenza ta&#8217; tag\u0127lim e\u010b\u010bitanti. Allura, ipprepara ru\u0127ek g\u0127al vja\u0121\u0121 lingwistiku intriganti hekk kif nid\u0127lu [&hellip;]<\/p>\n","protected":false},"author":1,"featured_media":1443410,"parent":0,"menu_order":0,"comment_status":"closed","ping_status":"closed","template":"LearningContentPage.php","meta":{"_acf_changed":false,"footnotes":""},"class_list":["post-1446466","page","type-page","status-publish","has-post-thumbnail","hentry"],"acf":[],"yoast_head":"<!-- This site is optimized with the Yoast SEO Premium plugin v27.2 (Yoast SEO v27.2) - https:\/\/yoast.com\/product\/yoast-seo-premium-wordpress\/ -->\n<title>Grammatika Vjetnami\u017ca - Talkpal<\/title>\n<meta name=\"description\" content=\"Esplora l-aspetti affaxxinanti tal-grammatika Vjetnami\u017ca u skopri l-fer\u0127 tat-tag\u0127lim ta &#039;din il-lingwa unika.\" \/>\n<meta name=\"robots\" content=\"index, follow, max-snippet:-1, max-image-preview:large, max-video-preview:-1\" \/>\n<link rel=\"canonical\" href=\"https:\/\/talkpal.ai\/mt\/grammatika-vjetnamiza\/\" \/>\n<meta property=\"og:locale\" content=\"mt_MT\" \/>\n<meta property=\"og:type\" content=\"article\" \/>\n<meta property=\"og:title\" content=\"Grammatika Vjetnami\u017ca\" \/>\n<meta property=\"og:description\" content=\"L-Intricacies tal-Grammatika Vjetnami\u017ca: Esplorazzjoni Impenjattiva Il-lingwa Vjetnami\u017ca, bl-g\u0127eruq stori\u010bi profondi tag\u0127ha u l-isfond kulturali uniku,\" \/>\n<meta property=\"og:url\" content=\"https:\/\/talkpal.ai\/mt\/grammatika-vjetnamiza\/\" \/>\n<meta property=\"og:site_name\" content=\"Talkpal\" \/>\n<meta property=\"article:publisher\" content=\"https:\/\/www.facebook.com\/profile.php?id=100090733639311\" \/>\n<meta property=\"article:modified_time\" content=\"2025-12-12T10:55:29+00:00\" \/>\n<meta property=\"og:image\" content=\"https:\/\/talkpal.ai\/wp-content\/uploads\/2023\/05\/vietnam.png\" \/>\n\t<meta property=\"og:image:width\" content=\"512\" \/>\n\t<meta property=\"og:image:height\" content=\"512\" \/>\n\t<meta property=\"og:image:type\" content=\"image\/png\" \/>\n<meta name=\"twitter:card\" content=\"summary_large_image\" \/>\n<meta name=\"twitter:site\" content=\"@talkpalai\" \/>\n<meta name=\"twitter:label1\" content=\"Est. reading time\" \/>\n\t<meta name=\"twitter:data1\" content=\"3 minutes\" \/>\n<script type=\"application\/ld+json\" class=\"yoast-schema-graph\">{\"@context\":\"https:\/\/schema.org\",\"@graph\":[{\"@type\":\"WebPage\",\"@id\":\"https:\/\/talkpal.ai\/mt\/grammatika-vjetnamiza\/\",\"url\":\"https:\/\/talkpal.ai\/mt\/grammatika-vjetnamiza\/\",\"name\":\"Grammatika Vjetnami\u017ca - Talkpal\",\"isPartOf\":{\"@id\":\"https:\/\/talkpal.ai\/mt\/#website\"},\"primaryImageOfPage\":{\"@id\":\"https:\/\/talkpal.ai\/mt\/grammatika-vjetnamiza\/#primaryimage\"},\"image\":{\"@id\":\"https:\/\/talkpal.ai\/mt\/grammatika-vjetnamiza\/#primaryimage\"},\"thumbnailUrl\":\"https:\/\/talkpal.ai\/wp-content\/uploads\/2023\/05\/vietnam.png\",\"datePublished\":\"2023-05-14T14:23:00+00:00\",\"dateModified\":\"2025-12-12T10:55:29+00:00\",\"description\":\"Esplora l-aspetti affaxxinanti tal-grammatika Vjetnami\u017ca u skopri l-fer\u0127 tat-tag\u0127lim ta 'din il-lingwa unika.\",\"breadcrumb\":{\"@id\":\"https:\/\/talkpal.ai\/mt\/grammatika-vjetnamiza\/#breadcrumb\"},\"inLanguage\":\"mt-MT\",\"potentialAction\":[{\"@type\":\"ReadAction\",\"target\":[\"https:\/\/talkpal.ai\/mt\/grammatika-vjetnamiza\/\"]}]},{\"@type\":\"ImageObject\",\"inLanguage\":\"mt-MT\",\"@id\":\"https:\/\/talkpal.ai\/mt\/grammatika-vjetnamiza\/#primaryimage\",\"url\":\"https:\/\/talkpal.ai\/wp-content\/uploads\/2023\/05\/vietnam.png\",\"contentUrl\":\"https:\/\/talkpal.ai\/wp-content\/uploads\/2023\/05\/vietnam.png\",\"width\":512,\"height\":512,\"caption\":\"TalkPal Vietnam Flag\"},{\"@type\":\"BreadcrumbList\",\"@id\":\"https:\/\/talkpal.ai\/mt\/grammatika-vjetnamiza\/#breadcrumb\",\"itemListElement\":[{\"@type\":\"ListItem\",\"position\":1,\"name\":\"Homepage\",\"item\":\"https:\/\/talkpal.ai\/mt\/\"},{\"@type\":\"ListItem\",\"position\":2,\"name\":\"Grammatika Vjetnami\u017ca\"}]},{\"@type\":\"WebSite\",\"@id\":\"https:\/\/talkpal.ai\/mt\/#website\",\"url\":\"https:\/\/talkpal.ai\/mt\/\",\"name\":\"Talkpal\",\"description\":\"AI Language Learning\",\"publisher\":{\"@id\":\"https:\/\/talkpal.ai\/mt\/#organization\"},\"alternateName\":\"Talkpal AI\",\"potentialAction\":[{\"@type\":\"SearchAction\",\"target\":{\"@type\":\"EntryPoint\",\"urlTemplate\":\"https:\/\/talkpal.ai\/mt\/?s={search_term_string}\"},\"query-input\":{\"@type\":\"PropertyValueSpecification\",\"valueRequired\":true,\"valueName\":\"search_term_string\"}}],\"inLanguage\":\"mt-MT\"},{\"@type\":\"Organization\",\"@id\":\"https:\/\/talkpal.ai\/mt\/#organization\",\"name\":\"Talkpal, Inc.\",\"alternateName\":\"Talkpal AI\",\"url\":\"https:\/\/talkpal.ai\/mt\/\",\"logo\":{\"@type\":\"ImageObject\",\"inLanguage\":\"mt-MT\",\"@id\":\"https:\/\/talkpal.ai\/mt\/#\/schema\/logo\/image\/\",\"url\":\"https:\/\/talkpal.ai\/wp-content\/uploads\/2024\/03\/Talkpal-Logo-Icon.png\",\"contentUrl\":\"https:\/\/talkpal.ai\/wp-content\/uploads\/2024\/03\/Talkpal-Logo-Icon.png\",\"width\":2880,\"height\":2880,\"caption\":\"Talkpal, Inc.\"},\"image\":{\"@id\":\"https:\/\/talkpal.ai\/mt\/#\/schema\/logo\/image\/\"},\"sameAs\":[\"https:\/\/www.facebook.com\/profile.php?id=100090733639311\",\"https:\/\/x.com\/talkpalai\",\"https:\/\/www.linkedin.com\/company\/talkpal\/\",\"https:\/\/www.youtube.com\/@TalkPal\/\",\"https:\/\/www.tiktok.com\/@talkpal\",\"https:\/\/www.instagram.com\/talkpal_ai\/\",\"https:\/\/www.crunchbase.com\/organization\/talkpal-9cde\",\"https:\/\/www.g2.com\/products\/talkpal-for-business\/\",\"https:\/\/www.trustpilot.com\/review\/talkpal.ai\",\"https:\/\/www.capterra.com\/p\/10006800\/TalkPal\/\"],\"description\":\"Talkpal is a language learning web and mobile education app, powered by the latest AI technologies, that provides engaging experiences to its customers in many different languages to help them improve their language skills. Users can chat about unlimited amount of topics with the app and use other modes to practice their language learning.\",\"email\":\"support@talkpal.ai\",\"legalName\":\"Talkpal, Inc.\",\"foundingDate\":\"2023-04-03\",\"duns\":\"118989042\",\"numberOfEmployees\":{\"@type\":\"QuantitativeValue\",\"minValue\":\"11\",\"maxValue\":\"50\"},\"publishingPrinciples\":\"https:\/\/talkpal.ai\/publishing-principles\/\",\"actionableFeedbackPolicy\":\"https:\/\/talkpal.ai\/actionable-feedback-policy\/\",\"correctionsPolicy\":\"https:\/\/talkpal.ai\/corrections-policy\/\",\"ethicsPolicy\":\"https:\/\/talkpal.ai\/ethics-policy\/\",\"diversityPolicy\":\"https:\/\/talkpal.ai\/diversity-policy\/\",\"diversityStaffingReport\":\"https:\/\/talkpal.ai\/diversity-policy\/\"}]}<\/script>\n<!-- \/ Yoast SEO Premium plugin. -->","yoast_head_json":{"title":"Grammatika Vjetnami\u017ca - Talkpal","description":"Esplora l-aspetti affaxxinanti tal-grammatika Vjetnami\u017ca u skopri l-fer\u0127 tat-tag\u0127lim ta 'din il-lingwa unika.","robots":{"index":"index","follow":"follow","max-snippet":"max-snippet:-1","max-image-preview":"max-image-preview:large","max-video-preview":"max-video-preview:-1"},"canonical":"https:\/\/talkpal.ai\/mt\/grammatika-vjetnamiza\/","og_locale":"mt_MT","og_type":"article","og_title":"Grammatika Vjetnami\u017ca","og_description":"L-Intricacies tal-Grammatika Vjetnami\u017ca: Esplorazzjoni Impenjattiva Il-lingwa Vjetnami\u017ca, bl-g\u0127eruq stori\u010bi profondi tag\u0127ha u l-isfond kulturali uniku,","og_url":"https:\/\/talkpal.ai\/mt\/grammatika-vjetnamiza\/","og_site_name":"Talkpal","article_publisher":"https:\/\/www.facebook.com\/profile.php?id=100090733639311","article_modified_time":"2025-12-12T10:55:29+00:00","og_image":[{"width":512,"height":512,"url":"https:\/\/talkpal.ai\/wp-content\/uploads\/2023\/05\/vietnam.png","type":"image\/png"}],"twitter_card":"summary_large_image","twitter_site":"@talkpalai","twitter_misc":{"Est. reading time":"3 minutes"},"schema":{"@context":"https:\/\/schema.org","@graph":[{"@type":"WebPage","@id":"https:\/\/talkpal.ai\/mt\/grammatika-vjetnamiza\/","url":"https:\/\/talkpal.ai\/mt\/grammatika-vjetnamiza\/","name":"Grammatika Vjetnami\u017ca - Talkpal","isPartOf":{"@id":"https:\/\/talkpal.ai\/mt\/#website"},"primaryImageOfPage":{"@id":"https:\/\/talkpal.ai\/mt\/grammatika-vjetnamiza\/#primaryimage"},"image":{"@id":"https:\/\/talkpal.ai\/mt\/grammatika-vjetnamiza\/#primaryimage"},"thumbnailUrl":"https:\/\/talkpal.ai\/wp-content\/uploads\/2023\/05\/vietnam.png","datePublished":"2023-05-14T14:23:00+00:00","dateModified":"2025-12-12T10:55:29+00:00","description":"Esplora l-aspetti affaxxinanti tal-grammatika Vjetnami\u017ca u skopri l-fer\u0127 tat-tag\u0127lim ta 'din il-lingwa unika.","breadcrumb":{"@id":"https:\/\/talkpal.ai\/mt\/grammatika-vjetnamiza\/#breadcrumb"},"inLanguage":"mt-MT","potentialAction":[{"@type":"ReadAction","target":["https:\/\/talkpal.ai\/mt\/grammatika-vjetnamiza\/"]}]},{"@type":"ImageObject","inLanguage":"mt-MT","@id":"https:\/\/talkpal.ai\/mt\/grammatika-vjetnamiza\/#primaryimage","url":"https:\/\/talkpal.ai\/wp-content\/uploads\/2023\/05\/vietnam.png","contentUrl":"https:\/\/talkpal.ai\/wp-content\/uploads\/2023\/05\/vietnam.png","width":512,"height":512,"caption":"TalkPal Vietnam Flag"},{"@type":"BreadcrumbList","@id":"https:\/\/talkpal.ai\/mt\/grammatika-vjetnamiza\/#breadcrumb","itemListElement":[{"@type":"ListItem","position":1,"name":"Homepage","item":"https:\/\/talkpal.ai\/mt\/"},{"@type":"ListItem","position":2,"name":"Grammatika Vjetnami\u017ca"}]},{"@type":"WebSite","@id":"https:\/\/talkpal.ai\/mt\/#website","url":"https:\/\/talkpal.ai\/mt\/","name":"Talkpal","description":"AI Language Learning","publisher":{"@id":"https:\/\/talkpal.ai\/mt\/#organization"},"alternateName":"Talkpal AI","potentialAction":[{"@type":"SearchAction","target":{"@type":"EntryPoint","urlTemplate":"https:\/\/talkpal.ai\/mt\/?s={search_term_string}"},"query-input":{"@type":"PropertyValueSpecification","valueRequired":true,"valueName":"search_term_string"}}],"inLanguage":"mt-MT"},{"@type":"Organization","@id":"https:\/\/talkpal.ai\/mt\/#organization","name":"Talkpal, Inc.","alternateName":"Talkpal AI","url":"https:\/\/talkpal.ai\/mt\/","logo":{"@type":"ImageObject","inLanguage":"mt-MT","@id":"https:\/\/talkpal.ai\/mt\/#\/schema\/logo\/image\/","url":"https:\/\/talkpal.ai\/wp-content\/uploads\/2024\/03\/Talkpal-Logo-Icon.png","contentUrl":"https:\/\/talkpal.ai\/wp-content\/uploads\/2024\/03\/Talkpal-Logo-Icon.png","width":2880,"height":2880,"caption":"Talkpal, Inc."},"image":{"@id":"https:\/\/talkpal.ai\/mt\/#\/schema\/logo\/image\/"},"sameAs":["https:\/\/www.facebook.com\/profile.php?id=100090733639311","https:\/\/x.com\/talkpalai","https:\/\/www.linkedin.com\/company\/talkpal\/","https:\/\/www.youtube.com\/@TalkPal\/","https:\/\/www.tiktok.com\/@talkpal","https:\/\/www.instagram.com\/talkpal_ai\/","https:\/\/www.crunchbase.com\/organization\/talkpal-9cde","https:\/\/www.g2.com\/products\/talkpal-for-business\/","https:\/\/www.trustpilot.com\/review\/talkpal.ai","https:\/\/www.capterra.com\/p\/10006800\/TalkPal\/"],"description":"Talkpal is a language learning web and mobile education app, powered by the latest AI technologies, that provides engaging experiences to its customers in many different languages to help them improve their language skills. Users can chat about unlimited amount of topics with the app and use other modes to practice their language learning.","email":"support@talkpal.ai","legalName":"Talkpal, Inc.","foundingDate":"2023-04-03","duns":"118989042","numberOfEmployees":{"@type":"QuantitativeValue","minValue":"11","maxValue":"50"},"publishingPrinciples":"https:\/\/talkpal.ai\/publishing-principles\/","actionableFeedbackPolicy":"https:\/\/talkpal.ai\/actionable-feedback-policy\/","correctionsPolicy":"https:\/\/talkpal.ai\/corrections-policy\/","ethicsPolicy":"https:\/\/talkpal.ai\/ethics-policy\/","diversityPolicy":"https:\/\/talkpal.ai\/diversity-policy\/","diversityStaffingReport":"https:\/\/talkpal.ai\/diversity-policy\/"}]}},"_links":{"self":[{"href":"https:\/\/talkpal.ai\/mt\/wp-json\/wp\/v2\/pages\/1446466","targetHints":{"allow":["GET"]}}],"collection":[{"href":"https:\/\/talkpal.ai\/mt\/wp-json\/wp\/v2\/pages"}],"about":[{"href":"https:\/\/talkpal.ai\/mt\/wp-json\/wp\/v2\/types\/page"}],"author":[{"embeddable":true,"href":"https:\/\/talkpal.ai\/mt\/wp-json\/wp\/v2\/users\/1"}],"replies":[{"embeddable":true,"href":"https:\/\/talkpal.ai\/mt\/wp-json\/wp\/v2\/comments?post=1446466"}],"version-history":[{"count":0,"href":"https:\/\/talkpal.ai\/mt\/wp-json\/wp\/v2\/pages\/1446466\/revisions"}],"wp:featuredmedia":[{"embeddable":true,"href":"https:\/\/talkpal.ai\/mt\/wp-json\/wp\/v2\/media\/1443410"}],"wp:attachment":[{"href":"https:\/\/talkpal.ai\/mt\/wp-json\/wp\/v2\/media?parent=1446466"}],"curies":[{"name":"wp","href":"https:\/\/api.w.org\/{rel}","templated":true}]}}