{"id":1446462,"date":"2023-05-14T14:23:21","date_gmt":"2023-05-14T14:23:21","guid":{"rendered":"https:\/\/talkpal.ai\/grammatika-tat-tagalog\/"},"modified":"2025-12-17T15:38:59","modified_gmt":"2025-12-17T15:38:59","slug":"grammatika-tat-tagalog","status":"publish","type":"page","link":"https:\/\/talkpal.ai\/mt\/grammatika-tat-tagalog\/","title":{"rendered":"Grammatika tat-Tagalog"},"content":{"rendered":"\r\n\r\n\r\n<section class=\"languageChallengeSection\">\r\n    <div class=\"languageInfoWrapper\">\r\n        \r\n        <h1>Grammatika tat-Tagalog<\/h1>\r\n        <p>E\u010b\u010bitat li titg\u0127allem it-Tagalog? Esplora l-grammatika <a href=\"https:\/\/talkpal.ai\/learn-tagalog\/\">Tagalog<\/a>, fejn sistemi uni\u010bi ta &#039;fokus tal-verb, ordni ta&#039; sentenzi flessibbli, u parti\u010belli utli jo\u0127olqu lingwa li hija espressiva daqs kemm hija interessanti. Ibda l-vja\u0121\u0121 tieg\u0127ek issa &#8211; il-\u0127akma tal-grammatika Tagalog tag\u0127tik is-setg\u0127a li tikkomunika b&#039;kunfidenza u tg\u0127addas lilek innifsek fil-kultura vibranti tal-Filippini!<\/p>\r\n\r\n                            <a class=\"getStartedHidden\" href=\"https:\/\/app.talkpal.ai\/signup?lng=\">Ibda<\/a>\r\n        \r\n    <\/div>\r\n\r\n    <figure>\r\n    <img decoding=\"async\" width=\"768\" height=\"768\" src=\"https:\/\/talkpal.ai\/wp-content\/uploads\/2023\/06\/tagalog-768x768.png\" class=\"languageImage no-lazy\" alt=\"Overcoming challenges in language learning\" fetchpriority=\"high\" sizes=\"(max-width: 768px) 150px, 768px\" srcset=\"https:\/\/talkpal.ai\/wp-content\/uploads\/2023\/06\/tagalog-768x768.png 768w, https:\/\/talkpal.ai\/wp-content\/uploads\/2023\/06\/tagalog-300x300.png 300w\" \/>\r\n    \r\n\r\n    <\/figure>\r\n\r\n            <a class=\"getStartedVisible\" href=\"https:\/\/app.talkpal.ai\/signup?lng=\">Ibda<\/a>\r\n    \r\n<\/section>\r\n<section class=\"promotionalBanner\">\r\n    <p class=\"promotionalText\">L-aktar mod effi\u010bjenti biex titg\u0127allem lingwa<\/p>\r\n    <a class=\"promotionalLink\" href=\"https:\/\/app.talkpal.ai\/signup?lng=\">Ipprova Talkpal b&#8217;xejn<\/a>\r\n<\/section>\n<div class=\"wp-block-group pageContainerStyle\"><div class=\"wp-block-group__inner-container is-layout-constrained wp-block-group-is-layout-constrained\">\n<h1 class=\"wp-block-heading\" id=\"h-tagalog-grammar-get-to-know-the-heart-of-filipino-language\">Grammatika Tagalog: Sir af il-qalba tal-lingwa Filippina<\/h1>\n\n\n\n<p>It-Tagalog, il-ba\u017ci g\u0127al-lingwa nazzjonali tal-Filippini, il-Filippini, huwa mitkellem minn miljuni ta &#8216;nies madwar id-dinja. Biex titg\u0127allem it-Tagalog, l-ewwel trid tifhem il-grammatika kkumplikata u affaxxinanti tag\u0127ha. F&#8217;dan l-artikolu, a\u0127na se nid\u0127lu fl-aspetti essenzjali tal-grammatika Tagalog, li ng\u0127inuk tapprezza din il-lingwa sabi\u0127a b&#8217;mod konversattiv u amikevoli.<\/p>\n\n\n\n<h3 class=\"wp-block-heading\" id=\"h-1-nouns-genderless-countable-and-uncountable\">1. Nouns &#8211; Genderless, Countable, and Uncountable<\/h3>\n\n\n\n<p>Fit-Tagalog, in-nomi (pangngalan) mhumiex kategorizzati skont is-sess, u dan jag\u0127milha aktar fa\u010bli biex ji\u0121u mmani\u0121\u0121jati minn xi lingwi o\u0127ra. Nomi komuni jirreferu g\u0127al nies, annimali, postijiet, affarijiet, jew ideat, b&#8217;nomi proprji li jindikaw ismijiet spe\u010bifi\u010bi. Int ser tiltaqa &#8216;kemm ma&#8217; nomi mag\u0127duda (tahanan, li tfisser &#8220;dar&#8221;) kif ukoll nomi innumerabbli (tubig, li jfisser &#8220;ilma&#8221;). Nomi jistg\u0127u wkoll jinbidlu f&#8217;forom plurali billi ji\u017cdiedu markaturi spe\u010bifi\u010bi b\u0127al &#8220;mga.&#8221;<\/p>\n\n\n\n<h3 class=\"wp-block-heading\" id=\"h-2-adjectives-describing-with-flair\">2. Adjectives &#8211; Describing with Flair<\/h3>\n\n\n\n<p>L-a\u0121\u0121ettivi (pang-uri) jipprovdu aktar informazzjoni dwar in-nomi, b&#8217;diversi modi kif tu\u017ca l-a\u0121\u0121ettivi fit-Tagalog. It-tqabbil tan-nomi jinkiseb permezz ta&#8217; a\u0121\u0121ettivi billi jintu\u017caw il-markaturi &#8220;mas&#8221; u &#8220;pinaka&#8221; biex jin\u0127olqu gradi komparattivi u superlattivi. Pere\u017cempju, &#8220;maganda&#8221; tfisser &#8220;sabi\u0127a,&#8221; filwaqt li &#8220;mas maganda&#8221; tfisser &#8220;isba\u0127&#8221; u &#8220;pinakamaganda&#8221; tfisser &#8220;l-isba\u0127.&#8221;<\/p>\n\n\n\n<h3 class=\"wp-block-heading\" id=\"h-3-pronouns-keeping-it-personal\">3. Pronomi &#8211; In\u017commu personali<\/h3>\n\n\n\n<p>Il-grammatika Tagalog tikkonsisti minn <a href=\"https:\/\/talkpal.ai\/ar\/grammar_exercises\/pronomi-personali-%d8%aa%d9%85%d8%a7%d8%b1%d9%8a%d9%86-%d9%84%d9%84%d9%82%d9%88%d8%a7%d8%b9%d8%af-%d8%a7%d9%84%d8%a5%d9%8a%d8%b7%d8%a7%d9%84%d9%8a%d8%a9\/\">pronomi personali<\/a>, possessivi, dimostrattivi, interrogattivi u relattivi. Il-pronomi personali ji\u0121u fi tliet ka\u017cijiet: nominativ (li jindika s-su\u0121\u0121ett), \u0121enittiv (li jindika l-pussess), u akku\u017cat (li jindika l-o\u0121\u0121ett). Pronomi dimostrattivi, b\u0127al &#8220;ito&#8221; (dan) u &#8220;iyan&#8221; (dak), jintu\u017caw biex jindikaw affarijiet spe\u010bifi\u010bi, filwaqt li pronomi interrogattivi huma utilizzati biex jistaqsu mistoqsijiet.<\/p>\n\n\n\n<h3 class=\"wp-block-heading\" id=\"h-4-verbs-conjugation-and-focus\">4. Verbi &#8211; Konjugazzjoni u Fokus<\/h3>\n\n\n\n<p>Il-verbi Tagalog (pandiwa) g\u0127andhom rwol vitali fil-kostruzzjoni tas-sentenzi, u l-konjugazzjoni tag\u0127hom hija distinta. Minflok bidliet fit-temp, il-konjugazzjonijiet tal-verbi fit-Tagalog jinvolvu bidliet fl-aspett. Hemm tliet aspetti tal-verb: komplut (perfettiv), mhux komplut (imperfettiv), u kontemplat (futur).  <\/p>\n\n\n\n<p><a href=\"https:\/\/talkpal.ai\/locations\/language-courses-in-barra\/\">Barra<\/a> minn hekk, it-Tagalog g\u0127andu sistema ta &#8216;fokus unika relatata mal-verbi. F&#8217;din is-sistema, il-forma tal-verb tinbidel skont liema parti tas-sentenza hija ffokata, b\u0127all-o\u0121\u0121ett, is-su\u0121\u0121ett, jew id-direzzjoni tal-azzjoni. Markaturi ewlenin b\u0127al &#8220;um-&#8220;, &#8220;mag-&#8220;, u &#8220;-in&#8221; jg\u0127inu biex iwasslu diversi sfumaturi fis-sentenzi.<\/p>\n\n\n\n<h3 class=\"wp-block-heading\" id=\"h-5-embracing-the-journey\">5. T\u0127addan il-Vja\u0121\u0121<\/h3>\n\n\n\n<p>It-tag\u0127lim tal-grammatika Tagalog je\u0127tie\u0121 \u0127in, sforz, u mess ta &#8216;pa\u010benzja. Madankollu, l-uni\u010bit\u00e0 tag\u0127ha, ladarba tkun ikkontrollata, tipprovdi g\u0127arfien bla paragun dwar il-kultura u l-wirt Filippin. \u017bomm mo\u0127\u0127 miftu\u0127, ipprattika b&#8217;mod konsistenti, u tib\u017cax tag\u0127mel \u017cbalji waqt li titkellem.<\/p>\n\n\n\n<p>Hekk kif tg\u0127addas aktar fil-fond fl-isfumaturi tal-grammatika Tagalog, \u0127u \u0127in biex tgawdi l-vibrancy u r-rikkezza li toffri. Tgawdi l-fehim tieg\u0127ek tal-kumplessitajiet li jag\u0127mlu din il-lingwa tassew e\u010b\u010bezzjonali. Maligayang pag-aaral &#8211; tag\u0127lim kuntent!<\/p>\n<\/div><\/div>\n\r\n<section class=\"learnNavigationSection\">\r\n            \r\n        <a href=\"https:\/\/talkpal.ai\/mt\/tghallem-tagalog\/\">\r\n            <div class=\"learnNavigationWrapper\">\r\n                <div class=\"learnNavigationContent\">\r\n                    <img decoding=\"async\" src=\"https:\/\/talkpal.ai\/wp-content\/uploads\/2024\/08\/Tagalog.jpg\" alt=\"Philippines Flag\">\r\n                    <div>\r\n                        <h4>Dwar it-Tag\u0127lim tat-Tagalog<\/h4>\r\n                        <p>Sir af kollox dwar il-grammatika Tagalog.<\/p>\r\n                    <\/div>\r\n                <\/div>\r\n            <\/div>\r\n        <\/a>\r\n\r\n        \r\n        <a href=\"https:\/\/talkpal.ai\/mt\/ezercizzji-tal-grammatika-tagalog\/\">\r\n            <div class=\"learnNavigationWrapper\">\r\n                <div class=\"learnNavigationContent\">\r\n                    <img decoding=\"async\" src=\"https:\/\/talkpal.ai\/wp-content\/uploads\/2024\/08\/Tagalog.jpg\" alt=\"Philippines Flag\">\r\n                    <div>\r\n                        <h4>E\u017cer\u010bizzju tal-Grammatika Tagalog<\/h4>\r\n                        <p>Prattika l-grammatika Tagalog.<\/p>\r\n                    <\/div>\r\n                <\/div>\r\n            <\/div>\r\n        <\/a>\r\n\r\n        \r\n        <a href=\"https:\/\/talkpal.ai\/vocabulary_language\/tagalog\/\">\r\n            <div class=\"learnNavigationWrapper\">\r\n                <div class=\"learnNavigationContent\">\r\n                    <img decoding=\"async\" src=\"https:\/\/talkpal.ai\/wp-content\/uploads\/2024\/08\/Tagalog.jpg\" alt=\"Philippines Flag\">\r\n                    <div>\r\n                        <h4>Vokabularju tat-Tagalog<\/h4>\r\n                        <p>Espandi l-vokabularju Tagalog tieg\u0127ek.<\/p>\r\n                    <\/div>\r\n                <\/div>\r\n            <\/div>\r\n        <\/a>\r\n\r\n            <\/section>","protected":false},"excerpt":{"rendered":"<p>Grammatika Tagalog: Sir af il-qalba tal-lingwa Filippina It-Tagalog, il-ba\u017ci g\u0127al-lingwa nazzjonali tal-Filippini, il-Filippini, huwa mitkellem minn miljuni ta &#8216;nies madwar id-dinja. Biex titg\u0127allem it-Tagalog, l-ewwel trid tifhem il-grammatika kkumplikata u affaxxinanti tag\u0127ha. F&#8217;dan l-artikolu, a\u0127na se nid\u0127lu fl-aspetti essenzjali tal-grammatika Tagalog, li ng\u0127inuk tapprezza din il-lingwa sabi\u0127a b&#8217;mod konversattiv u amikevoli. 1. Nouns &#8211; Genderless, [&hellip;]<\/p>\n","protected":false},"author":1,"featured_media":1444577,"parent":0,"menu_order":0,"comment_status":"closed","ping_status":"closed","template":"LearningContentPage.php","meta":{"_acf_changed":false,"footnotes":""},"class_list":["post-1446462","page","type-page","status-publish","has-post-thumbnail","hentry"],"acf":[],"yoast_head":"<!-- This site is optimized with the Yoast SEO Premium plugin v27.2 (Yoast SEO v27.2) - https:\/\/yoast.com\/product\/yoast-seo-premium-wordpress\/ -->\n<title>Grammatika tat-Tagalog - Talkpal<\/title>\n<meta name=\"description\" content=\"Esplora l-affarijiet essenzjali tal-grammatika Tagalog u tg\u0127allem kif tapprezza din il-lingwa sabi\u0127a b&#039;mod sempli\u010bi u amikevoli.\" \/>\n<meta name=\"robots\" content=\"index, follow, max-snippet:-1, max-image-preview:large, max-video-preview:-1\" \/>\n<link rel=\"canonical\" href=\"https:\/\/talkpal.ai\/mt\/grammatika-tat-tagalog\/\" \/>\n<meta property=\"og:locale\" content=\"mt_MT\" \/>\n<meta property=\"og:type\" content=\"article\" \/>\n<meta property=\"og:title\" content=\"Grammatika tat-Tagalog\" \/>\n<meta property=\"og:description\" content=\"Grammatika Tagalog: Sir af il-qalba tal-lingwa Filippina It-Tagalog, il-ba\u017ci g\u0127al-lingwa nazzjonali tal-Filippini, il-Filippini, huwa mitkellem minn\" \/>\n<meta property=\"og:url\" content=\"https:\/\/talkpal.ai\/mt\/grammatika-tat-tagalog\/\" \/>\n<meta property=\"og:site_name\" content=\"Talkpal\" \/>\n<meta property=\"article:publisher\" content=\"https:\/\/www.facebook.com\/profile.php?id=100090733639311\" \/>\n<meta property=\"article:modified_time\" content=\"2025-12-17T15:38:59+00:00\" \/>\n<meta property=\"og:image\" content=\"https:\/\/talkpal.ai\/wp-content\/uploads\/2023\/05\/Tagalog-philippines.png\" \/>\n\t<meta property=\"og:image:width\" content=\"512\" \/>\n\t<meta property=\"og:image:height\" content=\"512\" \/>\n\t<meta property=\"og:image:type\" content=\"image\/png\" \/>\n<meta name=\"twitter:card\" content=\"summary_large_image\" \/>\n<meta name=\"twitter:site\" content=\"@talkpalai\" \/>\n<meta name=\"twitter:label1\" content=\"Est. reading time\" \/>\n\t<meta name=\"twitter:data1\" content=\"2 minutes\" \/>\n<script type=\"application\/ld+json\" class=\"yoast-schema-graph\">{\"@context\":\"https:\/\/schema.org\",\"@graph\":[{\"@type\":\"WebPage\",\"@id\":\"https:\/\/talkpal.ai\/mt\/grammatika-tat-tagalog\/\",\"url\":\"https:\/\/talkpal.ai\/mt\/grammatika-tat-tagalog\/\",\"name\":\"Grammatika tat-Tagalog - Talkpal\",\"isPartOf\":{\"@id\":\"https:\/\/talkpal.ai\/mt\/#website\"},\"primaryImageOfPage\":{\"@id\":\"https:\/\/talkpal.ai\/mt\/grammatika-tat-tagalog\/#primaryimage\"},\"image\":{\"@id\":\"https:\/\/talkpal.ai\/mt\/grammatika-tat-tagalog\/#primaryimage\"},\"thumbnailUrl\":\"https:\/\/talkpal.ai\/wp-content\/uploads\/2023\/05\/Tagalog-philippines.png\",\"datePublished\":\"2023-05-14T14:23:21+00:00\",\"dateModified\":\"2025-12-17T15:38:59+00:00\",\"description\":\"Esplora l-affarijiet essenzjali tal-grammatika Tagalog u tg\u0127allem kif tapprezza din il-lingwa sabi\u0127a b'mod sempli\u010bi u amikevoli.\",\"breadcrumb\":{\"@id\":\"https:\/\/talkpal.ai\/mt\/grammatika-tat-tagalog\/#breadcrumb\"},\"inLanguage\":\"mt-MT\",\"potentialAction\":[{\"@type\":\"ReadAction\",\"target\":[\"https:\/\/talkpal.ai\/mt\/grammatika-tat-tagalog\/\"]}]},{\"@type\":\"ImageObject\",\"inLanguage\":\"mt-MT\",\"@id\":\"https:\/\/talkpal.ai\/mt\/grammatika-tat-tagalog\/#primaryimage\",\"url\":\"https:\/\/talkpal.ai\/wp-content\/uploads\/2023\/05\/Tagalog-philippines.png\",\"contentUrl\":\"https:\/\/talkpal.ai\/wp-content\/uploads\/2023\/05\/Tagalog-philippines.png\",\"width\":512,\"height\":512,\"caption\":\"TalkPal Tagalog Flag\"},{\"@type\":\"BreadcrumbList\",\"@id\":\"https:\/\/talkpal.ai\/mt\/grammatika-tat-tagalog\/#breadcrumb\",\"itemListElement\":[{\"@type\":\"ListItem\",\"position\":1,\"name\":\"Homepage\",\"item\":\"https:\/\/talkpal.ai\/mt\/\"},{\"@type\":\"ListItem\",\"position\":2,\"name\":\"Grammatika tat-Tagalog\"}]},{\"@type\":\"WebSite\",\"@id\":\"https:\/\/talkpal.ai\/mt\/#website\",\"url\":\"https:\/\/talkpal.ai\/mt\/\",\"name\":\"Talkpal\",\"description\":\"AI Language Learning\",\"publisher\":{\"@id\":\"https:\/\/talkpal.ai\/mt\/#organization\"},\"alternateName\":\"Talkpal AI\",\"potentialAction\":[{\"@type\":\"SearchAction\",\"target\":{\"@type\":\"EntryPoint\",\"urlTemplate\":\"https:\/\/talkpal.ai\/mt\/?s={search_term_string}\"},\"query-input\":{\"@type\":\"PropertyValueSpecification\",\"valueRequired\":true,\"valueName\":\"search_term_string\"}}],\"inLanguage\":\"mt-MT\"},{\"@type\":\"Organization\",\"@id\":\"https:\/\/talkpal.ai\/mt\/#organization\",\"name\":\"Talkpal, Inc.\",\"alternateName\":\"Talkpal AI\",\"url\":\"https:\/\/talkpal.ai\/mt\/\",\"logo\":{\"@type\":\"ImageObject\",\"inLanguage\":\"mt-MT\",\"@id\":\"https:\/\/talkpal.ai\/mt\/#\/schema\/logo\/image\/\",\"url\":\"https:\/\/talkpal.ai\/wp-content\/uploads\/2024\/03\/Talkpal-Logo-Icon.png\",\"contentUrl\":\"https:\/\/talkpal.ai\/wp-content\/uploads\/2024\/03\/Talkpal-Logo-Icon.png\",\"width\":2880,\"height\":2880,\"caption\":\"Talkpal, Inc.\"},\"image\":{\"@id\":\"https:\/\/talkpal.ai\/mt\/#\/schema\/logo\/image\/\"},\"sameAs\":[\"https:\/\/www.facebook.com\/profile.php?id=100090733639311\",\"https:\/\/x.com\/talkpalai\",\"https:\/\/www.linkedin.com\/company\/talkpal\/\",\"https:\/\/www.youtube.com\/@TalkPal\/\",\"https:\/\/www.tiktok.com\/@talkpal\",\"https:\/\/www.instagram.com\/talkpal_ai\/\",\"https:\/\/www.crunchbase.com\/organization\/talkpal-9cde\",\"https:\/\/www.g2.com\/products\/talkpal-for-business\/\",\"https:\/\/www.trustpilot.com\/review\/talkpal.ai\",\"https:\/\/www.capterra.com\/p\/10006800\/TalkPal\/\"],\"description\":\"Talkpal is a language learning web and mobile education app, powered by the latest AI technologies, that provides engaging experiences to its customers in many different languages to help them improve their language skills. Users can chat about unlimited amount of topics with the app and use other modes to practice their language learning.\",\"email\":\"support@talkpal.ai\",\"legalName\":\"Talkpal, Inc.\",\"foundingDate\":\"2023-04-03\",\"duns\":\"118989042\",\"numberOfEmployees\":{\"@type\":\"QuantitativeValue\",\"minValue\":\"11\",\"maxValue\":\"50\"},\"publishingPrinciples\":\"https:\/\/talkpal.ai\/publishing-principles\/\",\"actionableFeedbackPolicy\":\"https:\/\/talkpal.ai\/actionable-feedback-policy\/\",\"correctionsPolicy\":\"https:\/\/talkpal.ai\/corrections-policy\/\",\"ethicsPolicy\":\"https:\/\/talkpal.ai\/ethics-policy\/\",\"diversityPolicy\":\"https:\/\/talkpal.ai\/diversity-policy\/\",\"diversityStaffingReport\":\"https:\/\/talkpal.ai\/diversity-policy\/\"}]}<\/script>\n<!-- \/ Yoast SEO Premium plugin. -->","yoast_head_json":{"title":"Grammatika tat-Tagalog - Talkpal","description":"Esplora l-affarijiet essenzjali tal-grammatika Tagalog u tg\u0127allem kif tapprezza din il-lingwa sabi\u0127a b'mod sempli\u010bi u amikevoli.","robots":{"index":"index","follow":"follow","max-snippet":"max-snippet:-1","max-image-preview":"max-image-preview:large","max-video-preview":"max-video-preview:-1"},"canonical":"https:\/\/talkpal.ai\/mt\/grammatika-tat-tagalog\/","og_locale":"mt_MT","og_type":"article","og_title":"Grammatika tat-Tagalog","og_description":"Grammatika Tagalog: Sir af il-qalba tal-lingwa Filippina It-Tagalog, il-ba\u017ci g\u0127al-lingwa nazzjonali tal-Filippini, il-Filippini, huwa mitkellem minn","og_url":"https:\/\/talkpal.ai\/mt\/grammatika-tat-tagalog\/","og_site_name":"Talkpal","article_publisher":"https:\/\/www.facebook.com\/profile.php?id=100090733639311","article_modified_time":"2025-12-17T15:38:59+00:00","og_image":[{"width":512,"height":512,"url":"https:\/\/talkpal.ai\/wp-content\/uploads\/2023\/05\/Tagalog-philippines.png","type":"image\/png"}],"twitter_card":"summary_large_image","twitter_site":"@talkpalai","twitter_misc":{"Est. reading time":"2 minutes"},"schema":{"@context":"https:\/\/schema.org","@graph":[{"@type":"WebPage","@id":"https:\/\/talkpal.ai\/mt\/grammatika-tat-tagalog\/","url":"https:\/\/talkpal.ai\/mt\/grammatika-tat-tagalog\/","name":"Grammatika tat-Tagalog - Talkpal","isPartOf":{"@id":"https:\/\/talkpal.ai\/mt\/#website"},"primaryImageOfPage":{"@id":"https:\/\/talkpal.ai\/mt\/grammatika-tat-tagalog\/#primaryimage"},"image":{"@id":"https:\/\/talkpal.ai\/mt\/grammatika-tat-tagalog\/#primaryimage"},"thumbnailUrl":"https:\/\/talkpal.ai\/wp-content\/uploads\/2023\/05\/Tagalog-philippines.png","datePublished":"2023-05-14T14:23:21+00:00","dateModified":"2025-12-17T15:38:59+00:00","description":"Esplora l-affarijiet essenzjali tal-grammatika Tagalog u tg\u0127allem kif tapprezza din il-lingwa sabi\u0127a b'mod sempli\u010bi u amikevoli.","breadcrumb":{"@id":"https:\/\/talkpal.ai\/mt\/grammatika-tat-tagalog\/#breadcrumb"},"inLanguage":"mt-MT","potentialAction":[{"@type":"ReadAction","target":["https:\/\/talkpal.ai\/mt\/grammatika-tat-tagalog\/"]}]},{"@type":"ImageObject","inLanguage":"mt-MT","@id":"https:\/\/talkpal.ai\/mt\/grammatika-tat-tagalog\/#primaryimage","url":"https:\/\/talkpal.ai\/wp-content\/uploads\/2023\/05\/Tagalog-philippines.png","contentUrl":"https:\/\/talkpal.ai\/wp-content\/uploads\/2023\/05\/Tagalog-philippines.png","width":512,"height":512,"caption":"TalkPal Tagalog Flag"},{"@type":"BreadcrumbList","@id":"https:\/\/talkpal.ai\/mt\/grammatika-tat-tagalog\/#breadcrumb","itemListElement":[{"@type":"ListItem","position":1,"name":"Homepage","item":"https:\/\/talkpal.ai\/mt\/"},{"@type":"ListItem","position":2,"name":"Grammatika tat-Tagalog"}]},{"@type":"WebSite","@id":"https:\/\/talkpal.ai\/mt\/#website","url":"https:\/\/talkpal.ai\/mt\/","name":"Talkpal","description":"AI Language Learning","publisher":{"@id":"https:\/\/talkpal.ai\/mt\/#organization"},"alternateName":"Talkpal AI","potentialAction":[{"@type":"SearchAction","target":{"@type":"EntryPoint","urlTemplate":"https:\/\/talkpal.ai\/mt\/?s={search_term_string}"},"query-input":{"@type":"PropertyValueSpecification","valueRequired":true,"valueName":"search_term_string"}}],"inLanguage":"mt-MT"},{"@type":"Organization","@id":"https:\/\/talkpal.ai\/mt\/#organization","name":"Talkpal, Inc.","alternateName":"Talkpal AI","url":"https:\/\/talkpal.ai\/mt\/","logo":{"@type":"ImageObject","inLanguage":"mt-MT","@id":"https:\/\/talkpal.ai\/mt\/#\/schema\/logo\/image\/","url":"https:\/\/talkpal.ai\/wp-content\/uploads\/2024\/03\/Talkpal-Logo-Icon.png","contentUrl":"https:\/\/talkpal.ai\/wp-content\/uploads\/2024\/03\/Talkpal-Logo-Icon.png","width":2880,"height":2880,"caption":"Talkpal, Inc."},"image":{"@id":"https:\/\/talkpal.ai\/mt\/#\/schema\/logo\/image\/"},"sameAs":["https:\/\/www.facebook.com\/profile.php?id=100090733639311","https:\/\/x.com\/talkpalai","https:\/\/www.linkedin.com\/company\/talkpal\/","https:\/\/www.youtube.com\/@TalkPal\/","https:\/\/www.tiktok.com\/@talkpal","https:\/\/www.instagram.com\/talkpal_ai\/","https:\/\/www.crunchbase.com\/organization\/talkpal-9cde","https:\/\/www.g2.com\/products\/talkpal-for-business\/","https:\/\/www.trustpilot.com\/review\/talkpal.ai","https:\/\/www.capterra.com\/p\/10006800\/TalkPal\/"],"description":"Talkpal is a language learning web and mobile education app, powered by the latest AI technologies, that provides engaging experiences to its customers in many different languages to help them improve their language skills. Users can chat about unlimited amount of topics with the app and use other modes to practice their language learning.","email":"support@talkpal.ai","legalName":"Talkpal, Inc.","foundingDate":"2023-04-03","duns":"118989042","numberOfEmployees":{"@type":"QuantitativeValue","minValue":"11","maxValue":"50"},"publishingPrinciples":"https:\/\/talkpal.ai\/publishing-principles\/","actionableFeedbackPolicy":"https:\/\/talkpal.ai\/actionable-feedback-policy\/","correctionsPolicy":"https:\/\/talkpal.ai\/corrections-policy\/","ethicsPolicy":"https:\/\/talkpal.ai\/ethics-policy\/","diversityPolicy":"https:\/\/talkpal.ai\/diversity-policy\/","diversityStaffingReport":"https:\/\/talkpal.ai\/diversity-policy\/"}]}},"_links":{"self":[{"href":"https:\/\/talkpal.ai\/mt\/wp-json\/wp\/v2\/pages\/1446462","targetHints":{"allow":["GET"]}}],"collection":[{"href":"https:\/\/talkpal.ai\/mt\/wp-json\/wp\/v2\/pages"}],"about":[{"href":"https:\/\/talkpal.ai\/mt\/wp-json\/wp\/v2\/types\/page"}],"author":[{"embeddable":true,"href":"https:\/\/talkpal.ai\/mt\/wp-json\/wp\/v2\/users\/1"}],"replies":[{"embeddable":true,"href":"https:\/\/talkpal.ai\/mt\/wp-json\/wp\/v2\/comments?post=1446462"}],"version-history":[{"count":0,"href":"https:\/\/talkpal.ai\/mt\/wp-json\/wp\/v2\/pages\/1446462\/revisions"}],"wp:featuredmedia":[{"embeddable":true,"href":"https:\/\/talkpal.ai\/mt\/wp-json\/wp\/v2\/media\/1444577"}],"wp:attachment":[{"href":"https:\/\/talkpal.ai\/mt\/wp-json\/wp\/v2\/media?parent=1446462"}],"curies":[{"name":"wp","href":"https:\/\/api.w.org\/{rel}","templated":true}]}}