{"id":1446458,"date":"2023-05-14T14:24:42","date_gmt":"2023-05-14T14:24:42","guid":{"rendered":"https:\/\/talkpal.ai\/grammatika-tajlandiza\/"},"modified":"2025-12-13T15:47:35","modified_gmt":"2025-12-13T15:47:35","slug":"grammatika-tajlandiza","status":"publish","type":"page","link":"https:\/\/talkpal.ai\/mt\/grammatika-tajlandiza\/","title":{"rendered":"Grammatika Tajlandi\u017ca"},"content":{"rendered":"\r\n\r\n\r\n<section class=\"languageChallengeSection\">\r\n    <div class=\"languageInfoWrapper\">\r\n        \r\n        <h1>Grammatika Tajlandi\u017ca<\/h1>\r\n        <p>Tg\u0127allem il-<a href=\"https:\/\/talkpal.ai\/thai-grammar\/\">grammatika Tajlandi\u017ca<\/a> u esperjenza s-sbu\u0127ija ta &#039;lingwa li hija kemm lo\u0121ika kif ukoll espressiva. Ibda l-vja\u0121\u0121 tieg\u0127ek u ifta\u0127 il-bieb g\u0127al mod affaxxinanti ta &#039;\u0127sieb u ta\u0127dit!<\/p>\r\n\r\n                            <a class=\"getStartedHidden\" href=\"https:\/\/app.talkpal.ai\/signup?lng=\">Ibda<\/a>\r\n        \r\n    <\/div>\r\n\r\n    <figure>\r\n    <img decoding=\"async\" width=\"768\" height=\"768\" src=\"https:\/\/talkpal.ai\/wp-content\/uploads\/2023\/06\/thai-768x768.png\" class=\"languageImage no-lazy\" alt=\"Language learning for improved thought process\" fetchpriority=\"high\" sizes=\"(max-width: 768px) 150px, 768px\" srcset=\"https:\/\/talkpal.ai\/wp-content\/uploads\/2023\/06\/thai-768x768.png 768w, https:\/\/talkpal.ai\/wp-content\/uploads\/2023\/06\/thai-300x300.png 300w\" \/>\r\n    \r\n\r\n    <\/figure>\r\n\r\n            <a class=\"getStartedVisible\" href=\"https:\/\/app.talkpal.ai\/signup?lng=\">Ibda<\/a>\r\n    \r\n<\/section>\r\n<section class=\"promotionalBanner\">\r\n    <p class=\"promotionalText\">L-aktar mod effi\u010bjenti biex titg\u0127allem lingwa<\/p>\r\n    <a class=\"promotionalLink\" href=\"https:\/\/app.talkpal.ai\/signup?lng=\">Ipprova Talkpal b&#8217;xejn<\/a>\r\n<\/section>\n<div class=\"wp-block-group pageContainerStyle\"><div class=\"wp-block-group__inner-container is-layout-constrained wp-block-group-is-layout-constrained\">\n<h2 class=\"wp-block-heading\" id=\"h-thai-grammar-exploring-a-unique-linguistic-world\">Grammatika Tajlandi\u017ca: Esplorazzjoni ta &#8216;Dinja Lingwistika Unika<\/h2>\n\n\n\n<p><a href=\"https:\/\/talkpal.ai\/greek-grammar\/\">Grammatika<\/a> Tajlandi\u017ca &#8211; apparentement enigmatika, e\u017cotika, u captivating. Hekk kif tibda l-vja\u0121\u0121 tieg\u0127ek biex titg\u0127allem il-lingwa Tajlandi\u017ca, tista &#8216;ssib ru\u0127ek bla mistenni enthralled mill-grammatika tag\u0127ha. Tib\u017cax, s\u0127abi esploraturi lingwisti\u010bi! A\u0127na qeg\u0127din hawn biex noffru gwida u appo\u0121\u0121 fuq din l-avventura affaxxinanti!<\/p>\n\n\n\n<p>F&#8217;dan l-artikolu, a\u0127na nid\u0127lu fl-aspetti ewlenin tal-grammatika Tajlandi\u017ca, billi nkissru kun\u010betti ewlenin, nispjegaw ir-regoli, u sa\u0127ansitra nissimplifikaw il-kumplessitajiet. Ing\u0127aqad mag\u0127na hekk kif nerfg\u0127u l-velu fuq il-grammatika Tajlandi\u017ca u nqabbdu l-passjoni tieg\u0127ek g\u0127al din il-lingwa meravilju\u017cament unika!<\/p>\n\n\n\n<h3 class=\"wp-block-heading\" id=\"h-1-nouns-no-plurals-no-genders-no-worries\">1. Nomi: L-ebda plural, l-ebda \u0121eneru, l-ebda inkwiet!<\/h3>\n\n\n\n<p>Is-sbu\u0127ija tal-grammatika Tajlandi\u017ca tinsab fis-sempli\u010bit\u00e0 tag\u0127ha dwar in-nomi. In-nomi Tajlandi\u017ci m&#8217;g\u0127andhomx forom ta&#8217; \u0121eneru jew plural, li jag\u0127mluhom fa\u010bli biex jintu\u017caw u jinftiehmu. Biex tindika l-pluralit\u00e0, sempli\u010bement \u017cid kelma ta&#8217; kwantit\u00e0 b\u0127al &#8220;\u0127afna&#8221; (\u0e21\u0e32\u0e01, m\u00e2ak) jew &#8220;xi w\u0127ud&#8221; (\u0e1a\u0e49\u0e32\u0e07, b\u00e2ang) jew irrepeti n-nom biex tenfasizza t-tifsira plural.<\/p>\n\n\n\n<h3 class=\"wp-block-heading\" id=\"h-2-pronouns-choose-wisely-based-on-politeness\">2. Pronomi: Ag\u0127\u017cel bil-g\u0127aqal ibba\u017cat fuq l-edukazzjoni<\/h3>\n\n\n\n<p>L-g\u0127a\u017cla tal-pronom xieraq hija essenzjali fil-grammatika Tajlandi\u017ca biex turi rispett u umilt\u00e0. Il-pronomi Tajlandi\u017ci jvarjaw skont is-sess, l-et\u00e0 u r-relazzjoni tal-kelliem u s-semmieg\u0127. Pere\u017cempju, &#8220;\u0e09\u0e31\u0e19&#8221; (ch\u0103n) huwa pronom informali komuni tal-ewwel persuna, filwaqt li &#8220;\u0e1c\u0e21&#8221; (p\u014fm) huwa spiss u\u017cat mill-ir\u0121iel f&#8217;sitwazzjonijiet aktar formali.<\/p>\n\n\n\n<p>Biex ti\u017cbalja fuq in-na\u0127a tal-edukazzjoni, u\u017ca &#8220;\u0e04\u0e38\u0e13&#8221; (kun) g\u0127al &#8220;int&#8221; u &#8220;\u0e40\u0e02\u0e32&#8221; (k\u0103o) g\u0127al &#8220;hu \/ hi \/ huma.&#8221;<\/p>\n\n\n\n<h3 class=\"wp-block-heading\" id=\"h-3-verbs-no-conjugation-or-tenses-only-particles\">3. Verbi: L-ebda konjugazzjoni jew tempi, parti\u010belli biss<\/h3>\n\n\n\n<p>Fil-grammatika Tajlandi\u017ca, il-verbi jibqg\u0127u l-istess irrispettivament mit-temp, il-burdata, jew is-su\u0121\u0121ett. Minflok, it-<a href=\"https:\/\/talkpal.ai\/learn-thai\/\">Tajlandi\u017c<\/a> jiddependi fuq kliem sempli\u010bi mag\u0127ruf b\u0127ala parti\u010belli biex jindika t-temp jew l-attitudni tas-sentenza. Dawn il-parti\u010belli jitqieg\u0127du fl-a\u0127\u0127ar tas-sentenza.<\/p>\n\n\n\n<p>Pere\u017cempju, il-parti\u010bella &#8220;\u0e41\u0e25\u0e49\u0e27&#8221; (l\u00e1ew) tindika azzjoni passata jew kompluta, u &#8220;\u0e01\u0e4d\u0e32\u0e25\u0e31\u0e07&#8221; (gam-lang) tintu\u017ca g\u0127al azzjonijiet li g\u0127addejjin. G\u0127alhekk, &#8220;\u0e40\u0e02\u0e32\u0e01\u0e34\u0e19&#8221; (k\u0103o gin) tfisser &#8220;jiekol,&#8221; filwaqt li &#8220;\u0e40\u0e02\u0e32\u0e01\u0e34\u0e19\u0e41\u0e25\u0e49\u0e27&#8221; (k\u0103o gin l\u00e1ew) tfisser &#8220;kiel.&#8221;<\/p>\n\n\n\n<h3 class=\"wp-block-heading\" id=\"h-4-sentence-structure-clear-and-straightforward\">4. Struttura tas-Sentenza: \u010aara u Sempli\u010bi<\/h3>\n\n\n\n<p>Il-grammatika Tajlandi\u017ca ssegwi struttura ta &#8216;sentenza Subject-Verb-Object (SVO), simili g\u0127all-<a href=\"https:\/\/talkpal.ai\/learn-english-with-ai\/\">Ingli\u017c<\/a>, li tissimplifika l-komprensjoni g\u0127al dawk li jitkellmu bl-Ingli\u017c. Ir-regola ewlenija hija li a\u0121\u0121ettivi, avverbji, u kliem deskrittiv ie\u0127or isegwu n-nom jew verb li jiddeskrivu.<\/p>\n\n\n\n<p>Pere\u017cempju, &#8220;\u0e1c\u0e21\u0e0a\u0e2d\u0e1a\u0e2b\u0e19\u0e31\u0e07\u0e2a\u0e37\u0e2d\u0e19\u0e35\u0e49&#8221; (p\u014fm ch\u00e2wp n\u0103ng s\u011bu n\u00e9e) jittradu\u010bi g\u0127al &#8220;I (subject) like (verb) this book (object).&#8221;<\/p>\n\n\n\n<h3 class=\"wp-block-heading\" id=\"h-5-immerse-yourself-in-thai-practice-makes-perfect\">5. G\u0127addas lilek innifsek fit-Tajlandi\u017c: Il-prattika tag\u0127mel il-perfett<\/h3>\n\n\n\n<p>Il-fehim u l-\u0127akma tal-grammatika Tajlandi\u017ca jista &#8216;inizjalment jidher ta&#8217; sfida, i\u017cda \u010b-\u010bavetta hija l-persistenza u l-prattika konsistenti. Engage all your senses by immersing yourself in the language, reading, writing, listening, and conversing with native speakers. Iktar ma jkollok espo\u017cizzjoni g\u0127all-grammatika Tajlandi\u017ca, iktar dawn il-kun\u010betti e\u017coti\u010bi j\u0127ossuhom familjari u komdi.<\/p>\n\n\n\n<p>Allura, int lest li tg\u0127addas fid-dinja affaxxinanti tal-grammatika Tajlandi\u017ca? T\u0127addan l-isfida u l-karatteristi\u010bi uni\u010bi tal-grammatika Tajlandi\u017ca u, bil-\u0127in, id-dedikazzjoni, u sens ta &#8216;avventura, tista&#8217; tifta\u0127 is-sbu\u0127ija captivating tal-lingwa Tajlandi\u017ca.<\/p>\n<\/div><\/div>\n\r\n<section class=\"learnNavigationSection\">\r\n            \r\n        <a href=\"https:\/\/talkpal.ai\/mt\/tghallem-it-tajlandiz\/\">\r\n            <div class=\"learnNavigationWrapper\">\r\n                <div class=\"learnNavigationContent\">\r\n                    <img decoding=\"async\" src=\"https:\/\/talkpal.ai\/wp-content\/uploads\/2024\/08\/Thai.jpg\" alt=\"Thai Flag\">\r\n                    <div>\r\n                        <h4>Dwar it-Tag\u0127lim Tajlandi\u017c<\/h4>\r\n                        <p>Sir af kollox dwar il-grammatika Tajlandi\u017ca.<\/p>\r\n                    <\/div>\r\n                <\/div>\r\n            <\/div>\r\n        <\/a>\r\n\r\n        \r\n        <a href=\"https:\/\/talkpal.ai\/mt\/ezercizzji-tal-grammatika-tajlandiza\/\">\r\n            <div class=\"learnNavigationWrapper\">\r\n                <div class=\"learnNavigationContent\">\r\n                    <img decoding=\"async\" src=\"https:\/\/talkpal.ai\/wp-content\/uploads\/2024\/08\/Thai.jpg\" alt=\"Thai Flag\">\r\n                    <div>\r\n                        <h4>E\u017cer\u010bizzju tal-Grammatika Tajlandi\u017ca<\/h4>\r\n                        <p>Prattika l-grammatika Tajlandi\u017ca.<\/p>\r\n                    <\/div>\r\n                <\/div>\r\n            <\/div>\r\n        <\/a>\r\n\r\n        \r\n        <a href=\"https:\/\/talkpal.ai\/vocabulary_language\/thai\/\">\r\n            <div class=\"learnNavigationWrapper\">\r\n                <div class=\"learnNavigationContent\">\r\n                    <img decoding=\"async\" src=\"https:\/\/talkpal.ai\/wp-content\/uploads\/2024\/08\/Thai.jpg\" alt=\"Thai Flag\">\r\n                    <div>\r\n                        <h4>Vokabularju Tajlandi\u017c<\/h4>\r\n                        <p>Espandi l-vokabularju Tajlandi\u017c tieg\u0127ek.<\/p>\r\n                    <\/div>\r\n                <\/div>\r\n            <\/div>\r\n        <\/a>\r\n\r\n            <\/section>","protected":false},"excerpt":{"rendered":"<p>Grammatika Tajlandi\u017ca: Esplorazzjoni ta &#8216;Dinja Lingwistika Unika Grammatika Tajlandi\u017ca &#8211; apparentement enigmatika, e\u017cotika, u captivating. Hekk kif tibda l-vja\u0121\u0121 tieg\u0127ek biex titg\u0127allem il-lingwa Tajlandi\u017ca, tista &#8216;ssib ru\u0127ek bla mistenni enthralled mill-grammatika tag\u0127ha. Tib\u017cax, s\u0127abi esploraturi lingwisti\u010bi! A\u0127na qeg\u0127din hawn biex noffru gwida u appo\u0121\u0121 fuq din l-avventura affaxxinanti! F&#8217;dan l-artikolu, a\u0127na nid\u0127lu fl-aspetti ewlenin tal-grammatika [&hellip;]<\/p>\n","protected":false},"author":1,"featured_media":1443398,"parent":0,"menu_order":0,"comment_status":"closed","ping_status":"closed","template":"LearningContentPage.php","meta":{"_acf_changed":false,"footnotes":""},"class_list":["post-1446458","page","type-page","status-publish","has-post-thumbnail","hentry"],"acf":[],"yoast_head":"<!-- This site is optimized with the Yoast SEO Premium plugin v27.2 (Yoast SEO v27.2) - https:\/\/yoast.com\/product\/yoast-seo-premium-wordpress\/ -->\n<title>Grammatika Tajlandi\u017ca - Talkpal<\/title>\n<meta name=\"description\" content=\"Esplora d-dinja affaxxinanti tal-grammatika Tajlandi\u017ca. Skopri s-sempli\u010bit\u00e0 u l-karatteristi\u010bi uni\u010bi tag\u0127ha li jag\u0127mlu t-tag\u0127lim pja\u010bevoli.\" \/>\n<meta name=\"robots\" content=\"index, follow, max-snippet:-1, max-image-preview:large, max-video-preview:-1\" \/>\n<link rel=\"canonical\" href=\"https:\/\/talkpal.ai\/mt\/grammatika-tajlandiza\/\" \/>\n<meta property=\"og:locale\" content=\"mt_MT\" \/>\n<meta property=\"og:type\" content=\"article\" \/>\n<meta property=\"og:title\" content=\"Grammatika Tajlandi\u017ca\" \/>\n<meta property=\"og:description\" content=\"Grammatika Tajlandi\u017ca: Esplorazzjoni ta &#039;Dinja Lingwistika Unika Grammatika Tajlandi\u017ca - apparentement enigmatika, e\u017cotika, u captivating. Hekk kif tibda\" \/>\n<meta property=\"og:url\" content=\"https:\/\/talkpal.ai\/mt\/grammatika-tajlandiza\/\" \/>\n<meta property=\"og:site_name\" content=\"Talkpal\" \/>\n<meta property=\"article:publisher\" content=\"https:\/\/www.facebook.com\/profile.php?id=100090733639311\" \/>\n<meta property=\"article:modified_time\" content=\"2025-12-13T15:47:35+00:00\" \/>\n<meta property=\"og:image\" content=\"https:\/\/talkpal.ai\/wp-content\/uploads\/2023\/05\/thailand.png\" \/>\n\t<meta property=\"og:image:width\" content=\"512\" \/>\n\t<meta property=\"og:image:height\" content=\"512\" \/>\n\t<meta property=\"og:image:type\" content=\"image\/png\" \/>\n<meta name=\"twitter:card\" content=\"summary_large_image\" \/>\n<meta name=\"twitter:site\" content=\"@talkpalai\" \/>\n<meta name=\"twitter:label1\" content=\"Est. reading time\" \/>\n\t<meta name=\"twitter:data1\" content=\"3 minutes\" \/>\n<script type=\"application\/ld+json\" class=\"yoast-schema-graph\">{\"@context\":\"https:\/\/schema.org\",\"@graph\":[{\"@type\":\"WebPage\",\"@id\":\"https:\/\/talkpal.ai\/mt\/grammatika-tajlandiza\/\",\"url\":\"https:\/\/talkpal.ai\/mt\/grammatika-tajlandiza\/\",\"name\":\"Grammatika Tajlandi\u017ca - Talkpal\",\"isPartOf\":{\"@id\":\"https:\/\/talkpal.ai\/mt\/#website\"},\"primaryImageOfPage\":{\"@id\":\"https:\/\/talkpal.ai\/mt\/grammatika-tajlandiza\/#primaryimage\"},\"image\":{\"@id\":\"https:\/\/talkpal.ai\/mt\/grammatika-tajlandiza\/#primaryimage\"},\"thumbnailUrl\":\"https:\/\/talkpal.ai\/wp-content\/uploads\/2023\/05\/thailand.png\",\"datePublished\":\"2023-05-14T14:24:42+00:00\",\"dateModified\":\"2025-12-13T15:47:35+00:00\",\"description\":\"Esplora d-dinja affaxxinanti tal-grammatika Tajlandi\u017ca. Skopri s-sempli\u010bit\u00e0 u l-karatteristi\u010bi uni\u010bi tag\u0127ha li jag\u0127mlu t-tag\u0127lim pja\u010bevoli.\",\"breadcrumb\":{\"@id\":\"https:\/\/talkpal.ai\/mt\/grammatika-tajlandiza\/#breadcrumb\"},\"inLanguage\":\"mt-MT\",\"potentialAction\":[{\"@type\":\"ReadAction\",\"target\":[\"https:\/\/talkpal.ai\/mt\/grammatika-tajlandiza\/\"]}]},{\"@type\":\"ImageObject\",\"inLanguage\":\"mt-MT\",\"@id\":\"https:\/\/talkpal.ai\/mt\/grammatika-tajlandiza\/#primaryimage\",\"url\":\"https:\/\/talkpal.ai\/wp-content\/uploads\/2023\/05\/thailand.png\",\"contentUrl\":\"https:\/\/talkpal.ai\/wp-content\/uploads\/2023\/05\/thailand.png\",\"width\":512,\"height\":512,\"caption\":\"TalkPal Thailand Flag\"},{\"@type\":\"BreadcrumbList\",\"@id\":\"https:\/\/talkpal.ai\/mt\/grammatika-tajlandiza\/#breadcrumb\",\"itemListElement\":[{\"@type\":\"ListItem\",\"position\":1,\"name\":\"Homepage\",\"item\":\"https:\/\/talkpal.ai\/mt\/\"},{\"@type\":\"ListItem\",\"position\":2,\"name\":\"Grammatika Tajlandi\u017ca\"}]},{\"@type\":\"WebSite\",\"@id\":\"https:\/\/talkpal.ai\/mt\/#website\",\"url\":\"https:\/\/talkpal.ai\/mt\/\",\"name\":\"Talkpal\",\"description\":\"AI Language Learning\",\"publisher\":{\"@id\":\"https:\/\/talkpal.ai\/mt\/#organization\"},\"alternateName\":\"Talkpal AI\",\"potentialAction\":[{\"@type\":\"SearchAction\",\"target\":{\"@type\":\"EntryPoint\",\"urlTemplate\":\"https:\/\/talkpal.ai\/mt\/?s={search_term_string}\"},\"query-input\":{\"@type\":\"PropertyValueSpecification\",\"valueRequired\":true,\"valueName\":\"search_term_string\"}}],\"inLanguage\":\"mt-MT\"},{\"@type\":\"Organization\",\"@id\":\"https:\/\/talkpal.ai\/mt\/#organization\",\"name\":\"Talkpal, Inc.\",\"alternateName\":\"Talkpal AI\",\"url\":\"https:\/\/talkpal.ai\/mt\/\",\"logo\":{\"@type\":\"ImageObject\",\"inLanguage\":\"mt-MT\",\"@id\":\"https:\/\/talkpal.ai\/mt\/#\/schema\/logo\/image\/\",\"url\":\"https:\/\/talkpal.ai\/wp-content\/uploads\/2024\/03\/Talkpal-Logo-Icon.png\",\"contentUrl\":\"https:\/\/talkpal.ai\/wp-content\/uploads\/2024\/03\/Talkpal-Logo-Icon.png\",\"width\":2880,\"height\":2880,\"caption\":\"Talkpal, Inc.\"},\"image\":{\"@id\":\"https:\/\/talkpal.ai\/mt\/#\/schema\/logo\/image\/\"},\"sameAs\":[\"https:\/\/www.facebook.com\/profile.php?id=100090733639311\",\"https:\/\/x.com\/talkpalai\",\"https:\/\/www.linkedin.com\/company\/talkpal\/\",\"https:\/\/www.youtube.com\/@TalkPal\/\",\"https:\/\/www.tiktok.com\/@talkpal\",\"https:\/\/www.instagram.com\/talkpal_ai\/\",\"https:\/\/www.crunchbase.com\/organization\/talkpal-9cde\",\"https:\/\/www.g2.com\/products\/talkpal-for-business\/\",\"https:\/\/www.trustpilot.com\/review\/talkpal.ai\",\"https:\/\/www.capterra.com\/p\/10006800\/TalkPal\/\"],\"description\":\"Talkpal is a language learning web and mobile education app, powered by the latest AI technologies, that provides engaging experiences to its customers in many different languages to help them improve their language skills. Users can chat about unlimited amount of topics with the app and use other modes to practice their language learning.\",\"email\":\"support@talkpal.ai\",\"legalName\":\"Talkpal, Inc.\",\"foundingDate\":\"2023-04-03\",\"duns\":\"118989042\",\"numberOfEmployees\":{\"@type\":\"QuantitativeValue\",\"minValue\":\"11\",\"maxValue\":\"50\"},\"publishingPrinciples\":\"https:\/\/talkpal.ai\/publishing-principles\/\",\"actionableFeedbackPolicy\":\"https:\/\/talkpal.ai\/actionable-feedback-policy\/\",\"correctionsPolicy\":\"https:\/\/talkpal.ai\/corrections-policy\/\",\"ethicsPolicy\":\"https:\/\/talkpal.ai\/ethics-policy\/\",\"diversityPolicy\":\"https:\/\/talkpal.ai\/diversity-policy\/\",\"diversityStaffingReport\":\"https:\/\/talkpal.ai\/diversity-policy\/\"}]}<\/script>\n<!-- \/ Yoast SEO Premium plugin. -->","yoast_head_json":{"title":"Grammatika Tajlandi\u017ca - Talkpal","description":"Esplora d-dinja affaxxinanti tal-grammatika Tajlandi\u017ca. Skopri s-sempli\u010bit\u00e0 u l-karatteristi\u010bi uni\u010bi tag\u0127ha li jag\u0127mlu t-tag\u0127lim pja\u010bevoli.","robots":{"index":"index","follow":"follow","max-snippet":"max-snippet:-1","max-image-preview":"max-image-preview:large","max-video-preview":"max-video-preview:-1"},"canonical":"https:\/\/talkpal.ai\/mt\/grammatika-tajlandiza\/","og_locale":"mt_MT","og_type":"article","og_title":"Grammatika Tajlandi\u017ca","og_description":"Grammatika Tajlandi\u017ca: Esplorazzjoni ta 'Dinja Lingwistika Unika Grammatika Tajlandi\u017ca - apparentement enigmatika, e\u017cotika, u captivating. Hekk kif tibda","og_url":"https:\/\/talkpal.ai\/mt\/grammatika-tajlandiza\/","og_site_name":"Talkpal","article_publisher":"https:\/\/www.facebook.com\/profile.php?id=100090733639311","article_modified_time":"2025-12-13T15:47:35+00:00","og_image":[{"width":512,"height":512,"url":"https:\/\/talkpal.ai\/wp-content\/uploads\/2023\/05\/thailand.png","type":"image\/png"}],"twitter_card":"summary_large_image","twitter_site":"@talkpalai","twitter_misc":{"Est. reading time":"3 minutes"},"schema":{"@context":"https:\/\/schema.org","@graph":[{"@type":"WebPage","@id":"https:\/\/talkpal.ai\/mt\/grammatika-tajlandiza\/","url":"https:\/\/talkpal.ai\/mt\/grammatika-tajlandiza\/","name":"Grammatika Tajlandi\u017ca - Talkpal","isPartOf":{"@id":"https:\/\/talkpal.ai\/mt\/#website"},"primaryImageOfPage":{"@id":"https:\/\/talkpal.ai\/mt\/grammatika-tajlandiza\/#primaryimage"},"image":{"@id":"https:\/\/talkpal.ai\/mt\/grammatika-tajlandiza\/#primaryimage"},"thumbnailUrl":"https:\/\/talkpal.ai\/wp-content\/uploads\/2023\/05\/thailand.png","datePublished":"2023-05-14T14:24:42+00:00","dateModified":"2025-12-13T15:47:35+00:00","description":"Esplora d-dinja affaxxinanti tal-grammatika Tajlandi\u017ca. Skopri s-sempli\u010bit\u00e0 u l-karatteristi\u010bi uni\u010bi tag\u0127ha li jag\u0127mlu t-tag\u0127lim pja\u010bevoli.","breadcrumb":{"@id":"https:\/\/talkpal.ai\/mt\/grammatika-tajlandiza\/#breadcrumb"},"inLanguage":"mt-MT","potentialAction":[{"@type":"ReadAction","target":["https:\/\/talkpal.ai\/mt\/grammatika-tajlandiza\/"]}]},{"@type":"ImageObject","inLanguage":"mt-MT","@id":"https:\/\/talkpal.ai\/mt\/grammatika-tajlandiza\/#primaryimage","url":"https:\/\/talkpal.ai\/wp-content\/uploads\/2023\/05\/thailand.png","contentUrl":"https:\/\/talkpal.ai\/wp-content\/uploads\/2023\/05\/thailand.png","width":512,"height":512,"caption":"TalkPal Thailand Flag"},{"@type":"BreadcrumbList","@id":"https:\/\/talkpal.ai\/mt\/grammatika-tajlandiza\/#breadcrumb","itemListElement":[{"@type":"ListItem","position":1,"name":"Homepage","item":"https:\/\/talkpal.ai\/mt\/"},{"@type":"ListItem","position":2,"name":"Grammatika Tajlandi\u017ca"}]},{"@type":"WebSite","@id":"https:\/\/talkpal.ai\/mt\/#website","url":"https:\/\/talkpal.ai\/mt\/","name":"Talkpal","description":"AI Language Learning","publisher":{"@id":"https:\/\/talkpal.ai\/mt\/#organization"},"alternateName":"Talkpal AI","potentialAction":[{"@type":"SearchAction","target":{"@type":"EntryPoint","urlTemplate":"https:\/\/talkpal.ai\/mt\/?s={search_term_string}"},"query-input":{"@type":"PropertyValueSpecification","valueRequired":true,"valueName":"search_term_string"}}],"inLanguage":"mt-MT"},{"@type":"Organization","@id":"https:\/\/talkpal.ai\/mt\/#organization","name":"Talkpal, Inc.","alternateName":"Talkpal AI","url":"https:\/\/talkpal.ai\/mt\/","logo":{"@type":"ImageObject","inLanguage":"mt-MT","@id":"https:\/\/talkpal.ai\/mt\/#\/schema\/logo\/image\/","url":"https:\/\/talkpal.ai\/wp-content\/uploads\/2024\/03\/Talkpal-Logo-Icon.png","contentUrl":"https:\/\/talkpal.ai\/wp-content\/uploads\/2024\/03\/Talkpal-Logo-Icon.png","width":2880,"height":2880,"caption":"Talkpal, Inc."},"image":{"@id":"https:\/\/talkpal.ai\/mt\/#\/schema\/logo\/image\/"},"sameAs":["https:\/\/www.facebook.com\/profile.php?id=100090733639311","https:\/\/x.com\/talkpalai","https:\/\/www.linkedin.com\/company\/talkpal\/","https:\/\/www.youtube.com\/@TalkPal\/","https:\/\/www.tiktok.com\/@talkpal","https:\/\/www.instagram.com\/talkpal_ai\/","https:\/\/www.crunchbase.com\/organization\/talkpal-9cde","https:\/\/www.g2.com\/products\/talkpal-for-business\/","https:\/\/www.trustpilot.com\/review\/talkpal.ai","https:\/\/www.capterra.com\/p\/10006800\/TalkPal\/"],"description":"Talkpal is a language learning web and mobile education app, powered by the latest AI technologies, that provides engaging experiences to its customers in many different languages to help them improve their language skills. Users can chat about unlimited amount of topics with the app and use other modes to practice their language learning.","email":"support@talkpal.ai","legalName":"Talkpal, Inc.","foundingDate":"2023-04-03","duns":"118989042","numberOfEmployees":{"@type":"QuantitativeValue","minValue":"11","maxValue":"50"},"publishingPrinciples":"https:\/\/talkpal.ai\/publishing-principles\/","actionableFeedbackPolicy":"https:\/\/talkpal.ai\/actionable-feedback-policy\/","correctionsPolicy":"https:\/\/talkpal.ai\/corrections-policy\/","ethicsPolicy":"https:\/\/talkpal.ai\/ethics-policy\/","diversityPolicy":"https:\/\/talkpal.ai\/diversity-policy\/","diversityStaffingReport":"https:\/\/talkpal.ai\/diversity-policy\/"}]}},"_links":{"self":[{"href":"https:\/\/talkpal.ai\/mt\/wp-json\/wp\/v2\/pages\/1446458","targetHints":{"allow":["GET"]}}],"collection":[{"href":"https:\/\/talkpal.ai\/mt\/wp-json\/wp\/v2\/pages"}],"about":[{"href":"https:\/\/talkpal.ai\/mt\/wp-json\/wp\/v2\/types\/page"}],"author":[{"embeddable":true,"href":"https:\/\/talkpal.ai\/mt\/wp-json\/wp\/v2\/users\/1"}],"replies":[{"embeddable":true,"href":"https:\/\/talkpal.ai\/mt\/wp-json\/wp\/v2\/comments?post=1446458"}],"version-history":[{"count":0,"href":"https:\/\/talkpal.ai\/mt\/wp-json\/wp\/v2\/pages\/1446458\/revisions"}],"wp:featuredmedia":[{"embeddable":true,"href":"https:\/\/talkpal.ai\/mt\/wp-json\/wp\/v2\/media\/1443398"}],"wp:attachment":[{"href":"https:\/\/talkpal.ai\/mt\/wp-json\/wp\/v2\/media?parent=1446458"}],"curies":[{"name":"wp","href":"https:\/\/api.w.org\/{rel}","templated":true}]}}