{"id":1446454,"date":"2023-05-14T14:25:05","date_gmt":"2023-05-14T14:25:05","guid":{"rendered":"https:\/\/talkpal.ai\/grammatika-tas-swahili\/"},"modified":"2025-12-13T15:51:21","modified_gmt":"2025-12-13T15:51:21","slug":"grammatika-tas-swahili","status":"publish","type":"page","link":"https:\/\/talkpal.ai\/mt\/grammatika-tas-swahili\/","title":{"rendered":"Grammatika tas-Swa\u0127ili"},"content":{"rendered":"\r\n\r\n\r\n<section class=\"languageChallengeSection\">\r\n    <div class=\"languageInfoWrapper\">\r\n        \r\n        <h1>Grammatika tas-Swa\u0127ili<\/h1>\r\n        <p>Unlock the secrets of <a href=\"https:\/\/talkpal.ai\/learn-swahili\/\">Swahili<\/a> grammar and boost your language skills with engaging lessons and real-life examples. Dive into the fundamentals of sentence structure, verb patterns, and essential grammar rules. Prattika dak li titg\u0127allem b&#039;e\u017cer\u010bizzji interattivi ddisinjati biex isa\u0127\u0127u l-fehim tieg\u0127ek. Ibda l-\u0127akma tal-grammatika Swahili llum u kkomunika b&#039;mod aktar kunfidenti!<\/p>\r\n\r\n                            <a class=\"getStartedHidden\" href=\"https:\/\/app.talkpal.ai\/signup?lng=\">Ibda<\/a>\r\n        \r\n    <\/div>\r\n\r\n    <figure>\r\n    <img decoding=\"async\" width=\"768\" height=\"768\" src=\"https:\/\/talkpal.ai\/wp-content\/uploads\/2023\/06\/Swahili-768x768.png\" class=\"languageImage no-lazy\" alt=\"Secrets to master language learning\" fetchpriority=\"high\" sizes=\"(max-width: 768px) 150px, 768px\" srcset=\"https:\/\/talkpal.ai\/wp-content\/uploads\/2023\/06\/Swahili-768x768.png 768w, https:\/\/talkpal.ai\/wp-content\/uploads\/2023\/06\/Swahili-300x300.png 300w\" \/>\r\n    \r\n\r\n    <\/figure>\r\n\r\n            <a class=\"getStartedVisible\" href=\"https:\/\/app.talkpal.ai\/signup?lng=\">Ibda<\/a>\r\n    \r\n<\/section>\r\n<section class=\"promotionalBanner\">\r\n    <p class=\"promotionalText\">L-aktar mod effi\u010bjenti biex titg\u0127allem lingwa<\/p>\r\n    <a class=\"promotionalLink\" href=\"https:\/\/app.talkpal.ai\/signup?lng=\">Ipprova Talkpal b&#8217;xejn<\/a>\r\n<\/section>\n<div class=\"wp-block-group pageContainerStyle\"><div class=\"wp-block-group__inner-container is-layout-constrained wp-block-group-is-layout-constrained\">\n<h2 class=\"wp-block-heading\" id=\"h-swahili-grammar-demystifying-the-linguistic-adventure\">Grammatika Swahili: Demystifying the Linguistic Adventure<\/h2>\n\n\n\n<p><a href=\"https:\/\/talkpal.ai\/swahili-grammar\/\">Grammatika Swahili<\/a> \u2013 invitanti i\u017cda enigmatika, fluwida i\u017cda intriganti, vibranti i\u017cda affaxxinanti. Hekk kif tibda l-vja\u0121\u0121 lingwistiku tieg\u0127ek fil-lingwa Swahili, tista &#8217;tiltaqa&#8217; ma &#8216;ta\u0127lita ta&#8217; faxxinu u in\u010bertezza. Ma tinkwetax s\u0127abi fanati\u010bi tal-lingwa! A\u0127na qeg\u0127din hawn biex ng\u0127inuk tinnaviga f&#8217;dawn l-ilmijiet lingwisti\u010bi e\u010b\u010bitanti!<\/p>\n\n\n\n<p>F&#8217;dan l-artikolu, se nipprovdu \u0127arsa \u0121enerali komprensiva tal-grammatika Swahili, nesploraw komponenti ewlenin, noffru spjegazzjonijiet u e\u017cempji, u nissimplifikaw il-kumplikazzjonijiet. Allura, ejja no\u0127or\u0121u l-ma\u0121ija tal-lingwa Swahili u ni\u017cvelaw il-misteri tal-grammatika tag\u0127ha!<\/p>\n\n\n\n<h3 class=\"wp-block-heading\" id=\"h-1-noun-classes-from-people-to-abstract-ideas\">1. Noun Classes: From People to Abstract Ideas<\/h3>\n\n\n\n<p>Il-grammatika Swahili ddur madwar sistema ta &#8216;klassifikazzjoni ta&#8217; nomi distintiva i\u017cda essenzjali. In-nomi huma organizzati fi klassijiet differenti bba\u017cati fuq it-tifsira jew il-karatteristi\u010bi tag\u0127hom, u kull klassi g\u0127andha prefiss spe\u010bifiku. Filwaqt li dan jista &#8216;jidher intimidanti, huwa kru\u010bjali biex jiffurmaw ftehim bejn nomi, a\u0121\u0121ettivi, u verbi.<\/p>\n\n\n\n<p>Biex tissimplifika dan il-pro\u010bess, ibda billi tiffoka fuq il-klassijiet ta &#8216;nomi l-aktar komuni:<\/p>\n\n\n\n<p><strong>\u2013 Klassi 1: Nies (e\u017c., mtu \u2013 persuna)<\/strong><\/p>\n\n\n\n<p><strong>&#8211; Klassi 2: Plurali ta &#8216;nomi tal-Klassi 1 (e\u017c., watu &#8211; nies)<\/strong><\/p>\n\n\n\n<p><strong>\u2013 Klassi 3: Si\u0121ar, pjanti, u nomi astratti (e\u017c., mti \u2013 si\u0121ra)<\/strong><\/p>\n\n\n\n<p><strong>\u2013 Klassi 4: O\u0121\u0121etti inanimati u nomi astratti (e\u017c., kiti \u2013 si\u0121\u0121u)<\/strong><\/p>\n\n\n\n<p>Ftakar, il-prattika tag\u0127mel perfetta, u l-fehim tal-klassijiet tan-nomi se jsir aktar fa\u010bli ma\u017c-\u017cmien!<\/p>\n\n\n\n<h3 class=\"wp-block-heading\" id=\"h-2-adjectives-from-basic-to-intricate-agreement\">2. A\u0121\u0121ettivi: Minn Ftehim Ba\u017ciku g\u0127al Ikkumplikat<\/h3>\n\n\n\n<p>L-a\u0121\u0121ettivi fis-Swahili jaqblu mal-klassi tan-nom u n-numru li jimmodifikaw. B\u0127ala ri\u017cultat, l-a\u0121\u0121ettivi g\u0127andhom prefissi multipli biex jikkorrispondu g\u0127al klassijiet ta &#8216;nomi differenti. L-a\u0127bar it-tajba hija li \u0127afna a\u0121\u0121ettivi jaqsmu l-istess kelma g\u0127erq, li tag\u0127mel it-tag\u0127lim tag\u0127hom aktar mani\u0121\u0121abbli.<\/p>\n\n\n\n<p>Pere\u017cempju, l-g\u0127erq &#8220;-refu&#8221; tfisser &#8220;twil.&#8221; Skont il-klassi tan-nom tieg\u0127u, jista &#8216;jidher b\u0127ala &#8220;mrefu&#8221; (Klassi 1), &#8220;wazuri&#8221; (Klassi 2), &#8220;jurefu&#8221; (Klassi 3), u l-bqija. Bil-prattika, li jkollok qabda fuq ftehim a\u0121\u0121ettiv-nom se jkun breeze!<\/p>\n\n\n\n<h3 class=\"wp-block-heading\" id=\"h-3-verbs-tense-subject-and-object\">3. Verbi: Temp, Su\u0121\u0121ett, u O\u0121\u0121ett<\/h3>\n\n\n\n<p>Il-verbi Swahili huma b\u0127al skieken effi\u010bjenti tal-Armata \u017bvizzera, li jwasslu b&#8217;mod kompatt it-temp, is-su\u0121\u0121ett u l-o\u0121\u0121ett, kollha f&#8217;pakkett pulit wie\u0127ed. It-tempi huma ffurmati billi jitwa\u0127\u0127lu markaturi tat-temp mal-g\u0127erq tal-verb, filwaqt li l-markaturi tas-su\u0121\u0121ett u tal-o\u0121\u0121ett jesprimu min hu involut fl-azzjoni.<\/p>\n\n\n\n<p>Pere\u017cempju, l-g\u0127erq &#8220;-soma&#8221; tfisser &#8220;biex taqra.&#8221; Billi \u017c\u017cid diversi prefissi u suffissi, tista &#8216;to\u0127loq bosta varjazzjonijiet: &#8220;anasoma&#8221; (hu \/ hi qed jaqra), &#8220;alisoma&#8221; (hu \/ hi qara), jew &#8220;atasoma&#8221; (hu \/ hi se jaqra).<\/p>\n\n\n\n<h3 class=\"wp-block-heading\" id=\"h-4-word-order-subject-verb-object-for-clarity\">4. Ordni tal-Kelma: Su\u0121\u0121ett-Verb-O\u0121\u0121ett g\u0127a\u010b-\u010aarezza<\/h3>\n\n\n\n<p>Is-Swahili jsegwi ordni ta &#8216;kliem sempli\u010bi, i\u017cda \u010bara Subject-Verb-Object (SVO), simili g\u0127all-<a href=\"https:\/\/talkpal.ai\/learn-english-with-ai\/\">Ingli\u017c<\/a>, li jag\u0127mel il-kostruzzjoni tas-sentenza inqas skora\u0121\u0121anti. Pere\u017cempju, &#8220;Mwanafunzi anasoma kitabu&#8221; jittradu\u010bi direttament g\u0127al &#8220;L-istudent (su\u0121\u0121ett) qed jaqra (verb) ktieb (o\u0121\u0121ett).&#8221;<\/p>\n\n\n\n<h3 class=\"wp-block-heading\" id=\"h-5-embrace-the-challenges-practice-is-key\">5. T\u0127addan l-isfidi: Il-prattika hija \u010b-\u010bavetta<\/h3>\n\n\n\n<p>L-g\u0127adis fil-grammatika Swahili jista &#8216;j\u0127ossu ftit kbir g\u0127all-ewwel. Madankollu, \u017comm f&#8217;mo\u0127\u0127ok li l-pa\u010benzja, il-prattika u l-perseveranza huma s-sigrieti g\u0127as-su\u010b\u010bess. Engage with the language through reading, writing, listening, and <a href=\"https:\/\/talkpal.ai\/ai-speaking-partner\/\">speaking<\/a> to improve your comprehension and confidence.<\/p>\n\n\n\n<p>Allura, int lest li tesplora l-g\u0127e\u0121ubijiet tal-grammatika Swahili? T\u0127addan l-intricacies tag\u0127ha, tgawdi l-isfumaturi, u ftakar li b&#8217;dedikazzjoni u entu\u017cja\u017cmu, tista &#8216;tifta\u0127 is-sbu\u0127ija vera tal-lingwa Swahili. Bahati njema! (Xorti tajba!)<\/p>\n<\/div><\/div>\n\r\n<section class=\"learnNavigationSection\">\r\n            \r\n        <a href=\"https:\/\/talkpal.ai\/mt\/tghallem-swahili\/\">\r\n            <div class=\"learnNavigationWrapper\">\r\n                <div class=\"learnNavigationContent\">\r\n                    <img decoding=\"async\" src=\"https:\/\/talkpal.ai\/wp-content\/uploads\/2024\/08\/Swahili.jpg\" alt=\"Kenya and Tanzania Flags\">\r\n                    <div>\r\n                        <h4>Dwar it-Tag\u0127lim tas-Swahili<\/h4>\r\n                        <p>Sir af kollox dwar il-grammatika Swahili.<\/p>\r\n                    <\/div>\r\n                <\/div>\r\n            <\/div>\r\n        <\/a>\r\n\r\n        \r\n        <a href=\"https:\/\/talkpal.ai\/mt\/ezercizzji-tal-grammatika-swahili\/\">\r\n            <div class=\"learnNavigationWrapper\">\r\n                <div class=\"learnNavigationContent\">\r\n                    <img decoding=\"async\" src=\"https:\/\/talkpal.ai\/wp-content\/uploads\/2024\/08\/Swahili.jpg\" alt=\"Kenya and Tanzania Flags\">\r\n                    <div>\r\n                        <h4>E\u017cer\u010bizzju tal-Grammatika Swahili<\/h4>\r\n                        <p>Ipprattika l-grammatika Swahili.<\/p>\r\n                    <\/div>\r\n                <\/div>\r\n            <\/div>\r\n        <\/a>\r\n\r\n        \r\n        <a href=\"https:\/\/talkpal.ai\/vocabulary_language\/swahili\/\">\r\n            <div class=\"learnNavigationWrapper\">\r\n                <div class=\"learnNavigationContent\">\r\n                    <img decoding=\"async\" src=\"https:\/\/talkpal.ai\/wp-content\/uploads\/2024\/08\/Swahili.jpg\" alt=\"Kenya and Tanzania Flags\">\r\n                    <div>\r\n                        <h4>Vokabularju Swahili<\/h4>\r\n                        <p>Espandi l-vokabularju Swahili tieg\u0127ek.<\/p>\r\n                    <\/div>\r\n                <\/div>\r\n            <\/div>\r\n        <\/a>\r\n\r\n            <\/section>","protected":false},"excerpt":{"rendered":"<p>Grammatika Swahili: Demystifying the Linguistic Adventure Grammatika Swahili \u2013 invitanti i\u017cda enigmatika, fluwida i\u017cda intriganti, vibranti i\u017cda affaxxinanti. Hekk kif tibda l-vja\u0121\u0121 lingwistiku tieg\u0127ek fil-lingwa Swahili, tista &#8217;tiltaqa&#8217; ma &#8216;ta\u0127lita ta&#8217; faxxinu u in\u010bertezza. Ma tinkwetax s\u0127abi fanati\u010bi tal-lingwa! A\u0127na qeg\u0127din hawn biex ng\u0127inuk tinnaviga f&#8217;dawn l-ilmijiet lingwisti\u010bi e\u010b\u010bitanti! F&#8217;dan l-artikolu, se nipprovdu \u0127arsa \u0121enerali [&hellip;]<\/p>\n","protected":false},"author":1,"featured_media":1444588,"parent":0,"menu_order":0,"comment_status":"closed","ping_status":"closed","template":"LearningContentPage.php","meta":{"_acf_changed":false,"footnotes":""},"class_list":["post-1446454","page","type-page","status-publish","has-post-thumbnail","hentry"],"acf":[],"yoast_head":"<!-- This site is optimized with the Yoast SEO Premium plugin v27.2 (Yoast SEO v27.2) - https:\/\/yoast.com\/product\/yoast-seo-premium-wordpress\/ -->\n<title>Grammatika tas-Swa\u0127ili - Talkpal<\/title>\n<meta name=\"description\" content=\"Tifta\u0127 is-sigrieti tal-grammatika Swahili bil-gwida komprensiva tag\u0127na! Skopri l-klassijiet ta &#039;nomi uni\u010bi u l-komponenti ewlenin tag\u0127ha.\" \/>\n<meta name=\"robots\" content=\"index, follow, max-snippet:-1, max-image-preview:large, max-video-preview:-1\" \/>\n<link rel=\"canonical\" href=\"https:\/\/talkpal.ai\/mt\/grammatika-tas-swahili\/\" \/>\n<meta property=\"og:locale\" content=\"mt_MT\" \/>\n<meta property=\"og:type\" content=\"article\" \/>\n<meta property=\"og:title\" content=\"Grammatika tas-Swa\u0127ili\" \/>\n<meta property=\"og:description\" content=\"Grammatika Swahili: Demystifying the Linguistic Adventure Grammatika Swahili \u2013 invitanti i\u017cda enigmatika, fluwida i\u017cda intriganti, vibranti i\u017cda\" \/>\n<meta property=\"og:url\" content=\"https:\/\/talkpal.ai\/mt\/grammatika-tas-swahili\/\" \/>\n<meta property=\"og:site_name\" content=\"Talkpal\" \/>\n<meta property=\"article:publisher\" content=\"https:\/\/www.facebook.com\/profile.php?id=100090733639311\" \/>\n<meta property=\"article:modified_time\" content=\"2025-12-13T15:51:21+00:00\" \/>\n<meta property=\"og:image\" content=\"https:\/\/talkpal.ai\/wp-content\/uploads\/2023\/05\/Swahili-tanzania.png\" \/>\n\t<meta property=\"og:image:width\" content=\"512\" \/>\n\t<meta property=\"og:image:height\" content=\"512\" \/>\n\t<meta property=\"og:image:type\" content=\"image\/png\" \/>\n<meta name=\"twitter:card\" content=\"summary_large_image\" \/>\n<meta name=\"twitter:site\" content=\"@talkpalai\" \/>\n<meta name=\"twitter:label1\" content=\"Est. reading time\" \/>\n\t<meta name=\"twitter:data1\" content=\"3 minutes\" \/>\n<script type=\"application\/ld+json\" class=\"yoast-schema-graph\">{\"@context\":\"https:\/\/schema.org\",\"@graph\":[{\"@type\":\"WebPage\",\"@id\":\"https:\/\/talkpal.ai\/mt\/grammatika-tas-swahili\/\",\"url\":\"https:\/\/talkpal.ai\/mt\/grammatika-tas-swahili\/\",\"name\":\"Grammatika tas-Swa\u0127ili - Talkpal\",\"isPartOf\":{\"@id\":\"https:\/\/talkpal.ai\/mt\/#website\"},\"primaryImageOfPage\":{\"@id\":\"https:\/\/talkpal.ai\/mt\/grammatika-tas-swahili\/#primaryimage\"},\"image\":{\"@id\":\"https:\/\/talkpal.ai\/mt\/grammatika-tas-swahili\/#primaryimage\"},\"thumbnailUrl\":\"https:\/\/talkpal.ai\/wp-content\/uploads\/2023\/05\/Swahili-tanzania.png\",\"datePublished\":\"2023-05-14T14:25:05+00:00\",\"dateModified\":\"2025-12-13T15:51:21+00:00\",\"description\":\"Tifta\u0127 is-sigrieti tal-grammatika Swahili bil-gwida komprensiva tag\u0127na! Skopri l-klassijiet ta 'nomi uni\u010bi u l-komponenti ewlenin tag\u0127ha.\",\"breadcrumb\":{\"@id\":\"https:\/\/talkpal.ai\/mt\/grammatika-tas-swahili\/#breadcrumb\"},\"inLanguage\":\"mt-MT\",\"potentialAction\":[{\"@type\":\"ReadAction\",\"target\":[\"https:\/\/talkpal.ai\/mt\/grammatika-tas-swahili\/\"]}]},{\"@type\":\"ImageObject\",\"inLanguage\":\"mt-MT\",\"@id\":\"https:\/\/talkpal.ai\/mt\/grammatika-tas-swahili\/#primaryimage\",\"url\":\"https:\/\/talkpal.ai\/wp-content\/uploads\/2023\/05\/Swahili-tanzania.png\",\"contentUrl\":\"https:\/\/talkpal.ai\/wp-content\/uploads\/2023\/05\/Swahili-tanzania.png\",\"width\":512,\"height\":512,\"caption\":\"TalkPal SwahiliFlag\"},{\"@type\":\"BreadcrumbList\",\"@id\":\"https:\/\/talkpal.ai\/mt\/grammatika-tas-swahili\/#breadcrumb\",\"itemListElement\":[{\"@type\":\"ListItem\",\"position\":1,\"name\":\"Homepage\",\"item\":\"https:\/\/talkpal.ai\/mt\/\"},{\"@type\":\"ListItem\",\"position\":2,\"name\":\"Grammatika tas-Swa\u0127ili\"}]},{\"@type\":\"WebSite\",\"@id\":\"https:\/\/talkpal.ai\/mt\/#website\",\"url\":\"https:\/\/talkpal.ai\/mt\/\",\"name\":\"Talkpal\",\"description\":\"AI Language Learning\",\"publisher\":{\"@id\":\"https:\/\/talkpal.ai\/mt\/#organization\"},\"alternateName\":\"Talkpal AI\",\"potentialAction\":[{\"@type\":\"SearchAction\",\"target\":{\"@type\":\"EntryPoint\",\"urlTemplate\":\"https:\/\/talkpal.ai\/mt\/?s={search_term_string}\"},\"query-input\":{\"@type\":\"PropertyValueSpecification\",\"valueRequired\":true,\"valueName\":\"search_term_string\"}}],\"inLanguage\":\"mt-MT\"},{\"@type\":\"Organization\",\"@id\":\"https:\/\/talkpal.ai\/mt\/#organization\",\"name\":\"Talkpal, Inc.\",\"alternateName\":\"Talkpal AI\",\"url\":\"https:\/\/talkpal.ai\/mt\/\",\"logo\":{\"@type\":\"ImageObject\",\"inLanguage\":\"mt-MT\",\"@id\":\"https:\/\/talkpal.ai\/mt\/#\/schema\/logo\/image\/\",\"url\":\"https:\/\/talkpal.ai\/wp-content\/uploads\/2024\/03\/Talkpal-Logo-Icon.png\",\"contentUrl\":\"https:\/\/talkpal.ai\/wp-content\/uploads\/2024\/03\/Talkpal-Logo-Icon.png\",\"width\":2880,\"height\":2880,\"caption\":\"Talkpal, Inc.\"},\"image\":{\"@id\":\"https:\/\/talkpal.ai\/mt\/#\/schema\/logo\/image\/\"},\"sameAs\":[\"https:\/\/www.facebook.com\/profile.php?id=100090733639311\",\"https:\/\/x.com\/talkpalai\",\"https:\/\/www.linkedin.com\/company\/talkpal\/\",\"https:\/\/www.youtube.com\/@TalkPal\/\",\"https:\/\/www.tiktok.com\/@talkpal\",\"https:\/\/www.instagram.com\/talkpal_ai\/\",\"https:\/\/www.crunchbase.com\/organization\/talkpal-9cde\",\"https:\/\/www.g2.com\/products\/talkpal-for-business\/\",\"https:\/\/www.trustpilot.com\/review\/talkpal.ai\",\"https:\/\/www.capterra.com\/p\/10006800\/TalkPal\/\"],\"description\":\"Talkpal is a language learning web and mobile education app, powered by the latest AI technologies, that provides engaging experiences to its customers in many different languages to help them improve their language skills. Users can chat about unlimited amount of topics with the app and use other modes to practice their language learning.\",\"email\":\"support@talkpal.ai\",\"legalName\":\"Talkpal, Inc.\",\"foundingDate\":\"2023-04-03\",\"duns\":\"118989042\",\"numberOfEmployees\":{\"@type\":\"QuantitativeValue\",\"minValue\":\"11\",\"maxValue\":\"50\"},\"publishingPrinciples\":\"https:\/\/talkpal.ai\/publishing-principles\/\",\"actionableFeedbackPolicy\":\"https:\/\/talkpal.ai\/actionable-feedback-policy\/\",\"correctionsPolicy\":\"https:\/\/talkpal.ai\/corrections-policy\/\",\"ethicsPolicy\":\"https:\/\/talkpal.ai\/ethics-policy\/\",\"diversityPolicy\":\"https:\/\/talkpal.ai\/diversity-policy\/\",\"diversityStaffingReport\":\"https:\/\/talkpal.ai\/diversity-policy\/\"}]}<\/script>\n<!-- \/ Yoast SEO Premium plugin. -->","yoast_head_json":{"title":"Grammatika tas-Swa\u0127ili - Talkpal","description":"Tifta\u0127 is-sigrieti tal-grammatika Swahili bil-gwida komprensiva tag\u0127na! Skopri l-klassijiet ta 'nomi uni\u010bi u l-komponenti ewlenin tag\u0127ha.","robots":{"index":"index","follow":"follow","max-snippet":"max-snippet:-1","max-image-preview":"max-image-preview:large","max-video-preview":"max-video-preview:-1"},"canonical":"https:\/\/talkpal.ai\/mt\/grammatika-tas-swahili\/","og_locale":"mt_MT","og_type":"article","og_title":"Grammatika tas-Swa\u0127ili","og_description":"Grammatika Swahili: Demystifying the Linguistic Adventure Grammatika Swahili \u2013 invitanti i\u017cda enigmatika, fluwida i\u017cda intriganti, vibranti i\u017cda","og_url":"https:\/\/talkpal.ai\/mt\/grammatika-tas-swahili\/","og_site_name":"Talkpal","article_publisher":"https:\/\/www.facebook.com\/profile.php?id=100090733639311","article_modified_time":"2025-12-13T15:51:21+00:00","og_image":[{"width":512,"height":512,"url":"https:\/\/talkpal.ai\/wp-content\/uploads\/2023\/05\/Swahili-tanzania.png","type":"image\/png"}],"twitter_card":"summary_large_image","twitter_site":"@talkpalai","twitter_misc":{"Est. reading time":"3 minutes"},"schema":{"@context":"https:\/\/schema.org","@graph":[{"@type":"WebPage","@id":"https:\/\/talkpal.ai\/mt\/grammatika-tas-swahili\/","url":"https:\/\/talkpal.ai\/mt\/grammatika-tas-swahili\/","name":"Grammatika tas-Swa\u0127ili - Talkpal","isPartOf":{"@id":"https:\/\/talkpal.ai\/mt\/#website"},"primaryImageOfPage":{"@id":"https:\/\/talkpal.ai\/mt\/grammatika-tas-swahili\/#primaryimage"},"image":{"@id":"https:\/\/talkpal.ai\/mt\/grammatika-tas-swahili\/#primaryimage"},"thumbnailUrl":"https:\/\/talkpal.ai\/wp-content\/uploads\/2023\/05\/Swahili-tanzania.png","datePublished":"2023-05-14T14:25:05+00:00","dateModified":"2025-12-13T15:51:21+00:00","description":"Tifta\u0127 is-sigrieti tal-grammatika Swahili bil-gwida komprensiva tag\u0127na! Skopri l-klassijiet ta 'nomi uni\u010bi u l-komponenti ewlenin tag\u0127ha.","breadcrumb":{"@id":"https:\/\/talkpal.ai\/mt\/grammatika-tas-swahili\/#breadcrumb"},"inLanguage":"mt-MT","potentialAction":[{"@type":"ReadAction","target":["https:\/\/talkpal.ai\/mt\/grammatika-tas-swahili\/"]}]},{"@type":"ImageObject","inLanguage":"mt-MT","@id":"https:\/\/talkpal.ai\/mt\/grammatika-tas-swahili\/#primaryimage","url":"https:\/\/talkpal.ai\/wp-content\/uploads\/2023\/05\/Swahili-tanzania.png","contentUrl":"https:\/\/talkpal.ai\/wp-content\/uploads\/2023\/05\/Swahili-tanzania.png","width":512,"height":512,"caption":"TalkPal SwahiliFlag"},{"@type":"BreadcrumbList","@id":"https:\/\/talkpal.ai\/mt\/grammatika-tas-swahili\/#breadcrumb","itemListElement":[{"@type":"ListItem","position":1,"name":"Homepage","item":"https:\/\/talkpal.ai\/mt\/"},{"@type":"ListItem","position":2,"name":"Grammatika tas-Swa\u0127ili"}]},{"@type":"WebSite","@id":"https:\/\/talkpal.ai\/mt\/#website","url":"https:\/\/talkpal.ai\/mt\/","name":"Talkpal","description":"AI Language Learning","publisher":{"@id":"https:\/\/talkpal.ai\/mt\/#organization"},"alternateName":"Talkpal AI","potentialAction":[{"@type":"SearchAction","target":{"@type":"EntryPoint","urlTemplate":"https:\/\/talkpal.ai\/mt\/?s={search_term_string}"},"query-input":{"@type":"PropertyValueSpecification","valueRequired":true,"valueName":"search_term_string"}}],"inLanguage":"mt-MT"},{"@type":"Organization","@id":"https:\/\/talkpal.ai\/mt\/#organization","name":"Talkpal, Inc.","alternateName":"Talkpal AI","url":"https:\/\/talkpal.ai\/mt\/","logo":{"@type":"ImageObject","inLanguage":"mt-MT","@id":"https:\/\/talkpal.ai\/mt\/#\/schema\/logo\/image\/","url":"https:\/\/talkpal.ai\/wp-content\/uploads\/2024\/03\/Talkpal-Logo-Icon.png","contentUrl":"https:\/\/talkpal.ai\/wp-content\/uploads\/2024\/03\/Talkpal-Logo-Icon.png","width":2880,"height":2880,"caption":"Talkpal, Inc."},"image":{"@id":"https:\/\/talkpal.ai\/mt\/#\/schema\/logo\/image\/"},"sameAs":["https:\/\/www.facebook.com\/profile.php?id=100090733639311","https:\/\/x.com\/talkpalai","https:\/\/www.linkedin.com\/company\/talkpal\/","https:\/\/www.youtube.com\/@TalkPal\/","https:\/\/www.tiktok.com\/@talkpal","https:\/\/www.instagram.com\/talkpal_ai\/","https:\/\/www.crunchbase.com\/organization\/talkpal-9cde","https:\/\/www.g2.com\/products\/talkpal-for-business\/","https:\/\/www.trustpilot.com\/review\/talkpal.ai","https:\/\/www.capterra.com\/p\/10006800\/TalkPal\/"],"description":"Talkpal is a language learning web and mobile education app, powered by the latest AI technologies, that provides engaging experiences to its customers in many different languages to help them improve their language skills. Users can chat about unlimited amount of topics with the app and use other modes to practice their language learning.","email":"support@talkpal.ai","legalName":"Talkpal, Inc.","foundingDate":"2023-04-03","duns":"118989042","numberOfEmployees":{"@type":"QuantitativeValue","minValue":"11","maxValue":"50"},"publishingPrinciples":"https:\/\/talkpal.ai\/publishing-principles\/","actionableFeedbackPolicy":"https:\/\/talkpal.ai\/actionable-feedback-policy\/","correctionsPolicy":"https:\/\/talkpal.ai\/corrections-policy\/","ethicsPolicy":"https:\/\/talkpal.ai\/ethics-policy\/","diversityPolicy":"https:\/\/talkpal.ai\/diversity-policy\/","diversityStaffingReport":"https:\/\/talkpal.ai\/diversity-policy\/"}]}},"_links":{"self":[{"href":"https:\/\/talkpal.ai\/mt\/wp-json\/wp\/v2\/pages\/1446454","targetHints":{"allow":["GET"]}}],"collection":[{"href":"https:\/\/talkpal.ai\/mt\/wp-json\/wp\/v2\/pages"}],"about":[{"href":"https:\/\/talkpal.ai\/mt\/wp-json\/wp\/v2\/types\/page"}],"author":[{"embeddable":true,"href":"https:\/\/talkpal.ai\/mt\/wp-json\/wp\/v2\/users\/1"}],"replies":[{"embeddable":true,"href":"https:\/\/talkpal.ai\/mt\/wp-json\/wp\/v2\/comments?post=1446454"}],"version-history":[{"count":0,"href":"https:\/\/talkpal.ai\/mt\/wp-json\/wp\/v2\/pages\/1446454\/revisions"}],"wp:featuredmedia":[{"embeddable":true,"href":"https:\/\/talkpal.ai\/mt\/wp-json\/wp\/v2\/media\/1444588"}],"wp:attachment":[{"href":"https:\/\/talkpal.ai\/mt\/wp-json\/wp\/v2\/media?parent=1446454"}],"curies":[{"name":"wp","href":"https:\/\/api.w.org\/{rel}","templated":true}]}}