{"id":1446449,"date":"2023-05-14T14:23:49","date_gmt":"2023-05-14T14:23:49","guid":{"rendered":"https:\/\/talkpal.ai\/grammatika-torka\/"},"modified":"2025-12-13T15:56:10","modified_gmt":"2025-12-13T15:56:10","slug":"grammatika-torka","status":"publish","type":"page","link":"https:\/\/talkpal.ai\/mt\/grammatika-torka\/","title":{"rendered":"Grammatika Torka"},"content":{"rendered":"\r\n\r\n\r\n<section class=\"languageChallengeSection\">\r\n    <div class=\"languageInfoWrapper\">\r\n        \r\n        <h1>Grammatika Torka<\/h1>\r\n        <p>Kurju\u017c dwar it-tag\u0127lim tat-Tork? Esplora l-grammatika Torka u ara kif l-istruttura lo\u0121ika tag\u0127ha, l-armonija tal-vokali, u l-mudelli tal-verbi fa\u010bli biex isegwu jag\u0127mluha kemm affaxxinanti kif ukoll a\u010b\u010bessibbli. Ibda l-vja\u0121\u0121 tieg\u0127ek illum\u2014il-\u0127akma tal-grammatika Torka hija \u010b-\u010bavetta tieg\u0127ek g\u0127all-komunikazzjoni fluwenti u l-ftu\u0127 ta &#039;dinja vibranti ta&#039; kultura u konnessjoni!<\/p>\r\n\r\n                            <a class=\"getStartedHidden\" href=\"https:\/\/app.talkpal.ai\/signup?lng=\">Ibda<\/a>\r\n        \r\n    <\/div>\r\n\r\n    <figure>\r\n    <img decoding=\"async\" width=\"768\" height=\"768\" src=\"https:\/\/talkpal.ai\/wp-content\/uploads\/2023\/06\/turkish-768x768.png\" class=\"languageImage no-lazy\" alt=\"Language learning for increased focus\" fetchpriority=\"high\" sizes=\"(max-width: 768px) 150px, 768px\" srcset=\"https:\/\/talkpal.ai\/wp-content\/uploads\/2023\/06\/turkish-768x768.png 768w, https:\/\/talkpal.ai\/wp-content\/uploads\/2023\/06\/turkish-300x300.png 300w\" \/>\r\n    \r\n\r\n    <\/figure>\r\n\r\n            <a class=\"getStartedVisible\" href=\"https:\/\/app.talkpal.ai\/signup?lng=\">Ibda<\/a>\r\n    \r\n<\/section>\r\n<section class=\"promotionalBanner\">\r\n    <p class=\"promotionalText\">L-aktar mod effi\u010bjenti biex titg\u0127allem lingwa<\/p>\r\n    <a class=\"promotionalLink\" href=\"https:\/\/app.talkpal.ai\/signup?lng=\">Ipprova Talkpal b&#8217;xejn<\/a>\r\n<\/section>\n<div class=\"wp-block-group pageContainerStyle\"><div class=\"wp-block-group__inner-container is-layout-constrained wp-block-group-is-layout-constrained\">\n<h2 class=\"wp-block-heading\" id=\"h-the-ultimate-guide-to-turkish-grammar-navigating-the-intricacies-of-a-unique-language\">Il-Gwida A\u0127\u0127arija g\u0127all-Grammatika Torka: Navigazzjoni fil-Kumplessitajiet ta &#8216;Lingwa Unika<\/h2>\n\n\n\n<p>Il-grammatika Torka, b\u0127all-lingwa nnifisha, tippre\u017centa tapizzerija rikka u affaxxinanti ta&#8217; elementi lingwisti\u010bi. B\u0127ala membru tal-familja tal-lingwa Torka, it-Tork captivates studenters bil-karatteristi\u010bi diversi tieg\u0127u u jisfida anke l-kelliema l-aktar profi\u010bjenti. F&#8217;din il-gwida, a\u0127na ser nesploraw il-prin\u010bipji ewlenin tal-grammatika Torka, niddemistifikaw il-kumplessitajiet tag\u0127ha, u nappo\u0121\u0121jawk fil-vja\u0121\u0121 tieg\u0127ek biex issir fluwenti f&#8217;din il-lingwa captivating. Ejja nibdew!<\/p>\n\n\n\n<h3 class=\"wp-block-heading\" id=\"h-the-nuts-and-bolts-turkish-sentence-structure\">Il-\u0120ew\u017c u l-Boltijiet: Struttura tas-Sentenza Torka<\/h3>\n\n\n\n<p>Fil-qalba tag\u0127ha, il-grammatika Torka hija pjuttost sempli\u010bi. Il-lingwa \u0121eneralment issegwi l-istruttura tas-sentenza <a href=\"https:\/\/talkpal.ai\/culture\/how-do-you-structure-a-sentence-using-subject-object-verb-order-in-uzbek\/\">Subject-Object-Verb<\/a> (SOV), b&#8217;differenza mill-<a href=\"https:\/\/talkpal.ai\/learn-english-with-ai\/\">Ingli\u017c<\/a> u \u0127afna lingwi o\u0127ra. Pere\u017cempju, is-sentenza &#8220;Jiena niekol tuffie\u0127&#8221; tittradu\u010bi g\u0127al &#8220;Ben elma yiyorum&#8221; (Ben = I, elma = tuffie\u0127, yiyorum = jieklu). Sempli\u010bi, hux? Madankollu, hekk kif in\u0127affru aktar fil-fond, tiltaqa &#8216;ma&#8217; xi karatteristi\u010bi intriganti u distintivi tal-grammatika Torka.<\/p>\n\n\n\n<h3 class=\"wp-block-heading\" id=\"h-meet-the-family-turkish-nouns-and-their-suffixes\">Iltaqa &#8216;mal-Familja: Nomi Torok u s-suffissi tag\u0127hom<\/h3>\n\n\n\n<p>Wa\u0127da mill-aktar karatteristi\u010bi partikolari tal-grammatika Torka hija l-u\u017cu ta &#8216;suffissi biex jesprimu diversi relazzjonijiet grammatikali. M&#8217;hemm l-ebda prepo\u017cizzjonijiet fit-Tork; Minflokhom, is-suffissi huma mehmu\u017ca man-nomi biex jindikaw il-pussess, l-o\u0121\u0121etti diretti, u l-post.<\/p>\n\n\n\n<p>Pere\u017cempju, ejja nie\u0127du l-kelma &#8220;elma&#8221; (elma) li tfisser &#8220;tuffie\u0127&#8221;:<\/p>\n\n\n\n<p><strong>&#8211; Pussess: Benim elmam (It-tuffie\u0127 tieg\u0127i)<\/strong><\/p>\n\n\n\n<p><strong>&#8211; O\u0121\u0121ett dirett: Elmay\u0131 yedim (kilt it-tuffie\u0127)<\/strong><\/p>\n\n\n\n<p><strong>&#8211; Post: Elmada (Fit-tuffie\u0127)<\/strong><\/p>\n\n\n\n<p>Huwa importanti li tiffamiljarizza ru\u0127ek ma &#8216;dawn is-suffissi, peress li jistg\u0127u jbiddlu b&#8217;mod drammatiku t-tifsira tas-sentenzi tieg\u0127ek.<\/p>\n\n\n\n<h3 class=\"wp-block-heading\" id=\"h-playing-with-numbers-turkish-plurals-and-genders\">Playing with Numbers: Turkish Plurals and Genders<\/h3>\n\n\n\n<p>Meta tifforma plurali bit-Tork, huwa essenzjali li \u017c\u017cid suffiss wie\u0127ed biss: -ler jew -lar, skont l-eqreb vokali fil-kelma. B&#8217;differenza minn \u0127afna lingwi o\u0127ra, it-Tork m&#8217;g\u0127andux \u0121eneru grammatikali. Dan ifisser li ma jkollokx g\u0127alfejn tinkwieta dwar it-tag\u0127lim ta &#8216;truf jew forom differenti g\u0127al nomi maskili, femminili, jew newtrali.<\/p>\n\n\n\n<p>Pere\u017cempju, &#8220;k\u00f6pek&#8221; (k\u00f6pek, nom li jfisser &#8220;kelb&#8221;) isir &#8220;k\u00f6pekler&#8221; (k\u00f6pekler, klieb), u &#8220;kedi&#8221; (kedi, nom li jfisser &#8220;qattus&#8221;) isir &#8220;kediler&#8221; (kediler, qtates).<\/p>\n\n\n\n<h3 class=\"wp-block-heading\" id=\"h-the-art-of-conjugation-turkish-verbs\">L-Arti tal-Konjugazzjoni: Verbi Torok<\/h3>\n\n\n\n<p>Il-verbi Torok jistg\u0127u jidhru skora\u0121\u0121anti g\u0127all-ewwel, min\u0127abba t-tempi, il-burdati u l-konjugazzjonijiet numeru\u017ci tag\u0127hom. Madankollu, i\u010b-\u010bavetta biex tifhimhom hija li tirrikonoxxi mudelli komuni u tipprattika regolarment.<\/p>\n\n\n\n<p>Bit-Tork, il-verbi ju\u017caw varjet\u00e0 ta &#8216;suffissi biex jindikaw it-temp, il-burdata, u l-persuna. Iz-zokk tal-verb jibqa &#8216;l-istess. Ejja nie\u0127du l-verb &#8220;yemek&#8221; (yemek, &#8220;li tiekol&#8221;) b\u0127ala e\u017cempju:<\/p>\n\n\n\n<p><strong>Pre\u017centi kontinwu tense: Yiyorum (Jien qed niekol)<\/strong><\/p>\n\n\n\n<p><strong>Past tense: Yedim (I kilt)<\/strong><\/p>\n\n\n\n<p><strong>Temp futur: Yiyece\u011fim (I will eat)<\/strong><\/p>\n\n\n\n<p>Kif tistg\u0127u taraw, it-truf jinbidlu skont it-temp u l-persuna. Bil-prattika u l-pa\u010benzja, tibda tirrikonoxxi l-mudelli u tirba\u0127 din l-isfida.<\/p>\n\n\n\n<h3 class=\"wp-block-heading\" id=\"h-the-finishing-touches-turkish-adjectives-adverbs-and-more\">L-A\u0127\u0127ar Touches: A\u0121\u0121ettivi Torok, Avverbji, u Aktar<\/h3>\n\n\n\n<p>Meta ni\u0121u g\u0127all-a\u0121\u0121ettivi u l-avverbji Torok, dawn g\u0127andhom rwol kritiku biex i\u017cidu l-fond u l-kumplessit\u00e0 tad-diskors tieg\u0127ek. L-a\u0121\u0121ettivi fit-Tork m&#8217;g\u0127andhomx g\u0127alfejn jaqblu man-nomi li jimmodifikaw, u jag\u0127mluhom aktar fa\u010bli biex jittrattaw milli f&#8217;\u0127afna lingwi o\u0127ra.<\/p>\n\n\n\n<p>Pere\u017cempju, &#8220;g\u00fczel&#8221; (g\u00fczel) tfisser &#8220;sabi\u0127a,&#8221; u tista &#8216;tarah b\u0127ala &#8220;g\u00fczel \u00e7i\u00e7ek&#8221; (g\u00fczel \u00e7i\u00e7ek, &#8220;fjura sabi\u0127a&#8221;) jew &#8220;g\u00fczel k\u00f6pek&#8221; (g\u00fczel k\u00f6pek, &#8220;kelb sabi\u0127&#8221;), ming\u0127ajr ebda bidla g\u0127all-plural jew is-sess.<\/p>\n\n\n\n<p>L-avverbji normalment isegwu mudelli simili, \u0127afna drabi derivati minn a\u0121\u0121ettivi. Bit-Tork, \u0127afna avverbji jistg\u0127u ji\u0121u ffurmati billi ji\u017cdied is-suffiss -ce jew -ca mal-a\u0121\u0121ettivi, skont l-eqreb vokali.<\/p>\n\n\n\n<p>B\u0127ala konklu\u017cjoni, il-kumplessitajiet u l-partikolaritajiet tal-grammatika Torka, filwaqt li huma ta&#8217; sfida, jag\u0127tu lill-lingwa s-sbu\u0127ija u l-karattru captivating tag\u0127ha. B&#8217;ta\u0127lita ta &#8216;persistenza, kur\u017cit\u00e0, u applikazzjoni prattika, dalwaqt tinnaviga l-grammatika Torka b&#8217;fa\u010bilit\u00e0 u kunfidenza. Tag\u0127lim kuntent!<\/p>\n<\/div><\/div>\n\r\n<section class=\"learnNavigationSection\">\r\n            \r\n        <a href=\"https:\/\/talkpal.ai\/mt\/tghallem-tork\/\">\r\n            <div class=\"learnNavigationWrapper\">\r\n                <div class=\"learnNavigationContent\">\r\n                    <img decoding=\"async\" src=\"https:\/\/talkpal.ai\/wp-content\/uploads\/2024\/08\/Turkish.jpg\" alt=\"Turkish Flag\">\r\n                    <div>\r\n                        <h4>Dwar it-Tag\u0127lim Tork<\/h4>\r\n                        <p>Sir af kollox dwar il-grammatika Torka.<\/p>\r\n                    <\/div>\r\n                <\/div>\r\n            <\/div>\r\n        <\/a>\r\n\r\n        \r\n        <a href=\"https:\/\/talkpal.ai\/mt\/ezercizzji-grammatikali-torok\/\">\r\n            <div class=\"learnNavigationWrapper\">\r\n                <div class=\"learnNavigationContent\">\r\n                    <img decoding=\"async\" src=\"https:\/\/talkpal.ai\/wp-content\/uploads\/2024\/08\/Turkish.jpg\" alt=\"Turkish Flag\">\r\n                    <div>\r\n                        <h4>E\u017cer\u010bizzju tal-Grammatika Torka<\/h4>\r\n                        <p>Ipprattika l-grammatika Torka.<\/p>\r\n                    <\/div>\r\n                <\/div>\r\n            <\/div>\r\n        <\/a>\r\n\r\n        \r\n        <a href=\"https:\/\/talkpal.ai\/vocabulary_language\/turkish\/\">\r\n            <div class=\"learnNavigationWrapper\">\r\n                <div class=\"learnNavigationContent\">\r\n                    <img decoding=\"async\" src=\"https:\/\/talkpal.ai\/wp-content\/uploads\/2024\/08\/Turkish.jpg\" alt=\"Turkish Flag\">\r\n                    <div>\r\n                        <h4>Vokabularju Tork<\/h4>\r\n                        <p>Espandi l-vokabularju Tork tieg\u0127ek.<\/p>\r\n                    <\/div>\r\n                <\/div>\r\n            <\/div>\r\n        <\/a>\r\n\r\n            <\/section>","protected":false},"excerpt":{"rendered":"<p>Il-Gwida A\u0127\u0127arija g\u0127all-Grammatika Torka: Navigazzjoni fil-Kumplessitajiet ta &#8216;Lingwa Unika Il-grammatika Torka, b\u0127all-lingwa nnifisha, tippre\u017centa tapizzerija rikka u affaxxinanti ta&#8217; elementi lingwisti\u010bi. B\u0127ala membru tal-familja tal-lingwa Torka, it-Tork captivates studenters bil-karatteristi\u010bi diversi tieg\u0127u u jisfida anke l-kelliema l-aktar profi\u010bjenti. F&#8217;din il-gwida, a\u0127na ser nesploraw il-prin\u010bipji ewlenin tal-grammatika Torka, niddemistifikaw il-kumplessitajiet tag\u0127ha, u nappo\u0121\u0121jawk fil-vja\u0121\u0121 tieg\u0127ek biex [&hellip;]<\/p>\n","protected":false},"author":1,"featured_media":1443411,"parent":0,"menu_order":0,"comment_status":"closed","ping_status":"closed","template":"LearningContentPage.php","meta":{"_acf_changed":false,"footnotes":""},"class_list":["post-1446449","page","type-page","status-publish","has-post-thumbnail","hentry"],"acf":[],"yoast_head":"<!-- This site is optimized with the Yoast SEO Premium plugin v27.2 (Yoast SEO v27.2) - https:\/\/yoast.com\/product\/yoast-seo-premium-wordpress\/ -->\n<title>Grammatika Torka - Talkpal<\/title>\n<meta name=\"description\" content=\"Unlock the secrets of Turkish grammar with our comprehensive guide to its key principles and sentence structure.\" \/>\n<meta name=\"robots\" content=\"index, follow, max-snippet:-1, max-image-preview:large, max-video-preview:-1\" \/>\n<link rel=\"canonical\" href=\"https:\/\/talkpal.ai\/mt\/grammatika-torka\/\" \/>\n<meta property=\"og:locale\" content=\"mt_MT\" \/>\n<meta property=\"og:type\" content=\"article\" \/>\n<meta property=\"og:title\" content=\"Grammatika Torka\" \/>\n<meta property=\"og:description\" content=\"Il-Gwida A\u0127\u0127arija g\u0127all-Grammatika Torka: Navigazzjoni fil-Kumplessitajiet ta &#039;Lingwa Unika Il-grammatika Torka, b\u0127all-lingwa nnifisha, tippre\u017centa\" \/>\n<meta property=\"og:url\" content=\"https:\/\/talkpal.ai\/mt\/grammatika-torka\/\" \/>\n<meta property=\"og:site_name\" content=\"Talkpal\" \/>\n<meta property=\"article:publisher\" content=\"https:\/\/www.facebook.com\/profile.php?id=100090733639311\" \/>\n<meta property=\"article:modified_time\" content=\"2025-12-13T15:56:10+00:00\" \/>\n<meta property=\"og:image\" content=\"https:\/\/talkpal.ai\/wp-content\/uploads\/2023\/05\/turkish.png\" \/>\n\t<meta property=\"og:image:width\" content=\"512\" \/>\n\t<meta property=\"og:image:height\" content=\"512\" \/>\n\t<meta property=\"og:image:type\" content=\"image\/png\" \/>\n<meta name=\"twitter:card\" content=\"summary_large_image\" \/>\n<meta name=\"twitter:site\" content=\"@talkpalai\" \/>\n<meta name=\"twitter:label1\" content=\"Est. reading time\" \/>\n\t<meta name=\"twitter:data1\" content=\"3 minutes\" \/>\n<script type=\"application\/ld+json\" class=\"yoast-schema-graph\">{\"@context\":\"https:\/\/schema.org\",\"@graph\":[{\"@type\":\"WebPage\",\"@id\":\"https:\/\/talkpal.ai\/mt\/grammatika-torka\/\",\"url\":\"https:\/\/talkpal.ai\/mt\/grammatika-torka\/\",\"name\":\"Grammatika Torka - Talkpal\",\"isPartOf\":{\"@id\":\"https:\/\/talkpal.ai\/mt\/#website\"},\"primaryImageOfPage\":{\"@id\":\"https:\/\/talkpal.ai\/mt\/grammatika-torka\/#primaryimage\"},\"image\":{\"@id\":\"https:\/\/talkpal.ai\/mt\/grammatika-torka\/#primaryimage\"},\"thumbnailUrl\":\"https:\/\/talkpal.ai\/wp-content\/uploads\/2023\/05\/turkish.png\",\"datePublished\":\"2023-05-14T14:23:49+00:00\",\"dateModified\":\"2025-12-13T15:56:10+00:00\",\"description\":\"Unlock the secrets of Turkish grammar with our comprehensive guide to its key principles and sentence structure.\",\"breadcrumb\":{\"@id\":\"https:\/\/talkpal.ai\/mt\/grammatika-torka\/#breadcrumb\"},\"inLanguage\":\"mt-MT\",\"potentialAction\":[{\"@type\":\"ReadAction\",\"target\":[\"https:\/\/talkpal.ai\/mt\/grammatika-torka\/\"]}]},{\"@type\":\"ImageObject\",\"inLanguage\":\"mt-MT\",\"@id\":\"https:\/\/talkpal.ai\/mt\/grammatika-torka\/#primaryimage\",\"url\":\"https:\/\/talkpal.ai\/wp-content\/uploads\/2023\/05\/turkish.png\",\"contentUrl\":\"https:\/\/talkpal.ai\/wp-content\/uploads\/2023\/05\/turkish.png\",\"width\":512,\"height\":512,\"caption\":\"TalkPal Turkish Flag\"},{\"@type\":\"BreadcrumbList\",\"@id\":\"https:\/\/talkpal.ai\/mt\/grammatika-torka\/#breadcrumb\",\"itemListElement\":[{\"@type\":\"ListItem\",\"position\":1,\"name\":\"Homepage\",\"item\":\"https:\/\/talkpal.ai\/mt\/\"},{\"@type\":\"ListItem\",\"position\":2,\"name\":\"Grammatika Torka\"}]},{\"@type\":\"WebSite\",\"@id\":\"https:\/\/talkpal.ai\/mt\/#website\",\"url\":\"https:\/\/talkpal.ai\/mt\/\",\"name\":\"Talkpal\",\"description\":\"AI Language Learning\",\"publisher\":{\"@id\":\"https:\/\/talkpal.ai\/mt\/#organization\"},\"alternateName\":\"Talkpal AI\",\"potentialAction\":[{\"@type\":\"SearchAction\",\"target\":{\"@type\":\"EntryPoint\",\"urlTemplate\":\"https:\/\/talkpal.ai\/mt\/?s={search_term_string}\"},\"query-input\":{\"@type\":\"PropertyValueSpecification\",\"valueRequired\":true,\"valueName\":\"search_term_string\"}}],\"inLanguage\":\"mt-MT\"},{\"@type\":\"Organization\",\"@id\":\"https:\/\/talkpal.ai\/mt\/#organization\",\"name\":\"Talkpal, Inc.\",\"alternateName\":\"Talkpal AI\",\"url\":\"https:\/\/talkpal.ai\/mt\/\",\"logo\":{\"@type\":\"ImageObject\",\"inLanguage\":\"mt-MT\",\"@id\":\"https:\/\/talkpal.ai\/mt\/#\/schema\/logo\/image\/\",\"url\":\"https:\/\/talkpal.ai\/wp-content\/uploads\/2024\/03\/Talkpal-Logo-Icon.png\",\"contentUrl\":\"https:\/\/talkpal.ai\/wp-content\/uploads\/2024\/03\/Talkpal-Logo-Icon.png\",\"width\":2880,\"height\":2880,\"caption\":\"Talkpal, Inc.\"},\"image\":{\"@id\":\"https:\/\/talkpal.ai\/mt\/#\/schema\/logo\/image\/\"},\"sameAs\":[\"https:\/\/www.facebook.com\/profile.php?id=100090733639311\",\"https:\/\/x.com\/talkpalai\",\"https:\/\/www.linkedin.com\/company\/talkpal\/\",\"https:\/\/www.youtube.com\/@TalkPal\/\",\"https:\/\/www.tiktok.com\/@talkpal\",\"https:\/\/www.instagram.com\/talkpal_ai\/\",\"https:\/\/www.crunchbase.com\/organization\/talkpal-9cde\",\"https:\/\/www.g2.com\/products\/talkpal-for-business\/\",\"https:\/\/www.trustpilot.com\/review\/talkpal.ai\",\"https:\/\/www.capterra.com\/p\/10006800\/TalkPal\/\"],\"description\":\"Talkpal is a language learning web and mobile education app, powered by the latest AI technologies, that provides engaging experiences to its customers in many different languages to help them improve their language skills. Users can chat about unlimited amount of topics with the app and use other modes to practice their language learning.\",\"email\":\"support@talkpal.ai\",\"legalName\":\"Talkpal, Inc.\",\"foundingDate\":\"2023-04-03\",\"duns\":\"118989042\",\"numberOfEmployees\":{\"@type\":\"QuantitativeValue\",\"minValue\":\"11\",\"maxValue\":\"50\"},\"publishingPrinciples\":\"https:\/\/talkpal.ai\/publishing-principles\/\",\"actionableFeedbackPolicy\":\"https:\/\/talkpal.ai\/actionable-feedback-policy\/\",\"correctionsPolicy\":\"https:\/\/talkpal.ai\/corrections-policy\/\",\"ethicsPolicy\":\"https:\/\/talkpal.ai\/ethics-policy\/\",\"diversityPolicy\":\"https:\/\/talkpal.ai\/diversity-policy\/\",\"diversityStaffingReport\":\"https:\/\/talkpal.ai\/diversity-policy\/\"}]}<\/script>\n<!-- \/ Yoast SEO Premium plugin. -->","yoast_head_json":{"title":"Grammatika Torka - Talkpal","description":"Unlock the secrets of Turkish grammar with our comprehensive guide to its key principles and sentence structure.","robots":{"index":"index","follow":"follow","max-snippet":"max-snippet:-1","max-image-preview":"max-image-preview:large","max-video-preview":"max-video-preview:-1"},"canonical":"https:\/\/talkpal.ai\/mt\/grammatika-torka\/","og_locale":"mt_MT","og_type":"article","og_title":"Grammatika Torka","og_description":"Il-Gwida A\u0127\u0127arija g\u0127all-Grammatika Torka: Navigazzjoni fil-Kumplessitajiet ta 'Lingwa Unika Il-grammatika Torka, b\u0127all-lingwa nnifisha, tippre\u017centa","og_url":"https:\/\/talkpal.ai\/mt\/grammatika-torka\/","og_site_name":"Talkpal","article_publisher":"https:\/\/www.facebook.com\/profile.php?id=100090733639311","article_modified_time":"2025-12-13T15:56:10+00:00","og_image":[{"width":512,"height":512,"url":"https:\/\/talkpal.ai\/wp-content\/uploads\/2023\/05\/turkish.png","type":"image\/png"}],"twitter_card":"summary_large_image","twitter_site":"@talkpalai","twitter_misc":{"Est. reading time":"3 minutes"},"schema":{"@context":"https:\/\/schema.org","@graph":[{"@type":"WebPage","@id":"https:\/\/talkpal.ai\/mt\/grammatika-torka\/","url":"https:\/\/talkpal.ai\/mt\/grammatika-torka\/","name":"Grammatika Torka - Talkpal","isPartOf":{"@id":"https:\/\/talkpal.ai\/mt\/#website"},"primaryImageOfPage":{"@id":"https:\/\/talkpal.ai\/mt\/grammatika-torka\/#primaryimage"},"image":{"@id":"https:\/\/talkpal.ai\/mt\/grammatika-torka\/#primaryimage"},"thumbnailUrl":"https:\/\/talkpal.ai\/wp-content\/uploads\/2023\/05\/turkish.png","datePublished":"2023-05-14T14:23:49+00:00","dateModified":"2025-12-13T15:56:10+00:00","description":"Unlock the secrets of Turkish grammar with our comprehensive guide to its key principles and sentence structure.","breadcrumb":{"@id":"https:\/\/talkpal.ai\/mt\/grammatika-torka\/#breadcrumb"},"inLanguage":"mt-MT","potentialAction":[{"@type":"ReadAction","target":["https:\/\/talkpal.ai\/mt\/grammatika-torka\/"]}]},{"@type":"ImageObject","inLanguage":"mt-MT","@id":"https:\/\/talkpal.ai\/mt\/grammatika-torka\/#primaryimage","url":"https:\/\/talkpal.ai\/wp-content\/uploads\/2023\/05\/turkish.png","contentUrl":"https:\/\/talkpal.ai\/wp-content\/uploads\/2023\/05\/turkish.png","width":512,"height":512,"caption":"TalkPal Turkish Flag"},{"@type":"BreadcrumbList","@id":"https:\/\/talkpal.ai\/mt\/grammatika-torka\/#breadcrumb","itemListElement":[{"@type":"ListItem","position":1,"name":"Homepage","item":"https:\/\/talkpal.ai\/mt\/"},{"@type":"ListItem","position":2,"name":"Grammatika Torka"}]},{"@type":"WebSite","@id":"https:\/\/talkpal.ai\/mt\/#website","url":"https:\/\/talkpal.ai\/mt\/","name":"Talkpal","description":"AI Language Learning","publisher":{"@id":"https:\/\/talkpal.ai\/mt\/#organization"},"alternateName":"Talkpal AI","potentialAction":[{"@type":"SearchAction","target":{"@type":"EntryPoint","urlTemplate":"https:\/\/talkpal.ai\/mt\/?s={search_term_string}"},"query-input":{"@type":"PropertyValueSpecification","valueRequired":true,"valueName":"search_term_string"}}],"inLanguage":"mt-MT"},{"@type":"Organization","@id":"https:\/\/talkpal.ai\/mt\/#organization","name":"Talkpal, Inc.","alternateName":"Talkpal AI","url":"https:\/\/talkpal.ai\/mt\/","logo":{"@type":"ImageObject","inLanguage":"mt-MT","@id":"https:\/\/talkpal.ai\/mt\/#\/schema\/logo\/image\/","url":"https:\/\/talkpal.ai\/wp-content\/uploads\/2024\/03\/Talkpal-Logo-Icon.png","contentUrl":"https:\/\/talkpal.ai\/wp-content\/uploads\/2024\/03\/Talkpal-Logo-Icon.png","width":2880,"height":2880,"caption":"Talkpal, Inc."},"image":{"@id":"https:\/\/talkpal.ai\/mt\/#\/schema\/logo\/image\/"},"sameAs":["https:\/\/www.facebook.com\/profile.php?id=100090733639311","https:\/\/x.com\/talkpalai","https:\/\/www.linkedin.com\/company\/talkpal\/","https:\/\/www.youtube.com\/@TalkPal\/","https:\/\/www.tiktok.com\/@talkpal","https:\/\/www.instagram.com\/talkpal_ai\/","https:\/\/www.crunchbase.com\/organization\/talkpal-9cde","https:\/\/www.g2.com\/products\/talkpal-for-business\/","https:\/\/www.trustpilot.com\/review\/talkpal.ai","https:\/\/www.capterra.com\/p\/10006800\/TalkPal\/"],"description":"Talkpal is a language learning web and mobile education app, powered by the latest AI technologies, that provides engaging experiences to its customers in many different languages to help them improve their language skills. Users can chat about unlimited amount of topics with the app and use other modes to practice their language learning.","email":"support@talkpal.ai","legalName":"Talkpal, Inc.","foundingDate":"2023-04-03","duns":"118989042","numberOfEmployees":{"@type":"QuantitativeValue","minValue":"11","maxValue":"50"},"publishingPrinciples":"https:\/\/talkpal.ai\/publishing-principles\/","actionableFeedbackPolicy":"https:\/\/talkpal.ai\/actionable-feedback-policy\/","correctionsPolicy":"https:\/\/talkpal.ai\/corrections-policy\/","ethicsPolicy":"https:\/\/talkpal.ai\/ethics-policy\/","diversityPolicy":"https:\/\/talkpal.ai\/diversity-policy\/","diversityStaffingReport":"https:\/\/talkpal.ai\/diversity-policy\/"}]}},"_links":{"self":[{"href":"https:\/\/talkpal.ai\/mt\/wp-json\/wp\/v2\/pages\/1446449","targetHints":{"allow":["GET"]}}],"collection":[{"href":"https:\/\/talkpal.ai\/mt\/wp-json\/wp\/v2\/pages"}],"about":[{"href":"https:\/\/talkpal.ai\/mt\/wp-json\/wp\/v2\/types\/page"}],"author":[{"embeddable":true,"href":"https:\/\/talkpal.ai\/mt\/wp-json\/wp\/v2\/users\/1"}],"replies":[{"embeddable":true,"href":"https:\/\/talkpal.ai\/mt\/wp-json\/wp\/v2\/comments?post=1446449"}],"version-history":[{"count":0,"href":"https:\/\/talkpal.ai\/mt\/wp-json\/wp\/v2\/pages\/1446449\/revisions"}],"wp:featuredmedia":[{"embeddable":true,"href":"https:\/\/talkpal.ai\/mt\/wp-json\/wp\/v2\/media\/1443411"}],"wp:attachment":[{"href":"https:\/\/talkpal.ai\/mt\/wp-json\/wp\/v2\/media?parent=1446449"}],"curies":[{"name":"wp","href":"https:\/\/api.w.org\/{rel}","templated":true}]}}