{"id":1446442,"date":"2023-06-16T08:35:52","date_gmt":"2023-06-16T08:35:52","guid":{"rendered":"https:\/\/talkpal.ai\/ezercizzji-grammatikali-francizi\/"},"modified":"2025-12-17T16:47:08","modified_gmt":"2025-12-17T16:47:08","slug":"ezercizzji-grammatikali-francizi","status":"publish","type":"page","link":"https:\/\/talkpal.ai\/mt\/ezercizzji-grammatikali-francizi\/","title":{"rendered":"E\u017cer\u010bizzji grammatikali Fran\u010bi\u017ci"},"content":{"rendered":"\r\n\r\n\r\n<section class=\"languageChallengeSection\">\r\n    <div class=\"languageInfoWrapper\">\r\n        \r\n        <h1>E\u017cer\u010bizzji grammatikali Fran\u010bi\u017ci<\/h1>\r\n        <p>Qed tfittex li titg\u0127allem il-Fran\u010bi\u017c? Il-prattika tal-e\u017cer\u010bizzji tal-grammatika hija mod meravilju\u017c biex tifhem l-istruttura tas-sentenza, il-konjugazzjonijiet tal-verbi, u l-mudelli uni\u010bi tal-lingwa Fran\u010bi\u017ca. Ibda ta\u0127dem fuq il-grammatika Fran\u010bi\u017ca llum u ara l-kunfidenza u l-\u0127effa tieg\u0127ek jikbru ma &#039;kull e\u017cer\u010bizzju!\n\n<\/p>\r\n\r\n                            <a class=\"getStartedHidden\" href=\"https:\/\/app.talkpal.ai\/signup?lng=\">Ibda<\/a>\r\n        \r\n    <\/div>\r\n\r\n    <figure>\r\n    <img decoding=\"async\" width=\"768\" height=\"768\" src=\"https:\/\/talkpal.ai\/wp-content\/uploads\/2023\/06\/french-768x768.png\" class=\"languageImage no-lazy\" alt=\"Language learning strategies for professionals\" fetchpriority=\"high\" sizes=\"(max-width: 768px) 150px, 768px\" srcset=\"https:\/\/talkpal.ai\/wp-content\/uploads\/2023\/06\/french-768x768.png 768w, https:\/\/talkpal.ai\/wp-content\/uploads\/2023\/06\/french-300x300.png 300w\" \/>\r\n    \r\n\r\n    <\/figure>\r\n\r\n            <a class=\"getStartedVisible\" href=\"https:\/\/app.talkpal.ai\/signup?lng=\">Ibda<\/a>\r\n    \r\n<\/section>\r\n\r\n\r\n<!-- <section class=\"grammarSection\">\r\n    <div class=\"grammarLinks\">\r\n            <\/div>\r\n<\/section> -->\r\n\r\n\r\n\r\n\r\n<section class=\"promotionalBanner\">\r\n    <p class=\"promotionalText\">L-aktar mod effi\u010bjenti biex titg\u0127allem lingwa<\/p>\r\n    <a class=\"promotionalLink\" href=\"https:\/\/app.talkpal.ai\/signup?lng=\">Ipprova Talkpal b&#8217;xejn<\/a>\r\n<\/section>\n<div class=\"wp-block-group pageContainerStyle\"><div class=\"wp-block-group__inner-container is-layout-constrained wp-block-group-is-layout-constrained\">\n<h2 class=\"wp-block-heading\" id=\"h-french-grammar-topics\">Su\u0121\u0121etti tal-Grammatika Fran\u010bi\u017ca<\/h2>\n\n\n\n<p>It-tag\u0127lim tal-Fran\u010bi\u017c jista &#8216;jkun esperjenza e\u010b\u010bitanti u ta&#8217; sodisfazzjon. B\u0127ala lingwa rikka fl-istorja u l-kultura, il-Fran\u010bi\u017c joffri perspettiva unika fuq id-dinja u huwa g\u0127odda essenzjali ta&#8217; komunikazzjoni f&#8217;diversi oqsma. Biex titg\u0127allem il-Fran\u010bi\u017c b&#8217;mod effettiv, huwa kru\u010bjali li jkollok fehim tajjeb tal-grammatika tag\u0127ha, li hija l-pedament ta&#8217; kwalunkwe lingwa. Is-sekwenza li \u0121ejja ta &#8216;su\u0121\u0121etti tal-grammatika Fran\u010bi\u017ca, inklu\u017ci a\u0121\u0121ettivi, avverbji, artikli, nomi, prepo\u017cizzjonijiet, pronomi u determinaturi, struttura tas-sentenza, tempi &#8211; indikattivi, u verbi, se jg\u0127inuk tiggwidak fil-vja\u0121\u0121 tieg\u0127ek lejn il-\u0127akma tal-lingwa.<\/p>\n\n\n\n<h3 class=\"wp-block-heading\" id=\"h-1-nouns\">1. Nomi:<\/h3>\n\n\n\n<p>In-nomi huma l-blokki ewlenin tal-bini ta&#8217; kwalunkwe lingwa, peress li jirrappre\u017centaw nies, postijiet, affarijiet, jew ideat. Bil-Fran\u010bi\u017c, in-nomi g\u0127andhom \u0121eneri (maskili jew femminili) u jistg\u0127u jkunu singulari jew plurali. Il-fehim tal-\u0121eneru u n-numru ta&#8217; nomi huwa vitali, peress li jinfluwenza l-forom ta&#8217; kliem ie\u0127or f&#8217;sentenza, b\u0127al a\u0121\u0121ettivi, artikli, u pronomi.<\/p>\n\n\n\n<h3 class=\"wp-block-heading\" id=\"h-2-articles\">2. Artikoli:<\/h3>\n\n\n\n<p>L-artikli huma essenzjali fil-grammatika Fran\u010bi\u017ca, peress li jipprovdu informazzjoni dwar is-sess u n-numru ta&#8217; nom. Hemm tliet tipi ta&#8217; artikli bil-Fran\u010bi\u017c: definit (le, la, les), indefinit (un, une, des), u partitiv (du, de la, des). L-u\u017cu tal-artiklu xieraq jg\u0127in biex jitwassal it-tifsira intenzjonata ta&#8217; sentenza.<\/p>\n\n\n\n<h3 class=\"wp-block-heading\" id=\"h-3-adjectives\">3. A\u0121\u0121ettivi:<\/h3>\n\n\n\n<p>L-a\u0121\u0121ettivi jintu\u017caw biex jiddeskrivu jew jimmodifikaw in-nomi. Bil-Fran\u010bi\u017c, l-a\u0121\u0121ettivi g\u0127andhom jaqblu man-nom li jimmodifikaw fis-sess u n-numru. <a href=\"https:\/\/talkpal.ai\/locations\/language-courses-in-barra\/\">Barra<\/a> minn hekk, il-po\u017cizzjoni tal-a\u0121\u0121ettivi f&#8217;sentenza tista &#8216;tvarja, g\u0127alkemm il-bi\u010b\u010ba l-kbira tal-a\u0121\u0121ettivi jsegwu n-nom li jiddeskrivu.<\/p>\n\n\n\n<h3 class=\"wp-block-heading\" id=\"h-4-pronouns-and-determiners\">4. Pronomi u Determinaturi:<\/h3>\n\n\n\n<p>Il-pronomi jissostitwixxu n-nomi biex jevitaw ir-ripetizzjoni, filwaqt li d-determinaturi jispe\u010bifikaw jew jikkwantifikaw in-nomi. Kemm il-pronomi kif ukoll id-determinanti g\u0127andhom jaqblu man-nom li jissostitwixxu jew jakkumpanjaw fis-sess u n-numru. Il-pronomi Fran\u010bi\u017ci jinkludu pronomi tas-su\u0121\u0121ett (je, tu, il, e\u010b\u010b.), Pronomi tal-o\u0121\u0121ett (me, te, lui, e\u010b\u010b.), u <a href=\"https:\/\/talkpal.ai\/ar\/grammar_exercises\/pronomi-riflessivi-%d8%aa%d9%85%d8%a7%d8%b1%d9%8a%d9%86-%d9%84%d9%84%d9%82%d9%88%d8%a7%d8%b9%d8%af-%d8%a7%d9%84%d8%a5%d9%8a%d8%b7%d8%a7%d9%84%d9%8a%d8%a9\/\">pronomi riflessivi<\/a> (me, te, se, e\u010b\u010b.). Id-determinaturi jinkludu a\u0121\u0121ettivi possessivi (mon, ma, mes, e\u010b\u010b.) u a\u0121\u0121ettivi dimostrattivi (ce, cette, ces, e\u010b\u010b.).<\/p>\n\n\n\n<h3 class=\"wp-block-heading\" id=\"h-5-verbs\">5. Verbi:<\/h3>\n\n\n\n<p>Il-verbi jesprimu azzjonijiet, stati, jew okkorrenzi. Fil-Fran\u010bi\u017c, il-verbi huma konjugati biex jaqblu mas-su\u0121\u0121ett fil-persuna u n-numru u biex jesprimu tempi u burdati differenti. Il-verbi regolari jsegwu mudell prevedibbli, filwaqt li verbi irregolari je\u0127tie\u0121u memorizzazzjoni.<\/p>\n\n\n\n<h3 class=\"wp-block-heading\" id=\"h-6-tenses-indicative\">6. Tenses &#8211; Indikattiv:<\/h3>\n\n\n\n<p>Il-burdata indikattiva tintu\u017ca biex tesprimi fatti u dikjarazzjonijiet o\u0121\u0121ettivi. Hemm tmien tempi fl-indikattiv Fran\u010bi\u017c: pre\u017cent, futur, imperfett, passat sempli\u010bi, pluperfett, futur perfett, passat kondizzjonali, u passat perfett. Il-fehim u l-\u0127akma ta &#8216;dawn it-tempi huwa kru\u010bjali biex tesprimi l-\u0127in u s-sekwenza bil-Fran\u010bi\u017c.<\/p>\n\n\n\n<h3 class=\"wp-block-heading\" id=\"h-7-adverbs\">7. Avverbji:<\/h3>\n\n\n\n<p>L-avverbji jimmodifikaw verbi, a\u0121\u0121ettivi, jew avverbji o\u0127ra, u jipprovdu informazzjoni addizzjonali dwar l-azzjoni, l-istat, jew il-kwalit\u00e0. Fil-Fran\u010bi\u017c, il-bi\u010b\u010ba l-kbira tal-avverbji huma ffurmati billi ji\u017cdiedu -ment mal-forma femminili tal-a\u0121\u0121ettiv. L-avverbji \u0121eneralment isegwu l-verb li jimmodifikaw.<\/p>\n\n\n\n<h3 class=\"wp-block-heading\" id=\"h-8-prepositions\">8. Prepo\u017cizzjonijiet:<\/h3>\n\n\n\n<p>Il-prepo\u017cizzjonijiet jorbtu kliem jew gruppi ta&#8217; kliem, u jindikaw relazzjonijiet b\u0127al post, direzzjoni, \u0127in, jew kaw\u017ca. Il-prepo\u017cizzjonijiet Fran\u010bi\u017ci komuni jinkludu \u00e0 (at, to), de (of, from), en (in, on), u pour (for). It-tag\u0127lim tal-prepo\u017cizzjonijiet u l-u\u017cu tag\u0127hom huwa essenzjali g\u0127all-kostruzzjoni ta&#8217; sentenzi koerenti.<\/p>\n\n\n\n<h3 class=\"wp-block-heading\" id=\"h-9-sentence-structure\">9. Struttura tas-sentenza:<\/h3>\n\n\n\n<p>Sentenzi Fran\u010bi\u017ci jsegwu struttura su\u0121\u0121ett-verb-o\u0121\u0121ett (SVO), simili g\u0127all-<a href=\"https:\/\/talkpal.ai\/learn-english-with-ai\/\">Ingli\u017c<\/a>. Madankollu, l-ordni tal-kliem tista &#8216;tvarja skont l-u\u017cu ta&#8217; pronomi, in-negazzjoni, u l-enfasi. Il-fehim tal-istruttura tas-sentenza huwa vitali g\u0127all-formazzjoni ta&#8217; dikjarazzjonijiet u mistoqsijiet \u010bari u pre\u010bi\u017ci bil-Fran\u010bi\u017c.<\/p>\n<\/div><\/div>\n\r\n<section class=\"learnNavigationSection\">\r\n            \r\n        <a href=\"https:\/\/talkpal.ai\/mt\/tghallem-il-franciz\/\">\r\n            <div class=\"learnNavigationWrapper\">\r\n                <div class=\"learnNavigationContent\">\r\n                    <img decoding=\"async\" src=\"https:\/\/talkpal.ai\/wp-content\/uploads\/2024\/08\/French.jpg\" alt=\"French Flag\">\r\n                    <div>\r\n                        <h4>Dwar it-Tag\u0127lim tal-Fran\u010bi\u017c<\/h4>\r\n                        <p>Sir af kollox dwar il-grammatika Fran\u010bi\u017ca.<\/p>\r\n                    <\/div>\r\n                <\/div>\r\n            <\/div>\r\n        <\/a>\r\n\r\n        \r\n        <a href=\"https:\/\/talkpal.ai\/mt\/grammatika-franciza\/\">\r\n            <div class=\"learnNavigationWrapper\">\r\n                <div class=\"learnNavigationContent\">\r\n                    <img decoding=\"async\" src=\"https:\/\/talkpal.ai\/wp-content\/uploads\/2024\/08\/French.jpg\" alt=\"French Flag\">\r\n                    <div>\r\n                        <h4>Lezzjonijiet tal-Grammatika Fran\u010bi\u017ca<\/h4>\r\n                        <p>Prattika l-grammatika Fran\u010bi\u017ca.<\/p>\r\n                    <\/div>\r\n                <\/div>\r\n            <\/div>\r\n        <\/a>\r\n\r\n        \r\n        <a href=\"https:\/\/talkpal.ai\/vocabulary_language\/french\/\">\r\n            <div class=\"learnNavigationWrapper\">\r\n                <div class=\"learnNavigationContent\">\r\n                    <img decoding=\"async\" src=\"https:\/\/talkpal.ai\/wp-content\/uploads\/2024\/08\/French.jpg\" alt=\"French Flag\">\r\n                    <div>\r\n                        <h4>Vokabularju Fran\u010bi\u017c<\/h4>\r\n                        <p>Espandi l-vokabularju Fran\u010bi\u017c tieg\u0127ek.<\/p>\r\n                    <\/div>\r\n                <\/div>\r\n            <\/div>\r\n        <\/a>\r\n\r\n            <\/section>","protected":false},"excerpt":{"rendered":"<p>Su\u0121\u0121etti tal-Grammatika Fran\u010bi\u017ca It-tag\u0127lim tal-Fran\u010bi\u017c jista &#8216;jkun esperjenza e\u010b\u010bitanti u ta&#8217; sodisfazzjon. B\u0127ala lingwa rikka fl-istorja u l-kultura, il-Fran\u010bi\u017c joffri perspettiva unika fuq id-dinja u huwa g\u0127odda essenzjali ta&#8217; komunikazzjoni f&#8217;diversi oqsma. Biex titg\u0127allem il-Fran\u010bi\u017c b&#8217;mod effettiv, huwa kru\u010bjali li jkollok fehim tajjeb tal-grammatika tag\u0127ha, li hija l-pedament ta&#8217; kwalunkwe lingwa. Is-sekwenza li \u0121ejja ta [&hellip;]<\/p>\n","protected":false},"author":6,"featured_media":1439896,"parent":0,"menu_order":0,"comment_status":"closed","ping_status":"closed","template":"LearningContentPage.php","meta":{"_acf_changed":false,"footnotes":""},"class_list":["post-1446442","page","type-page","status-publish","has-post-thumbnail","hentry"],"acf":[],"yoast_head":"<!-- This site is optimized with the Yoast SEO Premium plugin v27.2 (Yoast SEO v27.2) - https:\/\/yoast.com\/product\/yoast-seo-premium-wordpress\/ -->\n<title>E\u017cer\u010bizzji grammatikali Fran\u010bi\u017ci - Talkpal<\/title>\n<meta name=\"description\" content=\"Prattika u ttejjeb il-\u0127iliet tal-grammatika Fran\u010bi\u017ca tieg\u0127ek b&#039;e\u017cer\u010bizzji interattivi ddisinjati g\u0127al-livelli kollha. Ittejjeb il-profi\u010bjenza lingwistika tieg\u0127ek!\" \/>\n<meta name=\"robots\" content=\"index, follow, max-snippet:-1, max-image-preview:large, max-video-preview:-1\" \/>\n<link rel=\"canonical\" href=\"https:\/\/talkpal.ai\/mt\/ezercizzji-grammatikali-francizi\/\" \/>\n<meta property=\"og:locale\" content=\"mt_MT\" \/>\n<meta property=\"og:type\" content=\"article\" \/>\n<meta property=\"og:title\" content=\"E\u017cer\u010bizzji grammatikali Fran\u010bi\u017ci\" \/>\n<meta property=\"og:description\" content=\"Su\u0121\u0121etti tal-Grammatika Fran\u010bi\u017ca It-tag\u0127lim tal-Fran\u010bi\u017c jista &#039;jkun esperjenza e\u010b\u010bitanti u ta&#039; sodisfazzjon. B\u0127ala lingwa rikka fl-istorja u l-kultura,\" \/>\n<meta property=\"og:url\" content=\"https:\/\/talkpal.ai\/mt\/ezercizzji-grammatikali-francizi\/\" \/>\n<meta property=\"og:site_name\" content=\"Talkpal\" \/>\n<meta property=\"article:publisher\" content=\"https:\/\/www.facebook.com\/profile.php?id=100090733639311\" \/>\n<meta property=\"article:modified_time\" content=\"2025-12-17T16:47:08+00:00\" \/>\n<meta property=\"og:image\" content=\"https:\/\/talkpal.ai\/wp-content\/uploads\/2023\/03\/france.png\" \/>\n\t<meta property=\"og:image:width\" content=\"512\" \/>\n\t<meta property=\"og:image:height\" content=\"512\" \/>\n\t<meta property=\"og:image:type\" content=\"image\/png\" \/>\n<meta name=\"twitter:card\" content=\"summary_large_image\" \/>\n<meta name=\"twitter:site\" content=\"@talkpalai\" \/>\n<meta name=\"twitter:label1\" content=\"Est. reading time\" \/>\n\t<meta name=\"twitter:data1\" content=\"3 minutes\" \/>\n<script type=\"application\/ld+json\" class=\"yoast-schema-graph\">{\"@context\":\"https:\/\/schema.org\",\"@graph\":[{\"@type\":\"WebPage\",\"@id\":\"https:\/\/talkpal.ai\/mt\/ezercizzji-grammatikali-francizi\/\",\"url\":\"https:\/\/talkpal.ai\/mt\/ezercizzji-grammatikali-francizi\/\",\"name\":\"E\u017cer\u010bizzji grammatikali Fran\u010bi\u017ci - Talkpal\",\"isPartOf\":{\"@id\":\"https:\/\/talkpal.ai\/mt\/#website\"},\"primaryImageOfPage\":{\"@id\":\"https:\/\/talkpal.ai\/mt\/ezercizzji-grammatikali-francizi\/#primaryimage\"},\"image\":{\"@id\":\"https:\/\/talkpal.ai\/mt\/ezercizzji-grammatikali-francizi\/#primaryimage\"},\"thumbnailUrl\":\"https:\/\/talkpal.ai\/wp-content\/uploads\/2023\/03\/france.png\",\"datePublished\":\"2023-06-16T08:35:52+00:00\",\"dateModified\":\"2025-12-17T16:47:08+00:00\",\"description\":\"Prattika u ttejjeb il-\u0127iliet tal-grammatika Fran\u010bi\u017ca tieg\u0127ek b'e\u017cer\u010bizzji interattivi ddisinjati g\u0127al-livelli kollha. Ittejjeb il-profi\u010bjenza lingwistika tieg\u0127ek!\",\"breadcrumb\":{\"@id\":\"https:\/\/talkpal.ai\/mt\/ezercizzji-grammatikali-francizi\/#breadcrumb\"},\"inLanguage\":\"mt-MT\",\"potentialAction\":[{\"@type\":\"ReadAction\",\"target\":[\"https:\/\/talkpal.ai\/mt\/ezercizzji-grammatikali-francizi\/\"]}]},{\"@type\":\"ImageObject\",\"inLanguage\":\"mt-MT\",\"@id\":\"https:\/\/talkpal.ai\/mt\/ezercizzji-grammatikali-francizi\/#primaryimage\",\"url\":\"https:\/\/talkpal.ai\/wp-content\/uploads\/2023\/03\/france.png\",\"contentUrl\":\"https:\/\/talkpal.ai\/wp-content\/uploads\/2023\/03\/france.png\",\"width\":512,\"height\":512,\"caption\":\"TalkPal AI learn French\"},{\"@type\":\"BreadcrumbList\",\"@id\":\"https:\/\/talkpal.ai\/mt\/ezercizzji-grammatikali-francizi\/#breadcrumb\",\"itemListElement\":[{\"@type\":\"ListItem\",\"position\":1,\"name\":\"Homepage\",\"item\":\"https:\/\/talkpal.ai\/mt\/\"},{\"@type\":\"ListItem\",\"position\":2,\"name\":\"E\u017cer\u010bizzji grammatikali Fran\u010bi\u017ci\"}]},{\"@type\":\"WebSite\",\"@id\":\"https:\/\/talkpal.ai\/mt\/#website\",\"url\":\"https:\/\/talkpal.ai\/mt\/\",\"name\":\"Talkpal\",\"description\":\"AI Language Learning\",\"publisher\":{\"@id\":\"https:\/\/talkpal.ai\/mt\/#organization\"},\"alternateName\":\"Talkpal AI\",\"potentialAction\":[{\"@type\":\"SearchAction\",\"target\":{\"@type\":\"EntryPoint\",\"urlTemplate\":\"https:\/\/talkpal.ai\/mt\/?s={search_term_string}\"},\"query-input\":{\"@type\":\"PropertyValueSpecification\",\"valueRequired\":true,\"valueName\":\"search_term_string\"}}],\"inLanguage\":\"mt-MT\"},{\"@type\":\"Organization\",\"@id\":\"https:\/\/talkpal.ai\/mt\/#organization\",\"name\":\"Talkpal, Inc.\",\"alternateName\":\"Talkpal AI\",\"url\":\"https:\/\/talkpal.ai\/mt\/\",\"logo\":{\"@type\":\"ImageObject\",\"inLanguage\":\"mt-MT\",\"@id\":\"https:\/\/talkpal.ai\/mt\/#\/schema\/logo\/image\/\",\"url\":\"https:\/\/talkpal.ai\/wp-content\/uploads\/2024\/03\/Talkpal-Logo-Icon.png\",\"contentUrl\":\"https:\/\/talkpal.ai\/wp-content\/uploads\/2024\/03\/Talkpal-Logo-Icon.png\",\"width\":2880,\"height\":2880,\"caption\":\"Talkpal, Inc.\"},\"image\":{\"@id\":\"https:\/\/talkpal.ai\/mt\/#\/schema\/logo\/image\/\"},\"sameAs\":[\"https:\/\/www.facebook.com\/profile.php?id=100090733639311\",\"https:\/\/x.com\/talkpalai\",\"https:\/\/www.linkedin.com\/company\/talkpal\/\",\"https:\/\/www.youtube.com\/@TalkPal\/\",\"https:\/\/www.tiktok.com\/@talkpal\",\"https:\/\/www.instagram.com\/talkpal_ai\/\",\"https:\/\/www.crunchbase.com\/organization\/talkpal-9cde\",\"https:\/\/www.g2.com\/products\/talkpal-for-business\/\",\"https:\/\/www.trustpilot.com\/review\/talkpal.ai\",\"https:\/\/www.capterra.com\/p\/10006800\/TalkPal\/\"],\"description\":\"Talkpal is a language learning web and mobile education app, powered by the latest AI technologies, that provides engaging experiences to its customers in many different languages to help them improve their language skills. Users can chat about unlimited amount of topics with the app and use other modes to practice their language learning.\",\"email\":\"support@talkpal.ai\",\"legalName\":\"Talkpal, Inc.\",\"foundingDate\":\"2023-04-03\",\"duns\":\"118989042\",\"numberOfEmployees\":{\"@type\":\"QuantitativeValue\",\"minValue\":\"11\",\"maxValue\":\"50\"},\"publishingPrinciples\":\"https:\/\/talkpal.ai\/publishing-principles\/\",\"actionableFeedbackPolicy\":\"https:\/\/talkpal.ai\/actionable-feedback-policy\/\",\"correctionsPolicy\":\"https:\/\/talkpal.ai\/corrections-policy\/\",\"ethicsPolicy\":\"https:\/\/talkpal.ai\/ethics-policy\/\",\"diversityPolicy\":\"https:\/\/talkpal.ai\/diversity-policy\/\",\"diversityStaffingReport\":\"https:\/\/talkpal.ai\/diversity-policy\/\"}]}<\/script>\n<!-- \/ Yoast SEO Premium plugin. -->","yoast_head_json":{"title":"E\u017cer\u010bizzji grammatikali Fran\u010bi\u017ci - Talkpal","description":"Prattika u ttejjeb il-\u0127iliet tal-grammatika Fran\u010bi\u017ca tieg\u0127ek b'e\u017cer\u010bizzji interattivi ddisinjati g\u0127al-livelli kollha. Ittejjeb il-profi\u010bjenza lingwistika tieg\u0127ek!","robots":{"index":"index","follow":"follow","max-snippet":"max-snippet:-1","max-image-preview":"max-image-preview:large","max-video-preview":"max-video-preview:-1"},"canonical":"https:\/\/talkpal.ai\/mt\/ezercizzji-grammatikali-francizi\/","og_locale":"mt_MT","og_type":"article","og_title":"E\u017cer\u010bizzji grammatikali Fran\u010bi\u017ci","og_description":"Su\u0121\u0121etti tal-Grammatika Fran\u010bi\u017ca It-tag\u0127lim tal-Fran\u010bi\u017c jista 'jkun esperjenza e\u010b\u010bitanti u ta' sodisfazzjon. B\u0127ala lingwa rikka fl-istorja u l-kultura,","og_url":"https:\/\/talkpal.ai\/mt\/ezercizzji-grammatikali-francizi\/","og_site_name":"Talkpal","article_publisher":"https:\/\/www.facebook.com\/profile.php?id=100090733639311","article_modified_time":"2025-12-17T16:47:08+00:00","og_image":[{"width":512,"height":512,"url":"https:\/\/talkpal.ai\/wp-content\/uploads\/2023\/03\/france.png","type":"image\/png"}],"twitter_card":"summary_large_image","twitter_site":"@talkpalai","twitter_misc":{"Est. reading time":"3 minutes"},"schema":{"@context":"https:\/\/schema.org","@graph":[{"@type":"WebPage","@id":"https:\/\/talkpal.ai\/mt\/ezercizzji-grammatikali-francizi\/","url":"https:\/\/talkpal.ai\/mt\/ezercizzji-grammatikali-francizi\/","name":"E\u017cer\u010bizzji grammatikali Fran\u010bi\u017ci - Talkpal","isPartOf":{"@id":"https:\/\/talkpal.ai\/mt\/#website"},"primaryImageOfPage":{"@id":"https:\/\/talkpal.ai\/mt\/ezercizzji-grammatikali-francizi\/#primaryimage"},"image":{"@id":"https:\/\/talkpal.ai\/mt\/ezercizzji-grammatikali-francizi\/#primaryimage"},"thumbnailUrl":"https:\/\/talkpal.ai\/wp-content\/uploads\/2023\/03\/france.png","datePublished":"2023-06-16T08:35:52+00:00","dateModified":"2025-12-17T16:47:08+00:00","description":"Prattika u ttejjeb il-\u0127iliet tal-grammatika Fran\u010bi\u017ca tieg\u0127ek b'e\u017cer\u010bizzji interattivi ddisinjati g\u0127al-livelli kollha. Ittejjeb il-profi\u010bjenza lingwistika tieg\u0127ek!","breadcrumb":{"@id":"https:\/\/talkpal.ai\/mt\/ezercizzji-grammatikali-francizi\/#breadcrumb"},"inLanguage":"mt-MT","potentialAction":[{"@type":"ReadAction","target":["https:\/\/talkpal.ai\/mt\/ezercizzji-grammatikali-francizi\/"]}]},{"@type":"ImageObject","inLanguage":"mt-MT","@id":"https:\/\/talkpal.ai\/mt\/ezercizzji-grammatikali-francizi\/#primaryimage","url":"https:\/\/talkpal.ai\/wp-content\/uploads\/2023\/03\/france.png","contentUrl":"https:\/\/talkpal.ai\/wp-content\/uploads\/2023\/03\/france.png","width":512,"height":512,"caption":"TalkPal AI learn French"},{"@type":"BreadcrumbList","@id":"https:\/\/talkpal.ai\/mt\/ezercizzji-grammatikali-francizi\/#breadcrumb","itemListElement":[{"@type":"ListItem","position":1,"name":"Homepage","item":"https:\/\/talkpal.ai\/mt\/"},{"@type":"ListItem","position":2,"name":"E\u017cer\u010bizzji grammatikali Fran\u010bi\u017ci"}]},{"@type":"WebSite","@id":"https:\/\/talkpal.ai\/mt\/#website","url":"https:\/\/talkpal.ai\/mt\/","name":"Talkpal","description":"AI Language Learning","publisher":{"@id":"https:\/\/talkpal.ai\/mt\/#organization"},"alternateName":"Talkpal AI","potentialAction":[{"@type":"SearchAction","target":{"@type":"EntryPoint","urlTemplate":"https:\/\/talkpal.ai\/mt\/?s={search_term_string}"},"query-input":{"@type":"PropertyValueSpecification","valueRequired":true,"valueName":"search_term_string"}}],"inLanguage":"mt-MT"},{"@type":"Organization","@id":"https:\/\/talkpal.ai\/mt\/#organization","name":"Talkpal, Inc.","alternateName":"Talkpal AI","url":"https:\/\/talkpal.ai\/mt\/","logo":{"@type":"ImageObject","inLanguage":"mt-MT","@id":"https:\/\/talkpal.ai\/mt\/#\/schema\/logo\/image\/","url":"https:\/\/talkpal.ai\/wp-content\/uploads\/2024\/03\/Talkpal-Logo-Icon.png","contentUrl":"https:\/\/talkpal.ai\/wp-content\/uploads\/2024\/03\/Talkpal-Logo-Icon.png","width":2880,"height":2880,"caption":"Talkpal, Inc."},"image":{"@id":"https:\/\/talkpal.ai\/mt\/#\/schema\/logo\/image\/"},"sameAs":["https:\/\/www.facebook.com\/profile.php?id=100090733639311","https:\/\/x.com\/talkpalai","https:\/\/www.linkedin.com\/company\/talkpal\/","https:\/\/www.youtube.com\/@TalkPal\/","https:\/\/www.tiktok.com\/@talkpal","https:\/\/www.instagram.com\/talkpal_ai\/","https:\/\/www.crunchbase.com\/organization\/talkpal-9cde","https:\/\/www.g2.com\/products\/talkpal-for-business\/","https:\/\/www.trustpilot.com\/review\/talkpal.ai","https:\/\/www.capterra.com\/p\/10006800\/TalkPal\/"],"description":"Talkpal is a language learning web and mobile education app, powered by the latest AI technologies, that provides engaging experiences to its customers in many different languages to help them improve their language skills. Users can chat about unlimited amount of topics with the app and use other modes to practice their language learning.","email":"support@talkpal.ai","legalName":"Talkpal, Inc.","foundingDate":"2023-04-03","duns":"118989042","numberOfEmployees":{"@type":"QuantitativeValue","minValue":"11","maxValue":"50"},"publishingPrinciples":"https:\/\/talkpal.ai\/publishing-principles\/","actionableFeedbackPolicy":"https:\/\/talkpal.ai\/actionable-feedback-policy\/","correctionsPolicy":"https:\/\/talkpal.ai\/corrections-policy\/","ethicsPolicy":"https:\/\/talkpal.ai\/ethics-policy\/","diversityPolicy":"https:\/\/talkpal.ai\/diversity-policy\/","diversityStaffingReport":"https:\/\/talkpal.ai\/diversity-policy\/"}]}},"_links":{"self":[{"href":"https:\/\/talkpal.ai\/mt\/wp-json\/wp\/v2\/pages\/1446442","targetHints":{"allow":["GET"]}}],"collection":[{"href":"https:\/\/talkpal.ai\/mt\/wp-json\/wp\/v2\/pages"}],"about":[{"href":"https:\/\/talkpal.ai\/mt\/wp-json\/wp\/v2\/types\/page"}],"author":[{"embeddable":true,"href":"https:\/\/talkpal.ai\/mt\/wp-json\/wp\/v2\/users\/6"}],"replies":[{"embeddable":true,"href":"https:\/\/talkpal.ai\/mt\/wp-json\/wp\/v2\/comments?post=1446442"}],"version-history":[{"count":0,"href":"https:\/\/talkpal.ai\/mt\/wp-json\/wp\/v2\/pages\/1446442\/revisions"}],"wp:featuredmedia":[{"embeddable":true,"href":"https:\/\/talkpal.ai\/mt\/wp-json\/wp\/v2\/media\/1439896"}],"wp:attachment":[{"href":"https:\/\/talkpal.ai\/mt\/wp-json\/wp\/v2\/media?parent=1446442"}],"curies":[{"name":"wp","href":"https:\/\/api.w.org\/{rel}","templated":true}]}}