{"id":1446438,"date":"2023-06-14T13:25:23","date_gmt":"2023-06-14T13:25:23","guid":{"rendered":"https:\/\/talkpal.ai\/ezercizzji-tal-grammatika-tal-ingliz\/"},"modified":"2025-12-17T16:34:30","modified_gmt":"2025-12-17T16:34:30","slug":"ezercizzji-tal-grammatika-tal-ingliz","status":"publish","type":"page","link":"https:\/\/talkpal.ai\/mt\/ezercizzji-tal-grammatika-tal-ingliz\/","title":{"rendered":"E\u017cer\u010bizzji tal-Grammatika tal-Ingli\u017c"},"content":{"rendered":"\r\n\r\n\r\n<section class=\"languageChallengeSection\">\r\n    <div class=\"languageInfoWrapper\">\r\n        \r\n        <h1>E\u017cer\u010bizzji tal-Grammatika tal-Ingli\u017c<\/h1>\r\n        <p>Trid tag\u0127ti spinta lill-kunfidenza tieg\u0127ek fl-<a href=\"https:\/\/talkpal.ai\/learn-english-with-ai\/\">Ingli\u017c<\/a>? Il-prattika tal-e\u017cer\u010bizzji tal-grammatika hija mod tajjeb \u0127afna biex ittejjeb il-fehim tieg\u0127ek tar-regoli tal-grammatika, tu\u017ca l-verbi b&#039;mod korrett, u tespandi l-vokabularju tieg\u0127ek. Ibda ta\u0127dem fuq il-grammatika Ingli\u017ca tieg\u0127ek illum, u ara l-\u0127iliet u l-\u0127effa tieg\u0127ek jikbru ma &#039;kull e\u017cer\u010bizzju!\n\n<\/p>\r\n\r\n                            <a class=\"getStartedHidden\" href=\"https:\/\/app.talkpal.ai\/signup?lng=\">Ibda<\/a>\r\n        \r\n    <\/div>\r\n\r\n    <figure>\r\n    <img decoding=\"async\" width=\"768\" height=\"768\" src=\"https:\/\/talkpal.ai\/wp-content\/uploads\/2023\/06\/English-768x768.png\" class=\"languageImage no-lazy\" alt=\"Language learning for improved multitasking\" fetchpriority=\"high\" sizes=\"(max-width: 768px) 150px, 768px\" srcset=\"https:\/\/talkpal.ai\/wp-content\/uploads\/2023\/06\/English-768x768.png 768w, https:\/\/talkpal.ai\/wp-content\/uploads\/2023\/06\/English-300x300.png 300w\" \/>\r\n    \r\n\r\n    <\/figure>\r\n\r\n            <a class=\"getStartedVisible\" href=\"https:\/\/app.talkpal.ai\/signup?lng=\">Ibda<\/a>\r\n    \r\n<\/section>\r\n\r\n\r\n<!-- <section class=\"grammarSection\">\r\n    <div class=\"grammarLinks\">\r\n            <\/div>\r\n<\/section> -->\r\n\r\n\r\n\r\n\r\n<section class=\"promotionalBanner\">\r\n    <p class=\"promotionalText\">L-aktar mod effi\u010bjenti biex titg\u0127allem lingwa<\/p>\r\n    <a class=\"promotionalLink\" href=\"https:\/\/app.talkpal.ai\/signup?lng=\">Ipprova Talkpal b&#8217;xejn<\/a>\r\n<\/section>\n<div class=\"wp-block-group pageContainerStyle\"><div class=\"wp-block-group__inner-container is-layout-constrained wp-block-group-is-layout-constrained\">\n<h2 class=\"wp-block-heading\" id=\"h-english-grammar-topics\">Su\u0121\u0121etti tal-Grammatika Ingli\u017ca<\/h2>\n\n\n\n<p>Il-grammatika Ingli\u017ca hija sett ta&#8217; regoli u linji gwida li jiddeterminaw l-istruttura tal-lingwa Ingli\u017ca. Jippermettilna nikkomunikaw ma&#8217; xulxin b&#8217;mod \u010bar u effettiv. Meta titg\u0127allem l-Ingli\u017c, il-fehim tal-grammatika huwa essenzjali g\u0127all-i\u017cvilupp ta &#8216;\u0127iliet qawwija ta&#8217; qari, kitba u ta\u0127dit. Dan il-vja\u0121\u0121 se jinkludi diversi komponenti tal-grammatika b\u0127al a\u0121\u0121ettivi, avverbji, artikli, kundizzjonali, nomi, prepo\u017cizzjonijiet, pronomi \/ determinaturi, sentenzi, paragun tat-temp, tempi, u verbi. Ejja nesploraw kull wie\u0127ed minn dawn is-su\u0121\u0121etti f&#8217;sekwenza su\u0121\u0121erita biex it-tag\u0127lim tal-grammatika Ingli\u017ca jkun aktar effettiv u pja\u010bevoli.<\/p>\n\n\n\n<h3 class=\"wp-block-heading\" id=\"h-1-nouns\">1. Nomi:<\/h3>\n\n\n\n<p>In-nomi huma l-aktar blokki ba\u017ci\u010bi tal-grammatika Ingli\u017ca. Huma kliem li jirrappre\u017centaw nies, postijiet, affarijiet, jew ideat. Il-fehim tan-nomi huwa essenzjali g\u0127all-formazzjoni ta&#8217; sentenzi u t-tifsira fil-lingwa.<\/p>\n\n\n\n<h3 class=\"wp-block-heading\" id=\"h-2-pronouns-determiners\">2. Pronomi \/ Determinaturi:<\/h3>\n\n\n\n<p>Ladarba jkollok \u0127akma fuq in-nomi, it-tag\u0127lim dwar il-pronomi u d-determinaturi huwa l-pass li jmiss. Il-pronomi jissostitwixxu n-nomi f&#8217;sentenza biex jevitaw ir-ripetizzjoni, filwaqt li d-determinaturi jipprovdu informazzjoni dwar in-nom, b\u0127all-kwantit\u00e0 jew il-pussess.<\/p>\n\n\n\n<h3 class=\"wp-block-heading\" id=\"h-3-verbs\">3. Verbi:<\/h3>\n\n\n\n<p>Il-verbi huma kliem ta &#8216;azzjoni li jesprimu dak li nomu qed jag\u0127mel jew jesperjenza. Huma parti kru\u010bjali ta &#8216;kwalunkwe sentenza, u l-fehim ta&#8217; kif jiffunzjonaw huwa essenzjali biex jin\u0127olqu dikjarazzjonijiet \u010bari u kon\u010bi\u017ci.<\/p>\n\n\n\n<h3 class=\"wp-block-heading\" id=\"h-4-adjectives\">4. A\u0121\u0121ettivi:<\/h3>\n\n\n\n<p>L-a\u0121\u0121ettivi jiddeskrivu jew jimmodifikaw in-nomi, u jag\u0127tu aktar informazzjoni dwar il-kwalitajiet jew il-karatteristi\u010bi tag\u0127hom. It-tag\u0127lim kif tu\u017ca l-a\u0121\u0121ettivi b&#8217;mod effettiv se jtejjeb il-\u0127ila tieg\u0127ek li tikkomunika bl-Ingli\u017c.<\/p>\n\n\n\n<h3 class=\"wp-block-heading\" id=\"h-5-adverbs\">5. Avverbji:<\/h3>\n\n\n\n<p>L-a\u0121\u0121verbji huma simili g\u0127all-a\u0121\u0121ettivi i\u017cda jimmodifikaw verbi, a\u0121\u0121ettivi, jew avverbji o\u0127ra. \u0126afna drabi jiddeskrivu kif, meta, jew fejn isse\u0127\u0127 azzjoni. Li tkun taf kif tu\u017ca l-avverbji se \u017c\u017cid il-fond u d-dettall g\u0127all-komunikazzjoni Ingli\u017ca tieg\u0127ek.<\/p>\n\n\n\n<h3 class=\"wp-block-heading\" id=\"h-6-prepositions\">6. Prepo\u017cizzjonijiet:<\/h3>\n\n\n\n<p>Il-prepo\u017cizzjonijiet huma kliem li juru r-relazzjoni bejn nomi, pronomi, u kliem ie\u0127or f&#8217;sentenza. Huma jg\u0127inu biex jipprovdu kuntest, b\u0127al post, \u0127in, jew direzzjoni.<\/p>\n\n\n\n<h3 class=\"wp-block-heading\" id=\"h-7-articles\">7. Artikoli:<\/h3>\n\n\n\n<p>L-artikli huma tip ta&#8217; determinant li jispe\u010bifika jekk nom huwiex definit jew indefinit. Huma importanti g\u0127all-formazzjoni xierqa tas-sentenza u jg\u0127inu biex ti\u010b\u010bara t-tifsira ta &#8216;dikjarazzjoni.<\/p>\n\n\n\n<h3 class=\"wp-block-heading\" id=\"h-8-tenses\">8. Tempi:<\/h3>\n\n\n\n<p>It-tempijiet jindikaw il-\u0127in ta &#8216;azzjoni jew stat ta&#8217; esseri. It-tag\u0127lim tat-tempi differenti bl-Ingli\u017c jippermettilek tesprimi ru\u0127ek b&#8217;mod pre\u010bi\u017c, kemm jekk qed tiddiskuti l-passat, il-pre\u017cent jew il-futur.<\/p>\n\n\n\n<h3 class=\"wp-block-heading\" id=\"h-9-tense-comparison\">9. Paragun tat-tensjoni:<\/h3>\n\n\n\n<p>Il-fehim tat-tqabbil tat-tensjoni huwa importanti g\u0127at-tqabbil ta &#8216;azzjonijiet jew stati f&#8217;perjodi ta&#8217; \u017cmien differenti. Din il-\u0127ila tg\u0127inek tikkomunika ideat kumplessi u ti\u017cviluppa fehim aktar avvanzat tal-grammatika Ingli\u017ca.<\/p>\n\n\n\n<h3 class=\"wp-block-heading\" id=\"h-10-sentences\">10. Sentenzi:<\/h3>\n\n\n\n<p>Is-sentenzi huma l-pedament tal-komunikazzjoni bil-miktub u mitkellma bl-Ingli\u017c. Building on your knowledge of nouns, verbs, and other <a href=\"https:\/\/talkpal.ai\/pa\/%e0%a8%b5%e0%a8%bf%e0%a8%86%e0%a8%95%e0%a8%b0%e0%a8%a3\/\">grammar<\/a> components, learning about sentence structure will enable you to convey your thoughts effective in the language.<\/p>\n\n\n\n<h3 class=\"wp-block-heading\" id=\"h-11-conditionals\">11. Kondizzjonali:<\/h3>\n\n\n\n<p>Il-kondizzjonali huma sentenzi li jesprimu kundizzjoni u l-konsegwenza potenzjali tag\u0127ha. Huma aspett avvanzat tal-grammatika Ingli\u017ca li jg\u0127inek tesprimi sitwazzjonijiet ipoteti\u010bi u ideat kumplessi.<\/p>\n<\/div><\/div>\n\r\n<section class=\"learnNavigationSection\">\r\n            \r\n        <a href=\"https:\/\/talkpal.ai\/mt\/tghallem-l-ingliz\/\">\r\n            <div class=\"learnNavigationWrapper\">\r\n                <div class=\"learnNavigationContent\">\r\n                    <img decoding=\"async\" src=\"https:\/\/talkpal.ai\/wp-content\/uploads\/2024\/08\/English.jpg\" alt=\"English Flag\">\r\n                    <div>\r\n                        <h4>Dwar it-Tag\u0127lim tal-Ingli\u017c<\/h4>\r\n                        <p>Sir af kollox dwar il-grammatika Ingli\u017ca.<\/p>\r\n                    <\/div>\r\n                <\/div>\r\n            <\/div>\r\n        <\/a>\r\n\r\n        \r\n        <a href=\"https:\/\/talkpal.ai\/mt\/grammatika-ingliza\/\">\r\n            <div class=\"learnNavigationWrapper\">\r\n                <div class=\"learnNavigationContent\">\r\n                    <img decoding=\"async\" src=\"https:\/\/talkpal.ai\/wp-content\/uploads\/2024\/08\/English.jpg\" alt=\"English Flag\">\r\n                    <div>\r\n                        <h4>Lezzjonijiet tal-Grammatika Ingli\u017ca<\/h4>\r\n                        <p>Ipprattika l-grammatika Ingli\u017ca.<\/p>\r\n                    <\/div>\r\n                <\/div>\r\n            <\/div>\r\n        <\/a>\r\n\r\n        \r\n        <a href=\"https:\/\/talkpal.ai\/vocabulary_language\/english\/\">\r\n            <div class=\"learnNavigationWrapper\">\r\n                <div class=\"learnNavigationContent\">\r\n                    <img decoding=\"async\" src=\"https:\/\/talkpal.ai\/wp-content\/uploads\/2024\/08\/English.jpg\" alt=\"English Flag\">\r\n                    <div>\r\n                        <h4>Vokabularju Ingli\u017c<\/h4>\r\n                        <p>Espandi l-vokabularju Ingli\u017c tieg\u0127ek.<\/p>\r\n                    <\/div>\r\n                <\/div>\r\n            <\/div>\r\n        <\/a>\r\n\r\n            <\/section>","protected":false},"excerpt":{"rendered":"<p>Su\u0121\u0121etti tal-Grammatika Ingli\u017ca Il-grammatika Ingli\u017ca hija sett ta&#8217; regoli u linji gwida li jiddeterminaw l-istruttura tal-lingwa Ingli\u017ca. Jippermettilna nikkomunikaw ma&#8217; xulxin b&#8217;mod \u010bar u effettiv. Meta titg\u0127allem l-Ingli\u017c, il-fehim tal-grammatika huwa essenzjali g\u0127all-i\u017cvilupp ta &#8216;\u0127iliet qawwija ta&#8217; qari, kitba u ta\u0127dit. Dan il-vja\u0121\u0121 se jinkludi diversi komponenti tal-grammatika b\u0127al a\u0121\u0121ettivi, avverbji, artikli, kundizzjonali, nomi, prepo\u017cizzjonijiet, [&hellip;]<\/p>\n","protected":false},"author":1,"featured_media":1440443,"parent":0,"menu_order":0,"comment_status":"closed","ping_status":"closed","template":"LearningContentPage.php","meta":{"_acf_changed":false,"footnotes":""},"class_list":["post-1446438","page","type-page","status-publish","has-post-thumbnail","hentry"],"acf":[],"yoast_head":"<!-- This site is optimized with the Yoast SEO Premium plugin v27.2 (Yoast SEO v27.2) - https:\/\/yoast.com\/product\/yoast-seo-premium-wordpress\/ -->\n<title>E\u017cer\u010bizzji tal-Grammatika tal-Ingli\u017c - Talkpal<\/title>\n<meta name=\"description\" content=\"Ittejjeb il-\u0127iliet tieg\u0127ek fl-Ingli\u017c bl-e\u017cer\u010bizzji effettivi ta&#039; grammatika ta&#039; Talkpal. Ittejjeb il-profi\u010bjenza lingwistika tieg\u0127ek issa!\" \/>\n<meta name=\"robots\" content=\"index, follow, max-snippet:-1, max-image-preview:large, max-video-preview:-1\" \/>\n<link rel=\"canonical\" href=\"https:\/\/talkpal.ai\/mt\/ezercizzji-tal-grammatika-tal-ingliz\/\" \/>\n<meta property=\"og:locale\" content=\"mt_MT\" \/>\n<meta property=\"og:type\" content=\"article\" \/>\n<meta property=\"og:title\" content=\"E\u017cer\u010bizzji tal-Grammatika tal-Ingli\u017c\" \/>\n<meta property=\"og:description\" content=\"Su\u0121\u0121etti tal-Grammatika Ingli\u017ca Il-grammatika Ingli\u017ca hija sett ta&#039; regoli u linji gwida li jiddeterminaw l-istruttura tal-lingwa Ingli\u017ca. Jippermettilna\" \/>\n<meta property=\"og:url\" content=\"https:\/\/talkpal.ai\/mt\/ezercizzji-tal-grammatika-tal-ingliz\/\" \/>\n<meta property=\"og:site_name\" content=\"Talkpal\" \/>\n<meta property=\"article:publisher\" content=\"https:\/\/www.facebook.com\/profile.php?id=100090733639311\" \/>\n<meta property=\"article:modified_time\" content=\"2025-12-17T16:34:30+00:00\" \/>\n<meta property=\"og:image\" content=\"https:\/\/talkpal.ai\/wp-content\/uploads\/2023\/03\/united-kingdom.png\" \/>\n\t<meta property=\"og:image:width\" content=\"512\" \/>\n\t<meta property=\"og:image:height\" content=\"512\" \/>\n\t<meta property=\"og:image:type\" content=\"image\/png\" \/>\n<meta name=\"twitter:card\" content=\"summary_large_image\" \/>\n<meta name=\"twitter:site\" content=\"@talkpalai\" \/>\n<meta name=\"twitter:label1\" content=\"Est. reading time\" \/>\n\t<meta name=\"twitter:data1\" content=\"2 minutes\" \/>\n<script type=\"application\/ld+json\" class=\"yoast-schema-graph\">{\"@context\":\"https:\/\/schema.org\",\"@graph\":[{\"@type\":\"WebPage\",\"@id\":\"https:\/\/talkpal.ai\/mt\/ezercizzji-tal-grammatika-tal-ingliz\/\",\"url\":\"https:\/\/talkpal.ai\/mt\/ezercizzji-tal-grammatika-tal-ingliz\/\",\"name\":\"E\u017cer\u010bizzji tal-Grammatika tal-Ingli\u017c - Talkpal\",\"isPartOf\":{\"@id\":\"https:\/\/talkpal.ai\/mt\/#website\"},\"primaryImageOfPage\":{\"@id\":\"https:\/\/talkpal.ai\/mt\/ezercizzji-tal-grammatika-tal-ingliz\/#primaryimage\"},\"image\":{\"@id\":\"https:\/\/talkpal.ai\/mt\/ezercizzji-tal-grammatika-tal-ingliz\/#primaryimage\"},\"thumbnailUrl\":\"https:\/\/talkpal.ai\/wp-content\/uploads\/2023\/03\/united-kingdom.png\",\"datePublished\":\"2023-06-14T13:25:23+00:00\",\"dateModified\":\"2025-12-17T16:34:30+00:00\",\"description\":\"Ittejjeb il-\u0127iliet tieg\u0127ek fl-Ingli\u017c bl-e\u017cer\u010bizzji effettivi ta' grammatika ta' Talkpal. Ittejjeb il-profi\u010bjenza lingwistika tieg\u0127ek issa!\",\"breadcrumb\":{\"@id\":\"https:\/\/talkpal.ai\/mt\/ezercizzji-tal-grammatika-tal-ingliz\/#breadcrumb\"},\"inLanguage\":\"mt-MT\",\"potentialAction\":[{\"@type\":\"ReadAction\",\"target\":[\"https:\/\/talkpal.ai\/mt\/ezercizzji-tal-grammatika-tal-ingliz\/\"]}]},{\"@type\":\"ImageObject\",\"inLanguage\":\"mt-MT\",\"@id\":\"https:\/\/talkpal.ai\/mt\/ezercizzji-tal-grammatika-tal-ingliz\/#primaryimage\",\"url\":\"https:\/\/talkpal.ai\/wp-content\/uploads\/2023\/03\/united-kingdom.png\",\"contentUrl\":\"https:\/\/talkpal.ai\/wp-content\/uploads\/2023\/03\/united-kingdom.png\",\"width\":512,\"height\":512,\"caption\":\"TalkPal AI learn English\"},{\"@type\":\"BreadcrumbList\",\"@id\":\"https:\/\/talkpal.ai\/mt\/ezercizzji-tal-grammatika-tal-ingliz\/#breadcrumb\",\"itemListElement\":[{\"@type\":\"ListItem\",\"position\":1,\"name\":\"Homepage\",\"item\":\"https:\/\/talkpal.ai\/mt\/\"},{\"@type\":\"ListItem\",\"position\":2,\"name\":\"E\u017cer\u010bizzji tal-Grammatika tal-Ingli\u017c\"}]},{\"@type\":\"WebSite\",\"@id\":\"https:\/\/talkpal.ai\/mt\/#website\",\"url\":\"https:\/\/talkpal.ai\/mt\/\",\"name\":\"Talkpal\",\"description\":\"AI Language Learning\",\"publisher\":{\"@id\":\"https:\/\/talkpal.ai\/mt\/#organization\"},\"alternateName\":\"Talkpal AI\",\"potentialAction\":[{\"@type\":\"SearchAction\",\"target\":{\"@type\":\"EntryPoint\",\"urlTemplate\":\"https:\/\/talkpal.ai\/mt\/?s={search_term_string}\"},\"query-input\":{\"@type\":\"PropertyValueSpecification\",\"valueRequired\":true,\"valueName\":\"search_term_string\"}}],\"inLanguage\":\"mt-MT\"},{\"@type\":\"Organization\",\"@id\":\"https:\/\/talkpal.ai\/mt\/#organization\",\"name\":\"Talkpal, Inc.\",\"alternateName\":\"Talkpal AI\",\"url\":\"https:\/\/talkpal.ai\/mt\/\",\"logo\":{\"@type\":\"ImageObject\",\"inLanguage\":\"mt-MT\",\"@id\":\"https:\/\/talkpal.ai\/mt\/#\/schema\/logo\/image\/\",\"url\":\"https:\/\/talkpal.ai\/wp-content\/uploads\/2024\/03\/Talkpal-Logo-Icon.png\",\"contentUrl\":\"https:\/\/talkpal.ai\/wp-content\/uploads\/2024\/03\/Talkpal-Logo-Icon.png\",\"width\":2880,\"height\":2880,\"caption\":\"Talkpal, Inc.\"},\"image\":{\"@id\":\"https:\/\/talkpal.ai\/mt\/#\/schema\/logo\/image\/\"},\"sameAs\":[\"https:\/\/www.facebook.com\/profile.php?id=100090733639311\",\"https:\/\/x.com\/talkpalai\",\"https:\/\/www.linkedin.com\/company\/talkpal\/\",\"https:\/\/www.youtube.com\/@TalkPal\/\",\"https:\/\/www.tiktok.com\/@talkpal\",\"https:\/\/www.instagram.com\/talkpal_ai\/\",\"https:\/\/www.crunchbase.com\/organization\/talkpal-9cde\",\"https:\/\/www.g2.com\/products\/talkpal-for-business\/\",\"https:\/\/www.trustpilot.com\/review\/talkpal.ai\",\"https:\/\/www.capterra.com\/p\/10006800\/TalkPal\/\"],\"description\":\"Talkpal is a language learning web and mobile education app, powered by the latest AI technologies, that provides engaging experiences to its customers in many different languages to help them improve their language skills. Users can chat about unlimited amount of topics with the app and use other modes to practice their language learning.\",\"email\":\"support@talkpal.ai\",\"legalName\":\"Talkpal, Inc.\",\"foundingDate\":\"2023-04-03\",\"duns\":\"118989042\",\"numberOfEmployees\":{\"@type\":\"QuantitativeValue\",\"minValue\":\"11\",\"maxValue\":\"50\"},\"publishingPrinciples\":\"https:\/\/talkpal.ai\/publishing-principles\/\",\"actionableFeedbackPolicy\":\"https:\/\/talkpal.ai\/actionable-feedback-policy\/\",\"correctionsPolicy\":\"https:\/\/talkpal.ai\/corrections-policy\/\",\"ethicsPolicy\":\"https:\/\/talkpal.ai\/ethics-policy\/\",\"diversityPolicy\":\"https:\/\/talkpal.ai\/diversity-policy\/\",\"diversityStaffingReport\":\"https:\/\/talkpal.ai\/diversity-policy\/\"}]}<\/script>\n<!-- \/ Yoast SEO Premium plugin. -->","yoast_head_json":{"title":"E\u017cer\u010bizzji tal-Grammatika tal-Ingli\u017c - Talkpal","description":"Ittejjeb il-\u0127iliet tieg\u0127ek fl-Ingli\u017c bl-e\u017cer\u010bizzji effettivi ta' grammatika ta' Talkpal. Ittejjeb il-profi\u010bjenza lingwistika tieg\u0127ek issa!","robots":{"index":"index","follow":"follow","max-snippet":"max-snippet:-1","max-image-preview":"max-image-preview:large","max-video-preview":"max-video-preview:-1"},"canonical":"https:\/\/talkpal.ai\/mt\/ezercizzji-tal-grammatika-tal-ingliz\/","og_locale":"mt_MT","og_type":"article","og_title":"E\u017cer\u010bizzji tal-Grammatika tal-Ingli\u017c","og_description":"Su\u0121\u0121etti tal-Grammatika Ingli\u017ca Il-grammatika Ingli\u017ca hija sett ta' regoli u linji gwida li jiddeterminaw l-istruttura tal-lingwa Ingli\u017ca. Jippermettilna","og_url":"https:\/\/talkpal.ai\/mt\/ezercizzji-tal-grammatika-tal-ingliz\/","og_site_name":"Talkpal","article_publisher":"https:\/\/www.facebook.com\/profile.php?id=100090733639311","article_modified_time":"2025-12-17T16:34:30+00:00","og_image":[{"width":512,"height":512,"url":"https:\/\/talkpal.ai\/wp-content\/uploads\/2023\/03\/united-kingdom.png","type":"image\/png"}],"twitter_card":"summary_large_image","twitter_site":"@talkpalai","twitter_misc":{"Est. reading time":"2 minutes"},"schema":{"@context":"https:\/\/schema.org","@graph":[{"@type":"WebPage","@id":"https:\/\/talkpal.ai\/mt\/ezercizzji-tal-grammatika-tal-ingliz\/","url":"https:\/\/talkpal.ai\/mt\/ezercizzji-tal-grammatika-tal-ingliz\/","name":"E\u017cer\u010bizzji tal-Grammatika tal-Ingli\u017c - Talkpal","isPartOf":{"@id":"https:\/\/talkpal.ai\/mt\/#website"},"primaryImageOfPage":{"@id":"https:\/\/talkpal.ai\/mt\/ezercizzji-tal-grammatika-tal-ingliz\/#primaryimage"},"image":{"@id":"https:\/\/talkpal.ai\/mt\/ezercizzji-tal-grammatika-tal-ingliz\/#primaryimage"},"thumbnailUrl":"https:\/\/talkpal.ai\/wp-content\/uploads\/2023\/03\/united-kingdom.png","datePublished":"2023-06-14T13:25:23+00:00","dateModified":"2025-12-17T16:34:30+00:00","description":"Ittejjeb il-\u0127iliet tieg\u0127ek fl-Ingli\u017c bl-e\u017cer\u010bizzji effettivi ta' grammatika ta' Talkpal. Ittejjeb il-profi\u010bjenza lingwistika tieg\u0127ek issa!","breadcrumb":{"@id":"https:\/\/talkpal.ai\/mt\/ezercizzji-tal-grammatika-tal-ingliz\/#breadcrumb"},"inLanguage":"mt-MT","potentialAction":[{"@type":"ReadAction","target":["https:\/\/talkpal.ai\/mt\/ezercizzji-tal-grammatika-tal-ingliz\/"]}]},{"@type":"ImageObject","inLanguage":"mt-MT","@id":"https:\/\/talkpal.ai\/mt\/ezercizzji-tal-grammatika-tal-ingliz\/#primaryimage","url":"https:\/\/talkpal.ai\/wp-content\/uploads\/2023\/03\/united-kingdom.png","contentUrl":"https:\/\/talkpal.ai\/wp-content\/uploads\/2023\/03\/united-kingdom.png","width":512,"height":512,"caption":"TalkPal AI learn English"},{"@type":"BreadcrumbList","@id":"https:\/\/talkpal.ai\/mt\/ezercizzji-tal-grammatika-tal-ingliz\/#breadcrumb","itemListElement":[{"@type":"ListItem","position":1,"name":"Homepage","item":"https:\/\/talkpal.ai\/mt\/"},{"@type":"ListItem","position":2,"name":"E\u017cer\u010bizzji tal-Grammatika tal-Ingli\u017c"}]},{"@type":"WebSite","@id":"https:\/\/talkpal.ai\/mt\/#website","url":"https:\/\/talkpal.ai\/mt\/","name":"Talkpal","description":"AI Language Learning","publisher":{"@id":"https:\/\/talkpal.ai\/mt\/#organization"},"alternateName":"Talkpal AI","potentialAction":[{"@type":"SearchAction","target":{"@type":"EntryPoint","urlTemplate":"https:\/\/talkpal.ai\/mt\/?s={search_term_string}"},"query-input":{"@type":"PropertyValueSpecification","valueRequired":true,"valueName":"search_term_string"}}],"inLanguage":"mt-MT"},{"@type":"Organization","@id":"https:\/\/talkpal.ai\/mt\/#organization","name":"Talkpal, Inc.","alternateName":"Talkpal AI","url":"https:\/\/talkpal.ai\/mt\/","logo":{"@type":"ImageObject","inLanguage":"mt-MT","@id":"https:\/\/talkpal.ai\/mt\/#\/schema\/logo\/image\/","url":"https:\/\/talkpal.ai\/wp-content\/uploads\/2024\/03\/Talkpal-Logo-Icon.png","contentUrl":"https:\/\/talkpal.ai\/wp-content\/uploads\/2024\/03\/Talkpal-Logo-Icon.png","width":2880,"height":2880,"caption":"Talkpal, Inc."},"image":{"@id":"https:\/\/talkpal.ai\/mt\/#\/schema\/logo\/image\/"},"sameAs":["https:\/\/www.facebook.com\/profile.php?id=100090733639311","https:\/\/x.com\/talkpalai","https:\/\/www.linkedin.com\/company\/talkpal\/","https:\/\/www.youtube.com\/@TalkPal\/","https:\/\/www.tiktok.com\/@talkpal","https:\/\/www.instagram.com\/talkpal_ai\/","https:\/\/www.crunchbase.com\/organization\/talkpal-9cde","https:\/\/www.g2.com\/products\/talkpal-for-business\/","https:\/\/www.trustpilot.com\/review\/talkpal.ai","https:\/\/www.capterra.com\/p\/10006800\/TalkPal\/"],"description":"Talkpal is a language learning web and mobile education app, powered by the latest AI technologies, that provides engaging experiences to its customers in many different languages to help them improve their language skills. Users can chat about unlimited amount of topics with the app and use other modes to practice their language learning.","email":"support@talkpal.ai","legalName":"Talkpal, Inc.","foundingDate":"2023-04-03","duns":"118989042","numberOfEmployees":{"@type":"QuantitativeValue","minValue":"11","maxValue":"50"},"publishingPrinciples":"https:\/\/talkpal.ai\/publishing-principles\/","actionableFeedbackPolicy":"https:\/\/talkpal.ai\/actionable-feedback-policy\/","correctionsPolicy":"https:\/\/talkpal.ai\/corrections-policy\/","ethicsPolicy":"https:\/\/talkpal.ai\/ethics-policy\/","diversityPolicy":"https:\/\/talkpal.ai\/diversity-policy\/","diversityStaffingReport":"https:\/\/talkpal.ai\/diversity-policy\/"}]}},"_links":{"self":[{"href":"https:\/\/talkpal.ai\/mt\/wp-json\/wp\/v2\/pages\/1446438","targetHints":{"allow":["GET"]}}],"collection":[{"href":"https:\/\/talkpal.ai\/mt\/wp-json\/wp\/v2\/pages"}],"about":[{"href":"https:\/\/talkpal.ai\/mt\/wp-json\/wp\/v2\/types\/page"}],"author":[{"embeddable":true,"href":"https:\/\/talkpal.ai\/mt\/wp-json\/wp\/v2\/users\/1"}],"replies":[{"embeddable":true,"href":"https:\/\/talkpal.ai\/mt\/wp-json\/wp\/v2\/comments?post=1446438"}],"version-history":[{"count":0,"href":"https:\/\/talkpal.ai\/mt\/wp-json\/wp\/v2\/pages\/1446438\/revisions"}],"wp:featuredmedia":[{"embeddable":true,"href":"https:\/\/talkpal.ai\/mt\/wp-json\/wp\/v2\/media\/1440443"}],"wp:attachment":[{"href":"https:\/\/talkpal.ai\/mt\/wp-json\/wp\/v2\/media?parent=1446438"}],"curies":[{"name":"wp","href":"https:\/\/api.w.org\/{rel}","templated":true}]}}