{"id":1446434,"date":"2023-06-16T09:14:18","date_gmt":"2023-06-16T09:14:18","guid":{"rendered":"https:\/\/talkpal.ai\/ezercizzji-grammatikali-germanizi\/"},"modified":"2025-12-17T16:11:28","modified_gmt":"2025-12-17T16:11:28","slug":"ezercizzji-grammatikali-germanizi","status":"publish","type":"page","link":"https:\/\/talkpal.ai\/mt\/ezercizzji-grammatikali-germanizi\/","title":{"rendered":"E\u017cer\u010bizzji grammatikali \u0120ermani\u017ci"},"content":{"rendered":"\r\n\r\n\r\n<section class=\"languageChallengeSection\">\r\n    <div class=\"languageInfoWrapper\">\r\n        \r\n        <h1>E\u017cer\u010bizzji grammatikali \u0120ermani\u017ci<\/h1>\r\n        <p>Lest biex issa\u0127\u0127a\u0127 il-Grammatika \u0120ermani\u017ca tieg\u0127ek? Il-prattika tal-e\u017cer\u010bizzji tal-grammatika hija l-mod perfett biex tikkontrolla l-lingwa \u0120ermani\u017ca. Ibda ta\u0127dem fuqha llum u ara l-kunfidenza u l-fluwenza tieg\u0127ek jikbru ma &#039;kull e\u017cer\u010bizzju!\n\n<\/p>\r\n\r\n                            <a class=\"getStartedHidden\" href=\"https:\/\/app.talkpal.ai\/signup?lng=\">Ibda<\/a>\r\n        \r\n    <\/div>\r\n\r\n    <figure>\r\n    <img decoding=\"async\" width=\"768\" height=\"768\" src=\"https:\/\/talkpal.ai\/wp-content\/uploads\/2023\/06\/german-768x768.png\" class=\"languageImage no-lazy\" alt=\"Language learning for global networking\" fetchpriority=\"high\" sizes=\"(max-width: 768px) 150px, 768px\" srcset=\"https:\/\/talkpal.ai\/wp-content\/uploads\/2023\/06\/german-768x768.png 768w, https:\/\/talkpal.ai\/wp-content\/uploads\/2023\/06\/german-300x300.png 300w\" \/>\r\n    \r\n\r\n    <\/figure>\r\n\r\n            <a class=\"getStartedVisible\" href=\"https:\/\/app.talkpal.ai\/signup?lng=\">Ibda<\/a>\r\n    \r\n<\/section>\r\n\r\n\r\n<!-- <section class=\"grammarSection\">\r\n    <div class=\"grammarLinks\">\r\n            <\/div>\r\n<\/section> -->\r\n\r\n\r\n\r\n\r\n<section class=\"promotionalBanner\">\r\n    <p class=\"promotionalText\">L-aktar mod effi\u010bjenti biex titg\u0127allem lingwa<\/p>\r\n    <a class=\"promotionalLink\" href=\"https:\/\/app.talkpal.ai\/signup?lng=\">Ipprova Talkpal b&#8217;xejn<\/a>\r\n<\/section>\n<div class=\"wp-block-group pageContainerStyle\"><div class=\"wp-block-group__inner-container is-layout-constrained wp-block-group-is-layout-constrained\">\n<h2 class=\"wp-block-heading\" id=\"h-german-grammar-topics\">Su\u0121\u0121etti tal-Grammatika \u0120ermani\u017ca<\/h2>\n\n\n\n<p>It-tag\u0127lim ta &#8216;lingwa \u0121dida jista&#8217; jkun kompitu skora\u0121\u0121anti, i\u017cda bl-appro\u010b\u010b it-tajjeb, jista &#8216;jkun esperjenza e\u010b\u010bitanti u ta&#8217; sodisfazzjon. Il-\u0120ermani\u017c huwa lingwa strutturata \u0127afna u lo\u0121ika, li tag\u0127milha aktar fa\u010bli biex titg\u0127allem jekk ikollok fehim \u010bar tar-regoli grammatikali tag\u0127ha. Din il-gwida tg\u0127inek tifhem l-aspetti ewlenin tal-grammatika \u0120ermani\u017ca, b\u0127al tempi, verbi, nomi u artikli, pronomi, a\u0121\u0121ettivi, deklinazzjoni, avverbji, prepo\u017cizzjonijiet, u struttura tas-sentenza. Billi ssegwi din is-sekwenza, tkun tista&#8217; timxi &#8216;l quddiem fil-vja\u0121\u0121 tieg\u0127ek g\u0127at-tag\u0127lim tal-lingwa \u0120ermani\u017ca b&#8217;mod effettiv u effi\u010bjenti.<\/p>\n\n\n\n<h3 class=\"wp-block-heading\" id=\"h-1-nouns-and-articles\">1. Nomi u Artikoli:<\/h3>\n\n\n\n<p>Ibda billi titg\u0127allem il-ba\u017cijiet tan-nomi \u0120ermani\u017ci u l-artikli li jakkumpanjawhom. Il-\u0120ermani\u017c g\u0127andu tliet sessi (maskili, femminili, u neutrivi) u erba &#8216;ka\u017cijiet (nominativ, akku\u017cativ, dattiv, u \u0121enittiv). Il-fehim ta&#8217; dawn ir-regoli jg\u0127inek tiddetermina l-artiklu korrett g\u0127al kull nom u tistabbilixxi l-pedament g\u0127all-g\u0127arfien tal-grammatika \u0120ermani\u017ca tieg\u0127ek.<\/p>\n\n\n\n<h3 class=\"wp-block-heading\" id=\"h-2-pronouns\">2. Pronomi:<\/h3>\n\n\n\n<p>Il-pronomi jissostitwixxu n-nomi f&#8217;sentenza u g\u0127andhom forom differenti skont is-sess, in-numru, u l-ka\u017c tag\u0127hom. Familjarizza ru\u0127ek mal-pronomi \u0120ermani\u017ci, b\u0127al <a href=\"https:\/\/talkpal.ai\/ar\/grammar_exercises\/pronomi-personali-%d8%aa%d9%85%d8%a7%d8%b1%d9%8a%d9%86-%d9%84%d9%84%d9%82%d9%88%d8%a7%d8%b9%d8%af-%d8%a7%d9%84%d8%a5%d9%8a%d8%b7%d8%a7%d9%84%d9%8a%d8%a9\/\">pronomi personali<\/a>, possessivi, riflessivi u relattivi, biex to\u0127loq sentenzi aktar kumplessi u tesprimi l-\u0127sibijiet tieg\u0127ek b&#8217;mod aktar pre\u010bi\u017c.<\/p>\n\n\n\n<h3 class=\"wp-block-heading\" id=\"h-3-verbs\">3. Verbi:<\/h3>\n\n\n\n<p>Il-verbi huma kru\u010bjali fil-formazzjoni ta &#8216;sentenzi, peress li jesprimu azzjonijiet u stati. Tg\u0127allem it-tipi differenti ta &#8216;verbi \u0120ermani\u017ci, b\u0127al verbi regolari, irregolari, modali u riflessivi, flimkien mal-konjugazzjonijiet tag\u0127hom fit-tempi pre\u017centi, passati u futuri. Dan jippermettilek tikkomunika b&#8217;mod effettiv f&#8217;diversi sitwazzjonijiet.<\/p>\n\n\n\n<h3 class=\"wp-block-heading\" id=\"h-4-tenses\">4. Tempi:<\/h3>\n\n\n\n<p>It-tempi jindikaw il-\u0127in li fih isse\u0127\u0127 azzjoni. Fil-\u0120ermani\u017c, hemm sitt tempi: pre\u017centi, passat sempli\u010bi, pre\u017cent perfett, passat perfett, futur, u futur perfetti. Li tifhem ir-regoli u l-u\u017cu ta &#8216;dawn it-tempi jg\u0127inek tesprimi ru\u0127ek b&#8217;mod \u010bar u pre\u010bi\u017c.<\/p>\n\n\n\n<h3 class=\"wp-block-heading\" id=\"h-5-adjectives\">5. A\u0121\u0121ettivi:<\/h3>\n\n\n\n<p>L-a\u0121\u0121ettivi jiddeskrivu l-kwalitajiet tan-nomi u l-pronomi u jaqblu fis-sess, in-numru, u l-ka\u017c man-nom li jimmodifikaw. Tg\u0127allem ir-regoli g\u0127ad-deklinazzjoni tal-a\u0121\u0121ettivi, kif ukoll forom komparattivi u superlattivi, biex ittejjeb id-deskrizzjonijiet tieg\u0127ek u tag\u0127mel id-diskors tieg\u0127ek aktar ikkulurit.<\/p>\n\n\n\n<h3 class=\"wp-block-heading\" id=\"h-6-declension\">6. Deklinazzjoni:<\/h3>\n\n\n\n<p>Id-deklinazzjoni hija l-pro\u010bess tal-bdil tan-nomi, il-pronomi, u l-a\u0121\u0121ettivi biex jindikaw il-funzjoni grammatikali tag\u0127hom f&#8217;sentenza. Familjarizza ru\u0127ek mal-erba &#8216;ka\u017cijiet \u0120ermani\u017ci u kif jaffettwaw it-truf tal-kliem, li jippermettulek tibni sentenzi grammatikalment korretti.<\/p>\n\n\n\n<h3 class=\"wp-block-heading\" id=\"h-7-adverbs\">7. Avverbji:<\/h3>\n\n\n\n<p>L-avverbji jipprovdu informazzjoni addizzjonali dwar verbi, a\u0121\u0121ettivi, jew avverbji o\u0127ra. Tg\u0127allem it-tipi differenti ta &#8216;avverbji \u0120ermani\u017ci, b\u0127al dawk li jindikaw il-\u0127in, il-mod, u l-post, u kif tu\u017cahom b&#8217;mod effettiv biex i\u017c\u017cid sfumatura u pre\u010bi\u017cjoni g\u0127ad-diskors tieg\u0127ek.<\/p>\n\n\n\n<h3 class=\"wp-block-heading\" id=\"h-8-prepositions\">8. Prepo\u017cizzjonijiet:<\/h3>\n\n\n\n<p>Il-prepo\u017cizzjonijiet jintu\u017caw biex jindikaw ir-relazzjoni bejn nomi jew pronomi u elementi o\u0127ra f&#8217;sentenza. Studja d-diversi prepo\u017cizzjonijiet \u0120ermani\u017ci u l-u\u017cu tag\u0127hom f&#8217;ka\u017cijiet differenti biex ti\u017cviluppa fehim a\u0127jar ta&#8217; kif jinbnew is-sentenzi.<\/p>\n\n\n\n<h3 class=\"wp-block-heading\" id=\"h-9-sentence-structure\">9. Struttura tas-sentenza:<\/h3>\n\n\n\n<p>Fl-a\u0127\u0127arnett, familjarizza ru\u0127ek mal-istruttura tas-sentenza \u0120ermani\u017ca, inklu\u017ci l-ordni tal-kliem, il-klaw\u017coli subordinati, u l-kon\u0121unzioni. Il-fehim ta&#8217; dawn ir-regoli jg\u0127inek to\u0127loq sentenzi koerenti u strutturati tajjeb, li jippermettulek tesprimi l-\u0127sibijiet tieg\u0127ek b&#8217;mod \u010bar u effettiv bil-\u0120ermani\u017c.<\/p>\n<\/div><\/div>\n\r\n<section class=\"learnNavigationSection\">\r\n            \r\n        <a href=\"https:\/\/talkpal.ai\/mt\/tghallem-il-germaniz\/\">\r\n            <div class=\"learnNavigationWrapper\">\r\n                <div class=\"learnNavigationContent\">\r\n                    <img decoding=\"async\" src=\"https:\/\/talkpal.ai\/wp-content\/uploads\/2024\/08\/German.jpg\" alt=\"German Flag\">\r\n                    <div>\r\n                        <h4>Dwar it-Tag\u0127lim tal-\u0120ermani\u017c<\/h4>\r\n                        <p>Sir af kollox dwar il-grammatika \u0120ermani\u017ca.<\/p>\r\n                    <\/div>\r\n                <\/div>\r\n            <\/div>\r\n        <\/a>\r\n\r\n        \r\n        <a href=\"https:\/\/talkpal.ai\/mt\/grammatika-germaniza\/\">\r\n            <div class=\"learnNavigationWrapper\">\r\n                <div class=\"learnNavigationContent\">\r\n                    <img decoding=\"async\" src=\"https:\/\/talkpal.ai\/wp-content\/uploads\/2024\/08\/German.jpg\" alt=\"German Flag\">\r\n                    <div>\r\n                        <h4>Lezzjonijiet tal-Grammatika \u0120ermani\u017ca<\/h4>\r\n                        <p>Ipprattika l-grammatika \u0120ermani\u017ca.<\/p>\r\n                    <\/div>\r\n                <\/div>\r\n            <\/div>\r\n        <\/a>\r\n\r\n        \r\n        <a href=\"https:\/\/talkpal.ai\/vocabulary_language\/german\/\">\r\n            <div class=\"learnNavigationWrapper\">\r\n                <div class=\"learnNavigationContent\">\r\n                    <img decoding=\"async\" src=\"https:\/\/talkpal.ai\/wp-content\/uploads\/2024\/08\/German.jpg\" alt=\"German Flag\">\r\n                    <div>\r\n                        <h4>Vokabularju \u0120ermani\u017c<\/h4>\r\n                        <p>Espandi l-vokabularju \u0120ermani\u017c tieg\u0127ek.<\/p>\r\n                    <\/div>\r\n                <\/div>\r\n            <\/div>\r\n        <\/a>\r\n\r\n            <\/section>","protected":false},"excerpt":{"rendered":"<p>Su\u0121\u0121etti tal-Grammatika \u0120ermani\u017ca It-tag\u0127lim ta &#8216;lingwa \u0121dida jista&#8217; jkun kompitu skora\u0121\u0121anti, i\u017cda bl-appro\u010b\u010b it-tajjeb, jista &#8216;jkun esperjenza e\u010b\u010bitanti u ta&#8217; sodisfazzjon. Il-\u0120ermani\u017c huwa lingwa strutturata \u0127afna u lo\u0121ika, li tag\u0127milha aktar fa\u010bli biex titg\u0127allem jekk ikollok fehim \u010bar tar-regoli grammatikali tag\u0127ha. Din il-gwida tg\u0127inek tifhem l-aspetti ewlenin tal-grammatika \u0120ermani\u017ca, b\u0127al tempi, verbi, nomi u artikli, [&hellip;]<\/p>\n","protected":false},"author":6,"featured_media":1439915,"parent":0,"menu_order":0,"comment_status":"closed","ping_status":"closed","template":"LearningContentPage.php","meta":{"_acf_changed":false,"footnotes":""},"class_list":["post-1446434","page","type-page","status-publish","has-post-thumbnail","hentry"],"acf":[],"yoast_head":"<!-- This site is optimized with the Yoast SEO Premium plugin v27.2 (Yoast SEO v27.2) - https:\/\/yoast.com\/product\/yoast-seo-premium-wordpress\/ -->\n<title>E\u017cer\u010bizzji grammatikali \u0120ermani\u017ci - Talkpal<\/title>\n<meta name=\"description\" content=\"Spinta l-grammatika \u0120ermani\u017ca tieg\u0127ek b&#039;e\u017cer\u010bizzji pratti\u010bi\u2014ittejjeb malajr, ipprattika b&#039;mod interattiv, u tikseb kunfidenza fil-lingwa billi tu\u017ca TalkPal AI.\" \/>\n<meta name=\"robots\" content=\"index, follow, max-snippet:-1, max-image-preview:large, max-video-preview:-1\" \/>\n<link rel=\"canonical\" href=\"https:\/\/talkpal.ai\/mt\/ezercizzji-grammatikali-germanizi\/\" \/>\n<meta property=\"og:locale\" content=\"mt_MT\" \/>\n<meta property=\"og:type\" content=\"article\" \/>\n<meta property=\"og:title\" content=\"E\u017cer\u010bizzji grammatikali \u0120ermani\u017ci\" \/>\n<meta property=\"og:description\" content=\"Su\u0121\u0121etti tal-Grammatika \u0120ermani\u017ca It-tag\u0127lim ta &#039;lingwa \u0121dida jista&#039; jkun kompitu skora\u0121\u0121anti, i\u017cda bl-appro\u010b\u010b it-tajjeb, jista &#039;jkun esperjenza e\u010b\u010bitanti\" \/>\n<meta property=\"og:url\" content=\"https:\/\/talkpal.ai\/mt\/ezercizzji-grammatikali-germanizi\/\" \/>\n<meta property=\"og:site_name\" content=\"Talkpal\" \/>\n<meta property=\"article:publisher\" content=\"https:\/\/www.facebook.com\/profile.php?id=100090733639311\" \/>\n<meta property=\"article:modified_time\" content=\"2025-12-17T16:11:28+00:00\" \/>\n<meta property=\"og:image\" content=\"https:\/\/talkpal.ai\/wp-content\/uploads\/2023\/03\/germany.png\" \/>\n\t<meta property=\"og:image:width\" content=\"512\" \/>\n\t<meta property=\"og:image:height\" content=\"512\" \/>\n\t<meta property=\"og:image:type\" content=\"image\/png\" \/>\n<meta name=\"twitter:card\" content=\"summary_large_image\" \/>\n<meta name=\"twitter:site\" content=\"@talkpalai\" \/>\n<meta name=\"twitter:label1\" content=\"Est. reading time\" \/>\n\t<meta name=\"twitter:data1\" content=\"3 minutes\" \/>\n<script type=\"application\/ld+json\" class=\"yoast-schema-graph\">{\"@context\":\"https:\/\/schema.org\",\"@graph\":[{\"@type\":\"WebPage\",\"@id\":\"https:\/\/talkpal.ai\/mt\/ezercizzji-grammatikali-germanizi\/\",\"url\":\"https:\/\/talkpal.ai\/mt\/ezercizzji-grammatikali-germanizi\/\",\"name\":\"E\u017cer\u010bizzji grammatikali \u0120ermani\u017ci - Talkpal\",\"isPartOf\":{\"@id\":\"https:\/\/talkpal.ai\/mt\/#website\"},\"primaryImageOfPage\":{\"@id\":\"https:\/\/talkpal.ai\/mt\/ezercizzji-grammatikali-germanizi\/#primaryimage\"},\"image\":{\"@id\":\"https:\/\/talkpal.ai\/mt\/ezercizzji-grammatikali-germanizi\/#primaryimage\"},\"thumbnailUrl\":\"https:\/\/talkpal.ai\/wp-content\/uploads\/2023\/03\/germany.png\",\"datePublished\":\"2023-06-16T09:14:18+00:00\",\"dateModified\":\"2025-12-17T16:11:28+00:00\",\"description\":\"Spinta l-grammatika \u0120ermani\u017ca tieg\u0127ek b'e\u017cer\u010bizzji pratti\u010bi\u2014ittejjeb malajr, ipprattika b'mod interattiv, u tikseb kunfidenza fil-lingwa billi tu\u017ca TalkPal AI.\",\"breadcrumb\":{\"@id\":\"https:\/\/talkpal.ai\/mt\/ezercizzji-grammatikali-germanizi\/#breadcrumb\"},\"inLanguage\":\"mt-MT\",\"potentialAction\":[{\"@type\":\"ReadAction\",\"target\":[\"https:\/\/talkpal.ai\/mt\/ezercizzji-grammatikali-germanizi\/\"]}]},{\"@type\":\"ImageObject\",\"inLanguage\":\"mt-MT\",\"@id\":\"https:\/\/talkpal.ai\/mt\/ezercizzji-grammatikali-germanizi\/#primaryimage\",\"url\":\"https:\/\/talkpal.ai\/wp-content\/uploads\/2023\/03\/germany.png\",\"contentUrl\":\"https:\/\/talkpal.ai\/wp-content\/uploads\/2023\/03\/germany.png\",\"width\":512,\"height\":512,\"caption\":\"TalkPal AI learn German\"},{\"@type\":\"BreadcrumbList\",\"@id\":\"https:\/\/talkpal.ai\/mt\/ezercizzji-grammatikali-germanizi\/#breadcrumb\",\"itemListElement\":[{\"@type\":\"ListItem\",\"position\":1,\"name\":\"Homepage\",\"item\":\"https:\/\/talkpal.ai\/mt\/\"},{\"@type\":\"ListItem\",\"position\":2,\"name\":\"E\u017cer\u010bizzji grammatikali \u0120ermani\u017ci\"}]},{\"@type\":\"WebSite\",\"@id\":\"https:\/\/talkpal.ai\/mt\/#website\",\"url\":\"https:\/\/talkpal.ai\/mt\/\",\"name\":\"Talkpal\",\"description\":\"AI Language Learning\",\"publisher\":{\"@id\":\"https:\/\/talkpal.ai\/mt\/#organization\"},\"alternateName\":\"Talkpal AI\",\"potentialAction\":[{\"@type\":\"SearchAction\",\"target\":{\"@type\":\"EntryPoint\",\"urlTemplate\":\"https:\/\/talkpal.ai\/mt\/?s={search_term_string}\"},\"query-input\":{\"@type\":\"PropertyValueSpecification\",\"valueRequired\":true,\"valueName\":\"search_term_string\"}}],\"inLanguage\":\"mt-MT\"},{\"@type\":\"Organization\",\"@id\":\"https:\/\/talkpal.ai\/mt\/#organization\",\"name\":\"Talkpal, Inc.\",\"alternateName\":\"Talkpal AI\",\"url\":\"https:\/\/talkpal.ai\/mt\/\",\"logo\":{\"@type\":\"ImageObject\",\"inLanguage\":\"mt-MT\",\"@id\":\"https:\/\/talkpal.ai\/mt\/#\/schema\/logo\/image\/\",\"url\":\"https:\/\/talkpal.ai\/wp-content\/uploads\/2024\/03\/Talkpal-Logo-Icon.png\",\"contentUrl\":\"https:\/\/talkpal.ai\/wp-content\/uploads\/2024\/03\/Talkpal-Logo-Icon.png\",\"width\":2880,\"height\":2880,\"caption\":\"Talkpal, Inc.\"},\"image\":{\"@id\":\"https:\/\/talkpal.ai\/mt\/#\/schema\/logo\/image\/\"},\"sameAs\":[\"https:\/\/www.facebook.com\/profile.php?id=100090733639311\",\"https:\/\/x.com\/talkpalai\",\"https:\/\/www.linkedin.com\/company\/talkpal\/\",\"https:\/\/www.youtube.com\/@TalkPal\/\",\"https:\/\/www.tiktok.com\/@talkpal\",\"https:\/\/www.instagram.com\/talkpal_ai\/\",\"https:\/\/www.crunchbase.com\/organization\/talkpal-9cde\",\"https:\/\/www.g2.com\/products\/talkpal-for-business\/\",\"https:\/\/www.trustpilot.com\/review\/talkpal.ai\",\"https:\/\/www.capterra.com\/p\/10006800\/TalkPal\/\"],\"description\":\"Talkpal is a language learning web and mobile education app, powered by the latest AI technologies, that provides engaging experiences to its customers in many different languages to help them improve their language skills. Users can chat about unlimited amount of topics with the app and use other modes to practice their language learning.\",\"email\":\"support@talkpal.ai\",\"legalName\":\"Talkpal, Inc.\",\"foundingDate\":\"2023-04-03\",\"duns\":\"118989042\",\"numberOfEmployees\":{\"@type\":\"QuantitativeValue\",\"minValue\":\"11\",\"maxValue\":\"50\"},\"publishingPrinciples\":\"https:\/\/talkpal.ai\/publishing-principles\/\",\"actionableFeedbackPolicy\":\"https:\/\/talkpal.ai\/actionable-feedback-policy\/\",\"correctionsPolicy\":\"https:\/\/talkpal.ai\/corrections-policy\/\",\"ethicsPolicy\":\"https:\/\/talkpal.ai\/ethics-policy\/\",\"diversityPolicy\":\"https:\/\/talkpal.ai\/diversity-policy\/\",\"diversityStaffingReport\":\"https:\/\/talkpal.ai\/diversity-policy\/\"}]}<\/script>\n<!-- \/ Yoast SEO Premium plugin. -->","yoast_head_json":{"title":"E\u017cer\u010bizzji grammatikali \u0120ermani\u017ci - Talkpal","description":"Spinta l-grammatika \u0120ermani\u017ca tieg\u0127ek b'e\u017cer\u010bizzji pratti\u010bi\u2014ittejjeb malajr, ipprattika b'mod interattiv, u tikseb kunfidenza fil-lingwa billi tu\u017ca TalkPal AI.","robots":{"index":"index","follow":"follow","max-snippet":"max-snippet:-1","max-image-preview":"max-image-preview:large","max-video-preview":"max-video-preview:-1"},"canonical":"https:\/\/talkpal.ai\/mt\/ezercizzji-grammatikali-germanizi\/","og_locale":"mt_MT","og_type":"article","og_title":"E\u017cer\u010bizzji grammatikali \u0120ermani\u017ci","og_description":"Su\u0121\u0121etti tal-Grammatika \u0120ermani\u017ca It-tag\u0127lim ta 'lingwa \u0121dida jista' jkun kompitu skora\u0121\u0121anti, i\u017cda bl-appro\u010b\u010b it-tajjeb, jista 'jkun esperjenza e\u010b\u010bitanti","og_url":"https:\/\/talkpal.ai\/mt\/ezercizzji-grammatikali-germanizi\/","og_site_name":"Talkpal","article_publisher":"https:\/\/www.facebook.com\/profile.php?id=100090733639311","article_modified_time":"2025-12-17T16:11:28+00:00","og_image":[{"width":512,"height":512,"url":"https:\/\/talkpal.ai\/wp-content\/uploads\/2023\/03\/germany.png","type":"image\/png"}],"twitter_card":"summary_large_image","twitter_site":"@talkpalai","twitter_misc":{"Est. reading time":"3 minutes"},"schema":{"@context":"https:\/\/schema.org","@graph":[{"@type":"WebPage","@id":"https:\/\/talkpal.ai\/mt\/ezercizzji-grammatikali-germanizi\/","url":"https:\/\/talkpal.ai\/mt\/ezercizzji-grammatikali-germanizi\/","name":"E\u017cer\u010bizzji grammatikali \u0120ermani\u017ci - Talkpal","isPartOf":{"@id":"https:\/\/talkpal.ai\/mt\/#website"},"primaryImageOfPage":{"@id":"https:\/\/talkpal.ai\/mt\/ezercizzji-grammatikali-germanizi\/#primaryimage"},"image":{"@id":"https:\/\/talkpal.ai\/mt\/ezercizzji-grammatikali-germanizi\/#primaryimage"},"thumbnailUrl":"https:\/\/talkpal.ai\/wp-content\/uploads\/2023\/03\/germany.png","datePublished":"2023-06-16T09:14:18+00:00","dateModified":"2025-12-17T16:11:28+00:00","description":"Spinta l-grammatika \u0120ermani\u017ca tieg\u0127ek b'e\u017cer\u010bizzji pratti\u010bi\u2014ittejjeb malajr, ipprattika b'mod interattiv, u tikseb kunfidenza fil-lingwa billi tu\u017ca TalkPal AI.","breadcrumb":{"@id":"https:\/\/talkpal.ai\/mt\/ezercizzji-grammatikali-germanizi\/#breadcrumb"},"inLanguage":"mt-MT","potentialAction":[{"@type":"ReadAction","target":["https:\/\/talkpal.ai\/mt\/ezercizzji-grammatikali-germanizi\/"]}]},{"@type":"ImageObject","inLanguage":"mt-MT","@id":"https:\/\/talkpal.ai\/mt\/ezercizzji-grammatikali-germanizi\/#primaryimage","url":"https:\/\/talkpal.ai\/wp-content\/uploads\/2023\/03\/germany.png","contentUrl":"https:\/\/talkpal.ai\/wp-content\/uploads\/2023\/03\/germany.png","width":512,"height":512,"caption":"TalkPal AI learn German"},{"@type":"BreadcrumbList","@id":"https:\/\/talkpal.ai\/mt\/ezercizzji-grammatikali-germanizi\/#breadcrumb","itemListElement":[{"@type":"ListItem","position":1,"name":"Homepage","item":"https:\/\/talkpal.ai\/mt\/"},{"@type":"ListItem","position":2,"name":"E\u017cer\u010bizzji grammatikali \u0120ermani\u017ci"}]},{"@type":"WebSite","@id":"https:\/\/talkpal.ai\/mt\/#website","url":"https:\/\/talkpal.ai\/mt\/","name":"Talkpal","description":"AI Language Learning","publisher":{"@id":"https:\/\/talkpal.ai\/mt\/#organization"},"alternateName":"Talkpal AI","potentialAction":[{"@type":"SearchAction","target":{"@type":"EntryPoint","urlTemplate":"https:\/\/talkpal.ai\/mt\/?s={search_term_string}"},"query-input":{"@type":"PropertyValueSpecification","valueRequired":true,"valueName":"search_term_string"}}],"inLanguage":"mt-MT"},{"@type":"Organization","@id":"https:\/\/talkpal.ai\/mt\/#organization","name":"Talkpal, Inc.","alternateName":"Talkpal AI","url":"https:\/\/talkpal.ai\/mt\/","logo":{"@type":"ImageObject","inLanguage":"mt-MT","@id":"https:\/\/talkpal.ai\/mt\/#\/schema\/logo\/image\/","url":"https:\/\/talkpal.ai\/wp-content\/uploads\/2024\/03\/Talkpal-Logo-Icon.png","contentUrl":"https:\/\/talkpal.ai\/wp-content\/uploads\/2024\/03\/Talkpal-Logo-Icon.png","width":2880,"height":2880,"caption":"Talkpal, Inc."},"image":{"@id":"https:\/\/talkpal.ai\/mt\/#\/schema\/logo\/image\/"},"sameAs":["https:\/\/www.facebook.com\/profile.php?id=100090733639311","https:\/\/x.com\/talkpalai","https:\/\/www.linkedin.com\/company\/talkpal\/","https:\/\/www.youtube.com\/@TalkPal\/","https:\/\/www.tiktok.com\/@talkpal","https:\/\/www.instagram.com\/talkpal_ai\/","https:\/\/www.crunchbase.com\/organization\/talkpal-9cde","https:\/\/www.g2.com\/products\/talkpal-for-business\/","https:\/\/www.trustpilot.com\/review\/talkpal.ai","https:\/\/www.capterra.com\/p\/10006800\/TalkPal\/"],"description":"Talkpal is a language learning web and mobile education app, powered by the latest AI technologies, that provides engaging experiences to its customers in many different languages to help them improve their language skills. Users can chat about unlimited amount of topics with the app and use other modes to practice their language learning.","email":"support@talkpal.ai","legalName":"Talkpal, Inc.","foundingDate":"2023-04-03","duns":"118989042","numberOfEmployees":{"@type":"QuantitativeValue","minValue":"11","maxValue":"50"},"publishingPrinciples":"https:\/\/talkpal.ai\/publishing-principles\/","actionableFeedbackPolicy":"https:\/\/talkpal.ai\/actionable-feedback-policy\/","correctionsPolicy":"https:\/\/talkpal.ai\/corrections-policy\/","ethicsPolicy":"https:\/\/talkpal.ai\/ethics-policy\/","diversityPolicy":"https:\/\/talkpal.ai\/diversity-policy\/","diversityStaffingReport":"https:\/\/talkpal.ai\/diversity-policy\/"}]}},"_links":{"self":[{"href":"https:\/\/talkpal.ai\/mt\/wp-json\/wp\/v2\/pages\/1446434","targetHints":{"allow":["GET"]}}],"collection":[{"href":"https:\/\/talkpal.ai\/mt\/wp-json\/wp\/v2\/pages"}],"about":[{"href":"https:\/\/talkpal.ai\/mt\/wp-json\/wp\/v2\/types\/page"}],"author":[{"embeddable":true,"href":"https:\/\/talkpal.ai\/mt\/wp-json\/wp\/v2\/users\/6"}],"replies":[{"embeddable":true,"href":"https:\/\/talkpal.ai\/mt\/wp-json\/wp\/v2\/comments?post=1446434"}],"version-history":[{"count":0,"href":"https:\/\/talkpal.ai\/mt\/wp-json\/wp\/v2\/pages\/1446434\/revisions"}],"wp:featuredmedia":[{"embeddable":true,"href":"https:\/\/talkpal.ai\/mt\/wp-json\/wp\/v2\/media\/1439915"}],"wp:attachment":[{"href":"https:\/\/talkpal.ai\/mt\/wp-json\/wp\/v2\/media?parent=1446434"}],"curies":[{"name":"wp","href":"https:\/\/api.w.org\/{rel}","templated":true}]}}