{"id":1446429,"date":"2023-06-15T07:00:21","date_gmt":"2023-06-15T07:00:21","guid":{"rendered":"https:\/\/talkpal.ai\/ezercizzji-tal-grammatika-spanjola\/"},"modified":"2025-12-17T16:37:23","modified_gmt":"2025-12-17T16:37:23","slug":"ezercizzji-tal-grammatika-spanjola","status":"publish","type":"page","link":"https:\/\/talkpal.ai\/mt\/ezercizzji-tal-grammatika-spanjola\/","title":{"rendered":"E\u017cer\u010bizzji tal-Grammatika Spanjola"},"content":{"rendered":"\r\n\r\n\r\n<section class=\"languageChallengeSection\">\r\n    <div class=\"languageInfoWrapper\">\r\n        \r\n        <h1>E\u017cer\u010bizzji tal-Grammatika Spanjola<\/h1>\r\n        <p>Lest biex ittejjeb l-Ispanjol tieg\u0127ek? Il-prattika tal-e\u017cer\u010bizzji tal-grammatika hija mod tajjeb \u0127afna biex tikkontrolla l-istruttura tas-sentenza, il-konjugazzjonijiet tal-verb, u l-mudelli uni\u010bi tal-lingwa Spanjola. Ibda ta\u0127dem fuq il-grammatika Spanjola llum u ara l-kunfidenza u l-fluency tieg\u0127ek jikbru ma &#039;kull e\u017cer\u010bizzju!\n\n<\/p>\r\n\r\n                            <a class=\"getStartedHidden\" href=\"https:\/\/app.talkpal.ai\/signup?lng=\">Ibda<\/a>\r\n        \r\n    <\/div>\r\n\r\n    <figure>\r\n    <img decoding=\"async\" width=\"768\" height=\"768\" src=\"https:\/\/talkpal.ai\/wp-content\/uploads\/2023\/06\/Spanish-768x768.png\" class=\"languageImage no-lazy\" alt=\"Practical application of language learning\" fetchpriority=\"high\" sizes=\"(max-width: 768px) 150px, 768px\" srcset=\"https:\/\/talkpal.ai\/wp-content\/uploads\/2023\/06\/Spanish-768x768.png 768w, https:\/\/talkpal.ai\/wp-content\/uploads\/2023\/06\/Spanish-300x300.png 300w\" \/>\r\n    \r\n\r\n    <\/figure>\r\n\r\n            <a class=\"getStartedVisible\" href=\"https:\/\/app.talkpal.ai\/signup?lng=\">Ibda<\/a>\r\n    \r\n<\/section>\r\n\r\n\r\n<!-- <section class=\"grammarSection\">\r\n    <div class=\"grammarLinks\">\r\n            <\/div>\r\n<\/section> -->\r\n\r\n\r\n\r\n\r\n<section class=\"promotionalBanner\">\r\n    <p class=\"promotionalText\">L-aktar mod effi\u010bjenti biex titg\u0127allem lingwa<\/p>\r\n    <a class=\"promotionalLink\" href=\"https:\/\/app.talkpal.ai\/signup?lng=\">Ipprova Talkpal b&#8217;xejn<\/a>\r\n<\/section>\n<div class=\"wp-block-group pageContainerStyle\"><div class=\"wp-block-group__inner-container is-layout-constrained wp-block-group-is-layout-constrained\">\n<h2 class=\"wp-block-heading\" id=\"h-spanish-grammar-topics\">Su\u0121\u0121etti tal-Grammatika Spanjola<\/h2>\n\n\n\n<p>It-tag\u0127lim ta &#8216;lingwa \u0121dida jista&#8217; jkun sforz e\u010b\u010bitanti u ta &#8216;sodisfazzjon, u l-Ispanjol mhix e\u010b\u010bezzjoni. B\u0127ala t-tieni l-aktar lingwa mitkellma fid-dinja, tista &#8216;tifta\u0127 opportunitajiet \u0121odda g\u0127all-ivvja\u0121\u0121ar, ix-xog\u0127ol u l-iskambju kulturali. Kemm jekk int prin\u010bipjant komplet jew qed tfittex li ttejjeb il-\u0127iliet e\u017cistenti tieg\u0127ek, il-fehim u l-\u0127akma tal-grammatika Spanjola huwa essenzjali. Minn tempi u verbi g\u0127all-istruttura tas-sentenza u l-prepo\u017cizzjonijiet, kull aspett tal-lingwa g\u0127andu rwol kru\u010bjali fil-kapa\u010bit\u00e0 tieg\u0127ek li tikkomunika b&#8217;mod effettiv. F&#8217;din il-gwida, se nesploraw su\u0121\u0121etti importanti tal-grammatika Spanjola, u nippre\u017centawhom f&#8217;sekwenza lo\u0121ika biex ng\u0127inuk titg\u0127allem il-lingwa bil-fa\u010bilit\u00e0.<\/p>\n\n\n\n<h3 class=\"wp-block-heading\" id=\"h-1-nouns-and-articles\">1. Nomi u Artikoli:<\/h3>\n\n\n\n<p>Ibda billi jiffamiljarizza ru\u0127ek man-nomi Spanjoli u s-sess tag\u0127hom, kif ukoll artikli definiti u indefiniti. Dawn il-blokki ba\u017ci\u010bi tal-bini jg\u0127inuk tifhem u tifforma fra\u017cijiet u sentenzi sempli\u010bi.<\/p>\n\n\n\n<h3 class=\"wp-block-heading\" id=\"h-2-adjectives\">2. A\u0121\u0121ettivi:<\/h3>\n\n\n\n<p>L-a\u0121\u0121ettivi huma essenzjali biex jiddeskrivu nomi, u bl-Ispanjol, g\u0127andhom jaqblu fis-sess u n-numru man-nom li jimmodifikaw. It-tag\u0127lim tar-regoli g\u0127at-tqeg\u0127id u l-ftehim tal-a\u0121\u0121ettivi se jtejjeb \u0127afna l-abbilt\u00e0 tieg\u0127ek li tesprimi ru\u0127ek bl-Ispanjol.<\/p>\n\n\n\n<h3 class=\"wp-block-heading\" id=\"h-3-pronouns\">3. Pronomi:<\/h3>\n\n\n\n<p>Il-pronomi jissostitwixxu n-nomi u huma vitali biex il-konversazzjoni ssir aktar fluwida u naturali. Iffoka fuq il-pronomi tas-su\u0121\u0121ett, il-pronomi tal-o\u0121\u0121ett diretti u indiretti, u l-pronomi riflessivi, u ti\u017cgura li tifhem l-u\u017cu u t-tqeg\u0127id tag\u0127hom fis-sentenzi.<\/p>\n\n\n\n<h3 class=\"wp-block-heading\" id=\"h-4-verbs\">4. Verbi:<\/h3>\n\n\n\n<p>Il-verbi huma s-sinsla ta&#8217; kwalunkwe lingwa, u l-Ispanjol mhuwiex differenti. Ibda billi titg\u0127allem il-verbi regolari u irregolari l-aktar komuni, kif ukoll il-konjugazzjonijiet tag\u0127hom fil-burdata indikattiva tat-temp pre\u017centi.<\/p>\n\n\n\n<h3 class=\"wp-block-heading\" id=\"h-5-tenses-indicative\">5. Tempi Indikattivi:<\/h3>\n\n\n\n<p>Ladarba jkollok \u0127akma fuq il-konjugazzjoni ba\u017cika tal-verb, espandi l-g\u0127arfien tieg\u0127ek biex tinkludi tempora indikattivi o\u0127ra, b\u0127at-tempi preteriti, imperfetti, futuri u kondizzjonali. Dan jippermettilek tesprimi azzjonijiet u avvenimenti f&#8217;perjodi ta&#8217; \u017cmien differenti.<\/p>\n\n\n\n<h3 class=\"wp-block-heading\" id=\"h-6-adverbs\">6. Avverbji:<\/h3>\n\n\n\n<p>L-avverbji jipprovdu informazzjoni addizzjonali dwar verbi, a\u0121\u0121ettivi, jew avverbji o\u0127ra. Tg\u0127allem it-tipi differenti ta &#8216;avverbji u t-tqeg\u0127id tag\u0127hom f&#8217;sentenzi biex i\u017c\u017cid aktar dettall u sfumaturi g\u0127ad-diskors tieg\u0127ek.<\/p>\n\n\n\n<h3 class=\"wp-block-heading\" id=\"h-7-prepositions\">7. Prepo\u017cizzjonijiet:<\/h3>\n\n\n\n<p>Il-prepo\u017cizzjonijiet huma essenzjali g\u0127all-espressjoni tar-relazzjonijiet bejn il-kliem, b\u0127all-post, id-direzzjoni, jew il-\u0127in. Familjarizza ru\u0127ek mal-prepo\u017cizzjonijiet Spanjoli l-aktar komuni u l-u\u017cu tag\u0127hom f&#8217;diversi kuntesti.<\/p>\n\n\n\n<h3 class=\"wp-block-heading\" id=\"h-8-tenses-subjunctive\">8. Tenses Subjunctive:<\/h3>\n\n\n\n<p>Il-burdata subjunctive tintu\u017ca biex tesprimi dubju, in\u010bertezza, jew sitwazzjonijiet ipoteti\u010bi. Study the conjugation rules for <a href=\"https:\/\/talkpal.ai\/es\/domina-los-verbos-regulares-e-irregulares-en-ingles-facilmente\/\">regular and irregular verbs<\/a> in the present, past, and <a href=\"https:\/\/talkpal.ai\/culture\/how-does-the-future-subjunctive-work-and-when-is-it-actually-used\/\">future subjunctive<\/a> tenses to expand your expressive capabilities.<\/p>\n\n\n\n<h3 class=\"wp-block-heading\" id=\"h-9-tense-comparison\">9. Paragun tat-tensjoni:<\/h3>\n\n\n\n<p>Il-fehim tal-isfumaturi bejn it-tempi u l-burdati differenti jg\u0127inek tag\u0127\u017cel il-forma xierqa biex twassal it-tifsira intenzjonata tieg\u0127ek. Prattika tqabbil u tikkuntrasta t-tempijiet indikattivi u subkon\u0121untivi, kif ukoll id-diversi tempi passati, biex tikseb kontroll akbar tal-lingwa.<\/p>\n\n\n\n<h3 class=\"wp-block-heading\" id=\"h-10-sentence-structure\">10. Struttura tas-Sentenza:<\/h3>\n\n\n\n<p>Fl-a\u0127\u0127arnett, esplora strutturi ta &#8216;sentenzi differenti, inklu\u017ci sentenzi sempli\u010bi, komposti u kumplessi. Tg\u0127allem kif tu\u017ca kon\u0121unzjonijiet ta &#8216;koordinazzjoni u subordinazzjoni biex to\u0127loq ideat aktar kumplessi u ti\u017cviluppa l-abbilt\u00e0 tieg\u0127ek li tikkomunika b&#8217;mod effettiv bl-Ispanjol.<\/p>\n<\/div><\/div>\n\r\n<section class=\"learnNavigationSection\">\r\n            \r\n        <a href=\"https:\/\/talkpal.ai\/mt\/tghallem-l-ispanjol\/\">\r\n            <div class=\"learnNavigationWrapper\">\r\n                <div class=\"learnNavigationContent\">\r\n                    <img decoding=\"async\" src=\"https:\/\/talkpal.ai\/wp-content\/uploads\/2024\/08\/Spanish.jpg\" alt=\"Spanish Flag\">\r\n                    <div>\r\n                        <h4>Dwar it-Tag\u0127lim tal-Ispanjol<\/h4>\r\n                        <p>Sir af kollox dwar il-grammatika Spanjola.<\/p>\r\n                    <\/div>\r\n                <\/div>\r\n            <\/div>\r\n        <\/a>\r\n\r\n        \r\n        <a href=\"https:\/\/talkpal.ai\/mt\/grammatika-spanjola\/\">\r\n            <div class=\"learnNavigationWrapper\">\r\n                <div class=\"learnNavigationContent\">\r\n                    <img decoding=\"async\" src=\"https:\/\/talkpal.ai\/wp-content\/uploads\/2024\/08\/Spanish.jpg\" alt=\"Spanish Flag\">\r\n                    <div>\r\n                        <h4>Lezzjonijiet tal-Grammatika tal-Ispanjol<\/h4>\r\n                        <p>Ipprattika l-grammatika Spanjola.<\/p>\r\n                    <\/div>\r\n                <\/div>\r\n            <\/div>\r\n        <\/a>\r\n\r\n        \r\n        <a href=\"https:\/\/talkpal.ai\/vocabulary_language\/spanish\/\">\r\n            <div class=\"learnNavigationWrapper\">\r\n                <div class=\"learnNavigationContent\">\r\n                    <img decoding=\"async\" src=\"https:\/\/talkpal.ai\/wp-content\/uploads\/2024\/08\/Spanish.jpg\" alt=\"Spanish Flag\">\r\n                    <div>\r\n                        <h4>Vokabularju Spanjol<\/h4>\r\n                        <p>Espandi l-vokabularju Spanjol tieg\u0127ek.<\/p>\r\n                    <\/div>\r\n                <\/div>\r\n            <\/div>\r\n        <\/a>\r\n\r\n            <\/section>","protected":false},"excerpt":{"rendered":"<p>Su\u0121\u0121etti tal-Grammatika Spanjola It-tag\u0127lim ta &#8216;lingwa \u0121dida jista&#8217; jkun sforz e\u010b\u010bitanti u ta &#8216;sodisfazzjon, u l-Ispanjol mhix e\u010b\u010bezzjoni. B\u0127ala t-tieni l-aktar lingwa mitkellma fid-dinja, tista &#8216;tifta\u0127 opportunitajiet \u0121odda g\u0127all-ivvja\u0121\u0121ar, ix-xog\u0127ol u l-iskambju kulturali. Kemm jekk int prin\u010bipjant komplet jew qed tfittex li ttejjeb il-\u0127iliet e\u017cistenti tieg\u0127ek, il-fehim u l-\u0127akma tal-grammatika Spanjola huwa essenzjali. Minn tempi [&hellip;]<\/p>\n","protected":false},"author":1,"featured_media":1439902,"parent":0,"menu_order":0,"comment_status":"closed","ping_status":"closed","template":"LearningContentPage.php","meta":{"_acf_changed":false,"footnotes":""},"class_list":["post-1446429","page","type-page","status-publish","has-post-thumbnail","hentry"],"acf":[],"yoast_head":"<!-- This site is optimized with the Yoast SEO Premium plugin v27.2 (Yoast SEO v27.2) - https:\/\/yoast.com\/product\/yoast-seo-premium-wordpress\/ -->\n<title>E\u017cer\u010bizzji tal-Grammatika Spanjola - Talkpal<\/title>\n<meta name=\"description\" content=\"Ittejjeb il-grammatika Spanjola tieg\u0127ek b&#039;e\u017cer\u010bizzji interattivi ddisinjati g\u0127al-livelli kollha tal-\u0127iliet. Prattika l-verbi, l-istruttura tas-sentenza, il-vokabularju, u aktar!\" \/>\n<meta name=\"robots\" content=\"index, follow, max-snippet:-1, max-image-preview:large, max-video-preview:-1\" \/>\n<link rel=\"canonical\" href=\"https:\/\/talkpal.ai\/mt\/ezercizzji-tal-grammatika-spanjola\/\" \/>\n<meta property=\"og:locale\" content=\"mt_MT\" \/>\n<meta property=\"og:type\" content=\"article\" \/>\n<meta property=\"og:title\" content=\"E\u017cer\u010bizzji tal-Grammatika Spanjola\" \/>\n<meta property=\"og:description\" content=\"Su\u0121\u0121etti tal-Grammatika Spanjola It-tag\u0127lim ta &#039;lingwa \u0121dida jista&#039; jkun sforz e\u010b\u010bitanti u ta &#039;sodisfazzjon, u l-Ispanjol mhix e\u010b\u010bezzjoni. B\u0127ala t-tieni\" \/>\n<meta property=\"og:url\" content=\"https:\/\/talkpal.ai\/mt\/ezercizzji-tal-grammatika-spanjola\/\" \/>\n<meta property=\"og:site_name\" content=\"Talkpal\" \/>\n<meta property=\"article:publisher\" content=\"https:\/\/www.facebook.com\/profile.php?id=100090733639311\" \/>\n<meta property=\"article:modified_time\" content=\"2025-12-17T16:37:23+00:00\" \/>\n<meta property=\"og:image\" content=\"https:\/\/talkpal.ai\/wp-content\/uploads\/2023\/03\/spain.png\" \/>\n\t<meta property=\"og:image:width\" content=\"512\" \/>\n\t<meta property=\"og:image:height\" content=\"512\" \/>\n\t<meta property=\"og:image:type\" content=\"image\/png\" \/>\n<meta name=\"twitter:card\" content=\"summary_large_image\" \/>\n<meta name=\"twitter:site\" content=\"@talkpalai\" \/>\n<meta name=\"twitter:label1\" content=\"Est. reading time\" \/>\n\t<meta name=\"twitter:data1\" content=\"2 minutes\" \/>\n<script type=\"application\/ld+json\" class=\"yoast-schema-graph\">{\"@context\":\"https:\/\/schema.org\",\"@graph\":[{\"@type\":\"WebPage\",\"@id\":\"https:\/\/talkpal.ai\/mt\/ezercizzji-tal-grammatika-spanjola\/\",\"url\":\"https:\/\/talkpal.ai\/mt\/ezercizzji-tal-grammatika-spanjola\/\",\"name\":\"E\u017cer\u010bizzji tal-Grammatika Spanjola - Talkpal\",\"isPartOf\":{\"@id\":\"https:\/\/talkpal.ai\/mt\/#website\"},\"primaryImageOfPage\":{\"@id\":\"https:\/\/talkpal.ai\/mt\/ezercizzji-tal-grammatika-spanjola\/#primaryimage\"},\"image\":{\"@id\":\"https:\/\/talkpal.ai\/mt\/ezercizzji-tal-grammatika-spanjola\/#primaryimage\"},\"thumbnailUrl\":\"https:\/\/talkpal.ai\/wp-content\/uploads\/2023\/03\/spain.png\",\"datePublished\":\"2023-06-15T07:00:21+00:00\",\"dateModified\":\"2025-12-17T16:37:23+00:00\",\"description\":\"Ittejjeb il-grammatika Spanjola tieg\u0127ek b'e\u017cer\u010bizzji interattivi ddisinjati g\u0127al-livelli kollha tal-\u0127iliet. Prattika l-verbi, l-istruttura tas-sentenza, il-vokabularju, u aktar!\",\"breadcrumb\":{\"@id\":\"https:\/\/talkpal.ai\/mt\/ezercizzji-tal-grammatika-spanjola\/#breadcrumb\"},\"inLanguage\":\"mt-MT\",\"potentialAction\":[{\"@type\":\"ReadAction\",\"target\":[\"https:\/\/talkpal.ai\/mt\/ezercizzji-tal-grammatika-spanjola\/\"]}]},{\"@type\":\"ImageObject\",\"inLanguage\":\"mt-MT\",\"@id\":\"https:\/\/talkpal.ai\/mt\/ezercizzji-tal-grammatika-spanjola\/#primaryimage\",\"url\":\"https:\/\/talkpal.ai\/wp-content\/uploads\/2023\/03\/spain.png\",\"contentUrl\":\"https:\/\/talkpal.ai\/wp-content\/uploads\/2023\/03\/spain.png\",\"width\":512,\"height\":512,\"caption\":\"TalkPal AI learn Spanish\"},{\"@type\":\"BreadcrumbList\",\"@id\":\"https:\/\/talkpal.ai\/mt\/ezercizzji-tal-grammatika-spanjola\/#breadcrumb\",\"itemListElement\":[{\"@type\":\"ListItem\",\"position\":1,\"name\":\"Homepage\",\"item\":\"https:\/\/talkpal.ai\/mt\/\"},{\"@type\":\"ListItem\",\"position\":2,\"name\":\"E\u017cer\u010bizzji tal-Grammatika Spanjola\"}]},{\"@type\":\"WebSite\",\"@id\":\"https:\/\/talkpal.ai\/mt\/#website\",\"url\":\"https:\/\/talkpal.ai\/mt\/\",\"name\":\"Talkpal\",\"description\":\"AI Language Learning\",\"publisher\":{\"@id\":\"https:\/\/talkpal.ai\/mt\/#organization\"},\"alternateName\":\"Talkpal AI\",\"potentialAction\":[{\"@type\":\"SearchAction\",\"target\":{\"@type\":\"EntryPoint\",\"urlTemplate\":\"https:\/\/talkpal.ai\/mt\/?s={search_term_string}\"},\"query-input\":{\"@type\":\"PropertyValueSpecification\",\"valueRequired\":true,\"valueName\":\"search_term_string\"}}],\"inLanguage\":\"mt-MT\"},{\"@type\":\"Organization\",\"@id\":\"https:\/\/talkpal.ai\/mt\/#organization\",\"name\":\"Talkpal, Inc.\",\"alternateName\":\"Talkpal AI\",\"url\":\"https:\/\/talkpal.ai\/mt\/\",\"logo\":{\"@type\":\"ImageObject\",\"inLanguage\":\"mt-MT\",\"@id\":\"https:\/\/talkpal.ai\/mt\/#\/schema\/logo\/image\/\",\"url\":\"https:\/\/talkpal.ai\/wp-content\/uploads\/2024\/03\/Talkpal-Logo-Icon.png\",\"contentUrl\":\"https:\/\/talkpal.ai\/wp-content\/uploads\/2024\/03\/Talkpal-Logo-Icon.png\",\"width\":2880,\"height\":2880,\"caption\":\"Talkpal, Inc.\"},\"image\":{\"@id\":\"https:\/\/talkpal.ai\/mt\/#\/schema\/logo\/image\/\"},\"sameAs\":[\"https:\/\/www.facebook.com\/profile.php?id=100090733639311\",\"https:\/\/x.com\/talkpalai\",\"https:\/\/www.linkedin.com\/company\/talkpal\/\",\"https:\/\/www.youtube.com\/@TalkPal\/\",\"https:\/\/www.tiktok.com\/@talkpal\",\"https:\/\/www.instagram.com\/talkpal_ai\/\",\"https:\/\/www.crunchbase.com\/organization\/talkpal-9cde\",\"https:\/\/www.g2.com\/products\/talkpal-for-business\/\",\"https:\/\/www.trustpilot.com\/review\/talkpal.ai\",\"https:\/\/www.capterra.com\/p\/10006800\/TalkPal\/\"],\"description\":\"Talkpal is a language learning web and mobile education app, powered by the latest AI technologies, that provides engaging experiences to its customers in many different languages to help them improve their language skills. Users can chat about unlimited amount of topics with the app and use other modes to practice their language learning.\",\"email\":\"support@talkpal.ai\",\"legalName\":\"Talkpal, Inc.\",\"foundingDate\":\"2023-04-03\",\"duns\":\"118989042\",\"numberOfEmployees\":{\"@type\":\"QuantitativeValue\",\"minValue\":\"11\",\"maxValue\":\"50\"},\"publishingPrinciples\":\"https:\/\/talkpal.ai\/publishing-principles\/\",\"actionableFeedbackPolicy\":\"https:\/\/talkpal.ai\/actionable-feedback-policy\/\",\"correctionsPolicy\":\"https:\/\/talkpal.ai\/corrections-policy\/\",\"ethicsPolicy\":\"https:\/\/talkpal.ai\/ethics-policy\/\",\"diversityPolicy\":\"https:\/\/talkpal.ai\/diversity-policy\/\",\"diversityStaffingReport\":\"https:\/\/talkpal.ai\/diversity-policy\/\"}]}<\/script>\n<!-- \/ Yoast SEO Premium plugin. -->","yoast_head_json":{"title":"E\u017cer\u010bizzji tal-Grammatika Spanjola - Talkpal","description":"Ittejjeb il-grammatika Spanjola tieg\u0127ek b'e\u017cer\u010bizzji interattivi ddisinjati g\u0127al-livelli kollha tal-\u0127iliet. Prattika l-verbi, l-istruttura tas-sentenza, il-vokabularju, u aktar!","robots":{"index":"index","follow":"follow","max-snippet":"max-snippet:-1","max-image-preview":"max-image-preview:large","max-video-preview":"max-video-preview:-1"},"canonical":"https:\/\/talkpal.ai\/mt\/ezercizzji-tal-grammatika-spanjola\/","og_locale":"mt_MT","og_type":"article","og_title":"E\u017cer\u010bizzji tal-Grammatika Spanjola","og_description":"Su\u0121\u0121etti tal-Grammatika Spanjola It-tag\u0127lim ta 'lingwa \u0121dida jista' jkun sforz e\u010b\u010bitanti u ta 'sodisfazzjon, u l-Ispanjol mhix e\u010b\u010bezzjoni. B\u0127ala t-tieni","og_url":"https:\/\/talkpal.ai\/mt\/ezercizzji-tal-grammatika-spanjola\/","og_site_name":"Talkpal","article_publisher":"https:\/\/www.facebook.com\/profile.php?id=100090733639311","article_modified_time":"2025-12-17T16:37:23+00:00","og_image":[{"width":512,"height":512,"url":"https:\/\/talkpal.ai\/wp-content\/uploads\/2023\/03\/spain.png","type":"image\/png"}],"twitter_card":"summary_large_image","twitter_site":"@talkpalai","twitter_misc":{"Est. reading time":"2 minutes"},"schema":{"@context":"https:\/\/schema.org","@graph":[{"@type":"WebPage","@id":"https:\/\/talkpal.ai\/mt\/ezercizzji-tal-grammatika-spanjola\/","url":"https:\/\/talkpal.ai\/mt\/ezercizzji-tal-grammatika-spanjola\/","name":"E\u017cer\u010bizzji tal-Grammatika Spanjola - Talkpal","isPartOf":{"@id":"https:\/\/talkpal.ai\/mt\/#website"},"primaryImageOfPage":{"@id":"https:\/\/talkpal.ai\/mt\/ezercizzji-tal-grammatika-spanjola\/#primaryimage"},"image":{"@id":"https:\/\/talkpal.ai\/mt\/ezercizzji-tal-grammatika-spanjola\/#primaryimage"},"thumbnailUrl":"https:\/\/talkpal.ai\/wp-content\/uploads\/2023\/03\/spain.png","datePublished":"2023-06-15T07:00:21+00:00","dateModified":"2025-12-17T16:37:23+00:00","description":"Ittejjeb il-grammatika Spanjola tieg\u0127ek b'e\u017cer\u010bizzji interattivi ddisinjati g\u0127al-livelli kollha tal-\u0127iliet. Prattika l-verbi, l-istruttura tas-sentenza, il-vokabularju, u aktar!","breadcrumb":{"@id":"https:\/\/talkpal.ai\/mt\/ezercizzji-tal-grammatika-spanjola\/#breadcrumb"},"inLanguage":"mt-MT","potentialAction":[{"@type":"ReadAction","target":["https:\/\/talkpal.ai\/mt\/ezercizzji-tal-grammatika-spanjola\/"]}]},{"@type":"ImageObject","inLanguage":"mt-MT","@id":"https:\/\/talkpal.ai\/mt\/ezercizzji-tal-grammatika-spanjola\/#primaryimage","url":"https:\/\/talkpal.ai\/wp-content\/uploads\/2023\/03\/spain.png","contentUrl":"https:\/\/talkpal.ai\/wp-content\/uploads\/2023\/03\/spain.png","width":512,"height":512,"caption":"TalkPal AI learn Spanish"},{"@type":"BreadcrumbList","@id":"https:\/\/talkpal.ai\/mt\/ezercizzji-tal-grammatika-spanjola\/#breadcrumb","itemListElement":[{"@type":"ListItem","position":1,"name":"Homepage","item":"https:\/\/talkpal.ai\/mt\/"},{"@type":"ListItem","position":2,"name":"E\u017cer\u010bizzji tal-Grammatika Spanjola"}]},{"@type":"WebSite","@id":"https:\/\/talkpal.ai\/mt\/#website","url":"https:\/\/talkpal.ai\/mt\/","name":"Talkpal","description":"AI Language Learning","publisher":{"@id":"https:\/\/talkpal.ai\/mt\/#organization"},"alternateName":"Talkpal AI","potentialAction":[{"@type":"SearchAction","target":{"@type":"EntryPoint","urlTemplate":"https:\/\/talkpal.ai\/mt\/?s={search_term_string}"},"query-input":{"@type":"PropertyValueSpecification","valueRequired":true,"valueName":"search_term_string"}}],"inLanguage":"mt-MT"},{"@type":"Organization","@id":"https:\/\/talkpal.ai\/mt\/#organization","name":"Talkpal, Inc.","alternateName":"Talkpal AI","url":"https:\/\/talkpal.ai\/mt\/","logo":{"@type":"ImageObject","inLanguage":"mt-MT","@id":"https:\/\/talkpal.ai\/mt\/#\/schema\/logo\/image\/","url":"https:\/\/talkpal.ai\/wp-content\/uploads\/2024\/03\/Talkpal-Logo-Icon.png","contentUrl":"https:\/\/talkpal.ai\/wp-content\/uploads\/2024\/03\/Talkpal-Logo-Icon.png","width":2880,"height":2880,"caption":"Talkpal, Inc."},"image":{"@id":"https:\/\/talkpal.ai\/mt\/#\/schema\/logo\/image\/"},"sameAs":["https:\/\/www.facebook.com\/profile.php?id=100090733639311","https:\/\/x.com\/talkpalai","https:\/\/www.linkedin.com\/company\/talkpal\/","https:\/\/www.youtube.com\/@TalkPal\/","https:\/\/www.tiktok.com\/@talkpal","https:\/\/www.instagram.com\/talkpal_ai\/","https:\/\/www.crunchbase.com\/organization\/talkpal-9cde","https:\/\/www.g2.com\/products\/talkpal-for-business\/","https:\/\/www.trustpilot.com\/review\/talkpal.ai","https:\/\/www.capterra.com\/p\/10006800\/TalkPal\/"],"description":"Talkpal is a language learning web and mobile education app, powered by the latest AI technologies, that provides engaging experiences to its customers in many different languages to help them improve their language skills. Users can chat about unlimited amount of topics with the app and use other modes to practice their language learning.","email":"support@talkpal.ai","legalName":"Talkpal, Inc.","foundingDate":"2023-04-03","duns":"118989042","numberOfEmployees":{"@type":"QuantitativeValue","minValue":"11","maxValue":"50"},"publishingPrinciples":"https:\/\/talkpal.ai\/publishing-principles\/","actionableFeedbackPolicy":"https:\/\/talkpal.ai\/actionable-feedback-policy\/","correctionsPolicy":"https:\/\/talkpal.ai\/corrections-policy\/","ethicsPolicy":"https:\/\/talkpal.ai\/ethics-policy\/","diversityPolicy":"https:\/\/talkpal.ai\/diversity-policy\/","diversityStaffingReport":"https:\/\/talkpal.ai\/diversity-policy\/"}]}},"_links":{"self":[{"href":"https:\/\/talkpal.ai\/mt\/wp-json\/wp\/v2\/pages\/1446429","targetHints":{"allow":["GET"]}}],"collection":[{"href":"https:\/\/talkpal.ai\/mt\/wp-json\/wp\/v2\/pages"}],"about":[{"href":"https:\/\/talkpal.ai\/mt\/wp-json\/wp\/v2\/types\/page"}],"author":[{"embeddable":true,"href":"https:\/\/talkpal.ai\/mt\/wp-json\/wp\/v2\/users\/1"}],"replies":[{"embeddable":true,"href":"https:\/\/talkpal.ai\/mt\/wp-json\/wp\/v2\/comments?post=1446429"}],"version-history":[{"count":0,"href":"https:\/\/talkpal.ai\/mt\/wp-json\/wp\/v2\/pages\/1446429\/revisions"}],"wp:featuredmedia":[{"embeddable":true,"href":"https:\/\/talkpal.ai\/mt\/wp-json\/wp\/v2\/media\/1439902"}],"wp:attachment":[{"href":"https:\/\/talkpal.ai\/mt\/wp-json\/wp\/v2\/media?parent=1446429"}],"curies":[{"name":"wp","href":"https:\/\/api.w.org\/{rel}","templated":true}]}}