{"id":1446425,"date":"2023-06-16T09:22:36","date_gmt":"2023-06-16T09:22:36","guid":{"rendered":"https:\/\/talkpal.ai\/ezercizzji-tal-grammatika-taljana\/"},"modified":"2025-12-17T16:13:57","modified_gmt":"2025-12-17T16:13:57","slug":"ezercizzji-tal-grammatika-taljana","status":"publish","type":"page","link":"https:\/\/talkpal.ai\/mt\/ezercizzji-tal-grammatika-taljana\/","title":{"rendered":"E\u017cer\u010bizzji tal-Grammatika Taljana"},"content":{"rendered":"\r\n\r\n\r\n<section class=\"languageChallengeSection\">\r\n    <div class=\"languageInfoWrapper\">\r\n        \r\n        <h1>E\u017cer\u010bizzji tal-Grammatika Taljana<\/h1>\r\n        <p>Lest biex tibni l-fidu\u010bja tieg\u0127ek fit-Taljan? Il-prattika tal-grammatika hija l-a\u0127jar mod biex tikkontrolla l-istruttura tas-sentenza, il-konjugazzjonijiet tal-verbi, u l-karatteristi\u010bi uni\u010bi tal-lingwa Taljana. Ibda ta\u0127dem fuq il-grammatika Taljana tieg\u0127ek illum u ara l-\u0127iliet u l-\u0127effa tieg\u0127ek jitjiebu ma &#039;kull pass!\n\n<\/p>\r\n\r\n                            <a class=\"getStartedHidden\" href=\"https:\/\/app.talkpal.ai\/signup?lng=\">Ibda<\/a>\r\n        \r\n    <\/div>\r\n\r\n    <figure>\r\n    <img decoding=\"async\" width=\"768\" height=\"768\" src=\"https:\/\/talkpal.ai\/wp-content\/uploads\/2023\/06\/italian-768x768.png\" class=\"languageImage no-lazy\" alt=\"Language learning for increased memory capacity\" fetchpriority=\"high\" sizes=\"(max-width: 768px) 150px, 768px\" srcset=\"https:\/\/talkpal.ai\/wp-content\/uploads\/2023\/06\/italian-768x768.png 768w, https:\/\/talkpal.ai\/wp-content\/uploads\/2023\/06\/italian-300x300.png 300w\" \/>\r\n    \r\n\r\n    <\/figure>\r\n\r\n            <a class=\"getStartedVisible\" href=\"https:\/\/app.talkpal.ai\/signup?lng=\">Ibda<\/a>\r\n    \r\n<\/section>\r\n\r\n\r\n<!-- <section class=\"grammarSection\">\r\n    <div class=\"grammarLinks\">\r\n            <\/div>\r\n<\/section> -->\r\n\r\n\r\n\r\n\r\n<section class=\"promotionalBanner\">\r\n    <p class=\"promotionalText\">L-aktar mod effi\u010bjenti biex titg\u0127allem lingwa<\/p>\r\n    <a class=\"promotionalLink\" href=\"https:\/\/app.talkpal.ai\/signup?lng=\">Ipprova Talkpal b&#8217;xejn<\/a>\r\n<\/section>\n<div class=\"wp-block-group pageContainerStyle\"><div class=\"wp-block-group__inner-container is-layout-constrained wp-block-group-is-layout-constrained\">\n<h2 class=\"wp-block-heading\" id=\"h-italian-grammar-topics\">Su\u0121\u0121etti tal-Grammatika Taljana<\/h2>\n\n\n\n<p>It-tag\u0127lim ta&#8217; lingwa \u0121dida huwa vja\u0121\u0121 e\u010b\u010bitanti li jifta\u0127 opportunitajiet \u0121odda u esperjenzi kulturali. Wa\u0127da mill-isba\u0127 lingwi u mitkellma hija t-Taljan, mag\u0127rufa g\u0127all-mu\u017cikalit\u00e0, l-espressivit\u00e0 u l-istorja rikka tag\u0127ha. Biex jitg\u0127allmu t-Taljan b&#8217;mod effettiv, huwa kru\u010bjali li jkun hemm fehim \u010bar tal-grammatika tieg\u0127u, li sservi b\u0127ala l-pedament g\u0127all-bini tal-\u0127iliet lingwisti\u010bi. Dan jinkludi l-\u0127akma ta &#8216;diversi aspetti, b\u0127al tempi, verbi, nomi, artikli, u aktar. F&#8217;din il-gwida, se nesploraw sekwenza ta &#8216;su\u0121\u0121etti tal-grammatika li jg\u0127inuk titg\u0127allem it-Taljan b&#8217;mod organizzat u effi\u010bjenti.<\/p>\n\n\n\n<h3 class=\"wp-block-heading\" id=\"h-1-nouns-and-articles\">1. Nomi u Artikoli:<\/h3>\n\n\n\n<p>Ibda l-vja\u0121\u0121 tat-tag\u0127lim Taljan tieg\u0127ek b&#8217;nomi u artikli, peress li huma l-blokki ba\u017ci\u010bi ta &#8216;kwalunkwe sentenza. Nomi huma kliem li jirrappre\u017centaw nies, postijiet, affarijiet, jew ideat. Fit-Taljan, in-nomi g\u0127andhom \u0121eneri (maskili u femminili) u numri (singular u plural). L-artikli huma l-kliem li jakkumpanjaw in-nomi, u g\u0127andhom ukoll is-sess u n-numru. Familjarizza ru\u0127ek mal-artikli definiti (il, la, e\u010b\u010b.) u indefiniti (un, una, e\u010b\u010b.) biex tifforma fra\u017cijiet sempli\u010bi.<\/p>\n\n\n\n<h3 class=\"wp-block-heading\" id=\"h-2-adjectives\">2. A\u0121\u0121ettivi:<\/h3>\n\n\n\n<p>L-a\u0121\u0121ettivi jipprovdu informazzjoni dwar in-nomi, b\u0127all-kulur, id-daqs, jew il-kwalit\u00e0. Fit-Taljan, l-a\u0121\u0121ettivi jaqblu fis-sess u n-numru man-nom li jiddeskrivu. Tg\u0127allem ir-regoli g\u0127at-tqeg\u0127id u l-ftehim tal-a\u0121\u0121ettivi biex ittejjeb il-\u0127iliet tal-lingwa deskrittiva tieg\u0127ek.<\/p>\n\n\n\n<h3 class=\"wp-block-heading\" id=\"h-3-pronouns\">3. Pronomi:<\/h3>\n\n\n\n<p>Il-pronomi jissostitwixxu n-nomi fis-sentenzi biex jevitaw ir-ripetizzjoni. Studja l-pronomi tas-su\u0121\u0121ett (io, tu, lui, e\u010b\u010b.), Pronomi ta &#8216;o\u0121\u0121ett diretti u indiretti (lo, la, gli, e\u010b\u010b.), u pronomi possessivi (mio, tuo, suo, e\u010b\u010b.) biex i\u017c\u017cid aktar varjet\u00e0 g\u0127ad-diskors tieg\u0127ek.<\/p>\n\n\n\n<h3 class=\"wp-block-heading\" id=\"h-4-verbs-and-tenses-indicative\">4. Verbi u Tempi Indikattivi:<\/h3>\n\n\n\n<p>Il-verbi jesprimu azzjonijiet, stati, jew okkorrenzi. Il-verbi Taljani g\u0127andhom konjugazzjonijiet differenti bba\u017cati fuq is-su\u0121\u0121ett, it-temp u l-burdata. Ibda b&#8217;verbi regolari fit-temp pre\u017centi indikattiv, b\u0127al parlare (biex titkellem), u gradwalment titg\u0127allem tempi o\u0127ra, b\u0127all-passat (<a href=\"https:\/\/talkpal.ai\/ar\/grammar_exercises\/passato-prossimo-%d8%aa%d9%85%d8%a7%d8%b1%d9%8a%d9%86-%d9%84%d9%84%d9%82%d9%88%d8%a7%d8%b9%d8%af-%d8%a7%d9%84%d8%a5%d9%8a%d8%b7%d8%a7%d9%84%d9%8a%d8%a9\/\">passato prossimo<\/a>) u l-futur (<a href=\"https:\/\/talkpal.ai\/ar\/grammar_exercises\/futuro-semplice-%d8%aa%d9%85%d8%a7%d8%b1%d9%8a%d9%86-%d9%84%d9%84%d9%82%d9%88%d8%a7%d8%b9%d8%af-%d8%a7%d9%84%d8%a5%d9%8a%d8%b7%d8%a7%d9%84%d9%8a%d8%a9\/\">futuro semplice<\/a>).<\/p>\n\n\n\n<h3 class=\"wp-block-heading\" id=\"h-5-tenses-subjunctive\">5. Tenses Subjunctive:<\/h3>\n\n\n\n<p>Il-burdata subjunctive tesprimi dubju, in\u010bertezza, jew opinjonijiet personali. Tg\u0127allem l-erba &#8216;tempi ta&#8217; subjuntivi (pre\u017cent, passat, imperfett, u passat perfett) u l-u\u017ci tag\u0127hom fl-espressjoni ta &#8216;xewqat, xewqat, u sitwazzjonijiet ipoteti\u010bi.<\/p>\n\n\n\n<h3 class=\"wp-block-heading\" id=\"h-6-tense-comparison\">6. Paragun tat-Tensjoni:<\/h3>\n\n\n\n<p>\u017bviluppa l-abbilt\u00e0 tieg\u0127ek li tqabbel l-azzjonijiet f&#8217;perjodi ta &#8216;\u017cmien differenti billi titg\u0127allem tu\u017ca forom komparattivi u superlattivi ta&#8217; a\u0121\u0121ettivi u avverbji. Dan jippermettilek tag\u0127mel paraguni bejn nies, o\u0121\u0121etti, jew sitwazzjonijiet.<\/p>\n\n\n\n<h3 class=\"wp-block-heading\" id=\"h-7-adverbs\">7. Avverbji:<\/h3>\n\n\n\n<p>L-avverbji jimmodifikaw verbi, a\u0121\u0121ettivi, jew avverbji o\u0127ra billi jipprovdu informazzjoni addizzjonali dwar il-\u0127in, il-mod, jew il-grad. Tg\u0127allem avverbji Taljani komuni u t-tqeg\u0127id tag\u0127hom f&#8217;sentenzi biex ittejjeb il-\u0127effa tieg\u0127ek.<\/p>\n\n\n\n<h3 class=\"wp-block-heading\" id=\"h-8-prepositions\">8. Prepo\u017cizzjonijiet:<\/h3>\n\n\n\n<p>Il-prepo\u017cizzjonijiet huma essenzjali g\u0127all-konnessjoni ta &#8216;kliem u fra\u017cijiet, li jindikaw relazzjonijiet b\u0127al post, \u0127in, jew kaw\u017ca. Kaptan il-prepo\u017cizzjonijiet komuni Taljani (di, a, da, e\u010b\u010b.) u l-u\u017cu tag\u0127hom f&#8217;diversi kuntesti.<\/p>\n\n\n\n<h3 class=\"wp-block-heading\" id=\"h-9-sentence-structure\">9. Struttura tas-sentenza:<\/h3>\n\n\n\n<p>Fl-a\u0127\u0127arnett, \u0121ib il-komponenti kollha tal-grammatika flimkien billi tistudja l-istruttura tas-sentenza Taljana. Tg\u0127allem dwar l-ordni tas-su\u0121\u0121ett-verb-o\u0121\u0121ett, in-negazzjoni, u l-formazzjoni ta &#8216;mistoqsijiet biex to\u0127loq sentenzi pre\u010bi\u017ci u sinifikanti.<\/p>\n\n\n\n<p>Billi ssegwi din is-sekwenza ta &#8216;su\u0121\u0121etti grammati\u010bi u tiddedika \u0127in g\u0127all-prattika u r-revi\u017cjoni, int se tkun fi triqtha tajba biex tikkontrolla t-Taljan u tgawdi l-esperjenzi lingwisti\u010bi u kulturali rikki li toffri.<\/p>\n<\/div><\/div>\n\r\n<section class=\"learnNavigationSection\">\r\n            \r\n        <a href=\"https:\/\/talkpal.ai\/mt\/tghallem-it-taljan\/\">\r\n            <div class=\"learnNavigationWrapper\">\r\n                <div class=\"learnNavigationContent\">\r\n                    <img decoding=\"async\" src=\"https:\/\/talkpal.ai\/wp-content\/uploads\/2024\/08\/Italian.jpg\" alt=\"Italian Flag\">\r\n                    <div>\r\n                        <h4>Dwar it-Tag\u0127lim tat-Taljan<\/h4>\r\n                        <p>Sir af kollox dwar il-grammatika Taljana.<\/p>\r\n                    <\/div>\r\n                <\/div>\r\n            <\/div>\r\n        <\/a>\r\n\r\n        \r\n        <a href=\"https:\/\/talkpal.ai\/mt\/grammatika-taljana\/\">\r\n            <div class=\"learnNavigationWrapper\">\r\n                <div class=\"learnNavigationContent\">\r\n                    <img decoding=\"async\" src=\"https:\/\/talkpal.ai\/wp-content\/uploads\/2024\/08\/Italian.jpg\" alt=\"Italian Flag\">\r\n                    <div>\r\n                        <h4>Lezzjonijiet tal-Grammatika Taljana<\/h4>\r\n                        <p>Ipprattika l-grammatika Taljana.<\/p>\r\n                    <\/div>\r\n                <\/div>\r\n            <\/div>\r\n        <\/a>\r\n\r\n        \r\n        <a href=\"https:\/\/talkpal.ai\/vocabulary_language\/italian\/\">\r\n            <div class=\"learnNavigationWrapper\">\r\n                <div class=\"learnNavigationContent\">\r\n                    <img decoding=\"async\" src=\"https:\/\/talkpal.ai\/wp-content\/uploads\/2024\/08\/Italian.jpg\" alt=\"Italian Flag\">\r\n                    <div>\r\n                        <h4>Vokabularju Taljan<\/h4>\r\n                        <p>Espandi l-vokabularju Taljan tieg\u0127ek.<\/p>\r\n                    <\/div>\r\n                <\/div>\r\n            <\/div>\r\n        <\/a>\r\n\r\n            <\/section>","protected":false},"excerpt":{"rendered":"<p>Su\u0121\u0121etti tal-Grammatika Taljana It-tag\u0127lim ta&#8217; lingwa \u0121dida huwa vja\u0121\u0121 e\u010b\u010bitanti li jifta\u0127 opportunitajiet \u0121odda u esperjenzi kulturali. Wa\u0127da mill-isba\u0127 lingwi u mitkellma hija t-Taljan, mag\u0127rufa g\u0127all-mu\u017cikalit\u00e0, l-espressivit\u00e0 u l-istorja rikka tag\u0127ha. Biex jitg\u0127allmu t-Taljan b&#8217;mod effettiv, huwa kru\u010bjali li jkun hemm fehim \u010bar tal-grammatika tieg\u0127u, li sservi b\u0127ala l-pedament g\u0127all-bini tal-\u0127iliet lingwisti\u010bi. Dan jinkludi l-\u0127akma [&hellip;]<\/p>\n","protected":false},"author":6,"featured_media":1439890,"parent":0,"menu_order":0,"comment_status":"closed","ping_status":"closed","template":"LearningContentPage.php","meta":{"_acf_changed":false,"footnotes":""},"class_list":["post-1446425","page","type-page","status-publish","has-post-thumbnail","hentry"],"acf":[],"yoast_head":"<!-- This site is optimized with the Yoast SEO Premium plugin v27.2 (Yoast SEO v27.2) - https:\/\/yoast.com\/product\/yoast-seo-premium-wordpress\/ -->\n<title>E\u017cer\u010bizzji tal-Grammatika Taljana - Talkpal<\/title>\n<meta name=\"description\" content=\"Sa\u0127\u0127a\u0127 il-grammatika Taljana tieg\u0127ek b&#039;mod effettiv - ittejjeb il-\u0127iliet tieg\u0127ek b&#039;e\u017cer\u010bizzji pratti\u010bi, prattika interattiva, u feedback immedjat\" \/>\n<meta name=\"robots\" content=\"index, follow, max-snippet:-1, max-image-preview:large, max-video-preview:-1\" \/>\n<link rel=\"canonical\" href=\"https:\/\/talkpal.ai\/mt\/ezercizzji-tal-grammatika-taljana\/\" \/>\n<meta property=\"og:locale\" content=\"mt_MT\" \/>\n<meta property=\"og:type\" content=\"article\" \/>\n<meta property=\"og:title\" content=\"E\u017cer\u010bizzji tal-Grammatika Taljana\" \/>\n<meta property=\"og:description\" content=\"Su\u0121\u0121etti tal-Grammatika Taljana It-tag\u0127lim ta&#039; lingwa \u0121dida huwa vja\u0121\u0121 e\u010b\u010bitanti li jifta\u0127 opportunitajiet \u0121odda u esperjenzi kulturali. Wa\u0127da mill-isba\u0127\" \/>\n<meta property=\"og:url\" content=\"https:\/\/talkpal.ai\/mt\/ezercizzji-tal-grammatika-taljana\/\" \/>\n<meta property=\"og:site_name\" content=\"Talkpal\" \/>\n<meta property=\"article:publisher\" content=\"https:\/\/www.facebook.com\/profile.php?id=100090733639311\" \/>\n<meta property=\"article:modified_time\" content=\"2025-12-17T16:13:57+00:00\" \/>\n<meta property=\"og:image\" content=\"https:\/\/talkpal.ai\/wp-content\/uploads\/2023\/03\/italy.png\" \/>\n\t<meta property=\"og:image:width\" content=\"512\" \/>\n\t<meta property=\"og:image:height\" content=\"512\" \/>\n\t<meta property=\"og:image:type\" content=\"image\/png\" \/>\n<meta name=\"twitter:card\" content=\"summary_large_image\" \/>\n<meta name=\"twitter:site\" content=\"@talkpalai\" \/>\n<meta name=\"twitter:label1\" content=\"Est. reading time\" \/>\n\t<meta name=\"twitter:data1\" content=\"3 minutes\" \/>\n<script type=\"application\/ld+json\" class=\"yoast-schema-graph\">{\"@context\":\"https:\/\/schema.org\",\"@graph\":[{\"@type\":\"WebPage\",\"@id\":\"https:\/\/talkpal.ai\/mt\/ezercizzji-tal-grammatika-taljana\/\",\"url\":\"https:\/\/talkpal.ai\/mt\/ezercizzji-tal-grammatika-taljana\/\",\"name\":\"E\u017cer\u010bizzji tal-Grammatika Taljana - Talkpal\",\"isPartOf\":{\"@id\":\"https:\/\/talkpal.ai\/mt\/#website\"},\"primaryImageOfPage\":{\"@id\":\"https:\/\/talkpal.ai\/mt\/ezercizzji-tal-grammatika-taljana\/#primaryimage\"},\"image\":{\"@id\":\"https:\/\/talkpal.ai\/mt\/ezercizzji-tal-grammatika-taljana\/#primaryimage\"},\"thumbnailUrl\":\"https:\/\/talkpal.ai\/wp-content\/uploads\/2023\/03\/italy.png\",\"datePublished\":\"2023-06-16T09:22:36+00:00\",\"dateModified\":\"2025-12-17T16:13:57+00:00\",\"description\":\"Sa\u0127\u0127a\u0127 il-grammatika Taljana tieg\u0127ek b'mod effettiv - ittejjeb il-\u0127iliet tieg\u0127ek b'e\u017cer\u010bizzji pratti\u010bi, prattika interattiva, u feedback immedjat\",\"breadcrumb\":{\"@id\":\"https:\/\/talkpal.ai\/mt\/ezercizzji-tal-grammatika-taljana\/#breadcrumb\"},\"inLanguage\":\"mt-MT\",\"potentialAction\":[{\"@type\":\"ReadAction\",\"target\":[\"https:\/\/talkpal.ai\/mt\/ezercizzji-tal-grammatika-taljana\/\"]}]},{\"@type\":\"ImageObject\",\"inLanguage\":\"mt-MT\",\"@id\":\"https:\/\/talkpal.ai\/mt\/ezercizzji-tal-grammatika-taljana\/#primaryimage\",\"url\":\"https:\/\/talkpal.ai\/wp-content\/uploads\/2023\/03\/italy.png\",\"contentUrl\":\"https:\/\/talkpal.ai\/wp-content\/uploads\/2023\/03\/italy.png\",\"width\":512,\"height\":512,\"caption\":\"TalkPal AI learn Italian\"},{\"@type\":\"BreadcrumbList\",\"@id\":\"https:\/\/talkpal.ai\/mt\/ezercizzji-tal-grammatika-taljana\/#breadcrumb\",\"itemListElement\":[{\"@type\":\"ListItem\",\"position\":1,\"name\":\"Homepage\",\"item\":\"https:\/\/talkpal.ai\/mt\/\"},{\"@type\":\"ListItem\",\"position\":2,\"name\":\"E\u017cer\u010bizzji tal-Grammatika Taljana\"}]},{\"@type\":\"WebSite\",\"@id\":\"https:\/\/talkpal.ai\/mt\/#website\",\"url\":\"https:\/\/talkpal.ai\/mt\/\",\"name\":\"Talkpal\",\"description\":\"AI Language Learning\",\"publisher\":{\"@id\":\"https:\/\/talkpal.ai\/mt\/#organization\"},\"alternateName\":\"Talkpal AI\",\"potentialAction\":[{\"@type\":\"SearchAction\",\"target\":{\"@type\":\"EntryPoint\",\"urlTemplate\":\"https:\/\/talkpal.ai\/mt\/?s={search_term_string}\"},\"query-input\":{\"@type\":\"PropertyValueSpecification\",\"valueRequired\":true,\"valueName\":\"search_term_string\"}}],\"inLanguage\":\"mt-MT\"},{\"@type\":\"Organization\",\"@id\":\"https:\/\/talkpal.ai\/mt\/#organization\",\"name\":\"Talkpal, Inc.\",\"alternateName\":\"Talkpal AI\",\"url\":\"https:\/\/talkpal.ai\/mt\/\",\"logo\":{\"@type\":\"ImageObject\",\"inLanguage\":\"mt-MT\",\"@id\":\"https:\/\/talkpal.ai\/mt\/#\/schema\/logo\/image\/\",\"url\":\"https:\/\/talkpal.ai\/wp-content\/uploads\/2024\/03\/Talkpal-Logo-Icon.png\",\"contentUrl\":\"https:\/\/talkpal.ai\/wp-content\/uploads\/2024\/03\/Talkpal-Logo-Icon.png\",\"width\":2880,\"height\":2880,\"caption\":\"Talkpal, Inc.\"},\"image\":{\"@id\":\"https:\/\/talkpal.ai\/mt\/#\/schema\/logo\/image\/\"},\"sameAs\":[\"https:\/\/www.facebook.com\/profile.php?id=100090733639311\",\"https:\/\/x.com\/talkpalai\",\"https:\/\/www.linkedin.com\/company\/talkpal\/\",\"https:\/\/www.youtube.com\/@TalkPal\/\",\"https:\/\/www.tiktok.com\/@talkpal\",\"https:\/\/www.instagram.com\/talkpal_ai\/\",\"https:\/\/www.crunchbase.com\/organization\/talkpal-9cde\",\"https:\/\/www.g2.com\/products\/talkpal-for-business\/\",\"https:\/\/www.trustpilot.com\/review\/talkpal.ai\",\"https:\/\/www.capterra.com\/p\/10006800\/TalkPal\/\"],\"description\":\"Talkpal is a language learning web and mobile education app, powered by the latest AI technologies, that provides engaging experiences to its customers in many different languages to help them improve their language skills. Users can chat about unlimited amount of topics with the app and use other modes to practice their language learning.\",\"email\":\"support@talkpal.ai\",\"legalName\":\"Talkpal, Inc.\",\"foundingDate\":\"2023-04-03\",\"duns\":\"118989042\",\"numberOfEmployees\":{\"@type\":\"QuantitativeValue\",\"minValue\":\"11\",\"maxValue\":\"50\"},\"publishingPrinciples\":\"https:\/\/talkpal.ai\/publishing-principles\/\",\"actionableFeedbackPolicy\":\"https:\/\/talkpal.ai\/actionable-feedback-policy\/\",\"correctionsPolicy\":\"https:\/\/talkpal.ai\/corrections-policy\/\",\"ethicsPolicy\":\"https:\/\/talkpal.ai\/ethics-policy\/\",\"diversityPolicy\":\"https:\/\/talkpal.ai\/diversity-policy\/\",\"diversityStaffingReport\":\"https:\/\/talkpal.ai\/diversity-policy\/\"}]}<\/script>\n<!-- \/ Yoast SEO Premium plugin. -->","yoast_head_json":{"title":"E\u017cer\u010bizzji tal-Grammatika Taljana - Talkpal","description":"Sa\u0127\u0127a\u0127 il-grammatika Taljana tieg\u0127ek b'mod effettiv - ittejjeb il-\u0127iliet tieg\u0127ek b'e\u017cer\u010bizzji pratti\u010bi, prattika interattiva, u feedback immedjat","robots":{"index":"index","follow":"follow","max-snippet":"max-snippet:-1","max-image-preview":"max-image-preview:large","max-video-preview":"max-video-preview:-1"},"canonical":"https:\/\/talkpal.ai\/mt\/ezercizzji-tal-grammatika-taljana\/","og_locale":"mt_MT","og_type":"article","og_title":"E\u017cer\u010bizzji tal-Grammatika Taljana","og_description":"Su\u0121\u0121etti tal-Grammatika Taljana It-tag\u0127lim ta' lingwa \u0121dida huwa vja\u0121\u0121 e\u010b\u010bitanti li jifta\u0127 opportunitajiet \u0121odda u esperjenzi kulturali. Wa\u0127da mill-isba\u0127","og_url":"https:\/\/talkpal.ai\/mt\/ezercizzji-tal-grammatika-taljana\/","og_site_name":"Talkpal","article_publisher":"https:\/\/www.facebook.com\/profile.php?id=100090733639311","article_modified_time":"2025-12-17T16:13:57+00:00","og_image":[{"width":512,"height":512,"url":"https:\/\/talkpal.ai\/wp-content\/uploads\/2023\/03\/italy.png","type":"image\/png"}],"twitter_card":"summary_large_image","twitter_site":"@talkpalai","twitter_misc":{"Est. reading time":"3 minutes"},"schema":{"@context":"https:\/\/schema.org","@graph":[{"@type":"WebPage","@id":"https:\/\/talkpal.ai\/mt\/ezercizzji-tal-grammatika-taljana\/","url":"https:\/\/talkpal.ai\/mt\/ezercizzji-tal-grammatika-taljana\/","name":"E\u017cer\u010bizzji tal-Grammatika Taljana - Talkpal","isPartOf":{"@id":"https:\/\/talkpal.ai\/mt\/#website"},"primaryImageOfPage":{"@id":"https:\/\/talkpal.ai\/mt\/ezercizzji-tal-grammatika-taljana\/#primaryimage"},"image":{"@id":"https:\/\/talkpal.ai\/mt\/ezercizzji-tal-grammatika-taljana\/#primaryimage"},"thumbnailUrl":"https:\/\/talkpal.ai\/wp-content\/uploads\/2023\/03\/italy.png","datePublished":"2023-06-16T09:22:36+00:00","dateModified":"2025-12-17T16:13:57+00:00","description":"Sa\u0127\u0127a\u0127 il-grammatika Taljana tieg\u0127ek b'mod effettiv - ittejjeb il-\u0127iliet tieg\u0127ek b'e\u017cer\u010bizzji pratti\u010bi, prattika interattiva, u feedback immedjat","breadcrumb":{"@id":"https:\/\/talkpal.ai\/mt\/ezercizzji-tal-grammatika-taljana\/#breadcrumb"},"inLanguage":"mt-MT","potentialAction":[{"@type":"ReadAction","target":["https:\/\/talkpal.ai\/mt\/ezercizzji-tal-grammatika-taljana\/"]}]},{"@type":"ImageObject","inLanguage":"mt-MT","@id":"https:\/\/talkpal.ai\/mt\/ezercizzji-tal-grammatika-taljana\/#primaryimage","url":"https:\/\/talkpal.ai\/wp-content\/uploads\/2023\/03\/italy.png","contentUrl":"https:\/\/talkpal.ai\/wp-content\/uploads\/2023\/03\/italy.png","width":512,"height":512,"caption":"TalkPal AI learn Italian"},{"@type":"BreadcrumbList","@id":"https:\/\/talkpal.ai\/mt\/ezercizzji-tal-grammatika-taljana\/#breadcrumb","itemListElement":[{"@type":"ListItem","position":1,"name":"Homepage","item":"https:\/\/talkpal.ai\/mt\/"},{"@type":"ListItem","position":2,"name":"E\u017cer\u010bizzji tal-Grammatika Taljana"}]},{"@type":"WebSite","@id":"https:\/\/talkpal.ai\/mt\/#website","url":"https:\/\/talkpal.ai\/mt\/","name":"Talkpal","description":"AI Language Learning","publisher":{"@id":"https:\/\/talkpal.ai\/mt\/#organization"},"alternateName":"Talkpal AI","potentialAction":[{"@type":"SearchAction","target":{"@type":"EntryPoint","urlTemplate":"https:\/\/talkpal.ai\/mt\/?s={search_term_string}"},"query-input":{"@type":"PropertyValueSpecification","valueRequired":true,"valueName":"search_term_string"}}],"inLanguage":"mt-MT"},{"@type":"Organization","@id":"https:\/\/talkpal.ai\/mt\/#organization","name":"Talkpal, Inc.","alternateName":"Talkpal AI","url":"https:\/\/talkpal.ai\/mt\/","logo":{"@type":"ImageObject","inLanguage":"mt-MT","@id":"https:\/\/talkpal.ai\/mt\/#\/schema\/logo\/image\/","url":"https:\/\/talkpal.ai\/wp-content\/uploads\/2024\/03\/Talkpal-Logo-Icon.png","contentUrl":"https:\/\/talkpal.ai\/wp-content\/uploads\/2024\/03\/Talkpal-Logo-Icon.png","width":2880,"height":2880,"caption":"Talkpal, Inc."},"image":{"@id":"https:\/\/talkpal.ai\/mt\/#\/schema\/logo\/image\/"},"sameAs":["https:\/\/www.facebook.com\/profile.php?id=100090733639311","https:\/\/x.com\/talkpalai","https:\/\/www.linkedin.com\/company\/talkpal\/","https:\/\/www.youtube.com\/@TalkPal\/","https:\/\/www.tiktok.com\/@talkpal","https:\/\/www.instagram.com\/talkpal_ai\/","https:\/\/www.crunchbase.com\/organization\/talkpal-9cde","https:\/\/www.g2.com\/products\/talkpal-for-business\/","https:\/\/www.trustpilot.com\/review\/talkpal.ai","https:\/\/www.capterra.com\/p\/10006800\/TalkPal\/"],"description":"Talkpal is a language learning web and mobile education app, powered by the latest AI technologies, that provides engaging experiences to its customers in many different languages to help them improve their language skills. Users can chat about unlimited amount of topics with the app and use other modes to practice their language learning.","email":"support@talkpal.ai","legalName":"Talkpal, Inc.","foundingDate":"2023-04-03","duns":"118989042","numberOfEmployees":{"@type":"QuantitativeValue","minValue":"11","maxValue":"50"},"publishingPrinciples":"https:\/\/talkpal.ai\/publishing-principles\/","actionableFeedbackPolicy":"https:\/\/talkpal.ai\/actionable-feedback-policy\/","correctionsPolicy":"https:\/\/talkpal.ai\/corrections-policy\/","ethicsPolicy":"https:\/\/talkpal.ai\/ethics-policy\/","diversityPolicy":"https:\/\/talkpal.ai\/diversity-policy\/","diversityStaffingReport":"https:\/\/talkpal.ai\/diversity-policy\/"}]}},"_links":{"self":[{"href":"https:\/\/talkpal.ai\/mt\/wp-json\/wp\/v2\/pages\/1446425","targetHints":{"allow":["GET"]}}],"collection":[{"href":"https:\/\/talkpal.ai\/mt\/wp-json\/wp\/v2\/pages"}],"about":[{"href":"https:\/\/talkpal.ai\/mt\/wp-json\/wp\/v2\/types\/page"}],"author":[{"embeddable":true,"href":"https:\/\/talkpal.ai\/mt\/wp-json\/wp\/v2\/users\/6"}],"replies":[{"embeddable":true,"href":"https:\/\/talkpal.ai\/mt\/wp-json\/wp\/v2\/comments?post=1446425"}],"version-history":[{"count":0,"href":"https:\/\/talkpal.ai\/mt\/wp-json\/wp\/v2\/pages\/1446425\/revisions"}],"wp:featuredmedia":[{"embeddable":true,"href":"https:\/\/talkpal.ai\/mt\/wp-json\/wp\/v2\/media\/1439890"}],"wp:attachment":[{"href":"https:\/\/talkpal.ai\/mt\/wp-json\/wp\/v2\/media?parent=1446425"}],"curies":[{"name":"wp","href":"https:\/\/api.w.org\/{rel}","templated":true}]}}