{"id":1446422,"date":"2023-06-16T09:41:10","date_gmt":"2023-06-16T09:41:10","guid":{"rendered":"https:\/\/talkpal.ai\/ezercizzji-tal-grammatika-olandiza\/"},"modified":"2025-12-17T15:27:55","modified_gmt":"2025-12-17T15:27:55","slug":"ezercizzji-tal-grammatika-olandiza","status":"publish","type":"page","link":"https:\/\/talkpal.ai\/mt\/ezercizzji-tal-grammatika-olandiza\/","title":{"rendered":"E\u017cer\u010bizzji tal-Grammatika Olandi\u017ca"},"content":{"rendered":"\r\n\r\n\r\n<section class=\"languageChallengeSection\">\r\n    <div class=\"languageInfoWrapper\">\r\n        \r\n        <h1>E\u017cer\u010bizzji tal-Grammatika Olandi\u017ca<\/h1>\r\n        <p>Trid tikseb aktar kunfidenti fl-<a href=\"https:\/\/talkpal.ai\/learn-dutch\/\">Olandi\u017c<\/a>? Il-prattika tal-e\u017cer\u010bizzji tal-grammatika hija mod tajjeb \u0127afna biex tikkontrolla l-istruttura tas-sentenza, il-konjugazzjonijiet tal-verb, u l-mudelli uni\u010bi tal-lingwa Olandi\u017ca. Ibda ta\u0127dem fuq il-<a href=\"https:\/\/talkpal.ai\/dutch-grammar\/\">grammatika Olandi\u017ca<\/a> llum u ara l-\u0127iliet u l-\u0127effa tieg\u0127ek jikbru ma &#039;kull e\u017cer\u010bizzju!\n\n<\/p>\r\n\r\n                            <a class=\"getStartedHidden\" href=\"https:\/\/app.talkpal.ai\/signup?lng=\">Ibda<\/a>\r\n        \r\n    <\/div>\r\n\r\n    <figure>\r\n    <img decoding=\"async\" width=\"768\" height=\"768\" src=\"https:\/\/talkpal.ai\/wp-content\/uploads\/2023\/06\/Dutch-768x768.png\" class=\"languageImage no-lazy\" alt=\"Developing skills through language learning\" fetchpriority=\"high\" sizes=\"(max-width: 768px) 150px, 768px\" srcset=\"https:\/\/talkpal.ai\/wp-content\/uploads\/2023\/06\/Dutch-768x768.png 768w, https:\/\/talkpal.ai\/wp-content\/uploads\/2023\/06\/Dutch-300x300.png 300w\" \/>\r\n    \r\n\r\n    <\/figure>\r\n\r\n            <a class=\"getStartedVisible\" href=\"https:\/\/app.talkpal.ai\/signup?lng=\">Ibda<\/a>\r\n    \r\n<\/section>\r\n\r\n\r\n<!-- <section class=\"grammarSection\">\r\n    <div class=\"grammarLinks\">\r\n            <\/div>\r\n<\/section> -->\r\n\r\n\r\n\r\n\r\n<section class=\"promotionalBanner\">\r\n    <p class=\"promotionalText\">L-aktar mod effi\u010bjenti biex titg\u0127allem lingwa<\/p>\r\n    <a class=\"promotionalLink\" href=\"https:\/\/app.talkpal.ai\/signup?lng=\">Ipprova Talkpal b&#8217;xejn<\/a>\r\n<\/section>\n<div class=\"wp-block-group pageContainerStyle\"><div class=\"wp-block-group__inner-container is-layout-constrained wp-block-group-is-layout-constrained\">\n<h2 class=\"wp-block-heading\" id=\"h-dutch-grammar-topics\">Su\u0121\u0121etti tal-Grammatika Olandi\u017ca<\/h2>\n\n\n\n<p>It-tag\u0127lim tal-Olandi\u017c jista &#8216;jkun esperjenza e\u010b\u010bitanti u ta&#8217; sodisfazzjon, peress li jifta\u0127 il-bieb g\u0127al kultura rikka, storja, u opportunitajiet g\u0127al tkabbir personali u professjonali. Il-lingwa Olandi\u017ca, filwaqt li relatata mill-qrib mal-<a href=\"https:\/\/talkpal.ai\/learn-english-with-ai\/\">Ingli\u017c<\/a> u l-\u0120ermani\u017c, g\u0127andha r-regoli u l-istruttura grammatikali uni\u010bi tag\u0127ha, li g\u0127all-ewwel jistg\u0127u jidhru ta&#8217; sfida. Madankollu, bid-dedikazzjoni u l-appro\u010b\u010b it-tajjeb, tista &#8216;tikkontrolla l-lingwa Olandi\u017ca u tikkomunika b&#8217;mod fluwenti ma&#8217; kelliema nattivi. F&#8217;din il-gwida, se nesploraw xi su\u0121\u0121etti essenzjali tal-<a href=\"https:\/\/talkpal.ai\/dutch-grammar\/\">grammatika Olandi\u017ca<\/a>, mi\u0121bura f&#8217;sekwenza li tg\u0127inek titg\u0127allem il-lingwa b&#8217;mod sistematiku u effi\u010bjenti.<\/p>\n\n\n\n<h3 class=\"wp-block-heading\" id=\"h-1-nouns-and-articles\">1. Nomi u Artikoli:<\/h3>\n\n\n\n<p>Ibda billi jiffamiljarizza ru\u0127ek man-nomi Olandi\u017ci u l-klassifikazzjoni tal-\u0121eneru tag\u0127hom (komuni u neutru). Tg\u0127allem l-artikli definiti u indefiniti li jakkumpanjawhom, kif ukoll forom plurali u truf diminuttivi.<\/p>\n\n\n\n<h3 class=\"wp-block-heading\" id=\"h-2-adjectives\">2. A\u0121\u0121ettivi:<\/h3>\n\n\n\n<p>Sussegwentement, studja r-regoli g\u0127all-ftehim tal-a\u0121\u0121ettivi man-nomi f&#8217;termini ta &#8216;sess, numru, u l-pre\u017cenza ta&#8217; artikli definiti. Tg\u0127allem kif l-a\u0121\u0121ettivi huma inflected ibba\u017cati fuq dawn il-fatturi u kif tu\u017ca forom komparattivi u superlattivi.<\/p>\n\n\n\n<h3 class=\"wp-block-heading\" id=\"h-3-pronouns\">3. Pronomi:<\/h3>\n\n\n\n<p>G\u0127addas fid-dinja tal-pronomi Olandi\u017ci, inklu\u017ci <a href=\"https:\/\/talkpal.ai\/ar\/grammar_exercises\/pronomi-personali-%d8%aa%d9%85%d8%a7%d8%b1%d9%8a%d9%86-%d9%84%d9%84%d9%82%d9%88%d8%a7%d8%b9%d8%af-%d8%a7%d9%84%d8%a5%d9%8a%d8%b7%d8%a7%d9%84%d9%8a%d8%a9\/\">pronomi personali<\/a>, possessivi, dimostrattivi, riflessivi u relattivi. Jifhmu kif jissostitwixxu n-nomi u kif jaqblu mag\u0127hom f&#8217;termini ta&#8217; \u0121eneru u numru.<\/p>\n\n\n\n<h3 class=\"wp-block-heading\" id=\"h-4-verbs\">4. Verbi:<\/h3>\n\n\n\n<p>Issa, iffoka fuq il-verbi Olandi\u017ci u l-mudelli ta &#8216;konjugazzjoni tag\u0127hom fit-tempi pre\u017centi, passati u futuri. Tg\u0127allem id-differenza bejn verbi qawwija, dg\u0127ajfa u irregolari, u familjarizza ru\u0127ek mar-regoli biex tifforma t-tempi perfetti u pluperfetti.<\/p>\n\n\n\n<h3 class=\"wp-block-heading\" id=\"h-5-tenses-indicative\">5. Tempi Indikattivi:<\/h3>\n\n\n\n<p>Studja l-burdata indikattiva bl-Olandi\u017c, li tintu\u017ca biex tesprimi dikjarazzjonijiet ta &#8216;fatti u probabbilt\u00e0. Tg\u0127allem kif tikkonjuga l-verbi fit-temp pre\u017centi, passat u futur f&#8217;din il-burdata, kif ukoll il-forom kondizzjonali u imperattivi.<\/p>\n\n\n\n<h3 class=\"wp-block-heading\" id=\"h-6-tenses-subjunctive\">6. Tenses Subjunctive:<\/h3>\n\n\n\n<p>G\u0127alkemm inqas komuni fl-Olandi\u017c modern, il-burdata subjunctive hija essenzjali biex wie\u0127ed jifhem <a href=\"https:\/\/talkpal.ai\/talkpal-discount-for-test-takers-e-g-toefl-ielts\/\">testi<\/a> antiki u lingwa\u0121\u0121 formali. Tg\u0127allem kif tifforma l-burdata subjunctive bl-Olandi\u017c u meta tu\u017caha.<\/p>\n\n\n\n<h3 class=\"wp-block-heading\" id=\"h-7-tense-comparison\">7. Paragun tat-Tensjoni:<\/h3>\n\n\n\n<p>Wara li tikkontrolla d-diversi tempi, iffoka fuq il-fehim tad-differenzi u s-similaritajiet bejniethom. Tg\u0127allem kif tu\u017ca sewwa kull temp fil-kuntest u kif jintera\u0121ixxu ma &#8216;xulxin.<\/p>\n\n\n\n<h3 class=\"wp-block-heading\" id=\"h-8-adverbs\">8. Avverbji:<\/h3>\n\n\n\n<p>Studja l-avverbji Olandi\u017ci u l-funzjonijiet varji tag\u0127hom fis-sentenzi. Tg\u0127allem kif tifforma avverbji minn a\u0121\u0121ettivi u kif tu\u017cahom biex timmodifika verbi, a\u0121\u0121ettivi, u avverbji o\u0127ra.<\/p>\n\n\n\n<h3 class=\"wp-block-heading\" id=\"h-9-prepositions\">9. Prepo\u017cizzjonijiet:<\/h3>\n\n\n\n<p>\u017bviluppa fehim qawwi tal-prepo\u017cizzjonijiet Olandi\u017ci u l-u\u017cu tag\u0127hom b&#8217;nomi, pronomi, u verbi. Tg\u0127allem kif jesprimu relazzjonijiet fil-\u0127in, fl-ispazju, u kuntesti o\u0127ra.<\/p>\n\n\n\n<h3 class=\"wp-block-heading\" id=\"h-10-sentence-structure\">10. Struttura tas-Sentenza:<\/h3>\n\n\n\n<p>Fl-a\u0127\u0127arnett, \u0121ib kollox flimkien billi tistudja l-istruttura tas-sentenza Olandi\u017ca u l-ordni tal-kliem. Tg\u0127allem ir-regoli g\u0127all-kostruzzjoni ta &#8216;sentenzi sempli\u010bi u kumplessi, inklu\u017ci sentenzi dikjarattivi, interrogattivi, imperattivi u esklamatorji.<\/p>\n\n\n\n<p>Billi ssegwi din is-sekwenza ta &#8216;su\u0121\u0121etti tal-grammatika u tiddedika \u0127in g\u0127all-prattika u r-revi\u017cjoni, int se tkun fi triqtek sew biex tikkontrolla l-lingwa Olandi\u017ca. Ftakar, il-konsistenza u l-pa\u010benzja huma \u010b-\u010bavetta fit-tag\u0127lim ta&#8217; kwalunkwe lingwa \u0121dida. Xorti tajba, u gawdi l-vja\u0121\u0121!<\/p>\n<\/div><\/div>\n\r\n<section class=\"learnNavigationSection\">\r\n            \r\n        <a href=\"https:\/\/talkpal.ai\/mt\/tghallem-l-olandiz\/\">\r\n            <div class=\"learnNavigationWrapper\">\r\n                <div class=\"learnNavigationContent\">\r\n                    <img decoding=\"async\" src=\"https:\/\/talkpal.ai\/wp-content\/uploads\/2024\/08\/Dutch.jpg\" alt=\"Netherlands Flag\">\r\n                    <div>\r\n                        <h4>Dwar it-Tag\u0127lim tal-Olandi\u017c<\/h4>\r\n                        <p>Sir af kollox dwar il-grammatika Olandi\u017ca.<\/p>\r\n                    <\/div>\r\n                <\/div>\r\n            <\/div>\r\n        <\/a>\r\n\r\n        \r\n        <a href=\"https:\/\/talkpal.ai\/mt\/grammatika-olandiza\/\">\r\n            <div class=\"learnNavigationWrapper\">\r\n                <div class=\"learnNavigationContent\">\r\n                    <img decoding=\"async\" src=\"https:\/\/talkpal.ai\/wp-content\/uploads\/2024\/08\/Dutch.jpg\" alt=\"Netherlands Flag\">\r\n                    <div>\r\n                        <h4>Lezzjonijiet tal-Grammatika Olandi\u017ca<\/h4>\r\n                        <p>Prattika grammatika Olandi\u017ca.<\/p>\r\n                    <\/div>\r\n                <\/div>\r\n            <\/div>\r\n        <\/a>\r\n\r\n        \r\n        <a href=\"https:\/\/talkpal.ai\/vocabulary_language\/dutch\/\">\r\n            <div class=\"learnNavigationWrapper\">\r\n                <div class=\"learnNavigationContent\">\r\n                    <img decoding=\"async\" src=\"https:\/\/talkpal.ai\/wp-content\/uploads\/2024\/08\/Dutch.jpg\" alt=\"Netherlands Flag\">\r\n                    <div>\r\n                        <h4>Vokabularju Olandi\u017c<\/h4>\r\n                        <p>Espandi l-vokabularju Olandi\u017c tieg\u0127ek.<\/p>\r\n                    <\/div>\r\n                <\/div>\r\n            <\/div>\r\n        <\/a>\r\n\r\n            <\/section>","protected":false},"excerpt":{"rendered":"<p>Su\u0121\u0121etti tal-Grammatika Olandi\u017ca It-tag\u0127lim tal-Olandi\u017c jista &#8216;jkun esperjenza e\u010b\u010bitanti u ta&#8217; sodisfazzjon, peress li jifta\u0127 il-bieb g\u0127al kultura rikka, storja, u opportunitajiet g\u0127al tkabbir personali u professjonali. Il-lingwa Olandi\u017ca, filwaqt li relatata mill-qrib mal-Ingli\u017c u l-\u0120ermani\u017c, g\u0127andha r-regoli u l-istruttura grammatikali uni\u010bi tag\u0127ha, li g\u0127all-ewwel jistg\u0127u jidhru ta&#8217; sfida. Madankollu, bid-dedikazzjoni u l-appro\u010b\u010b it-tajjeb, tista [&hellip;]<\/p>\n","protected":false},"author":6,"featured_media":1441440,"parent":0,"menu_order":0,"comment_status":"closed","ping_status":"closed","template":"LearningContentPage.php","meta":{"_acf_changed":false,"footnotes":""},"class_list":["post-1446422","page","type-page","status-publish","has-post-thumbnail","hentry"],"acf":[],"yoast_head":"<!-- This site is optimized with the Yoast SEO Premium plugin v27.2 (Yoast SEO v27.2) - https:\/\/yoast.com\/product\/yoast-seo-premium-wordpress\/ -->\n<title>E\u017cer\u010bizzji tal-Grammatika Olandi\u017ca - Talkpal<\/title>\n<meta name=\"description\" content=\"Boost your language skills with interactive Dutch Grammar Exercises from TalkPal, your AI-powered language teacher.\" \/>\n<meta name=\"robots\" content=\"index, follow, max-snippet:-1, max-image-preview:large, max-video-preview:-1\" \/>\n<link rel=\"canonical\" href=\"https:\/\/talkpal.ai\/mt\/ezercizzji-tal-grammatika-olandiza\/\" \/>\n<meta property=\"og:locale\" content=\"mt_MT\" \/>\n<meta property=\"og:type\" content=\"article\" \/>\n<meta property=\"og:title\" content=\"E\u017cer\u010bizzji tal-Grammatika Olandi\u017ca\" \/>\n<meta property=\"og:description\" content=\"Su\u0121\u0121etti tal-Grammatika Olandi\u017ca It-tag\u0127lim tal-Olandi\u017c jista &#039;jkun esperjenza e\u010b\u010bitanti u ta&#039; sodisfazzjon, peress li jifta\u0127 il-bieb g\u0127al kultura rikka,\" \/>\n<meta property=\"og:url\" content=\"https:\/\/talkpal.ai\/mt\/ezercizzji-tal-grammatika-olandiza\/\" \/>\n<meta property=\"og:site_name\" content=\"Talkpal\" \/>\n<meta property=\"article:publisher\" content=\"https:\/\/www.facebook.com\/profile.php?id=100090733639311\" \/>\n<meta property=\"article:modified_time\" content=\"2025-12-17T15:27:55+00:00\" \/>\n<meta property=\"og:image\" content=\"https:\/\/talkpal.ai\/wp-content\/uploads\/2023\/04\/netherlands-dutch.png\" \/>\n\t<meta property=\"og:image:width\" content=\"512\" \/>\n\t<meta property=\"og:image:height\" content=\"512\" \/>\n\t<meta property=\"og:image:type\" content=\"image\/png\" \/>\n<meta name=\"twitter:card\" content=\"summary_large_image\" \/>\n<meta name=\"twitter:site\" content=\"@talkpalai\" \/>\n<meta name=\"twitter:label1\" content=\"Est. reading time\" \/>\n\t<meta name=\"twitter:data1\" content=\"2 minutes\" \/>\n<script type=\"application\/ld+json\" class=\"yoast-schema-graph\">{\"@context\":\"https:\/\/schema.org\",\"@graph\":[{\"@type\":\"WebPage\",\"@id\":\"https:\/\/talkpal.ai\/mt\/ezercizzji-tal-grammatika-olandiza\/\",\"url\":\"https:\/\/talkpal.ai\/mt\/ezercizzji-tal-grammatika-olandiza\/\",\"name\":\"E\u017cer\u010bizzji tal-Grammatika Olandi\u017ca - Talkpal\",\"isPartOf\":{\"@id\":\"https:\/\/talkpal.ai\/mt\/#website\"},\"primaryImageOfPage\":{\"@id\":\"https:\/\/talkpal.ai\/mt\/ezercizzji-tal-grammatika-olandiza\/#primaryimage\"},\"image\":{\"@id\":\"https:\/\/talkpal.ai\/mt\/ezercizzji-tal-grammatika-olandiza\/#primaryimage\"},\"thumbnailUrl\":\"https:\/\/talkpal.ai\/wp-content\/uploads\/2023\/04\/netherlands-dutch.png\",\"datePublished\":\"2023-06-16T09:41:10+00:00\",\"dateModified\":\"2025-12-17T15:27:55+00:00\",\"description\":\"Boost your language skills with interactive Dutch Grammar Exercises from TalkPal, your AI-powered language teacher.\",\"breadcrumb\":{\"@id\":\"https:\/\/talkpal.ai\/mt\/ezercizzji-tal-grammatika-olandiza\/#breadcrumb\"},\"inLanguage\":\"mt-MT\",\"potentialAction\":[{\"@type\":\"ReadAction\",\"target\":[\"https:\/\/talkpal.ai\/mt\/ezercizzji-tal-grammatika-olandiza\/\"]}]},{\"@type\":\"ImageObject\",\"inLanguage\":\"mt-MT\",\"@id\":\"https:\/\/talkpal.ai\/mt\/ezercizzji-tal-grammatika-olandiza\/#primaryimage\",\"url\":\"https:\/\/talkpal.ai\/wp-content\/uploads\/2023\/04\/netherlands-dutch.png\",\"contentUrl\":\"https:\/\/talkpal.ai\/wp-content\/uploads\/2023\/04\/netherlands-dutch.png\",\"width\":512,\"height\":512,\"caption\":\"TalkPal Catalan Flag\"},{\"@type\":\"BreadcrumbList\",\"@id\":\"https:\/\/talkpal.ai\/mt\/ezercizzji-tal-grammatika-olandiza\/#breadcrumb\",\"itemListElement\":[{\"@type\":\"ListItem\",\"position\":1,\"name\":\"Homepage\",\"item\":\"https:\/\/talkpal.ai\/mt\/\"},{\"@type\":\"ListItem\",\"position\":2,\"name\":\"E\u017cer\u010bizzji tal-Grammatika Olandi\u017ca\"}]},{\"@type\":\"WebSite\",\"@id\":\"https:\/\/talkpal.ai\/mt\/#website\",\"url\":\"https:\/\/talkpal.ai\/mt\/\",\"name\":\"Talkpal\",\"description\":\"AI Language Learning\",\"publisher\":{\"@id\":\"https:\/\/talkpal.ai\/mt\/#organization\"},\"alternateName\":\"Talkpal AI\",\"potentialAction\":[{\"@type\":\"SearchAction\",\"target\":{\"@type\":\"EntryPoint\",\"urlTemplate\":\"https:\/\/talkpal.ai\/mt\/?s={search_term_string}\"},\"query-input\":{\"@type\":\"PropertyValueSpecification\",\"valueRequired\":true,\"valueName\":\"search_term_string\"}}],\"inLanguage\":\"mt-MT\"},{\"@type\":\"Organization\",\"@id\":\"https:\/\/talkpal.ai\/mt\/#organization\",\"name\":\"Talkpal, Inc.\",\"alternateName\":\"Talkpal AI\",\"url\":\"https:\/\/talkpal.ai\/mt\/\",\"logo\":{\"@type\":\"ImageObject\",\"inLanguage\":\"mt-MT\",\"@id\":\"https:\/\/talkpal.ai\/mt\/#\/schema\/logo\/image\/\",\"url\":\"https:\/\/talkpal.ai\/wp-content\/uploads\/2024\/03\/Talkpal-Logo-Icon.png\",\"contentUrl\":\"https:\/\/talkpal.ai\/wp-content\/uploads\/2024\/03\/Talkpal-Logo-Icon.png\",\"width\":2880,\"height\":2880,\"caption\":\"Talkpal, Inc.\"},\"image\":{\"@id\":\"https:\/\/talkpal.ai\/mt\/#\/schema\/logo\/image\/\"},\"sameAs\":[\"https:\/\/www.facebook.com\/profile.php?id=100090733639311\",\"https:\/\/x.com\/talkpalai\",\"https:\/\/www.linkedin.com\/company\/talkpal\/\",\"https:\/\/www.youtube.com\/@TalkPal\/\",\"https:\/\/www.tiktok.com\/@talkpal\",\"https:\/\/www.instagram.com\/talkpal_ai\/\",\"https:\/\/www.crunchbase.com\/organization\/talkpal-9cde\",\"https:\/\/www.g2.com\/products\/talkpal-for-business\/\",\"https:\/\/www.trustpilot.com\/review\/talkpal.ai\",\"https:\/\/www.capterra.com\/p\/10006800\/TalkPal\/\"],\"description\":\"Talkpal is a language learning web and mobile education app, powered by the latest AI technologies, that provides engaging experiences to its customers in many different languages to help them improve their language skills. Users can chat about unlimited amount of topics with the app and use other modes to practice their language learning.\",\"email\":\"support@talkpal.ai\",\"legalName\":\"Talkpal, Inc.\",\"foundingDate\":\"2023-04-03\",\"duns\":\"118989042\",\"numberOfEmployees\":{\"@type\":\"QuantitativeValue\",\"minValue\":\"11\",\"maxValue\":\"50\"},\"publishingPrinciples\":\"https:\/\/talkpal.ai\/publishing-principles\/\",\"actionableFeedbackPolicy\":\"https:\/\/talkpal.ai\/actionable-feedback-policy\/\",\"correctionsPolicy\":\"https:\/\/talkpal.ai\/corrections-policy\/\",\"ethicsPolicy\":\"https:\/\/talkpal.ai\/ethics-policy\/\",\"diversityPolicy\":\"https:\/\/talkpal.ai\/diversity-policy\/\",\"diversityStaffingReport\":\"https:\/\/talkpal.ai\/diversity-policy\/\"}]}<\/script>\n<!-- \/ Yoast SEO Premium plugin. -->","yoast_head_json":{"title":"E\u017cer\u010bizzji tal-Grammatika Olandi\u017ca - Talkpal","description":"Boost your language skills with interactive Dutch Grammar Exercises from TalkPal, your AI-powered language teacher.","robots":{"index":"index","follow":"follow","max-snippet":"max-snippet:-1","max-image-preview":"max-image-preview:large","max-video-preview":"max-video-preview:-1"},"canonical":"https:\/\/talkpal.ai\/mt\/ezercizzji-tal-grammatika-olandiza\/","og_locale":"mt_MT","og_type":"article","og_title":"E\u017cer\u010bizzji tal-Grammatika Olandi\u017ca","og_description":"Su\u0121\u0121etti tal-Grammatika Olandi\u017ca It-tag\u0127lim tal-Olandi\u017c jista 'jkun esperjenza e\u010b\u010bitanti u ta' sodisfazzjon, peress li jifta\u0127 il-bieb g\u0127al kultura rikka,","og_url":"https:\/\/talkpal.ai\/mt\/ezercizzji-tal-grammatika-olandiza\/","og_site_name":"Talkpal","article_publisher":"https:\/\/www.facebook.com\/profile.php?id=100090733639311","article_modified_time":"2025-12-17T15:27:55+00:00","og_image":[{"width":512,"height":512,"url":"https:\/\/talkpal.ai\/wp-content\/uploads\/2023\/04\/netherlands-dutch.png","type":"image\/png"}],"twitter_card":"summary_large_image","twitter_site":"@talkpalai","twitter_misc":{"Est. reading time":"2 minutes"},"schema":{"@context":"https:\/\/schema.org","@graph":[{"@type":"WebPage","@id":"https:\/\/talkpal.ai\/mt\/ezercizzji-tal-grammatika-olandiza\/","url":"https:\/\/talkpal.ai\/mt\/ezercizzji-tal-grammatika-olandiza\/","name":"E\u017cer\u010bizzji tal-Grammatika Olandi\u017ca - Talkpal","isPartOf":{"@id":"https:\/\/talkpal.ai\/mt\/#website"},"primaryImageOfPage":{"@id":"https:\/\/talkpal.ai\/mt\/ezercizzji-tal-grammatika-olandiza\/#primaryimage"},"image":{"@id":"https:\/\/talkpal.ai\/mt\/ezercizzji-tal-grammatika-olandiza\/#primaryimage"},"thumbnailUrl":"https:\/\/talkpal.ai\/wp-content\/uploads\/2023\/04\/netherlands-dutch.png","datePublished":"2023-06-16T09:41:10+00:00","dateModified":"2025-12-17T15:27:55+00:00","description":"Boost your language skills with interactive Dutch Grammar Exercises from TalkPal, your AI-powered language teacher.","breadcrumb":{"@id":"https:\/\/talkpal.ai\/mt\/ezercizzji-tal-grammatika-olandiza\/#breadcrumb"},"inLanguage":"mt-MT","potentialAction":[{"@type":"ReadAction","target":["https:\/\/talkpal.ai\/mt\/ezercizzji-tal-grammatika-olandiza\/"]}]},{"@type":"ImageObject","inLanguage":"mt-MT","@id":"https:\/\/talkpal.ai\/mt\/ezercizzji-tal-grammatika-olandiza\/#primaryimage","url":"https:\/\/talkpal.ai\/wp-content\/uploads\/2023\/04\/netherlands-dutch.png","contentUrl":"https:\/\/talkpal.ai\/wp-content\/uploads\/2023\/04\/netherlands-dutch.png","width":512,"height":512,"caption":"TalkPal Catalan Flag"},{"@type":"BreadcrumbList","@id":"https:\/\/talkpal.ai\/mt\/ezercizzji-tal-grammatika-olandiza\/#breadcrumb","itemListElement":[{"@type":"ListItem","position":1,"name":"Homepage","item":"https:\/\/talkpal.ai\/mt\/"},{"@type":"ListItem","position":2,"name":"E\u017cer\u010bizzji tal-Grammatika Olandi\u017ca"}]},{"@type":"WebSite","@id":"https:\/\/talkpal.ai\/mt\/#website","url":"https:\/\/talkpal.ai\/mt\/","name":"Talkpal","description":"AI Language Learning","publisher":{"@id":"https:\/\/talkpal.ai\/mt\/#organization"},"alternateName":"Talkpal AI","potentialAction":[{"@type":"SearchAction","target":{"@type":"EntryPoint","urlTemplate":"https:\/\/talkpal.ai\/mt\/?s={search_term_string}"},"query-input":{"@type":"PropertyValueSpecification","valueRequired":true,"valueName":"search_term_string"}}],"inLanguage":"mt-MT"},{"@type":"Organization","@id":"https:\/\/talkpal.ai\/mt\/#organization","name":"Talkpal, Inc.","alternateName":"Talkpal AI","url":"https:\/\/talkpal.ai\/mt\/","logo":{"@type":"ImageObject","inLanguage":"mt-MT","@id":"https:\/\/talkpal.ai\/mt\/#\/schema\/logo\/image\/","url":"https:\/\/talkpal.ai\/wp-content\/uploads\/2024\/03\/Talkpal-Logo-Icon.png","contentUrl":"https:\/\/talkpal.ai\/wp-content\/uploads\/2024\/03\/Talkpal-Logo-Icon.png","width":2880,"height":2880,"caption":"Talkpal, Inc."},"image":{"@id":"https:\/\/talkpal.ai\/mt\/#\/schema\/logo\/image\/"},"sameAs":["https:\/\/www.facebook.com\/profile.php?id=100090733639311","https:\/\/x.com\/talkpalai","https:\/\/www.linkedin.com\/company\/talkpal\/","https:\/\/www.youtube.com\/@TalkPal\/","https:\/\/www.tiktok.com\/@talkpal","https:\/\/www.instagram.com\/talkpal_ai\/","https:\/\/www.crunchbase.com\/organization\/talkpal-9cde","https:\/\/www.g2.com\/products\/talkpal-for-business\/","https:\/\/www.trustpilot.com\/review\/talkpal.ai","https:\/\/www.capterra.com\/p\/10006800\/TalkPal\/"],"description":"Talkpal is a language learning web and mobile education app, powered by the latest AI technologies, that provides engaging experiences to its customers in many different languages to help them improve their language skills. Users can chat about unlimited amount of topics with the app and use other modes to practice their language learning.","email":"support@talkpal.ai","legalName":"Talkpal, Inc.","foundingDate":"2023-04-03","duns":"118989042","numberOfEmployees":{"@type":"QuantitativeValue","minValue":"11","maxValue":"50"},"publishingPrinciples":"https:\/\/talkpal.ai\/publishing-principles\/","actionableFeedbackPolicy":"https:\/\/talkpal.ai\/actionable-feedback-policy\/","correctionsPolicy":"https:\/\/talkpal.ai\/corrections-policy\/","ethicsPolicy":"https:\/\/talkpal.ai\/ethics-policy\/","diversityPolicy":"https:\/\/talkpal.ai\/diversity-policy\/","diversityStaffingReport":"https:\/\/talkpal.ai\/diversity-policy\/"}]}},"_links":{"self":[{"href":"https:\/\/talkpal.ai\/mt\/wp-json\/wp\/v2\/pages\/1446422","targetHints":{"allow":["GET"]}}],"collection":[{"href":"https:\/\/talkpal.ai\/mt\/wp-json\/wp\/v2\/pages"}],"about":[{"href":"https:\/\/talkpal.ai\/mt\/wp-json\/wp\/v2\/types\/page"}],"author":[{"embeddable":true,"href":"https:\/\/talkpal.ai\/mt\/wp-json\/wp\/v2\/users\/6"}],"replies":[{"embeddable":true,"href":"https:\/\/talkpal.ai\/mt\/wp-json\/wp\/v2\/comments?post=1446422"}],"version-history":[{"count":0,"href":"https:\/\/talkpal.ai\/mt\/wp-json\/wp\/v2\/pages\/1446422\/revisions"}],"wp:featuredmedia":[{"embeddable":true,"href":"https:\/\/talkpal.ai\/mt\/wp-json\/wp\/v2\/media\/1441440"}],"wp:attachment":[{"href":"https:\/\/talkpal.ai\/mt\/wp-json\/wp\/v2\/media?parent=1446422"}],"curies":[{"name":"wp","href":"https:\/\/api.w.org\/{rel}","templated":true}]}}