{"id":1446414,"date":"2023-06-16T10:01:38","date_gmt":"2023-06-16T10:01:38","guid":{"rendered":"https:\/\/talkpal.ai\/ezercizzji-tal-grammatika-svediza\/"},"modified":"2025-12-17T15:30:06","modified_gmt":"2025-12-17T15:30:06","slug":"ezercizzji-tal-grammatika-svediza","status":"publish","type":"page","link":"https:\/\/talkpal.ai\/mt\/ezercizzji-tal-grammatika-svediza\/","title":{"rendered":"E\u017cer\u010bizzji tal-Grammatika Svedi\u017ca"},"content":{"rendered":"\r\n\r\n\r\n<section class=\"languageChallengeSection\">\r\n    <div class=\"languageInfoWrapper\">\r\n        \r\n        <h1>E\u017cer\u010bizzji tal-Grammatika Svedi\u017ca<\/h1>\r\n        <p>Lest biex ittejjeb l-I\u017cvedi\u017c tieg\u0127ek? Il-prattika tal-e\u017cer\u010bizzji tal-grammatika hija mod tajjeb \u0127afna biex tikkontrolla l-istruttura tas-sentenza, il-forom tal-verb, u l-mudelli uni\u010bi tal-lingwa Svedi\u017ca. Ibda ta\u0127dem fuq il-grammatika Svedi\u017ca llum u ara l-\u0127iliet u l-kunfidenza tieg\u0127ek jikbru ma &#039;kull e\u017cer\u010bizzju!\n\n<\/p>\r\n\r\n                            <a class=\"getStartedHidden\" href=\"https:\/\/app.talkpal.ai\/signup?lng=\">Ibda<\/a>\r\n        \r\n    <\/div>\r\n\r\n    <figure>\r\n    <img decoding=\"async\" width=\"768\" height=\"768\" src=\"https:\/\/talkpal.ai\/wp-content\/uploads\/2023\/06\/swedish-768x768.png\" class=\"languageImage no-lazy\" alt=\"Language learning for improved concentration\" fetchpriority=\"high\" sizes=\"(max-width: 768px) 150px, 768px\" srcset=\"https:\/\/talkpal.ai\/wp-content\/uploads\/2023\/06\/swedish-768x768.png 768w, https:\/\/talkpal.ai\/wp-content\/uploads\/2023\/06\/swedish-300x300.png 300w\" \/>\r\n    \r\n\r\n    <\/figure>\r\n\r\n            <a class=\"getStartedVisible\" href=\"https:\/\/app.talkpal.ai\/signup?lng=\">Ibda<\/a>\r\n    \r\n<\/section>\r\n\r\n\r\n<!-- <section class=\"grammarSection\">\r\n    <div class=\"grammarLinks\">\r\n            <\/div>\r\n<\/section> -->\r\n\r\n\r\n\r\n\r\n<section class=\"promotionalBanner\">\r\n    <p class=\"promotionalText\">L-aktar mod effi\u010bjenti biex titg\u0127allem lingwa<\/p>\r\n    <a class=\"promotionalLink\" href=\"https:\/\/app.talkpal.ai\/signup?lng=\">Ipprova Talkpal b&#8217;xejn<\/a>\r\n<\/section>\n<div class=\"wp-block-group pageContainerStyle\"><div class=\"wp-block-group__inner-container is-layout-constrained wp-block-group-is-layout-constrained\">\n<h2 class=\"wp-block-heading\" id=\"h-swedish-grammar-topics\">Su\u0121\u0121etti tal-Grammatika Svedi\u017ca<\/h2>\n\n\n\n<p>It-tag\u0127lim tal-I\u017cvedi\u017c, il-lingwa uffi\u010bjali tal-I\u017cvezja u wa\u0127da mil-lingwi uffi\u010bjali tal-Finlandja, jista &#8216;jkun esperjenza ta&#8217; sodisfazzjon. Mhux biss se jesponik g\u0127al kultura u storja rikka, i\u017cda se jag\u0127milha wkoll aktar fa\u010bli g\u0127alik biex tikkomunika ma &#8216;aktar minn 10 miljun kelliem nattivi. Sabiex titg\u0127allem l-I\u017cvedi\u017c b&#8217;mod effettiv, huwa importanti li wie\u0127ed jifhem id-diversi su\u0121\u0121etti tal-grammatika u kif jirrelataw ma&#8217; xulxin. Din il-gwida se tipprovdilek \u0127arsa \u0121enerali lejn is-su\u0121\u0121etti ewlenin tal-grammatika Svedi\u017ca, organizzata f&#8217;sekwenza li tg\u0127inek tibni l-\u0127iliet lingwisti\u010bi tieg\u0127ek gradwalment u b&#8217;mod effettiv.<\/p>\n\n\n\n<h3 class=\"wp-block-heading\" id=\"h-1-nouns\">1. Nomi:<\/h3>\n\n\n\n<p>Ibda l-vja\u0121\u0121 tal-lingwa Svedi\u017ca tieg\u0127ek billi tiffamiljarizza ru\u0127ek man-nomi peress li huma l-blokki tal-bini ta &#8216;kwalunkwe lingwa. Bl-I\u017cvedi\u017c, in-nomi g\u0127andhom \u017cew\u0121 \u0121eneri (komuni u neutri) li jaffettwaw l-artikli u l-a\u0121\u0121ettivi u\u017cati mag\u0127hom. G\u0127andhom ukoll forom singulari u plurali, kif ukoll forom definiti u indefiniti.<\/p>\n\n\n\n<h3 class=\"wp-block-heading\" id=\"h-2-articles\">2. Artikoli:<\/h3>\n\n\n\n<p>Ladarba tifhem in-nomi, g\u0127addi g\u0127al artikli li huma essenzjali fid-determinazzjoni tas-sess u n-numru ta&#8217; nom. L-I\u017cvedi\u017c g\u0127andu artikli definiti u indefiniti li jaqblu mal-\u0121eneru u n-numru tan-nom li jimmodifikaw.<\/p>\n\n\n\n<h3 class=\"wp-block-heading\" id=\"h-3-adjectives\">3. A\u0121\u0121ettivi:<\/h3>\n\n\n\n<p>L-a\u0121\u0121ettivi jintu\u017caw biex jiddeskrivu nomi u jaqblu fis-sess, in-numru, u d-definittivit\u00e0 man-nom li jimmodifikaw. It-tag\u0127lim tal-a\u0121\u0121ettivi jg\u0127inek tesprimi ideat u deskrizzjonijiet aktar kumplessi bl-I\u017cvedi\u017c.<\/p>\n\n\n\n<h3 class=\"wp-block-heading\" id=\"h-4-pronouns\">4. Pronomi:<\/h3>\n\n\n\n<p>Il-pronomi jissostitwixxu n-nomi fis-sentenzi u huma essenzjali biex id-diskors tieg\u0127ek ikun aktar fluwidu u naturali. L-I\u017cvedi\u017c g\u0127andu <a href=\"https:\/\/talkpal.ai\/ar\/grammar_exercises\/pronomi-personali-%d8%aa%d9%85%d8%a7%d8%b1%d9%8a%d9%86-%d9%84%d9%84%d9%82%d9%88%d8%a7%d8%b9%d8%af-%d8%a7%d9%84%d8%a5%d9%8a%d8%b7%d8%a7%d9%84%d9%8a%d8%a9\/\">pronomi personali<\/a>, possessivi, riflessivi u relattivi, kull wie\u0127ed bir-regoli tieg\u0127u g\u0127all-ftehim u l-u\u017cu.<\/p>\n\n\n\n<h3 class=\"wp-block-heading\" id=\"h-5-verbs\">5. Verbi:<\/h3>\n\n\n\n<p>Il-verbi jesprimu azzjonijiet, avvenimenti, jew stati ta &#8216;esseri u huma parti kru\u010bjali ta&#8217; kwalunkwe lingwa. Fl-I\u017cvedi\u017c, il-verbi huma konjugati skont it-temp u l-burdata. Ibda billi titg\u0127allem l-indikattiv tat-temp pre\u017centi, li hija l-aktar forma komuni u utli.<\/p>\n\n\n\n<h3 class=\"wp-block-heading\" id=\"h-6-tenses-indicative\">6. Tempi Indikattivi:<\/h3>\n\n\n\n<p>Nimxu &#8216;l quddiem mit-temp pre\u017centi, tg\u0127allem il-passat u t-tempi futuri fil-burdata indikattiva. Dawn jippermettulek titkellem dwar avvenimenti u azzjonijiet li \u0121raw jew se ji\u0121ru, u jespandu l-abbilt\u00e0 tieg\u0127ek li tikkomunika bl-I\u017cvedi\u017c.<\/p>\n\n\n\n<h3 class=\"wp-block-heading\" id=\"h-7-tenses-subjunctive\">7. Tenses Subjunctive:<\/h3>\n\n\n\n<p>G\u0127alkemm inqas komuni mill-indikattiv, il-burdata subjunctive tintu\u017ca biex tesprimi avvenimenti ipoteti\u010bi jew in\u010berti. It-tag\u0127lim tal-forom subjunctive tal-verbi se jtejjeb il-\u0127ila tieg\u0127ek li tesprimi ideat aktar sfumati.<\/p>\n\n\n\n<h3 class=\"wp-block-heading\" id=\"h-8-tense-comparison\">8. Paragun tat-tensjoni:<\/h3>\n\n\n\n<p>Li tifhem kif tqabbel tempijiet differenti jippermettilek tesprimi ideat aktar kumplessi dwar il-\u0127in u l-avvenimenti. Dan jinkludi li tkun taf kif tu\u017ca t-tempijiet passati u futuri flimkien, kif ukoll tifhem kif tempi differenti jintera\u0121ixxu f&#8217;sentenzi kumplessi.<\/p>\n\n\n\n<h3 class=\"wp-block-heading\" id=\"h-9-adverbs\">9. Avverbji:<\/h3>\n\n\n\n<p>L-avverbji jimmodifikaw verbi, a\u0121\u0121ettivi, jew avverbji o\u0127ra, u jipprovdu informazzjoni addizzjonali dwar azzjonijiet jew kwalit\u00e0. It-tag\u0127lim tal-avverbji Svedi\u017ci jg\u0127inek tesprimi ideat b&#8217;mod aktar pre\u010bi\u017c u effettiv.<\/p>\n\n\n\n<h3 class=\"wp-block-heading\" id=\"h-10-prepositions\">10. Prepo\u017cizzjonijiet:<\/h3>\n\n\n\n<p>Il-prepo\u017cizzjonijiet jorbtu nomi, pronomi, u fra\u017cijiet ma &#8216;kliem ie\u0127or f&#8217;sentenza, u jesprimu relazzjonijiet b\u0127al post, direzzjoni, u \u0127in. Il-\u0127akma tal-prepo\u017cizzjonijiet hija fundamentali g\u0127all-bini ta&#8217; sentenzi \u010bari u sinifikanti bl-I\u017cvedi\u017c.<\/p>\n\n\n\n<h3 class=\"wp-block-heading\" id=\"h-11-sentence-structure\">11. Struttura tas-sentenza:<\/h3>\n\n\n\n<p>Fl-a\u0127\u0127arnett, il-fehim tar-regoli ba\u017ci\u010bi tal-istruttura tas-sentenza Svedi\u017ca se j\u0121ib is-su\u0121\u0121etti kollha tal-grammatika pre\u010bedenti flimkien, u jippermettilek to\u0127loq sentenzi ffurmati tajjeb u tesprimi ru\u0127ek b&#8217;mod pre\u010bi\u017c u effettiv fil-lingwa.<\/p>\n<\/div><\/div>\n\r\n<section class=\"learnNavigationSection\">\r\n            \r\n        <a href=\"https:\/\/talkpal.ai\/mt\/tghallem-l-izvediz\/\">\r\n            <div class=\"learnNavigationWrapper\">\r\n                <div class=\"learnNavigationContent\">\r\n                    <img decoding=\"async\" src=\"https:\/\/talkpal.ai\/wp-content\/uploads\/2024\/08\/Swedish.jpg\" alt=\"Swedish Flag\">\r\n                    <div>\r\n                        <h4>Dwar it-Tag\u0127lim tal-I\u017cvedi\u017c<\/h4>\r\n                        <p>Sir af kollox dwar il-grammatika Svedi\u017ca.<\/p>\r\n                    <\/div>\r\n                <\/div>\r\n            <\/div>\r\n        <\/a>\r\n\r\n        \r\n        <a href=\"https:\/\/talkpal.ai\/mt\/grammatika-svediza\/\">\r\n            <div class=\"learnNavigationWrapper\">\r\n                <div class=\"learnNavigationContent\">\r\n                    <img decoding=\"async\" src=\"https:\/\/talkpal.ai\/wp-content\/uploads\/2024\/08\/Swedish.jpg\" alt=\"Swedish Flag\">\r\n                    <div>\r\n                        <h4>E\u017cer\u010bizzju tal-Grammatika Svedi\u017ca<\/h4>\r\n                        <p>Ipprattika l-grammatika Svedi\u017ca.<\/p>\r\n                    <\/div>\r\n                <\/div>\r\n            <\/div>\r\n        <\/a>\r\n\r\n        \r\n        <a href=\"https:\/\/talkpal.ai\/vocabulary_language\/swedish\/\">\r\n            <div class=\"learnNavigationWrapper\">\r\n                <div class=\"learnNavigationContent\">\r\n                    <img decoding=\"async\" src=\"https:\/\/talkpal.ai\/wp-content\/uploads\/2024\/08\/Swedish.jpg\" alt=\"Swedish Flag\">\r\n                    <div>\r\n                        <h4>Vokabularju Svedi\u017c<\/h4>\r\n                        <p>Espandi l-vokabularju Svedi\u017c tieg\u0127ek.<\/p>\r\n                    <\/div>\r\n                <\/div>\r\n            <\/div>\r\n        <\/a>\r\n\r\n            <\/section>","protected":false},"excerpt":{"rendered":"<p>Su\u0121\u0121etti tal-Grammatika Svedi\u017ca It-tag\u0127lim tal-I\u017cvedi\u017c, il-lingwa uffi\u010bjali tal-I\u017cvezja u wa\u0127da mil-lingwi uffi\u010bjali tal-Finlandja, jista &#8216;jkun esperjenza ta&#8217; sodisfazzjon. Mhux biss se jesponik g\u0127al kultura u storja rikka, i\u017cda se jag\u0127milha wkoll aktar fa\u010bli g\u0127alik biex tikkomunika ma &#8216;aktar minn 10 miljun kelliem nattivi. Sabiex titg\u0127allem l-I\u017cvedi\u017c b&#8217;mod effettiv, huwa importanti li wie\u0127ed jifhem id-diversi su\u0121\u0121etti [&hellip;]<\/p>\n","protected":false},"author":6,"featured_media":1439926,"parent":0,"menu_order":0,"comment_status":"closed","ping_status":"closed","template":"LearningContentPage.php","meta":{"_acf_changed":false,"footnotes":""},"class_list":["post-1446414","page","type-page","status-publish","has-post-thumbnail","hentry"],"acf":[],"yoast_head":"<!-- This site is optimized with the Yoast SEO Premium plugin v27.2 (Yoast SEO v27.2) - https:\/\/yoast.com\/product\/yoast-seo-premium-wordpress\/ -->\n<title>E\u017cer\u010bizzji tal-Grammatika Svedi\u017ca - Talkpal<\/title>\n<meta name=\"description\" content=\"Ittejjeb il-\u0127iliet lingwisti\u010bi tieg\u0127ek b&#039;E\u017cer\u010bizzji tal-Grammatika Svedi\u017ca impenjattivi ddisinjati g\u0127al-livelli kollha tal-istudenti.\" \/>\n<meta name=\"robots\" content=\"index, follow, max-snippet:-1, max-image-preview:large, max-video-preview:-1\" \/>\n<link rel=\"canonical\" href=\"https:\/\/talkpal.ai\/mt\/ezercizzji-tal-grammatika-svediza\/\" \/>\n<meta property=\"og:locale\" content=\"mt_MT\" \/>\n<meta property=\"og:type\" content=\"article\" \/>\n<meta property=\"og:title\" content=\"E\u017cer\u010bizzji tal-Grammatika Svedi\u017ca\" \/>\n<meta property=\"og:description\" content=\"Su\u0121\u0121etti tal-Grammatika Svedi\u017ca It-tag\u0127lim tal-I\u017cvedi\u017c, il-lingwa uffi\u010bjali tal-I\u017cvezja u wa\u0127da mil-lingwi uffi\u010bjali tal-Finlandja, jista &#039;jkun esperjenza\" \/>\n<meta property=\"og:url\" content=\"https:\/\/talkpal.ai\/mt\/ezercizzji-tal-grammatika-svediza\/\" \/>\n<meta property=\"og:site_name\" content=\"Talkpal\" \/>\n<meta property=\"article:publisher\" content=\"https:\/\/www.facebook.com\/profile.php?id=100090733639311\" \/>\n<meta property=\"article:modified_time\" content=\"2025-12-17T15:30:06+00:00\" \/>\n<meta property=\"og:image\" content=\"https:\/\/talkpal.ai\/wp-content\/uploads\/2023\/04\/sweden.png\" \/>\n\t<meta property=\"og:image:width\" content=\"512\" \/>\n\t<meta property=\"og:image:height\" content=\"512\" \/>\n\t<meta property=\"og:image:type\" content=\"image\/png\" \/>\n<meta name=\"twitter:card\" content=\"summary_large_image\" \/>\n<meta name=\"twitter:site\" content=\"@talkpalai\" \/>\n<meta name=\"twitter:label1\" content=\"Est. reading time\" \/>\n\t<meta name=\"twitter:data1\" content=\"3 minutes\" \/>\n<script type=\"application\/ld+json\" class=\"yoast-schema-graph\">{\"@context\":\"https:\/\/schema.org\",\"@graph\":[{\"@type\":\"WebPage\",\"@id\":\"https:\/\/talkpal.ai\/mt\/ezercizzji-tal-grammatika-svediza\/\",\"url\":\"https:\/\/talkpal.ai\/mt\/ezercizzji-tal-grammatika-svediza\/\",\"name\":\"E\u017cer\u010bizzji tal-Grammatika Svedi\u017ca - Talkpal\",\"isPartOf\":{\"@id\":\"https:\/\/talkpal.ai\/mt\/#website\"},\"primaryImageOfPage\":{\"@id\":\"https:\/\/talkpal.ai\/mt\/ezercizzji-tal-grammatika-svediza\/#primaryimage\"},\"image\":{\"@id\":\"https:\/\/talkpal.ai\/mt\/ezercizzji-tal-grammatika-svediza\/#primaryimage\"},\"thumbnailUrl\":\"https:\/\/talkpal.ai\/wp-content\/uploads\/2023\/04\/sweden.png\",\"datePublished\":\"2023-06-16T10:01:38+00:00\",\"dateModified\":\"2025-12-17T15:30:06+00:00\",\"description\":\"Ittejjeb il-\u0127iliet lingwisti\u010bi tieg\u0127ek b'E\u017cer\u010bizzji tal-Grammatika Svedi\u017ca impenjattivi ddisinjati g\u0127al-livelli kollha tal-istudenti.\",\"breadcrumb\":{\"@id\":\"https:\/\/talkpal.ai\/mt\/ezercizzji-tal-grammatika-svediza\/#breadcrumb\"},\"inLanguage\":\"mt-MT\",\"potentialAction\":[{\"@type\":\"ReadAction\",\"target\":[\"https:\/\/talkpal.ai\/mt\/ezercizzji-tal-grammatika-svediza\/\"]}]},{\"@type\":\"ImageObject\",\"inLanguage\":\"mt-MT\",\"@id\":\"https:\/\/talkpal.ai\/mt\/ezercizzji-tal-grammatika-svediza\/#primaryimage\",\"url\":\"https:\/\/talkpal.ai\/wp-content\/uploads\/2023\/04\/sweden.png\",\"contentUrl\":\"https:\/\/talkpal.ai\/wp-content\/uploads\/2023\/04\/sweden.png\",\"width\":512,\"height\":512,\"caption\":\"TalkPal Catalan Flag\"},{\"@type\":\"BreadcrumbList\",\"@id\":\"https:\/\/talkpal.ai\/mt\/ezercizzji-tal-grammatika-svediza\/#breadcrumb\",\"itemListElement\":[{\"@type\":\"ListItem\",\"position\":1,\"name\":\"Homepage\",\"item\":\"https:\/\/talkpal.ai\/mt\/\"},{\"@type\":\"ListItem\",\"position\":2,\"name\":\"E\u017cer\u010bizzji tal-Grammatika Svedi\u017ca\"}]},{\"@type\":\"WebSite\",\"@id\":\"https:\/\/talkpal.ai\/mt\/#website\",\"url\":\"https:\/\/talkpal.ai\/mt\/\",\"name\":\"Talkpal\",\"description\":\"AI Language Learning\",\"publisher\":{\"@id\":\"https:\/\/talkpal.ai\/mt\/#organization\"},\"alternateName\":\"Talkpal AI\",\"potentialAction\":[{\"@type\":\"SearchAction\",\"target\":{\"@type\":\"EntryPoint\",\"urlTemplate\":\"https:\/\/talkpal.ai\/mt\/?s={search_term_string}\"},\"query-input\":{\"@type\":\"PropertyValueSpecification\",\"valueRequired\":true,\"valueName\":\"search_term_string\"}}],\"inLanguage\":\"mt-MT\"},{\"@type\":\"Organization\",\"@id\":\"https:\/\/talkpal.ai\/mt\/#organization\",\"name\":\"Talkpal, Inc.\",\"alternateName\":\"Talkpal AI\",\"url\":\"https:\/\/talkpal.ai\/mt\/\",\"logo\":{\"@type\":\"ImageObject\",\"inLanguage\":\"mt-MT\",\"@id\":\"https:\/\/talkpal.ai\/mt\/#\/schema\/logo\/image\/\",\"url\":\"https:\/\/talkpal.ai\/wp-content\/uploads\/2024\/03\/Talkpal-Logo-Icon.png\",\"contentUrl\":\"https:\/\/talkpal.ai\/wp-content\/uploads\/2024\/03\/Talkpal-Logo-Icon.png\",\"width\":2880,\"height\":2880,\"caption\":\"Talkpal, Inc.\"},\"image\":{\"@id\":\"https:\/\/talkpal.ai\/mt\/#\/schema\/logo\/image\/\"},\"sameAs\":[\"https:\/\/www.facebook.com\/profile.php?id=100090733639311\",\"https:\/\/x.com\/talkpalai\",\"https:\/\/www.linkedin.com\/company\/talkpal\/\",\"https:\/\/www.youtube.com\/@TalkPal\/\",\"https:\/\/www.tiktok.com\/@talkpal\",\"https:\/\/www.instagram.com\/talkpal_ai\/\",\"https:\/\/www.crunchbase.com\/organization\/talkpal-9cde\",\"https:\/\/www.g2.com\/products\/talkpal-for-business\/\",\"https:\/\/www.trustpilot.com\/review\/talkpal.ai\",\"https:\/\/www.capterra.com\/p\/10006800\/TalkPal\/\"],\"description\":\"Talkpal is a language learning web and mobile education app, powered by the latest AI technologies, that provides engaging experiences to its customers in many different languages to help them improve their language skills. Users can chat about unlimited amount of topics with the app and use other modes to practice their language learning.\",\"email\":\"support@talkpal.ai\",\"legalName\":\"Talkpal, Inc.\",\"foundingDate\":\"2023-04-03\",\"duns\":\"118989042\",\"numberOfEmployees\":{\"@type\":\"QuantitativeValue\",\"minValue\":\"11\",\"maxValue\":\"50\"},\"publishingPrinciples\":\"https:\/\/talkpal.ai\/publishing-principles\/\",\"actionableFeedbackPolicy\":\"https:\/\/talkpal.ai\/actionable-feedback-policy\/\",\"correctionsPolicy\":\"https:\/\/talkpal.ai\/corrections-policy\/\",\"ethicsPolicy\":\"https:\/\/talkpal.ai\/ethics-policy\/\",\"diversityPolicy\":\"https:\/\/talkpal.ai\/diversity-policy\/\",\"diversityStaffingReport\":\"https:\/\/talkpal.ai\/diversity-policy\/\"}]}<\/script>\n<!-- \/ Yoast SEO Premium plugin. -->","yoast_head_json":{"title":"E\u017cer\u010bizzji tal-Grammatika Svedi\u017ca - Talkpal","description":"Ittejjeb il-\u0127iliet lingwisti\u010bi tieg\u0127ek b'E\u017cer\u010bizzji tal-Grammatika Svedi\u017ca impenjattivi ddisinjati g\u0127al-livelli kollha tal-istudenti.","robots":{"index":"index","follow":"follow","max-snippet":"max-snippet:-1","max-image-preview":"max-image-preview:large","max-video-preview":"max-video-preview:-1"},"canonical":"https:\/\/talkpal.ai\/mt\/ezercizzji-tal-grammatika-svediza\/","og_locale":"mt_MT","og_type":"article","og_title":"E\u017cer\u010bizzji tal-Grammatika Svedi\u017ca","og_description":"Su\u0121\u0121etti tal-Grammatika Svedi\u017ca It-tag\u0127lim tal-I\u017cvedi\u017c, il-lingwa uffi\u010bjali tal-I\u017cvezja u wa\u0127da mil-lingwi uffi\u010bjali tal-Finlandja, jista 'jkun esperjenza","og_url":"https:\/\/talkpal.ai\/mt\/ezercizzji-tal-grammatika-svediza\/","og_site_name":"Talkpal","article_publisher":"https:\/\/www.facebook.com\/profile.php?id=100090733639311","article_modified_time":"2025-12-17T15:30:06+00:00","og_image":[{"width":512,"height":512,"url":"https:\/\/talkpal.ai\/wp-content\/uploads\/2023\/04\/sweden.png","type":"image\/png"}],"twitter_card":"summary_large_image","twitter_site":"@talkpalai","twitter_misc":{"Est. reading time":"3 minutes"},"schema":{"@context":"https:\/\/schema.org","@graph":[{"@type":"WebPage","@id":"https:\/\/talkpal.ai\/mt\/ezercizzji-tal-grammatika-svediza\/","url":"https:\/\/talkpal.ai\/mt\/ezercizzji-tal-grammatika-svediza\/","name":"E\u017cer\u010bizzji tal-Grammatika Svedi\u017ca - Talkpal","isPartOf":{"@id":"https:\/\/talkpal.ai\/mt\/#website"},"primaryImageOfPage":{"@id":"https:\/\/talkpal.ai\/mt\/ezercizzji-tal-grammatika-svediza\/#primaryimage"},"image":{"@id":"https:\/\/talkpal.ai\/mt\/ezercizzji-tal-grammatika-svediza\/#primaryimage"},"thumbnailUrl":"https:\/\/talkpal.ai\/wp-content\/uploads\/2023\/04\/sweden.png","datePublished":"2023-06-16T10:01:38+00:00","dateModified":"2025-12-17T15:30:06+00:00","description":"Ittejjeb il-\u0127iliet lingwisti\u010bi tieg\u0127ek b'E\u017cer\u010bizzji tal-Grammatika Svedi\u017ca impenjattivi ddisinjati g\u0127al-livelli kollha tal-istudenti.","breadcrumb":{"@id":"https:\/\/talkpal.ai\/mt\/ezercizzji-tal-grammatika-svediza\/#breadcrumb"},"inLanguage":"mt-MT","potentialAction":[{"@type":"ReadAction","target":["https:\/\/talkpal.ai\/mt\/ezercizzji-tal-grammatika-svediza\/"]}]},{"@type":"ImageObject","inLanguage":"mt-MT","@id":"https:\/\/talkpal.ai\/mt\/ezercizzji-tal-grammatika-svediza\/#primaryimage","url":"https:\/\/talkpal.ai\/wp-content\/uploads\/2023\/04\/sweden.png","contentUrl":"https:\/\/talkpal.ai\/wp-content\/uploads\/2023\/04\/sweden.png","width":512,"height":512,"caption":"TalkPal Catalan Flag"},{"@type":"BreadcrumbList","@id":"https:\/\/talkpal.ai\/mt\/ezercizzji-tal-grammatika-svediza\/#breadcrumb","itemListElement":[{"@type":"ListItem","position":1,"name":"Homepage","item":"https:\/\/talkpal.ai\/mt\/"},{"@type":"ListItem","position":2,"name":"E\u017cer\u010bizzji tal-Grammatika Svedi\u017ca"}]},{"@type":"WebSite","@id":"https:\/\/talkpal.ai\/mt\/#website","url":"https:\/\/talkpal.ai\/mt\/","name":"Talkpal","description":"AI Language Learning","publisher":{"@id":"https:\/\/talkpal.ai\/mt\/#organization"},"alternateName":"Talkpal AI","potentialAction":[{"@type":"SearchAction","target":{"@type":"EntryPoint","urlTemplate":"https:\/\/talkpal.ai\/mt\/?s={search_term_string}"},"query-input":{"@type":"PropertyValueSpecification","valueRequired":true,"valueName":"search_term_string"}}],"inLanguage":"mt-MT"},{"@type":"Organization","@id":"https:\/\/talkpal.ai\/mt\/#organization","name":"Talkpal, Inc.","alternateName":"Talkpal AI","url":"https:\/\/talkpal.ai\/mt\/","logo":{"@type":"ImageObject","inLanguage":"mt-MT","@id":"https:\/\/talkpal.ai\/mt\/#\/schema\/logo\/image\/","url":"https:\/\/talkpal.ai\/wp-content\/uploads\/2024\/03\/Talkpal-Logo-Icon.png","contentUrl":"https:\/\/talkpal.ai\/wp-content\/uploads\/2024\/03\/Talkpal-Logo-Icon.png","width":2880,"height":2880,"caption":"Talkpal, Inc."},"image":{"@id":"https:\/\/talkpal.ai\/mt\/#\/schema\/logo\/image\/"},"sameAs":["https:\/\/www.facebook.com\/profile.php?id=100090733639311","https:\/\/x.com\/talkpalai","https:\/\/www.linkedin.com\/company\/talkpal\/","https:\/\/www.youtube.com\/@TalkPal\/","https:\/\/www.tiktok.com\/@talkpal","https:\/\/www.instagram.com\/talkpal_ai\/","https:\/\/www.crunchbase.com\/organization\/talkpal-9cde","https:\/\/www.g2.com\/products\/talkpal-for-business\/","https:\/\/www.trustpilot.com\/review\/talkpal.ai","https:\/\/www.capterra.com\/p\/10006800\/TalkPal\/"],"description":"Talkpal is a language learning web and mobile education app, powered by the latest AI technologies, that provides engaging experiences to its customers in many different languages to help them improve their language skills. Users can chat about unlimited amount of topics with the app and use other modes to practice their language learning.","email":"support@talkpal.ai","legalName":"Talkpal, Inc.","foundingDate":"2023-04-03","duns":"118989042","numberOfEmployees":{"@type":"QuantitativeValue","minValue":"11","maxValue":"50"},"publishingPrinciples":"https:\/\/talkpal.ai\/publishing-principles\/","actionableFeedbackPolicy":"https:\/\/talkpal.ai\/actionable-feedback-policy\/","correctionsPolicy":"https:\/\/talkpal.ai\/corrections-policy\/","ethicsPolicy":"https:\/\/talkpal.ai\/ethics-policy\/","diversityPolicy":"https:\/\/talkpal.ai\/diversity-policy\/","diversityStaffingReport":"https:\/\/talkpal.ai\/diversity-policy\/"}]}},"_links":{"self":[{"href":"https:\/\/talkpal.ai\/mt\/wp-json\/wp\/v2\/pages\/1446414","targetHints":{"allow":["GET"]}}],"collection":[{"href":"https:\/\/talkpal.ai\/mt\/wp-json\/wp\/v2\/pages"}],"about":[{"href":"https:\/\/talkpal.ai\/mt\/wp-json\/wp\/v2\/types\/page"}],"author":[{"embeddable":true,"href":"https:\/\/talkpal.ai\/mt\/wp-json\/wp\/v2\/users\/6"}],"replies":[{"embeddable":true,"href":"https:\/\/talkpal.ai\/mt\/wp-json\/wp\/v2\/comments?post=1446414"}],"version-history":[{"count":0,"href":"https:\/\/talkpal.ai\/mt\/wp-json\/wp\/v2\/pages\/1446414\/revisions"}],"wp:featuredmedia":[{"embeddable":true,"href":"https:\/\/talkpal.ai\/mt\/wp-json\/wp\/v2\/media\/1439926"}],"wp:attachment":[{"href":"https:\/\/talkpal.ai\/mt\/wp-json\/wp\/v2\/media?parent=1446414"}],"curies":[{"name":"wp","href":"https:\/\/api.w.org\/{rel}","templated":true}]}}