{"id":1446410,"date":"2023-06-16T09:39:29","date_gmt":"2023-06-16T09:39:29","guid":{"rendered":"https:\/\/talkpal.ai\/ezercizzji-tal-grammatika-ciniza\/"},"modified":"2025-09-06T20:51:18","modified_gmt":"2025-09-06T20:51:18","slug":"ezercizzji-tal-grammatika-ciniza","status":"publish","type":"page","link":"https:\/\/talkpal.ai\/mt\/ezercizzji-tal-grammatika-ciniza\/","title":{"rendered":"E\u017cer\u010bizzji tal-Grammatika \u010aini\u017ca"},"content":{"rendered":"\r\n\r\n\r\n<section class=\"languageChallengeSection\">\r\n    <div class=\"languageInfoWrapper\">\r\n        \r\n        <h1>E\u017cer\u010bizzji tal-Grammatika \u010aini\u017ca<\/h1>\r\n        <p>Trid tag\u0127ti spinta lill-\u0127iliet tal-lingwa \u010aini\u017ca tieg\u0127ek? Focusing on grammar exercises will help you understand sentence structure, master essential patterns, and build your confidence in everyday conversations. Ibda tipprattika l-<a href=\"https:\/\/talkpal.ai\/mt\/grammatika-ciniza\/\">grammatika \u010aini\u017ca<\/a> llum u \u0127u passi kostanti lejn il-fluwenza ma &#039;kull e\u017cer\u010bizzju!<\/p>\r\n\r\n                            <a class=\"getStartedHidden\" href=\"https:\/\/app.talkpal.ai\/signup?lng=\">Ibda<\/a>\r\n        \r\n    <\/div>\r\n\r\n    <figure>\r\n    <img decoding=\"async\" width=\"768\" height=\"768\" src=\"https:\/\/talkpal.ai\/wp-content\/uploads\/2023\/06\/chinese-768x768.png\" class=\"languageImage no-lazy\" alt=\"Language learning for flexible communication\" fetchpriority=\"high\" sizes=\"(max-width: 768px) 150px, 768px\" srcset=\"https:\/\/talkpal.ai\/wp-content\/uploads\/2023\/06\/chinese-768x768.png 768w, https:\/\/talkpal.ai\/wp-content\/uploads\/2023\/06\/chinese-300x300.png 300w\" \/>\r\n    \r\n\r\n    <\/figure>\r\n\r\n            <a class=\"getStartedVisible\" href=\"https:\/\/app.talkpal.ai\/signup?lng=\">Ibda<\/a>\r\n    \r\n<\/section>\r\n\r\n\r\n<!-- <section class=\"grammarSection\">\r\n    <div class=\"grammarLinks\">\r\n            <\/div>\r\n<\/section> -->\r\n\r\n\r\n\r\n\r\n<section class=\"promotionalBanner\">\r\n    <p class=\"promotionalText\">L-aktar mod effi\u010bjenti biex titg\u0127allem lingwa<\/p>\r\n    <a class=\"promotionalLink\" href=\"https:\/\/app.talkpal.ai\/signup?lng=\">Ipprova Talkpal b&#8217;xejn<\/a>\r\n<\/section>\n<div class=\"wp-block-group pageContainerStyle\"><div class=\"wp-block-group__inner-container is-layout-constrained wp-block-group-is-layout-constrained\">\n<h2 class=\"wp-block-heading\" id=\"h-chinese-grammar-topics\">Su\u0121\u0121etti tal-Grammatika \u010aini\u017ca<\/h2>\n\n\n\n<p>Il-<a href=\"https:\/\/talkpal.ai\/mt\/grammatika-ciniza\/\">grammatika \u010aini\u017ca<\/a> tista &#8216;tidher intimidanti g\u0127all-ewwel, i\u017cda hija essenzjali g\u0127all-\u0127akma tal-lingwa. Bis-sistema unika tal-karattri u n-natura tonali tag\u0127ha, il-grammatika \u010aini\u017ca ssegwi sett differenti ta&#8217; regoli minn lingwi b\u0127all-<a href=\"https:\/\/talkpal.ai\/learn-english-with-ai\/\">Ingli\u017c<\/a>. It-tag\u0127lim ta&#8217; dawn ir-regoli fis-sekwenza korretta jg\u0127inek timxi &#8216;l quddiem b&#8217;mod aktar effettiv fl-istudji tal-lingwa tieg\u0127ek. Is-su\u0121\u0121etti li \u0121ejjin se ji\u0121u diskussi fl-ordni rakkomandat tat-tag\u0127lim: Tempi, Verbi, Nomi, Artikli, Pronomi, A\u0121\u0121ettivi, Avverbji, Prepo\u017cizzjonijiet, u Struttura tas-Sentenza. Din il-gwida se tipprovdi spjegazzjonijiet qosra ta &#8216;kull su\u0121\u0121ett biex tg\u0127inek tifhem a\u0127jar il-funzjonijiet tag\u0127hom fil-lingwa \u010aini\u017ca.<\/p>\n\n\n\n<h3 class=\"wp-block-heading\" id=\"h-1-tenses\">1. Tempi:<\/h3>\n\n\n\n<p>B&#8217;differenza mill-Ingli\u017c, i\u010b-\u010aini\u017c m&#8217;g\u0127andux konjugazzjonijiet tal-verbi kumplessi biex jindikaw it-temp. Minflok, ju\u017ca kliem jew parti\u010belli tal-\u0127in biex juri meta sse\u0127\u0127 azzjoni. Biex tesprimi azzjonijiet passati, pre\u017centi, jew futuri, g\u0127andek l-ewwel tiffamiljarizza ru\u0127ek ma &#8216;kliem komuni ta&#8217; \u017cmien b\u0127al &#8220;biera\u0127,&#8221; &#8220;illum,&#8221; u &#8220;g\u0127ada.&#8221;<\/p>\n\n\n\n<h3 class=\"wp-block-heading\" id=\"h-2-verbs\">2. Verbi:<\/h3>\n\n\n\n<p>Ladarba tifhem it-tempi, huwa essenzjali li titg\u0127allem il-verbi ba\u017ci\u010bi fi\u010b-\u010aini\u017c. Il-verbi huma kru\u010bjali peress li jesprimu azzjonijiet u stati, u \u0127afna drabi jibqg\u0127u l-istess f&#8217;termini differenti. Iffoka fuq it-tag\u0127lim tal-verbi l-aktar komuni u l-u\u017cu xieraq tag\u0127hom.<\/p>\n\n\n\n<h3 class=\"wp-block-heading\" id=\"h-3-nouns\">3. Nomi:<\/h3>\n\n\n\n<p>In-nomi huma l-blokki tal-bini ta&#8217; lingwa, li jirrappre\u017centaw nies, postijiet, affarijiet, jew ideat. Fi\u010b-\u010aini\u017c, in-nomi huma \u0121eneralment sempli\u010bi, u tista &#8216;tibda billi titg\u0127allem l-aktar komuni u utli biex tespandi l-vokabularju tieg\u0127ek.<\/p>\n\n\n\n<h3 class=\"wp-block-heading\" id=\"h-4-articles\">4. Artikoli:<\/h3>\n\n\n\n<p>I\u010b-\u010aini\u017c m&#8217;g\u0127andux artikli b\u0127al &#8220;a&#8221; jew &#8220;the&#8221; bl-Ingli\u017c. Madankollu, hemm kliem tal-kejl li jakkumpanjaw in-nomi biex jindikaw il-kwantit\u00e0. Dawn il-kliem ta&#8217; kejl huma essenzjali meta ji\u0121u diskussi ammonti jew numri ta&#8217; o\u0121\u0121etti spe\u010bifi\u010bi.<\/p>\n\n\n\n<h3 class=\"wp-block-heading\" id=\"h-5-pronouns\">5. Pronomi:<\/h3>\n\n\n\n<p>Il-pronomi jintu\u017caw biex jissostitwixxu n-nomi f&#8217;sentenza u huma kru\u010bjali biex ti\u0121i evitata r-ripetizzjoni. Fi\u010b-\u010aini\u017c, il-pronomi jinbidlu abba\u017ci tal-funzjoni tag\u0127hom f&#8217;sentenza, b\u0127al su\u0121\u0121ett, o\u0121\u0121ett, jew possessiv. Tg\u0127allem il-pronomi varji u l-u\u017cu xieraq tag\u0127hom biex ittejjeb il-kostruzzjoni tas-sentenza tieg\u0127ek.<\/p>\n\n\n\n<h3 class=\"wp-block-heading\" id=\"h-6-adjectives\">6. A\u0121\u0121ettivi:<\/h3>\n\n\n\n<p>L-a\u0121\u0121ettivi jintu\u017caw biex jiddeskrivu jew jimmodifikaw in-nomi, u g\u0127andhom rwol sinifikanti biex jag\u0127mlu s-sentenzi tieg\u0127ek aktar espressivi u impenjattivi. Tg\u0127allem l-a\u0121\u0121ettivi l-aktar komuni u t-tqeg\u0127id tag\u0127hom fir-rigward tan-nom f&#8217;sentenza.<\/p>\n\n\n\n<h3 class=\"wp-block-heading\" id=\"h-7-adverbs\">7. Avverbji:<\/h3>\n\n\n\n<p>L-avverbji huma essenzjali biex jipprovdu informazzjoni addizzjonali dwar verbi, a\u0121\u0121ettivi, jew avverbji o\u0127ra. Jistg\u0127u jiddeskrivu kif, meta, jew fejn isse\u0127\u0127 azzjoni. Familjarizza ru\u0127ek ma &#8216;avverbji komuni u l-u\u017cu tag\u0127hom biex ittejjeb il-kapa\u010bitajiet deskrittivi tieg\u0127ek.<\/p>\n\n\n\n<h3 class=\"wp-block-heading\" id=\"h-8-prepositions\">8. Prepo\u017cizzjonijiet:<\/h3>\n\n\n\n<p>Il-prepo\u017cizzjonijiet jintu\u017caw biex jindikaw ir-relazzjoni bejn nomi jew pronomi f&#8217;sentenza. Huma spiss jesprimu relazzjonijiet spazjali jew temporali, b\u0127al &#8220;in,&#8221; &#8220;on,&#8221; jew &#8220;at.&#8221; It-tag\u0127lim tal-prepo\u017cizzjonijiet l-aktar komuni u l-u\u017cu korrett tag\u0127hom se jtejjeb \u0127afna l-istruttura tas-sentenza tieg\u0127ek.<\/p>\n\n\n\n<h3 class=\"wp-block-heading\" id=\"h-9-sentence-structure\">9. Struttura tas-sentenza:<\/h3>\n\n\n\n<p>Fl-a\u0127\u0127arnett, il-fehim tal-istruttura tas-sentenza \u010aini\u017ca huwa \u010b-\u010bavetta biex ji\u0121u ffurmati sentenzi koerenti u grammatikalment korretti. I\u010b-\u010aini\u017c isegwi struttura su\u0121\u0121ett-verb-o\u0121\u0121ett (SVO), simili g\u0127all-Ingli\u017c. Madankollu, hemm differenzi fl-ordni tal-kliem u t-tqeg\u0127id ta &#8216;diversi elementi grammatikali. Tg\u0127allem il-mudelli ba\u017ci\u010bi tas-sentenzi u prattika l-bini ta &#8216;sentenzi bl-elementi li tg\u0127allimt, b\u0127al tempi, verbi, nomi, pronomi, a\u0121\u0121ettivi, avverbji, u prepo\u017cizzjonijiet.<\/p>\n\n\n\n<p>Billi ssegwi din is-sekwenza u tiffoka fuq kull su\u0121\u0121ett, int se ti\u017cviluppa pedament b&#8217;sa\u0127\u0127tu fil-grammatika \u010aini\u017ca u tkun fi triqtek sew lejn il-fluwenza fil-lingwa.<\/p>\n<\/div><\/div>\n\r\n<section class=\"learnNavigationSection\">\r\n            \r\n        <a href=\"https:\/\/talkpal.ai\/mt\/tghallem-ic-ciniz\/\">\r\n            <div class=\"learnNavigationWrapper\">\r\n                <div class=\"learnNavigationContent\">\r\n                    <img decoding=\"async\" src=\"https:\/\/talkpal.ai\/wp-content\/uploads\/2024\/08\/Chinese.jpg\" alt=\"Chinese Flag\u00a0\">\r\n                    <div>\r\n                        <h4>Dwar it-Tag\u0127lim \u010aini\u017c<\/h4>\r\n                        <p>Sir af kollox dwar il-grammatika \u010aini\u017ca.<\/p>\r\n                    <\/div>\r\n                <\/div>\r\n            <\/div>\r\n        <\/a>\r\n\r\n        \r\n        <a href=\"https:\/\/talkpal.ai\/mt\/grammatika-ciniza\/\">\r\n            <div class=\"learnNavigationWrapper\">\r\n                <div class=\"learnNavigationContent\">\r\n                    <img decoding=\"async\" src=\"https:\/\/talkpal.ai\/wp-content\/uploads\/2024\/08\/Chinese.jpg\" alt=\"Chinese Flag\u00a0\">\r\n                    <div>\r\n                        <h4>Lezzjonijiet tal-Grammatika \u010aini\u017ca<\/h4>\r\n                        <p>Prattika grammatika \u010aini\u017ca.<\/p>\r\n                    <\/div>\r\n                <\/div>\r\n            <\/div>\r\n        <\/a>\r\n\r\n        \r\n        <a href=\"https:\/\/talkpal.ai\/vocabulary_language\/chinese\/\">\r\n            <div class=\"learnNavigationWrapper\">\r\n                <div class=\"learnNavigationContent\">\r\n                    <img decoding=\"async\" src=\"https:\/\/talkpal.ai\/wp-content\/uploads\/2024\/08\/Chinese.jpg\" alt=\"Chinese Flag\u00a0\">\r\n                    <div>\r\n                        <h4>Vokabularju \u010aini\u017c<\/h4>\r\n                        <p>Espandi l-vokabularju \u010aini\u017c tieg\u0127ek.<\/p>\r\n                    <\/div>\r\n                <\/div>\r\n            <\/div>\r\n        <\/a>\r\n\r\n            <\/section>","protected":false},"excerpt":{"rendered":"<p>Su\u0121\u0121etti tal-Grammatika \u010aini\u017ca Il-grammatika \u010aini\u017ca tista &#8216;tidher intimidanti g\u0127all-ewwel, i\u017cda hija essenzjali g\u0127all-\u0127akma tal-lingwa. Bis-sistema unika tal-karattri u n-natura tonali tag\u0127ha, il-grammatika \u010aini\u017ca ssegwi sett differenti ta&#8217; regoli minn lingwi b\u0127all-Ingli\u017c. It-tag\u0127lim ta&#8217; dawn ir-regoli fis-sekwenza korretta jg\u0127inek timxi &#8216;l quddiem b&#8217;mod aktar effettiv fl-istudji tal-lingwa tieg\u0127ek. Is-su\u0121\u0121etti li \u0121ejjin se ji\u0121u diskussi fl-ordni rakkomandat [&hellip;]<\/p>\n","protected":false},"author":6,"featured_media":1441435,"parent":0,"menu_order":0,"comment_status":"closed","ping_status":"closed","template":"LearningContentPage.php","meta":{"_acf_changed":false,"footnotes":""},"class_list":["post-1446410","page","type-page","status-publish","has-post-thumbnail","hentry"],"acf":[],"yoast_head":"<!-- This site is optimized with the Yoast SEO Premium plugin v27.2 (Yoast SEO v27.2) - https:\/\/yoast.com\/product\/yoast-seo-premium-wordpress\/ -->\n<title>E\u017cer\u010bizzji tal-Grammatika \u010aini\u017ca - Talkpal<\/title>\n<meta name=\"description\" content=\"Kaptan il-grammatika \u010aini\u017ca bil-gwida komprensiva tag\u0127na li tkopri tempi, verbi, u aktar biex ittejjeb il-\u0127iliet lingwisti\u010bi tieg\u0127ek.\" \/>\n<meta name=\"robots\" content=\"index, follow, max-snippet:-1, max-image-preview:large, max-video-preview:-1\" \/>\n<link rel=\"canonical\" href=\"https:\/\/talkpal.ai\/mt\/ezercizzji-tal-grammatika-ciniza\/\" \/>\n<meta property=\"og:locale\" content=\"mt_MT\" \/>\n<meta property=\"og:type\" content=\"article\" \/>\n<meta property=\"og:title\" content=\"E\u017cer\u010bizzji tal-Grammatika \u010aini\u017ca\" \/>\n<meta property=\"og:description\" content=\"Su\u0121\u0121etti tal-Grammatika \u010aini\u017ca Il-grammatika \u010aini\u017ca tista &#039;tidher intimidanti g\u0127all-ewwel, i\u017cda hija essenzjali g\u0127all-\u0127akma tal-lingwa. Bis-sistema unika\" \/>\n<meta property=\"og:url\" content=\"https:\/\/talkpal.ai\/mt\/ezercizzji-tal-grammatika-ciniza\/\" \/>\n<meta property=\"og:site_name\" content=\"Talkpal\" \/>\n<meta property=\"article:publisher\" content=\"https:\/\/www.facebook.com\/profile.php?id=100090733639311\" \/>\n<meta property=\"article:modified_time\" content=\"2025-09-06T20:51:18+00:00\" \/>\n<meta property=\"og:image\" content=\"https:\/\/talkpal.ai\/wp-content\/uploads\/2023\/04\/china.png\" \/>\n\t<meta property=\"og:image:width\" content=\"512\" \/>\n\t<meta property=\"og:image:height\" content=\"512\" \/>\n\t<meta property=\"og:image:type\" content=\"image\/png\" \/>\n<meta name=\"twitter:card\" content=\"summary_large_image\" \/>\n<meta name=\"twitter:site\" content=\"@talkpalai\" \/>\n<meta name=\"twitter:label1\" content=\"Est. reading time\" \/>\n\t<meta name=\"twitter:data1\" content=\"3 minutes\" \/>\n<script type=\"application\/ld+json\" class=\"yoast-schema-graph\">{\"@context\":\"https:\/\/schema.org\",\"@graph\":[{\"@type\":\"WebPage\",\"@id\":\"https:\/\/talkpal.ai\/mt\/ezercizzji-tal-grammatika-ciniza\/\",\"url\":\"https:\/\/talkpal.ai\/mt\/ezercizzji-tal-grammatika-ciniza\/\",\"name\":\"E\u017cer\u010bizzji tal-Grammatika \u010aini\u017ca - Talkpal\",\"isPartOf\":{\"@id\":\"https:\/\/talkpal.ai\/mt\/#website\"},\"primaryImageOfPage\":{\"@id\":\"https:\/\/talkpal.ai\/mt\/ezercizzji-tal-grammatika-ciniza\/#primaryimage\"},\"image\":{\"@id\":\"https:\/\/talkpal.ai\/mt\/ezercizzji-tal-grammatika-ciniza\/#primaryimage\"},\"thumbnailUrl\":\"https:\/\/talkpal.ai\/wp-content\/uploads\/2023\/04\/china.png\",\"datePublished\":\"2023-06-16T09:39:29+00:00\",\"dateModified\":\"2025-09-06T20:51:18+00:00\",\"description\":\"Kaptan il-grammatika \u010aini\u017ca bil-gwida komprensiva tag\u0127na li tkopri tempi, verbi, u aktar biex ittejjeb il-\u0127iliet lingwisti\u010bi tieg\u0127ek.\",\"breadcrumb\":{\"@id\":\"https:\/\/talkpal.ai\/mt\/ezercizzji-tal-grammatika-ciniza\/#breadcrumb\"},\"inLanguage\":\"mt-MT\",\"potentialAction\":[{\"@type\":\"ReadAction\",\"target\":[\"https:\/\/talkpal.ai\/mt\/ezercizzji-tal-grammatika-ciniza\/\"]}]},{\"@type\":\"ImageObject\",\"inLanguage\":\"mt-MT\",\"@id\":\"https:\/\/talkpal.ai\/mt\/ezercizzji-tal-grammatika-ciniza\/#primaryimage\",\"url\":\"https:\/\/talkpal.ai\/wp-content\/uploads\/2023\/04\/china.png\",\"contentUrl\":\"https:\/\/talkpal.ai\/wp-content\/uploads\/2023\/04\/china.png\",\"width\":512,\"height\":512,\"caption\":\"TalkPal Catalan Flag\"},{\"@type\":\"BreadcrumbList\",\"@id\":\"https:\/\/talkpal.ai\/mt\/ezercizzji-tal-grammatika-ciniza\/#breadcrumb\",\"itemListElement\":[{\"@type\":\"ListItem\",\"position\":1,\"name\":\"Homepage\",\"item\":\"https:\/\/talkpal.ai\/mt\/\"},{\"@type\":\"ListItem\",\"position\":2,\"name\":\"E\u017cer\u010bizzji tal-Grammatika \u010aini\u017ca\"}]},{\"@type\":\"WebSite\",\"@id\":\"https:\/\/talkpal.ai\/mt\/#website\",\"url\":\"https:\/\/talkpal.ai\/mt\/\",\"name\":\"Talkpal\",\"description\":\"AI Language Learning\",\"publisher\":{\"@id\":\"https:\/\/talkpal.ai\/mt\/#organization\"},\"alternateName\":\"Talkpal AI\",\"potentialAction\":[{\"@type\":\"SearchAction\",\"target\":{\"@type\":\"EntryPoint\",\"urlTemplate\":\"https:\/\/talkpal.ai\/mt\/?s={search_term_string}\"},\"query-input\":{\"@type\":\"PropertyValueSpecification\",\"valueRequired\":true,\"valueName\":\"search_term_string\"}}],\"inLanguage\":\"mt-MT\"},{\"@type\":\"Organization\",\"@id\":\"https:\/\/talkpal.ai\/mt\/#organization\",\"name\":\"Talkpal, Inc.\",\"alternateName\":\"Talkpal AI\",\"url\":\"https:\/\/talkpal.ai\/mt\/\",\"logo\":{\"@type\":\"ImageObject\",\"inLanguage\":\"mt-MT\",\"@id\":\"https:\/\/talkpal.ai\/mt\/#\/schema\/logo\/image\/\",\"url\":\"https:\/\/talkpal.ai\/wp-content\/uploads\/2024\/03\/Talkpal-Logo-Icon.png\",\"contentUrl\":\"https:\/\/talkpal.ai\/wp-content\/uploads\/2024\/03\/Talkpal-Logo-Icon.png\",\"width\":2880,\"height\":2880,\"caption\":\"Talkpal, Inc.\"},\"image\":{\"@id\":\"https:\/\/talkpal.ai\/mt\/#\/schema\/logo\/image\/\"},\"sameAs\":[\"https:\/\/www.facebook.com\/profile.php?id=100090733639311\",\"https:\/\/x.com\/talkpalai\",\"https:\/\/www.linkedin.com\/company\/talkpal\/\",\"https:\/\/www.youtube.com\/@TalkPal\/\",\"https:\/\/www.tiktok.com\/@talkpal\",\"https:\/\/www.instagram.com\/talkpal_ai\/\",\"https:\/\/www.crunchbase.com\/organization\/talkpal-9cde\",\"https:\/\/www.g2.com\/products\/talkpal-for-business\/\",\"https:\/\/www.trustpilot.com\/review\/talkpal.ai\",\"https:\/\/www.capterra.com\/p\/10006800\/TalkPal\/\"],\"description\":\"Talkpal is a language learning web and mobile education app, powered by the latest AI technologies, that provides engaging experiences to its customers in many different languages to help them improve their language skills. Users can chat about unlimited amount of topics with the app and use other modes to practice their language learning.\",\"email\":\"support@talkpal.ai\",\"legalName\":\"Talkpal, Inc.\",\"foundingDate\":\"2023-04-03\",\"duns\":\"118989042\",\"numberOfEmployees\":{\"@type\":\"QuantitativeValue\",\"minValue\":\"11\",\"maxValue\":\"50\"},\"publishingPrinciples\":\"https:\/\/talkpal.ai\/publishing-principles\/\",\"actionableFeedbackPolicy\":\"https:\/\/talkpal.ai\/actionable-feedback-policy\/\",\"correctionsPolicy\":\"https:\/\/talkpal.ai\/corrections-policy\/\",\"ethicsPolicy\":\"https:\/\/talkpal.ai\/ethics-policy\/\",\"diversityPolicy\":\"https:\/\/talkpal.ai\/diversity-policy\/\",\"diversityStaffingReport\":\"https:\/\/talkpal.ai\/diversity-policy\/\"}]}<\/script>\n<!-- \/ Yoast SEO Premium plugin. -->","yoast_head_json":{"title":"E\u017cer\u010bizzji tal-Grammatika \u010aini\u017ca - Talkpal","description":"Kaptan il-grammatika \u010aini\u017ca bil-gwida komprensiva tag\u0127na li tkopri tempi, verbi, u aktar biex ittejjeb il-\u0127iliet lingwisti\u010bi tieg\u0127ek.","robots":{"index":"index","follow":"follow","max-snippet":"max-snippet:-1","max-image-preview":"max-image-preview:large","max-video-preview":"max-video-preview:-1"},"canonical":"https:\/\/talkpal.ai\/mt\/ezercizzji-tal-grammatika-ciniza\/","og_locale":"mt_MT","og_type":"article","og_title":"E\u017cer\u010bizzji tal-Grammatika \u010aini\u017ca","og_description":"Su\u0121\u0121etti tal-Grammatika \u010aini\u017ca Il-grammatika \u010aini\u017ca tista 'tidher intimidanti g\u0127all-ewwel, i\u017cda hija essenzjali g\u0127all-\u0127akma tal-lingwa. Bis-sistema unika","og_url":"https:\/\/talkpal.ai\/mt\/ezercizzji-tal-grammatika-ciniza\/","og_site_name":"Talkpal","article_publisher":"https:\/\/www.facebook.com\/profile.php?id=100090733639311","article_modified_time":"2025-09-06T20:51:18+00:00","og_image":[{"width":512,"height":512,"url":"https:\/\/talkpal.ai\/wp-content\/uploads\/2023\/04\/china.png","type":"image\/png"}],"twitter_card":"summary_large_image","twitter_site":"@talkpalai","twitter_misc":{"Est. reading time":"3 minutes"},"schema":{"@context":"https:\/\/schema.org","@graph":[{"@type":"WebPage","@id":"https:\/\/talkpal.ai\/mt\/ezercizzji-tal-grammatika-ciniza\/","url":"https:\/\/talkpal.ai\/mt\/ezercizzji-tal-grammatika-ciniza\/","name":"E\u017cer\u010bizzji tal-Grammatika \u010aini\u017ca - Talkpal","isPartOf":{"@id":"https:\/\/talkpal.ai\/mt\/#website"},"primaryImageOfPage":{"@id":"https:\/\/talkpal.ai\/mt\/ezercizzji-tal-grammatika-ciniza\/#primaryimage"},"image":{"@id":"https:\/\/talkpal.ai\/mt\/ezercizzji-tal-grammatika-ciniza\/#primaryimage"},"thumbnailUrl":"https:\/\/talkpal.ai\/wp-content\/uploads\/2023\/04\/china.png","datePublished":"2023-06-16T09:39:29+00:00","dateModified":"2025-09-06T20:51:18+00:00","description":"Kaptan il-grammatika \u010aini\u017ca bil-gwida komprensiva tag\u0127na li tkopri tempi, verbi, u aktar biex ittejjeb il-\u0127iliet lingwisti\u010bi tieg\u0127ek.","breadcrumb":{"@id":"https:\/\/talkpal.ai\/mt\/ezercizzji-tal-grammatika-ciniza\/#breadcrumb"},"inLanguage":"mt-MT","potentialAction":[{"@type":"ReadAction","target":["https:\/\/talkpal.ai\/mt\/ezercizzji-tal-grammatika-ciniza\/"]}]},{"@type":"ImageObject","inLanguage":"mt-MT","@id":"https:\/\/talkpal.ai\/mt\/ezercizzji-tal-grammatika-ciniza\/#primaryimage","url":"https:\/\/talkpal.ai\/wp-content\/uploads\/2023\/04\/china.png","contentUrl":"https:\/\/talkpal.ai\/wp-content\/uploads\/2023\/04\/china.png","width":512,"height":512,"caption":"TalkPal Catalan Flag"},{"@type":"BreadcrumbList","@id":"https:\/\/talkpal.ai\/mt\/ezercizzji-tal-grammatika-ciniza\/#breadcrumb","itemListElement":[{"@type":"ListItem","position":1,"name":"Homepage","item":"https:\/\/talkpal.ai\/mt\/"},{"@type":"ListItem","position":2,"name":"E\u017cer\u010bizzji tal-Grammatika \u010aini\u017ca"}]},{"@type":"WebSite","@id":"https:\/\/talkpal.ai\/mt\/#website","url":"https:\/\/talkpal.ai\/mt\/","name":"Talkpal","description":"AI Language Learning","publisher":{"@id":"https:\/\/talkpal.ai\/mt\/#organization"},"alternateName":"Talkpal AI","potentialAction":[{"@type":"SearchAction","target":{"@type":"EntryPoint","urlTemplate":"https:\/\/talkpal.ai\/mt\/?s={search_term_string}"},"query-input":{"@type":"PropertyValueSpecification","valueRequired":true,"valueName":"search_term_string"}}],"inLanguage":"mt-MT"},{"@type":"Organization","@id":"https:\/\/talkpal.ai\/mt\/#organization","name":"Talkpal, Inc.","alternateName":"Talkpal AI","url":"https:\/\/talkpal.ai\/mt\/","logo":{"@type":"ImageObject","inLanguage":"mt-MT","@id":"https:\/\/talkpal.ai\/mt\/#\/schema\/logo\/image\/","url":"https:\/\/talkpal.ai\/wp-content\/uploads\/2024\/03\/Talkpal-Logo-Icon.png","contentUrl":"https:\/\/talkpal.ai\/wp-content\/uploads\/2024\/03\/Talkpal-Logo-Icon.png","width":2880,"height":2880,"caption":"Talkpal, Inc."},"image":{"@id":"https:\/\/talkpal.ai\/mt\/#\/schema\/logo\/image\/"},"sameAs":["https:\/\/www.facebook.com\/profile.php?id=100090733639311","https:\/\/x.com\/talkpalai","https:\/\/www.linkedin.com\/company\/talkpal\/","https:\/\/www.youtube.com\/@TalkPal\/","https:\/\/www.tiktok.com\/@talkpal","https:\/\/www.instagram.com\/talkpal_ai\/","https:\/\/www.crunchbase.com\/organization\/talkpal-9cde","https:\/\/www.g2.com\/products\/talkpal-for-business\/","https:\/\/www.trustpilot.com\/review\/talkpal.ai","https:\/\/www.capterra.com\/p\/10006800\/TalkPal\/"],"description":"Talkpal is a language learning web and mobile education app, powered by the latest AI technologies, that provides engaging experiences to its customers in many different languages to help them improve their language skills. Users can chat about unlimited amount of topics with the app and use other modes to practice their language learning.","email":"support@talkpal.ai","legalName":"Talkpal, Inc.","foundingDate":"2023-04-03","duns":"118989042","numberOfEmployees":{"@type":"QuantitativeValue","minValue":"11","maxValue":"50"},"publishingPrinciples":"https:\/\/talkpal.ai\/publishing-principles\/","actionableFeedbackPolicy":"https:\/\/talkpal.ai\/actionable-feedback-policy\/","correctionsPolicy":"https:\/\/talkpal.ai\/corrections-policy\/","ethicsPolicy":"https:\/\/talkpal.ai\/ethics-policy\/","diversityPolicy":"https:\/\/talkpal.ai\/diversity-policy\/","diversityStaffingReport":"https:\/\/talkpal.ai\/diversity-policy\/"}]}},"_links":{"self":[{"href":"https:\/\/talkpal.ai\/mt\/wp-json\/wp\/v2\/pages\/1446410","targetHints":{"allow":["GET"]}}],"collection":[{"href":"https:\/\/talkpal.ai\/mt\/wp-json\/wp\/v2\/pages"}],"about":[{"href":"https:\/\/talkpal.ai\/mt\/wp-json\/wp\/v2\/types\/page"}],"author":[{"embeddable":true,"href":"https:\/\/talkpal.ai\/mt\/wp-json\/wp\/v2\/users\/6"}],"replies":[{"embeddable":true,"href":"https:\/\/talkpal.ai\/mt\/wp-json\/wp\/v2\/comments?post=1446410"}],"version-history":[{"count":0,"href":"https:\/\/talkpal.ai\/mt\/wp-json\/wp\/v2\/pages\/1446410\/revisions"}],"wp:featuredmedia":[{"embeddable":true,"href":"https:\/\/talkpal.ai\/mt\/wp-json\/wp\/v2\/media\/1441435"}],"wp:attachment":[{"href":"https:\/\/talkpal.ai\/mt\/wp-json\/wp\/v2\/media?parent=1446410"}],"curies":[{"name":"wp","href":"https:\/\/api.w.org\/{rel}","templated":true}]}}