{"id":1446401,"date":"2023-06-16T10:27:33","date_gmt":"2023-06-16T10:27:33","guid":{"rendered":"https:\/\/talkpal.ai\/ezercizzji-tal-grammatika-koreana\/"},"modified":"2025-12-17T16:49:19","modified_gmt":"2025-12-17T16:49:19","slug":"ezercizzji-tal-grammatika-koreana","status":"publish","type":"page","link":"https:\/\/talkpal.ai\/mt\/ezercizzji-tal-grammatika-koreana\/","title":{"rendered":"E\u017cer\u010bizzji tal-Grammatika Koreana"},"content":{"rendered":"\r\n\r\n\r\n<section class=\"languageChallengeSection\">\r\n    <div class=\"languageInfoWrapper\">\r\n        \r\n        <h1>E\u017cer\u010bizzji tal-Grammatika Koreana<\/h1>\r\n        <p>Qed tfittex li ssa\u0127\u0127a\u0127 il-\u0127iliet tal-lingwa Koreana tieg\u0127ek? Focusing on grammar exercises is a great way to master sentence structure, verb endings, and everyday phrases. Dive in and practice <a href=\"https:\/\/talkpal.ai\/learn-korean\/\">Korean<\/a> grammar regularly\u2014every exercise brings you closer to natural, confident communication. Ibda llum u ara l-\u0127iliet Koreani tieg\u0127ek jikbru pass pass!<\/p>\r\n\r\n                            <a class=\"getStartedHidden\" href=\"https:\/\/app.talkpal.ai\/signup?lng=\">Ibda<\/a>\r\n        \r\n    <\/div>\r\n\r\n    <figure>\r\n    <img decoding=\"async\" width=\"768\" height=\"768\" src=\"https:\/\/talkpal.ai\/wp-content\/uploads\/2023\/06\/korean-768x768.png\" class=\"languageImage no-lazy\" alt=\"Line-by-line learning for language acquisition\" fetchpriority=\"high\" sizes=\"(max-width: 768px) 150px, 768px\" srcset=\"https:\/\/talkpal.ai\/wp-content\/uploads\/2023\/06\/korean-768x768.png 768w, https:\/\/talkpal.ai\/wp-content\/uploads\/2023\/06\/korean-300x300.png 300w\" \/>\r\n    \r\n\r\n    <\/figure>\r\n\r\n            <a class=\"getStartedVisible\" href=\"https:\/\/app.talkpal.ai\/signup?lng=\">Ibda<\/a>\r\n    \r\n<\/section>\r\n\r\n\r\n<!-- <section class=\"grammarSection\">\r\n    <div class=\"grammarLinks\">\r\n            <\/div>\r\n<\/section> -->\r\n\r\n\r\n\r\n\r\n<section class=\"promotionalBanner\">\r\n    <p class=\"promotionalText\">L-aktar mod effi\u010bjenti biex titg\u0127allem lingwa<\/p>\r\n    <a class=\"promotionalLink\" href=\"https:\/\/app.talkpal.ai\/signup?lng=\">Ipprova Talkpal b&#8217;xejn<\/a>\r\n<\/section>\n<div class=\"wp-block-group pageContainerStyle\"><div class=\"wp-block-group__inner-container is-layout-constrained wp-block-group-is-layout-constrained\">\n<h2 class=\"wp-block-heading\" id=\"h-korean-grammar-topics\">Su\u0121\u0121etti tal-Grammatika Koreana<\/h2>\n\n\n\n<p>It-tag\u0127lim tal-Korean jista &#8216;jkun esperjenza e\u010b\u010bitanti u ta&#8217; sodisfazzjon peress li jifta\u0127 opportunitajiet kulturali u professjonali \u0121odda. Il-lingwa Koreana g\u0127andha storja rikka u hija mitkellma minn miljuni ta &#8216;nies madwar id-dinja. Wie\u0127ed mill-aspetti ewlenin tat-tag\u0127lim ta&#8217; kwalunkwe lingwa huwa l-fehim tal-grammatika tag\u0127ha. Fil-ka\u017c tal-Korean, il-grammatika hija pjuttost differenti minn \u0127afna lingwi tal-Punent, i\u017cda bl-appro\u010b\u010b it-tajjeb, tista &#8216;tinftiehem b&#8217;mod sistematiku. F&#8217;dan l-artikolu, se nesploraw diversi su\u0121\u0121etti tal-grammatika Koreana, inklu\u017ci tempi, verbi, nomi, artikli, pronomi, a\u0121\u0121ettivi, avverbji, prepo\u017cizzjonijiet, u struttura tas-sentenza. By understanding and mastering these concepts, you will be well on your way to become proficient in Korean.<\/p>\n\n\n\n<h3 class=\"wp-block-heading\" id=\"h-1-nouns\">1. Nomi:<\/h3>\n\n\n\n<p>Fil-Korean, in-nomi huma blokki essenzjali tas-sentenzi. Huma jirrappre\u017centaw nies, postijiet, affarijiet, jew ideat. In-nomi Koreani m&#8217;g\u0127andhomx distinzjonijiet bejn is-sess jew in-numru, u jag\u0127mluhom relattivament sempli\u010bi biex jitg\u0127allmu. Familjarizza ru\u0127ek ma &#8216;nomi komuni Koreani jg\u0127inek tibni pedament ta&#8217; vokabularju b&#8217;sa\u0127\u0127tu.<\/p>\n\n\n\n<h3 class=\"wp-block-heading\" id=\"h-2-verbs\">2. Verbi:<\/h3>\n\n\n\n<p>Il-verbi Koreani huma kriti\u010bi biex iwasslu azzjonijiet u stati ta &#8216;esseri. Normalment ji\u0121u fl-a\u0127\u0127ar ta &#8216;sentenza u jkollhom diversi forom skont il-livell tat-tensjoni u l-edukazzjoni. Il-fehim tar-regoli tal-konjugazzjoni g\u0127al forom differenti tal-verbi huwa essenzjali g\u0127al komunikazzjoni effettiva fil-Korean.<\/p>\n\n\n\n<h3 class=\"wp-block-heading\" id=\"h-3-adjectives\">3. A\u0121\u0121ettivi:<\/h3>\n\n\n\n<p>Fil-Korean, l-a\u0121\u0121ettivi jintu\u017caw biex jiddeskrivu nomi u g\u0127andhom regoli ta&#8217; konjugazzjoni simili g\u0127all-verbi. Jistg\u0127u jintu\u017caw qabel jew wara nom, u l-forma tag\u0127hom tista &#8216;tinbidel skont il-livell ta&#8217; tensjoni u <a href=\"https:\/\/talkpal.ai\/talkpal-for-education\/\">edukazzjoni<\/a>. It-tag\u0127lim ta &#8216;a\u0121\u0121ettivi komuni u l-u\u017cu tag\u0127hom se jtejjeb il-kapa\u010bitajiet deskrittivi tieg\u0127ek fil-Korean.<\/p>\n\n\n\n<h3 class=\"wp-block-heading\" id=\"h-4-adverbs\">4. Avverbji:<\/h3>\n\n\n\n<p>L-avverbji fil-Korean jipprovdu informazzjoni addizzjonali dwar verbi, a\u0121\u0121ettivi, jew avverbji o\u0127ra. Normalment ji\u0121u qabel il-kelma li jimmodifikaw u m&#8217;g\u0127andhomx regoli spe\u010bifi\u010bi ta&#8217; konjugazzjoni. L-inkorporazzjoni ta &#8216;avverbji fis-sentenzi Koreani tieg\u0127ek tista&#8217; \u017c\u017cid fond u sfumaturi g\u0127all-espressjoni tieg\u0127ek.<\/p>\n\n\n\n<h3 class=\"wp-block-heading\" id=\"h-5-pronouns\">5. Pronomi:<\/h3>\n\n\n\n<p>Il-pronomi Koreani jg\u0127inu biex ti\u0121i evitata s-sensja u jag\u0127mlu s-sentenzi aktar kon\u010bi\u017ci. Huma jissostitwixxu nomi li di\u0121\u00e0 ssemmew jew jinftiehmu fil-kuntest. Il-pronomi Koreani g\u0127andhom forom differenti bba\u017cati fuq l-istatus so\u010bjali u l-\u0121eneru tas-su\u0121\u0121ett, li jag\u0127mluhom aspett importanti tal-lingwa li g\u0127andek titg\u0127allem.<\/p>\n\n\n\n<h3 class=\"wp-block-heading\" id=\"h-6-prepositions\">6. Prepo\u017cizzjonijiet:<\/h3>\n\n\n\n<p>Fil-Korean, il-prepo\u017cizzjonijiet jintu\u017caw biex jesprimu relazzjonijiet bejn nomi f&#8217;sentenza, b\u0127al post, direzzjoni, jew pussess. B&#8217;differenza mill-<a href=\"https:\/\/talkpal.ai\/learn-english-with-ai\/\">Ingli\u017c<\/a>, il-prepo\u017cizzjonijiet Koreani normalment ji\u0121u wara n-nom li jimmodifikaw, u jiffurmaw unit\u00e0 wa\u0127da msej\u0127a fra\u017ci postpo\u017cizzjonali. Il-fehim tal-u\u017cu korrett ta &#8216;dawn il-parti\u010belli huwa kru\u010bjali g\u0127all-bini ta&#8217; sentenzi Koreani koerenti.<\/p>\n\n\n\n<h3 class=\"wp-block-heading\" id=\"h-7-sentence-structure\">7. Struttura tas-Sentenza:<\/h3>\n\n\n\n<p>L-istruttura ba\u017cika ta &#8216;sentenza Koreana hija su\u0121\u0121ett-o\u0121\u0121ett-verb (SOV). Dan ifisser li l-verb tipikament ji\u0121i l-a\u0127\u0127ar f&#8217;sentenza, li tista &#8216;tkun bidla sinifikanti g\u0127al dawk li jitkellmu bl-Ingli\u017c. It-tag\u0127lim tal-ordni tal-kliem u l-istruttura tas-sentenza xierqa jippermettilek tikkomunika b&#8217;mod aktar effettiv bil-Korean.<\/p>\n\n\n\n<h3 class=\"wp-block-heading\" id=\"h-8-tenses-indicative-and-subjunctive\">8. Tenses Indikattiv u Subjunctive:<\/h3>\n\n\n\n<p>Il-Korean g\u0127andu forom ta &#8216;verb differenti biex jesprimi azzjonijiet jew stati tal-passat, pre\u017centi u futuri. Il-burdata indikattiva tintu\u017ca g\u0127al dikjarazzjonijiet ta &#8216;fatti, filwaqt li l-burdata subjunctive twassal in\u010bertezza, possibbilt\u00e0, jew sitwazzjonijiet ipoteti\u010bi. Ir-rikonoxximent u l-u\u017cu korrett ta &#8216;dawn il-forom tal-verbi huwa essenzjali g\u0127al komunikazzjoni \u010bara bil-Korean.<\/p>\n\n\n\n<h3 class=\"wp-block-heading\" id=\"h-9-tense-comparison\">9. Paragun tat-tensjoni:<\/h3>\n\n\n\n<p>It-tqabbil ta &#8216;avvenimenti f&#8217;perjodi ta&#8217; \u017cmien differenti je\u0127tie\u0121 li jifhem l-isfumaturi tal-konjugazzjoni tal-verb Korean. Billi titg\u0127allem kif tqabbel avvenimenti tal-passat, tal-pre\u017cent u tal-futur bl-u\u017cu ta &#8216;forom ta&#8217; verbi xierqa, tista &#8217;twassal ideat u relazzjonijiet kumplessi bil-Korean.<\/p>\n\n\n\n<h3 class=\"wp-block-heading\" id=\"h-10-articles\">10. Artikoli:<\/h3>\n\n\n\n<p>B&#8217;differenza mill-Ingli\u017c, il-Korean m&#8217;g\u0127andux artikli definiti jew indefiniti. Minflok, il-lingwa tiddependi fuq il-kuntest u l-u\u017cu ta &#8216;parti\u010belli spe\u010bifi\u010bi biex twassal id-definittivit\u00e0 jew l-indefinitezza ta&#8217; nom. Il-\u0127akma ta &#8216;dawn il-parti\u010belli tippermettilek tesprimi ru\u0127ek b&#8217;mod aktar pre\u010bi\u017c bil-Korean.<\/p>\n<\/div><\/div>\n\r\n<section class=\"learnNavigationSection\">\r\n            \r\n        <a href=\"https:\/\/talkpal.ai\/mt\/tghallem-korean\/\">\r\n            <div class=\"learnNavigationWrapper\">\r\n                <div class=\"learnNavigationContent\">\r\n                    <img decoding=\"async\" src=\"https:\/\/talkpal.ai\/wp-content\/uploads\/2024\/08\/Korean.jpg\" alt=\"Korean Flag\">\r\n                    <div>\r\n                        <h4>Dwar it-Tag\u0127lim Korean<\/h4>\r\n                        <p>Sir af kollox dwar il-grammatika Koreana.<\/p>\r\n                    <\/div>\r\n                <\/div>\r\n            <\/div>\r\n        <\/a>\r\n\r\n        \r\n        <a href=\"https:\/\/talkpal.ai\/mt\/grammatika-koreana\/\">\r\n            <div class=\"learnNavigationWrapper\">\r\n                <div class=\"learnNavigationContent\">\r\n                    <img decoding=\"async\" src=\"https:\/\/talkpal.ai\/wp-content\/uploads\/2024\/08\/Korean.jpg\" alt=\"Korean Flag\">\r\n                    <div>\r\n                        <h4>Lezzjonijiet tal-Grammatika Koreana<\/h4>\r\n                        <p>Prattika grammatika Koreana.<\/p>\r\n                    <\/div>\r\n                <\/div>\r\n            <\/div>\r\n        <\/a>\r\n\r\n        \r\n        <a href=\"https:\/\/talkpal.ai\/vocabulary_language\/korean\/\">\r\n            <div class=\"learnNavigationWrapper\">\r\n                <div class=\"learnNavigationContent\">\r\n                    <img decoding=\"async\" src=\"https:\/\/talkpal.ai\/wp-content\/uploads\/2024\/08\/Korean.jpg\" alt=\"Korean Flag\">\r\n                    <div>\r\n                        <h4>Vokabularju Korean<\/h4>\r\n                        <p>Espandi l-vokabularju Korean tieg\u0127ek.<\/p>\r\n                    <\/div>\r\n                <\/div>\r\n            <\/div>\r\n        <\/a>\r\n\r\n            <\/section>","protected":false},"excerpt":{"rendered":"<p>Su\u0121\u0121etti tal-Grammatika Koreana It-tag\u0127lim tal-Korean jista &#8216;jkun esperjenza e\u010b\u010bitanti u ta&#8217; sodisfazzjon peress li jifta\u0127 opportunitajiet kulturali u professjonali \u0121odda. Il-lingwa Koreana g\u0127andha storja rikka u hija mitkellma minn miljuni ta &#8216;nies madwar id-dinja. Wie\u0127ed mill-aspetti ewlenin tat-tag\u0127lim ta&#8217; kwalunkwe lingwa huwa l-fehim tal-grammatika tag\u0127ha. Fil-ka\u017c tal-Korean, il-grammatika hija pjuttost differenti minn \u0127afna lingwi tal-Punent, [&hellip;]<\/p>\n","protected":false},"author":6,"featured_media":1439920,"parent":0,"menu_order":0,"comment_status":"closed","ping_status":"closed","template":"LearningContentPage.php","meta":{"_acf_changed":false,"footnotes":""},"class_list":["post-1446401","page","type-page","status-publish","has-post-thumbnail","hentry"],"acf":[],"yoast_head":"<!-- This site is optimized with the Yoast SEO Premium plugin v27.2 (Yoast SEO v27.2) - https:\/\/yoast.com\/product\/yoast-seo-premium-wordpress\/ -->\n<title>E\u017cer\u010bizzji tal-Grammatika Koreana - Talkpal<\/title>\n<meta name=\"description\" content=\"Improve your Korean grammar easily - practice with interactive exercises, master language patterns, and build confidence\" \/>\n<meta name=\"robots\" content=\"index, follow, max-snippet:-1, max-image-preview:large, max-video-preview:-1\" \/>\n<link rel=\"canonical\" href=\"https:\/\/talkpal.ai\/mt\/ezercizzji-tal-grammatika-koreana\/\" \/>\n<meta property=\"og:locale\" content=\"mt_MT\" \/>\n<meta property=\"og:type\" content=\"article\" \/>\n<meta property=\"og:title\" content=\"E\u017cer\u010bizzji tal-Grammatika Koreana\" \/>\n<meta property=\"og:description\" content=\"Su\u0121\u0121etti tal-Grammatika Koreana It-tag\u0127lim tal-Korean jista &#039;jkun esperjenza e\u010b\u010bitanti u ta&#039; sodisfazzjon peress li jifta\u0127 opportunitajiet kulturali u\" \/>\n<meta property=\"og:url\" content=\"https:\/\/talkpal.ai\/mt\/ezercizzji-tal-grammatika-koreana\/\" \/>\n<meta property=\"og:site_name\" content=\"Talkpal\" \/>\n<meta property=\"article:publisher\" content=\"https:\/\/www.facebook.com\/profile.php?id=100090733639311\" \/>\n<meta property=\"article:modified_time\" content=\"2025-12-17T16:49:19+00:00\" \/>\n<meta property=\"og:image\" content=\"https:\/\/talkpal.ai\/wp-content\/uploads\/2023\/04\/south-korea.png\" \/>\n\t<meta property=\"og:image:width\" content=\"512\" \/>\n\t<meta property=\"og:image:height\" content=\"512\" \/>\n\t<meta property=\"og:image:type\" content=\"image\/png\" \/>\n<meta name=\"twitter:card\" content=\"summary_large_image\" \/>\n<meta name=\"twitter:site\" content=\"@talkpalai\" \/>\n<meta name=\"twitter:label1\" content=\"Est. reading time\" \/>\n\t<meta name=\"twitter:data1\" content=\"3 minutes\" \/>\n<script type=\"application\/ld+json\" class=\"yoast-schema-graph\">{\"@context\":\"https:\/\/schema.org\",\"@graph\":[{\"@type\":\"WebPage\",\"@id\":\"https:\/\/talkpal.ai\/mt\/ezercizzji-tal-grammatika-koreana\/\",\"url\":\"https:\/\/talkpal.ai\/mt\/ezercizzji-tal-grammatika-koreana\/\",\"name\":\"E\u017cer\u010bizzji tal-Grammatika Koreana - Talkpal\",\"isPartOf\":{\"@id\":\"https:\/\/talkpal.ai\/mt\/#website\"},\"primaryImageOfPage\":{\"@id\":\"https:\/\/talkpal.ai\/mt\/ezercizzji-tal-grammatika-koreana\/#primaryimage\"},\"image\":{\"@id\":\"https:\/\/talkpal.ai\/mt\/ezercizzji-tal-grammatika-koreana\/#primaryimage\"},\"thumbnailUrl\":\"https:\/\/talkpal.ai\/wp-content\/uploads\/2023\/04\/south-korea.png\",\"datePublished\":\"2023-06-16T10:27:33+00:00\",\"dateModified\":\"2025-12-17T16:49:19+00:00\",\"description\":\"Improve your Korean grammar easily - practice with interactive exercises, master language patterns, and build confidence\",\"breadcrumb\":{\"@id\":\"https:\/\/talkpal.ai\/mt\/ezercizzji-tal-grammatika-koreana\/#breadcrumb\"},\"inLanguage\":\"mt-MT\",\"potentialAction\":[{\"@type\":\"ReadAction\",\"target\":[\"https:\/\/talkpal.ai\/mt\/ezercizzji-tal-grammatika-koreana\/\"]}]},{\"@type\":\"ImageObject\",\"inLanguage\":\"mt-MT\",\"@id\":\"https:\/\/talkpal.ai\/mt\/ezercizzji-tal-grammatika-koreana\/#primaryimage\",\"url\":\"https:\/\/talkpal.ai\/wp-content\/uploads\/2023\/04\/south-korea.png\",\"contentUrl\":\"https:\/\/talkpal.ai\/wp-content\/uploads\/2023\/04\/south-korea.png\",\"width\":512,\"height\":512,\"caption\":\"TalkPal Catalan Flag\"},{\"@type\":\"BreadcrumbList\",\"@id\":\"https:\/\/talkpal.ai\/mt\/ezercizzji-tal-grammatika-koreana\/#breadcrumb\",\"itemListElement\":[{\"@type\":\"ListItem\",\"position\":1,\"name\":\"Homepage\",\"item\":\"https:\/\/talkpal.ai\/mt\/\"},{\"@type\":\"ListItem\",\"position\":2,\"name\":\"E\u017cer\u010bizzji tal-Grammatika Koreana\"}]},{\"@type\":\"WebSite\",\"@id\":\"https:\/\/talkpal.ai\/mt\/#website\",\"url\":\"https:\/\/talkpal.ai\/mt\/\",\"name\":\"Talkpal\",\"description\":\"AI Language Learning\",\"publisher\":{\"@id\":\"https:\/\/talkpal.ai\/mt\/#organization\"},\"alternateName\":\"Talkpal AI\",\"potentialAction\":[{\"@type\":\"SearchAction\",\"target\":{\"@type\":\"EntryPoint\",\"urlTemplate\":\"https:\/\/talkpal.ai\/mt\/?s={search_term_string}\"},\"query-input\":{\"@type\":\"PropertyValueSpecification\",\"valueRequired\":true,\"valueName\":\"search_term_string\"}}],\"inLanguage\":\"mt-MT\"},{\"@type\":\"Organization\",\"@id\":\"https:\/\/talkpal.ai\/mt\/#organization\",\"name\":\"Talkpal, Inc.\",\"alternateName\":\"Talkpal AI\",\"url\":\"https:\/\/talkpal.ai\/mt\/\",\"logo\":{\"@type\":\"ImageObject\",\"inLanguage\":\"mt-MT\",\"@id\":\"https:\/\/talkpal.ai\/mt\/#\/schema\/logo\/image\/\",\"url\":\"https:\/\/talkpal.ai\/wp-content\/uploads\/2024\/03\/Talkpal-Logo-Icon.png\",\"contentUrl\":\"https:\/\/talkpal.ai\/wp-content\/uploads\/2024\/03\/Talkpal-Logo-Icon.png\",\"width\":2880,\"height\":2880,\"caption\":\"Talkpal, Inc.\"},\"image\":{\"@id\":\"https:\/\/talkpal.ai\/mt\/#\/schema\/logo\/image\/\"},\"sameAs\":[\"https:\/\/www.facebook.com\/profile.php?id=100090733639311\",\"https:\/\/x.com\/talkpalai\",\"https:\/\/www.linkedin.com\/company\/talkpal\/\",\"https:\/\/www.youtube.com\/@TalkPal\/\",\"https:\/\/www.tiktok.com\/@talkpal\",\"https:\/\/www.instagram.com\/talkpal_ai\/\",\"https:\/\/www.crunchbase.com\/organization\/talkpal-9cde\",\"https:\/\/www.g2.com\/products\/talkpal-for-business\/\",\"https:\/\/www.trustpilot.com\/review\/talkpal.ai\",\"https:\/\/www.capterra.com\/p\/10006800\/TalkPal\/\"],\"description\":\"Talkpal is a language learning web and mobile education app, powered by the latest AI technologies, that provides engaging experiences to its customers in many different languages to help them improve their language skills. Users can chat about unlimited amount of topics with the app and use other modes to practice their language learning.\",\"email\":\"support@talkpal.ai\",\"legalName\":\"Talkpal, Inc.\",\"foundingDate\":\"2023-04-03\",\"duns\":\"118989042\",\"numberOfEmployees\":{\"@type\":\"QuantitativeValue\",\"minValue\":\"11\",\"maxValue\":\"50\"},\"publishingPrinciples\":\"https:\/\/talkpal.ai\/publishing-principles\/\",\"actionableFeedbackPolicy\":\"https:\/\/talkpal.ai\/actionable-feedback-policy\/\",\"correctionsPolicy\":\"https:\/\/talkpal.ai\/corrections-policy\/\",\"ethicsPolicy\":\"https:\/\/talkpal.ai\/ethics-policy\/\",\"diversityPolicy\":\"https:\/\/talkpal.ai\/diversity-policy\/\",\"diversityStaffingReport\":\"https:\/\/talkpal.ai\/diversity-policy\/\"}]}<\/script>\n<!-- \/ Yoast SEO Premium plugin. -->","yoast_head_json":{"title":"E\u017cer\u010bizzji tal-Grammatika Koreana - Talkpal","description":"Improve your Korean grammar easily - practice with interactive exercises, master language patterns, and build confidence","robots":{"index":"index","follow":"follow","max-snippet":"max-snippet:-1","max-image-preview":"max-image-preview:large","max-video-preview":"max-video-preview:-1"},"canonical":"https:\/\/talkpal.ai\/mt\/ezercizzji-tal-grammatika-koreana\/","og_locale":"mt_MT","og_type":"article","og_title":"E\u017cer\u010bizzji tal-Grammatika Koreana","og_description":"Su\u0121\u0121etti tal-Grammatika Koreana It-tag\u0127lim tal-Korean jista 'jkun esperjenza e\u010b\u010bitanti u ta' sodisfazzjon peress li jifta\u0127 opportunitajiet kulturali u","og_url":"https:\/\/talkpal.ai\/mt\/ezercizzji-tal-grammatika-koreana\/","og_site_name":"Talkpal","article_publisher":"https:\/\/www.facebook.com\/profile.php?id=100090733639311","article_modified_time":"2025-12-17T16:49:19+00:00","og_image":[{"width":512,"height":512,"url":"https:\/\/talkpal.ai\/wp-content\/uploads\/2023\/04\/south-korea.png","type":"image\/png"}],"twitter_card":"summary_large_image","twitter_site":"@talkpalai","twitter_misc":{"Est. reading time":"3 minutes"},"schema":{"@context":"https:\/\/schema.org","@graph":[{"@type":"WebPage","@id":"https:\/\/talkpal.ai\/mt\/ezercizzji-tal-grammatika-koreana\/","url":"https:\/\/talkpal.ai\/mt\/ezercizzji-tal-grammatika-koreana\/","name":"E\u017cer\u010bizzji tal-Grammatika Koreana - Talkpal","isPartOf":{"@id":"https:\/\/talkpal.ai\/mt\/#website"},"primaryImageOfPage":{"@id":"https:\/\/talkpal.ai\/mt\/ezercizzji-tal-grammatika-koreana\/#primaryimage"},"image":{"@id":"https:\/\/talkpal.ai\/mt\/ezercizzji-tal-grammatika-koreana\/#primaryimage"},"thumbnailUrl":"https:\/\/talkpal.ai\/wp-content\/uploads\/2023\/04\/south-korea.png","datePublished":"2023-06-16T10:27:33+00:00","dateModified":"2025-12-17T16:49:19+00:00","description":"Improve your Korean grammar easily - practice with interactive exercises, master language patterns, and build confidence","breadcrumb":{"@id":"https:\/\/talkpal.ai\/mt\/ezercizzji-tal-grammatika-koreana\/#breadcrumb"},"inLanguage":"mt-MT","potentialAction":[{"@type":"ReadAction","target":["https:\/\/talkpal.ai\/mt\/ezercizzji-tal-grammatika-koreana\/"]}]},{"@type":"ImageObject","inLanguage":"mt-MT","@id":"https:\/\/talkpal.ai\/mt\/ezercizzji-tal-grammatika-koreana\/#primaryimage","url":"https:\/\/talkpal.ai\/wp-content\/uploads\/2023\/04\/south-korea.png","contentUrl":"https:\/\/talkpal.ai\/wp-content\/uploads\/2023\/04\/south-korea.png","width":512,"height":512,"caption":"TalkPal Catalan Flag"},{"@type":"BreadcrumbList","@id":"https:\/\/talkpal.ai\/mt\/ezercizzji-tal-grammatika-koreana\/#breadcrumb","itemListElement":[{"@type":"ListItem","position":1,"name":"Homepage","item":"https:\/\/talkpal.ai\/mt\/"},{"@type":"ListItem","position":2,"name":"E\u017cer\u010bizzji tal-Grammatika Koreana"}]},{"@type":"WebSite","@id":"https:\/\/talkpal.ai\/mt\/#website","url":"https:\/\/talkpal.ai\/mt\/","name":"Talkpal","description":"AI Language Learning","publisher":{"@id":"https:\/\/talkpal.ai\/mt\/#organization"},"alternateName":"Talkpal AI","potentialAction":[{"@type":"SearchAction","target":{"@type":"EntryPoint","urlTemplate":"https:\/\/talkpal.ai\/mt\/?s={search_term_string}"},"query-input":{"@type":"PropertyValueSpecification","valueRequired":true,"valueName":"search_term_string"}}],"inLanguage":"mt-MT"},{"@type":"Organization","@id":"https:\/\/talkpal.ai\/mt\/#organization","name":"Talkpal, Inc.","alternateName":"Talkpal AI","url":"https:\/\/talkpal.ai\/mt\/","logo":{"@type":"ImageObject","inLanguage":"mt-MT","@id":"https:\/\/talkpal.ai\/mt\/#\/schema\/logo\/image\/","url":"https:\/\/talkpal.ai\/wp-content\/uploads\/2024\/03\/Talkpal-Logo-Icon.png","contentUrl":"https:\/\/talkpal.ai\/wp-content\/uploads\/2024\/03\/Talkpal-Logo-Icon.png","width":2880,"height":2880,"caption":"Talkpal, Inc."},"image":{"@id":"https:\/\/talkpal.ai\/mt\/#\/schema\/logo\/image\/"},"sameAs":["https:\/\/www.facebook.com\/profile.php?id=100090733639311","https:\/\/x.com\/talkpalai","https:\/\/www.linkedin.com\/company\/talkpal\/","https:\/\/www.youtube.com\/@TalkPal\/","https:\/\/www.tiktok.com\/@talkpal","https:\/\/www.instagram.com\/talkpal_ai\/","https:\/\/www.crunchbase.com\/organization\/talkpal-9cde","https:\/\/www.g2.com\/products\/talkpal-for-business\/","https:\/\/www.trustpilot.com\/review\/talkpal.ai","https:\/\/www.capterra.com\/p\/10006800\/TalkPal\/"],"description":"Talkpal is a language learning web and mobile education app, powered by the latest AI technologies, that provides engaging experiences to its customers in many different languages to help them improve their language skills. Users can chat about unlimited amount of topics with the app and use other modes to practice their language learning.","email":"support@talkpal.ai","legalName":"Talkpal, Inc.","foundingDate":"2023-04-03","duns":"118989042","numberOfEmployees":{"@type":"QuantitativeValue","minValue":"11","maxValue":"50"},"publishingPrinciples":"https:\/\/talkpal.ai\/publishing-principles\/","actionableFeedbackPolicy":"https:\/\/talkpal.ai\/actionable-feedback-policy\/","correctionsPolicy":"https:\/\/talkpal.ai\/corrections-policy\/","ethicsPolicy":"https:\/\/talkpal.ai\/ethics-policy\/","diversityPolicy":"https:\/\/talkpal.ai\/diversity-policy\/","diversityStaffingReport":"https:\/\/talkpal.ai\/diversity-policy\/"}]}},"_links":{"self":[{"href":"https:\/\/talkpal.ai\/mt\/wp-json\/wp\/v2\/pages\/1446401","targetHints":{"allow":["GET"]}}],"collection":[{"href":"https:\/\/talkpal.ai\/mt\/wp-json\/wp\/v2\/pages"}],"about":[{"href":"https:\/\/talkpal.ai\/mt\/wp-json\/wp\/v2\/types\/page"}],"author":[{"embeddable":true,"href":"https:\/\/talkpal.ai\/mt\/wp-json\/wp\/v2\/users\/6"}],"replies":[{"embeddable":true,"href":"https:\/\/talkpal.ai\/mt\/wp-json\/wp\/v2\/comments?post=1446401"}],"version-history":[{"count":0,"href":"https:\/\/talkpal.ai\/mt\/wp-json\/wp\/v2\/pages\/1446401\/revisions"}],"wp:featuredmedia":[{"embeddable":true,"href":"https:\/\/talkpal.ai\/mt\/wp-json\/wp\/v2\/media\/1439920"}],"wp:attachment":[{"href":"https:\/\/talkpal.ai\/mt\/wp-json\/wp\/v2\/media?parent=1446401"}],"curies":[{"name":"wp","href":"https:\/\/api.w.org\/{rel}","templated":true}]}}