{"id":1446389,"date":"2023-06-16T10:21:59","date_gmt":"2023-06-16T10:21:59","guid":{"rendered":"https:\/\/talkpal.ai\/ezercizzji-tal-grammatika-gappuniza\/"},"modified":"2025-12-17T16:56:16","modified_gmt":"2025-12-17T16:56:16","slug":"ezercizzji-tal-grammatika-gappuniza","status":"publish","type":"page","link":"https:\/\/talkpal.ai\/mt\/ezercizzji-tal-grammatika-gappuniza\/","title":{"rendered":"E\u017cer\u010bizzji tal-Grammatika \u0120appuni\u017ca"},"content":{"rendered":"\r\n\r\n\r\n<section class=\"languageChallengeSection\">\r\n    <div class=\"languageInfoWrapper\">\r\n        \r\n        <h1>E\u017cer\u010bizzji tal-Grammatika \u0120appuni\u017ca<\/h1>\r\n        <p>Lest biex tie\u0127u l-\u0120appuni\u017c tieg\u0127ek g\u0127al-livell li jmiss? Il-prattika tal-e\u017cer\u010bizzji tal-grammatika huwa mod meravilju\u017c biex tifhem il-mudelli tas-sentenzi, tu\u017ca parti\u010belli b&#039;mod korrett, u t\u0127ossok aktar id-dar mal-lingwa. Jump in, try out new grammar points, and see how each exercise brings you closer to fluency\u2014start practicing Japanese grammar today!<\/p>\r\n\r\n                            <a class=\"getStartedHidden\" href=\"https:\/\/app.talkpal.ai\/signup?lng=\">Ibda<\/a>\r\n        \r\n    <\/div>\r\n\r\n    <figure>\r\n    <img decoding=\"async\" width=\"768\" height=\"768\" src=\"https:\/\/talkpal.ai\/wp-content\/uploads\/2023\/06\/japanese-768x768.png\" class=\"languageImage no-lazy\" alt=\"Language learning for world travelers\" fetchpriority=\"high\" sizes=\"(max-width: 768px) 150px, 768px\" srcset=\"https:\/\/talkpal.ai\/wp-content\/uploads\/2023\/06\/japanese-768x768.png 768w, https:\/\/talkpal.ai\/wp-content\/uploads\/2023\/06\/japanese-300x300.png 300w\" \/>\r\n    \r\n\r\n    <\/figure>\r\n\r\n            <a class=\"getStartedVisible\" href=\"https:\/\/app.talkpal.ai\/signup?lng=\">Ibda<\/a>\r\n    \r\n<\/section>\r\n\r\n\r\n<!-- <section class=\"grammarSection\">\r\n    <div class=\"grammarLinks\">\r\n            <\/div>\r\n<\/section> -->\r\n\r\n\r\n\r\n\r\n<section class=\"promotionalBanner\">\r\n    <p class=\"promotionalText\">L-aktar mod effi\u010bjenti biex titg\u0127allem lingwa<\/p>\r\n    <a class=\"promotionalLink\" href=\"https:\/\/app.talkpal.ai\/signup?lng=\">Ipprova Talkpal b&#8217;xejn<\/a>\r\n<\/section>\n<div class=\"wp-block-group pageContainerStyle\"><div class=\"wp-block-group__inner-container is-layout-constrained wp-block-group-is-layout-constrained\">\n<h2 class=\"wp-block-heading\" id=\"h-japanese-grammar-topics\">Su\u0121\u0121etti tal-Grammatika \u0120appuni\u017ca<\/h2>\n\n\n\n<p>It-tag\u0127lim tal-\u0120appuni\u017c jista &#8216;jkun esperjenza e\u010b\u010bitanti u ta&#8217; sodisfazzjon, peress li jifta\u0127 dinja \u0121dida s\u0127i\u0127a ta &#8216;kultura, komunikazzjoni, u tkabbir personali. Il-lingwa \u0120appuni\u017ca g\u0127andha struttura unika u sistema <a href=\"https:\/\/talkpal.ai\/greek-grammar\/\">grammatika<\/a>, li tista &#8216;tidher skora\u0121\u0121anti g\u0127all-ewwel, i\u017cda tista&#8217; ti\u0121i mg\u0127allma permezz ta &#8216;prattika konsistenti u pjan ta&#8217; tag\u0127lim organizzat tajjeb. Sabiex niffa\u010bilitaw il-vja\u0121\u0121 tieg\u0127ek fid-dinja tal-\u0120appuni\u017c, a\u0127na raggruppajna s-su\u0121\u0121etti essenzjali tal-grammatika f&#8217;sekwenza li tg\u0127inek tibni pedament b&#8217;sa\u0127\u0127tu u timxi &#8216;l quddiem bla xkiel. Billi tiffoka fuq dawn l-elementi grammatika, tkun fi triqtek biex tikseb profi\u010bjenza fil-\u0120appuni\u017c.<\/p>\n\n\n\n<h3 class=\"wp-block-heading\" id=\"h-1-particles\">1. Parti\u010belli:<\/h3>\n\n\n\n<p>Il-parti\u010belli huma essenzjali fil-\u0120appuni\u017c, peress li jindikaw ir-relazzjoni bejn il-kliem f&#8217;sentenza. Huma jiffunzjonaw b\u0127al prepo\u017cizzjonijiet u postpo\u017cizzjonijiet f&#8217;lingwi o\u0127ra. It-tag\u0127lim ta &#8216;parti\u010belli b\u0127al \u306f (wa), \u304c (ga), \u3092 (wo), \u306b (ni), \u3067 (de), u \u3068 (to) jg\u0127inek tifforma sentenzi ba\u017ci\u010bi u tifhem il-funzjoni ta &#8216;kull kelma.<\/p>\n\n\n\n<h3 class=\"wp-block-heading\" id=\"h-2-nouns\">2. Nomi:<\/h3>\n\n\n\n<p>Familjarizza ru\u0127ek ma &#8216;nomi komuni jippermettilek tibda tibni l-vokabularju tieg\u0127ek. In-nomi \u0120appuni\u017ci m&#8217;g\u0127andhomx sess, numru, jew artikli, li jissimplifika l-pro\u010bess tat-tag\u0127lim.<\/p>\n\n\n\n<h3 class=\"wp-block-heading\" id=\"h-3-pronouns\">3. Pronomi:<\/h3>\n\n\n\n<p>Il-pronomi \u0120appuni\u017ci jintu\u017caw biex jirreferu g\u0127al nies u affarijiet. Xi pronomi komuni jinkludu \u79c1 (watashi &#8211; I), \u3042\u306a\u305f (anata &#8211; int), \u5f7c (kare &#8211; hu), \u5f7c\u5973 (kanojo &#8211; hi), u \u305d\u308c (u\u0121ig\u0127 &#8211; dak).<\/p>\n\n\n\n<h3 class=\"wp-block-heading\" id=\"h-4-verb-conjugation\">4. Konjugazzjoni tal-Verb:<\/h3>\n\n\n\n<p>Il-verbi \u0120appuni\u017ci g\u0127andhom konjugazzjonijiet differenti bba\u017cati fuq it-temp, l-edukazzjoni, u fatturi o\u0127ra. It-tag\u0127lim tal-forom ba\u017ci\u010bi tal-verb, b\u0127all-forma tad-dizzjunarju, il-forma -masu, u l-forma -te, jg\u0127inek tesprimi diversi azzjonijiet u stati.<\/p>\n\n\n\n<h3 class=\"wp-block-heading\" id=\"h-5-tenses\">5. Tempi:<\/h3>\n\n\n\n<p>Il-\u0120appuni\u017c g\u0127andu temporani passati u mhux passati, b&#8217;dan tal-a\u0127\u0127ar jintu\u017ca g\u0127al azzjonijiet pre\u017centi u futuri. Li tifhem kif tikkonjuga l-verbi f&#8217;dawn it-tempi tg\u0127inek tesprimi l-\u0127in b&#8217;mod pre\u010bi\u017c.<\/p>\n\n\n\n<h3 class=\"wp-block-heading\" id=\"h-6-adjectives\">6. A\u0121\u0121ettivi:<\/h3>\n\n\n\n<p>L-a\u0121\u0121ettivi \u0120appuni\u017ci huma maqsuma f&#8217;\u017cew\u0121 gruppi: i-a\u0121\u0121ettivi u na-a\u0121\u0121ettivi. It-tag\u0127lim tar-regoli tal-konjugazzjoni tag\u0127hom u kif tu\u017cahom f&#8217;sentenzi jg\u0127inek tiddeskrivi o\u0121\u0121etti, nies u sitwazzjonijiet.<\/p>\n\n\n\n<h3 class=\"wp-block-heading\" id=\"h-7-adverbs\">7. Avverbji:<\/h3>\n\n\n\n<p>L-avverbji jimmodifikaw il-verbi, l-a\u0121\u0121ettivi, u avverbji o\u0127ra, u j\u017cidu sfumaturi mas-sentenzi tieg\u0127ek. L-avverbji \u0120appuni\u017ci komuni jinkludu \u901f\u304f (hayaku &#8211; malajr), \u3086\u3063\u304f\u308a (yukkuri &#8211; bil-mod), u \u3068\u3066\u3082 (totemo &#8211; \u0127afna).<\/p>\n\n\n\n<h3 class=\"wp-block-heading\" id=\"h-8-prepositions\">8. Prepo\u017cizzjonijiet:<\/h3>\n\n\n\n<p>Filwaqt li l-\u0120appuni\u017c m&#8217;g\u0127andux prepo\u017cizzjonijiet bl-istess mod b\u0127all-<a href=\"https:\/\/talkpal.ai\/learn-english-with-ai\/\">Ingli\u017c<\/a>, xi parti\u010belli jiffunzjonaw bl-istess mod. It-tag\u0127lim ta &#8216;dawn il-parti\u010belli u l-u\u017ci tag\u0127hom jg\u0127inek tesprimi relazzjonijiet spazjali u temporali.<\/p>\n\n\n\n<h3 class=\"wp-block-heading\" id=\"h-9-conjunctions\">9. Kon\u0121unti:<\/h3>\n\n\n\n<p>Il-kon\u0121unzjonijiet jintu\u017caw biex jg\u0127aqqdu kliem, fra\u017cijiet, u klawsoli. Kon\u0121unzjonijiet \u0120appuni\u017ci komuni jinkludu \u305d\u3057\u3066 (soshite &#8211; u), \u3057\u304b\u3057 (shikashi &#8211; madankollu), u \u3060\u304b\u3089 (dakara &#8211; g\u0127alhekk).<\/p>\n\n\n\n<h3 class=\"wp-block-heading\" id=\"h-10-sentence-structure\">10. Struttura tas-Sentenza:<\/h3>\n\n\n\n<p>Il-\u0120appuni\u017c isegwi struttura ta&#8217; sentenza su\u0121\u0121ett-o\u0121\u0121ett-verb (SOV). Il-fehim ta &#8216;din l-istruttura u mudelli o\u0127ra ta&#8217; sentenzi jg\u0127inuk to\u0127loq sentenzi pre\u010bi\u017ci u kumplessi.<\/p>\n\n\n\n<h3 class=\"wp-block-heading\" id=\"h-11-honorifics\">11. Onorifi\u010bi:<\/h3>\n\n\n\n<p>Il-\u0120appuni\u017c g\u0127andu sistema kumplessa ta &#8216;onorifi\u010bi li jesprimu <a href=\"https:\/\/talkpal.ai\/talkpal-for-education\/\">edukazzjoni<\/a> u rispett. It-tag\u0127lim tal-affarijiet ba\u017ci\u010bi tad-diskors onorifiku, b\u0127all-u\u017cu ta &#8216;\u3067\u3059 (desu) u \u307e\u3059 (masu), jg\u0127inek tinnaviga f&#8217;sitwazzjonijiet so\u010bjali.<\/p>\n\n\n\n<h3 class=\"wp-block-heading\" id=\"h-12-expressions\">12. Espressjonijiet:<\/h3>\n\n\n\n<p>Familjarizza ru\u0127ek ma &#8216;espressjonijiet u idjomi \u0120appuni\u017ci komuni jg\u0127inek tinstema &#8216;aktar naturali u fluwenti fil-konversazzjoni.<\/p>\n\n\n\n<h3 class=\"wp-block-heading\" id=\"h-13-numbers\">13. Numri:<\/h3>\n\n\n\n<p>Il-\u0120appuni\u017c g\u0127andu sistema ta &#8216;numri unika, b&#8217;counters differenti g\u0127al diversi o\u0121\u0121etti. It-tag\u0127lim kif tg\u0127odd u ju\u017ca n-numri fil-kuntest huwa essenzjali g\u0127all-komunikazzjoni ta&#8217; kuljum.<\/p>\n\n\n\n<h3 class=\"wp-block-heading\" id=\"h-14-verbs\">14. Verbi:<\/h3>\n\n\n\n<p>Fl-a\u0127\u0127arnett, l-espansjoni tal-vokabularju tal-verb tieg\u0127ek tippermettilek tesprimi firxa wiesg\u0127a ta &#8216;azzjonijiet u stati, li jippermettulek tikkomunika b&#8217;mod aktar effettiv bil-\u0120appuni\u017c.<\/p>\n<\/div><\/div>\n\r\n<section class=\"learnNavigationSection\">\r\n            \r\n        <a href=\"https:\/\/talkpal.ai\/mt\/tghallem-il-gappuniz\/\">\r\n            <div class=\"learnNavigationWrapper\">\r\n                <div class=\"learnNavigationContent\">\r\n                    <img decoding=\"async\" src=\"https:\/\/talkpal.ai\/wp-content\/uploads\/2024\/08\/Japanese.jpg\" alt=\"Japanese Flag\">\r\n                    <div>\r\n                        <h4>Dwar it-Tag\u0127lim \u0120appuni\u017c<\/h4>\r\n                        <p>Sir af kollox dwar il-grammatika \u0120appuni\u017ca.<\/p>\r\n                    <\/div>\r\n                <\/div>\r\n            <\/div>\r\n        <\/a>\r\n\r\n        \r\n        <a href=\"https:\/\/talkpal.ai\/mt\/grammatika-gappuniza\/\">\r\n            <div class=\"learnNavigationWrapper\">\r\n                <div class=\"learnNavigationContent\">\r\n                    <img decoding=\"async\" src=\"https:\/\/talkpal.ai\/wp-content\/uploads\/2024\/08\/Japanese.jpg\" alt=\"Japanese Flag\">\r\n                    <div>\r\n                        <h4>Lezzjonijiet tal-Grammatika \u0120appuni\u017ca<\/h4>\r\n                        <p>Prattika grammatika \u0120appuni\u017ca.<\/p>\r\n                    <\/div>\r\n                <\/div>\r\n            <\/div>\r\n        <\/a>\r\n\r\n        \r\n        <a href=\"https:\/\/talkpal.ai\/vocabulary_language\/japanese\/\">\r\n            <div class=\"learnNavigationWrapper\">\r\n                <div class=\"learnNavigationContent\">\r\n                    <img decoding=\"async\" src=\"https:\/\/talkpal.ai\/wp-content\/uploads\/2024\/08\/Japanese.jpg\" alt=\"Japanese Flag\">\r\n                    <div>\r\n                        <h4>Vokabularju \u0120appuni\u017c<\/h4>\r\n                        <p>Espandi l-vokabularju \u0120appuni\u017c tieg\u0127ek.<\/p>\r\n                    <\/div>\r\n                <\/div>\r\n            <\/div>\r\n        <\/a>\r\n\r\n            <\/section>","protected":false},"excerpt":{"rendered":"<p>Su\u0121\u0121etti tal-Grammatika \u0120appuni\u017ca It-tag\u0127lim tal-\u0120appuni\u017c jista &#8216;jkun esperjenza e\u010b\u010bitanti u ta&#8217; sodisfazzjon, peress li jifta\u0127 dinja \u0121dida s\u0127i\u0127a ta &#8216;kultura, komunikazzjoni, u tkabbir personali. Il-lingwa \u0120appuni\u017ca g\u0127andha struttura unika u sistema grammatika, li tista &#8216;tidher skora\u0121\u0121anti g\u0127all-ewwel, i\u017cda tista&#8217; ti\u0121i mg\u0127allma permezz ta &#8216;prattika konsistenti u pjan ta&#8217; tag\u0127lim organizzat tajjeb. Sabiex niffa\u010bilitaw il-vja\u0121\u0121 tieg\u0127ek [&hellip;]<\/p>\n","protected":false},"author":6,"featured_media":1441471,"parent":0,"menu_order":0,"comment_status":"closed","ping_status":"closed","template":"LearningContentPage.php","meta":{"_acf_changed":false,"footnotes":""},"class_list":["post-1446389","page","type-page","status-publish","has-post-thumbnail","hentry"],"acf":[],"yoast_head":"<!-- This site is optimized with the Yoast SEO Premium plugin v27.2 (Yoast SEO v27.2) - https:\/\/yoast.com\/product\/yoast-seo-premium-wordpress\/ -->\n<title>E\u017cer\u010bizzji tal-Grammatika \u0120appuni\u017ca - Talkpal<\/title>\n<meta name=\"description\" content=\"Ittejjeb il-\u0127iliet grammatikali \u0120appuni\u017ca tieg\u0127ek - kaptan l-istrutturi tas-sentenzi, ipprattika attivitajiet interattivi, u tag\u0127ti spinta lill-fluwenza\" \/>\n<meta name=\"robots\" content=\"index, follow, max-snippet:-1, max-image-preview:large, max-video-preview:-1\" \/>\n<link rel=\"canonical\" href=\"https:\/\/talkpal.ai\/mt\/ezercizzji-tal-grammatika-gappuniza\/\" \/>\n<meta property=\"og:locale\" content=\"mt_MT\" \/>\n<meta property=\"og:type\" content=\"article\" \/>\n<meta property=\"og:title\" content=\"E\u017cer\u010bizzji tal-Grammatika \u0120appuni\u017ca\" \/>\n<meta property=\"og:description\" content=\"Su\u0121\u0121etti tal-Grammatika \u0120appuni\u017ca It-tag\u0127lim tal-\u0120appuni\u017c jista &#039;jkun esperjenza e\u010b\u010bitanti u ta&#039; sodisfazzjon, peress li jifta\u0127 dinja \u0121dida s\u0127i\u0127a ta\" \/>\n<meta property=\"og:url\" content=\"https:\/\/talkpal.ai\/mt\/ezercizzji-tal-grammatika-gappuniza\/\" \/>\n<meta property=\"og:site_name\" content=\"Talkpal\" \/>\n<meta property=\"article:publisher\" content=\"https:\/\/www.facebook.com\/profile.php?id=100090733639311\" \/>\n<meta property=\"article:modified_time\" content=\"2025-12-17T16:56:16+00:00\" \/>\n<meta property=\"og:image\" content=\"https:\/\/talkpal.ai\/wp-content\/uploads\/2023\/04\/japan.png\" \/>\n\t<meta property=\"og:image:width\" content=\"512\" \/>\n\t<meta property=\"og:image:height\" content=\"512\" \/>\n\t<meta property=\"og:image:type\" content=\"image\/png\" \/>\n<meta name=\"twitter:card\" content=\"summary_large_image\" \/>\n<meta name=\"twitter:site\" content=\"@talkpalai\" \/>\n<meta name=\"twitter:label1\" content=\"Est. reading time\" \/>\n\t<meta name=\"twitter:data1\" content=\"3 minutes\" \/>\n<script type=\"application\/ld+json\" class=\"yoast-schema-graph\">{\"@context\":\"https:\/\/schema.org\",\"@graph\":[{\"@type\":\"WebPage\",\"@id\":\"https:\/\/talkpal.ai\/mt\/ezercizzji-tal-grammatika-gappuniza\/\",\"url\":\"https:\/\/talkpal.ai\/mt\/ezercizzji-tal-grammatika-gappuniza\/\",\"name\":\"E\u017cer\u010bizzji tal-Grammatika \u0120appuni\u017ca - Talkpal\",\"isPartOf\":{\"@id\":\"https:\/\/talkpal.ai\/mt\/#website\"},\"primaryImageOfPage\":{\"@id\":\"https:\/\/talkpal.ai\/mt\/ezercizzji-tal-grammatika-gappuniza\/#primaryimage\"},\"image\":{\"@id\":\"https:\/\/talkpal.ai\/mt\/ezercizzji-tal-grammatika-gappuniza\/#primaryimage\"},\"thumbnailUrl\":\"https:\/\/talkpal.ai\/wp-content\/uploads\/2023\/04\/japan.png\",\"datePublished\":\"2023-06-16T10:21:59+00:00\",\"dateModified\":\"2025-12-17T16:56:16+00:00\",\"description\":\"Ittejjeb il-\u0127iliet grammatikali \u0120appuni\u017ca tieg\u0127ek - kaptan l-istrutturi tas-sentenzi, ipprattika attivitajiet interattivi, u tag\u0127ti spinta lill-fluwenza\",\"breadcrumb\":{\"@id\":\"https:\/\/talkpal.ai\/mt\/ezercizzji-tal-grammatika-gappuniza\/#breadcrumb\"},\"inLanguage\":\"mt-MT\",\"potentialAction\":[{\"@type\":\"ReadAction\",\"target\":[\"https:\/\/talkpal.ai\/mt\/ezercizzji-tal-grammatika-gappuniza\/\"]}]},{\"@type\":\"ImageObject\",\"inLanguage\":\"mt-MT\",\"@id\":\"https:\/\/talkpal.ai\/mt\/ezercizzji-tal-grammatika-gappuniza\/#primaryimage\",\"url\":\"https:\/\/talkpal.ai\/wp-content\/uploads\/2023\/04\/japan.png\",\"contentUrl\":\"https:\/\/talkpal.ai\/wp-content\/uploads\/2023\/04\/japan.png\",\"width\":512,\"height\":512,\"caption\":\"TalkPal Catalan Flag\"},{\"@type\":\"BreadcrumbList\",\"@id\":\"https:\/\/talkpal.ai\/mt\/ezercizzji-tal-grammatika-gappuniza\/#breadcrumb\",\"itemListElement\":[{\"@type\":\"ListItem\",\"position\":1,\"name\":\"Homepage\",\"item\":\"https:\/\/talkpal.ai\/mt\/\"},{\"@type\":\"ListItem\",\"position\":2,\"name\":\"E\u017cer\u010bizzji tal-Grammatika \u0120appuni\u017ca\"}]},{\"@type\":\"WebSite\",\"@id\":\"https:\/\/talkpal.ai\/mt\/#website\",\"url\":\"https:\/\/talkpal.ai\/mt\/\",\"name\":\"Talkpal\",\"description\":\"AI Language Learning\",\"publisher\":{\"@id\":\"https:\/\/talkpal.ai\/mt\/#organization\"},\"alternateName\":\"Talkpal AI\",\"potentialAction\":[{\"@type\":\"SearchAction\",\"target\":{\"@type\":\"EntryPoint\",\"urlTemplate\":\"https:\/\/talkpal.ai\/mt\/?s={search_term_string}\"},\"query-input\":{\"@type\":\"PropertyValueSpecification\",\"valueRequired\":true,\"valueName\":\"search_term_string\"}}],\"inLanguage\":\"mt-MT\"},{\"@type\":\"Organization\",\"@id\":\"https:\/\/talkpal.ai\/mt\/#organization\",\"name\":\"Talkpal, Inc.\",\"alternateName\":\"Talkpal AI\",\"url\":\"https:\/\/talkpal.ai\/mt\/\",\"logo\":{\"@type\":\"ImageObject\",\"inLanguage\":\"mt-MT\",\"@id\":\"https:\/\/talkpal.ai\/mt\/#\/schema\/logo\/image\/\",\"url\":\"https:\/\/talkpal.ai\/wp-content\/uploads\/2024\/03\/Talkpal-Logo-Icon.png\",\"contentUrl\":\"https:\/\/talkpal.ai\/wp-content\/uploads\/2024\/03\/Talkpal-Logo-Icon.png\",\"width\":2880,\"height\":2880,\"caption\":\"Talkpal, Inc.\"},\"image\":{\"@id\":\"https:\/\/talkpal.ai\/mt\/#\/schema\/logo\/image\/\"},\"sameAs\":[\"https:\/\/www.facebook.com\/profile.php?id=100090733639311\",\"https:\/\/x.com\/talkpalai\",\"https:\/\/www.linkedin.com\/company\/talkpal\/\",\"https:\/\/www.youtube.com\/@TalkPal\/\",\"https:\/\/www.tiktok.com\/@talkpal\",\"https:\/\/www.instagram.com\/talkpal_ai\/\",\"https:\/\/www.crunchbase.com\/organization\/talkpal-9cde\",\"https:\/\/www.g2.com\/products\/talkpal-for-business\/\",\"https:\/\/www.trustpilot.com\/review\/talkpal.ai\",\"https:\/\/www.capterra.com\/p\/10006800\/TalkPal\/\"],\"description\":\"Talkpal is a language learning web and mobile education app, powered by the latest AI technologies, that provides engaging experiences to its customers in many different languages to help them improve their language skills. Users can chat about unlimited amount of topics with the app and use other modes to practice their language learning.\",\"email\":\"support@talkpal.ai\",\"legalName\":\"Talkpal, Inc.\",\"foundingDate\":\"2023-04-03\",\"duns\":\"118989042\",\"numberOfEmployees\":{\"@type\":\"QuantitativeValue\",\"minValue\":\"11\",\"maxValue\":\"50\"},\"publishingPrinciples\":\"https:\/\/talkpal.ai\/publishing-principles\/\",\"actionableFeedbackPolicy\":\"https:\/\/talkpal.ai\/actionable-feedback-policy\/\",\"correctionsPolicy\":\"https:\/\/talkpal.ai\/corrections-policy\/\",\"ethicsPolicy\":\"https:\/\/talkpal.ai\/ethics-policy\/\",\"diversityPolicy\":\"https:\/\/talkpal.ai\/diversity-policy\/\",\"diversityStaffingReport\":\"https:\/\/talkpal.ai\/diversity-policy\/\"}]}<\/script>\n<!-- \/ Yoast SEO Premium plugin. -->","yoast_head_json":{"title":"E\u017cer\u010bizzji tal-Grammatika \u0120appuni\u017ca - Talkpal","description":"Ittejjeb il-\u0127iliet grammatikali \u0120appuni\u017ca tieg\u0127ek - kaptan l-istrutturi tas-sentenzi, ipprattika attivitajiet interattivi, u tag\u0127ti spinta lill-fluwenza","robots":{"index":"index","follow":"follow","max-snippet":"max-snippet:-1","max-image-preview":"max-image-preview:large","max-video-preview":"max-video-preview:-1"},"canonical":"https:\/\/talkpal.ai\/mt\/ezercizzji-tal-grammatika-gappuniza\/","og_locale":"mt_MT","og_type":"article","og_title":"E\u017cer\u010bizzji tal-Grammatika \u0120appuni\u017ca","og_description":"Su\u0121\u0121etti tal-Grammatika \u0120appuni\u017ca It-tag\u0127lim tal-\u0120appuni\u017c jista 'jkun esperjenza e\u010b\u010bitanti u ta' sodisfazzjon, peress li jifta\u0127 dinja \u0121dida s\u0127i\u0127a ta","og_url":"https:\/\/talkpal.ai\/mt\/ezercizzji-tal-grammatika-gappuniza\/","og_site_name":"Talkpal","article_publisher":"https:\/\/www.facebook.com\/profile.php?id=100090733639311","article_modified_time":"2025-12-17T16:56:16+00:00","og_image":[{"width":512,"height":512,"url":"https:\/\/talkpal.ai\/wp-content\/uploads\/2023\/04\/japan.png","type":"image\/png"}],"twitter_card":"summary_large_image","twitter_site":"@talkpalai","twitter_misc":{"Est. reading time":"3 minutes"},"schema":{"@context":"https:\/\/schema.org","@graph":[{"@type":"WebPage","@id":"https:\/\/talkpal.ai\/mt\/ezercizzji-tal-grammatika-gappuniza\/","url":"https:\/\/talkpal.ai\/mt\/ezercizzji-tal-grammatika-gappuniza\/","name":"E\u017cer\u010bizzji tal-Grammatika \u0120appuni\u017ca - Talkpal","isPartOf":{"@id":"https:\/\/talkpal.ai\/mt\/#website"},"primaryImageOfPage":{"@id":"https:\/\/talkpal.ai\/mt\/ezercizzji-tal-grammatika-gappuniza\/#primaryimage"},"image":{"@id":"https:\/\/talkpal.ai\/mt\/ezercizzji-tal-grammatika-gappuniza\/#primaryimage"},"thumbnailUrl":"https:\/\/talkpal.ai\/wp-content\/uploads\/2023\/04\/japan.png","datePublished":"2023-06-16T10:21:59+00:00","dateModified":"2025-12-17T16:56:16+00:00","description":"Ittejjeb il-\u0127iliet grammatikali \u0120appuni\u017ca tieg\u0127ek - kaptan l-istrutturi tas-sentenzi, ipprattika attivitajiet interattivi, u tag\u0127ti spinta lill-fluwenza","breadcrumb":{"@id":"https:\/\/talkpal.ai\/mt\/ezercizzji-tal-grammatika-gappuniza\/#breadcrumb"},"inLanguage":"mt-MT","potentialAction":[{"@type":"ReadAction","target":["https:\/\/talkpal.ai\/mt\/ezercizzji-tal-grammatika-gappuniza\/"]}]},{"@type":"ImageObject","inLanguage":"mt-MT","@id":"https:\/\/talkpal.ai\/mt\/ezercizzji-tal-grammatika-gappuniza\/#primaryimage","url":"https:\/\/talkpal.ai\/wp-content\/uploads\/2023\/04\/japan.png","contentUrl":"https:\/\/talkpal.ai\/wp-content\/uploads\/2023\/04\/japan.png","width":512,"height":512,"caption":"TalkPal Catalan Flag"},{"@type":"BreadcrumbList","@id":"https:\/\/talkpal.ai\/mt\/ezercizzji-tal-grammatika-gappuniza\/#breadcrumb","itemListElement":[{"@type":"ListItem","position":1,"name":"Homepage","item":"https:\/\/talkpal.ai\/mt\/"},{"@type":"ListItem","position":2,"name":"E\u017cer\u010bizzji tal-Grammatika \u0120appuni\u017ca"}]},{"@type":"WebSite","@id":"https:\/\/talkpal.ai\/mt\/#website","url":"https:\/\/talkpal.ai\/mt\/","name":"Talkpal","description":"AI Language Learning","publisher":{"@id":"https:\/\/talkpal.ai\/mt\/#organization"},"alternateName":"Talkpal AI","potentialAction":[{"@type":"SearchAction","target":{"@type":"EntryPoint","urlTemplate":"https:\/\/talkpal.ai\/mt\/?s={search_term_string}"},"query-input":{"@type":"PropertyValueSpecification","valueRequired":true,"valueName":"search_term_string"}}],"inLanguage":"mt-MT"},{"@type":"Organization","@id":"https:\/\/talkpal.ai\/mt\/#organization","name":"Talkpal, Inc.","alternateName":"Talkpal AI","url":"https:\/\/talkpal.ai\/mt\/","logo":{"@type":"ImageObject","inLanguage":"mt-MT","@id":"https:\/\/talkpal.ai\/mt\/#\/schema\/logo\/image\/","url":"https:\/\/talkpal.ai\/wp-content\/uploads\/2024\/03\/Talkpal-Logo-Icon.png","contentUrl":"https:\/\/talkpal.ai\/wp-content\/uploads\/2024\/03\/Talkpal-Logo-Icon.png","width":2880,"height":2880,"caption":"Talkpal, Inc."},"image":{"@id":"https:\/\/talkpal.ai\/mt\/#\/schema\/logo\/image\/"},"sameAs":["https:\/\/www.facebook.com\/profile.php?id=100090733639311","https:\/\/x.com\/talkpalai","https:\/\/www.linkedin.com\/company\/talkpal\/","https:\/\/www.youtube.com\/@TalkPal\/","https:\/\/www.tiktok.com\/@talkpal","https:\/\/www.instagram.com\/talkpal_ai\/","https:\/\/www.crunchbase.com\/organization\/talkpal-9cde","https:\/\/www.g2.com\/products\/talkpal-for-business\/","https:\/\/www.trustpilot.com\/review\/talkpal.ai","https:\/\/www.capterra.com\/p\/10006800\/TalkPal\/"],"description":"Talkpal is a language learning web and mobile education app, powered by the latest AI technologies, that provides engaging experiences to its customers in many different languages to help them improve their language skills. Users can chat about unlimited amount of topics with the app and use other modes to practice their language learning.","email":"support@talkpal.ai","legalName":"Talkpal, Inc.","foundingDate":"2023-04-03","duns":"118989042","numberOfEmployees":{"@type":"QuantitativeValue","minValue":"11","maxValue":"50"},"publishingPrinciples":"https:\/\/talkpal.ai\/publishing-principles\/","actionableFeedbackPolicy":"https:\/\/talkpal.ai\/actionable-feedback-policy\/","correctionsPolicy":"https:\/\/talkpal.ai\/corrections-policy\/","ethicsPolicy":"https:\/\/talkpal.ai\/ethics-policy\/","diversityPolicy":"https:\/\/talkpal.ai\/diversity-policy\/","diversityStaffingReport":"https:\/\/talkpal.ai\/diversity-policy\/"}]}},"_links":{"self":[{"href":"https:\/\/talkpal.ai\/mt\/wp-json\/wp\/v2\/pages\/1446389","targetHints":{"allow":["GET"]}}],"collection":[{"href":"https:\/\/talkpal.ai\/mt\/wp-json\/wp\/v2\/pages"}],"about":[{"href":"https:\/\/talkpal.ai\/mt\/wp-json\/wp\/v2\/types\/page"}],"author":[{"embeddable":true,"href":"https:\/\/talkpal.ai\/mt\/wp-json\/wp\/v2\/users\/6"}],"replies":[{"embeddable":true,"href":"https:\/\/talkpal.ai\/mt\/wp-json\/wp\/v2\/comments?post=1446389"}],"version-history":[{"count":0,"href":"https:\/\/talkpal.ai\/mt\/wp-json\/wp\/v2\/pages\/1446389\/revisions"}],"wp:featuredmedia":[{"embeddable":true,"href":"https:\/\/talkpal.ai\/mt\/wp-json\/wp\/v2\/media\/1441471"}],"wp:attachment":[{"href":"https:\/\/talkpal.ai\/mt\/wp-json\/wp\/v2\/media?parent=1446389"}],"curies":[{"name":"wp","href":"https:\/\/api.w.org\/{rel}","templated":true}]}}