{"id":1446386,"date":"2023-06-16T10:51:16","date_gmt":"2023-06-16T10:51:16","guid":{"rendered":"https:\/\/talkpal.ai\/ezercizzji-tal-grammatika-ukraina\/"},"modified":"2025-12-17T16:21:19","modified_gmt":"2025-12-17T16:21:19","slug":"ezercizzji-tal-grammatika-ukraina","status":"publish","type":"page","link":"https:\/\/talkpal.ai\/mt\/ezercizzji-tal-grammatika-ukraina\/","title":{"rendered":"E\u017cer\u010bizzji tal-Grammatika Ukraina"},"content":{"rendered":"\r\n\r\n\r\n<section class=\"languageChallengeSection\">\r\n    <div class=\"languageInfoWrapper\">\r\n        \r\n        <h1>E\u017cer\u010bizzji tal-Grammatika Ukraina<\/h1>\r\n        <p>Trid tie\u0127u l-\u0127iliet Ukraini tieg\u0127ek g\u0127al-livell li jmiss? Il-prattika tal-e\u017cer\u010bizzji tal-grammatika hija mod ewlieni biex tikkontrolla l-istruttura tas-sentenza, il-forom tal-verb, u l-mudelli uni\u010bi tal-lingwa <a href=\"https:\/\/talkpal.ai\/learn-ukrainian\/\">Ukraina<\/a>. Ibda ta\u0127dem fuq il-grammatika Ukraina llum u ara l-kunfidenza u l-fluwenza tieg\u0127ek jikbru ma &#039;kull e\u017cer\u010bizzju!<\/p>\r\n\r\n                            <a class=\"getStartedHidden\" href=\"https:\/\/app.talkpal.ai\/signup?lng=\">Ibda<\/a>\r\n        \r\n    <\/div>\r\n\r\n    <figure>\r\n    <img decoding=\"async\" width=\"768\" height=\"768\" src=\"https:\/\/talkpal.ai\/wp-content\/uploads\/2023\/06\/Ukrainian-768x768.png\" class=\"languageImage no-lazy\" alt=\"Language learning - Your doorway to the world\" fetchpriority=\"high\" sizes=\"(max-width: 768px) 150px, 768px\" srcset=\"https:\/\/talkpal.ai\/wp-content\/uploads\/2023\/06\/Ukrainian-768x768.png 768w, https:\/\/talkpal.ai\/wp-content\/uploads\/2023\/06\/Ukrainian-300x300.png 300w\" \/>\r\n    \r\n\r\n    <\/figure>\r\n\r\n            <a class=\"getStartedVisible\" href=\"https:\/\/app.talkpal.ai\/signup?lng=\">Ibda<\/a>\r\n    \r\n<\/section>\r\n\r\n\r\n<!-- <section class=\"grammarSection\">\r\n    <div class=\"grammarLinks\">\r\n            <\/div>\r\n<\/section> -->\r\n\r\n\r\n\r\n\r\n<section class=\"promotionalBanner\">\r\n    <p class=\"promotionalText\">L-aktar mod effi\u010bjenti biex titg\u0127allem lingwa<\/p>\r\n    <a class=\"promotionalLink\" href=\"https:\/\/app.talkpal.ai\/signup?lng=\">Ipprova Talkpal b&#8217;xejn<\/a>\r\n<\/section>\n<div class=\"wp-block-group pageContainerStyle\"><div class=\"wp-block-group__inner-container is-layout-constrained wp-block-group-is-layout-constrained\">\n<h2 class=\"wp-block-heading\" id=\"h-ukrainian-grammar-topics\">Su\u0121\u0121etti tal-Grammatika tal-Ukrajna<\/h2>\n\n\n\n<p>It-tag\u0127lim ta &#8216;lingwa \u0121dida jista&#8217; jkun sforz e\u010b\u010bitanti i\u017cda ta &#8216;sfida, u l-lingwa Ukraina mhix e\u010b\u010bezzjoni. L-Ukrain, lingwa Slava tal-Lvant, hija l-lingwa uffi\u010bjali tal-Ukrajna u tifta\u0127ar bi storja rikka u struttura grammatikali diversa. Hekk kif tibda l-vja\u0121\u0121 tieg\u0127ek biex issir profi\u010bjenti fl-Ukrain, hemm diversi su\u0121\u0121etti grammatikali ewlenin li jkollok b\u017conn tikkontrolla, inklu\u017ci tempi, verbi, nomi, artikli, pronomi, a\u0121\u0121ettivi, avverbji, prepo\u017cizzjonijiet, u struttura tas-sentenza. Il-fehim u l-applikazzjoni korretta ta&#8217; dawn ir-regoli tal-grammatika se jtejjeb b&#8217;mod sinifikanti l-\u0127effa tieg\u0127ek fil-lingwa. Allura, ejja nid\u0127lu f&#8217;kull su\u0121\u0121ett u nesploraw is-sekwenza li fiha g\u0127andek titg\u0127allem.<\/p>\n\n\n\n<h3 class=\"wp-block-heading\" id=\"h-1-nouns\">1. Nomi:<\/h3>\n\n\n\n<p>Ibda billi titg\u0127allem nomi Ukraini peress li huma l-pedament tal-lingwa. Familjarizza ru\u0127ek mal-\u0121eneru tag\u0127hom (maskili, femminili, u neuter) u l-forom plurali tag\u0127hom. Il-fehim tad-deklinazzjonijiet tan-nomi (ka\u017cijiet) huwa kru\u010bjali g\u0127all-formazzjoni xierqa tas-sentenza.<\/p>\n\n\n\n<h3 class=\"wp-block-heading\" id=\"h-2-pronouns\">2. Pronomi:<\/h3>\n\n\n\n<p>Sussegwentement, tg\u0127allem il-pronomi &#8211; kliem li jissostitwixxu nomi f&#8217;sentenza. G\u0127andhom ukoll distinzjonijiet bejn is-sess u l-ka\u017cijiet, g\u0127alhekk huwa essenzjali li titg\u0127allem il-forom xierqa li jintu\u017caw skont in-nom li qed jissostitwixxu.<\/p>\n\n\n\n<h3 class=\"wp-block-heading\" id=\"h-3-verbs\">3. Verbi:<\/h3>\n\n\n\n<p>Il-verbi huma l-kliem ta &#8216;azzjoni f&#8217;sentenza. Fl-Ukrain, il-verbi g\u0127andhom forom differenti bba\u017cati fuq it-temp, il-burdata, u l-aspett. Ibda billi titg\u0127allem il-forom indikattivi tat-temp pre\u017centi tal-verbi, li jg\u0127inuk tifhem l-istruttura ba\u017cika tas-sentenza.<\/p>\n\n\n\n<h3 class=\"wp-block-heading\" id=\"h-4-tenses-indicative\">4. Tempi Indikattivi:<\/h3>\n\n\n\n<p>Ladarba tkun komdu bil-verbi fit-temp pre\u017centi, imxi biex titg\u0127allem it-tempi tal-passat u futuri fil-burdata indikattiva. Dan jippermettilek tikkomunika dwar avvenimenti li di\u0121\u00e0 se\u0127\u0127ew jew li se jse\u0127\u0127u fil-futur.<\/p>\n\n\n\n<h3 class=\"wp-block-heading\" id=\"h-5-tenses-subjunctive\">5. Tenses Subjunctive:<\/h3>\n\n\n\n<p>Wara li tikkontrolla l-burdata indikattiva, esplora l-burdata subjunctive, li tesprimi sitwazzjonijiet ipoteti\u010bi, xewqat, jew su\u0121\u0121erimenti. Il-burdata subjunctive sse\u0127\u0127 prin\u010bipalment fil-passat u fil-futur fl-Ukrain.<\/p>\n\n\n\n<h3 class=\"wp-block-heading\" id=\"h-6-tense-comparison\">6. Paragun tat-Tensjoni:<\/h3>\n\n\n\n<p>Tg\u0127allem kif tqabbel it-tempi fl-Ukraina biex tesprimi gradi differenti ta &#8216;\u010bertezza jew possibbilt\u00e0. Dan jg\u0127inek tifhem u to\u0127loq sentenzi aktar kumplessi.<\/p>\n\n\n\n<h3 class=\"wp-block-heading\" id=\"h-7-adjectives\">7. A\u0121\u0121ettivi:<\/h3>\n\n\n\n<p>L-a\u0121\u0121ettivi jiddeskrivu l-kwalitajiet tan-nomi. Jaqblu fis-sess, in-numru, u l-ka\u017c man-nom li jimmodifikaw. It-tag\u0127lim tal-a\u0121\u0121ettivi jg\u0127inek i\u017c\u017cid aktar dettall mas-sentenzi tieg\u0127ek.<\/p>\n\n\n\n<h3 class=\"wp-block-heading\" id=\"h-8-adverbs\">8. Avverbji:<\/h3>\n\n\n\n<p>L-avverbji jiddeskrivu l-mod, il-post, jew il-\u0127in ta &#8216;azzjoni. Ma jonqsux b\u0127al a\u0121\u0121ettivi, i\u017cda g\u0127andhom rwol kru\u010bjali biex jag\u0127mlu s-sentenzi tieg\u0127ek aktar informattivi u impenjattivi.<\/p>\n\n\n\n<h3 class=\"wp-block-heading\" id=\"h-9-prepositions\">9. Prepo\u017cizzjonijiet:<\/h3>\n\n\n\n<p>Il-prepo\u017cizzjonijiet juru r-relazzjoni bejn il-kliem f&#8217;sentenza (e\u017c., il-post, id-direzzjoni, jew il-\u0127in). Tg\u0127allem kif tu\u017ca l-prepo\u017cizzjonijiet b&#8217;mod korrett biex tevita konfu\u017cjoni u twassal it-tifsira intenzjonata tieg\u0127ek.<\/p>\n\n\n\n<h3 class=\"wp-block-heading\" id=\"h-10-sentence-structure\">10. Struttura tas-Sentenza:<\/h3>\n\n\n\n<p>Fl-a\u0127\u0127arnett, familjarizza ru\u0127ek mal-istruttura tas-sentenza tal-Ukraina. Dan jinkludi l-fehim tal-ordni tal-kliem su\u0121\u0121ett-verb-o\u0121\u0121ett (SVO) u kif tu\u017ca ka\u017cijiet u elementi grammatikali o\u0127ra biex tifforma sentenzi \u010bari u koerenti.<\/p>\n\n\n\n<h3 class=\"wp-block-heading\" id=\"h-11-articles\">11. Artikoli:<\/h3>\n\n\n\n<p>L-Ukrajna m&#8217;g\u0127andhiex artikli b\u0127al &#8220;the&#8221; jew &#8220;a&#8221; bl-<a href=\"https:\/\/talkpal.ai\/learn-english-with-ai\/\">Ingli\u017c<\/a>, i\u017cda huwa essenzjali li wie\u0127ed jifhem kif id-definittivit\u00e0 u l-indefinitezza huma trasmessi fil-lingwa, normalment permezz tal-u\u017cu ta&#8217; pronomi dimostrattivi jew kuntest.<\/p>\n\n\n\n<p>Billi titg\u0127allem dawn is-su\u0121\u0121etti tal-grammatika fis-sekwenza ssu\u0121\u0121erita, gradwalment tibni pedament b&#8217;sa\u0127\u0127tu fl-Ukraina u tavvanza lejn il-\u0127effa fil-lingwa.<\/p>\n<\/div><\/div>\n\r\n<section class=\"learnNavigationSection\">\r\n            \r\n        <a href=\"https:\/\/talkpal.ai\/mt\/tghallem-l-ukrajna\/\">\r\n            <div class=\"learnNavigationWrapper\">\r\n                <div class=\"learnNavigationContent\">\r\n                    <img decoding=\"async\" src=\"https:\/\/talkpal.ai\/wp-content\/uploads\/2024\/08\/Ukrainian.jpg\" alt=\"Ukrainian Flag\">\r\n                    <div>\r\n                        <h4>Dwar it-Tag\u0127lim tal-Ukraina<\/h4>\r\n                        <p>Sir af kollox dwar il-grammatika Ukraina.<\/p>\r\n                    <\/div>\r\n                <\/div>\r\n            <\/div>\r\n        <\/a>\r\n\r\n        \r\n        <a href=\"https:\/\/talkpal.ai\/mt\/grammatika-ukraina\/\">\r\n            <div class=\"learnNavigationWrapper\">\r\n                <div class=\"learnNavigationContent\">\r\n                    <img decoding=\"async\" src=\"https:\/\/talkpal.ai\/wp-content\/uploads\/2024\/08\/Ukrainian.jpg\" alt=\"Ukrainian Flag\">\r\n                    <div>\r\n                        <h4>Lezzjonijiet tal-Grammatika tal-Ukrajna<\/h4>\r\n                        <p>Prattika grammatika Ukraina.<\/p>\r\n                    <\/div>\r\n                <\/div>\r\n            <\/div>\r\n        <\/a>\r\n\r\n        \r\n        <a href=\"https:\/\/talkpal.ai\/vocabulary_language\/ukrainian\/\">\r\n            <div class=\"learnNavigationWrapper\">\r\n                <div class=\"learnNavigationContent\">\r\n                    <img decoding=\"async\" src=\"https:\/\/talkpal.ai\/wp-content\/uploads\/2024\/08\/Ukrainian.jpg\" alt=\"Ukrainian Flag\">\r\n                    <div>\r\n                        <h4>Vokabularju tal-Ukren<\/h4>\r\n                        <p>Espandi l-vokabularju Ukrain tieg\u0127ek.<\/p>\r\n                    <\/div>\r\n                <\/div>\r\n            <\/div>\r\n        <\/a>\r\n\r\n            <\/section>","protected":false},"excerpt":{"rendered":"<p>Su\u0121\u0121etti tal-Grammatika tal-Ukrajna It-tag\u0127lim ta &#8216;lingwa \u0121dida jista&#8217; jkun sforz e\u010b\u010bitanti i\u017cda ta &#8216;sfida, u l-lingwa Ukraina mhix e\u010b\u010bezzjoni. L-Ukrain, lingwa Slava tal-Lvant, hija l-lingwa uffi\u010bjali tal-Ukrajna u tifta\u0127ar bi storja rikka u struttura grammatikali diversa. Hekk kif tibda l-vja\u0121\u0121 tieg\u0127ek biex issir profi\u010bjenti fl-Ukrain, hemm diversi su\u0121\u0121etti grammatikali ewlenin li jkollok b\u017conn tikkontrolla, inklu\u017ci [&hellip;]<\/p>\n","protected":false},"author":6,"featured_media":1442487,"parent":0,"menu_order":0,"comment_status":"closed","ping_status":"closed","template":"LearningContentPage.php","meta":{"_acf_changed":false,"footnotes":""},"class_list":["post-1446386","page","type-page","status-publish","has-post-thumbnail","hentry"],"acf":[],"yoast_head":"<!-- This site is optimized with the Yoast SEO Premium plugin v27.2 (Yoast SEO v27.2) - https:\/\/yoast.com\/product\/yoast-seo-premium-wordpress\/ -->\n<title>E\u017cer\u010bizzji tal-Grammatika Ukraina - Talkpal<\/title>\n<meta name=\"description\" content=\"Ittejjeb il-\u0127iliet Ukraini tieg\u0127ek b&#039;e\u017cer\u010bizzji tal-grammatika Ukraina li jkopru su\u0121\u0121etti essenzjali tal-grammatika g\u0127all-fluwenza.\" \/>\n<meta name=\"robots\" content=\"index, follow, max-snippet:-1, max-image-preview:large, max-video-preview:-1\" \/>\n<link rel=\"canonical\" href=\"https:\/\/talkpal.ai\/mt\/ezercizzji-tal-grammatika-ukraina\/\" \/>\n<meta property=\"og:locale\" content=\"mt_MT\" \/>\n<meta property=\"og:type\" content=\"article\" \/>\n<meta property=\"og:title\" content=\"E\u017cer\u010bizzji tal-Grammatika Ukraina\" \/>\n<meta property=\"og:description\" content=\"Su\u0121\u0121etti tal-Grammatika tal-Ukrajna It-tag\u0127lim ta &#039;lingwa \u0121dida jista&#039; jkun sforz e\u010b\u010bitanti i\u017cda ta &#039;sfida, u l-lingwa Ukraina mhix e\u010b\u010bezzjoni. L-Ukrain,\" \/>\n<meta property=\"og:url\" content=\"https:\/\/talkpal.ai\/mt\/ezercizzji-tal-grammatika-ukraina\/\" \/>\n<meta property=\"og:site_name\" content=\"Talkpal\" \/>\n<meta property=\"article:publisher\" content=\"https:\/\/www.facebook.com\/profile.php?id=100090733639311\" \/>\n<meta property=\"article:modified_time\" content=\"2025-12-17T16:21:19+00:00\" \/>\n<meta property=\"og:image\" content=\"https:\/\/talkpal.ai\/wp-content\/uploads\/2023\/04\/ukraine.png\" \/>\n\t<meta property=\"og:image:width\" content=\"512\" \/>\n\t<meta property=\"og:image:height\" content=\"512\" \/>\n\t<meta property=\"og:image:type\" content=\"image\/png\" \/>\n<meta name=\"twitter:card\" content=\"summary_large_image\" \/>\n<meta name=\"twitter:site\" content=\"@talkpalai\" \/>\n<meta name=\"twitter:label1\" content=\"Est. reading time\" \/>\n\t<meta name=\"twitter:data1\" content=\"3 minutes\" \/>\n<script type=\"application\/ld+json\" class=\"yoast-schema-graph\">{\"@context\":\"https:\/\/schema.org\",\"@graph\":[{\"@type\":\"WebPage\",\"@id\":\"https:\/\/talkpal.ai\/mt\/ezercizzji-tal-grammatika-ukraina\/\",\"url\":\"https:\/\/talkpal.ai\/mt\/ezercizzji-tal-grammatika-ukraina\/\",\"name\":\"E\u017cer\u010bizzji tal-Grammatika Ukraina - Talkpal\",\"isPartOf\":{\"@id\":\"https:\/\/talkpal.ai\/mt\/#website\"},\"primaryImageOfPage\":{\"@id\":\"https:\/\/talkpal.ai\/mt\/ezercizzji-tal-grammatika-ukraina\/#primaryimage\"},\"image\":{\"@id\":\"https:\/\/talkpal.ai\/mt\/ezercizzji-tal-grammatika-ukraina\/#primaryimage\"},\"thumbnailUrl\":\"https:\/\/talkpal.ai\/wp-content\/uploads\/2023\/04\/ukraine.png\",\"datePublished\":\"2023-06-16T10:51:16+00:00\",\"dateModified\":\"2025-12-17T16:21:19+00:00\",\"description\":\"Ittejjeb il-\u0127iliet Ukraini tieg\u0127ek b'e\u017cer\u010bizzji tal-grammatika Ukraina li jkopru su\u0121\u0121etti essenzjali tal-grammatika g\u0127all-fluwenza.\",\"breadcrumb\":{\"@id\":\"https:\/\/talkpal.ai\/mt\/ezercizzji-tal-grammatika-ukraina\/#breadcrumb\"},\"inLanguage\":\"mt-MT\",\"potentialAction\":[{\"@type\":\"ReadAction\",\"target\":[\"https:\/\/talkpal.ai\/mt\/ezercizzji-tal-grammatika-ukraina\/\"]}]},{\"@type\":\"ImageObject\",\"inLanguage\":\"mt-MT\",\"@id\":\"https:\/\/talkpal.ai\/mt\/ezercizzji-tal-grammatika-ukraina\/#primaryimage\",\"url\":\"https:\/\/talkpal.ai\/wp-content\/uploads\/2023\/04\/ukraine.png\",\"contentUrl\":\"https:\/\/talkpal.ai\/wp-content\/uploads\/2023\/04\/ukraine.png\",\"width\":512,\"height\":512,\"caption\":\"TalkPal Catalan Flag\"},{\"@type\":\"BreadcrumbList\",\"@id\":\"https:\/\/talkpal.ai\/mt\/ezercizzji-tal-grammatika-ukraina\/#breadcrumb\",\"itemListElement\":[{\"@type\":\"ListItem\",\"position\":1,\"name\":\"Homepage\",\"item\":\"https:\/\/talkpal.ai\/mt\/\"},{\"@type\":\"ListItem\",\"position\":2,\"name\":\"E\u017cer\u010bizzji tal-Grammatika Ukraina\"}]},{\"@type\":\"WebSite\",\"@id\":\"https:\/\/talkpal.ai\/mt\/#website\",\"url\":\"https:\/\/talkpal.ai\/mt\/\",\"name\":\"Talkpal\",\"description\":\"AI Language Learning\",\"publisher\":{\"@id\":\"https:\/\/talkpal.ai\/mt\/#organization\"},\"alternateName\":\"Talkpal AI\",\"potentialAction\":[{\"@type\":\"SearchAction\",\"target\":{\"@type\":\"EntryPoint\",\"urlTemplate\":\"https:\/\/talkpal.ai\/mt\/?s={search_term_string}\"},\"query-input\":{\"@type\":\"PropertyValueSpecification\",\"valueRequired\":true,\"valueName\":\"search_term_string\"}}],\"inLanguage\":\"mt-MT\"},{\"@type\":\"Organization\",\"@id\":\"https:\/\/talkpal.ai\/mt\/#organization\",\"name\":\"Talkpal, Inc.\",\"alternateName\":\"Talkpal AI\",\"url\":\"https:\/\/talkpal.ai\/mt\/\",\"logo\":{\"@type\":\"ImageObject\",\"inLanguage\":\"mt-MT\",\"@id\":\"https:\/\/talkpal.ai\/mt\/#\/schema\/logo\/image\/\",\"url\":\"https:\/\/talkpal.ai\/wp-content\/uploads\/2024\/03\/Talkpal-Logo-Icon.png\",\"contentUrl\":\"https:\/\/talkpal.ai\/wp-content\/uploads\/2024\/03\/Talkpal-Logo-Icon.png\",\"width\":2880,\"height\":2880,\"caption\":\"Talkpal, Inc.\"},\"image\":{\"@id\":\"https:\/\/talkpal.ai\/mt\/#\/schema\/logo\/image\/\"},\"sameAs\":[\"https:\/\/www.facebook.com\/profile.php?id=100090733639311\",\"https:\/\/x.com\/talkpalai\",\"https:\/\/www.linkedin.com\/company\/talkpal\/\",\"https:\/\/www.youtube.com\/@TalkPal\/\",\"https:\/\/www.tiktok.com\/@talkpal\",\"https:\/\/www.instagram.com\/talkpal_ai\/\",\"https:\/\/www.crunchbase.com\/organization\/talkpal-9cde\",\"https:\/\/www.g2.com\/products\/talkpal-for-business\/\",\"https:\/\/www.trustpilot.com\/review\/talkpal.ai\",\"https:\/\/www.capterra.com\/p\/10006800\/TalkPal\/\"],\"description\":\"Talkpal is a language learning web and mobile education app, powered by the latest AI technologies, that provides engaging experiences to its customers in many different languages to help them improve their language skills. Users can chat about unlimited amount of topics with the app and use other modes to practice their language learning.\",\"email\":\"support@talkpal.ai\",\"legalName\":\"Talkpal, Inc.\",\"foundingDate\":\"2023-04-03\",\"duns\":\"118989042\",\"numberOfEmployees\":{\"@type\":\"QuantitativeValue\",\"minValue\":\"11\",\"maxValue\":\"50\"},\"publishingPrinciples\":\"https:\/\/talkpal.ai\/publishing-principles\/\",\"actionableFeedbackPolicy\":\"https:\/\/talkpal.ai\/actionable-feedback-policy\/\",\"correctionsPolicy\":\"https:\/\/talkpal.ai\/corrections-policy\/\",\"ethicsPolicy\":\"https:\/\/talkpal.ai\/ethics-policy\/\",\"diversityPolicy\":\"https:\/\/talkpal.ai\/diversity-policy\/\",\"diversityStaffingReport\":\"https:\/\/talkpal.ai\/diversity-policy\/\"}]}<\/script>\n<!-- \/ Yoast SEO Premium plugin. -->","yoast_head_json":{"title":"E\u017cer\u010bizzji tal-Grammatika Ukraina - Talkpal","description":"Ittejjeb il-\u0127iliet Ukraini tieg\u0127ek b'e\u017cer\u010bizzji tal-grammatika Ukraina li jkopru su\u0121\u0121etti essenzjali tal-grammatika g\u0127all-fluwenza.","robots":{"index":"index","follow":"follow","max-snippet":"max-snippet:-1","max-image-preview":"max-image-preview:large","max-video-preview":"max-video-preview:-1"},"canonical":"https:\/\/talkpal.ai\/mt\/ezercizzji-tal-grammatika-ukraina\/","og_locale":"mt_MT","og_type":"article","og_title":"E\u017cer\u010bizzji tal-Grammatika Ukraina","og_description":"Su\u0121\u0121etti tal-Grammatika tal-Ukrajna It-tag\u0127lim ta 'lingwa \u0121dida jista' jkun sforz e\u010b\u010bitanti i\u017cda ta 'sfida, u l-lingwa Ukraina mhix e\u010b\u010bezzjoni. L-Ukrain,","og_url":"https:\/\/talkpal.ai\/mt\/ezercizzji-tal-grammatika-ukraina\/","og_site_name":"Talkpal","article_publisher":"https:\/\/www.facebook.com\/profile.php?id=100090733639311","article_modified_time":"2025-12-17T16:21:19+00:00","og_image":[{"width":512,"height":512,"url":"https:\/\/talkpal.ai\/wp-content\/uploads\/2023\/04\/ukraine.png","type":"image\/png"}],"twitter_card":"summary_large_image","twitter_site":"@talkpalai","twitter_misc":{"Est. reading time":"3 minutes"},"schema":{"@context":"https:\/\/schema.org","@graph":[{"@type":"WebPage","@id":"https:\/\/talkpal.ai\/mt\/ezercizzji-tal-grammatika-ukraina\/","url":"https:\/\/talkpal.ai\/mt\/ezercizzji-tal-grammatika-ukraina\/","name":"E\u017cer\u010bizzji tal-Grammatika Ukraina - Talkpal","isPartOf":{"@id":"https:\/\/talkpal.ai\/mt\/#website"},"primaryImageOfPage":{"@id":"https:\/\/talkpal.ai\/mt\/ezercizzji-tal-grammatika-ukraina\/#primaryimage"},"image":{"@id":"https:\/\/talkpal.ai\/mt\/ezercizzji-tal-grammatika-ukraina\/#primaryimage"},"thumbnailUrl":"https:\/\/talkpal.ai\/wp-content\/uploads\/2023\/04\/ukraine.png","datePublished":"2023-06-16T10:51:16+00:00","dateModified":"2025-12-17T16:21:19+00:00","description":"Ittejjeb il-\u0127iliet Ukraini tieg\u0127ek b'e\u017cer\u010bizzji tal-grammatika Ukraina li jkopru su\u0121\u0121etti essenzjali tal-grammatika g\u0127all-fluwenza.","breadcrumb":{"@id":"https:\/\/talkpal.ai\/mt\/ezercizzji-tal-grammatika-ukraina\/#breadcrumb"},"inLanguage":"mt-MT","potentialAction":[{"@type":"ReadAction","target":["https:\/\/talkpal.ai\/mt\/ezercizzji-tal-grammatika-ukraina\/"]}]},{"@type":"ImageObject","inLanguage":"mt-MT","@id":"https:\/\/talkpal.ai\/mt\/ezercizzji-tal-grammatika-ukraina\/#primaryimage","url":"https:\/\/talkpal.ai\/wp-content\/uploads\/2023\/04\/ukraine.png","contentUrl":"https:\/\/talkpal.ai\/wp-content\/uploads\/2023\/04\/ukraine.png","width":512,"height":512,"caption":"TalkPal Catalan Flag"},{"@type":"BreadcrumbList","@id":"https:\/\/talkpal.ai\/mt\/ezercizzji-tal-grammatika-ukraina\/#breadcrumb","itemListElement":[{"@type":"ListItem","position":1,"name":"Homepage","item":"https:\/\/talkpal.ai\/mt\/"},{"@type":"ListItem","position":2,"name":"E\u017cer\u010bizzji tal-Grammatika Ukraina"}]},{"@type":"WebSite","@id":"https:\/\/talkpal.ai\/mt\/#website","url":"https:\/\/talkpal.ai\/mt\/","name":"Talkpal","description":"AI Language Learning","publisher":{"@id":"https:\/\/talkpal.ai\/mt\/#organization"},"alternateName":"Talkpal AI","potentialAction":[{"@type":"SearchAction","target":{"@type":"EntryPoint","urlTemplate":"https:\/\/talkpal.ai\/mt\/?s={search_term_string}"},"query-input":{"@type":"PropertyValueSpecification","valueRequired":true,"valueName":"search_term_string"}}],"inLanguage":"mt-MT"},{"@type":"Organization","@id":"https:\/\/talkpal.ai\/mt\/#organization","name":"Talkpal, Inc.","alternateName":"Talkpal AI","url":"https:\/\/talkpal.ai\/mt\/","logo":{"@type":"ImageObject","inLanguage":"mt-MT","@id":"https:\/\/talkpal.ai\/mt\/#\/schema\/logo\/image\/","url":"https:\/\/talkpal.ai\/wp-content\/uploads\/2024\/03\/Talkpal-Logo-Icon.png","contentUrl":"https:\/\/talkpal.ai\/wp-content\/uploads\/2024\/03\/Talkpal-Logo-Icon.png","width":2880,"height":2880,"caption":"Talkpal, Inc."},"image":{"@id":"https:\/\/talkpal.ai\/mt\/#\/schema\/logo\/image\/"},"sameAs":["https:\/\/www.facebook.com\/profile.php?id=100090733639311","https:\/\/x.com\/talkpalai","https:\/\/www.linkedin.com\/company\/talkpal\/","https:\/\/www.youtube.com\/@TalkPal\/","https:\/\/www.tiktok.com\/@talkpal","https:\/\/www.instagram.com\/talkpal_ai\/","https:\/\/www.crunchbase.com\/organization\/talkpal-9cde","https:\/\/www.g2.com\/products\/talkpal-for-business\/","https:\/\/www.trustpilot.com\/review\/talkpal.ai","https:\/\/www.capterra.com\/p\/10006800\/TalkPal\/"],"description":"Talkpal is a language learning web and mobile education app, powered by the latest AI technologies, that provides engaging experiences to its customers in many different languages to help them improve their language skills. Users can chat about unlimited amount of topics with the app and use other modes to practice their language learning.","email":"support@talkpal.ai","legalName":"Talkpal, Inc.","foundingDate":"2023-04-03","duns":"118989042","numberOfEmployees":{"@type":"QuantitativeValue","minValue":"11","maxValue":"50"},"publishingPrinciples":"https:\/\/talkpal.ai\/publishing-principles\/","actionableFeedbackPolicy":"https:\/\/talkpal.ai\/actionable-feedback-policy\/","correctionsPolicy":"https:\/\/talkpal.ai\/corrections-policy\/","ethicsPolicy":"https:\/\/talkpal.ai\/ethics-policy\/","diversityPolicy":"https:\/\/talkpal.ai\/diversity-policy\/","diversityStaffingReport":"https:\/\/talkpal.ai\/diversity-policy\/"}]}},"_links":{"self":[{"href":"https:\/\/talkpal.ai\/mt\/wp-json\/wp\/v2\/pages\/1446386","targetHints":{"allow":["GET"]}}],"collection":[{"href":"https:\/\/talkpal.ai\/mt\/wp-json\/wp\/v2\/pages"}],"about":[{"href":"https:\/\/talkpal.ai\/mt\/wp-json\/wp\/v2\/types\/page"}],"author":[{"embeddable":true,"href":"https:\/\/talkpal.ai\/mt\/wp-json\/wp\/v2\/users\/6"}],"replies":[{"embeddable":true,"href":"https:\/\/talkpal.ai\/mt\/wp-json\/wp\/v2\/comments?post=1446386"}],"version-history":[{"count":0,"href":"https:\/\/talkpal.ai\/mt\/wp-json\/wp\/v2\/pages\/1446386\/revisions"}],"wp:featuredmedia":[{"embeddable":true,"href":"https:\/\/talkpal.ai\/mt\/wp-json\/wp\/v2\/media\/1442487"}],"wp:attachment":[{"href":"https:\/\/talkpal.ai\/mt\/wp-json\/wp\/v2\/media?parent=1446386"}],"curies":[{"name":"wp","href":"https:\/\/api.w.org\/{rel}","templated":true}]}}