{"id":1446374,"date":"2023-06-16T11:38:32","date_gmt":"2023-06-16T11:38:32","guid":{"rendered":"https:\/\/talkpal.ai\/ezercizzji-tal-grammatika-azerbajgana\/"},"modified":"2025-09-06T20:49:39","modified_gmt":"2025-09-06T20:49:39","slug":"ezercizzji-tal-grammatika-azerbajgana","status":"publish","type":"page","link":"https:\/\/talkpal.ai\/mt\/ezercizzji-tal-grammatika-azerbajgana\/","title":{"rendered":"E\u017cer\u010bizzji tal-Grammatika a\u017cerbaj\u0121ana"},"content":{"rendered":"\r\n\r\n\r\n<section class=\"languageChallengeSection\">\r\n    <div class=\"languageInfoWrapper\">\r\n        \r\n        <h1>E\u017cer\u010bizzji tal-Grammatika a\u017cerbaj\u0121ana<\/h1>\r\n        <p>Trid tag\u0127ti spinta lill-\u0127iliet tieg\u0127ek fl-A\u017cerbaj\u0121an? Il-prattika tal-e\u017cer\u010bizzji tal-grammatika hija l-mod perfett biex tifhem l-istruttura tas-sentenza, it-truf tal-verb, u l-mudelli li jag\u0127mlu l-lingwa unika. Ibda tipprattika l-grammatika tal-A\u017cerbaj\u0121an illum u ara l-kunfidenza u l-\u0127effa tieg\u0127ek jikbru ma &#039;kull pass!<\/p>\r\n\r\n                            <a class=\"getStartedHidden\" href=\"https:\/\/app.talkpal.ai\/signup?lng=\">Ibda<\/a>\r\n        \r\n    <\/div>\r\n\r\n    <figure>\r\n    <img decoding=\"async\" width=\"768\" height=\"768\" src=\"https:\/\/talkpal.ai\/wp-content\/uploads\/2023\/06\/azerbaijani-768x768.png\" class=\"languageImage no-lazy\" alt=\"Language learning for enhanced cognitive skills\" fetchpriority=\"high\" sizes=\"(max-width: 768px) 150px, 768px\" srcset=\"https:\/\/talkpal.ai\/wp-content\/uploads\/2023\/06\/azerbaijani-768x768.png 768w, https:\/\/talkpal.ai\/wp-content\/uploads\/2023\/06\/azerbaijani-300x300.png 300w\" \/>\r\n    \r\n\r\n    <\/figure>\r\n\r\n            <a class=\"getStartedVisible\" href=\"https:\/\/app.talkpal.ai\/signup?lng=\">Ibda<\/a>\r\n    \r\n<\/section>\r\n\r\n\r\n<!-- <section class=\"grammarSection\">\r\n    <div class=\"grammarLinks\">\r\n            <\/div>\r\n<\/section> -->\r\n\r\n\r\n\r\n\r\n<section class=\"promotionalBanner\">\r\n    <p class=\"promotionalText\">L-aktar mod effi\u010bjenti biex titg\u0127allem lingwa<\/p>\r\n    <a class=\"promotionalLink\" href=\"https:\/\/app.talkpal.ai\/signup?lng=\">Ipprova Talkpal b&#8217;xejn<\/a>\r\n<\/section>\n<div class=\"wp-block-group pageContainerStyle\"><div class=\"wp-block-group__inner-container is-layout-constrained wp-block-group-is-layout-constrained\">\n<h2 class=\"wp-block-heading\" id=\"h-azerbaijani-grammar-topics\">Su\u0121\u0121etti tal-Grammatika tal-A\u017cerbaj\u0121an<\/h2>\n\n\n\n<p>L-A\u017cerbaj\u0121an, mag\u0127ruf ukoll b\u0127ala l-A\u017ceri, huwa lingwa Torka mitkellma primarjament fl-A\u017cerbaj\u0121an u r-re\u0121juni tal-madwar. Hija l-lingwa uffi\u010bjali tar-Repubblika tal-A\u017cerbaj\u0121an u g\u0127andha kelliema sinifikanti fl-Iran, it-Turkija, il-\u0120eor\u0121ja u r-Russja. B\u0127ala student tal-A\u017cerbaj\u0121an, huwa essenzjali li tifhem l-aspetti fundamentali tal-lingwa, b\u0127all-grammatika, is-sintassi u l-vokabularju tag\u0127ha. Din il-gwida tipprovdilek \u0127arsa \u0121enerali lejn su\u0121\u0121etti essenzjali tal-grammatika tal-A\u017cerbaj\u0121an, mi\u0121bura f&#8217;sekwenza lo\u0121ika biex tg\u0127inek titg\u0127allem il-lingwa b&#8217;mod effettiv u fa\u010bil.<\/p>\n\n\n\n<h3 class=\"wp-block-heading\" id=\"h-1-nouns-and-articles\">1. Nomi u Artikoli:<\/h3>\n\n\n\n<p>Fl-A\u017cerbaj\u0121an, in-nomi huma l-blokki tal-bini tas-sentenzi, u l-fehim tal-u\u017cu tag\u0127hom huwa kru\u010bjali. In-nomi m&#8217;g\u0127andhomx \u0121eneru, u m&#8217;hemm l-ebda artiklu indefinit. Madankollu, l-artiklu definit ji\u017cdied b\u0127ala suffiss man-nom.<\/p>\n\n\n\n<h3 class=\"wp-block-heading\" id=\"h-2-adjectives\">2. A\u0121\u0121ettivi:<\/h3>\n\n\n\n<p>L-a\u0121\u0121ettivi fl-A\u017cerbaj\u0121an jintu\u017caw biex jiddeskrivu nomi. Huma dejjem ji\u0121u qabel in-nom li jimmodifikaw u ma jbiddlux il-forma tag\u0127hom skont is-sess jew in-numru tan-nom.<\/p>\n\n\n\n<h3 class=\"wp-block-heading\" id=\"h-3-pronouns-determiners\">3. Pronomi \/ Determinaturi:<\/h3>\n\n\n\n<p>Il-pronomi jintu\u017caw biex jissostitwixxu n-nomi, filwaqt li d-determinaturi jintu\u017caw biex jispe\u010bifikaw il-kwantit\u00e0 jew id-definittivit\u00e0 tan-nom. It-tnejn huma komponenti essenzjali tas-sentenzi tal-A\u017cerbaj\u0121an.<\/p>\n\n\n\n<h3 class=\"wp-block-heading\" id=\"h-4-verbs\">4. Verbi:<\/h3>\n\n\n\n<p>Il-verbi tal-A\u017cerbaj\u0121an huma l-kliem ta&#8217; azzjoni tal-lingwa. Huma jibdlu l-forma tag\u0127hom skont it-tensjoni, il-burdata, u l-vu\u010bi. Il-fehim tal-konjugazzjoni tal-verbi huwa kru\u010bjali g\u0127all-\u0127akma tal-grammatika tal-A\u017cerbaj\u0121an.<\/p>\n\n\n\n<h3 class=\"wp-block-heading\" id=\"h-5-tenses\">5. Tempi:<\/h3>\n\n\n\n<p>L-A\u017cerbaj\u0121an g\u0127andu sitt tempi &#8211; pre\u017cent, passat, futur, pre\u017cent perfett, passat perfett, u futur perfett. Kull temp g\u0127andu r-regoli ta &#8216;konjugazzjoni tieg\u0127u u jintu\u017ca biex jesprimi azzjonijiet jew stati fi \u017cminijiet differenti.<\/p>\n\n\n\n<h3 class=\"wp-block-heading\" id=\"h-6-tense-comparison\">6. Paragun tat-Tensjoni:<\/h3>\n\n\n\n<p>It-tqabbil tat-tempijiet fl-A\u017cerbaj\u0121an jg\u0127inek tifhem id-differenzi fl-espressjoni tal-\u0127in u l-azzjonijiet. Hija \u0127ila kru\u010bjali g\u0127al komunikazzjoni effettiva.<\/p>\n\n\n\n<h3 class=\"wp-block-heading\" id=\"h-7-progressive\">7. Progressiv:<\/h3>\n\n\n\n<p>L-aspett progressiv fl-A\u017cerbaj\u0121an jintu\u017ca biex jiddeskrivi l-azzjonijiet li g\u0127addejjin. Huwa ffurmat bl-u\u017cu ta &#8216;verbi aw\u017ciljarji u huwa essenzjali biex tifhem il-fluss ta&#8217; avvenimenti f&#8217;sentenza.<\/p>\n\n\n\n<h3 class=\"wp-block-heading\" id=\"h-8-perfect-progressive\">8. Progressiv Perfett:<\/h3>\n\n\n\n<p><a href=\"https:\/\/talkpal.ai\/grammar_exercises\/perfect-progressive-tenses-exercises-for-polish-grammar\/\">Perfect progressive tenses<\/a> are <a href=\"https:\/\/talkpal.ai\/culture\/how-do-i-use-used-to-get-used-to-and-be-used-to\/\">used to<\/a> describe actions that started in the past and continue up to the present or future. Huma jg\u0127aqqdu l-aspetti perfetti u progressivi u huma essenzjali g\u0127all-espressjoni ta &#8216;azzjonijiet kumplessi.<\/p>\n\n\n\n<h3 class=\"wp-block-heading\" id=\"h-9-adverbs\">9. Avverbji:<\/h3>\n\n\n\n<p>L-avverbji fl-A\u017cerbaj\u0121an jintu\u017caw biex jimmodifikaw verbi, a\u0121\u0121ettivi, jew avverbji o\u0127ra. Huma jipprovdu informazzjoni addizzjonali dwar azzjonijiet jew stati u huma essenzjali g\u0127all-\u0127olqien ta&#8217; sentenzi aktar pre\u010bi\u017ci u deskrittivi.<\/p>\n\n\n\n<h3 class=\"wp-block-heading\" id=\"h-10-conditionals\">10. Kondizzjonali:<\/h3>\n\n\n\n<p>Il-kondizzjonali jintu\u017caw biex jesprimu sitwazzjonijiet ipoteti\u010bi u l-konsegwenzi possibbli tag\u0127hom. Huma essenzjali biex jesprimu l-in\u010bertezzi u jag\u0127mlu tbassir fl-A\u017cerbaj\u0121an.<\/p>\n\n\n\n<h3 class=\"wp-block-heading\" id=\"h-11-prepositions\">11. Prepo\u017cizzjonijiet:<\/h3>\n\n\n\n<p>Il-prepo\u017cizzjonijiet jintu\u017caw biex juru relazzjonijiet bejn nomi jew pronomi u kliem ie\u0127or f&#8217;sentenza. Huma essenzjali g\u0127all-espressjoni ta &#8216;relazzjonijiet spazjali, temporali u lo\u0121i\u010bi fl-A\u017cerbaj\u0121an.<\/p>\n\n\n\n<h3 class=\"wp-block-heading\" id=\"h-12-sentences\">12. Sentenzi:<\/h3>\n\n\n\n<p>Is-sentenzi tal-A\u017cerbaj\u0121an isegwu ordni ta&#8217; kliem su\u0121\u0121ett-o\u0121\u0121ett-verb (SOV). Il-fehim tal-istruttura tas-sentenzi huwa kru\u010bjali g\u0127all-komunikazzjoni effettiva u l-\u0127akma tal-lingwa A\u017cerbaj\u0121ana.<\/p>\n<\/div><\/div>\n\r\n<section class=\"learnNavigationSection\">\r\n            \r\n        <a href=\"https:\/\/talkpal.ai\/mt\/tghallem-l-azerbajgan\/\">\r\n            <div class=\"learnNavigationWrapper\">\r\n                <div class=\"learnNavigationContent\">\r\n                    <img decoding=\"async\" src=\"https:\/\/talkpal.ai\/wp-content\/uploads\/2024\/08\/Azerbaijani.jpg\" alt=\"Azerbaijani Flag\">\r\n                    <div>\r\n                        <h4>Dwar it-Tag\u0127lim tal-A\u017cerbaj\u0121an<\/h4>\r\n                        <p>Sir af kollox dwar il-grammatika tal-A\u017cerbaj\u0121an.<\/p>\r\n                    <\/div>\r\n                <\/div>\r\n            <\/div>\r\n        <\/a>\r\n\r\n        \r\n        <a href=\"https:\/\/talkpal.ai\/mt\/grammatika-tal-azerbajgan\/\">\r\n            <div class=\"learnNavigationWrapper\">\r\n                <div class=\"learnNavigationContent\">\r\n                    <img decoding=\"async\" src=\"https:\/\/talkpal.ai\/wp-content\/uploads\/2024\/08\/Azerbaijani.jpg\" alt=\"Azerbaijani Flag\">\r\n                    <div>\r\n                        <h4>Lezzjonijiet tal-Grammatika tal-A\u017cerbaj\u0121an<\/h4>\r\n                        <p>Ipprattika l-grammatika tal-A\u017cerbaj\u0121an.<\/p>\r\n                    <\/div>\r\n                <\/div>\r\n            <\/div>\r\n        <\/a>\r\n\r\n        \r\n        <a href=\"https:\/\/talkpal.ai\/vocabulary_language\/azerbaijani\/\">\r\n            <div class=\"learnNavigationWrapper\">\r\n                <div class=\"learnNavigationContent\">\r\n                    <img decoding=\"async\" src=\"https:\/\/talkpal.ai\/wp-content\/uploads\/2024\/08\/Azerbaijani.jpg\" alt=\"Azerbaijani Flag\">\r\n                    <div>\r\n                        <h4>Vokabularju tal-A\u017cerbaj\u0121an<\/h4>\r\n                        <p>Espandi l-vokabularju A\u017cerbaj\u0121an tieg\u0127ek.<\/p>\r\n                    <\/div>\r\n                <\/div>\r\n            <\/div>\r\n        <\/a>\r\n\r\n            <\/section>","protected":false},"excerpt":{"rendered":"<p>Su\u0121\u0121etti tal-Grammatika tal-A\u017cerbaj\u0121an L-A\u017cerbaj\u0121an, mag\u0127ruf ukoll b\u0127ala l-A\u017ceri, huwa lingwa Torka mitkellma primarjament fl-A\u017cerbaj\u0121an u r-re\u0121juni tal-madwar. Hija l-lingwa uffi\u010bjali tar-Repubblika tal-A\u017cerbaj\u0121an u g\u0127andha kelliema sinifikanti fl-Iran, it-Turkija, il-\u0120eor\u0121ja u r-Russja. B\u0127ala student tal-A\u017cerbaj\u0121an, huwa essenzjali li tifhem l-aspetti fundamentali tal-lingwa, b\u0127all-grammatika, is-sintassi u l-vokabularju tag\u0127ha. Din il-gwida tipprovdilek \u0127arsa \u0121enerali lejn su\u0121\u0121etti essenzjali tal-grammatika [&hellip;]<\/p>\n","protected":false},"author":6,"featured_media":1443484,"parent":0,"menu_order":0,"comment_status":"closed","ping_status":"closed","template":"LearningContentPage.php","meta":{"_acf_changed":false,"footnotes":""},"class_list":["post-1446374","page","type-page","status-publish","has-post-thumbnail","hentry"],"acf":[],"yoast_head":"<!-- This site is optimized with the Yoast SEO Premium plugin v27.2 (Yoast SEO v27.2) - https:\/\/yoast.com\/product\/yoast-seo-premium-wordpress\/ -->\n<title>E\u017cer\u010bizzji tal-Grammatika a\u017cerbaj\u0121ana - Talkpal<\/title>\n<meta name=\"description\" content=\"Boost your Azerbaijani language skills with interactive Azerbaijani Grammar Exercises from TalkPal, your AI-powered language teacher.\" \/>\n<meta name=\"robots\" content=\"index, follow, max-snippet:-1, max-image-preview:large, max-video-preview:-1\" \/>\n<link rel=\"canonical\" href=\"https:\/\/talkpal.ai\/mt\/ezercizzji-tal-grammatika-azerbajgana\/\" \/>\n<meta property=\"og:locale\" content=\"mt_MT\" \/>\n<meta property=\"og:type\" content=\"article\" \/>\n<meta property=\"og:title\" content=\"E\u017cer\u010bizzji tal-Grammatika a\u017cerbaj\u0121ana\" \/>\n<meta property=\"og:description\" content=\"Su\u0121\u0121etti tal-Grammatika tal-A\u017cerbaj\u0121an L-A\u017cerbaj\u0121an, mag\u0127ruf ukoll b\u0127ala l-A\u017ceri, huwa lingwa Torka mitkellma primarjament fl-A\u017cerbaj\u0121an u r-re\u0121juni\" \/>\n<meta property=\"og:url\" content=\"https:\/\/talkpal.ai\/mt\/ezercizzji-tal-grammatika-azerbajgana\/\" \/>\n<meta property=\"og:site_name\" content=\"Talkpal\" \/>\n<meta property=\"article:publisher\" content=\"https:\/\/www.facebook.com\/profile.php?id=100090733639311\" \/>\n<meta property=\"article:modified_time\" content=\"2025-09-06T20:49:39+00:00\" \/>\n<meta property=\"og:image\" content=\"https:\/\/talkpal.ai\/wp-content\/uploads\/2023\/05\/azerbaijan.png\" \/>\n\t<meta property=\"og:image:width\" content=\"512\" \/>\n\t<meta property=\"og:image:height\" content=\"512\" \/>\n\t<meta property=\"og:image:type\" content=\"image\/png\" \/>\n<meta name=\"twitter:card\" content=\"summary_large_image\" \/>\n<meta name=\"twitter:site\" content=\"@talkpalai\" \/>\n<meta name=\"twitter:label1\" content=\"Est. reading time\" \/>\n\t<meta name=\"twitter:data1\" content=\"2 minutes\" \/>\n<script type=\"application\/ld+json\" class=\"yoast-schema-graph\">{\"@context\":\"https:\/\/schema.org\",\"@graph\":[{\"@type\":\"WebPage\",\"@id\":\"https:\/\/talkpal.ai\/mt\/ezercizzji-tal-grammatika-azerbajgana\/\",\"url\":\"https:\/\/talkpal.ai\/mt\/ezercizzji-tal-grammatika-azerbajgana\/\",\"name\":\"E\u017cer\u010bizzji tal-Grammatika a\u017cerbaj\u0121ana - Talkpal\",\"isPartOf\":{\"@id\":\"https:\/\/talkpal.ai\/mt\/#website\"},\"primaryImageOfPage\":{\"@id\":\"https:\/\/talkpal.ai\/mt\/ezercizzji-tal-grammatika-azerbajgana\/#primaryimage\"},\"image\":{\"@id\":\"https:\/\/talkpal.ai\/mt\/ezercizzji-tal-grammatika-azerbajgana\/#primaryimage\"},\"thumbnailUrl\":\"https:\/\/talkpal.ai\/wp-content\/uploads\/2023\/05\/azerbaijan.png\",\"datePublished\":\"2023-06-16T11:38:32+00:00\",\"dateModified\":\"2025-09-06T20:49:39+00:00\",\"description\":\"Boost your Azerbaijani language skills with interactive Azerbaijani Grammar Exercises from TalkPal, your AI-powered language teacher.\",\"breadcrumb\":{\"@id\":\"https:\/\/talkpal.ai\/mt\/ezercizzji-tal-grammatika-azerbajgana\/#breadcrumb\"},\"inLanguage\":\"mt-MT\",\"potentialAction\":[{\"@type\":\"ReadAction\",\"target\":[\"https:\/\/talkpal.ai\/mt\/ezercizzji-tal-grammatika-azerbajgana\/\"]}]},{\"@type\":\"ImageObject\",\"inLanguage\":\"mt-MT\",\"@id\":\"https:\/\/talkpal.ai\/mt\/ezercizzji-tal-grammatika-azerbajgana\/#primaryimage\",\"url\":\"https:\/\/talkpal.ai\/wp-content\/uploads\/2023\/05\/azerbaijan.png\",\"contentUrl\":\"https:\/\/talkpal.ai\/wp-content\/uploads\/2023\/05\/azerbaijan.png\",\"width\":512,\"height\":512,\"caption\":\"TalkPal Azerbaijan Flag\"},{\"@type\":\"BreadcrumbList\",\"@id\":\"https:\/\/talkpal.ai\/mt\/ezercizzji-tal-grammatika-azerbajgana\/#breadcrumb\",\"itemListElement\":[{\"@type\":\"ListItem\",\"position\":1,\"name\":\"Homepage\",\"item\":\"https:\/\/talkpal.ai\/mt\/\"},{\"@type\":\"ListItem\",\"position\":2,\"name\":\"E\u017cer\u010bizzji tal-Grammatika a\u017cerbaj\u0121ana\"}]},{\"@type\":\"WebSite\",\"@id\":\"https:\/\/talkpal.ai\/mt\/#website\",\"url\":\"https:\/\/talkpal.ai\/mt\/\",\"name\":\"Talkpal\",\"description\":\"AI Language Learning\",\"publisher\":{\"@id\":\"https:\/\/talkpal.ai\/mt\/#organization\"},\"alternateName\":\"Talkpal AI\",\"potentialAction\":[{\"@type\":\"SearchAction\",\"target\":{\"@type\":\"EntryPoint\",\"urlTemplate\":\"https:\/\/talkpal.ai\/mt\/?s={search_term_string}\"},\"query-input\":{\"@type\":\"PropertyValueSpecification\",\"valueRequired\":true,\"valueName\":\"search_term_string\"}}],\"inLanguage\":\"mt-MT\"},{\"@type\":\"Organization\",\"@id\":\"https:\/\/talkpal.ai\/mt\/#organization\",\"name\":\"Talkpal, Inc.\",\"alternateName\":\"Talkpal AI\",\"url\":\"https:\/\/talkpal.ai\/mt\/\",\"logo\":{\"@type\":\"ImageObject\",\"inLanguage\":\"mt-MT\",\"@id\":\"https:\/\/talkpal.ai\/mt\/#\/schema\/logo\/image\/\",\"url\":\"https:\/\/talkpal.ai\/wp-content\/uploads\/2024\/03\/Talkpal-Logo-Icon.png\",\"contentUrl\":\"https:\/\/talkpal.ai\/wp-content\/uploads\/2024\/03\/Talkpal-Logo-Icon.png\",\"width\":2880,\"height\":2880,\"caption\":\"Talkpal, Inc.\"},\"image\":{\"@id\":\"https:\/\/talkpal.ai\/mt\/#\/schema\/logo\/image\/\"},\"sameAs\":[\"https:\/\/www.facebook.com\/profile.php?id=100090733639311\",\"https:\/\/x.com\/talkpalai\",\"https:\/\/www.linkedin.com\/company\/talkpal\/\",\"https:\/\/www.youtube.com\/@TalkPal\/\",\"https:\/\/www.tiktok.com\/@talkpal\",\"https:\/\/www.instagram.com\/talkpal_ai\/\",\"https:\/\/www.crunchbase.com\/organization\/talkpal-9cde\",\"https:\/\/www.g2.com\/products\/talkpal-for-business\/\",\"https:\/\/www.trustpilot.com\/review\/talkpal.ai\",\"https:\/\/www.capterra.com\/p\/10006800\/TalkPal\/\"],\"description\":\"Talkpal is a language learning web and mobile education app, powered by the latest AI technologies, that provides engaging experiences to its customers in many different languages to help them improve their language skills. Users can chat about unlimited amount of topics with the app and use other modes to practice their language learning.\",\"email\":\"support@talkpal.ai\",\"legalName\":\"Talkpal, Inc.\",\"foundingDate\":\"2023-04-03\",\"duns\":\"118989042\",\"numberOfEmployees\":{\"@type\":\"QuantitativeValue\",\"minValue\":\"11\",\"maxValue\":\"50\"},\"publishingPrinciples\":\"https:\/\/talkpal.ai\/publishing-principles\/\",\"actionableFeedbackPolicy\":\"https:\/\/talkpal.ai\/actionable-feedback-policy\/\",\"correctionsPolicy\":\"https:\/\/talkpal.ai\/corrections-policy\/\",\"ethicsPolicy\":\"https:\/\/talkpal.ai\/ethics-policy\/\",\"diversityPolicy\":\"https:\/\/talkpal.ai\/diversity-policy\/\",\"diversityStaffingReport\":\"https:\/\/talkpal.ai\/diversity-policy\/\"}]}<\/script>\n<!-- \/ Yoast SEO Premium plugin. -->","yoast_head_json":{"title":"E\u017cer\u010bizzji tal-Grammatika a\u017cerbaj\u0121ana - Talkpal","description":"Boost your Azerbaijani language skills with interactive Azerbaijani Grammar Exercises from TalkPal, your AI-powered language teacher.","robots":{"index":"index","follow":"follow","max-snippet":"max-snippet:-1","max-image-preview":"max-image-preview:large","max-video-preview":"max-video-preview:-1"},"canonical":"https:\/\/talkpal.ai\/mt\/ezercizzji-tal-grammatika-azerbajgana\/","og_locale":"mt_MT","og_type":"article","og_title":"E\u017cer\u010bizzji tal-Grammatika a\u017cerbaj\u0121ana","og_description":"Su\u0121\u0121etti tal-Grammatika tal-A\u017cerbaj\u0121an L-A\u017cerbaj\u0121an, mag\u0127ruf ukoll b\u0127ala l-A\u017ceri, huwa lingwa Torka mitkellma primarjament fl-A\u017cerbaj\u0121an u r-re\u0121juni","og_url":"https:\/\/talkpal.ai\/mt\/ezercizzji-tal-grammatika-azerbajgana\/","og_site_name":"Talkpal","article_publisher":"https:\/\/www.facebook.com\/profile.php?id=100090733639311","article_modified_time":"2025-09-06T20:49:39+00:00","og_image":[{"width":512,"height":512,"url":"https:\/\/talkpal.ai\/wp-content\/uploads\/2023\/05\/azerbaijan.png","type":"image\/png"}],"twitter_card":"summary_large_image","twitter_site":"@talkpalai","twitter_misc":{"Est. reading time":"2 minutes"},"schema":{"@context":"https:\/\/schema.org","@graph":[{"@type":"WebPage","@id":"https:\/\/talkpal.ai\/mt\/ezercizzji-tal-grammatika-azerbajgana\/","url":"https:\/\/talkpal.ai\/mt\/ezercizzji-tal-grammatika-azerbajgana\/","name":"E\u017cer\u010bizzji tal-Grammatika a\u017cerbaj\u0121ana - Talkpal","isPartOf":{"@id":"https:\/\/talkpal.ai\/mt\/#website"},"primaryImageOfPage":{"@id":"https:\/\/talkpal.ai\/mt\/ezercizzji-tal-grammatika-azerbajgana\/#primaryimage"},"image":{"@id":"https:\/\/talkpal.ai\/mt\/ezercizzji-tal-grammatika-azerbajgana\/#primaryimage"},"thumbnailUrl":"https:\/\/talkpal.ai\/wp-content\/uploads\/2023\/05\/azerbaijan.png","datePublished":"2023-06-16T11:38:32+00:00","dateModified":"2025-09-06T20:49:39+00:00","description":"Boost your Azerbaijani language skills with interactive Azerbaijani Grammar Exercises from TalkPal, your AI-powered language teacher.","breadcrumb":{"@id":"https:\/\/talkpal.ai\/mt\/ezercizzji-tal-grammatika-azerbajgana\/#breadcrumb"},"inLanguage":"mt-MT","potentialAction":[{"@type":"ReadAction","target":["https:\/\/talkpal.ai\/mt\/ezercizzji-tal-grammatika-azerbajgana\/"]}]},{"@type":"ImageObject","inLanguage":"mt-MT","@id":"https:\/\/talkpal.ai\/mt\/ezercizzji-tal-grammatika-azerbajgana\/#primaryimage","url":"https:\/\/talkpal.ai\/wp-content\/uploads\/2023\/05\/azerbaijan.png","contentUrl":"https:\/\/talkpal.ai\/wp-content\/uploads\/2023\/05\/azerbaijan.png","width":512,"height":512,"caption":"TalkPal Azerbaijan Flag"},{"@type":"BreadcrumbList","@id":"https:\/\/talkpal.ai\/mt\/ezercizzji-tal-grammatika-azerbajgana\/#breadcrumb","itemListElement":[{"@type":"ListItem","position":1,"name":"Homepage","item":"https:\/\/talkpal.ai\/mt\/"},{"@type":"ListItem","position":2,"name":"E\u017cer\u010bizzji tal-Grammatika a\u017cerbaj\u0121ana"}]},{"@type":"WebSite","@id":"https:\/\/talkpal.ai\/mt\/#website","url":"https:\/\/talkpal.ai\/mt\/","name":"Talkpal","description":"AI Language Learning","publisher":{"@id":"https:\/\/talkpal.ai\/mt\/#organization"},"alternateName":"Talkpal AI","potentialAction":[{"@type":"SearchAction","target":{"@type":"EntryPoint","urlTemplate":"https:\/\/talkpal.ai\/mt\/?s={search_term_string}"},"query-input":{"@type":"PropertyValueSpecification","valueRequired":true,"valueName":"search_term_string"}}],"inLanguage":"mt-MT"},{"@type":"Organization","@id":"https:\/\/talkpal.ai\/mt\/#organization","name":"Talkpal, Inc.","alternateName":"Talkpal AI","url":"https:\/\/talkpal.ai\/mt\/","logo":{"@type":"ImageObject","inLanguage":"mt-MT","@id":"https:\/\/talkpal.ai\/mt\/#\/schema\/logo\/image\/","url":"https:\/\/talkpal.ai\/wp-content\/uploads\/2024\/03\/Talkpal-Logo-Icon.png","contentUrl":"https:\/\/talkpal.ai\/wp-content\/uploads\/2024\/03\/Talkpal-Logo-Icon.png","width":2880,"height":2880,"caption":"Talkpal, Inc."},"image":{"@id":"https:\/\/talkpal.ai\/mt\/#\/schema\/logo\/image\/"},"sameAs":["https:\/\/www.facebook.com\/profile.php?id=100090733639311","https:\/\/x.com\/talkpalai","https:\/\/www.linkedin.com\/company\/talkpal\/","https:\/\/www.youtube.com\/@TalkPal\/","https:\/\/www.tiktok.com\/@talkpal","https:\/\/www.instagram.com\/talkpal_ai\/","https:\/\/www.crunchbase.com\/organization\/talkpal-9cde","https:\/\/www.g2.com\/products\/talkpal-for-business\/","https:\/\/www.trustpilot.com\/review\/talkpal.ai","https:\/\/www.capterra.com\/p\/10006800\/TalkPal\/"],"description":"Talkpal is a language learning web and mobile education app, powered by the latest AI technologies, that provides engaging experiences to its customers in many different languages to help them improve their language skills. Users can chat about unlimited amount of topics with the app and use other modes to practice their language learning.","email":"support@talkpal.ai","legalName":"Talkpal, Inc.","foundingDate":"2023-04-03","duns":"118989042","numberOfEmployees":{"@type":"QuantitativeValue","minValue":"11","maxValue":"50"},"publishingPrinciples":"https:\/\/talkpal.ai\/publishing-principles\/","actionableFeedbackPolicy":"https:\/\/talkpal.ai\/actionable-feedback-policy\/","correctionsPolicy":"https:\/\/talkpal.ai\/corrections-policy\/","ethicsPolicy":"https:\/\/talkpal.ai\/ethics-policy\/","diversityPolicy":"https:\/\/talkpal.ai\/diversity-policy\/","diversityStaffingReport":"https:\/\/talkpal.ai\/diversity-policy\/"}]}},"_links":{"self":[{"href":"https:\/\/talkpal.ai\/mt\/wp-json\/wp\/v2\/pages\/1446374","targetHints":{"allow":["GET"]}}],"collection":[{"href":"https:\/\/talkpal.ai\/mt\/wp-json\/wp\/v2\/pages"}],"about":[{"href":"https:\/\/talkpal.ai\/mt\/wp-json\/wp\/v2\/types\/page"}],"author":[{"embeddable":true,"href":"https:\/\/talkpal.ai\/mt\/wp-json\/wp\/v2\/users\/6"}],"replies":[{"embeddable":true,"href":"https:\/\/talkpal.ai\/mt\/wp-json\/wp\/v2\/comments?post=1446374"}],"version-history":[{"count":0,"href":"https:\/\/talkpal.ai\/mt\/wp-json\/wp\/v2\/pages\/1446374\/revisions"}],"wp:featuredmedia":[{"embeddable":true,"href":"https:\/\/talkpal.ai\/mt\/wp-json\/wp\/v2\/media\/1443484"}],"wp:attachment":[{"href":"https:\/\/talkpal.ai\/mt\/wp-json\/wp\/v2\/media?parent=1446374"}],"curies":[{"name":"wp","href":"https:\/\/api.w.org\/{rel}","templated":true}]}}