{"id":1446354,"date":"2023-06-16T13:02:09","date_gmt":"2023-06-16T13:02:09","guid":{"rendered":"https:\/\/talkpal.ai\/ezercizzji-tal-grammatika-kroata\/"},"modified":"2025-12-17T16:26:20","modified_gmt":"2025-12-17T16:26:20","slug":"ezercizzji-tal-grammatika-kroata","status":"publish","type":"page","link":"https:\/\/talkpal.ai\/mt\/ezercizzji-tal-grammatika-kroata\/","title":{"rendered":"E\u017cer\u010bizzji tal-Grammatika Kroata"},"content":{"rendered":"\r\n\r\n\r\n<section class=\"languageChallengeSection\">\r\n    <div class=\"languageInfoWrapper\">\r\n        \r\n        <h1>E\u017cer\u010bizzji tal-Grammatika Kroata<\/h1>\r\n        <p>Trid tikseb aktar kunfidenza fil-Kroat? Il-prattika tal-e\u017cer\u010bizzji tal-grammatika tg\u0127inek tikkontrolla l-istruttura tas-sentenza, il-forom tal-verb, u l-karatteristi\u010bi uni\u010bi tal-lingwa Kroata. Ibda tesplora l-grammatika Kroata llum u ara l-\u0127iliet u l-\u0127effa tieg\u0127ek jitjiebu b&#039;kull e\u017cer\u010bizzju \u0121did!\n\n<\/p>\r\n\r\n                            <a class=\"getStartedHidden\" href=\"https:\/\/app.talkpal.ai\/signup?lng=\">Ibda<\/a>\r\n        \r\n    <\/div>\r\n\r\n    <figure>\r\n    <img decoding=\"async\" width=\"768\" height=\"768\" src=\"https:\/\/talkpal.ai\/wp-content\/uploads\/2023\/06\/croatian-768x768.png\" class=\"languageImage no-lazy\" alt=\"Language learning for successful interaction\" fetchpriority=\"high\" sizes=\"(max-width: 768px) 150px, 768px\" srcset=\"https:\/\/talkpal.ai\/wp-content\/uploads\/2023\/06\/croatian-768x768.png 768w, https:\/\/talkpal.ai\/wp-content\/uploads\/2023\/06\/croatian-300x300.png 300w\" \/>\r\n    \r\n\r\n    <\/figure>\r\n\r\n            <a class=\"getStartedVisible\" href=\"https:\/\/app.talkpal.ai\/signup?lng=\">Ibda<\/a>\r\n    \r\n<\/section>\r\n\r\n\r\n<!-- <section class=\"grammarSection\">\r\n    <div class=\"grammarLinks\">\r\n            <\/div>\r\n<\/section> -->\r\n\r\n\r\n\r\n\r\n<section class=\"promotionalBanner\">\r\n    <p class=\"promotionalText\">L-aktar mod effi\u010bjenti biex titg\u0127allem lingwa<\/p>\r\n    <a class=\"promotionalLink\" href=\"https:\/\/app.talkpal.ai\/signup?lng=\">Ipprova Talkpal b&#8217;xejn<\/a>\r\n<\/section>\n<div class=\"wp-block-group pageContainerStyle\"><div class=\"wp-block-group__inner-container is-layout-constrained wp-block-group-is-layout-constrained\">\n<h2 class=\"wp-block-heading\" id=\"h-croatian-grammar-topics\">Su\u0121\u0121etti tal-Grammatika Kroata<\/h2>\n\n\n\n<p>Il-Kroat, lingwa Slava tan-Nofsinhar, hija l-lingwa uffi\u010bjali tal-Kroazja u wa\u0127da mil-lingwi uffi\u010bjali tal-Bosnja-\u0126erzegovina. Hija lingwa kumplessa u rikka, bi storja twila u sistema grammatikali unika. G\u0127all-istudenti, huwa essenzjali li wie\u0127ed jifhem l-aspetti fundamentali tal-grammatika Kroata biex issir profi\u010bjenti fil-lingwa. Din il-gwida tg\u0127inek tinnaviga permezz tas-su\u0121\u0121etti ewlenin tal-grammatika b\u0127al tempi, verbi, nomi, u aktar, f&#8217;sekwenza li tiffa\u010bilita l-pro\u010bess tat-tag\u0127lim tieg\u0127ek u tipprovdi pedament b&#8217;sa\u0127\u0127tu g\u0127all-\u0127akma ta &#8216;din il-lingwa sabi\u0127a.<\/p>\n\n\n\n<h3 class=\"wp-block-heading\" id=\"h-1-nouns\">1. Nomi:<\/h3>\n\n\n\n<p>In-nomi huma l-ewwel blokka tal-bini ta&#8217; kwalunkwe lingwa, u n-nomi Kroati g\u0127andhom tliet \u0121eneri \u2013 maskili, femminili, u neutri, li jaffettwaw id-deklinazzjoni u l-qbil ma&#8217; a\u0121\u0121ettivi u pronomi. Familjarizza ru\u0127ek mal-\u0121eneri differenti u t-truf rispettivi tag\u0127hom.<\/p>\n\n\n\n<h3 class=\"wp-block-heading\" id=\"h-2-articles\">2. Artikoli:<\/h3>\n\n\n\n<p>Il-Kroat m&#8217;g\u0127andux artikli b\u0127al &#8220;the&#8221; jew &#8220;a&#8221; bl-<a href=\"https:\/\/talkpal.ai\/learn-english-with-ai\/\">Ingli\u017c<\/a>, u jag\u0127milha aktar fa\u010bli g\u0127all-prin\u010bipjanti biex jibdew jibnu sentenzi sempli\u010bi ming\u0127ajr ma jinkwetaw dwar l-u\u017cu tal-artiklu.<\/p>\n\n\n\n<h3 class=\"wp-block-heading\" id=\"h-3-pronouns-determiners\">3. Pronomi \/ Determinaturi:<\/h3>\n\n\n\n<p>Il-pronomi jintu\u017caw biex jissostitwixxu n-nomi fis-sentenzi, filwaqt li d-determinaturi jindikaw l-ispe\u010bifi\u010bit\u00e0 ta&#8217; nom. Tg\u0127allem it-tipi differenti ta &#8216;pronomi (personali, possessivi, dimostrattivi, e\u010b\u010b.) u d-deklinazzjoni tag\u0127hom skont is-sess, in-numru, u l-ka\u017c.<\/p>\n\n\n\n<h3 class=\"wp-block-heading\" id=\"h-4-adjectives\">4. A\u0121\u0121ettivi:<\/h3>\n\n\n\n<p>L-a\u0121\u0121ettivi jiddeskrivu l-kwalitajiet tan-nomi, u jaqblu mal-\u0121eneru, in-numru, u l-ka\u017c tan-nom li jimmodifikaw. Tg\u0127allem il-forom ba\u017ci\u010bi u l-mudelli ta &#8216;deklinazzjoni tal-a\u0121\u0121ettivi.<\/p>\n\n\n\n<h3 class=\"wp-block-heading\" id=\"h-5-verbs\">5. Verbi:<\/h3>\n\n\n\n<p>Il-verbi huma l-qalba ta &#8216;kwalunkwe sentenza, li tesprimi azzjonijiet jew stati. Il-verbi Kroati huma konjugati skont it-temp, il-burdata, il-vu\u010bi, u l-persuna. Ibda bil-verbi regolari l-aktar komuni u l-mudelli ta &#8216;konjugazzjoni tag\u0127hom fit-temp pre\u017centi.<\/p>\n\n\n\n<h3 class=\"wp-block-heading\" id=\"h-6-tenses\">6. Tempi:<\/h3>\n\n\n\n<p>Il-Kroat g\u0127andu seba&#8217; tempijiet \u2013 pre\u017cent, <a href=\"https:\/\/talkpal.ai\/ar\/grammar_exercises\/futur-i-%d8%aa%d9%85%d8%a7%d8%b1%d9%8a%d9%86-%d9%84%d9%84%d9%82%d9%88%d8%a7%d8%b9%d8%af-%d8%a7%d9%84%d8%a3%d9%84%d9%85%d8%a7%d9%86%d9%8a%d8%a9\/\">futur I<\/a>, <a href=\"https:\/\/talkpal.ai\/ar\/grammar_exercises\/futur-ii-%d8%aa%d9%85%d8%a7%d8%b1%d9%8a%d9%86-%d9%84%d9%84%d9%82%d9%88%d8%a7%d8%b9%d8%af-%d8%a7%d9%84%d8%a3%d9%84%d9%85%d8%a7%d9%86%d9%8a%d8%a9\/\">futur II<\/a>, passat, pluperfetta, aorist, u imperfett. Ibda bit-temp pre\u017centi u mbag\u0127ad g\u0127addi g\u0127al tempi passati u futuri, u titg\u0127allem il-mudelli ta &#8216;konjugazzjoni g\u0127al kull wie\u0127ed.<\/p>\n\n\n\n<h3 class=\"wp-block-heading\" id=\"h-7-tense-comparison\">7. Paragun tat-Tensjoni:<\/h3>\n\n\n\n<p>Il-fehim tad-differenzi u s-similaritajiet bejn it-tempi huwa kru\u010bjali fil-\u0127akma tal-Kroat. Qabbel it-tempi u pprattika l-u\u017cu tag\u0127hom fil-kuntest.<\/p>\n\n\n\n<h3 class=\"wp-block-heading\" id=\"h-8-progressive\">8. Progressiv:<\/h3>\n\n\n\n<p>L-aspett progressiv jesprimi azzjonijiet li huma kontinwi jew kontinwi. Il-Kroat m&#8217;g\u0127andux forma progressiva separata b\u0127all-Ingli\u017c, i\u017cda tista &#8217;twassal it-tifsira progressiva billi tu\u017ca forom ta&#8217; verb spe\u010bifi\u010bi, avverbji, jew kostruzzjonijiet.<\/p>\n\n\n\n<h3 class=\"wp-block-heading\" id=\"h-9-perfect-progressive\">9. Progressiv Perfett:<\/h3>\n\n\n\n<p>Dan l-aspett jg\u0127aqqad it-tifsiriet perfetti u progressivi. Fil-Kroat, huwa espress bl-u\u017cu tat-temp perfett b&#8217;forma jew kostruzzjoni tal-verb spe\u010bifika li tindika azzjoni kontinwa.<\/p>\n\n\n\n<h3 class=\"wp-block-heading\" id=\"h-10-adverbs\">10. Avverbji:<\/h3>\n\n\n\n<p>L-avverbji jimmodifikaw verbi, a\u0121\u0121ettivi, jew avverbji o\u0127ra, u normalment jindikaw mod, post, \u0127in, jew grad. Tg\u0127allem l-avverbji Kroati l-aktar komuni u t-tqeg\u0127id tag\u0127hom fis-sentenzi.<\/p>\n\n\n\n<h3 class=\"wp-block-heading\" id=\"h-11-prepositions\">11. Prepo\u017cizzjonijiet:<\/h3>\n\n\n\n<p>Il-prepo\u017cizzjonijiet jintu\u017caw biex jindikaw relazzjonijiet bejn il-kliem, b\u0127al post, direzzjoni, \u0127in, jew pussess. Tg\u0127allem il-prepo\u017cizzjonijiet Kroati l-aktar komuni u l-ka\u017cijiet li jirregolaw.<\/p>\n\n\n\n<h3 class=\"wp-block-heading\" id=\"h-12-conditionals\">12. Kundizzjonali:<\/h3>\n\n\n\n<p>Il-kondizzjonali jesprimu sitwazzjonijiet jew kundizzjonijiet ipoteti\u010bi u l-konsegwenzi tag\u0127hom. Il-Kroat g\u0127andu tliet tipi ta &#8216;kondizzjonali &#8211; reali, mhux reali u m\u0127allta. Tg\u0127allem il-formazzjoni u l-u\u017cu ta &#8216;kull tip.<\/p>\n\n\n\n<h3 class=\"wp-block-heading\" id=\"h-13-sentences\">13. Sentenzi:<\/h3>\n\n\n\n<p>Fl-a\u0127\u0127arnett, ipprattika li tg\u0127aqqad l-elementi kollha tal-grammatika li tg\u0127allimt biex tibni sentenzi sempli\u010bi u kumplessi bil-Kroat. Dan jg\u0127inek ti\u017cviluppa l-\u0127effa tal-lingwa tieg\u0127ek u l-fehim tal-grammatika Kroata kollha kemm hi.<\/p>\n<\/div><\/div>\n\r\n<section class=\"learnNavigationSection\">\r\n            \r\n        <a href=\"https:\/\/talkpal.ai\/mt\/tghallem-il-kroat\/\">\r\n            <div class=\"learnNavigationWrapper\">\r\n                <div class=\"learnNavigationContent\">\r\n                    <img decoding=\"async\" src=\"https:\/\/talkpal.ai\/wp-content\/uploads\/2024\/08\/Croatian.jpg\" alt=\"Croatian Flag\">\r\n                    <div>\r\n                        <h4>Dwar it-Tag\u0127lim tal-Kroat<\/h4>\r\n                        <p>Sir af kollox dwar il-grammatika Kroata.<\/p>\r\n                    <\/div>\r\n                <\/div>\r\n            <\/div>\r\n        <\/a>\r\n\r\n        \r\n        <a href=\"https:\/\/talkpal.ai\/mt\/grammatika-kroata\/\">\r\n            <div class=\"learnNavigationWrapper\">\r\n                <div class=\"learnNavigationContent\">\r\n                    <img decoding=\"async\" src=\"https:\/\/talkpal.ai\/wp-content\/uploads\/2024\/08\/Croatian.jpg\" alt=\"Croatian Flag\">\r\n                    <div>\r\n                        <h4>Lezzjonijiet tal-Grammatika tal-Kroata<\/h4>\r\n                        <p>Ipprattika l-grammatika Kroata.<\/p>\r\n                    <\/div>\r\n                <\/div>\r\n            <\/div>\r\n        <\/a>\r\n\r\n        \r\n        <a href=\"https:\/\/talkpal.ai\/vocabulary_language\/croatian\/\">\r\n            <div class=\"learnNavigationWrapper\">\r\n                <div class=\"learnNavigationContent\">\r\n                    <img decoding=\"async\" src=\"https:\/\/talkpal.ai\/wp-content\/uploads\/2024\/08\/Croatian.jpg\" alt=\"Croatian Flag\">\r\n                    <div>\r\n                        <h4>Vokabularju Kroat<\/h4>\r\n                        <p>Espandi l-vokabularju Kroat tieg\u0127ek.<\/p>\r\n                    <\/div>\r\n                <\/div>\r\n            <\/div>\r\n        <\/a>\r\n\r\n            <\/section>","protected":false},"excerpt":{"rendered":"<p>Su\u0121\u0121etti tal-Grammatika Kroata Il-Kroat, lingwa Slava tan-Nofsinhar, hija l-lingwa uffi\u010bjali tal-Kroazja u wa\u0127da mil-lingwi uffi\u010bjali tal-Bosnja-\u0126erzegovina. Hija lingwa kumplessa u rikka, bi storja twila u sistema grammatikali unika. G\u0127all-istudenti, huwa essenzjali li wie\u0127ed jifhem l-aspetti fundamentali tal-grammatika Kroata biex issir profi\u010bjenti fil-lingwa. Din il-gwida tg\u0127inek tinnaviga permezz tas-su\u0121\u0121etti ewlenin tal-grammatika b\u0127al tempi, verbi, nomi, u [&hellip;]<\/p>\n","protected":false},"author":6,"featured_media":1443536,"parent":0,"menu_order":0,"comment_status":"closed","ping_status":"closed","template":"LearningContentPage.php","meta":{"_acf_changed":false,"footnotes":""},"class_list":["post-1446354","page","type-page","status-publish","has-post-thumbnail","hentry"],"acf":[],"yoast_head":"<!-- This site is optimized with the Yoast SEO Premium plugin v27.2 (Yoast SEO v27.2) - https:\/\/yoast.com\/product\/yoast-seo-premium-wordpress\/ -->\n<title>E\u017cer\u010bizzji tal-Grammatika Kroata - Talkpal<\/title>\n<meta name=\"description\" content=\"Kaptan il-Kroat b&#039;e\u017cer\u010bizzji effettivi tal-grammatika Kroata li jissimplifikaw it-tag\u0127lim tat-tempi, il-verbi, u n-nomi g\u0127all-utenti.\" \/>\n<meta name=\"robots\" content=\"index, follow, max-snippet:-1, max-image-preview:large, max-video-preview:-1\" \/>\n<link rel=\"canonical\" href=\"https:\/\/talkpal.ai\/mt\/ezercizzji-tal-grammatika-kroata\/\" \/>\n<meta property=\"og:locale\" content=\"mt_MT\" \/>\n<meta property=\"og:type\" content=\"article\" \/>\n<meta property=\"og:title\" content=\"E\u017cer\u010bizzji tal-Grammatika Kroata\" \/>\n<meta property=\"og:description\" content=\"Su\u0121\u0121etti tal-Grammatika Kroata Il-Kroat, lingwa Slava tan-Nofsinhar, hija l-lingwa uffi\u010bjali tal-Kroazja u wa\u0127da mil-lingwi uffi\u010bjali\" \/>\n<meta property=\"og:url\" content=\"https:\/\/talkpal.ai\/mt\/ezercizzji-tal-grammatika-kroata\/\" \/>\n<meta property=\"og:site_name\" content=\"Talkpal\" \/>\n<meta property=\"article:publisher\" content=\"https:\/\/www.facebook.com\/profile.php?id=100090733639311\" \/>\n<meta property=\"article:modified_time\" content=\"2025-12-17T16:26:20+00:00\" \/>\n<meta property=\"og:image\" content=\"https:\/\/talkpal.ai\/wp-content\/uploads\/2023\/05\/croatia.png\" \/>\n\t<meta property=\"og:image:width\" content=\"512\" \/>\n\t<meta property=\"og:image:height\" content=\"512\" \/>\n\t<meta property=\"og:image:type\" content=\"image\/png\" \/>\n<meta name=\"twitter:card\" content=\"summary_large_image\" \/>\n<meta name=\"twitter:site\" content=\"@talkpalai\" \/>\n<meta name=\"twitter:label1\" content=\"Est. reading time\" \/>\n\t<meta name=\"twitter:data1\" content=\"3 minutes\" \/>\n<script type=\"application\/ld+json\" class=\"yoast-schema-graph\">{\"@context\":\"https:\/\/schema.org\",\"@graph\":[{\"@type\":\"WebPage\",\"@id\":\"https:\/\/talkpal.ai\/mt\/ezercizzji-tal-grammatika-kroata\/\",\"url\":\"https:\/\/talkpal.ai\/mt\/ezercizzji-tal-grammatika-kroata\/\",\"name\":\"E\u017cer\u010bizzji tal-Grammatika Kroata - Talkpal\",\"isPartOf\":{\"@id\":\"https:\/\/talkpal.ai\/mt\/#website\"},\"primaryImageOfPage\":{\"@id\":\"https:\/\/talkpal.ai\/mt\/ezercizzji-tal-grammatika-kroata\/#primaryimage\"},\"image\":{\"@id\":\"https:\/\/talkpal.ai\/mt\/ezercizzji-tal-grammatika-kroata\/#primaryimage\"},\"thumbnailUrl\":\"https:\/\/talkpal.ai\/wp-content\/uploads\/2023\/05\/croatia.png\",\"datePublished\":\"2023-06-16T13:02:09+00:00\",\"dateModified\":\"2025-12-17T16:26:20+00:00\",\"description\":\"Kaptan il-Kroat b'e\u017cer\u010bizzji effettivi tal-grammatika Kroata li jissimplifikaw it-tag\u0127lim tat-tempi, il-verbi, u n-nomi g\u0127all-utenti.\",\"breadcrumb\":{\"@id\":\"https:\/\/talkpal.ai\/mt\/ezercizzji-tal-grammatika-kroata\/#breadcrumb\"},\"inLanguage\":\"mt-MT\",\"potentialAction\":[{\"@type\":\"ReadAction\",\"target\":[\"https:\/\/talkpal.ai\/mt\/ezercizzji-tal-grammatika-kroata\/\"]}]},{\"@type\":\"ImageObject\",\"inLanguage\":\"mt-MT\",\"@id\":\"https:\/\/talkpal.ai\/mt\/ezercizzji-tal-grammatika-kroata\/#primaryimage\",\"url\":\"https:\/\/talkpal.ai\/wp-content\/uploads\/2023\/05\/croatia.png\",\"contentUrl\":\"https:\/\/talkpal.ai\/wp-content\/uploads\/2023\/05\/croatia.png\",\"width\":512,\"height\":512,\"caption\":\"TalkPal Croatia Flag\"},{\"@type\":\"BreadcrumbList\",\"@id\":\"https:\/\/talkpal.ai\/mt\/ezercizzji-tal-grammatika-kroata\/#breadcrumb\",\"itemListElement\":[{\"@type\":\"ListItem\",\"position\":1,\"name\":\"Homepage\",\"item\":\"https:\/\/talkpal.ai\/mt\/\"},{\"@type\":\"ListItem\",\"position\":2,\"name\":\"E\u017cer\u010bizzji tal-Grammatika Kroata\"}]},{\"@type\":\"WebSite\",\"@id\":\"https:\/\/talkpal.ai\/mt\/#website\",\"url\":\"https:\/\/talkpal.ai\/mt\/\",\"name\":\"Talkpal\",\"description\":\"AI Language Learning\",\"publisher\":{\"@id\":\"https:\/\/talkpal.ai\/mt\/#organization\"},\"alternateName\":\"Talkpal AI\",\"potentialAction\":[{\"@type\":\"SearchAction\",\"target\":{\"@type\":\"EntryPoint\",\"urlTemplate\":\"https:\/\/talkpal.ai\/mt\/?s={search_term_string}\"},\"query-input\":{\"@type\":\"PropertyValueSpecification\",\"valueRequired\":true,\"valueName\":\"search_term_string\"}}],\"inLanguage\":\"mt-MT\"},{\"@type\":\"Organization\",\"@id\":\"https:\/\/talkpal.ai\/mt\/#organization\",\"name\":\"Talkpal, Inc.\",\"alternateName\":\"Talkpal AI\",\"url\":\"https:\/\/talkpal.ai\/mt\/\",\"logo\":{\"@type\":\"ImageObject\",\"inLanguage\":\"mt-MT\",\"@id\":\"https:\/\/talkpal.ai\/mt\/#\/schema\/logo\/image\/\",\"url\":\"https:\/\/talkpal.ai\/wp-content\/uploads\/2024\/03\/Talkpal-Logo-Icon.png\",\"contentUrl\":\"https:\/\/talkpal.ai\/wp-content\/uploads\/2024\/03\/Talkpal-Logo-Icon.png\",\"width\":2880,\"height\":2880,\"caption\":\"Talkpal, Inc.\"},\"image\":{\"@id\":\"https:\/\/talkpal.ai\/mt\/#\/schema\/logo\/image\/\"},\"sameAs\":[\"https:\/\/www.facebook.com\/profile.php?id=100090733639311\",\"https:\/\/x.com\/talkpalai\",\"https:\/\/www.linkedin.com\/company\/talkpal\/\",\"https:\/\/www.youtube.com\/@TalkPal\/\",\"https:\/\/www.tiktok.com\/@talkpal\",\"https:\/\/www.instagram.com\/talkpal_ai\/\",\"https:\/\/www.crunchbase.com\/organization\/talkpal-9cde\",\"https:\/\/www.g2.com\/products\/talkpal-for-business\/\",\"https:\/\/www.trustpilot.com\/review\/talkpal.ai\",\"https:\/\/www.capterra.com\/p\/10006800\/TalkPal\/\"],\"description\":\"Talkpal is a language learning web and mobile education app, powered by the latest AI technologies, that provides engaging experiences to its customers in many different languages to help them improve their language skills. Users can chat about unlimited amount of topics with the app and use other modes to practice their language learning.\",\"email\":\"support@talkpal.ai\",\"legalName\":\"Talkpal, Inc.\",\"foundingDate\":\"2023-04-03\",\"duns\":\"118989042\",\"numberOfEmployees\":{\"@type\":\"QuantitativeValue\",\"minValue\":\"11\",\"maxValue\":\"50\"},\"publishingPrinciples\":\"https:\/\/talkpal.ai\/publishing-principles\/\",\"actionableFeedbackPolicy\":\"https:\/\/talkpal.ai\/actionable-feedback-policy\/\",\"correctionsPolicy\":\"https:\/\/talkpal.ai\/corrections-policy\/\",\"ethicsPolicy\":\"https:\/\/talkpal.ai\/ethics-policy\/\",\"diversityPolicy\":\"https:\/\/talkpal.ai\/diversity-policy\/\",\"diversityStaffingReport\":\"https:\/\/talkpal.ai\/diversity-policy\/\"}]}<\/script>\n<!-- \/ Yoast SEO Premium plugin. -->","yoast_head_json":{"title":"E\u017cer\u010bizzji tal-Grammatika Kroata - Talkpal","description":"Kaptan il-Kroat b'e\u017cer\u010bizzji effettivi tal-grammatika Kroata li jissimplifikaw it-tag\u0127lim tat-tempi, il-verbi, u n-nomi g\u0127all-utenti.","robots":{"index":"index","follow":"follow","max-snippet":"max-snippet:-1","max-image-preview":"max-image-preview:large","max-video-preview":"max-video-preview:-1"},"canonical":"https:\/\/talkpal.ai\/mt\/ezercizzji-tal-grammatika-kroata\/","og_locale":"mt_MT","og_type":"article","og_title":"E\u017cer\u010bizzji tal-Grammatika Kroata","og_description":"Su\u0121\u0121etti tal-Grammatika Kroata Il-Kroat, lingwa Slava tan-Nofsinhar, hija l-lingwa uffi\u010bjali tal-Kroazja u wa\u0127da mil-lingwi uffi\u010bjali","og_url":"https:\/\/talkpal.ai\/mt\/ezercizzji-tal-grammatika-kroata\/","og_site_name":"Talkpal","article_publisher":"https:\/\/www.facebook.com\/profile.php?id=100090733639311","article_modified_time":"2025-12-17T16:26:20+00:00","og_image":[{"width":512,"height":512,"url":"https:\/\/talkpal.ai\/wp-content\/uploads\/2023\/05\/croatia.png","type":"image\/png"}],"twitter_card":"summary_large_image","twitter_site":"@talkpalai","twitter_misc":{"Est. reading time":"3 minutes"},"schema":{"@context":"https:\/\/schema.org","@graph":[{"@type":"WebPage","@id":"https:\/\/talkpal.ai\/mt\/ezercizzji-tal-grammatika-kroata\/","url":"https:\/\/talkpal.ai\/mt\/ezercizzji-tal-grammatika-kroata\/","name":"E\u017cer\u010bizzji tal-Grammatika Kroata - Talkpal","isPartOf":{"@id":"https:\/\/talkpal.ai\/mt\/#website"},"primaryImageOfPage":{"@id":"https:\/\/talkpal.ai\/mt\/ezercizzji-tal-grammatika-kroata\/#primaryimage"},"image":{"@id":"https:\/\/talkpal.ai\/mt\/ezercizzji-tal-grammatika-kroata\/#primaryimage"},"thumbnailUrl":"https:\/\/talkpal.ai\/wp-content\/uploads\/2023\/05\/croatia.png","datePublished":"2023-06-16T13:02:09+00:00","dateModified":"2025-12-17T16:26:20+00:00","description":"Kaptan il-Kroat b'e\u017cer\u010bizzji effettivi tal-grammatika Kroata li jissimplifikaw it-tag\u0127lim tat-tempi, il-verbi, u n-nomi g\u0127all-utenti.","breadcrumb":{"@id":"https:\/\/talkpal.ai\/mt\/ezercizzji-tal-grammatika-kroata\/#breadcrumb"},"inLanguage":"mt-MT","potentialAction":[{"@type":"ReadAction","target":["https:\/\/talkpal.ai\/mt\/ezercizzji-tal-grammatika-kroata\/"]}]},{"@type":"ImageObject","inLanguage":"mt-MT","@id":"https:\/\/talkpal.ai\/mt\/ezercizzji-tal-grammatika-kroata\/#primaryimage","url":"https:\/\/talkpal.ai\/wp-content\/uploads\/2023\/05\/croatia.png","contentUrl":"https:\/\/talkpal.ai\/wp-content\/uploads\/2023\/05\/croatia.png","width":512,"height":512,"caption":"TalkPal Croatia Flag"},{"@type":"BreadcrumbList","@id":"https:\/\/talkpal.ai\/mt\/ezercizzji-tal-grammatika-kroata\/#breadcrumb","itemListElement":[{"@type":"ListItem","position":1,"name":"Homepage","item":"https:\/\/talkpal.ai\/mt\/"},{"@type":"ListItem","position":2,"name":"E\u017cer\u010bizzji tal-Grammatika Kroata"}]},{"@type":"WebSite","@id":"https:\/\/talkpal.ai\/mt\/#website","url":"https:\/\/talkpal.ai\/mt\/","name":"Talkpal","description":"AI Language Learning","publisher":{"@id":"https:\/\/talkpal.ai\/mt\/#organization"},"alternateName":"Talkpal AI","potentialAction":[{"@type":"SearchAction","target":{"@type":"EntryPoint","urlTemplate":"https:\/\/talkpal.ai\/mt\/?s={search_term_string}"},"query-input":{"@type":"PropertyValueSpecification","valueRequired":true,"valueName":"search_term_string"}}],"inLanguage":"mt-MT"},{"@type":"Organization","@id":"https:\/\/talkpal.ai\/mt\/#organization","name":"Talkpal, Inc.","alternateName":"Talkpal AI","url":"https:\/\/talkpal.ai\/mt\/","logo":{"@type":"ImageObject","inLanguage":"mt-MT","@id":"https:\/\/talkpal.ai\/mt\/#\/schema\/logo\/image\/","url":"https:\/\/talkpal.ai\/wp-content\/uploads\/2024\/03\/Talkpal-Logo-Icon.png","contentUrl":"https:\/\/talkpal.ai\/wp-content\/uploads\/2024\/03\/Talkpal-Logo-Icon.png","width":2880,"height":2880,"caption":"Talkpal, Inc."},"image":{"@id":"https:\/\/talkpal.ai\/mt\/#\/schema\/logo\/image\/"},"sameAs":["https:\/\/www.facebook.com\/profile.php?id=100090733639311","https:\/\/x.com\/talkpalai","https:\/\/www.linkedin.com\/company\/talkpal\/","https:\/\/www.youtube.com\/@TalkPal\/","https:\/\/www.tiktok.com\/@talkpal","https:\/\/www.instagram.com\/talkpal_ai\/","https:\/\/www.crunchbase.com\/organization\/talkpal-9cde","https:\/\/www.g2.com\/products\/talkpal-for-business\/","https:\/\/www.trustpilot.com\/review\/talkpal.ai","https:\/\/www.capterra.com\/p\/10006800\/TalkPal\/"],"description":"Talkpal is a language learning web and mobile education app, powered by the latest AI technologies, that provides engaging experiences to its customers in many different languages to help them improve their language skills. Users can chat about unlimited amount of topics with the app and use other modes to practice their language learning.","email":"support@talkpal.ai","legalName":"Talkpal, Inc.","foundingDate":"2023-04-03","duns":"118989042","numberOfEmployees":{"@type":"QuantitativeValue","minValue":"11","maxValue":"50"},"publishingPrinciples":"https:\/\/talkpal.ai\/publishing-principles\/","actionableFeedbackPolicy":"https:\/\/talkpal.ai\/actionable-feedback-policy\/","correctionsPolicy":"https:\/\/talkpal.ai\/corrections-policy\/","ethicsPolicy":"https:\/\/talkpal.ai\/ethics-policy\/","diversityPolicy":"https:\/\/talkpal.ai\/diversity-policy\/","diversityStaffingReport":"https:\/\/talkpal.ai\/diversity-policy\/"}]}},"_links":{"self":[{"href":"https:\/\/talkpal.ai\/mt\/wp-json\/wp\/v2\/pages\/1446354","targetHints":{"allow":["GET"]}}],"collection":[{"href":"https:\/\/talkpal.ai\/mt\/wp-json\/wp\/v2\/pages"}],"about":[{"href":"https:\/\/talkpal.ai\/mt\/wp-json\/wp\/v2\/types\/page"}],"author":[{"embeddable":true,"href":"https:\/\/talkpal.ai\/mt\/wp-json\/wp\/v2\/users\/6"}],"replies":[{"embeddable":true,"href":"https:\/\/talkpal.ai\/mt\/wp-json\/wp\/v2\/comments?post=1446354"}],"version-history":[{"count":0,"href":"https:\/\/talkpal.ai\/mt\/wp-json\/wp\/v2\/pages\/1446354\/revisions"}],"wp:featuredmedia":[{"embeddable":true,"href":"https:\/\/talkpal.ai\/mt\/wp-json\/wp\/v2\/media\/1443536"}],"wp:attachment":[{"href":"https:\/\/talkpal.ai\/mt\/wp-json\/wp\/v2\/media?parent=1446354"}],"curies":[{"name":"wp","href":"https:\/\/api.w.org\/{rel}","templated":true}]}}