{"id":1446334,"date":"2023-06-21T14:18:43","date_gmt":"2023-06-21T14:18:43","guid":{"rendered":"https:\/\/talkpal.ai\/ezercizzji-tal-grammatika-griega\/"},"modified":"2025-12-17T16:04:13","modified_gmt":"2025-12-17T16:04:13","slug":"ezercizzji-tal-grammatika-griega","status":"publish","type":"page","link":"https:\/\/talkpal.ai\/mt\/ezercizzji-tal-grammatika-griega\/","title":{"rendered":"E\u017cer\u010bizzji tal-Grammatika Griega"},"content":{"rendered":"\r\n\r\n\r\n<section class=\"languageChallengeSection\">\r\n    <div class=\"languageInfoWrapper\">\r\n        \r\n        <h1>E\u017cer\u010bizzji tal-Grammatika Griega<\/h1>\r\n        <p>Ejja nag\u0127mlu t-tag\u0127lim tal-Grieg divertenti u fa\u010bli! Ipprova dawn l-e\u017cer\u010bizzji sempli\u010bi biex tipprattika xi fundamentali tal-grammatika Griega u tibda l-vja\u0121\u0121 lingwistiku tieg\u0127ek.<\/p>\r\n\r\n                            <a class=\"getStartedHidden\" href=\"https:\/\/app.talkpal.ai\/signup?lng=\">Ibda<\/a>\r\n        \r\n    <\/div>\r\n\r\n    <figure>\r\n    <img decoding=\"async\" width=\"768\" height=\"768\" src=\"https:\/\/talkpal.ai\/wp-content\/uploads\/2023\/06\/greek-768x768.png\" class=\"languageImage no-lazy\" alt=\"Language learning to boost personal capability\" fetchpriority=\"high\" sizes=\"(max-width: 768px) 150px, 768px\" srcset=\"https:\/\/talkpal.ai\/wp-content\/uploads\/2023\/06\/greek-768x768.png 768w, https:\/\/talkpal.ai\/wp-content\/uploads\/2023\/06\/greek-300x300.png 300w\" \/>\r\n    \r\n\r\n    <\/figure>\r\n\r\n            <a class=\"getStartedVisible\" href=\"https:\/\/app.talkpal.ai\/signup?lng=\">Ibda<\/a>\r\n    \r\n<\/section>\r\n\r\n\r\n<!-- <section class=\"grammarSection\">\r\n    <div class=\"grammarLinks\">\r\n            <\/div>\r\n<\/section> -->\r\n\r\n\r\n\r\n\r\n<section class=\"promotionalBanner\">\r\n    <p class=\"promotionalText\">L-aktar mod effi\u010bjenti biex titg\u0127allem lingwa<\/p>\r\n    <a class=\"promotionalLink\" href=\"https:\/\/app.talkpal.ai\/signup?lng=\">Ipprova Talkpal b&#8217;xejn<\/a>\r\n<\/section>\n<div class=\"wp-block-group pageContainerStyle\"><div class=\"wp-block-group__inner-container is-layout-constrained wp-block-group-is-layout-constrained\">\n<h2 class=\"wp-block-heading\" id=\"h-greek-grammar-topics\">Su\u0121\u0121etti tal-Grammatika Griega<\/h2>\n\n\n\n<p>It-tag\u0127lim tal-Grieg jista &#8216;jkun esperjenza oerh\u00f6rt ta&#8217; sodisfazzjon peress li jipprovdi bieb g\u0127al kultura, letteratura u storja rikka u diversa. Il-lingwa Griega g\u0127andha struttura grammatikali unika li tista &#8216;tkun affaxxinanti biex tesplora. Il-familjarizzazzjoni mal-grammatika Griega hija essenzjali biex titg\u0127allem il-lingwa, peress li tippermettilek tikkomunika b&#8217;mod effettiv u pre\u010bi\u017c. Din il-gwida se tipprovdilek \u0127arsa \u0121enerali lejn u\u0127ud mis-su\u0121\u0121etti ewlenin tal-grammatika Griega, mi\u0121bura f&#8217;sekwenza li twassal g\u0127at-tag\u0127lim tal-lingwa. Minn tempi u verbi g\u0127al prepo\u017cizzjonijiet u sentenzi, din il-gwida se tpo\u0121\u0121ik fit-triq biex issir profi\u010bjenti fil-Grieg.<\/p>\n\n\n\n<h3 class=\"wp-block-heading\" id=\"h-1-nouns\">1. Nomi:<\/h3>\n\n\n\n<p>In-nomi huma l-blokki tal-bini ta&#8217; kwalunkwe lingwa, u l-Grieg mhix e\u010b\u010bezzjoni. Jintu\u017caw biex jirrappre\u017centaw nies, postijiet, affarijiet, jew ideat. Fil-Grieg, in-nomi g\u0127andhom \u0121eneru (maskili, femminili, jew neutru), numru (singular jew plural), u ka\u017c (nominativ, \u0121enittiv, akku\u017cattiv, jew vokattiv). Il-fehim ta &#8216;dawn il-proprjetajiet u l-inflessjonijiet tag\u0127hom huwa kru\u010bjali g\u0127all-formazzjoni ta&#8217; sentenzi.<\/p>\n\n\n\n<h3 class=\"wp-block-heading\" id=\"h-2-articles\">2. Artikoli:<\/h3>\n\n\n\n<p>L-artikli bil-Grieg huma essenzjali biex tispe\u010bifika d-definittivit\u00e0 ta&#8217; nom. Huma jaqblu man-nom fis-sess, in-numru, u l-ka\u017c. Hemm artikli definiti (li jikkorrispondu g\u0127al &#8216;the&#8217;) u indefiniti (li jikkorrispondu g\u0127al &#8216;a&#8217; jew &#8216;an&#8217;) li g\u0127andek b\u017conn titg\u0127allem u tu\u017ca b&#8217;mod korrett.<\/p>\n\n\n\n<h3 class=\"wp-block-heading\" id=\"h-3-adjectives\">3. A\u0121\u0121ettivi:<\/h3>\n\n\n\n<p>L-a\u0121\u0121ettivi jiddeskrivu jew jimmodifikaw in-nomi, u jipprovdu informazzjoni addizzjonali dwar il-kwalitajiet jew il-karatteristi\u010bi tag\u0127hom. Fil-Grieg, l-a\u0121\u0121ettivi jaqblu man-nomi li jimmodifikaw fis-sess, in-numru, u l-ka\u017c, u g\u0127andhom deklinazzjonijiet differenti skont dawn il-proprjetajiet.<\/p>\n\n\n\n<h3 class=\"wp-block-heading\" id=\"h-4-pronouns-determiners\">4. Pronomi \/ Determinaturi:<\/h3>\n\n\n\n<p>Il-pronomi jintu\u017caw biex jissostitwixxu n-nomi, filwaqt li d-determinaturi jispe\u010bifikawhom jew jikkwantifikawhom. Fil-Grieg, kemm il-pronomi kif ukoll id-determinanti jg\u0127ixu g\u0127all-\u0121eneru, in-numru, u l-ka\u017c, b\u0127al nomi u a\u0121\u0121ettivi. Xi e\u017cempji jinkludu <a href=\"https:\/\/talkpal.ai\/ar\/grammar_exercises\/pronomi-personali-%d8%aa%d9%85%d8%a7%d8%b1%d9%8a%d9%86-%d9%84%d9%84%d9%82%d9%88%d8%a7%d8%b9%d8%af-%d8%a7%d9%84%d8%a5%d9%8a%d8%b7%d8%a7%d9%84%d9%8a%d8%a9\/\">pronomi personali<\/a> (I, you, he, she, etc.), pronomi dimostrattivi (dan, dak), u pronomi possessivi (tieg\u0127i, tieg\u0127ek, tieg\u0127u, tag\u0127ha, e\u010b\u010b.).<\/p>\n\n\n\n<h3 class=\"wp-block-heading\" id=\"h-5-verbs\">5. Verbi:<\/h3>\n\n\n\n<p>Il-verbi jesprimu azzjonijiet, okkorrenzi, jew stati. Il-verbi Griegi g\u0127andhom diversi forom skont it-temp, il-burdata, il-vu\u010bi, u l-persuna. Il-fehim tal-konjugazzjonijiet differenti u kif jintu\u017caw huwa kru\u010bjali g\u0127all-kostruzzjoni u l-fehim tas-sentenzi.<\/p>\n\n\n\n<h3 class=\"wp-block-heading\" id=\"h-6-tenses\">6. Tempi:<\/h3>\n\n\n\n<p>Il-Grieg g\u0127andu diversi tempi, b\u0127all-pre\u017cent, il-passat u l-futur. Kull temp jintu\u017ca biex jindika l-\u0127in ta&#8217; azzjoni, avveniment, jew stat. It-tag\u0127lim tat-tempijiet differenti u l-konjugazzjonijiet tag\u0127hom jg\u0127inek tesprimi ru\u0127ek b&#8217;mod pre\u010bi\u017c u tifhem lil \u0127addie\u0127or.<\/p>\n\n\n\n<h3 class=\"wp-block-heading\" id=\"h-7-tense-comparison\">7. Paragun tat-Tensjoni:<\/h3>\n\n\n\n<p>It-tqabbil tat-tempi fil-Grieg huwa importanti biex wie\u0127ed jifhem l-isfumaturi tal-lingwa. Dan jinvolvi tag\u0127lim kif tesprimi azzjonijiet jew stati li jse\u0127\u0127u simultanjament, sekwenzjalment, jew kondizzjonalment.<\/p>\n\n\n\n<h3 class=\"wp-block-heading\" id=\"h-8-progressive\">8. Progressiv:<\/h3>\n\n\n\n<p>L-aspett progressiv bil-Grieg jintu\u017ca biex jindika azzjonijiet kontinwi jew kontinwi. Learning how to form and use the progressive aspect will help you convey actions that are happening at the moment or were happening in the past.<\/p>\n\n\n\n<h3 class=\"wp-block-heading\" id=\"h-9-perfect-progressive\">9. Progressiv Perfett:<\/h3>\n\n\n\n<p>L-aspett progressiv perfett fil-Grieg jg\u0127aqqad il-kun\u010betti ta &#8216;tlestija u kontinwit\u00e0. Jintu\u017ca biex jesprimi azzjonijiet jew stati li bdew fil-passat u komplew sa \u010bertu punt fi\u017c-\u017cmien.<\/p>\n\n\n\n<h3 class=\"wp-block-heading\" id=\"h-10-adverbs\">10. Avverbji:<\/h3>\n\n\n\n<p>L-avverbji jipprovdu informazzjoni addizzjonali dwar verbi, a\u0121\u0121ettivi, jew avverbji o\u0127ra. Jistg\u0127u jesprimu mod, frekwenza, grad, \u0127in, jew post. It-tag\u0127lim tat-tipi differenti ta &#8216;avverbji u t-tqeg\u0127id xieraq tag\u0127hom f&#8217;sentenza se jtejjeb il-fluency \u0121enerali tieg\u0127ek fil-Grieg.<\/p>\n\n\n\n<h3 class=\"wp-block-heading\" id=\"h-11-conditionals\">11. Kondizzjonali:<\/h3>\n\n\n\n<p>Il-kondizzjonali jintu\u017caw biex jesprimu sitwazzjonijiet ipoteti\u010bi u l-konsegwenzi tag\u0127hom. Il-Grieg g\u0127andu diversi tipi ta &#8216;kundizzjonali, inklu\u017ci reali, irreali, u m\u0127allta. Il-fehim u l-u\u017cu tal-kondizzjonali huwa me\u0127tie\u0121 g\u0127all-espressjoni ta &#8216;\u0127sibijiet u ideat kumplessi.<\/p>\n\n\n\n<h3 class=\"wp-block-heading\" id=\"h-12-prepositions\">12. Prepo\u017cizzjonijiet:<\/h3>\n\n\n\n<p>Il-prepo\u017cizzjonijiet huma kliem \u017cg\u0127ir li jindikaw relazzjonijiet bejn nomi, pronomi, jew kliem ie\u0127or f&#8217;sentenza. Jistg\u0127u jesprimu post, \u0127in, direzzjoni, kaw\u017ca, u aktar. It-tag\u0127lim tad-diversi prepo\u017cizzjonijiet u l-u\u017cu korrett tag\u0127hom jg\u0127inek tifforma sentenzi aktar pre\u010bi\u017ci u koerenti.<\/p>\n\n\n\n<h3 class=\"wp-block-heading\" id=\"h-13-sentences\">13. Sentenzi:<\/h3>\n\n\n\n<p>Fl-a\u0127\u0127arnett, il-\u0127akma tal-istruttura tas-sentenza hija essenzjali g\u0127all-komunikazzjoni effettiva bil-Grieg. Dan jinvolvi l-fehim tal-ordni korretta tal-kliem u l-u\u017cu ta &#8216;diversi elementi grammatikali, b\u0127as-su\u0121\u0121ett, il-verb, u l-o\u0121\u0121ett. Billi titg\u0127allem kif tibni tipi differenti ta &#8216;sentenzi, tkun fi triqtek biex issir profi\u010bjenti fil-Grieg.<\/p>\n<\/div><\/div>\n\r\n<section class=\"learnNavigationSection\">\r\n            \r\n        <a href=\"https:\/\/talkpal.ai\/mt\/tghallem-il-grieg\/\">\r\n            <div class=\"learnNavigationWrapper\">\r\n                <div class=\"learnNavigationContent\">\r\n                    <img decoding=\"async\" src=\"https:\/\/talkpal.ai\/wp-content\/uploads\/2024\/08\/Greek.jpg\" alt=\"Greek Flag\">\r\n                    <div>\r\n                        <h4>Dwar it-Tag\u0127lim tal-Grieg<\/h4>\r\n                        <p>Sir af kollox dwar il-Grammatika Griega.<\/p>\r\n                    <\/div>\r\n                <\/div>\r\n            <\/div>\r\n        <\/a>\r\n\r\n        \r\n        <a href=\"https:\/\/talkpal.ai\/mt\/grammatika-griega\/\">\r\n            <div class=\"learnNavigationWrapper\">\r\n                <div class=\"learnNavigationContent\">\r\n                    <img decoding=\"async\" src=\"https:\/\/talkpal.ai\/wp-content\/uploads\/2024\/08\/Greek.jpg\" alt=\"Greek Flag\">\r\n                    <div>\r\n                        <h4>Lezzjonijiet tal-Grammatika Griega<\/h4>\r\n                        <p>Prattika grammatika Griega.<\/p>\r\n                    <\/div>\r\n                <\/div>\r\n            <\/div>\r\n        <\/a>\r\n\r\n        \r\n        <a href=\"https:\/\/talkpal.ai\/vocabulary_language\/greek\/\">\r\n            <div class=\"learnNavigationWrapper\">\r\n                <div class=\"learnNavigationContent\">\r\n                    <img decoding=\"async\" src=\"https:\/\/talkpal.ai\/wp-content\/uploads\/2024\/08\/Greek.jpg\" alt=\"Greek Flag\">\r\n                    <div>\r\n                        <h4>Vokabularju Grieg<\/h4>\r\n                        <p>Espandi l-vokabularju Grieg tieg\u0127ek.<\/p>\r\n                    <\/div>\r\n                <\/div>\r\n            <\/div>\r\n        <\/a>\r\n\r\n            <\/section>","protected":false},"excerpt":{"rendered":"<p>Su\u0121\u0121etti tal-Grammatika Griega It-tag\u0127lim tal-Grieg jista &#8216;jkun esperjenza oerh\u00f6rt ta&#8217; sodisfazzjon peress li jipprovdi bieb g\u0127al kultura, letteratura u storja rikka u diversa. Il-lingwa Griega g\u0127andha struttura grammatikali unika li tista &#8216;tkun affaxxinanti biex tesplora. Il-familjarizzazzjoni mal-grammatika Griega hija essenzjali biex titg\u0127allem il-lingwa, peress li tippermettilek tikkomunika b&#8217;mod effettiv u pre\u010bi\u017c. Din il-gwida se tipprovdilek [&hellip;]<\/p>\n","protected":false},"author":6,"featured_media":1443531,"parent":0,"menu_order":0,"comment_status":"closed","ping_status":"closed","template":"LearningContentPage.php","meta":{"_acf_changed":false,"footnotes":""},"class_list":["post-1446334","page","type-page","status-publish","has-post-thumbnail","hentry"],"acf":[],"yoast_head":"<!-- This site is optimized with the Yoast SEO Premium plugin v27.2 (Yoast SEO v27.2) - https:\/\/yoast.com\/product\/yoast-seo-premium-wordpress\/ -->\n<title>E\u017cer\u010bizzji tal-Grammatika Griega - Talkpal<\/title>\n<meta name=\"description\" content=\"Ittejjeb il-\u0127iliet tal-grammatika Griega tieg\u0127ek fa\u010bilment - prattika e\u017cer\u010bizzji interattivi, ittejjeb malajr, u tibni kunfidenza b&#039;TalkPal AI.\" \/>\n<meta name=\"robots\" content=\"index, follow, max-snippet:-1, max-image-preview:large, max-video-preview:-1\" \/>\n<link rel=\"canonical\" href=\"https:\/\/talkpal.ai\/mt\/ezercizzji-tal-grammatika-griega\/\" \/>\n<meta property=\"og:locale\" content=\"mt_MT\" \/>\n<meta property=\"og:type\" content=\"article\" \/>\n<meta property=\"og:title\" content=\"E\u017cer\u010bizzji tal-Grammatika Griega\" \/>\n<meta property=\"og:description\" content=\"Su\u0121\u0121etti tal-Grammatika Griega It-tag\u0127lim tal-Grieg jista &#039;jkun esperjenza oerh\u00f6rt ta&#039; sodisfazzjon peress li jipprovdi bieb g\u0127al kultura, letteratura u\" \/>\n<meta property=\"og:url\" content=\"https:\/\/talkpal.ai\/mt\/ezercizzji-tal-grammatika-griega\/\" \/>\n<meta property=\"og:site_name\" content=\"Talkpal\" \/>\n<meta property=\"article:publisher\" content=\"https:\/\/www.facebook.com\/profile.php?id=100090733639311\" \/>\n<meta property=\"article:modified_time\" content=\"2025-12-17T16:04:13+00:00\" \/>\n<meta property=\"og:image\" content=\"https:\/\/talkpal.ai\/wp-content\/uploads\/2023\/05\/greece.png\" \/>\n\t<meta property=\"og:image:width\" content=\"512\" \/>\n\t<meta property=\"og:image:height\" content=\"512\" \/>\n\t<meta property=\"og:image:type\" content=\"image\/png\" \/>\n<meta name=\"twitter:card\" content=\"summary_large_image\" \/>\n<meta name=\"twitter:site\" content=\"@talkpalai\" \/>\n<meta name=\"twitter:label1\" content=\"Est. reading time\" \/>\n\t<meta name=\"twitter:data1\" content=\"3 minutes\" \/>\n<script type=\"application\/ld+json\" class=\"yoast-schema-graph\">{\"@context\":\"https:\/\/schema.org\",\"@graph\":[{\"@type\":\"WebPage\",\"@id\":\"https:\/\/talkpal.ai\/mt\/ezercizzji-tal-grammatika-griega\/\",\"url\":\"https:\/\/talkpal.ai\/mt\/ezercizzji-tal-grammatika-griega\/\",\"name\":\"E\u017cer\u010bizzji tal-Grammatika Griega - Talkpal\",\"isPartOf\":{\"@id\":\"https:\/\/talkpal.ai\/mt\/#website\"},\"primaryImageOfPage\":{\"@id\":\"https:\/\/talkpal.ai\/mt\/ezercizzji-tal-grammatika-griega\/#primaryimage\"},\"image\":{\"@id\":\"https:\/\/talkpal.ai\/mt\/ezercizzji-tal-grammatika-griega\/#primaryimage\"},\"thumbnailUrl\":\"https:\/\/talkpal.ai\/wp-content\/uploads\/2023\/05\/greece.png\",\"datePublished\":\"2023-06-21T14:18:43+00:00\",\"dateModified\":\"2025-12-17T16:04:13+00:00\",\"description\":\"Ittejjeb il-\u0127iliet tal-grammatika Griega tieg\u0127ek fa\u010bilment - prattika e\u017cer\u010bizzji interattivi, ittejjeb malajr, u tibni kunfidenza b'TalkPal AI.\",\"breadcrumb\":{\"@id\":\"https:\/\/talkpal.ai\/mt\/ezercizzji-tal-grammatika-griega\/#breadcrumb\"},\"inLanguage\":\"mt-MT\",\"potentialAction\":[{\"@type\":\"ReadAction\",\"target\":[\"https:\/\/talkpal.ai\/mt\/ezercizzji-tal-grammatika-griega\/\"]}]},{\"@type\":\"ImageObject\",\"inLanguage\":\"mt-MT\",\"@id\":\"https:\/\/talkpal.ai\/mt\/ezercizzji-tal-grammatika-griega\/#primaryimage\",\"url\":\"https:\/\/talkpal.ai\/wp-content\/uploads\/2023\/05\/greece.png\",\"contentUrl\":\"https:\/\/talkpal.ai\/wp-content\/uploads\/2023\/05\/greece.png\",\"width\":512,\"height\":512,\"caption\":\"TalkPal Greece Flag\"},{\"@type\":\"BreadcrumbList\",\"@id\":\"https:\/\/talkpal.ai\/mt\/ezercizzji-tal-grammatika-griega\/#breadcrumb\",\"itemListElement\":[{\"@type\":\"ListItem\",\"position\":1,\"name\":\"Homepage\",\"item\":\"https:\/\/talkpal.ai\/mt\/\"},{\"@type\":\"ListItem\",\"position\":2,\"name\":\"E\u017cer\u010bizzji tal-Grammatika Griega\"}]},{\"@type\":\"WebSite\",\"@id\":\"https:\/\/talkpal.ai\/mt\/#website\",\"url\":\"https:\/\/talkpal.ai\/mt\/\",\"name\":\"Talkpal\",\"description\":\"AI Language Learning\",\"publisher\":{\"@id\":\"https:\/\/talkpal.ai\/mt\/#organization\"},\"alternateName\":\"Talkpal AI\",\"potentialAction\":[{\"@type\":\"SearchAction\",\"target\":{\"@type\":\"EntryPoint\",\"urlTemplate\":\"https:\/\/talkpal.ai\/mt\/?s={search_term_string}\"},\"query-input\":{\"@type\":\"PropertyValueSpecification\",\"valueRequired\":true,\"valueName\":\"search_term_string\"}}],\"inLanguage\":\"mt-MT\"},{\"@type\":\"Organization\",\"@id\":\"https:\/\/talkpal.ai\/mt\/#organization\",\"name\":\"Talkpal, Inc.\",\"alternateName\":\"Talkpal AI\",\"url\":\"https:\/\/talkpal.ai\/mt\/\",\"logo\":{\"@type\":\"ImageObject\",\"inLanguage\":\"mt-MT\",\"@id\":\"https:\/\/talkpal.ai\/mt\/#\/schema\/logo\/image\/\",\"url\":\"https:\/\/talkpal.ai\/wp-content\/uploads\/2024\/03\/Talkpal-Logo-Icon.png\",\"contentUrl\":\"https:\/\/talkpal.ai\/wp-content\/uploads\/2024\/03\/Talkpal-Logo-Icon.png\",\"width\":2880,\"height\":2880,\"caption\":\"Talkpal, Inc.\"},\"image\":{\"@id\":\"https:\/\/talkpal.ai\/mt\/#\/schema\/logo\/image\/\"},\"sameAs\":[\"https:\/\/www.facebook.com\/profile.php?id=100090733639311\",\"https:\/\/x.com\/talkpalai\",\"https:\/\/www.linkedin.com\/company\/talkpal\/\",\"https:\/\/www.youtube.com\/@TalkPal\/\",\"https:\/\/www.tiktok.com\/@talkpal\",\"https:\/\/www.instagram.com\/talkpal_ai\/\",\"https:\/\/www.crunchbase.com\/organization\/talkpal-9cde\",\"https:\/\/www.g2.com\/products\/talkpal-for-business\/\",\"https:\/\/www.trustpilot.com\/review\/talkpal.ai\",\"https:\/\/www.capterra.com\/p\/10006800\/TalkPal\/\"],\"description\":\"Talkpal is a language learning web and mobile education app, powered by the latest AI technologies, that provides engaging experiences to its customers in many different languages to help them improve their language skills. Users can chat about unlimited amount of topics with the app and use other modes to practice their language learning.\",\"email\":\"support@talkpal.ai\",\"legalName\":\"Talkpal, Inc.\",\"foundingDate\":\"2023-04-03\",\"duns\":\"118989042\",\"numberOfEmployees\":{\"@type\":\"QuantitativeValue\",\"minValue\":\"11\",\"maxValue\":\"50\"},\"publishingPrinciples\":\"https:\/\/talkpal.ai\/publishing-principles\/\",\"actionableFeedbackPolicy\":\"https:\/\/talkpal.ai\/actionable-feedback-policy\/\",\"correctionsPolicy\":\"https:\/\/talkpal.ai\/corrections-policy\/\",\"ethicsPolicy\":\"https:\/\/talkpal.ai\/ethics-policy\/\",\"diversityPolicy\":\"https:\/\/talkpal.ai\/diversity-policy\/\",\"diversityStaffingReport\":\"https:\/\/talkpal.ai\/diversity-policy\/\"}]}<\/script>\n<!-- \/ Yoast SEO Premium plugin. -->","yoast_head_json":{"title":"E\u017cer\u010bizzji tal-Grammatika Griega - Talkpal","description":"Ittejjeb il-\u0127iliet tal-grammatika Griega tieg\u0127ek fa\u010bilment - prattika e\u017cer\u010bizzji interattivi, ittejjeb malajr, u tibni kunfidenza b'TalkPal AI.","robots":{"index":"index","follow":"follow","max-snippet":"max-snippet:-1","max-image-preview":"max-image-preview:large","max-video-preview":"max-video-preview:-1"},"canonical":"https:\/\/talkpal.ai\/mt\/ezercizzji-tal-grammatika-griega\/","og_locale":"mt_MT","og_type":"article","og_title":"E\u017cer\u010bizzji tal-Grammatika Griega","og_description":"Su\u0121\u0121etti tal-Grammatika Griega It-tag\u0127lim tal-Grieg jista 'jkun esperjenza oerh\u00f6rt ta' sodisfazzjon peress li jipprovdi bieb g\u0127al kultura, letteratura u","og_url":"https:\/\/talkpal.ai\/mt\/ezercizzji-tal-grammatika-griega\/","og_site_name":"Talkpal","article_publisher":"https:\/\/www.facebook.com\/profile.php?id=100090733639311","article_modified_time":"2025-12-17T16:04:13+00:00","og_image":[{"width":512,"height":512,"url":"https:\/\/talkpal.ai\/wp-content\/uploads\/2023\/05\/greece.png","type":"image\/png"}],"twitter_card":"summary_large_image","twitter_site":"@talkpalai","twitter_misc":{"Est. reading time":"3 minutes"},"schema":{"@context":"https:\/\/schema.org","@graph":[{"@type":"WebPage","@id":"https:\/\/talkpal.ai\/mt\/ezercizzji-tal-grammatika-griega\/","url":"https:\/\/talkpal.ai\/mt\/ezercizzji-tal-grammatika-griega\/","name":"E\u017cer\u010bizzji tal-Grammatika Griega - Talkpal","isPartOf":{"@id":"https:\/\/talkpal.ai\/mt\/#website"},"primaryImageOfPage":{"@id":"https:\/\/talkpal.ai\/mt\/ezercizzji-tal-grammatika-griega\/#primaryimage"},"image":{"@id":"https:\/\/talkpal.ai\/mt\/ezercizzji-tal-grammatika-griega\/#primaryimage"},"thumbnailUrl":"https:\/\/talkpal.ai\/wp-content\/uploads\/2023\/05\/greece.png","datePublished":"2023-06-21T14:18:43+00:00","dateModified":"2025-12-17T16:04:13+00:00","description":"Ittejjeb il-\u0127iliet tal-grammatika Griega tieg\u0127ek fa\u010bilment - prattika e\u017cer\u010bizzji interattivi, ittejjeb malajr, u tibni kunfidenza b'TalkPal AI.","breadcrumb":{"@id":"https:\/\/talkpal.ai\/mt\/ezercizzji-tal-grammatika-griega\/#breadcrumb"},"inLanguage":"mt-MT","potentialAction":[{"@type":"ReadAction","target":["https:\/\/talkpal.ai\/mt\/ezercizzji-tal-grammatika-griega\/"]}]},{"@type":"ImageObject","inLanguage":"mt-MT","@id":"https:\/\/talkpal.ai\/mt\/ezercizzji-tal-grammatika-griega\/#primaryimage","url":"https:\/\/talkpal.ai\/wp-content\/uploads\/2023\/05\/greece.png","contentUrl":"https:\/\/talkpal.ai\/wp-content\/uploads\/2023\/05\/greece.png","width":512,"height":512,"caption":"TalkPal Greece Flag"},{"@type":"BreadcrumbList","@id":"https:\/\/talkpal.ai\/mt\/ezercizzji-tal-grammatika-griega\/#breadcrumb","itemListElement":[{"@type":"ListItem","position":1,"name":"Homepage","item":"https:\/\/talkpal.ai\/mt\/"},{"@type":"ListItem","position":2,"name":"E\u017cer\u010bizzji tal-Grammatika Griega"}]},{"@type":"WebSite","@id":"https:\/\/talkpal.ai\/mt\/#website","url":"https:\/\/talkpal.ai\/mt\/","name":"Talkpal","description":"AI Language Learning","publisher":{"@id":"https:\/\/talkpal.ai\/mt\/#organization"},"alternateName":"Talkpal AI","potentialAction":[{"@type":"SearchAction","target":{"@type":"EntryPoint","urlTemplate":"https:\/\/talkpal.ai\/mt\/?s={search_term_string}"},"query-input":{"@type":"PropertyValueSpecification","valueRequired":true,"valueName":"search_term_string"}}],"inLanguage":"mt-MT"},{"@type":"Organization","@id":"https:\/\/talkpal.ai\/mt\/#organization","name":"Talkpal, Inc.","alternateName":"Talkpal AI","url":"https:\/\/talkpal.ai\/mt\/","logo":{"@type":"ImageObject","inLanguage":"mt-MT","@id":"https:\/\/talkpal.ai\/mt\/#\/schema\/logo\/image\/","url":"https:\/\/talkpal.ai\/wp-content\/uploads\/2024\/03\/Talkpal-Logo-Icon.png","contentUrl":"https:\/\/talkpal.ai\/wp-content\/uploads\/2024\/03\/Talkpal-Logo-Icon.png","width":2880,"height":2880,"caption":"Talkpal, Inc."},"image":{"@id":"https:\/\/talkpal.ai\/mt\/#\/schema\/logo\/image\/"},"sameAs":["https:\/\/www.facebook.com\/profile.php?id=100090733639311","https:\/\/x.com\/talkpalai","https:\/\/www.linkedin.com\/company\/talkpal\/","https:\/\/www.youtube.com\/@TalkPal\/","https:\/\/www.tiktok.com\/@talkpal","https:\/\/www.instagram.com\/talkpal_ai\/","https:\/\/www.crunchbase.com\/organization\/talkpal-9cde","https:\/\/www.g2.com\/products\/talkpal-for-business\/","https:\/\/www.trustpilot.com\/review\/talkpal.ai","https:\/\/www.capterra.com\/p\/10006800\/TalkPal\/"],"description":"Talkpal is a language learning web and mobile education app, powered by the latest AI technologies, that provides engaging experiences to its customers in many different languages to help them improve their language skills. Users can chat about unlimited amount of topics with the app and use other modes to practice their language learning.","email":"support@talkpal.ai","legalName":"Talkpal, Inc.","foundingDate":"2023-04-03","duns":"118989042","numberOfEmployees":{"@type":"QuantitativeValue","minValue":"11","maxValue":"50"},"publishingPrinciples":"https:\/\/talkpal.ai\/publishing-principles\/","actionableFeedbackPolicy":"https:\/\/talkpal.ai\/actionable-feedback-policy\/","correctionsPolicy":"https:\/\/talkpal.ai\/corrections-policy\/","ethicsPolicy":"https:\/\/talkpal.ai\/ethics-policy\/","diversityPolicy":"https:\/\/talkpal.ai\/diversity-policy\/","diversityStaffingReport":"https:\/\/talkpal.ai\/diversity-policy\/"}]}},"_links":{"self":[{"href":"https:\/\/talkpal.ai\/mt\/wp-json\/wp\/v2\/pages\/1446334","targetHints":{"allow":["GET"]}}],"collection":[{"href":"https:\/\/talkpal.ai\/mt\/wp-json\/wp\/v2\/pages"}],"about":[{"href":"https:\/\/talkpal.ai\/mt\/wp-json\/wp\/v2\/types\/page"}],"author":[{"embeddable":true,"href":"https:\/\/talkpal.ai\/mt\/wp-json\/wp\/v2\/users\/6"}],"replies":[{"embeddable":true,"href":"https:\/\/talkpal.ai\/mt\/wp-json\/wp\/v2\/comments?post=1446334"}],"version-history":[{"count":0,"href":"https:\/\/talkpal.ai\/mt\/wp-json\/wp\/v2\/pages\/1446334\/revisions"}],"wp:featuredmedia":[{"embeddable":true,"href":"https:\/\/talkpal.ai\/mt\/wp-json\/wp\/v2\/media\/1443531"}],"wp:attachment":[{"href":"https:\/\/talkpal.ai\/mt\/wp-json\/wp\/v2\/media?parent=1446334"}],"curies":[{"name":"wp","href":"https:\/\/api.w.org\/{rel}","templated":true}]}}