{"id":1446329,"date":"2023-06-16T13:25:56","date_gmt":"2023-06-16T13:25:56","guid":{"rendered":"https:\/\/talkpal.ai\/ezercizzji-tal-grammatika-estonjana\/"},"modified":"2025-12-17T15:57:36","modified_gmt":"2025-12-17T15:57:36","slug":"ezercizzji-tal-grammatika-estonjana","status":"publish","type":"page","link":"https:\/\/talkpal.ai\/mt\/ezercizzji-tal-grammatika-estonjana\/","title":{"rendered":"E\u017cer\u010bizzji tal-Grammatika Estonjana"},"content":{"rendered":"\r\n\r\n\r\n<section class=\"languageChallengeSection\">\r\n    <div class=\"languageInfoWrapper\">\r\n        \r\n        <h1>E\u017cer\u010bizzji tal-Grammatika Estonjana<\/h1>\r\n        <p>Qed tfittex li titg\u0127allem l-Estonjan? E\u017cer\u010bizzji tal-grammatika ffukati huma l-mod perfett biex tifhem l-istruttura tas-sentenza, il-forom tal-verb, u l-mudelli ewlenin uni\u010bi g\u0127all-Estonjan. Ibda tipprattika l-grammatika Estonjana llum u ara l-\u0127iliet u l-kunfidenza tieg\u0127ek jikbru ma &#039;kull sessjoni!<\/p>\r\n\r\n                            <a class=\"getStartedHidden\" href=\"https:\/\/app.talkpal.ai\/signup?lng=\">Ibda<\/a>\r\n        \r\n    <\/div>\r\n\r\n    <figure>\r\n    <img decoding=\"async\" width=\"768\" height=\"768\" src=\"https:\/\/talkpal.ai\/wp-content\/uploads\/2023\/06\/Estonian-768x768.png\" class=\"languageImage no-lazy\" alt=\"Secret tricks of language learning\" fetchpriority=\"high\" sizes=\"(max-width: 768px) 150px, 768px\" srcset=\"https:\/\/talkpal.ai\/wp-content\/uploads\/2023\/06\/Estonian-768x768.png 768w, https:\/\/talkpal.ai\/wp-content\/uploads\/2023\/06\/Estonian-300x300.png 300w\" \/>\r\n    \r\n\r\n    <\/figure>\r\n\r\n            <a class=\"getStartedVisible\" href=\"https:\/\/app.talkpal.ai\/signup?lng=\">Ibda<\/a>\r\n    \r\n<\/section>\r\n\r\n\r\n<!-- <section class=\"grammarSection\">\r\n    <div class=\"grammarLinks\">\r\n            <\/div>\r\n<\/section> -->\r\n\r\n\r\n\r\n\r\n<section class=\"promotionalBanner\">\r\n    <p class=\"promotionalText\">L-aktar mod effi\u010bjenti biex titg\u0127allem lingwa<\/p>\r\n    <a class=\"promotionalLink\" href=\"https:\/\/app.talkpal.ai\/signup?lng=\">Ipprova Talkpal b&#8217;xejn<\/a>\r\n<\/section>\n<div class=\"wp-block-group pageContainerStyle\"><div class=\"wp-block-group__inner-container is-layout-constrained wp-block-group-is-layout-constrained\">\n<h2 class=\"wp-block-heading\" id=\"h-estonian-grammar-topics\">Su\u0121\u0121etti tal-Grammatika Estonjana<\/h2>\n\n\n\n<p>It-tag\u0127lim ta &#8216;lingwa \u0121dida jista&#8217; jkun vja\u0121\u0121 e\u010b\u010bitanti u ta &#8216;sodisfazzjon, li jifta\u0127 opportunitajiet \u0121odda g\u0127at-tkabbir personali, l-esplorazzjoni kulturali, u l-avvanz professjonali. L-Estonjan, b\u0127ala lingwa Uralika, joffri esperjenza lingwistika unika u affaxxinanti g\u0127all-istudenti li jistg\u0127u jkunu aktar familjari mal-lingwi Indo-Ewropej. Bis-sistema grammatikali kumplessa u l-vokabularju rikk tieg\u0127u, l-Estonjan jippre\u017centa opportunit\u00e0 ta&#8217; sfida u impenjattiva g\u0127ad-dilettanti tal-lingwa. Biex tag\u0127mel l-a\u0127jar u\u017cu mit-tag\u0127lim tal-lingwa Estonjana, huwa essenzjali li jkollok appro\u010b\u010b strutturat, li jiffoka fuq is-su\u0121\u0121etti grammatikali tag\u0127ha f&#8217;sekwenza li tg\u0127inek tibni pedament sod u gradwalment tavvanza l-\u0127iliet tieg\u0127ek.<\/p>\n\n\n\n<h3 class=\"wp-block-heading\" id=\"h-1-nouns-and-pronouns-determiners\">1. Nomi u Pronomi\/Determinaturi:<\/h3>\n\n\n\n<p>Ibda billi titg\u0127allem il-punti ba\u017ci\u010bi tan-nomi Estonjani, inklu\u017ci d-defi\u010bjonijiet u l-ka\u017cijiet tag\u0127hom. Familjarizza ru\u0127ek mal-pronomi u d-determinaturi li jie\u0127du l-istess forom b\u0127an-nomi, peress li huma essenzjali g\u0127all-bini ta &#8216;sentenzi sempli\u010bi.<\/p>\n\n\n\n<h3 class=\"wp-block-heading\" id=\"h-2-adjectives-and-adverbs\">2. A\u0121\u0121ettivi u Adverbji:<\/h3>\n\n\n\n<p>G\u0127addi g\u0127all-a\u0121\u0121ettivi, u titg\u0127allem kif jaqblu man-nomi li jimmodifikaw u kif tirrifjutahom. L-avverbji, li jipprovdu informazzjoni addizzjonali dwar verbi, a\u0121\u0121ettivi, u avverbji o\u0127ra, jg\u0127inuk to\u0127loq sentenzi aktar kumplessi u deskrittivi.<\/p>\n\n\n\n<h3 class=\"wp-block-heading\" id=\"h-3-verbs\">3. Verbi:<\/h3>\n\n\n\n<p>Il-konjugazzjoni tal-verb <a href=\"https:\/\/talkpal.ai\/learn-estonian\/\">Estonjan<\/a> tista &#8216;tkun delikata, i\u017cda hija essenzjali g\u0127all-\u0127akma tal-lingwa. Studja t-tipi differenti ta &#8216;verbi, ix-xejriet ta&#8217; konjugazzjoni tag\u0127hom, u d-diversi tempi biex jesprimu azzjonijiet u avvenimenti fil-pre\u017cent, fil-passat u fil-futur.<\/p>\n\n\n\n<h3 class=\"wp-block-heading\" id=\"h-4-tenses-and-tense-comparison\">4. Tqabbil tat-Tempijiet u t-Temp:<\/h3>\n\n\n\n<p>Approfondixxi l-fehim tieg\u0127ek tat-tempi billi tqabbel l-u\u017cu tag\u0127hom f&#8217;kuntesti differenti. Dan jg\u0127inek tag\u0127\u017cel it-temp xieraq biex twassal it-tifsira intenzjonata tieg\u0127ek b&#8217;mod pre\u010bi\u017c.<\/p>\n\n\n\n<h3 class=\"wp-block-heading\" id=\"h-5-progressive-and-perfect-progressive\">5. Progressiv u Progressiv Perfett:<\/h3>\n\n\n\n<p>Dawn l-aspetti tal-verbi Estonjani jesprimu azzjonijiet kontinwi jew kontinwi. Tg\u0127allem kif tifforma u tu\u017cahom biex i\u017c\u017cid sfumaturi mal-komunikazzjoni tieg\u0127ek.<\/p>\n\n\n\n<h3 class=\"wp-block-heading\" id=\"h-6-articles\">6. Artikoli:<\/h3>\n\n\n\n<p>L-Estonjan m&#8217;g\u0127andux artikli definiti jew indefiniti b\u0127all-<a href=\"https:\/\/talkpal.ai\/learn-english-with-ai\/\">Ingli\u017c<\/a>, i\u017cda huwa essenzjali li wie\u0127ed jifhem kif twassal l-istess tifsira bl-u\u017cu ta&#8217; g\u0127odod lingwisti\u010bi o\u0127ra.<\/p>\n\n\n\n<h3 class=\"wp-block-heading\" id=\"h-7-prepositions\">7. Prepo\u017cizzjonijiet:<\/h3>\n\n\n\n<p>Tg\u0127allem il-prepo\u017cizzjonijiet Estonjani biex tesprimi relazzjonijiet bejn il-kliem f&#8217;sentenza, b\u0127all-post, id-direzzjoni, u l-\u0127in.<\/p>\n\n\n\n<h3 class=\"wp-block-heading\" id=\"h-8-conditionals\">8. Kondizzjonali:<\/h3>\n\n\n\n<p>Kaptan il-burdata kondizzjonali biex tesprimi sitwazzjonijiet ipoteti\u010bi jew azzjonijiet dipendenti fuq kundizzjonijiet spe\u010bifi\u010bi.<\/p>\n\n\n\n<h3 class=\"wp-block-heading\" id=\"h-9-sentences\">9. Sentenzi:<\/h3>\n\n\n\n<p>Fl-a\u0127\u0127arnett, prattika l-kostruzzjoni ta &#8216;diversi tipi ta&#8217; sentenzi &#8211; sempli\u010bi, komposti, u kumplessi &#8211; billi tu\u017ca s-su\u0121\u0121etti kollha tal-grammatika li tg\u0127allimt. Dan jg\u0127inek issir aktar fluwenti u kunfidenti fil-\u0127iliet ta&#8217; komunikazzjoni Estonjana tieg\u0127ek.<\/p>\n<\/div><\/div>\n\r\n<section class=\"learnNavigationSection\">\r\n            \r\n        <a href=\"https:\/\/talkpal.ai\/mt\/tghallem-l-estonjan\/\">\r\n            <div class=\"learnNavigationWrapper\">\r\n                <div class=\"learnNavigationContent\">\r\n                    <img decoding=\"async\" src=\"https:\/\/talkpal.ai\/wp-content\/uploads\/2024\/08\/Estonian.jpg\" alt=\"Estonian Flag\">\r\n                    <div>\r\n                        <h4>Dwar it-Tag\u0127lim Estonjan<\/h4>\r\n                        <p>Sir af kollox dwar il-grammatika Estonjana.<\/p>\r\n                    <\/div>\r\n                <\/div>\r\n            <\/div>\r\n        <\/a>\r\n\r\n        \r\n        <a href=\"https:\/\/talkpal.ai\/mt\/grammatika-estonjana\/\">\r\n            <div class=\"learnNavigationWrapper\">\r\n                <div class=\"learnNavigationContent\">\r\n                    <img decoding=\"async\" src=\"https:\/\/talkpal.ai\/wp-content\/uploads\/2024\/08\/Estonian.jpg\" alt=\"Estonian Flag\">\r\n                    <div>\r\n                        <h4>Lezzjonijiet tal-Grammatika Estonjana<\/h4>\r\n                        <p>Ipprattika l-grammatika Estonjana.<\/p>\r\n                    <\/div>\r\n                <\/div>\r\n            <\/div>\r\n        <\/a>\r\n\r\n        \r\n        <a href=\"https:\/\/talkpal.ai\/vocabulary_language\/estonian\/\">\r\n            <div class=\"learnNavigationWrapper\">\r\n                <div class=\"learnNavigationContent\">\r\n                    <img decoding=\"async\" src=\"https:\/\/talkpal.ai\/wp-content\/uploads\/2024\/08\/Estonian.jpg\" alt=\"Estonian Flag\">\r\n                    <div>\r\n                        <h4>Vokabularju Estonjan<\/h4>\r\n                        <p>Espandi l-vokabularju Estonjan tieg\u0127ek.<\/p>\r\n                    <\/div>\r\n                <\/div>\r\n            <\/div>\r\n        <\/a>\r\n\r\n            <\/section>","protected":false},"excerpt":{"rendered":"<p>Su\u0121\u0121etti tal-Grammatika Estonjana It-tag\u0127lim ta &#8216;lingwa \u0121dida jista&#8217; jkun vja\u0121\u0121 e\u010b\u010bitanti u ta &#8216;sodisfazzjon, li jifta\u0127 opportunitajiet \u0121odda g\u0127at-tkabbir personali, l-esplorazzjoni kulturali, u l-avvanz professjonali. L-Estonjan, b\u0127ala lingwa Uralika, joffri esperjenza lingwistika unika u affaxxinanti g\u0127all-istudenti li jistg\u0127u jkunu aktar familjari mal-lingwi Indo-Ewropej. Bis-sistema grammatikali kumplessa u l-vokabularju rikk tieg\u0127u, l-Estonjan jippre\u017centa opportunit\u00e0 ta&#8217; sfida [&hellip;]<\/p>\n","protected":false},"author":6,"featured_media":1443518,"parent":0,"menu_order":0,"comment_status":"closed","ping_status":"closed","template":"LearningContentPage.php","meta":{"_acf_changed":false,"footnotes":""},"class_list":["post-1446329","page","type-page","status-publish","has-post-thumbnail","hentry"],"acf":[],"yoast_head":"<!-- This site is optimized with the Yoast SEO Premium plugin v27.2 (Yoast SEO v27.2) - https:\/\/yoast.com\/product\/yoast-seo-premium-wordpress\/ -->\n<title>E\u017cer\u010bizzji tal-Grammatika Estonjana - Talkpal<\/title>\n<meta name=\"description\" content=\"Ipprattika l-grammatika Estonjana b&#039;e\u017cer\u010bizzji interattivi mfassla biex itejbu l-\u0127iliet lingwisti\u010bi tieg\u0127ek malajr u b&#039;mod effettiv.\" \/>\n<meta name=\"robots\" content=\"index, follow, max-snippet:-1, max-image-preview:large, max-video-preview:-1\" \/>\n<link rel=\"canonical\" href=\"https:\/\/talkpal.ai\/mt\/ezercizzji-tal-grammatika-estonjana\/\" \/>\n<meta property=\"og:locale\" content=\"mt_MT\" \/>\n<meta property=\"og:type\" content=\"article\" \/>\n<meta property=\"og:title\" content=\"E\u017cer\u010bizzji tal-Grammatika Estonjana\" \/>\n<meta property=\"og:description\" content=\"Su\u0121\u0121etti tal-Grammatika Estonjana It-tag\u0127lim ta &#039;lingwa \u0121dida jista&#039; jkun vja\u0121\u0121 e\u010b\u010bitanti u ta &#039;sodisfazzjon, li jifta\u0127 opportunitajiet \u0121odda g\u0127at-tkabbir\" \/>\n<meta property=\"og:url\" content=\"https:\/\/talkpal.ai\/mt\/ezercizzji-tal-grammatika-estonjana\/\" \/>\n<meta property=\"og:site_name\" content=\"Talkpal\" \/>\n<meta property=\"article:publisher\" content=\"https:\/\/www.facebook.com\/profile.php?id=100090733639311\" \/>\n<meta property=\"article:modified_time\" content=\"2025-12-17T15:57:36+00:00\" \/>\n<meta property=\"og:image\" content=\"https:\/\/talkpal.ai\/wp-content\/uploads\/2023\/05\/estonia.png\" \/>\n\t<meta property=\"og:image:width\" content=\"512\" \/>\n\t<meta property=\"og:image:height\" content=\"512\" \/>\n\t<meta property=\"og:image:type\" content=\"image\/png\" \/>\n<meta name=\"twitter:card\" content=\"summary_large_image\" \/>\n<meta name=\"twitter:site\" content=\"@talkpalai\" \/>\n<meta name=\"twitter:label1\" content=\"Est. reading time\" \/>\n\t<meta name=\"twitter:data1\" content=\"2 minutes\" \/>\n<script type=\"application\/ld+json\" class=\"yoast-schema-graph\">{\"@context\":\"https:\/\/schema.org\",\"@graph\":[{\"@type\":\"WebPage\",\"@id\":\"https:\/\/talkpal.ai\/mt\/ezercizzji-tal-grammatika-estonjana\/\",\"url\":\"https:\/\/talkpal.ai\/mt\/ezercizzji-tal-grammatika-estonjana\/\",\"name\":\"E\u017cer\u010bizzji tal-Grammatika Estonjana - Talkpal\",\"isPartOf\":{\"@id\":\"https:\/\/talkpal.ai\/mt\/#website\"},\"primaryImageOfPage\":{\"@id\":\"https:\/\/talkpal.ai\/mt\/ezercizzji-tal-grammatika-estonjana\/#primaryimage\"},\"image\":{\"@id\":\"https:\/\/talkpal.ai\/mt\/ezercizzji-tal-grammatika-estonjana\/#primaryimage\"},\"thumbnailUrl\":\"https:\/\/talkpal.ai\/wp-content\/uploads\/2023\/05\/estonia.png\",\"datePublished\":\"2023-06-16T13:25:56+00:00\",\"dateModified\":\"2025-12-17T15:57:36+00:00\",\"description\":\"Ipprattika l-grammatika Estonjana b'e\u017cer\u010bizzji interattivi mfassla biex itejbu l-\u0127iliet lingwisti\u010bi tieg\u0127ek malajr u b'mod effettiv.\",\"breadcrumb\":{\"@id\":\"https:\/\/talkpal.ai\/mt\/ezercizzji-tal-grammatika-estonjana\/#breadcrumb\"},\"inLanguage\":\"mt-MT\",\"potentialAction\":[{\"@type\":\"ReadAction\",\"target\":[\"https:\/\/talkpal.ai\/mt\/ezercizzji-tal-grammatika-estonjana\/\"]}]},{\"@type\":\"ImageObject\",\"inLanguage\":\"mt-MT\",\"@id\":\"https:\/\/talkpal.ai\/mt\/ezercizzji-tal-grammatika-estonjana\/#primaryimage\",\"url\":\"https:\/\/talkpal.ai\/wp-content\/uploads\/2023\/05\/estonia.png\",\"contentUrl\":\"https:\/\/talkpal.ai\/wp-content\/uploads\/2023\/05\/estonia.png\",\"width\":512,\"height\":512,\"caption\":\"TalkPal Estonia Flag\"},{\"@type\":\"BreadcrumbList\",\"@id\":\"https:\/\/talkpal.ai\/mt\/ezercizzji-tal-grammatika-estonjana\/#breadcrumb\",\"itemListElement\":[{\"@type\":\"ListItem\",\"position\":1,\"name\":\"Homepage\",\"item\":\"https:\/\/talkpal.ai\/mt\/\"},{\"@type\":\"ListItem\",\"position\":2,\"name\":\"E\u017cer\u010bizzji tal-Grammatika Estonjana\"}]},{\"@type\":\"WebSite\",\"@id\":\"https:\/\/talkpal.ai\/mt\/#website\",\"url\":\"https:\/\/talkpal.ai\/mt\/\",\"name\":\"Talkpal\",\"description\":\"AI Language Learning\",\"publisher\":{\"@id\":\"https:\/\/talkpal.ai\/mt\/#organization\"},\"alternateName\":\"Talkpal AI\",\"potentialAction\":[{\"@type\":\"SearchAction\",\"target\":{\"@type\":\"EntryPoint\",\"urlTemplate\":\"https:\/\/talkpal.ai\/mt\/?s={search_term_string}\"},\"query-input\":{\"@type\":\"PropertyValueSpecification\",\"valueRequired\":true,\"valueName\":\"search_term_string\"}}],\"inLanguage\":\"mt-MT\"},{\"@type\":\"Organization\",\"@id\":\"https:\/\/talkpal.ai\/mt\/#organization\",\"name\":\"Talkpal, Inc.\",\"alternateName\":\"Talkpal AI\",\"url\":\"https:\/\/talkpal.ai\/mt\/\",\"logo\":{\"@type\":\"ImageObject\",\"inLanguage\":\"mt-MT\",\"@id\":\"https:\/\/talkpal.ai\/mt\/#\/schema\/logo\/image\/\",\"url\":\"https:\/\/talkpal.ai\/wp-content\/uploads\/2024\/03\/Talkpal-Logo-Icon.png\",\"contentUrl\":\"https:\/\/talkpal.ai\/wp-content\/uploads\/2024\/03\/Talkpal-Logo-Icon.png\",\"width\":2880,\"height\":2880,\"caption\":\"Talkpal, Inc.\"},\"image\":{\"@id\":\"https:\/\/talkpal.ai\/mt\/#\/schema\/logo\/image\/\"},\"sameAs\":[\"https:\/\/www.facebook.com\/profile.php?id=100090733639311\",\"https:\/\/x.com\/talkpalai\",\"https:\/\/www.linkedin.com\/company\/talkpal\/\",\"https:\/\/www.youtube.com\/@TalkPal\/\",\"https:\/\/www.tiktok.com\/@talkpal\",\"https:\/\/www.instagram.com\/talkpal_ai\/\",\"https:\/\/www.crunchbase.com\/organization\/talkpal-9cde\",\"https:\/\/www.g2.com\/products\/talkpal-for-business\/\",\"https:\/\/www.trustpilot.com\/review\/talkpal.ai\",\"https:\/\/www.capterra.com\/p\/10006800\/TalkPal\/\"],\"description\":\"Talkpal is a language learning web and mobile education app, powered by the latest AI technologies, that provides engaging experiences to its customers in many different languages to help them improve their language skills. Users can chat about unlimited amount of topics with the app and use other modes to practice their language learning.\",\"email\":\"support@talkpal.ai\",\"legalName\":\"Talkpal, Inc.\",\"foundingDate\":\"2023-04-03\",\"duns\":\"118989042\",\"numberOfEmployees\":{\"@type\":\"QuantitativeValue\",\"minValue\":\"11\",\"maxValue\":\"50\"},\"publishingPrinciples\":\"https:\/\/talkpal.ai\/publishing-principles\/\",\"actionableFeedbackPolicy\":\"https:\/\/talkpal.ai\/actionable-feedback-policy\/\",\"correctionsPolicy\":\"https:\/\/talkpal.ai\/corrections-policy\/\",\"ethicsPolicy\":\"https:\/\/talkpal.ai\/ethics-policy\/\",\"diversityPolicy\":\"https:\/\/talkpal.ai\/diversity-policy\/\",\"diversityStaffingReport\":\"https:\/\/talkpal.ai\/diversity-policy\/\"}]}<\/script>\n<!-- \/ Yoast SEO Premium plugin. -->","yoast_head_json":{"title":"E\u017cer\u010bizzji tal-Grammatika Estonjana - Talkpal","description":"Ipprattika l-grammatika Estonjana b'e\u017cer\u010bizzji interattivi mfassla biex itejbu l-\u0127iliet lingwisti\u010bi tieg\u0127ek malajr u b'mod effettiv.","robots":{"index":"index","follow":"follow","max-snippet":"max-snippet:-1","max-image-preview":"max-image-preview:large","max-video-preview":"max-video-preview:-1"},"canonical":"https:\/\/talkpal.ai\/mt\/ezercizzji-tal-grammatika-estonjana\/","og_locale":"mt_MT","og_type":"article","og_title":"E\u017cer\u010bizzji tal-Grammatika Estonjana","og_description":"Su\u0121\u0121etti tal-Grammatika Estonjana It-tag\u0127lim ta 'lingwa \u0121dida jista' jkun vja\u0121\u0121 e\u010b\u010bitanti u ta 'sodisfazzjon, li jifta\u0127 opportunitajiet \u0121odda g\u0127at-tkabbir","og_url":"https:\/\/talkpal.ai\/mt\/ezercizzji-tal-grammatika-estonjana\/","og_site_name":"Talkpal","article_publisher":"https:\/\/www.facebook.com\/profile.php?id=100090733639311","article_modified_time":"2025-12-17T15:57:36+00:00","og_image":[{"width":512,"height":512,"url":"https:\/\/talkpal.ai\/wp-content\/uploads\/2023\/05\/estonia.png","type":"image\/png"}],"twitter_card":"summary_large_image","twitter_site":"@talkpalai","twitter_misc":{"Est. reading time":"2 minutes"},"schema":{"@context":"https:\/\/schema.org","@graph":[{"@type":"WebPage","@id":"https:\/\/talkpal.ai\/mt\/ezercizzji-tal-grammatika-estonjana\/","url":"https:\/\/talkpal.ai\/mt\/ezercizzji-tal-grammatika-estonjana\/","name":"E\u017cer\u010bizzji tal-Grammatika Estonjana - Talkpal","isPartOf":{"@id":"https:\/\/talkpal.ai\/mt\/#website"},"primaryImageOfPage":{"@id":"https:\/\/talkpal.ai\/mt\/ezercizzji-tal-grammatika-estonjana\/#primaryimage"},"image":{"@id":"https:\/\/talkpal.ai\/mt\/ezercizzji-tal-grammatika-estonjana\/#primaryimage"},"thumbnailUrl":"https:\/\/talkpal.ai\/wp-content\/uploads\/2023\/05\/estonia.png","datePublished":"2023-06-16T13:25:56+00:00","dateModified":"2025-12-17T15:57:36+00:00","description":"Ipprattika l-grammatika Estonjana b'e\u017cer\u010bizzji interattivi mfassla biex itejbu l-\u0127iliet lingwisti\u010bi tieg\u0127ek malajr u b'mod effettiv.","breadcrumb":{"@id":"https:\/\/talkpal.ai\/mt\/ezercizzji-tal-grammatika-estonjana\/#breadcrumb"},"inLanguage":"mt-MT","potentialAction":[{"@type":"ReadAction","target":["https:\/\/talkpal.ai\/mt\/ezercizzji-tal-grammatika-estonjana\/"]}]},{"@type":"ImageObject","inLanguage":"mt-MT","@id":"https:\/\/talkpal.ai\/mt\/ezercizzji-tal-grammatika-estonjana\/#primaryimage","url":"https:\/\/talkpal.ai\/wp-content\/uploads\/2023\/05\/estonia.png","contentUrl":"https:\/\/talkpal.ai\/wp-content\/uploads\/2023\/05\/estonia.png","width":512,"height":512,"caption":"TalkPal Estonia Flag"},{"@type":"BreadcrumbList","@id":"https:\/\/talkpal.ai\/mt\/ezercizzji-tal-grammatika-estonjana\/#breadcrumb","itemListElement":[{"@type":"ListItem","position":1,"name":"Homepage","item":"https:\/\/talkpal.ai\/mt\/"},{"@type":"ListItem","position":2,"name":"E\u017cer\u010bizzji tal-Grammatika Estonjana"}]},{"@type":"WebSite","@id":"https:\/\/talkpal.ai\/mt\/#website","url":"https:\/\/talkpal.ai\/mt\/","name":"Talkpal","description":"AI Language Learning","publisher":{"@id":"https:\/\/talkpal.ai\/mt\/#organization"},"alternateName":"Talkpal AI","potentialAction":[{"@type":"SearchAction","target":{"@type":"EntryPoint","urlTemplate":"https:\/\/talkpal.ai\/mt\/?s={search_term_string}"},"query-input":{"@type":"PropertyValueSpecification","valueRequired":true,"valueName":"search_term_string"}}],"inLanguage":"mt-MT"},{"@type":"Organization","@id":"https:\/\/talkpal.ai\/mt\/#organization","name":"Talkpal, Inc.","alternateName":"Talkpal AI","url":"https:\/\/talkpal.ai\/mt\/","logo":{"@type":"ImageObject","inLanguage":"mt-MT","@id":"https:\/\/talkpal.ai\/mt\/#\/schema\/logo\/image\/","url":"https:\/\/talkpal.ai\/wp-content\/uploads\/2024\/03\/Talkpal-Logo-Icon.png","contentUrl":"https:\/\/talkpal.ai\/wp-content\/uploads\/2024\/03\/Talkpal-Logo-Icon.png","width":2880,"height":2880,"caption":"Talkpal, Inc."},"image":{"@id":"https:\/\/talkpal.ai\/mt\/#\/schema\/logo\/image\/"},"sameAs":["https:\/\/www.facebook.com\/profile.php?id=100090733639311","https:\/\/x.com\/talkpalai","https:\/\/www.linkedin.com\/company\/talkpal\/","https:\/\/www.youtube.com\/@TalkPal\/","https:\/\/www.tiktok.com\/@talkpal","https:\/\/www.instagram.com\/talkpal_ai\/","https:\/\/www.crunchbase.com\/organization\/talkpal-9cde","https:\/\/www.g2.com\/products\/talkpal-for-business\/","https:\/\/www.trustpilot.com\/review\/talkpal.ai","https:\/\/www.capterra.com\/p\/10006800\/TalkPal\/"],"description":"Talkpal is a language learning web and mobile education app, powered by the latest AI technologies, that provides engaging experiences to its customers in many different languages to help them improve their language skills. Users can chat about unlimited amount of topics with the app and use other modes to practice their language learning.","email":"support@talkpal.ai","legalName":"Talkpal, Inc.","foundingDate":"2023-04-03","duns":"118989042","numberOfEmployees":{"@type":"QuantitativeValue","minValue":"11","maxValue":"50"},"publishingPrinciples":"https:\/\/talkpal.ai\/publishing-principles\/","actionableFeedbackPolicy":"https:\/\/talkpal.ai\/actionable-feedback-policy\/","correctionsPolicy":"https:\/\/talkpal.ai\/corrections-policy\/","ethicsPolicy":"https:\/\/talkpal.ai\/ethics-policy\/","diversityPolicy":"https:\/\/talkpal.ai\/diversity-policy\/","diversityStaffingReport":"https:\/\/talkpal.ai\/diversity-policy\/"}]}},"_links":{"self":[{"href":"https:\/\/talkpal.ai\/mt\/wp-json\/wp\/v2\/pages\/1446329","targetHints":{"allow":["GET"]}}],"collection":[{"href":"https:\/\/talkpal.ai\/mt\/wp-json\/wp\/v2\/pages"}],"about":[{"href":"https:\/\/talkpal.ai\/mt\/wp-json\/wp\/v2\/types\/page"}],"author":[{"embeddable":true,"href":"https:\/\/talkpal.ai\/mt\/wp-json\/wp\/v2\/users\/6"}],"replies":[{"embeddable":true,"href":"https:\/\/talkpal.ai\/mt\/wp-json\/wp\/v2\/comments?post=1446329"}],"version-history":[{"count":0,"href":"https:\/\/talkpal.ai\/mt\/wp-json\/wp\/v2\/pages\/1446329\/revisions"}],"wp:featuredmedia":[{"embeddable":true,"href":"https:\/\/talkpal.ai\/mt\/wp-json\/wp\/v2\/media\/1443518"}],"wp:attachment":[{"href":"https:\/\/talkpal.ai\/mt\/wp-json\/wp\/v2\/media?parent=1446329"}],"curies":[{"name":"wp","href":"https:\/\/api.w.org\/{rel}","templated":true}]}}