{"id":1445918,"date":"2023-03-26T11:55:54","date_gmt":"2023-03-26T11:55:54","guid":{"rendered":"https:\/\/talkpal.ai\/grammatika-spanjola\/"},"modified":"2025-09-06T20:33:31","modified_gmt":"2025-09-06T20:33:31","slug":"grammatika-spanjola","status":"publish","type":"page","link":"https:\/\/talkpal.ai\/mt\/grammatika-spanjola\/","title":{"rendered":"Grammatika Spanjola"},"content":{"rendered":"\r\n\r\n\r\n<section class=\"languageChallengeSection\">\r\n    <div class=\"languageInfoWrapper\">\r\n        \r\n        <h1>Grammatika Spanjola<\/h1>\r\n        <p>Dive into the vibrant world of Spanish by mastering its essential grammar rules. Il-fehim tal-grammatika Spanjola jg\u0127inek tikkomunika b&#039;kunfidenza u tifta\u0127 konnessjonijiet \u0121odda ma&#039; miljuni ta&#039; kelliema madwar id-dinja. Ibda titg\u0127allem il-grammatika Spanjola llum u \u0127u l-ewwel pass tieg\u0127ek lejn il-fluwenza!<\/p>\r\n\r\n                            <a class=\"getStartedHidden\" href=\"https:\/\/app.talkpal.ai\/signup?lng=\">Ibda<\/a>\r\n        \r\n    <\/div>\r\n\r\n    <figure>\r\n    <img decoding=\"async\" width=\"768\" height=\"768\" src=\"https:\/\/talkpal.ai\/wp-content\/uploads\/2023\/06\/Spanish-768x768.png\" class=\"languageImage no-lazy\" alt=\"Practical application of language learning\" fetchpriority=\"high\" sizes=\"(max-width: 768px) 150px, 768px\" srcset=\"https:\/\/talkpal.ai\/wp-content\/uploads\/2023\/06\/Spanish-768x768.png 768w, https:\/\/talkpal.ai\/wp-content\/uploads\/2023\/06\/Spanish-300x300.png 300w\" \/>\r\n    \r\n\r\n    <\/figure>\r\n\r\n            <a class=\"getStartedVisible\" href=\"https:\/\/app.talkpal.ai\/signup?lng=\">Ibda<\/a>\r\n    \r\n<\/section>\r\n<section class=\"promotionalBanner\">\r\n    <p class=\"promotionalText\"><\/p>\r\n    <a class=\"promotionalLink\" href=\"https:\/\/app.talkpal.ai\/signup?lng=\"><\/a>\r\n<\/section>\n<div class=\"wp-block-group pageContainerStyle\"><div class=\"wp-block-group__inner-container is-layout-constrained wp-block-group-is-layout-constrained\">\n<h2 class=\"wp-block-heading\" id=\"h-a-quick-guide-to-learning-spanish-grammar\">Gwida ta &#8216;Malajr g\u0127at-Tag\u0127lim tal-Grammatika Spanjola<\/h2>\n\n\n\n<p>Jekk qatt \u0127sibt li titg\u0127allem lingwa \u0121dida, i\u010b-\u010bansijiet huma g\u0127oljin li l-Ispanjol g\u0127adda minn mo\u0127\u0127ok. B\u0127ala wa\u0127da mill-aktar lingwi mitkellma madwar id-dinja, l-Ispanjol joffri bosta benefi\u010b\u010bji g\u0127at-tkabbir personali u professjonali. It-tag\u0127lim tal-Ispanjol mhux biss jag\u0127tik a\u010b\u010bess g\u0127al kulturi \u0121odda i\u017cda jtejjeb ukoll il-\u0127iliet ta &#8216;komunikazzjoni tieg\u0127ek. G\u0127alkemm \u0127afna nies jib\u017cg\u0127u li jit\u0127abblu fir-regoli tal-grammatika, tista &#8216;tie\u0127u nifs ta&#8217; ser\u0127an, peress li l-grammatika Spanjola hija relattivament sempli\u010bi. F&#8217;dan l-artikolu, a\u0127na ser nipprovdulek gwida ta &#8216;malajr biex ng\u0127inuk tinnaviga fid-dinja e\u010b\u010bitanti tal-grammatika Spanjola b\u0127al pro!<\/p>\n\n\n\n<h3 class=\"wp-block-heading\" id=\"h-1-understanding-spanish-nouns-and-articles\">1. Nifhmu Nomi u Artikli Spanjoli<\/h3>\n\n\n\n<p>In-nomi Spanjoli, b\u0127al fl-<a href=\"https:\/\/talkpal.ai\/learn-english-with-ai\/\">Ingli\u017c<\/a>, jintu\u017caw biex jidentifikaw nies, postijiet, o\u0121\u0121etti, ideat u sentimenti. L-ewwel regola li g\u0127andek tiftakar dwar in-nomi Spanjoli hija li g\u0127andhom is-sess. In-nomi Spanjoli huma maskili jew femminili. Pere\u017cempju, &#8216;libro&#8217; (ktieb) huwa maskili, u &#8216;casa&#8217; (dar) huwa femminili. \u0126afna drabi, in-nomi li jispi\u010b\u010baw b&#8217;o&#8217; huma maskili, filwaqt li dawk li jispi\u010b\u010baw b&#8217;a&#8217; huma femminili.<\/p>\n\n\n\n<p>L-artikli Spanjoli huma simili g\u0127all-Ingli\u017c &#8216;the&#8217;, &#8216;a&#8217;, jew &#8216;an&#8217;. Huma parti kru\u010bjali tal-lingwa peress li g\u0127andhom jaqblu mal-\u0121eneru u n-numru tan-nom li jiddeskrivu. Hemm erba &#8216;tipi ta&#8217; artikli Spanjoli:<\/p>\n\n\n\n<p><strong>\u2013 Artikli definiti:<\/strong> el (is-singular maskili), la (is-singular femminili), los (il-plural maskili), u las (il-plural femminili).<br\/><strong>\u2013 Artikli indefiniti:<\/strong> un (a\/singular maskili), una (a\/singular femminili), unos (xi plural maskili), u unas (xi plural femminili).<\/p>\n\n\n\n<h3 class=\"wp-block-heading\" id=\"h-2-slaying-spanish-verbs-conjugation-and-tenses\">2. Qtil ta &#8216;Verbi Spanjoli: Konjugazzjoni u Tempi<\/h3>\n\n\n\n<p>Wie\u0127ed mill-aspetti l-aktar importanti tat-tag\u0127lim tal-grammatika Spanjola huwa l-fehim tal-konjugazzjoni tal-verb. Il-konjugazzjoni sempli\u010bement tfisser li tbiddel il-forma tal-g\u0127erq tal-verb biex taqbel mas-su\u0121\u0121ett u t-temp tieg\u0127u. Pere\u017cempju, bl-Ispanjol, tg\u0127id &#8216;Yo como&#8217; (jiena niekol) u &#8216;\u00e9l come&#8217; (jiekol). Innota li l-verb comer (tiekol) ibiddel il-forma tieg\u0127u meta tbiddel is-su\u0121\u0121ett.<\/p>\n\n\n\n<p><strong>Xi verbi regolari komuni bl-Ispanjol jinkludu:<\/strong><\/p>\n\n\n\n<p>\u2013 Verbi AR: hablar (li titkellem), amar (t\u0127obb), u bailar (li ti\u017cfen).<br\/>&#8211; Verbi ER: comer (tiekol), aprender (titg\u0127allem), u vender (tbieg\u0127).<br\/>\u2013 Verbi IR: vivir (li tg\u0127ix), escribir (tikteb), u descubrir (tiskopri).<\/p>\n\n\n\n<p>B\u0127al fl-Ingli\u017c, l-Ispanjol g\u0127andu diversi termini verbali biex jindikaw il-\u0127in meta sse\u0127\u0127 azzjoni. L-aktar fundamentali huma:<\/p>\n\n\n\n<p><strong>\u2013Pre\u017centi<\/strong><br\/><strong>&#8211; Preterite<\/strong><br\/><strong>&#8211; Imperfett<\/strong><br\/><strong>\u2013Futur<\/strong><br\/><strong>\u2013Kondizzjonali<\/strong><br\/><strong>\u2013 Is-Sotto\u0121untiv pre\u017centi<\/strong><br\/><strong>&#8211; Sotto\u0121untiv imperfett<\/strong><\/p>\n\n\n\n<p>M&#8217;g\u0127andekx tenfasizza fuq it-tag\u0127lim tat-tempijiet kollha tal-verb f&#8217;daqqa. Tackle them one at a time and practice until you&#8217;re comfortable using them.<\/p>\n\n\n\n<h3 class=\"wp-block-heading\" id=\"h-3-creating-sentences-with-spanish-adjectives-and-adverbs\">3. \u0126olqien ta &#8216;sentenzi b&#8217;a\u0121\u0121ettivi u avverbji Spanjoli<\/h3>\n\n\n\n<p>L-a\u0121\u0121ettivi u l-avverbji g\u0127andhom rwol essenzjali fl-ispikar tas-sentenzi Spanjoli tieg\u0127ek. L-a\u0121\u0121ettivi jiddeskrivu l-kwalitajiet jew il-karatteristi\u010bi tan-nomi, filwaqt li l-avverbji jiddeskrivu azzjonijiet jew verbi. Bl-Ispanjol, l-a\u0121\u0121ettivi g\u0127andhom jaqblu man-nom li jiddeskrivu, kemm fis-sess kif ukoll fin-numru.<\/p>\n\n\n\n<p>Differenza ewlenija bejn l-Ispanjol u l-Ingli\u017c hija l-ordni tal-a\u0121\u0121ettiv. L-a\u0121\u0121ettivi Spanjoli tipikament ji\u0121u wara n-nom, e\u017c., &#8216;un coche rojo&#8217; (karozza \u0127amra).<\/p>\n\n\n\n<p>L-avverbji Spanjoli, min-na\u0127a l-o\u0127ra, qatt ma jinbidlu g\u0127as-sess jew g\u0127an-numru. E\u017catt b\u0127al fl-Ingli\u017c, l-avverbji tipikament ji\u0121u wara l-verb li jimmodifikaw, e\u017c., &#8216;Ella habla r\u00e1pidamente&#8217; (Titkellem malajr).<\/p>\n\n\n\n<h3 class=\"wp-block-heading\" id=\"h-conclusion\">Konklu\u017cjoni<\/h3>\n\n\n\n<p>Il-grammatika Spanjola m&#8217;g\u0127andhiex tbe\u017c\u017cg\u0127ek! Mog\u0127tija, te\u0127tie\u0121 prattika, i\u017cda billi ssegwi dawn il-linji gwida sempli\u010bi, int ser tkun fi triqtek biex issir kelliem Spanjol e\u010b\u010bezzjonali. Ftakar dejjem li timpenja ru\u0127ek mal-lingwa b&#8217;mod divertenti, konversazzjonali, hekk kif tesplora nomi, verbi, a\u0121\u0121ettivi, u avverbji. Kompli tipprattika, t\u0127addan il-kultura, u \u0127alli l-vja\u0121\u0121 Spanjol tieg\u0127ek ji\u017cvol\u0121i. \u00a1Buena suerte!<\/p>\n<\/div><\/div>\n\r\n<section class=\"learnNavigationSection\">\r\n            \r\n        <a href=\"https:\/\/talkpal.ai\/mt\/tghallem-l-ispanjol\/\">\r\n            <div class=\"learnNavigationWrapper\">\r\n                <div class=\"learnNavigationContent\">\r\n                    <img decoding=\"async\" src=\"https:\/\/talkpal.ai\/wp-content\/uploads\/2024\/08\/Spanish.jpg\" alt=\"Spanish Flag\">\r\n                    <div>\r\n                        <h4>Dwar it-Tag\u0127lim tal-Ispanjol<\/h4>\r\n                        <p>Sir af kollox dwar il-grammatika Spanjola.<\/p>\r\n                    <\/div>\r\n                <\/div>\r\n            <\/div>\r\n        <\/a>\r\n\r\n        \r\n        <a href=\"https:\/\/talkpal.ai\/mt\/ezercizzji-tal-grammatika-spanjola\/\">\r\n            <div class=\"learnNavigationWrapper\">\r\n                <div class=\"learnNavigationContent\">\r\n                    <img decoding=\"async\" src=\"https:\/\/talkpal.ai\/wp-content\/uploads\/2024\/08\/Spanish.jpg\" alt=\"Spanish Flag\">\r\n                    <div>\r\n                        <h4>E\u017cer\u010bizzju tal-Grammatika Spanjola<\/h4>\r\n                        <p>Ipprattika l-grammatika Spanjola.<\/p>\r\n                    <\/div>\r\n                <\/div>\r\n            <\/div>\r\n        <\/a>\r\n\r\n        \r\n        <a href=\"https:\/\/talkpal.ai\/vocabulary_language\/spanish\/\">\r\n            <div class=\"learnNavigationWrapper\">\r\n                <div class=\"learnNavigationContent\">\r\n                    <img decoding=\"async\" src=\"https:\/\/talkpal.ai\/wp-content\/uploads\/2024\/08\/Spanish.jpg\" alt=\"Spanish Flag\">\r\n                    <div>\r\n                        <h4>Vokabularju Spanjol<\/h4>\r\n                        <p>Espandi l-vokabularju Spanjol tieg\u0127ek.<\/p>\r\n                    <\/div>\r\n                <\/div>\r\n            <\/div>\r\n        <\/a>\r\n\r\n            <\/section>","protected":false},"excerpt":{"rendered":"<p>Gwida ta &#8216;Malajr g\u0127at-Tag\u0127lim tal-Grammatika Spanjola Jekk qatt \u0127sibt li titg\u0127allem lingwa \u0121dida, i\u010b-\u010bansijiet huma g\u0127oljin li l-Ispanjol g\u0127adda minn mo\u0127\u0127ok. B\u0127ala wa\u0127da mill-aktar lingwi mitkellma madwar id-dinja, l-Ispanjol joffri bosta benefi\u010b\u010bji g\u0127at-tkabbir personali u professjonali. It-tag\u0127lim tal-Ispanjol mhux biss jag\u0127tik a\u010b\u010bess g\u0127al kulturi \u0121odda i\u017cda jtejjeb ukoll il-\u0127iliet ta &#8216;komunikazzjoni tieg\u0127ek. G\u0127alkemm \u0127afna nies [&hellip;]<\/p>\n","protected":false},"author":1,"featured_media":1439902,"parent":0,"menu_order":0,"comment_status":"closed","ping_status":"closed","template":"LearningContentPage.php","meta":{"_acf_changed":false,"footnotes":""},"class_list":["post-1445918","page","type-page","status-publish","has-post-thumbnail","hentry"],"acf":[],"yoast_head":"<!-- This site is optimized with the Yoast SEO Premium plugin v27.2 (Yoast SEO v27.2) - https:\/\/yoast.com\/product\/yoast-seo-premium-wordpress\/ -->\n<title>Grammatika Spanjola - Talkpal<\/title>\n<meta name=\"description\" content=\"Ittejjeb il-\u0127iliet tal-grammatika Spanjola tieg\u0127ek b&#039;e\u017cer\u010bizzji interattivi ddisinjati g\u0127al-livelli kollha ta &#039;profi\u010bjenza. Ipprattika l-Ispanjol b&#039;mod effettiv!\" \/>\n<meta name=\"robots\" content=\"index, follow, max-snippet:-1, max-image-preview:large, max-video-preview:-1\" \/>\n<link rel=\"canonical\" href=\"https:\/\/talkpal.ai\/mt\/grammatika-spanjola\/\" \/>\n<meta property=\"og:locale\" content=\"mt_MT\" \/>\n<meta property=\"og:type\" content=\"article\" \/>\n<meta property=\"og:title\" content=\"Grammatika Spanjola\" \/>\n<meta property=\"og:description\" content=\"Gwida ta &#039;Malajr g\u0127at-Tag\u0127lim tal-Grammatika Spanjola Jekk qatt \u0127sibt li titg\u0127allem lingwa \u0121dida, i\u010b-\u010bansijiet huma g\u0127oljin li l-Ispanjol g\u0127adda minn\" \/>\n<meta property=\"og:url\" content=\"https:\/\/talkpal.ai\/mt\/grammatika-spanjola\/\" \/>\n<meta property=\"og:site_name\" content=\"Talkpal\" \/>\n<meta property=\"article:publisher\" content=\"https:\/\/www.facebook.com\/profile.php?id=100090733639311\" \/>\n<meta property=\"article:modified_time\" content=\"2025-09-06T20:33:31+00:00\" \/>\n<meta property=\"og:image\" content=\"https:\/\/talkpal.ai\/wp-content\/uploads\/2023\/03\/spain.png\" \/>\n\t<meta property=\"og:image:width\" content=\"512\" \/>\n\t<meta property=\"og:image:height\" content=\"512\" \/>\n\t<meta property=\"og:image:type\" content=\"image\/png\" \/>\n<meta name=\"twitter:card\" content=\"summary_large_image\" \/>\n<meta name=\"twitter:site\" content=\"@talkpalai\" \/>\n<meta name=\"twitter:label1\" content=\"Est. reading time\" \/>\n\t<meta name=\"twitter:data1\" content=\"3 minutes\" \/>\n<script type=\"application\/ld+json\" class=\"yoast-schema-graph\">{\"@context\":\"https:\/\/schema.org\",\"@graph\":[{\"@type\":\"WebPage\",\"@id\":\"https:\/\/talkpal.ai\/mt\/grammatika-spanjola\/\",\"url\":\"https:\/\/talkpal.ai\/mt\/grammatika-spanjola\/\",\"name\":\"Grammatika Spanjola - Talkpal\",\"isPartOf\":{\"@id\":\"https:\/\/talkpal.ai\/mt\/#website\"},\"primaryImageOfPage\":{\"@id\":\"https:\/\/talkpal.ai\/mt\/grammatika-spanjola\/#primaryimage\"},\"image\":{\"@id\":\"https:\/\/talkpal.ai\/mt\/grammatika-spanjola\/#primaryimage\"},\"thumbnailUrl\":\"https:\/\/talkpal.ai\/wp-content\/uploads\/2023\/03\/spain.png\",\"datePublished\":\"2023-03-26T11:55:54+00:00\",\"dateModified\":\"2025-09-06T20:33:31+00:00\",\"description\":\"Ittejjeb il-\u0127iliet tal-grammatika Spanjola tieg\u0127ek b'e\u017cer\u010bizzji interattivi ddisinjati g\u0127al-livelli kollha ta 'profi\u010bjenza. Ipprattika l-Ispanjol b'mod effettiv!\",\"breadcrumb\":{\"@id\":\"https:\/\/talkpal.ai\/mt\/grammatika-spanjola\/#breadcrumb\"},\"inLanguage\":\"mt-MT\",\"potentialAction\":[{\"@type\":\"ReadAction\",\"target\":[\"https:\/\/talkpal.ai\/mt\/grammatika-spanjola\/\"]}]},{\"@type\":\"ImageObject\",\"inLanguage\":\"mt-MT\",\"@id\":\"https:\/\/talkpal.ai\/mt\/grammatika-spanjola\/#primaryimage\",\"url\":\"https:\/\/talkpal.ai\/wp-content\/uploads\/2023\/03\/spain.png\",\"contentUrl\":\"https:\/\/talkpal.ai\/wp-content\/uploads\/2023\/03\/spain.png\",\"width\":512,\"height\":512,\"caption\":\"TalkPal AI learn Spanish\"},{\"@type\":\"BreadcrumbList\",\"@id\":\"https:\/\/talkpal.ai\/mt\/grammatika-spanjola\/#breadcrumb\",\"itemListElement\":[{\"@type\":\"ListItem\",\"position\":1,\"name\":\"Homepage\",\"item\":\"https:\/\/talkpal.ai\/mt\/\"},{\"@type\":\"ListItem\",\"position\":2,\"name\":\"Grammatika Spanjola\"}]},{\"@type\":\"WebSite\",\"@id\":\"https:\/\/talkpal.ai\/mt\/#website\",\"url\":\"https:\/\/talkpal.ai\/mt\/\",\"name\":\"Talkpal\",\"description\":\"AI Language Learning\",\"publisher\":{\"@id\":\"https:\/\/talkpal.ai\/mt\/#organization\"},\"alternateName\":\"Talkpal AI\",\"potentialAction\":[{\"@type\":\"SearchAction\",\"target\":{\"@type\":\"EntryPoint\",\"urlTemplate\":\"https:\/\/talkpal.ai\/mt\/?s={search_term_string}\"},\"query-input\":{\"@type\":\"PropertyValueSpecification\",\"valueRequired\":true,\"valueName\":\"search_term_string\"}}],\"inLanguage\":\"mt-MT\"},{\"@type\":\"Organization\",\"@id\":\"https:\/\/talkpal.ai\/mt\/#organization\",\"name\":\"Talkpal, Inc.\",\"alternateName\":\"Talkpal AI\",\"url\":\"https:\/\/talkpal.ai\/mt\/\",\"logo\":{\"@type\":\"ImageObject\",\"inLanguage\":\"mt-MT\",\"@id\":\"https:\/\/talkpal.ai\/mt\/#\/schema\/logo\/image\/\",\"url\":\"https:\/\/talkpal.ai\/wp-content\/uploads\/2024\/03\/Talkpal-Logo-Icon.png\",\"contentUrl\":\"https:\/\/talkpal.ai\/wp-content\/uploads\/2024\/03\/Talkpal-Logo-Icon.png\",\"width\":2880,\"height\":2880,\"caption\":\"Talkpal, Inc.\"},\"image\":{\"@id\":\"https:\/\/talkpal.ai\/mt\/#\/schema\/logo\/image\/\"},\"sameAs\":[\"https:\/\/www.facebook.com\/profile.php?id=100090733639311\",\"https:\/\/x.com\/talkpalai\",\"https:\/\/www.linkedin.com\/company\/talkpal\/\",\"https:\/\/www.youtube.com\/@TalkPal\/\",\"https:\/\/www.tiktok.com\/@talkpal\",\"https:\/\/www.instagram.com\/talkpal_ai\/\",\"https:\/\/www.crunchbase.com\/organization\/talkpal-9cde\",\"https:\/\/www.g2.com\/products\/talkpal-for-business\/\",\"https:\/\/www.trustpilot.com\/review\/talkpal.ai\",\"https:\/\/www.capterra.com\/p\/10006800\/TalkPal\/\"],\"description\":\"Talkpal is a language learning web and mobile education app, powered by the latest AI technologies, that provides engaging experiences to its customers in many different languages to help them improve their language skills. Users can chat about unlimited amount of topics with the app and use other modes to practice their language learning.\",\"email\":\"support@talkpal.ai\",\"legalName\":\"Talkpal, Inc.\",\"foundingDate\":\"2023-04-03\",\"duns\":\"118989042\",\"numberOfEmployees\":{\"@type\":\"QuantitativeValue\",\"minValue\":\"11\",\"maxValue\":\"50\"},\"publishingPrinciples\":\"https:\/\/talkpal.ai\/publishing-principles\/\",\"actionableFeedbackPolicy\":\"https:\/\/talkpal.ai\/actionable-feedback-policy\/\",\"correctionsPolicy\":\"https:\/\/talkpal.ai\/corrections-policy\/\",\"ethicsPolicy\":\"https:\/\/talkpal.ai\/ethics-policy\/\",\"diversityPolicy\":\"https:\/\/talkpal.ai\/diversity-policy\/\",\"diversityStaffingReport\":\"https:\/\/talkpal.ai\/diversity-policy\/\"}]}<\/script>\n<!-- \/ Yoast SEO Premium plugin. -->","yoast_head_json":{"title":"Grammatika Spanjola - Talkpal","description":"Ittejjeb il-\u0127iliet tal-grammatika Spanjola tieg\u0127ek b'e\u017cer\u010bizzji interattivi ddisinjati g\u0127al-livelli kollha ta 'profi\u010bjenza. Ipprattika l-Ispanjol b'mod effettiv!","robots":{"index":"index","follow":"follow","max-snippet":"max-snippet:-1","max-image-preview":"max-image-preview:large","max-video-preview":"max-video-preview:-1"},"canonical":"https:\/\/talkpal.ai\/mt\/grammatika-spanjola\/","og_locale":"mt_MT","og_type":"article","og_title":"Grammatika Spanjola","og_description":"Gwida ta 'Malajr g\u0127at-Tag\u0127lim tal-Grammatika Spanjola Jekk qatt \u0127sibt li titg\u0127allem lingwa \u0121dida, i\u010b-\u010bansijiet huma g\u0127oljin li l-Ispanjol g\u0127adda minn","og_url":"https:\/\/talkpal.ai\/mt\/grammatika-spanjola\/","og_site_name":"Talkpal","article_publisher":"https:\/\/www.facebook.com\/profile.php?id=100090733639311","article_modified_time":"2025-09-06T20:33:31+00:00","og_image":[{"width":512,"height":512,"url":"https:\/\/talkpal.ai\/wp-content\/uploads\/2023\/03\/spain.png","type":"image\/png"}],"twitter_card":"summary_large_image","twitter_site":"@talkpalai","twitter_misc":{"Est. reading time":"3 minutes"},"schema":{"@context":"https:\/\/schema.org","@graph":[{"@type":"WebPage","@id":"https:\/\/talkpal.ai\/mt\/grammatika-spanjola\/","url":"https:\/\/talkpal.ai\/mt\/grammatika-spanjola\/","name":"Grammatika Spanjola - Talkpal","isPartOf":{"@id":"https:\/\/talkpal.ai\/mt\/#website"},"primaryImageOfPage":{"@id":"https:\/\/talkpal.ai\/mt\/grammatika-spanjola\/#primaryimage"},"image":{"@id":"https:\/\/talkpal.ai\/mt\/grammatika-spanjola\/#primaryimage"},"thumbnailUrl":"https:\/\/talkpal.ai\/wp-content\/uploads\/2023\/03\/spain.png","datePublished":"2023-03-26T11:55:54+00:00","dateModified":"2025-09-06T20:33:31+00:00","description":"Ittejjeb il-\u0127iliet tal-grammatika Spanjola tieg\u0127ek b'e\u017cer\u010bizzji interattivi ddisinjati g\u0127al-livelli kollha ta 'profi\u010bjenza. Ipprattika l-Ispanjol b'mod effettiv!","breadcrumb":{"@id":"https:\/\/talkpal.ai\/mt\/grammatika-spanjola\/#breadcrumb"},"inLanguage":"mt-MT","potentialAction":[{"@type":"ReadAction","target":["https:\/\/talkpal.ai\/mt\/grammatika-spanjola\/"]}]},{"@type":"ImageObject","inLanguage":"mt-MT","@id":"https:\/\/talkpal.ai\/mt\/grammatika-spanjola\/#primaryimage","url":"https:\/\/talkpal.ai\/wp-content\/uploads\/2023\/03\/spain.png","contentUrl":"https:\/\/talkpal.ai\/wp-content\/uploads\/2023\/03\/spain.png","width":512,"height":512,"caption":"TalkPal AI learn Spanish"},{"@type":"BreadcrumbList","@id":"https:\/\/talkpal.ai\/mt\/grammatika-spanjola\/#breadcrumb","itemListElement":[{"@type":"ListItem","position":1,"name":"Homepage","item":"https:\/\/talkpal.ai\/mt\/"},{"@type":"ListItem","position":2,"name":"Grammatika Spanjola"}]},{"@type":"WebSite","@id":"https:\/\/talkpal.ai\/mt\/#website","url":"https:\/\/talkpal.ai\/mt\/","name":"Talkpal","description":"AI Language Learning","publisher":{"@id":"https:\/\/talkpal.ai\/mt\/#organization"},"alternateName":"Talkpal AI","potentialAction":[{"@type":"SearchAction","target":{"@type":"EntryPoint","urlTemplate":"https:\/\/talkpal.ai\/mt\/?s={search_term_string}"},"query-input":{"@type":"PropertyValueSpecification","valueRequired":true,"valueName":"search_term_string"}}],"inLanguage":"mt-MT"},{"@type":"Organization","@id":"https:\/\/talkpal.ai\/mt\/#organization","name":"Talkpal, Inc.","alternateName":"Talkpal AI","url":"https:\/\/talkpal.ai\/mt\/","logo":{"@type":"ImageObject","inLanguage":"mt-MT","@id":"https:\/\/talkpal.ai\/mt\/#\/schema\/logo\/image\/","url":"https:\/\/talkpal.ai\/wp-content\/uploads\/2024\/03\/Talkpal-Logo-Icon.png","contentUrl":"https:\/\/talkpal.ai\/wp-content\/uploads\/2024\/03\/Talkpal-Logo-Icon.png","width":2880,"height":2880,"caption":"Talkpal, Inc."},"image":{"@id":"https:\/\/talkpal.ai\/mt\/#\/schema\/logo\/image\/"},"sameAs":["https:\/\/www.facebook.com\/profile.php?id=100090733639311","https:\/\/x.com\/talkpalai","https:\/\/www.linkedin.com\/company\/talkpal\/","https:\/\/www.youtube.com\/@TalkPal\/","https:\/\/www.tiktok.com\/@talkpal","https:\/\/www.instagram.com\/talkpal_ai\/","https:\/\/www.crunchbase.com\/organization\/talkpal-9cde","https:\/\/www.g2.com\/products\/talkpal-for-business\/","https:\/\/www.trustpilot.com\/review\/talkpal.ai","https:\/\/www.capterra.com\/p\/10006800\/TalkPal\/"],"description":"Talkpal is a language learning web and mobile education app, powered by the latest AI technologies, that provides engaging experiences to its customers in many different languages to help them improve their language skills. Users can chat about unlimited amount of topics with the app and use other modes to practice their language learning.","email":"support@talkpal.ai","legalName":"Talkpal, Inc.","foundingDate":"2023-04-03","duns":"118989042","numberOfEmployees":{"@type":"QuantitativeValue","minValue":"11","maxValue":"50"},"publishingPrinciples":"https:\/\/talkpal.ai\/publishing-principles\/","actionableFeedbackPolicy":"https:\/\/talkpal.ai\/actionable-feedback-policy\/","correctionsPolicy":"https:\/\/talkpal.ai\/corrections-policy\/","ethicsPolicy":"https:\/\/talkpal.ai\/ethics-policy\/","diversityPolicy":"https:\/\/talkpal.ai\/diversity-policy\/","diversityStaffingReport":"https:\/\/talkpal.ai\/diversity-policy\/"}]}},"_links":{"self":[{"href":"https:\/\/talkpal.ai\/mt\/wp-json\/wp\/v2\/pages\/1445918","targetHints":{"allow":["GET"]}}],"collection":[{"href":"https:\/\/talkpal.ai\/mt\/wp-json\/wp\/v2\/pages"}],"about":[{"href":"https:\/\/talkpal.ai\/mt\/wp-json\/wp\/v2\/types\/page"}],"author":[{"embeddable":true,"href":"https:\/\/talkpal.ai\/mt\/wp-json\/wp\/v2\/users\/1"}],"replies":[{"embeddable":true,"href":"https:\/\/talkpal.ai\/mt\/wp-json\/wp\/v2\/comments?post=1445918"}],"version-history":[{"count":0,"href":"https:\/\/talkpal.ai\/mt\/wp-json\/wp\/v2\/pages\/1445918\/revisions"}],"wp:featuredmedia":[{"embeddable":true,"href":"https:\/\/talkpal.ai\/mt\/wp-json\/wp\/v2\/media\/1439902"}],"wp:attachment":[{"href":"https:\/\/talkpal.ai\/mt\/wp-json\/wp\/v2\/media?parent=1445918"}],"curies":[{"name":"wp","href":"https:\/\/api.w.org\/{rel}","templated":true}]}}