{"id":1445912,"date":"2023-03-26T11:45:19","date_gmt":"2023-03-26T11:45:19","guid":{"rendered":"https:\/\/talkpal.ai\/grammatika-franciza\/"},"modified":"2025-09-06T20:33:30","modified_gmt":"2025-09-06T20:33:30","slug":"grammatika-franciza","status":"publish","type":"page","link":"https:\/\/talkpal.ai\/mt\/grammatika-franciza\/","title":{"rendered":"Grammatika Fran\u010bi\u017ca"},"content":{"rendered":"\r\n\r\n\r\n<section class=\"languageChallengeSection\">\r\n    <div class=\"languageInfoWrapper\">\r\n        \r\n        <h1>Grammatika Fran\u010bi\u017ca<\/h1>\r\n        <p>Unlock the elegance of the French language by mastering its essential grammar rules. Fehim solidu tal-grammatika Fran\u010bi\u017ca jg\u0127inek tikkomunika bil-fa\u010bilit\u00e0 u tapprezza r-rikkezza tal-kultura Fran\u010bi\u017ca. Ibda titg\u0127allem il-grammatika Fran\u010bi\u017ca llum u ibda l-vja\u0121\u0121 tieg\u0127ek lejn il-fluwenza!<\/p>\r\n\r\n                            <a class=\"getStartedHidden\" href=\"https:\/\/app.talkpal.ai\/signup?lng=\">Ibda<\/a>\r\n        \r\n    <\/div>\r\n\r\n    <figure>\r\n    <img decoding=\"async\" width=\"768\" height=\"768\" src=\"https:\/\/talkpal.ai\/wp-content\/uploads\/2023\/06\/french-768x768.png\" class=\"languageImage no-lazy\" alt=\"Language learning strategies for professionals\" fetchpriority=\"high\" sizes=\"(max-width: 768px) 150px, 768px\" srcset=\"https:\/\/talkpal.ai\/wp-content\/uploads\/2023\/06\/french-768x768.png 768w, https:\/\/talkpal.ai\/wp-content\/uploads\/2023\/06\/french-300x300.png 300w\" \/>\r\n    \r\n\r\n    <\/figure>\r\n\r\n            <a class=\"getStartedVisible\" href=\"https:\/\/app.talkpal.ai\/signup?lng=\">Ibda<\/a>\r\n    \r\n<\/section>\r\n<section class=\"promotionalBanner\">\r\n    <p class=\"promotionalText\"><\/p>\r\n    <a class=\"promotionalLink\" href=\"https:\/\/app.talkpal.ai\/signup?lng=\"><\/a>\r\n<\/section>\n<div class=\"wp-block-group pageContainerStyle\"><div class=\"wp-block-group__inner-container is-layout-constrained wp-block-group-is-layout-constrained\">\n<h2 class=\"wp-block-heading\" id=\"h-a-beginner-s-guide-to-french-grammar\">Gwida g\u0127all-Bidu g\u0127all-Grammatika Fran\u010bi\u017ca<\/h2>\n\n\n\n<p>It-tag\u0127lim tal-Fran\u010bi\u017c jista &#8216;jkun esperjenza e\u010b\u010bitanti u ta&#8217; sodisfazzjon. Madankollu, il-\u0127akma tal-grammatika Fran\u010bi\u017ca tista &#8216;tkun ta&#8217; sfida, anke g\u0127al dawk li huma profi\u010bjenti fl-<a href=\"https:\/\/talkpal.ai\/learn-english-with-ai\/\">Ingli\u017c<\/a>. F&#8217;dan l-artikolu, se niddiskutu xi pariri essenzjali dwar il-grammatika Fran\u010bi\u017ca biex jg\u0127inuk ittejjeb il-\u0127iliet lingwisti\u010bi tieg\u0127ek. Billi tiffamiljarizza ru\u0127ek ma &#8216;dawn ir-regoli u tipprattikahom regolarment, tkun fi triqtek biex issir espert fil-grammatika Fran\u010bi\u017ca.<\/p>\n\n\n\n<h3 class=\"wp-block-heading\" id=\"h-1-the-importance-of-gender-in-french-nouns\">1. L-importanza tal-\u0121eneru fin-nomi Fran\u010bi\u017ci<\/h3>\n\n\n\n<p>Wa\u0127da mill-aktar differenzi sinifikanti bejn il-grammatika Fran\u010bi\u017ca u l-Ingli\u017ca hija l-kun\u010bett tal-\u0121eneru. In-nomi Fran\u010bi\u017ci kollha huma maskili jew femminili, li jaffettwaw l-artikli u l-a\u0121\u0121ettivi u\u017cati mag\u0127hom. Pere\u017cempju, &#8220;le&#8221; u &#8220;la&#8221; huma l-artikli definiti g\u0127an-nomi maskili u femminili, rispettivament. Meta tiltaqa &#8216;ma&#8217; nom \u0121did, huwa kru\u010bjali li tiftakar is-sess tieg\u0127u biex tevita li tag\u0127mel \u017cbalji grammatikali.<\/p>\n\n\n\n<h3 class=\"wp-block-heading\" id=\"h-2-mastering-verb-conjugations\">2. Mastering Verb Conjugations<\/h3>\n\n\n\n<p>Il-verbi Fran\u010bi\u017ci g\u0127andhom bosta konjugazzjonijiet ibba\u017cati fuq it-temp, il-burdata, u l-pronomi tas-su\u0121\u0121ett. Dan jista &#8216;jidher kbir \u0127afna, i\u017cda hemm mudelli u shortcuts li tista&#8217; tu\u017ca biex tissimplifika l-pro\u010bess. Il-verbi regolari jappartjenu g\u0127al wie\u0127ed mit-tliet gruppi bba\u017cati fuq it-truf infinittivi tag\u0127hom (-er, -ir, u -re), u kull grupp g\u0127andu s-sett tieg\u0127u ta &#8216;regoli ta&#8217; konjugazzjoni. Ladarba titg\u0127allem dawn ir-regoli, tista &#8216;fa\u010bilment tikkonjuga numru sinifikanti ta&#8217; verbi Fran\u010bi\u017ci.<\/p>\n\n\n\n<h3 class=\"wp-block-heading\" id=\"h-3-the-partitive-article-du-de-la-and-de-l\">3. L-Artikolu Parzjali: du, de la, u de l&#8217;<\/h3>\n\n\n\n<p>Meta titkellem dwar porzjon jew ammont mhux spe\u010bifikat ta&#8217; xi \u0127a\u0121a, ikollok b\u017conn tu\u017ca l-artiklu partittiv. L-artiklu partitiv jinbidel skont is-sess tan-nom u jekk jibdiex b&#8217;vokali jew b&#8217;konsonanti. G\u0127an-nomi maskili, u\u017ca &#8220;du,&#8221; g\u0127al nomi femminili u\u017ca &#8220;de la,&#8221; u g\u0127al nomi li jibdew b&#8217;vokali jew siekta &#8216;h,&#8217; u\u017ca &#8220;de l&#8217;.&#8221;<\/p>\n\n\n\n<h3 class=\"wp-block-heading\" id=\"h-4-adjective-agreement-and-placement\">4. Ftehim ta &#8216;A\u0121\u0121ettiv u Tqeg\u0127id<\/h3>\n\n\n\n<p>Fil-grammatika Fran\u010bi\u017ca, l-a\u0121\u0121ettivi g\u0127andhom jaqblu man-nom li qed jimmodifikaw f&#8217;termini ta&#8217; \u0121eneru u numru. \u0126afna drabi, dan ifisser li jkollok i\u017c\u017cid &#8216;e&#8217; mal-a\u0121\u0121ettiv biex tag\u0127milha femminili u &#8216;s&#8217; biex tag\u0127milha plural. <a href=\"https:\/\/talkpal.ai\/locations\/language-courses-in-barra\/\">Barra<\/a> minn hekk, l-a\u0121\u0121ettivi \u0121eneralment isegwu n-nom li jimmodifikaw, b&#8217;xi e\u010b\u010bezzjonijiet g\u0127al a\u0121\u0121ettivi qosra u komuni b\u0127al &#8220;beau,&#8221; &#8220;vieil,&#8221; u &#8220;grand.&#8221;<\/p>\n\n\n\n<p>E\u017cempji:<br\/>&#8211; Un chat noir (Qattus iswed)<br\/>\u2013 Une voiture noire (Karozza sewda)<br\/>&#8211; Deux chats noirs (\u017bew\u0121 qtates suwed)<\/p>\n\n\n\n<h3 class=\"wp-block-heading\" id=\"h-5-passe-compose-past-tense-made-easy\">5. Passe Compose &#8211; Past Tense Made Easy<\/h3>\n\n\n\n<p>Filwaqt li hemm \u0127afna modi kif tesprimi t-temp passat bil-Fran\u010bi\u017c, il-pass\u00e8 compos\u00e9 huwa wie\u0127ed mill-aktar utli u fa\u010bli biex titg\u0127allem. Biex tifforma l-<a href=\"https:\/\/talkpal.ai\/ar\/grammar_exercises\/passe-compose-%d8%aa%d9%85%d8%a7%d8%b1%d9%8a%d9%86-%d9%84%d9%84%d9%82%d9%88%d8%a7%d8%b9%d8%af-%d8%a7%d9%84%d9%81%d8%b1%d9%86%d8%b3%d9%8a%d8%a9\/\">pass\u00e9 compos\u00e9<\/a>, ikollok b\u017conn it-temp pre\u017centi tal-verb aw\u017ciljarju &#8220;avoir&#8221; jew &#8220;\u00eatre,&#8221; segwit mill-parti\u010bipju tal-passat tal-verb ewlieni. Il-bi\u010b\u010ba l-kbira tal-verbi ju\u017caw &#8220;avoir&#8221; b\u0127ala l-aw\u017ciljarju, filwaqt li xi verbi, l-aktar relatati mal-moviment u l-verbi riflessivi, ju\u017caw &#8220;\u00eatre.&#8221;<\/p>\n\n\n\n<p>Per e\u017cempju:<br\/>\u2013 J&#8217;ai mang\u00e9 (jiena kilt)<br\/>\u2013 Nous sommes all\u00e9s (A\u0127na morna)<\/p>\n\n\n\n<h3 class=\"wp-block-heading\" id=\"h-6-engaging-with-the-language\">6. Involviment mal-lingwa<\/h3>\n\n\n\n<p>Wie\u0127ed mill-a\u0127jar modi biex <a href=\"https:\/\/talkpal.ai\/grammar\/\">ittejjeb il-grammatika<\/a> Fran\u010bi\u017ca tieg\u0127ek huwa billi timpenja ru\u0127ha mal-lingwa regolarment. Kemm jekk qed taqra gazzetti Fran\u010bi\u017ci, tara films Fran\u010bi\u017ci, jew titkellem ma &#8216;kelliem nattiv, l-espo\u017cizzjoni g\u0127al-lingwa f&#8217;kuntesti differenti tg\u0127in biex issa\u0127\u0127a\u0127 il-fehim tieg\u0127ek tal-grammatika u tespandi l-vokabularju tieg\u0127ek.<\/p>\n\n\n\n<h3 class=\"wp-block-heading\" id=\"h-conclusion\">Konklu\u017cjoni<\/h3>\n\n\n\n<p>Il-\u0127akma tal-grammatika Fran\u010bi\u017ca tista &#8216;tidher skora\u0121\u0121anti, i\u017cda bi prattika u dedikazzjoni konsistenti, tista&#8217; ssir fluwenti f&#8217;din il-lingwa sabi\u0127a. Billi tiffoka fuq ir-regoli essenzjali deskritti hawn fuq u timpenja ru\u0127ha mal-lingwa f&#8217;diversi kuntesti, il-\u0127iliet grammatikali Fran\u010bi\u017ci tieg\u0127ek se jitjiebu malajr. Bonne chance on your journey to mastering French grammar!<\/p>\n<\/div><\/div>\n\r\n<section class=\"learnNavigationSection\">\r\n            \r\n        <a href=\"https:\/\/talkpal.ai\/mt\/tghallem-il-franciz\/\">\r\n            <div class=\"learnNavigationWrapper\">\r\n                <div class=\"learnNavigationContent\">\r\n                    <img decoding=\"async\" src=\"https:\/\/talkpal.ai\/wp-content\/uploads\/2024\/08\/French.jpg\" alt=\"French Flag\">\r\n                    <div>\r\n                        <h4>Dwar it-Tag\u0127lim tal-Fran\u010bi\u017c<\/h4>\r\n                        <p>Sir af kollox dwar il-grammatika Fran\u010bi\u017ca.<\/p>\r\n                    <\/div>\r\n                <\/div>\r\n            <\/div>\r\n        <\/a>\r\n\r\n        \r\n        <a href=\"https:\/\/talkpal.ai\/mt\/ezercizzji-grammatikali-francizi\/\">\r\n            <div class=\"learnNavigationWrapper\">\r\n                <div class=\"learnNavigationContent\">\r\n                    <img decoding=\"async\" src=\"https:\/\/talkpal.ai\/wp-content\/uploads\/2024\/08\/French.jpg\" alt=\"French Flag\">\r\n                    <div>\r\n                        <h4>E\u017cer\u010bizzju tal-Grammatika Fran\u010bi\u017ca<\/h4>\r\n                        <p>Prattika l-grammatika Fran\u010bi\u017ca.<\/p>\r\n                    <\/div>\r\n                <\/div>\r\n            <\/div>\r\n        <\/a>\r\n\r\n        \r\n        <a href=\"https:\/\/talkpal.ai\/vocabulary_language\/french\/\">\r\n            <div class=\"learnNavigationWrapper\">\r\n                <div class=\"learnNavigationContent\">\r\n                    <img decoding=\"async\" src=\"https:\/\/talkpal.ai\/wp-content\/uploads\/2024\/08\/French.jpg\" alt=\"French Flag\">\r\n                    <div>\r\n                        <h4>Vokabularju Fran\u010bi\u017c<\/h4>\r\n                        <p>Espandi l-vokabularju Fran\u010bi\u017c tieg\u0127ek.<\/p>\r\n                    <\/div>\r\n                <\/div>\r\n            <\/div>\r\n        <\/a>\r\n\r\n            <\/section>","protected":false},"excerpt":{"rendered":"<p>Gwida g\u0127all-Bidu g\u0127all-Grammatika Fran\u010bi\u017ca It-tag\u0127lim tal-Fran\u010bi\u017c jista &#8216;jkun esperjenza e\u010b\u010bitanti u ta&#8217; sodisfazzjon. Madankollu, il-\u0127akma tal-grammatika Fran\u010bi\u017ca tista &#8216;tkun ta&#8217; sfida, anke g\u0127al dawk li huma profi\u010bjenti fl-Ingli\u017c. F&#8217;dan l-artikolu, se niddiskutu xi pariri essenzjali dwar il-grammatika Fran\u010bi\u017ca biex jg\u0127inuk ittejjeb il-\u0127iliet lingwisti\u010bi tieg\u0127ek. Billi tiffamiljarizza ru\u0127ek ma &#8216;dawn ir-regoli u tipprattikahom regolarment, tkun fi [&hellip;]<\/p>\n","protected":false},"author":1,"featured_media":1439896,"parent":0,"menu_order":0,"comment_status":"closed","ping_status":"closed","template":"LearningContentPage.php","meta":{"_acf_changed":false,"footnotes":""},"class_list":["post-1445912","page","type-page","status-publish","has-post-thumbnail","hentry"],"acf":[],"yoast_head":"<!-- This site is optimized with the Yoast SEO Premium plugin v27.2 (Yoast SEO v27.2) - https:\/\/yoast.com\/product\/yoast-seo-premium-wordpress\/ -->\n<title>Grammatika Fran\u010bi\u017ca - Talkpal<\/title>\n<meta name=\"description\" content=\"Kaptan kun\u010betti essenzjali tal-grammatika Fran\u010bi\u017ca - li jkopru verbi, konjugazzjonijiet, tempi, nomi, artikli, a\u0121\u0121ettivi, pronomi, u struttura tas-sentenza.\" \/>\n<meta name=\"robots\" content=\"index, follow, max-snippet:-1, max-image-preview:large, max-video-preview:-1\" \/>\n<link rel=\"canonical\" href=\"https:\/\/talkpal.ai\/mt\/grammatika-franciza\/\" \/>\n<meta property=\"og:locale\" content=\"mt_MT\" \/>\n<meta property=\"og:type\" content=\"article\" \/>\n<meta property=\"og:title\" content=\"Grammatika Fran\u010bi\u017ca\" \/>\n<meta property=\"og:description\" content=\"Gwida g\u0127all-Bidu g\u0127all-Grammatika Fran\u010bi\u017ca It-tag\u0127lim tal-Fran\u010bi\u017c jista &#039;jkun esperjenza e\u010b\u010bitanti u ta&#039; sodisfazzjon. Madankollu, il-\u0127akma tal-grammatika\" \/>\n<meta property=\"og:url\" content=\"https:\/\/talkpal.ai\/mt\/grammatika-franciza\/\" \/>\n<meta property=\"og:site_name\" content=\"Talkpal\" \/>\n<meta property=\"article:publisher\" content=\"https:\/\/www.facebook.com\/profile.php?id=100090733639311\" \/>\n<meta property=\"article:modified_time\" content=\"2025-09-06T20:33:30+00:00\" \/>\n<meta property=\"og:image\" content=\"https:\/\/talkpal.ai\/wp-content\/uploads\/2023\/03\/france.png\" \/>\n\t<meta property=\"og:image:width\" content=\"512\" \/>\n\t<meta property=\"og:image:height\" content=\"512\" \/>\n\t<meta property=\"og:image:type\" content=\"image\/png\" \/>\n<meta name=\"twitter:card\" content=\"summary_large_image\" \/>\n<meta name=\"twitter:site\" content=\"@talkpalai\" \/>\n<meta name=\"twitter:label1\" content=\"Est. reading time\" \/>\n\t<meta name=\"twitter:data1\" content=\"3 minutes\" \/>\n<script type=\"application\/ld+json\" class=\"yoast-schema-graph\">{\"@context\":\"https:\/\/schema.org\",\"@graph\":[{\"@type\":\"WebPage\",\"@id\":\"https:\/\/talkpal.ai\/mt\/grammatika-franciza\/\",\"url\":\"https:\/\/talkpal.ai\/mt\/grammatika-franciza\/\",\"name\":\"Grammatika Fran\u010bi\u017ca - Talkpal\",\"isPartOf\":{\"@id\":\"https:\/\/talkpal.ai\/mt\/#website\"},\"primaryImageOfPage\":{\"@id\":\"https:\/\/talkpal.ai\/mt\/grammatika-franciza\/#primaryimage\"},\"image\":{\"@id\":\"https:\/\/talkpal.ai\/mt\/grammatika-franciza\/#primaryimage\"},\"thumbnailUrl\":\"https:\/\/talkpal.ai\/wp-content\/uploads\/2023\/03\/france.png\",\"datePublished\":\"2023-03-26T11:45:19+00:00\",\"dateModified\":\"2025-09-06T20:33:30+00:00\",\"description\":\"Kaptan kun\u010betti essenzjali tal-grammatika Fran\u010bi\u017ca - li jkopru verbi, konjugazzjonijiet, tempi, nomi, artikli, a\u0121\u0121ettivi, pronomi, u struttura tas-sentenza.\",\"breadcrumb\":{\"@id\":\"https:\/\/talkpal.ai\/mt\/grammatika-franciza\/#breadcrumb\"},\"inLanguage\":\"mt-MT\",\"potentialAction\":[{\"@type\":\"ReadAction\",\"target\":[\"https:\/\/talkpal.ai\/mt\/grammatika-franciza\/\"]}]},{\"@type\":\"ImageObject\",\"inLanguage\":\"mt-MT\",\"@id\":\"https:\/\/talkpal.ai\/mt\/grammatika-franciza\/#primaryimage\",\"url\":\"https:\/\/talkpal.ai\/wp-content\/uploads\/2023\/03\/france.png\",\"contentUrl\":\"https:\/\/talkpal.ai\/wp-content\/uploads\/2023\/03\/france.png\",\"width\":512,\"height\":512,\"caption\":\"TalkPal AI learn French\"},{\"@type\":\"BreadcrumbList\",\"@id\":\"https:\/\/talkpal.ai\/mt\/grammatika-franciza\/#breadcrumb\",\"itemListElement\":[{\"@type\":\"ListItem\",\"position\":1,\"name\":\"Homepage\",\"item\":\"https:\/\/talkpal.ai\/mt\/\"},{\"@type\":\"ListItem\",\"position\":2,\"name\":\"Grammatika Fran\u010bi\u017ca\"}]},{\"@type\":\"WebSite\",\"@id\":\"https:\/\/talkpal.ai\/mt\/#website\",\"url\":\"https:\/\/talkpal.ai\/mt\/\",\"name\":\"Talkpal\",\"description\":\"AI Language Learning\",\"publisher\":{\"@id\":\"https:\/\/talkpal.ai\/mt\/#organization\"},\"alternateName\":\"Talkpal AI\",\"potentialAction\":[{\"@type\":\"SearchAction\",\"target\":{\"@type\":\"EntryPoint\",\"urlTemplate\":\"https:\/\/talkpal.ai\/mt\/?s={search_term_string}\"},\"query-input\":{\"@type\":\"PropertyValueSpecification\",\"valueRequired\":true,\"valueName\":\"search_term_string\"}}],\"inLanguage\":\"mt-MT\"},{\"@type\":\"Organization\",\"@id\":\"https:\/\/talkpal.ai\/mt\/#organization\",\"name\":\"Talkpal, Inc.\",\"alternateName\":\"Talkpal AI\",\"url\":\"https:\/\/talkpal.ai\/mt\/\",\"logo\":{\"@type\":\"ImageObject\",\"inLanguage\":\"mt-MT\",\"@id\":\"https:\/\/talkpal.ai\/mt\/#\/schema\/logo\/image\/\",\"url\":\"https:\/\/talkpal.ai\/wp-content\/uploads\/2024\/03\/Talkpal-Logo-Icon.png\",\"contentUrl\":\"https:\/\/talkpal.ai\/wp-content\/uploads\/2024\/03\/Talkpal-Logo-Icon.png\",\"width\":2880,\"height\":2880,\"caption\":\"Talkpal, Inc.\"},\"image\":{\"@id\":\"https:\/\/talkpal.ai\/mt\/#\/schema\/logo\/image\/\"},\"sameAs\":[\"https:\/\/www.facebook.com\/profile.php?id=100090733639311\",\"https:\/\/x.com\/talkpalai\",\"https:\/\/www.linkedin.com\/company\/talkpal\/\",\"https:\/\/www.youtube.com\/@TalkPal\/\",\"https:\/\/www.tiktok.com\/@talkpal\",\"https:\/\/www.instagram.com\/talkpal_ai\/\",\"https:\/\/www.crunchbase.com\/organization\/talkpal-9cde\",\"https:\/\/www.g2.com\/products\/talkpal-for-business\/\",\"https:\/\/www.trustpilot.com\/review\/talkpal.ai\",\"https:\/\/www.capterra.com\/p\/10006800\/TalkPal\/\"],\"description\":\"Talkpal is a language learning web and mobile education app, powered by the latest AI technologies, that provides engaging experiences to its customers in many different languages to help them improve their language skills. Users can chat about unlimited amount of topics with the app and use other modes to practice their language learning.\",\"email\":\"support@talkpal.ai\",\"legalName\":\"Talkpal, Inc.\",\"foundingDate\":\"2023-04-03\",\"duns\":\"118989042\",\"numberOfEmployees\":{\"@type\":\"QuantitativeValue\",\"minValue\":\"11\",\"maxValue\":\"50\"},\"publishingPrinciples\":\"https:\/\/talkpal.ai\/publishing-principles\/\",\"actionableFeedbackPolicy\":\"https:\/\/talkpal.ai\/actionable-feedback-policy\/\",\"correctionsPolicy\":\"https:\/\/talkpal.ai\/corrections-policy\/\",\"ethicsPolicy\":\"https:\/\/talkpal.ai\/ethics-policy\/\",\"diversityPolicy\":\"https:\/\/talkpal.ai\/diversity-policy\/\",\"diversityStaffingReport\":\"https:\/\/talkpal.ai\/diversity-policy\/\"}]}<\/script>\n<!-- \/ Yoast SEO Premium plugin. -->","yoast_head_json":{"title":"Grammatika Fran\u010bi\u017ca - Talkpal","description":"Kaptan kun\u010betti essenzjali tal-grammatika Fran\u010bi\u017ca - li jkopru verbi, konjugazzjonijiet, tempi, nomi, artikli, a\u0121\u0121ettivi, pronomi, u struttura tas-sentenza.","robots":{"index":"index","follow":"follow","max-snippet":"max-snippet:-1","max-image-preview":"max-image-preview:large","max-video-preview":"max-video-preview:-1"},"canonical":"https:\/\/talkpal.ai\/mt\/grammatika-franciza\/","og_locale":"mt_MT","og_type":"article","og_title":"Grammatika Fran\u010bi\u017ca","og_description":"Gwida g\u0127all-Bidu g\u0127all-Grammatika Fran\u010bi\u017ca It-tag\u0127lim tal-Fran\u010bi\u017c jista 'jkun esperjenza e\u010b\u010bitanti u ta' sodisfazzjon. Madankollu, il-\u0127akma tal-grammatika","og_url":"https:\/\/talkpal.ai\/mt\/grammatika-franciza\/","og_site_name":"Talkpal","article_publisher":"https:\/\/www.facebook.com\/profile.php?id=100090733639311","article_modified_time":"2025-09-06T20:33:30+00:00","og_image":[{"width":512,"height":512,"url":"https:\/\/talkpal.ai\/wp-content\/uploads\/2023\/03\/france.png","type":"image\/png"}],"twitter_card":"summary_large_image","twitter_site":"@talkpalai","twitter_misc":{"Est. reading time":"3 minutes"},"schema":{"@context":"https:\/\/schema.org","@graph":[{"@type":"WebPage","@id":"https:\/\/talkpal.ai\/mt\/grammatika-franciza\/","url":"https:\/\/talkpal.ai\/mt\/grammatika-franciza\/","name":"Grammatika Fran\u010bi\u017ca - Talkpal","isPartOf":{"@id":"https:\/\/talkpal.ai\/mt\/#website"},"primaryImageOfPage":{"@id":"https:\/\/talkpal.ai\/mt\/grammatika-franciza\/#primaryimage"},"image":{"@id":"https:\/\/talkpal.ai\/mt\/grammatika-franciza\/#primaryimage"},"thumbnailUrl":"https:\/\/talkpal.ai\/wp-content\/uploads\/2023\/03\/france.png","datePublished":"2023-03-26T11:45:19+00:00","dateModified":"2025-09-06T20:33:30+00:00","description":"Kaptan kun\u010betti essenzjali tal-grammatika Fran\u010bi\u017ca - li jkopru verbi, konjugazzjonijiet, tempi, nomi, artikli, a\u0121\u0121ettivi, pronomi, u struttura tas-sentenza.","breadcrumb":{"@id":"https:\/\/talkpal.ai\/mt\/grammatika-franciza\/#breadcrumb"},"inLanguage":"mt-MT","potentialAction":[{"@type":"ReadAction","target":["https:\/\/talkpal.ai\/mt\/grammatika-franciza\/"]}]},{"@type":"ImageObject","inLanguage":"mt-MT","@id":"https:\/\/talkpal.ai\/mt\/grammatika-franciza\/#primaryimage","url":"https:\/\/talkpal.ai\/wp-content\/uploads\/2023\/03\/france.png","contentUrl":"https:\/\/talkpal.ai\/wp-content\/uploads\/2023\/03\/france.png","width":512,"height":512,"caption":"TalkPal AI learn French"},{"@type":"BreadcrumbList","@id":"https:\/\/talkpal.ai\/mt\/grammatika-franciza\/#breadcrumb","itemListElement":[{"@type":"ListItem","position":1,"name":"Homepage","item":"https:\/\/talkpal.ai\/mt\/"},{"@type":"ListItem","position":2,"name":"Grammatika Fran\u010bi\u017ca"}]},{"@type":"WebSite","@id":"https:\/\/talkpal.ai\/mt\/#website","url":"https:\/\/talkpal.ai\/mt\/","name":"Talkpal","description":"AI Language Learning","publisher":{"@id":"https:\/\/talkpal.ai\/mt\/#organization"},"alternateName":"Talkpal AI","potentialAction":[{"@type":"SearchAction","target":{"@type":"EntryPoint","urlTemplate":"https:\/\/talkpal.ai\/mt\/?s={search_term_string}"},"query-input":{"@type":"PropertyValueSpecification","valueRequired":true,"valueName":"search_term_string"}}],"inLanguage":"mt-MT"},{"@type":"Organization","@id":"https:\/\/talkpal.ai\/mt\/#organization","name":"Talkpal, Inc.","alternateName":"Talkpal AI","url":"https:\/\/talkpal.ai\/mt\/","logo":{"@type":"ImageObject","inLanguage":"mt-MT","@id":"https:\/\/talkpal.ai\/mt\/#\/schema\/logo\/image\/","url":"https:\/\/talkpal.ai\/wp-content\/uploads\/2024\/03\/Talkpal-Logo-Icon.png","contentUrl":"https:\/\/talkpal.ai\/wp-content\/uploads\/2024\/03\/Talkpal-Logo-Icon.png","width":2880,"height":2880,"caption":"Talkpal, Inc."},"image":{"@id":"https:\/\/talkpal.ai\/mt\/#\/schema\/logo\/image\/"},"sameAs":["https:\/\/www.facebook.com\/profile.php?id=100090733639311","https:\/\/x.com\/talkpalai","https:\/\/www.linkedin.com\/company\/talkpal\/","https:\/\/www.youtube.com\/@TalkPal\/","https:\/\/www.tiktok.com\/@talkpal","https:\/\/www.instagram.com\/talkpal_ai\/","https:\/\/www.crunchbase.com\/organization\/talkpal-9cde","https:\/\/www.g2.com\/products\/talkpal-for-business\/","https:\/\/www.trustpilot.com\/review\/talkpal.ai","https:\/\/www.capterra.com\/p\/10006800\/TalkPal\/"],"description":"Talkpal is a language learning web and mobile education app, powered by the latest AI technologies, that provides engaging experiences to its customers in many different languages to help them improve their language skills. Users can chat about unlimited amount of topics with the app and use other modes to practice their language learning.","email":"support@talkpal.ai","legalName":"Talkpal, Inc.","foundingDate":"2023-04-03","duns":"118989042","numberOfEmployees":{"@type":"QuantitativeValue","minValue":"11","maxValue":"50"},"publishingPrinciples":"https:\/\/talkpal.ai\/publishing-principles\/","actionableFeedbackPolicy":"https:\/\/talkpal.ai\/actionable-feedback-policy\/","correctionsPolicy":"https:\/\/talkpal.ai\/corrections-policy\/","ethicsPolicy":"https:\/\/talkpal.ai\/ethics-policy\/","diversityPolicy":"https:\/\/talkpal.ai\/diversity-policy\/","diversityStaffingReport":"https:\/\/talkpal.ai\/diversity-policy\/"}]}},"_links":{"self":[{"href":"https:\/\/talkpal.ai\/mt\/wp-json\/wp\/v2\/pages\/1445912","targetHints":{"allow":["GET"]}}],"collection":[{"href":"https:\/\/talkpal.ai\/mt\/wp-json\/wp\/v2\/pages"}],"about":[{"href":"https:\/\/talkpal.ai\/mt\/wp-json\/wp\/v2\/types\/page"}],"author":[{"embeddable":true,"href":"https:\/\/talkpal.ai\/mt\/wp-json\/wp\/v2\/users\/1"}],"replies":[{"embeddable":true,"href":"https:\/\/talkpal.ai\/mt\/wp-json\/wp\/v2\/comments?post=1445912"}],"version-history":[{"count":0,"href":"https:\/\/talkpal.ai\/mt\/wp-json\/wp\/v2\/pages\/1445912\/revisions"}],"wp:featuredmedia":[{"embeddable":true,"href":"https:\/\/talkpal.ai\/mt\/wp-json\/wp\/v2\/media\/1439896"}],"wp:attachment":[{"href":"https:\/\/talkpal.ai\/mt\/wp-json\/wp\/v2\/media?parent=1445912"}],"curies":[{"name":"wp","href":"https:\/\/api.w.org\/{rel}","templated":true}]}}