{"id":1445908,"date":"2023-03-26T12:27:22","date_gmt":"2023-03-26T12:27:22","guid":{"rendered":"https:\/\/talkpal.ai\/grammatika-taljana\/"},"modified":"2025-09-06T20:33:51","modified_gmt":"2025-09-06T20:33:51","slug":"grammatika-taljana","status":"publish","type":"page","link":"https:\/\/talkpal.ai\/mt\/grammatika-taljana\/","title":{"rendered":"Grammatika Taljana"},"content":{"rendered":"\r\n\r\n\r\n<section class=\"languageChallengeSection\">\r\n    <div class=\"languageInfoWrapper\">\r\n        \r\n        <h1>Grammatika Taljana<\/h1>\r\n        <p>Skopri l-pedamenti tal-lingwa Taljana billi titg\u0127allem ir-regoli grammatikali essenzjali tag\u0127ha. Il-\u0127akma tal-grammatika Taljana tg\u0127inek tesprimi ru\u0127ek b&#039;kunfidenza u tikkonnettja aktar fil-fond mal-kultura rikka tal-Italja. Ibda titg\u0127allem il-grammatika Taljana llum u \u0127u l-ewwel pass tieg\u0127ek lejn il-\u0127effa!<\/p>\r\n\r\n                            <a class=\"getStartedHidden\" href=\"https:\/\/app.talkpal.ai\/signup?lng=\">Ibda<\/a>\r\n        \r\n    <\/div>\r\n\r\n    <figure>\r\n    <img decoding=\"async\" width=\"768\" height=\"768\" src=\"https:\/\/talkpal.ai\/wp-content\/uploads\/2023\/06\/italian-768x768.png\" class=\"languageImage no-lazy\" alt=\"Language learning for increased memory capacity\" fetchpriority=\"high\" sizes=\"(max-width: 768px) 150px, 768px\" srcset=\"https:\/\/talkpal.ai\/wp-content\/uploads\/2023\/06\/italian-768x768.png 768w, https:\/\/talkpal.ai\/wp-content\/uploads\/2023\/06\/italian-300x300.png 300w\" \/>\r\n    \r\n\r\n    <\/figure>\r\n\r\n            <a class=\"getStartedVisible\" href=\"https:\/\/app.talkpal.ai\/signup?lng=\">Ibda<\/a>\r\n    \r\n<\/section>\r\n<section class=\"promotionalBanner\">\r\n    <p class=\"promotionalText\">L-aktar mod effi\u010bjenti biex titg\u0127allem lingwa<\/p>\r\n    <a class=\"promotionalLink\" href=\"https:\/\/app.talkpal.ai\/signup?lng=\">Ipprova Talkpal b&#8217;xejn<\/a>\r\n<\/section>\n<div class=\"wp-block-group pageContainerStyle\"><div class=\"wp-block-group__inner-container is-layout-constrained wp-block-group-is-layout-constrained\">\n<h2 class=\"wp-block-heading\" id=\"h-mastering-the-art-of-italian-grammar-your-ultimate-guide\">\u0126akma tal-Arti tal-Grammatika Taljana: Il-Gwida A\u0127\u0127arija Tieg\u0127ek<\/h2>\n\n\n\n<p>Ciao, dilettanti tal-lingwa! Lest biex tg\u0127addas rasu fid-dinja tal-grammatika Taljana? Int \u0121ejt fil-post it-tajjeb. Ippakkjat b&#8217;informazzjoni li hija fa\u010bli biex tiddi\u0121erixxi u konversazzjoni fit-ton, dan l-artikolu jiggwidak permezz tad-dinja affaxxinanti (u xi kultant delikata) tal-grammatika Taljana sabiex tkun tista &#8216;tibni sentenzi b&#8217;kunfidenza u jkollok konversazzjonijiet sinifikanti ma&#8217; kelliema nattivi. Allura, bokkla, u ejja nibdew!<\/p>\n\n\n\n<h3 class=\"wp-block-heading\" id=\"h-but-first-why-italian-grammar\">Imma l-ewwel, g\u0127aliex grammatika Taljana?<\/h3>\n\n\n\n<p>Jekk qed titg\u0127allem it-Taljan, pedament b&#8217;sa\u0127\u0127tu fil-grammatika huwa kru\u010bjali biex titkellem, taqra u tikteb b&#8217;mod fluwenti. Il-grammatika Taljana tista &#8216;tidher kumplessa g\u0127all-ewwel, i\u017cda hija relattivament sempli\u010bi ladarba tqassamha f&#8217;bi\u010b\u010biet i\u017cg\u0127ar, aktar mani\u0121\u0121abbli. Allura, ejja nibdew il-vja\u0121\u0121 tieg\u0127ek lejn il-\u0127akma tal-grammatika Taljana!<\/p>\n\n\n\n<h3 class=\"wp-block-heading\" id=\"h-1-nouns-articles-and-gender\">1. Nomi, artikli, u sess<\/h3>\n\n\n\n<p>In-nomi Taljani ji\u0121u f&#8217;\u017cew\u0121 \u0121eneri: maskili u femminili. B&#8217;differenza mill-<a href=\"https:\/\/talkpal.ai\/learn-english-with-ai\/\">Ingli\u017c<\/a>, fejn is-sess tan-nom huwa irrilevanti, it-Taljan je\u0127tie\u0121 is-sess korrett g\u0127all-kostruzzjoni xierqa tas-sentenza. Tista &#8216;raden il-\u0121eneru ta&#8217; nomi b\u0127al &#8220;tavolo&#8221; (tabella) jew &#8220;casa&#8221; (dar)? Jekk raden maskili g\u0127al &#8220;tavolo&#8221; u femminili g\u0127al &#8220;casa,&#8221; bravo!<\/p>\n\n\n\n<p>Fit-Taljan, in-nomi normalment jispi\u010b\u010baw b'&#8221;-o&#8221; g\u0127all-maskili u &#8220;-a&#8221; g\u0127all-femminili. Hemm e\u010b\u010bezzjonijiet\u2014xi kliem jispi\u010b\u010baw b'&#8221;-e&#8221; u jistg\u0127u jkunu kull sess\u2014imma g\u0127alissa, ejja n\u017commu dan il-prin\u010bipju ba\u017ciku f&#8217;mo\u0127\u0127na.<\/p>\n\n\n\n<p>Issa, ejja nitkellmu dwar artikli. B\u0127al fl-Ingli\u017c, g\u0127andna b\u017conn artikli qabel in-nomi. It-Taljan g\u0127andu artikli definiti (il, lo, la, i, gli, le) u indefiniti (un, uno, una).<\/p>\n\n\n\n<p>Allura, kif nag\u0127\u017clu liema artiklu definit nu\u017caw?<\/p>\n\n\n\n<p>\u2013 &#8220;il&#8221; u &#8220;i&#8221; g\u0127al nomi maskili li jibdew b&#8217;konsonanti, e\u017c., il libro (il-ktieb), i libri (il-kotba)<br\/>\u2013 &#8220;lo&#8221; u &#8220;gli&#8221; g\u0127al nomi maskili li jibdew b'&#8221;s&#8221; segwiti minn konsonanti, vokali (\u0127lief &#8220;u&#8221;), jew &#8220;z,&#8221; e\u017c., lo <a href=\"https:\/\/talkpal.ai\/talkpal-discount-for-students\/\">studente<\/a> (l-istudent), gli <a href=\"https:\/\/talkpal.ai\/talkpal-discount-for-students\/\">studenti<\/a> (l-istudenti)<br\/>\u2013 &#8220;la&#8221; u &#8220;le&#8221; g\u0127al nomi femminili, e\u017c., la casa (id-dar), le case (id-djar)<\/p>\n\n\n\n<h3 class=\"wp-block-heading\" id=\"h-2-adjectives-and-agreement\">2. A\u0121\u0121ettivi u ftehim<\/h3>\n\n\n\n<p>L-a\u0121\u0121ettivi bit-Taljan g\u0127andhom jaqblu man-nom li jimmodifikaw fis-sess u n-numru. Pere\u017cempju, biex tiddeskrivi pizza Delicious, tg\u0127id &#8220;una pizza deliziosa&#8221; u mhux &#8220;delizioso&#8221;. Ftakar, l-a\u0121\u0121ettiv normalment isegwi n-nom bit-Taljan.<\/p>\n\n\n\n<h3 class=\"wp-block-heading\" id=\"h-3-verbs-tense-and-conjugation\">3. Verbi, temp, u konjugazzjoni<\/h3>\n\n\n\n<p>Il-verbi Taljani huma parti ewlenija tal-grammatika. Hemm tliet kategoriji ta &#8216;verbi (-are, -ere, u -ire) u tunnellati ta&#8217; verbi irregolari, allura g\u0127andna x-xog\u0127ol tag\u0127na maqtug\u0127 g\u0127alina! Biex nag\u0127tuk \u0127arsa \u0121enerali ta &#8216;malajr, ejja nkopru t-temp pre\u017centi ta&#8217; verbi regolari.<\/p>\n\n\n\n<p>\u2013 Verbi &#8220;-are&#8221;: e\u017c., parlare (li titkellem): io parlo, tu parli, lui\/lei <a href=\"https:\/\/talkpal.ai\/locations\/language-courses-in-parla\/\">parla<\/a>, noi parliamo, voi parlate, loro parlano<br\/>\u2013 verbi &#8220;-ere&#8221;: e\u017c., leggere (biex taqra): io leggo, tu leggi, lui\/lei legge, noi leggiamo, voi leggete, loro leggono<br\/>\u2013 verbi &#8220;-ire&#8221;: e\u017c., finire (biex tispi\u010b\u010ba): io finisco, tu finisci, lui\/lei finisce, noi finiamo, voi finite, loro finiscono<\/p>\n\n\n\n<p>\u017bomm f&#8217;mo\u0127\u0127ok, din hija biss il-ponta tal-iceberg! Hemm \u0127afna tempi o\u0127ra u verbi irregolari biex jitg\u0127allmu, i\u017cda kull vja\u0121\u0121 jibda b&#8217;pass wie\u0127ed.<\/p>\n\n\n\n<h3 class=\"wp-block-heading\" id=\"h-4-prepositions-pronouns-and-more\">4. Prepo\u017cizzjonijiet, pronomi, u aktar!<\/h3>\n\n\n\n<p>Il-grammatika Taljana g\u0127andha \u0127afna komponenti o\u0127ra b\u0127al prepo\u017cizzjonijiet (di, a, da, in, su, e\u010b\u010b.), Pronomi (io, tu, lui\/lei, e\u010b\u010b.), <a href=\"https:\/\/talkpal.ai\/ar\/grammar_exercises\/verbi-riflessivi-%d8%aa%d9%85%d8%a7%d8%b1%d9%8a%d9%86-%d9%84%d9%84%d9%82%d9%88%d8%a7%d8%b9%d8%af-%d8%a7%d9%84%d8%a5%d9%8a%d8%b7%d8%a7%d9%84%d9%8a%d8%a9\/\">verbi riflessivi<\/a>, u espressjonijiet idjomati\u010bi. Kull komponent huwa \u010bavetta biex tifta\u0127 il-\u0127effa tieg\u0127ek, allura \u0127udha pass kull darba.<\/p>\n\n\n\n<p>B\u0127ala konklu\u017cjoni, m&#8217;hemm l-ebda shortcut biex tikkontrolla l-grammatika Taljana. Je\u0127tie\u0121 persistenza, prattika u pa\u010benzja. Imma ladarba tikseb il-hang ta &#8216;dan, tkun tista&#8217; tesperjenza s-sbu\u0127ija tal-konversazzjoni bit-Taljan, tiskopri l-kultura u l-istorja rikka, u tapprofondixxi l-apprezzament tieg\u0127ek g\u0127all-lingwa. <a href=\"https:\/\/talkpal.ai\/culture\/why-is-the-phrase-buona-fortuna-traditionally-considered-bad-luck-in-italian-theatre\/\">Buona fortuna<\/a>!<\/p>\n<\/div><\/div>\n\r\n<section class=\"learnNavigationSection\">\r\n            \r\n        <a href=\"https:\/\/talkpal.ai\/mt\/tghallem-it-taljan\/\">\r\n            <div class=\"learnNavigationWrapper\">\r\n                <div class=\"learnNavigationContent\">\r\n                    <img decoding=\"async\" src=\"https:\/\/talkpal.ai\/wp-content\/uploads\/2024\/08\/Italian.jpg\" alt=\"Italian Flag\">\r\n                    <div>\r\n                        <h4>Dwar it-Tag\u0127lim tat-Taljan<\/h4>\r\n                        <p>Sir af kollox dwar il-grammatika Taljana.<\/p>\r\n                    <\/div>\r\n                <\/div>\r\n            <\/div>\r\n        <\/a>\r\n\r\n        \r\n        <a href=\"https:\/\/talkpal.ai\/mt\/ezercizzji-tal-grammatika-taljana\/\">\r\n            <div class=\"learnNavigationWrapper\">\r\n                <div class=\"learnNavigationContent\">\r\n                    <img decoding=\"async\" src=\"https:\/\/talkpal.ai\/wp-content\/uploads\/2024\/08\/Italian.jpg\" alt=\"Italian Flag\">\r\n                    <div>\r\n                        <h4>E\u017cer\u010bizzju tal-Grammatika Taljana<\/h4>\r\n                        <p>Ipprattika l-grammatika Taljana.<\/p>\r\n                    <\/div>\r\n                <\/div>\r\n            <\/div>\r\n        <\/a>\r\n\r\n        \r\n        <a href=\"https:\/\/talkpal.ai\/vocabulary_language\/italian\/\">\r\n            <div class=\"learnNavigationWrapper\">\r\n                <div class=\"learnNavigationContent\">\r\n                    <img decoding=\"async\" src=\"https:\/\/talkpal.ai\/wp-content\/uploads\/2024\/08\/Italian.jpg\" alt=\"Italian Flag\">\r\n                    <div>\r\n                        <h4>Vokabularju Taljan<\/h4>\r\n                        <p>Espandi l-vokabularju Taljan tieg\u0127ek.<\/p>\r\n                    <\/div>\r\n                <\/div>\r\n            <\/div>\r\n        <\/a>\r\n\r\n            <\/section>","protected":false},"excerpt":{"rendered":"<p>\u0126akma tal-Arti tal-Grammatika Taljana: Il-Gwida A\u0127\u0127arija Tieg\u0127ek Ciao, dilettanti tal-lingwa! Lest biex tg\u0127addas rasu fid-dinja tal-grammatika Taljana? Int \u0121ejt fil-post it-tajjeb. Ippakkjat b&#8217;informazzjoni li hija fa\u010bli biex tiddi\u0121erixxi u konversazzjoni fit-ton, dan l-artikolu jiggwidak permezz tad-dinja affaxxinanti (u xi kultant delikata) tal-grammatika Taljana sabiex tkun tista &#8216;tibni sentenzi b&#8217;kunfidenza u jkollok konversazzjonijiet sinifikanti ma&#8217; kelliema [&hellip;]<\/p>\n","protected":false},"author":1,"featured_media":1439890,"parent":0,"menu_order":0,"comment_status":"closed","ping_status":"closed","template":"LearningContentPage.php","meta":{"_acf_changed":false,"footnotes":""},"class_list":["post-1445908","page","type-page","status-publish","has-post-thumbnail","hentry"],"acf":[],"yoast_head":"<!-- This site is optimized with the Yoast SEO Premium plugin v27.2 (Yoast SEO v27.2) - https:\/\/yoast.com\/product\/yoast-seo-premium-wordpress\/ -->\n<title>Grammatika Taljana - Talkpal<\/title>\n<meta name=\"description\" content=\"Tg\u0127allem il-grammatika Taljana fa\u010bilment - ipprattika b&#039;mod \u010bar, tifhem ir-regoli, u tkellem a\u0127jar bi gwida sempli\u010bi minn TalkPal AI.\" \/>\n<meta name=\"robots\" content=\"index, follow, max-snippet:-1, max-image-preview:large, max-video-preview:-1\" \/>\n<link rel=\"canonical\" href=\"https:\/\/talkpal.ai\/mt\/grammatika-taljana\/\" \/>\n<meta property=\"og:locale\" content=\"mt_MT\" \/>\n<meta property=\"og:type\" content=\"article\" \/>\n<meta property=\"og:title\" content=\"Grammatika Taljana\" \/>\n<meta property=\"og:description\" content=\"\u0126akma tal-Arti tal-Grammatika Taljana: Il-Gwida A\u0127\u0127arija Tieg\u0127ek Ciao, dilettanti tal-lingwa! Lest biex tg\u0127addas rasu fid-dinja tal-grammatika Taljana?\" \/>\n<meta property=\"og:url\" content=\"https:\/\/talkpal.ai\/mt\/grammatika-taljana\/\" \/>\n<meta property=\"og:site_name\" content=\"Talkpal\" \/>\n<meta property=\"article:publisher\" content=\"https:\/\/www.facebook.com\/profile.php?id=100090733639311\" \/>\n<meta property=\"article:modified_time\" content=\"2025-09-06T20:33:51+00:00\" \/>\n<meta property=\"og:image\" content=\"https:\/\/talkpal.ai\/wp-content\/uploads\/2023\/03\/italy.png\" \/>\n\t<meta property=\"og:image:width\" content=\"512\" \/>\n\t<meta property=\"og:image:height\" content=\"512\" \/>\n\t<meta property=\"og:image:type\" content=\"image\/png\" \/>\n<meta name=\"twitter:card\" content=\"summary_large_image\" \/>\n<meta name=\"twitter:site\" content=\"@talkpalai\" \/>\n<meta name=\"twitter:label1\" content=\"Est. reading time\" \/>\n\t<meta name=\"twitter:data1\" content=\"3 minutes\" \/>\n<script type=\"application\/ld+json\" class=\"yoast-schema-graph\">{\"@context\":\"https:\/\/schema.org\",\"@graph\":[{\"@type\":\"WebPage\",\"@id\":\"https:\/\/talkpal.ai\/mt\/grammatika-taljana\/\",\"url\":\"https:\/\/talkpal.ai\/mt\/grammatika-taljana\/\",\"name\":\"Grammatika Taljana - Talkpal\",\"isPartOf\":{\"@id\":\"https:\/\/talkpal.ai\/mt\/#website\"},\"primaryImageOfPage\":{\"@id\":\"https:\/\/talkpal.ai\/mt\/grammatika-taljana\/#primaryimage\"},\"image\":{\"@id\":\"https:\/\/talkpal.ai\/mt\/grammatika-taljana\/#primaryimage\"},\"thumbnailUrl\":\"https:\/\/talkpal.ai\/wp-content\/uploads\/2023\/03\/italy.png\",\"datePublished\":\"2023-03-26T12:27:22+00:00\",\"dateModified\":\"2025-09-06T20:33:51+00:00\",\"description\":\"Tg\u0127allem il-grammatika Taljana fa\u010bilment - ipprattika b'mod \u010bar, tifhem ir-regoli, u tkellem a\u0127jar bi gwida sempli\u010bi minn TalkPal AI.\",\"breadcrumb\":{\"@id\":\"https:\/\/talkpal.ai\/mt\/grammatika-taljana\/#breadcrumb\"},\"inLanguage\":\"mt-MT\",\"potentialAction\":[{\"@type\":\"ReadAction\",\"target\":[\"https:\/\/talkpal.ai\/mt\/grammatika-taljana\/\"]}]},{\"@type\":\"ImageObject\",\"inLanguage\":\"mt-MT\",\"@id\":\"https:\/\/talkpal.ai\/mt\/grammatika-taljana\/#primaryimage\",\"url\":\"https:\/\/talkpal.ai\/wp-content\/uploads\/2023\/03\/italy.png\",\"contentUrl\":\"https:\/\/talkpal.ai\/wp-content\/uploads\/2023\/03\/italy.png\",\"width\":512,\"height\":512,\"caption\":\"TalkPal AI learn Italian\"},{\"@type\":\"BreadcrumbList\",\"@id\":\"https:\/\/talkpal.ai\/mt\/grammatika-taljana\/#breadcrumb\",\"itemListElement\":[{\"@type\":\"ListItem\",\"position\":1,\"name\":\"Homepage\",\"item\":\"https:\/\/talkpal.ai\/mt\/\"},{\"@type\":\"ListItem\",\"position\":2,\"name\":\"Grammatika Taljana\"}]},{\"@type\":\"WebSite\",\"@id\":\"https:\/\/talkpal.ai\/mt\/#website\",\"url\":\"https:\/\/talkpal.ai\/mt\/\",\"name\":\"Talkpal\",\"description\":\"AI Language Learning\",\"publisher\":{\"@id\":\"https:\/\/talkpal.ai\/mt\/#organization\"},\"alternateName\":\"Talkpal AI\",\"potentialAction\":[{\"@type\":\"SearchAction\",\"target\":{\"@type\":\"EntryPoint\",\"urlTemplate\":\"https:\/\/talkpal.ai\/mt\/?s={search_term_string}\"},\"query-input\":{\"@type\":\"PropertyValueSpecification\",\"valueRequired\":true,\"valueName\":\"search_term_string\"}}],\"inLanguage\":\"mt-MT\"},{\"@type\":\"Organization\",\"@id\":\"https:\/\/talkpal.ai\/mt\/#organization\",\"name\":\"Talkpal, Inc.\",\"alternateName\":\"Talkpal AI\",\"url\":\"https:\/\/talkpal.ai\/mt\/\",\"logo\":{\"@type\":\"ImageObject\",\"inLanguage\":\"mt-MT\",\"@id\":\"https:\/\/talkpal.ai\/mt\/#\/schema\/logo\/image\/\",\"url\":\"https:\/\/talkpal.ai\/wp-content\/uploads\/2024\/03\/Talkpal-Logo-Icon.png\",\"contentUrl\":\"https:\/\/talkpal.ai\/wp-content\/uploads\/2024\/03\/Talkpal-Logo-Icon.png\",\"width\":2880,\"height\":2880,\"caption\":\"Talkpal, Inc.\"},\"image\":{\"@id\":\"https:\/\/talkpal.ai\/mt\/#\/schema\/logo\/image\/\"},\"sameAs\":[\"https:\/\/www.facebook.com\/profile.php?id=100090733639311\",\"https:\/\/x.com\/talkpalai\",\"https:\/\/www.linkedin.com\/company\/talkpal\/\",\"https:\/\/www.youtube.com\/@TalkPal\/\",\"https:\/\/www.tiktok.com\/@talkpal\",\"https:\/\/www.instagram.com\/talkpal_ai\/\",\"https:\/\/www.crunchbase.com\/organization\/talkpal-9cde\",\"https:\/\/www.g2.com\/products\/talkpal-for-business\/\",\"https:\/\/www.trustpilot.com\/review\/talkpal.ai\",\"https:\/\/www.capterra.com\/p\/10006800\/TalkPal\/\"],\"description\":\"Talkpal is a language learning web and mobile education app, powered by the latest AI technologies, that provides engaging experiences to its customers in many different languages to help them improve their language skills. Users can chat about unlimited amount of topics with the app and use other modes to practice their language learning.\",\"email\":\"support@talkpal.ai\",\"legalName\":\"Talkpal, Inc.\",\"foundingDate\":\"2023-04-03\",\"duns\":\"118989042\",\"numberOfEmployees\":{\"@type\":\"QuantitativeValue\",\"minValue\":\"11\",\"maxValue\":\"50\"},\"publishingPrinciples\":\"https:\/\/talkpal.ai\/publishing-principles\/\",\"actionableFeedbackPolicy\":\"https:\/\/talkpal.ai\/actionable-feedback-policy\/\",\"correctionsPolicy\":\"https:\/\/talkpal.ai\/corrections-policy\/\",\"ethicsPolicy\":\"https:\/\/talkpal.ai\/ethics-policy\/\",\"diversityPolicy\":\"https:\/\/talkpal.ai\/diversity-policy\/\",\"diversityStaffingReport\":\"https:\/\/talkpal.ai\/diversity-policy\/\"}]}<\/script>\n<!-- \/ Yoast SEO Premium plugin. -->","yoast_head_json":{"title":"Grammatika Taljana - Talkpal","description":"Tg\u0127allem il-grammatika Taljana fa\u010bilment - ipprattika b'mod \u010bar, tifhem ir-regoli, u tkellem a\u0127jar bi gwida sempli\u010bi minn TalkPal AI.","robots":{"index":"index","follow":"follow","max-snippet":"max-snippet:-1","max-image-preview":"max-image-preview:large","max-video-preview":"max-video-preview:-1"},"canonical":"https:\/\/talkpal.ai\/mt\/grammatika-taljana\/","og_locale":"mt_MT","og_type":"article","og_title":"Grammatika Taljana","og_description":"\u0126akma tal-Arti tal-Grammatika Taljana: Il-Gwida A\u0127\u0127arija Tieg\u0127ek Ciao, dilettanti tal-lingwa! Lest biex tg\u0127addas rasu fid-dinja tal-grammatika Taljana?","og_url":"https:\/\/talkpal.ai\/mt\/grammatika-taljana\/","og_site_name":"Talkpal","article_publisher":"https:\/\/www.facebook.com\/profile.php?id=100090733639311","article_modified_time":"2025-09-06T20:33:51+00:00","og_image":[{"width":512,"height":512,"url":"https:\/\/talkpal.ai\/wp-content\/uploads\/2023\/03\/italy.png","type":"image\/png"}],"twitter_card":"summary_large_image","twitter_site":"@talkpalai","twitter_misc":{"Est. reading time":"3 minutes"},"schema":{"@context":"https:\/\/schema.org","@graph":[{"@type":"WebPage","@id":"https:\/\/talkpal.ai\/mt\/grammatika-taljana\/","url":"https:\/\/talkpal.ai\/mt\/grammatika-taljana\/","name":"Grammatika Taljana - Talkpal","isPartOf":{"@id":"https:\/\/talkpal.ai\/mt\/#website"},"primaryImageOfPage":{"@id":"https:\/\/talkpal.ai\/mt\/grammatika-taljana\/#primaryimage"},"image":{"@id":"https:\/\/talkpal.ai\/mt\/grammatika-taljana\/#primaryimage"},"thumbnailUrl":"https:\/\/talkpal.ai\/wp-content\/uploads\/2023\/03\/italy.png","datePublished":"2023-03-26T12:27:22+00:00","dateModified":"2025-09-06T20:33:51+00:00","description":"Tg\u0127allem il-grammatika Taljana fa\u010bilment - ipprattika b'mod \u010bar, tifhem ir-regoli, u tkellem a\u0127jar bi gwida sempli\u010bi minn TalkPal AI.","breadcrumb":{"@id":"https:\/\/talkpal.ai\/mt\/grammatika-taljana\/#breadcrumb"},"inLanguage":"mt-MT","potentialAction":[{"@type":"ReadAction","target":["https:\/\/talkpal.ai\/mt\/grammatika-taljana\/"]}]},{"@type":"ImageObject","inLanguage":"mt-MT","@id":"https:\/\/talkpal.ai\/mt\/grammatika-taljana\/#primaryimage","url":"https:\/\/talkpal.ai\/wp-content\/uploads\/2023\/03\/italy.png","contentUrl":"https:\/\/talkpal.ai\/wp-content\/uploads\/2023\/03\/italy.png","width":512,"height":512,"caption":"TalkPal AI learn Italian"},{"@type":"BreadcrumbList","@id":"https:\/\/talkpal.ai\/mt\/grammatika-taljana\/#breadcrumb","itemListElement":[{"@type":"ListItem","position":1,"name":"Homepage","item":"https:\/\/talkpal.ai\/mt\/"},{"@type":"ListItem","position":2,"name":"Grammatika Taljana"}]},{"@type":"WebSite","@id":"https:\/\/talkpal.ai\/mt\/#website","url":"https:\/\/talkpal.ai\/mt\/","name":"Talkpal","description":"AI Language Learning","publisher":{"@id":"https:\/\/talkpal.ai\/mt\/#organization"},"alternateName":"Talkpal AI","potentialAction":[{"@type":"SearchAction","target":{"@type":"EntryPoint","urlTemplate":"https:\/\/talkpal.ai\/mt\/?s={search_term_string}"},"query-input":{"@type":"PropertyValueSpecification","valueRequired":true,"valueName":"search_term_string"}}],"inLanguage":"mt-MT"},{"@type":"Organization","@id":"https:\/\/talkpal.ai\/mt\/#organization","name":"Talkpal, Inc.","alternateName":"Talkpal AI","url":"https:\/\/talkpal.ai\/mt\/","logo":{"@type":"ImageObject","inLanguage":"mt-MT","@id":"https:\/\/talkpal.ai\/mt\/#\/schema\/logo\/image\/","url":"https:\/\/talkpal.ai\/wp-content\/uploads\/2024\/03\/Talkpal-Logo-Icon.png","contentUrl":"https:\/\/talkpal.ai\/wp-content\/uploads\/2024\/03\/Talkpal-Logo-Icon.png","width":2880,"height":2880,"caption":"Talkpal, Inc."},"image":{"@id":"https:\/\/talkpal.ai\/mt\/#\/schema\/logo\/image\/"},"sameAs":["https:\/\/www.facebook.com\/profile.php?id=100090733639311","https:\/\/x.com\/talkpalai","https:\/\/www.linkedin.com\/company\/talkpal\/","https:\/\/www.youtube.com\/@TalkPal\/","https:\/\/www.tiktok.com\/@talkpal","https:\/\/www.instagram.com\/talkpal_ai\/","https:\/\/www.crunchbase.com\/organization\/talkpal-9cde","https:\/\/www.g2.com\/products\/talkpal-for-business\/","https:\/\/www.trustpilot.com\/review\/talkpal.ai","https:\/\/www.capterra.com\/p\/10006800\/TalkPal\/"],"description":"Talkpal is a language learning web and mobile education app, powered by the latest AI technologies, that provides engaging experiences to its customers in many different languages to help them improve their language skills. Users can chat about unlimited amount of topics with the app and use other modes to practice their language learning.","email":"support@talkpal.ai","legalName":"Talkpal, Inc.","foundingDate":"2023-04-03","duns":"118989042","numberOfEmployees":{"@type":"QuantitativeValue","minValue":"11","maxValue":"50"},"publishingPrinciples":"https:\/\/talkpal.ai\/publishing-principles\/","actionableFeedbackPolicy":"https:\/\/talkpal.ai\/actionable-feedback-policy\/","correctionsPolicy":"https:\/\/talkpal.ai\/corrections-policy\/","ethicsPolicy":"https:\/\/talkpal.ai\/ethics-policy\/","diversityPolicy":"https:\/\/talkpal.ai\/diversity-policy\/","diversityStaffingReport":"https:\/\/talkpal.ai\/diversity-policy\/"}]}},"_links":{"self":[{"href":"https:\/\/talkpal.ai\/mt\/wp-json\/wp\/v2\/pages\/1445908","targetHints":{"allow":["GET"]}}],"collection":[{"href":"https:\/\/talkpal.ai\/mt\/wp-json\/wp\/v2\/pages"}],"about":[{"href":"https:\/\/talkpal.ai\/mt\/wp-json\/wp\/v2\/types\/page"}],"author":[{"embeddable":true,"href":"https:\/\/talkpal.ai\/mt\/wp-json\/wp\/v2\/users\/1"}],"replies":[{"embeddable":true,"href":"https:\/\/talkpal.ai\/mt\/wp-json\/wp\/v2\/comments?post=1445908"}],"version-history":[{"count":0,"href":"https:\/\/talkpal.ai\/mt\/wp-json\/wp\/v2\/pages\/1445908\/revisions"}],"wp:featuredmedia":[{"embeddable":true,"href":"https:\/\/talkpal.ai\/mt\/wp-json\/wp\/v2\/media\/1439890"}],"wp:attachment":[{"href":"https:\/\/talkpal.ai\/mt\/wp-json\/wp\/v2\/media?parent=1445908"}],"curies":[{"name":"wp","href":"https:\/\/api.w.org\/{rel}","templated":true}]}}